{"id":160939,"date":"2024-05-06T17:28:31","date_gmt":"2024-05-06T15:28:33","guid":{"rendered":"https:\/\/www.versiegelung24.com\/?post_type=product&#038;p=160939"},"modified":"2025-01-13T17:08:38","modified_gmt":"2025-01-13T16:08:38","slug":"arbeitshandschuhe-nylon-schwarz-groesse-9","status":"publish","type":"product","link":"https:\/\/www.versiegelung24.com\/pl\/product\/arbeitshandschuhe-nylon-schwarz-groesse-9\/","title":{"rendered":"R\u0119kawice robocze nylonowe czarne rozmiar 9"},"content":{"rendered":"\n<h4 class=\"wp-block-heading\" id=\"h-beschreibung\">Opis<\/h4>\n\n<p>Nylonowe r\u0119kawice do uniwersalnego u\u017cytku o specjalnej odporno\u015bci na po\u015blizg i \u015bcieranie. R\u0119kawice nylonowe s\u0105 wykonane z dzianiny bez dra\u017cni\u0105cych szw\u00f3w, dzi\u0119ki czemu zapobiegaj\u0105 podra\u017cnieniom sk\u00f3ry. Dzi\u0119ki idealnemu dopasowaniu oferuj\u0105 szczeg\u00f3lnie wysoki poziom komfortu. R\u0119kawice nadaj\u0105 si\u0119 do prania i wielokrotnego u\u017cytku i s\u0105 szczeg\u00f3lnie przydatne w przemy\u015ble motoryzacyjnym, ogrodnictwie, majsterkowaniu itp.<\/p>\n\n<hr \/>\n\n<h4 class=\"wp-block-heading\" id=\"properties\">Cechy produktu<\/h4>\n\n<div class=\"wp-block-columns is-layout-flex wp-container-core-columns-is-layout-9d6595d7 wp-block-columns-is-layout-flex\">\n<div class=\"wp-block-column is-layout-flow wp-block-column-is-layout-flow\">\n<p>Pierwszorz\u0119dna, cienka pow\u0142oka poliuretanowa na d\u0142oni i palcach<\/p>\n\n\n\n<p>Bezszwowa dzianina bez dra\u017cni\u0105cych szw\u00f3w, aby zapobiec podra\u017cnieniom sk\u00f3ry<\/p>\n\n\n\n<p>\u2713 Niezwykle wygodny dzi\u0119ki idealnemu dopasowaniu<\/p>\n\n\n\n<p>Wyprodukowane zgodnie z norm\u0105 EN 388<\/p>\n\n\n\n<p>Idealny do prawie wszystkich prac monta\u017cowych w mechanice precyzyjnej i wsz\u0119dzie tam, gdzie wymagana jest precyzja.<\/p>\n\n\n\n<p>Brak zm\u0119czenia d\u0142oni spowodowanego noszeniem r\u0119kawic<\/p>\n\n\n\n<p>Grzbiet d\u0142oni jest niepowlekany i bardzo przewiewny.<\/p>\n\n\n\n<p>Zmywalny<\/p>\n\n\n\n<p>Rozmiar: 9<\/p>\n<\/div>\n<\/div>\n","protected":false},"excerpt":{"rendered":"<div class=\"product_text_extra\">\n<p>Szczeg\u00f3lna odporno\u015b\u0107 na po\u015blizg i \u015bcieranie<\/p>\n<p>Grzbiet d\u0142oni niepowlekany i bardzo oddychaj\u0105cy<\/p>\n<p>\u2713 Niezwykle wygodny dzi\u0119ki idealnemu dopasowaniu<\/p>\n<p>Mo\u017cliwo\u015b\u0107 prania i wielokrotnego u\u017cytku<\/p>\n<p>Wyprodukowane zgodnie z norm\u0105 EN388<\/p>\n<\/div>\n","protected":false},"featured_media":161005,"template":"","meta":{"_acf_changed":false,"neve_meta_sidebar":"","neve_meta_container":"","neve_meta_enable_content_width":"","neve_meta_content_width":0,"neve_meta_title_alignment":"","neve_meta_author_avatar":"","neve_post_elements_order":"","neve_meta_disable_header":"","neve_meta_disable_footer":"","neve_meta_disable_title":"","neve_meta_reading_time":"","_surfaces":[],"_ver_product_tabs":[],"footnotes":""},"product_brand":[],"product_cat":[3081],"product_tag":[],"class_list":{"0":"post-160939","1":"product","2":"type-product","3":"status-publish","4":"has-post-thumbnail","6":"product_cat-ekwipunek","8":"first","9":"instock","10":"taxable","11":"shipping-taxable","12":"purchasable","13":"product-type-simple"},"acf":[],"yoast_head":"<!-- This site is optimized with the Yoast SEO Premium plugin v22.8 (Yoast SEO v27.5) - https:\/\/yoast.com\/product\/yoast-seo-premium-wordpress\/ -->\n<title>R\u0119kawice robocze nylonowe czarne rozmiar 9 - versiegelung24.com<\/title>\n<meta name=\"robots\" content=\"index, follow, max-snippet:-1, max-image-preview:large, max-video-preview:-1\" \/>\n<link rel=\"canonical\" href=\"https:\/\/www.versiegelung24.com\/pl\/product\/arbeitshandschuhe-nylon-schwarz-groesse-9\/\" \/>\n<meta property=\"og:locale\" content=\"pl_PL\" \/>\n<meta property=\"og:type\" content=\"article\" \/>\n<meta property=\"og:title\" content=\"R\u0119kawice robocze nylonowe czarne rozmiar 9\" \/>\n<meta property=\"og:description\" content=\"Szczeg\u00f3lna odporno\u015b\u0107 na po\u015blizg i \u015bcieranie Grzbiet d\u0142oni niepowlekany i bardzo oddychaj\u0105cy \u2713 Niezwykle wygodny dzi\u0119ki idealnemu dopasowaniu Mo\u017cliwo\u015b\u0107 prania i wielokrotnego u\u017cytku Wyprodukowane zgodnie z norm\u0105 EN388\" \/>\n<meta property=\"og:url\" content=\"https:\/\/www.versiegelung24.com\/pl\/product\/arbeitshandschuhe-nylon-schwarz-groesse-9\/\" \/>\n<meta property=\"og:site_name\" content=\"versiegelung24.com\" \/>\n<meta property=\"article:modified_time\" content=\"2025-01-13T16:08:38+00:00\" \/>\n<meta name=\"twitter:card\" content=\"summary_large_image\" \/>\n<meta name=\"twitter:label1\" content=\"Cena\" \/>\n\t<meta name=\"twitter:data1\" content=\"2,49&euro;\" \/>\n\t<meta name=\"twitter:label2\" content=\"Dost\u0119pno\u015b\u0107\" \/>\n\t<meta name=\"twitter:data2\" content=\"Dost\u0119pny\" \/>\n<script type=\"application\/ld+json\" class=\"yoast-schema-graph\">{\"@context\":\"https:\\\/\\\/schema.org\",\"@graph\":[{\"@type\":\"WebPage\",\"@id\":\"https:\\\/\\\/www.versiegelung24.com\\\/pl\\\/product\\\/arbeitshandschuhe-nylon-schwarz-groesse-9\\\/\",\"url\":\"https:\\\/\\\/www.versiegelung24.com\\\/pl\\\/product\\\/arbeitshandschuhe-nylon-schwarz-groesse-9\\\/\",\"name\":\"R\u0119kawice robocze nylonowe czarne rozmiar 9 - versiegelung24.com\",\"isPartOf\":{\"@id\":\"https:\\\/\\\/www.versiegelung24.com\\\/pl\\\/#website\"},\"primaryImageOfPage\":{\"@id\":\"https:\\\/\\\/www.versiegelung24.com\\\/pl\\\/product\\\/arbeitshandschuhe-nylon-schwarz-groesse-9\\\/#primaryimage\"},\"image\":{\"@id\":\"https:\\\/\\\/www.versiegelung24.com\\\/pl\\\/product\\\/arbeitshandschuhe-nylon-schwarz-groesse-9\\\/#primaryimage\"},\"thumbnailUrl\":\"https:\\\/\\\/www.versiegelung24.com\\\/wp-content\\\/uploads\\\/2024\\\/05\\\/nitril-oben.webp\",\"datePublished\":\"2024-05-06T15:28:33+00:00\",\"dateModified\":\"2025-01-13T16:08:38+00:00\",\"breadcrumb\":{\"@id\":\"https:\\\/\\\/www.versiegelung24.com\\\/pl\\\/product\\\/arbeitshandschuhe-nylon-schwarz-groesse-9\\\/#breadcrumb\"},\"inLanguage\":\"pl-PL\",\"potentialAction\":[{\"@type\":\"ReadAction\",\"target\":[\"https:\\\/\\\/www.versiegelung24.com\\\/pl\\\/product\\\/arbeitshandschuhe-nylon-schwarz-groesse-9\\\/\"]}]},{\"@type\":\"ImageObject\",\"inLanguage\":\"pl-PL\",\"@id\":\"https:\\\/\\\/www.versiegelung24.com\\\/pl\\\/product\\\/arbeitshandschuhe-nylon-schwarz-groesse-9\\\/#primaryimage\",\"url\":\"https:\\\/\\\/www.versiegelung24.com\\\/wp-content\\\/uploads\\\/2024\\\/05\\\/nitril-oben.webp\",\"contentUrl\":\"https:\\\/\\\/www.versiegelung24.com\\\/wp-content\\\/uploads\\\/2024\\\/05\\\/nitril-oben.webp\",\"width\":2000,\"height\":2000},{\"@type\":\"BreadcrumbList\",\"@id\":\"https:\\\/\\\/www.versiegelung24.com\\\/pl\\\/product\\\/arbeitshandschuhe-nylon-schwarz-groesse-9\\\/#breadcrumb\",\"itemListElement\":[{\"@type\":\"ListItem\",\"position\":1,\"name\":\"Strona g\u0142\u00f3wna\",\"item\":\"https:\\\/\\\/www.versiegelung24.com\\\/pl\\\/przod\\\/\"},{\"@type\":\"ListItem\",\"position\":2,\"name\":\"Sklep\",\"item\":\"https:\\\/\\\/www.versiegelung24.com\\\/pl\\\/sklep\\\/\"},{\"@type\":\"ListItem\",\"position\":3,\"name\":\"R\u0119kawice robocze nylonowe czarne rozmiar 9\"}]},{\"@type\":\"WebSite\",\"@id\":\"https:\\\/\\\/www.versiegelung24.com\\\/pl\\\/#website\",\"url\":\"https:\\\/\\\/www.versiegelung24.com\\\/pl\\\/\",\"name\":\"versiegelung24.com\",\"description\":\"Fl\u00fcssigglas-Versiegelung - Made in Germany\",\"publisher\":{\"@id\":\"https:\\\/\\\/www.versiegelung24.com\\\/pl\\\/#organization\"},\"potentialAction\":[{\"@type\":\"SearchAction\",\"target\":{\"@type\":\"EntryPoint\",\"urlTemplate\":\"https:\\\/\\\/www.versiegelung24.com\\\/pl\\\/?s={search_term_string}\"},\"query-input\":{\"@type\":\"PropertyValueSpecification\",\"valueRequired\":true,\"valueName\":\"search_term_string\"}}],\"inLanguage\":\"pl-PL\"},{\"@type\":\"Organization\",\"@id\":\"https:\\\/\\\/www.versiegelung24.com\\\/pl\\\/#organization\",\"name\":\"versiegelung24\",\"url\":\"https:\\\/\\\/www.versiegelung24.com\\\/pl\\\/\",\"logo\":{\"@type\":\"ImageObject\",\"inLanguage\":\"pl-PL\",\"@id\":\"https:\\\/\\\/www.versiegelung24.com\\\/pl\\\/#\\\/schema\\\/logo\\\/image\\\/\",\"url\":\"https:\\\/\\\/www.versiegelung24.com\\\/wp-content\\\/uploads\\\/2020\\\/04\\\/versiegelung24.png\",\"contentUrl\":\"https:\\\/\\\/www.versiegelung24.com\\\/wp-content\\\/uploads\\\/2020\\\/04\\\/versiegelung24.png\",\"width\":470,\"height\":102,\"caption\":\"versiegelung24\"},\"image\":{\"@id\":\"https:\\\/\\\/www.versiegelung24.com\\\/pl\\\/#\\\/schema\\\/logo\\\/image\\\/\"}}]}<\/script>\n<meta property=\"product:price:amount\" content=\"2.49\" \/>\n<meta property=\"product:price:currency\" content=\"EUR\" \/>\n<meta property=\"og:availability\" content=\"instock\" \/>\n<meta property=\"product:availability\" content=\"instock\" \/>\n<meta property=\"product:retailer_item_id\" content=\"V24-SB340-9\" \/>\n<meta property=\"product:condition\" content=\"new\" \/>\n<!-- \/ Yoast SEO Premium plugin. -->","yoast_head_json":{"title":"R\u0119kawice robocze nylonowe czarne rozmiar 9 - versiegelung24.com","robots":{"index":"index","follow":"follow","max-snippet":"max-snippet:-1","max-image-preview":"max-image-preview:large","max-video-preview":"max-video-preview:-1"},"canonical":"https:\/\/www.versiegelung24.com\/pl\/product\/arbeitshandschuhe-nylon-schwarz-groesse-9\/","og_locale":"pl_PL","og_type":"article","og_title":"R\u0119kawice robocze nylonowe czarne rozmiar 9","og_description":"Szczeg\u00f3lna odporno\u015b\u0107 na po\u015blizg i \u015bcieranie Grzbiet d\u0142oni niepowlekany i bardzo oddychaj\u0105cy \u2713 Niezwykle wygodny dzi\u0119ki idealnemu dopasowaniu Mo\u017cliwo\u015b\u0107 prania i wielokrotnego u\u017cytku Wyprodukowane zgodnie z norm\u0105 EN388","og_url":"https:\/\/www.versiegelung24.com\/pl\/product\/arbeitshandschuhe-nylon-schwarz-groesse-9\/","og_site_name":"versiegelung24.com","article_modified_time":"2025-01-13T16:08:38+00:00","twitter_card":"summary_large_image","twitter_misc":{"Cena":"2,49&euro;","Dost\u0119pno\u015b\u0107":"Dost\u0119pny"},"schema":{"@context":"https:\/\/schema.org","@graph":[{"@type":"WebPage","@id":"https:\/\/www.versiegelung24.com\/pl\/product\/arbeitshandschuhe-nylon-schwarz-groesse-9\/","url":"https:\/\/www.versiegelung24.com\/pl\/product\/arbeitshandschuhe-nylon-schwarz-groesse-9\/","name":"R\u0119kawice robocze nylonowe czarne rozmiar 9 - versiegelung24.com","isPartOf":{"@id":"https:\/\/www.versiegelung24.com\/pl\/#website"},"primaryImageOfPage":{"@id":"https:\/\/www.versiegelung24.com\/pl\/product\/arbeitshandschuhe-nylon-schwarz-groesse-9\/#primaryimage"},"image":{"@id":"https:\/\/www.versiegelung24.com\/pl\/product\/arbeitshandschuhe-nylon-schwarz-groesse-9\/#primaryimage"},"thumbnailUrl":"https:\/\/www.versiegelung24.com\/wp-content\/uploads\/2024\/05\/nitril-oben.webp","datePublished":"2024-05-06T15:28:33+00:00","dateModified":"2025-01-13T16:08:38+00:00","breadcrumb":{"@id":"https:\/\/www.versiegelung24.com\/pl\/product\/arbeitshandschuhe-nylon-schwarz-groesse-9\/#breadcrumb"},"inLanguage":"pl-PL","potentialAction":[{"@type":"ReadAction","target":["https:\/\/www.versiegelung24.com\/pl\/product\/arbeitshandschuhe-nylon-schwarz-groesse-9\/"]}]},{"@type":"ImageObject","inLanguage":"pl-PL","@id":"https:\/\/www.versiegelung24.com\/pl\/product\/arbeitshandschuhe-nylon-schwarz-groesse-9\/#primaryimage","url":"https:\/\/www.versiegelung24.com\/wp-content\/uploads\/2024\/05\/nitril-oben.webp","contentUrl":"https:\/\/www.versiegelung24.com\/wp-content\/uploads\/2024\/05\/nitril-oben.webp","width":2000,"height":2000},{"@type":"BreadcrumbList","@id":"https:\/\/www.versiegelung24.com\/pl\/product\/arbeitshandschuhe-nylon-schwarz-groesse-9\/#breadcrumb","itemListElement":[{"@type":"ListItem","position":1,"name":"Strona g\u0142\u00f3wna","item":"https:\/\/www.versiegelung24.com\/pl\/przod\/"},{"@type":"ListItem","position":2,"name":"Sklep","item":"https:\/\/www.versiegelung24.com\/pl\/sklep\/"},{"@type":"ListItem","position":3,"name":"R\u0119kawice robocze nylonowe czarne rozmiar 9"}]},{"@type":"WebSite","@id":"https:\/\/www.versiegelung24.com\/pl\/#website","url":"https:\/\/www.versiegelung24.com\/pl\/","name":"versiegelung24.com","description":"Fl\u00fcssigglas-Versiegelung - Made in Germany","publisher":{"@id":"https:\/\/www.versiegelung24.com\/pl\/#organization"},"potentialAction":[{"@type":"SearchAction","target":{"@type":"EntryPoint","urlTemplate":"https:\/\/www.versiegelung24.com\/pl\/?s={search_term_string}"},"query-input":{"@type":"PropertyValueSpecification","valueRequired":true,"valueName":"search_term_string"}}],"inLanguage":"pl-PL"},{"@type":"Organization","@id":"https:\/\/www.versiegelung24.com\/pl\/#organization","name":"versiegelung24","url":"https:\/\/www.versiegelung24.com\/pl\/","logo":{"@type":"ImageObject","inLanguage":"pl-PL","@id":"https:\/\/www.versiegelung24.com\/pl\/#\/schema\/logo\/image\/","url":"https:\/\/www.versiegelung24.com\/wp-content\/uploads\/2020\/04\/versiegelung24.png","contentUrl":"https:\/\/www.versiegelung24.com\/wp-content\/uploads\/2020\/04\/versiegelung24.png","width":470,"height":102,"caption":"versiegelung24"},"image":{"@id":"https:\/\/www.versiegelung24.com\/pl\/#\/schema\/logo\/image\/"}}]},"product_price_amount":"2.49","product_price_currency":"EUR","og_availability":"instock","product_availability":"instock","product_retailer_item_id":"V24-SB340-9","product_condition":"new"},"_links":{"self":[{"href":"https:\/\/www.versiegelung24.com\/pl\/wp-json\/wp\/v2\/product\/160939","targetHints":{"allow":["GET"]}}],"collection":[{"href":"https:\/\/www.versiegelung24.com\/pl\/wp-json\/wp\/v2\/product"}],"about":[{"href":"https:\/\/www.versiegelung24.com\/pl\/wp-json\/wp\/v2\/types\/product"}],"version-history":[{"count":4,"href":"https:\/\/www.versiegelung24.com\/pl\/wp-json\/wp\/v2\/product\/160939\/revisions"}],"predecessor-version":[{"id":180730,"href":"https:\/\/www.versiegelung24.com\/pl\/wp-json\/wp\/v2\/product\/160939\/revisions\/180730"}],"wp:featuredmedia":[{"embeddable":true,"href":"https:\/\/www.versiegelung24.com\/pl\/wp-json\/wp\/v2\/media\/161005"}],"wp:attachment":[{"href":"https:\/\/www.versiegelung24.com\/pl\/wp-json\/wp\/v2\/media?parent=160939"}],"wp:term":[{"taxonomy":"product_brand","embeddable":true,"href":"https:\/\/www.versiegelung24.com\/pl\/wp-json\/wp\/v2\/product_brand?post=160939"},{"taxonomy":"product_cat","embeddable":true,"href":"https:\/\/www.versiegelung24.com\/pl\/wp-json\/wp\/v2\/product_cat?post=160939"},{"taxonomy":"product_tag","embeddable":true,"href":"https:\/\/www.versiegelung24.com\/pl\/wp-json\/wp\/v2\/product_tag?post=160939"}],"curies":[{"name":"wp","href":"https:\/\/api.w.org\/{rel}","templated":true}]}}