{"id":181866,"date":"2025-07-31T12:51:03","date_gmt":"2025-07-31T10:51:14","guid":{"rendered":"https:\/\/www.versiegelung24.com\/?post_type=product&#038;p=181866"},"modified":"2025-09-05T13:54:59","modified_gmt":"2025-09-05T11:54:59","slug":"holzimpragnierung-silanbasis","status":"publish","type":"product","link":"https:\/\/www.versiegelung24.com\/pl\/holzimpragnierung-silanbasis.html","title":{"rendered":"Impregnacja drewna &#8211; naturalna ochrona drewna na bazie silanu"},"content":{"rendered":"\n<h2 class=\"wp-block-heading\" id=\"h-holzschutz-naturimpragnierung-auf-silanbasis-wasserbasierend\"><strong>Ochrona drewna: naturalna impregnacja na bazie silanu (na bazie wody)<\/strong><\/h2>\n\n<p>Wysoka jako\u015b\u0107 Made in Germany.<\/p>\n\n<hr\/>\n\n<div class=\"wp-block-columns is-layout-flex wp-container-core-columns-is-layout-9d6595d7 wp-block-columns-is-layout-flex\">\n<div class=\"wp-block-column is-layout-flow wp-block-column-is-layout-flow\">\n<p>Nasz impregnat do drewna to gotowy do u\u017cycia system impregnacji na bazie silanu. Stabilizuje lignin\u0119, a tym samym znacznie chroni drewno przed szarzeniem. Jego w\u0142a\u015bciwo\u015bci hydrofobowe zapobiegaj\u0105 wnikaniu niepo\u017c\u0105danej wilgoci i brudu do drewna.  <\/p>\n\n\n\n<p><strong>Nadaje si\u0119 do:<\/strong> drewna, chodnik\u00f3w, wiat samochodowych, parapet\u00f3w, altan ogrodowych, mebli ogrodowych, drewna budowlanego, elewacji, donic, taras\u00f3w, p\u0142ot\u00f3w i wielu innych.<\/p>\n<\/div>\n\n\n\n<div class=\"wp-block-column is-layout-flow wp-block-column-is-layout-flow\">\n<figure class=\"wp-block-image size-large\"><img fetchpriority=\"high\" decoding=\"async\" width=\"1300\" height=\"851\" src=\"https:\/\/www.versiegelung24.com\/wp-content\/uploads\/2025\/07\/image-1300x851.png\" alt=\"\" class=\"wp-image-181965\" srcset=\"https:\/\/www.versiegelung24.com\/wp-content\/uploads\/2025\/07\/image-1300x851.png 1300w, https:\/\/www.versiegelung24.com\/wp-content\/uploads\/2025\/07\/image-300x196.png 300w, https:\/\/www.versiegelung24.com\/wp-content\/uploads\/2025\/07\/image-768x503.png 768w, https:\/\/www.versiegelung24.com\/wp-content\/uploads\/2025\/07\/image-1536x1006.png 1536w, https:\/\/www.versiegelung24.com\/wp-content\/uploads\/2025\/07\/image-600x393.png 600w, https:\/\/www.versiegelung24.com\/wp-content\/uploads\/2025\/07\/image.png 1784w\" sizes=\"(max-width: 1300px) 100vw, 1300px\" \/><\/figure>\n<\/div>\n<\/div>\n\n<h4 class=\"wp-block-heading\" id=\"properties\">Cechy produktu<\/h4>\n\n<div class=\"wp-block-columns is-layout-flex wp-container-core-columns-is-layout-9d6595d7 wp-block-columns-is-layout-flex\">\n<div class=\"wp-block-column is-layout-flow wp-block-column-is-layout-flow\">\n<ul class=\"wp-block-list\">\n<li><strong>Trwa\u0142o\u015b\u0107 koloru<\/strong> &#8211; przezroczysta ochrona dla zachowania koloru drewna  <\/li>\n\n\n\n<li><strong>Nie zawiera produkt\u00f3w ropopochodnych<\/strong> &#8211; Formu\u0142a przyjazna dla \u015brodowiska  <\/li>\n\n\n\n<li><strong>Podk\u0142ad i funkcja ochronna w jednym kroku<\/strong> &#8211; \u0141atwa aplikacja  <\/li>\n\n\n\n<li><strong>Bardzo szybkie suszenie<\/strong> &#8211; oszcz\u0119dno\u015b\u0107 czasu  <\/li>\n\n\n\n<li><strong>Trwa\u0142o\u015b\u0107<\/strong> &#8211; 2-5 lat (znacznie d\u0142u\u017cej w przypadku u\u017cytkowania w pomieszczeniach)<\/li>\n\n\n\n<li><strong>Ochrona lignin\u0105<\/strong> znacznie <strong>op\u00f3\u017ania<\/strong> <strong>proces siwienia<\/strong> o <strong>kilka miesi\u0119cy<\/strong>.<\/li>\n<\/ul>\n<\/div>\n\n\n\n<div class=\"wp-block-column is-layout-flow wp-block-column-is-layout-flow\">\n<ul class=\"wp-block-list\">\n<li><strong>Nie zawiera PFAS, PFOA i PFOS<\/strong><\/li>\n\n\n\n<li><strong>Chroni przed siwieniem pod wp\u0142ywem promieni s\u0142onecznych<\/strong> &#8211; ochrona UV  <\/li>\n\n\n\n<li><strong>Odporno\u015b\u0107 na wod\u0119 i brud<\/strong> &#8211; W\u0142a\u015bciwo\u015bci hydrofobowe  <\/li>\n\n\n\n<li><strong>Zapobiega rozwojowi glon\u00f3w, mchu i porost\u00f3w<\/strong> &#8211; D\u0142ugotrwa\u0142a ochrona  <\/li>\n\n\n\n<li><strong>Zu\u017cycie: 1 litr wystarcza na ok. 30-40 m\u00b2<\/strong> (w zale\u017cno\u015bci od pod\u0142o\u017ca)<strong>.<\/strong> <\/li>\n\n\n\n<li>Aplikacja jest <strong>preferowana w przypadku pionowych<\/strong> powierzchni drewnianych powy\u017cej (drewniane p\u0142oty, &#8230; ) i poni\u017cej murawy (drewniane s\u0142upki).<\/li>\n<\/ul>\n<\/div>\n<\/div>\n\n<p>Zakres dostawy: 1 x litrowa butelka, 1 x g\u0142owica rozpylaj\u0105ca z pompk\u0105<br\/><\/p>\n\n<hr\/>\n\n<h4 class=\"wp-block-heading\" id=\"application\">Zastosowanie<\/h4>\n\n<div class=\"wp-block-columns is-layout-flex wp-container-core-columns-is-layout-9d6595d7 wp-block-columns-is-layout-flex\">\n<div class=\"wp-block-column is-layout-flow wp-block-column-is-layout-flow\">\n<p><strong>Przygotowanie:<\/strong><\/p>\n\n\n\n<ul class=\"wp-block-list\">\n<li>Przed u\u017cyciem energicznie wstrz\u0105sa\u0107 przez 1 minut\u0119.<\/li>\n\n\n\n<li>Powierzchnie poddawane obr\u00f3bce musz\u0105 by\u0107 czyste, ca\u0142kowicie suche i wolne od kurzu oraz nie mog\u0105 by\u0107 wst\u0119pnie pokryte innymi pow\u0142okami.<\/li>\n\n\n\n<li>Zanieczyszczenia spowodowane farb\u0105, smarem, olejem lub porostami organicznymi (glony, porosty, mech) nale\u017cy usun\u0105\u0107 z wyprzedzeniem.<\/li>\n<\/ul>\n\n\n\n<p><strong>Zastosowanie:<\/strong><\/p>\n\n\n\n<ul class=\"wp-block-list\">\n<li><strong>Zalecana metoda:<\/strong> Produkt najlepiej rozpyla\u0107 za pomoc\u0105 opryskiwacza\/opryskiwacza niskoci\u015bnieniowego.<\/li>\n\n\n\n<li>Dostosuj odleg\u0142o\u015b\u0107 od powierzchni do mocy opryskiwacza.<\/li>\n\n\n\n<li>Powierzchnia powinna sprawia\u0107 r\u00f3wnomierne, wilgotno-mokre wra\u017cenie.<\/li>\n\n\n\n<li><strong>Alternatywa:<\/strong> Aplikacja za pomoc\u0105 p\u0119dzla\/wa\u0142ka jest mo\u017cliwa, ale nale\u017cy j\u0105 wcze\u015bniej przetestowa\u0107 na ma\u0142ej powierzchni. Nale\u017cy unika\u0107 tworzenia si\u0119 ka\u0142u\u017c! <\/li>\n<\/ul>\n\n\n\n<p><strong>Przetwarzanie:<\/strong><\/p>\n\n\n\n<ul class=\"wp-block-list\">\n<li>Spryska\u0107 powierzchni\u0119 co najmniej dwukrotnie, aby uzyska\u0107 optymalne pokrycie.<\/li>\n\n\n\n<li>W zale\u017cno\u015bci od ch\u0142onno\u015bci pod\u0142o\u017ca i wymaga\u0144, proces ten mo\u017cna powt\u00f3rzy\u0107 po wyschni\u0119ciu pierwszej warstwy.<\/li>\n\n\n\n<li>Je\u015bli na powierzchni\u0119 na\u0142o\u017cono zbyt du\u017co produktu, mo\u017cna go usun\u0105\u0107 wilgotn\u0105 szmatk\u0105, gdy jest jeszcze mokry.<\/li>\n\n\n\n<li>U\u017cywane narz\u0119dzia powinny by\u0107 czyszczone du\u017c\u0105 ilo\u015bci\u0105 wody po u\u017cyciu.<\/li>\n<\/ul>\n\n\n\n<p><strong>Czas schni\u0119cia:<\/strong><\/p>\n\n\n\n<ul class=\"wp-block-list\">\n<li>Pozostawi\u0107 produkt na co najmniej 30 minut.<\/li>\n\n\n\n<li>Ca\u0142kowity czas utwardzania wynosi oko\u0142o 6-12 godzin.<\/li>\n\n\n\n<li>W tym czasie powierzchnia powinna pozosta\u0107 sucha i nie powinna by\u0107 nara\u017cona na napr\u0119\u017cenia.<\/li>\n<\/ul>\n\n\n\n<p><strong>Piel\u0119gnacja i czyszczenie zaimpregnowanej powierzchni:<\/strong><\/p>\n\n\n\n<ul class=\"wp-block-list\">\n<li>Czy\u015b\u0107 powierzchnie wy\u0142\u0105cznie wod\u0105 lub lekkim organicznym \u015brodkiem czyszcz\u0105cym, np. naszym <a href=\"https:\/\/www.versiegelung24.com\/pl\/biosativa-biological-pre-cleaner.html\">organicznym \u015brodkiem czyszcz\u0105cym BIOSATIVA\u00ae &#8211; w 100% naturalnym &#8211; w 100% organicznym.<\/a> <\/li>\n\n\n\n<li>Agresywne \u015brodki czyszcz\u0105ce (chemiczne \u015brodki czyszcz\u0105ce, pady do szorowania itp.) nie s\u0105 wymagane i pogorszy\u0142yby funkcj\u0119 ochronn\u0105.<\/li>\n\n\n\n<li>Regularne delikatne czyszczenie i piel\u0119gnacja zapewnia d\u0142u\u017csz\u0105 trwa\u0142o\u015b\u0107 i d\u0142ugotrwa\u0142y pi\u0119kny wygl\u0105d.<\/li>\n<\/ul>\n\n\n\n<p><strong>Przechowywanie:<\/strong><\/p>\n\n\n\n<ul class=\"wp-block-list\">\n<li>Przechowywa\u0107 w suchym i zabezpieczonym przed mrozem miejscu w temperaturze 5-25\u00b0C.<\/li>\n\n\n\n<li>Stabilny przez co najmniej 24 miesi\u0105ce w nieotwartym oryginalnym opakowaniu, je\u015bli jest prawid\u0142owo przechowywany.<\/li>\n<\/ul>\n<\/div>\n<\/div>\n\n<h2 class=\"wp-block-heading\" id=\"h-galerie\">Galeria<\/h2>\n\n<div class=\"wp-block-getwid-images-slider gallery-wood has-arrows-inside has-dots-inside has-images-center has-fitted-images has-fixed-height\"><div class=\"wp-block-getwid-images-slider__wrapper\" data-effect=\"slide\" data-slides-show=\"1\" data-slides-show-laptop=\"1\" data-slides-show-tablet=\"1\" data-slides-show-mobile=\"1\" data-slides-scroll=\"1\" data-autoplay=\"true\" data-pause-hover=\"true\" data-autoplay-speed=\"3000\" data-infinite=\"true\" data-animation-speed=\"800\" data-center-mode=\"false\" data-variable-width=\"false\" data-arrows=\"inside\" data-dots=\"inside\" data-spacing=\"none\"><div class=\"wp-block-getwid-images-slider__item\" style=\"height:500px\"><figure><img decoding=\"async\" width=\"1634\" height=\"1620\" src=\"https:\/\/www.versiegelung24.com\/wp-content\/uploads\/2025\/07\/Holzimpraegnierung-pfloecke.png\" data-id=\"181994\" data-link=\"https:\/\/www.versiegelung24.com\/holzversiegelung-in-profi-qualitaet-kopie.html\/attachment\/holzimpraegnierung-pfloecke\/\" data-original-link=\"https:\/\/www.versiegelung24.com\/wp-content\/uploads\/2025\/07\/Holzimpraegnierung-pfloecke.png\" class=\"wp-block-getwid-images-slider__image wp-image-181994\" srcset=\"https:\/\/www.versiegelung24.com\/wp-content\/uploads\/2025\/07\/Holzimpraegnierung-pfloecke.png 1634w, https:\/\/www.versiegelung24.com\/wp-content\/uploads\/2025\/07\/Holzimpraegnierung-pfloecke-300x297.png 300w, https:\/\/www.versiegelung24.com\/wp-content\/uploads\/2025\/07\/Holzimpraegnierung-pfloecke-1300x1289.png 1300w, https:\/\/www.versiegelung24.com\/wp-content\/uploads\/2025\/07\/Holzimpraegnierung-pfloecke-80x80.png 80w, https:\/\/www.versiegelung24.com\/wp-content\/uploads\/2025\/07\/Holzimpraegnierung-pfloecke-768x761.png 768w, https:\/\/www.versiegelung24.com\/wp-content\/uploads\/2025\/07\/Holzimpraegnierung-pfloecke-1536x1523.png 1536w, https:\/\/www.versiegelung24.com\/wp-content\/uploads\/2025\/07\/Holzimpraegnierung-pfloecke-70x70.png 70w, https:\/\/www.versiegelung24.com\/wp-content\/uploads\/2025\/07\/Holzimpraegnierung-pfloecke-600x595.png 600w, https:\/\/www.versiegelung24.com\/wp-content\/uploads\/2025\/07\/Holzimpraegnierung-pfloecke-100x100.png 100w\" sizes=\"(max-width: 1634px) 100vw, 1634px\" \/><\/figure><\/div><div class=\"wp-block-getwid-images-slider__item\" style=\"height:500px\"><figure><img decoding=\"async\" width=\"1726\" height=\"1252\" src=\"https:\/\/www.versiegelung24.com\/wp-content\/uploads\/2025\/07\/Holzimpraegnierung-bank.png\" data-id=\"182022\" data-link=\"https:\/\/www.versiegelung24.com\/holzversiegelung-in-profi-qualitaet-kopie.html\/attachment\/holzimpraegnierung-bank\/\" data-original-link=\"https:\/\/www.versiegelung24.com\/wp-content\/uploads\/2025\/07\/Holzimpraegnierung-bank.png\" class=\"wp-block-getwid-images-slider__image wp-image-182022\" srcset=\"https:\/\/www.versiegelung24.com\/wp-content\/uploads\/2025\/07\/Holzimpraegnierung-bank.png 1726w, https:\/\/www.versiegelung24.com\/wp-content\/uploads\/2025\/07\/Holzimpraegnierung-bank-300x218.png 300w, https:\/\/www.versiegelung24.com\/wp-content\/uploads\/2025\/07\/Holzimpraegnierung-bank-1300x943.png 1300w, https:\/\/www.versiegelung24.com\/wp-content\/uploads\/2025\/07\/Holzimpraegnierung-bank-768x557.png 768w, https:\/\/www.versiegelung24.com\/wp-content\/uploads\/2025\/07\/Holzimpraegnierung-bank-1536x1114.png 1536w, https:\/\/www.versiegelung24.com\/wp-content\/uploads\/2025\/07\/Holzimpraegnierung-bank-600x435.png 600w\" sizes=\"(max-width: 1726px) 100vw, 1726px\" \/><\/figure><\/div><div class=\"wp-block-getwid-images-slider__item\" style=\"height:500px\"><figure><img loading=\"lazy\" decoding=\"async\" width=\"1982\" height=\"1274\" src=\"https:\/\/www.versiegelung24.com\/wp-content\/uploads\/2025\/07\/Holzimpraegnierung-eigenschaften.png\" data-id=\"182050\" data-link=\"https:\/\/www.versiegelung24.com\/holzversiegelung-in-profi-qualitaet-kopie.html\/attachment\/holzimpraegnierung-eigenschaften\/\" data-original-link=\"https:\/\/www.versiegelung24.com\/wp-content\/uploads\/2025\/07\/Holzimpraegnierung-eigenschaften.png\" class=\"wp-block-getwid-images-slider__image wp-image-182050\" srcset=\"https:\/\/www.versiegelung24.com\/wp-content\/uploads\/2025\/07\/Holzimpraegnierung-eigenschaften.png 1982w, https:\/\/www.versiegelung24.com\/wp-content\/uploads\/2025\/07\/Holzimpraegnierung-eigenschaften-300x193.png 300w, https:\/\/www.versiegelung24.com\/wp-content\/uploads\/2025\/07\/Holzimpraegnierung-eigenschaften-1300x836.png 1300w, https:\/\/www.versiegelung24.com\/wp-content\/uploads\/2025\/07\/Holzimpraegnierung-eigenschaften-768x494.png 768w, https:\/\/www.versiegelung24.com\/wp-content\/uploads\/2025\/07\/Holzimpraegnierung-eigenschaften-1536x987.png 1536w, https:\/\/www.versiegelung24.com\/wp-content\/uploads\/2025\/07\/Holzimpraegnierung-eigenschaften-600x386.png 600w\" sizes=\"(max-width: 1982px) 100vw, 1982px\" \/><\/figure><\/div><\/div><\/div>\n\n<p><\/p>\n","protected":false},"excerpt":{"rendered":"<p><strong>Wysoce skuteczny uszczelniacz do wewn\u0119trznych i zewn\u0119trznych powierzchni drewnianych<\/strong><\/p>\n<p>Trwa\u0142o\u015b\u0107 koloru i ochrona przed szarzeniem<\/p>\n<p>Odporno\u015b\u0107 na wod\u0119 i zabrudzenia<\/p>\n<p>Gruntowanie i ochrona w jednym kroku<\/p>\n<p>Nie zawiera PFAS, PFOA i PFOS<\/p>\n<p>&nbsp;<\/p>\n","protected":false},"featured_media":183271,"template":"","meta":{"_acf_changed":false,"neve_meta_sidebar":"","neve_meta_container":"","neve_meta_enable_content_width":"","neve_meta_content_width":0,"neve_meta_title_alignment":"","neve_meta_author_avatar":"","neve_post_elements_order":"","neve_meta_disable_header":"","neve_meta_disable_footer":"","neve_meta_disable_title":"","neve_meta_reading_time":"","_surfaces":[],"_ver_product_tabs":null,"footnotes":""},"product_brand":[],"product_cat":[2414],"product_tag":[],"class_list":{"0":"post-181866","1":"product","2":"type-product","3":"status-publish","4":"has-post-thumbnail","6":"product_cat-uszczelnianie-drewna","7":"pa_gebinde-butelka-uzupelniajaca-o-pojemnosci-1000-ml","8":"pa_gebinde-kanister-20l","9":"pa_gebinde-kanister-10l","10":"pa_gebinde-zestaw-do-dzialania-z-butelka-100ml","11":"pa_gebinde-butelka-50-ml","12":"pa_gebinde-zestaw-do-dzialania-z-butelka-50ml","13":"pa_gebinde-butelka-100ml","14":"pa_gebinde-butelka-150-ml","15":"pa_gebinde-butelka-500-ml","16":"pa_gebinde-butelka-200-ml","17":"pa_gebinde-butelka-o-pojemnosci-1000-ml","18":"pa_gebinde-kanister-5l","19":"pa_gebinde-10ml-butelka","20":"pa_gebinde-butelka-5-ml","21":"pa_gebinde-125-ml-butelka-z-rozpylaczem-z-pompka","23":"first","24":"instock","25":"taxable","26":"shipping-taxable","27":"purchasable","28":"product-type-variable","29":"has-default-attributes"},"acf":[],"yoast_head":"<!-- This site is optimized with the Yoast SEO Premium plugin v22.8 (Yoast SEO v27.5) - https:\/\/yoast.com\/product\/yoast-seo-premium-wordpress\/ -->\n<title>Impregnacja drewna - naturalna ochrona drewna na bazie silanu - versiegelung24.com<\/title>\n<meta name=\"robots\" content=\"index, follow, max-snippet:-1, max-image-preview:large, max-video-preview:-1\" \/>\n<link rel=\"canonical\" href=\"https:\/\/www.versiegelung24.com\/pl\/holzimpragnierung-silanbasis.html\" \/>\n<meta property=\"og:locale\" content=\"pl_PL\" \/>\n<meta property=\"og:type\" content=\"article\" \/>\n<meta property=\"og:title\" content=\"Impregnacja drewna - naturalna ochrona drewna na bazie silanu\" \/>\n<meta property=\"og:description\" content=\"Wysoce skuteczny uszczelniacz do wewn\u0119trznych i zewn\u0119trznych powierzchni drewnianych Trwa\u0142o\u015b\u0107 koloru i ochrona przed szarzeniem Odporno\u015b\u0107 na wod\u0119 i zabrudzenia Gruntowanie i ochrona w jednym kroku Nie zawiera PFAS, PFOA i PFOS &nbsp;\" \/>\n<meta property=\"og:url\" content=\"https:\/\/www.versiegelung24.com\/pl\/holzimpragnierung-silanbasis.html\" \/>\n<meta property=\"og:site_name\" content=\"versiegelung24.com\" \/>\n<meta property=\"article:modified_time\" content=\"2025-09-05T11:54:59+00:00\" \/>\n<meta property=\"og:image\" content=\"https:\/\/www.versiegelung24.com\/wp-content\/uploads\/2025\/07\/V24-Holzimpraegnierung-4008-693.jpg\" \/>\n\t<meta property=\"og:image:width\" content=\"2560\" \/>\n\t<meta property=\"og:image:height\" content=\"2560\" \/>\n\t<meta property=\"og:image:type\" content=\"image\/jpeg\" \/>\n<meta name=\"twitter:card\" content=\"summary_large_image\" \/>\n<meta name=\"twitter:label1\" content=\"Dost\u0119pno\u015b\u0107\" \/>\n\t<meta name=\"twitter:data1\" content=\"Dost\u0119pny\" \/>\n<script type=\"application\/ld+json\" class=\"yoast-schema-graph\">{\"@context\":\"https:\\\/\\\/schema.org\",\"@graph\":[{\"@type\":\"WebPage\",\"@id\":\"https:\\\/\\\/www.versiegelung24.com\\\/pl\\\/holzimpragnierung-silanbasis.html\",\"url\":\"https:\\\/\\\/www.versiegelung24.com\\\/pl\\\/holzimpragnierung-silanbasis.html\",\"name\":\"Impregnacja drewna - naturalna ochrona drewna na bazie silanu - versiegelung24.com\",\"isPartOf\":{\"@id\":\"https:\\\/\\\/www.versiegelung24.com\\\/pl\\\/#website\"},\"primaryImageOfPage\":{\"@id\":\"https:\\\/\\\/www.versiegelung24.com\\\/pl\\\/holzimpragnierung-silanbasis.html#primaryimage\"},\"image\":{\"@id\":\"https:\\\/\\\/www.versiegelung24.com\\\/pl\\\/holzimpragnierung-silanbasis.html#primaryimage\"},\"thumbnailUrl\":\"https:\\\/\\\/www.versiegelung24.com\\\/wp-content\\\/uploads\\\/2025\\\/07\\\/V24-Holzimpraegnierung-4008-693.jpg\",\"datePublished\":\"2025-07-31T10:51:14+00:00\",\"dateModified\":\"2025-09-05T11:54:59+00:00\",\"breadcrumb\":{\"@id\":\"https:\\\/\\\/www.versiegelung24.com\\\/pl\\\/holzimpragnierung-silanbasis.html#breadcrumb\"},\"inLanguage\":\"pl-PL\",\"potentialAction\":[{\"@type\":\"ReadAction\",\"target\":[\"https:\\\/\\\/www.versiegelung24.com\\\/pl\\\/holzimpragnierung-silanbasis.html\"]}]},{\"@type\":\"ImageObject\",\"inLanguage\":\"pl-PL\",\"@id\":\"https:\\\/\\\/www.versiegelung24.com\\\/pl\\\/holzimpragnierung-silanbasis.html#primaryimage\",\"url\":\"https:\\\/\\\/www.versiegelung24.com\\\/wp-content\\\/uploads\\\/2025\\\/07\\\/V24-Holzimpraegnierung-4008-693.jpg\",\"contentUrl\":\"https:\\\/\\\/www.versiegelung24.com\\\/wp-content\\\/uploads\\\/2025\\\/07\\\/V24-Holzimpraegnierung-4008-693.jpg\",\"width\":2560,\"height\":2560},{\"@type\":\"BreadcrumbList\",\"@id\":\"https:\\\/\\\/www.versiegelung24.com\\\/pl\\\/holzimpragnierung-silanbasis.html#breadcrumb\",\"itemListElement\":[{\"@type\":\"ListItem\",\"position\":1,\"name\":\"Strona g\u0142\u00f3wna\",\"item\":\"https:\\\/\\\/www.versiegelung24.com\\\/pl\\\/przod\\\/\"},{\"@type\":\"ListItem\",\"position\":2,\"name\":\"Sklep\",\"item\":\"https:\\\/\\\/www.versiegelung24.com\\\/pl\\\/sklep\\\/\"},{\"@type\":\"ListItem\",\"position\":3,\"name\":\"Impregnacja drewna &#8211; naturalna ochrona drewna na bazie silanu\"}]},{\"@type\":\"WebSite\",\"@id\":\"https:\\\/\\\/www.versiegelung24.com\\\/pl\\\/#website\",\"url\":\"https:\\\/\\\/www.versiegelung24.com\\\/pl\\\/\",\"name\":\"versiegelung24.com\",\"description\":\"Fl\u00fcssigglas-Versiegelung - Made in Germany\",\"publisher\":{\"@id\":\"https:\\\/\\\/www.versiegelung24.com\\\/pl\\\/#organization\"},\"potentialAction\":[{\"@type\":\"SearchAction\",\"target\":{\"@type\":\"EntryPoint\",\"urlTemplate\":\"https:\\\/\\\/www.versiegelung24.com\\\/pl\\\/?s={search_term_string}\"},\"query-input\":{\"@type\":\"PropertyValueSpecification\",\"valueRequired\":true,\"valueName\":\"search_term_string\"}}],\"inLanguage\":\"pl-PL\"},{\"@type\":\"Organization\",\"@id\":\"https:\\\/\\\/www.versiegelung24.com\\\/pl\\\/#organization\",\"name\":\"versiegelung24\",\"url\":\"https:\\\/\\\/www.versiegelung24.com\\\/pl\\\/\",\"logo\":{\"@type\":\"ImageObject\",\"inLanguage\":\"pl-PL\",\"@id\":\"https:\\\/\\\/www.versiegelung24.com\\\/pl\\\/#\\\/schema\\\/logo\\\/image\\\/\",\"url\":\"https:\\\/\\\/www.versiegelung24.com\\\/wp-content\\\/uploads\\\/2020\\\/04\\\/versiegelung24.png\",\"contentUrl\":\"https:\\\/\\\/www.versiegelung24.com\\\/wp-content\\\/uploads\\\/2020\\\/04\\\/versiegelung24.png\",\"width\":470,\"height\":102,\"caption\":\"versiegelung24\"},\"image\":{\"@id\":\"https:\\\/\\\/www.versiegelung24.com\\\/pl\\\/#\\\/schema\\\/logo\\\/image\\\/\"}}]}<\/script>\n<meta property=\"og:availability\" content=\"instock\" \/>\n<meta property=\"product:availability\" content=\"instock\" \/>\n<meta property=\"product:retailer_item_id\" content=\"4008-693\" \/>\n<meta property=\"product:condition\" content=\"new\" \/>\n<!-- \/ Yoast SEO Premium plugin. -->","yoast_head_json":{"title":"Impregnacja drewna - naturalna ochrona drewna na bazie silanu - versiegelung24.com","robots":{"index":"index","follow":"follow","max-snippet":"max-snippet:-1","max-image-preview":"max-image-preview:large","max-video-preview":"max-video-preview:-1"},"canonical":"https:\/\/www.versiegelung24.com\/pl\/holzimpragnierung-silanbasis.html","og_locale":"pl_PL","og_type":"article","og_title":"Impregnacja drewna - naturalna ochrona drewna na bazie silanu","og_description":"Wysoce skuteczny uszczelniacz do wewn\u0119trznych i zewn\u0119trznych powierzchni drewnianych Trwa\u0142o\u015b\u0107 koloru i ochrona przed szarzeniem Odporno\u015b\u0107 na wod\u0119 i zabrudzenia Gruntowanie i ochrona w jednym kroku Nie zawiera PFAS, PFOA i PFOS &nbsp;","og_url":"https:\/\/www.versiegelung24.com\/pl\/holzimpragnierung-silanbasis.html","og_site_name":"versiegelung24.com","article_modified_time":"2025-09-05T11:54:59+00:00","og_image":[{"width":2560,"height":2560,"url":"https:\/\/www.versiegelung24.com\/wp-content\/uploads\/2025\/07\/V24-Holzimpraegnierung-4008-693.jpg","type":"image\/jpeg"}],"twitter_card":"summary_large_image","twitter_misc":{"Dost\u0119pno\u015b\u0107":"Dost\u0119pny"},"schema":{"@context":"https:\/\/schema.org","@graph":[{"@type":"WebPage","@id":"https:\/\/www.versiegelung24.com\/pl\/holzimpragnierung-silanbasis.html","url":"https:\/\/www.versiegelung24.com\/pl\/holzimpragnierung-silanbasis.html","name":"Impregnacja drewna - naturalna ochrona drewna na bazie silanu - versiegelung24.com","isPartOf":{"@id":"https:\/\/www.versiegelung24.com\/pl\/#website"},"primaryImageOfPage":{"@id":"https:\/\/www.versiegelung24.com\/pl\/holzimpragnierung-silanbasis.html#primaryimage"},"image":{"@id":"https:\/\/www.versiegelung24.com\/pl\/holzimpragnierung-silanbasis.html#primaryimage"},"thumbnailUrl":"https:\/\/www.versiegelung24.com\/wp-content\/uploads\/2025\/07\/V24-Holzimpraegnierung-4008-693.jpg","datePublished":"2025-07-31T10:51:14+00:00","dateModified":"2025-09-05T11:54:59+00:00","breadcrumb":{"@id":"https:\/\/www.versiegelung24.com\/pl\/holzimpragnierung-silanbasis.html#breadcrumb"},"inLanguage":"pl-PL","potentialAction":[{"@type":"ReadAction","target":["https:\/\/www.versiegelung24.com\/pl\/holzimpragnierung-silanbasis.html"]}]},{"@type":"ImageObject","inLanguage":"pl-PL","@id":"https:\/\/www.versiegelung24.com\/pl\/holzimpragnierung-silanbasis.html#primaryimage","url":"https:\/\/www.versiegelung24.com\/wp-content\/uploads\/2025\/07\/V24-Holzimpraegnierung-4008-693.jpg","contentUrl":"https:\/\/www.versiegelung24.com\/wp-content\/uploads\/2025\/07\/V24-Holzimpraegnierung-4008-693.jpg","width":2560,"height":2560},{"@type":"BreadcrumbList","@id":"https:\/\/www.versiegelung24.com\/pl\/holzimpragnierung-silanbasis.html#breadcrumb","itemListElement":[{"@type":"ListItem","position":1,"name":"Strona g\u0142\u00f3wna","item":"https:\/\/www.versiegelung24.com\/pl\/przod\/"},{"@type":"ListItem","position":2,"name":"Sklep","item":"https:\/\/www.versiegelung24.com\/pl\/sklep\/"},{"@type":"ListItem","position":3,"name":"Impregnacja drewna &#8211; naturalna ochrona drewna na bazie silanu"}]},{"@type":"WebSite","@id":"https:\/\/www.versiegelung24.com\/pl\/#website","url":"https:\/\/www.versiegelung24.com\/pl\/","name":"versiegelung24.com","description":"Fl\u00fcssigglas-Versiegelung - Made in Germany","publisher":{"@id":"https:\/\/www.versiegelung24.com\/pl\/#organization"},"potentialAction":[{"@type":"SearchAction","target":{"@type":"EntryPoint","urlTemplate":"https:\/\/www.versiegelung24.com\/pl\/?s={search_term_string}"},"query-input":{"@type":"PropertyValueSpecification","valueRequired":true,"valueName":"search_term_string"}}],"inLanguage":"pl-PL"},{"@type":"Organization","@id":"https:\/\/www.versiegelung24.com\/pl\/#organization","name":"versiegelung24","url":"https:\/\/www.versiegelung24.com\/pl\/","logo":{"@type":"ImageObject","inLanguage":"pl-PL","@id":"https:\/\/www.versiegelung24.com\/pl\/#\/schema\/logo\/image\/","url":"https:\/\/www.versiegelung24.com\/wp-content\/uploads\/2020\/04\/versiegelung24.png","contentUrl":"https:\/\/www.versiegelung24.com\/wp-content\/uploads\/2020\/04\/versiegelung24.png","width":470,"height":102,"caption":"versiegelung24"},"image":{"@id":"https:\/\/www.versiegelung24.com\/pl\/#\/schema\/logo\/image\/"}}]},"og_availability":"instock","product_availability":"instock","product_retailer_item_id":"4008-693","product_condition":"new"},"_links":{"self":[{"href":"https:\/\/www.versiegelung24.com\/pl\/wp-json\/wp\/v2\/product\/181866","targetHints":{"allow":["GET"]}}],"collection":[{"href":"https:\/\/www.versiegelung24.com\/pl\/wp-json\/wp\/v2\/product"}],"about":[{"href":"https:\/\/www.versiegelung24.com\/pl\/wp-json\/wp\/v2\/types\/product"}],"version-history":[{"count":4,"href":"https:\/\/www.versiegelung24.com\/pl\/wp-json\/wp\/v2\/product\/181866\/revisions"}],"predecessor-version":[{"id":182851,"href":"https:\/\/www.versiegelung24.com\/pl\/wp-json\/wp\/v2\/product\/181866\/revisions\/182851"}],"wp:featuredmedia":[{"embeddable":true,"href":"https:\/\/www.versiegelung24.com\/pl\/wp-json\/wp\/v2\/media\/183271"}],"wp:attachment":[{"href":"https:\/\/www.versiegelung24.com\/pl\/wp-json\/wp\/v2\/media?parent=181866"}],"wp:term":[{"taxonomy":"product_brand","embeddable":true,"href":"https:\/\/www.versiegelung24.com\/pl\/wp-json\/wp\/v2\/product_brand?post=181866"},{"taxonomy":"product_cat","embeddable":true,"href":"https:\/\/www.versiegelung24.com\/pl\/wp-json\/wp\/v2\/product_cat?post=181866"},{"taxonomy":"product_tag","embeddable":true,"href":"https:\/\/www.versiegelung24.com\/pl\/wp-json\/wp\/v2\/product_tag?post=181866"}],"curies":[{"name":"wp","href":"https:\/\/api.w.org\/{rel}","templated":true}]}}