{"id":182993,"date":"2025-08-28T14:07:51","date_gmt":"2025-08-28T12:07:51","guid":{"rendered":"https:\/\/www.versiegelung24.com\/?post_type=product&#038;p=182993"},"modified":"2025-09-08T16:04:15","modified_gmt":"2025-09-08T14:04:15","slug":"permanent-protector-646","status":"publish","type":"product","link":"https:\/\/www.versiegelung24.com\/pl\/permanent-protector-646.html","title":{"rendered":"Permanent Protect 646 5M"},"content":{"rendered":"\n<p>Permanent Protect 646 Ultra Thin to wysokiej jako\u015bci uszczelniacz ceramiczny do trwa\u0142ego powlekania g\u0142adkich powierzchni, takich jak metal, szk\u0142o, plastik lub materia\u0142y malowane. Ultracienka, przezroczysta warstwa ochronna zapewnia wyj\u0105tkow\u0105 odporno\u015b\u0107 na zabrudzenia, chemikalia, promieniowanie UV i czynniki mechaniczne. Dzi\u0119ki w\u0142a\u015bciwo\u015bciom hydrofobowym i oleofobowym uszczelniacz zapewnia d\u0142ugotrwa\u0142y, \u0142atwy do czyszczenia efekt.  <\/p>\n\n<p>Idealny do zastosowa\u0144 motoryzacyjnych i morskich, jako pow\u0142oka antygraffiti lub do wyka\u0144czania wysokiej jako\u015bci powierzchni malowanych &#8211; Permanent Protect 646 Ultra Thin wyznacza nowe standardy w zakresie ochrony powierzchni i trwa\u0142o\u015bci.<\/p>\n\n<hr class=\"wp-block-separator has-text-color has-css-opacity has-background is-style-wide\" style=\"background-color:#e1e1e1;color:#e1e1e1\"\/>\n\n<h2 class=\"wp-block-heading\" id=\"properties\">Cechy produktu<\/h2>\n\n<div class=\"wp-block-columns is-layout-flex wp-container-core-columns-is-layout-9d6595d7 wp-block-columns-is-layout-flex\">\n<div class=\"wp-block-column is-layout-flow wp-block-column-is-layout-flow\">\n<ul id=\"block-5ec6b591-a82a-45bd-aa1b-599082db3ae8\" class=\"wp-block-list\">\n<li><strong>Wyra\u017any efekt hydrofobowy i oleofobowy<\/strong> &#8211; hydrofobowo\u015b\u0107 i olejoodporno\u015b\u0107<\/li>\n\n\n\n<li><strong>Efekt \u0142atwego czyszczenia<\/strong> &#8211; brud mo\u017cna \u0142atwo usun\u0105\u0107<\/li>\n\n\n\n<li><strong>Wysoka odporno\u015b\u0107 na \u015bcieranie<\/strong> &#8211; trwa\u0142e wi\u0105zanie chemiczne z pod\u0142o\u017cem<\/li>\n\n\n\n<li><strong>Odporny na temperatur\u0119 i promieniowanie UV<\/strong> &#8211; odpowiedni do zastosowa\u0144 zewn\u0119trznych<\/li>\n\n\n\n<li><strong>Oddychaj\u0105cy<\/strong> &#8211; otwarty na dyfuzj\u0119<\/li>\n\n\n\n<li><strong>Trwa\u0142o\u015b\u0107 <\/strong>&#8211; 2-5 lat do u\u017cytku zewn\u0119trznego, znacznie d\u0142u\u017cej do u\u017cytku wewn\u0119trznego  <\/li>\n\n\n\n<li><strong>Zu\u017cycie <\/strong>&#8211; 5-10 ml\/m\u00b2 (=&gt; do 200 m\u00b2 na litr)<\/li>\n\n\n\n<li><strong>Odporno\u015b\u0107 na wiele popularnych domowych \u015brodk\u00f3w czyszcz\u0105cych<\/strong> (z wyj\u0105tkiem st\u0119\u017conych roztwor\u00f3w alkalicznych)<\/li>\n\n\n\n<li><strong>Na bazie rozpuszczalnika<\/strong> (ok. 60% zawarto\u015bci sk\u0142adnika aktywnego)<\/li>\n<\/ul>\n<\/div>\n\n\n\n<div class=\"wp-block-column is-layout-flow wp-block-column-is-layout-flow\">\n<ul id=\"block-6091e271-3752-4132-9f5b-206019bd2d6b\" class=\"wp-block-list\">\n<li><strong>Bardzo dobre w\u0142a\u015bciwo\u015bci antygraffiti<\/strong> na nieporowatych powierzchniach<\/li>\n\n\n\n<li><strong>Struktura warstwy ceramicznej<\/strong> &#8211; odporno\u015b\u0107 na temperatur\u0119 do 600 \u00b0C (integralno\u015b\u0107 pow\u0142oki), 300 \u00b0C bez przebarwie\u0144<\/li>\n\n\n\n<li><strong>Grubo\u015b\u0107 cienkiej warstwy<\/strong>: ok. 0,5-2 \u03bcm<\/li>\n\n\n\n<li><strong>Zawiera lotne zwi\u0105zki organiczne<\/strong> (propionian butylu)<\/li>\n\n\n\n<li><strong>Efekt biostatyczny<\/strong> &#8211; ekstremalnie hamuje wzrost mikroorganizm\u00f3w  <\/li>\n\n\n\n<li><strong>Kolor<\/strong> &#8211; bezbarwny do lekko \u017c\u00f3\u0142tawego<\/li>\n\n\n\n<li><strong>Uwaga dotycz\u0105ca PFAS <\/strong>&#8211; nie zawiera PFOA i PFOS. Zawarto\u015b\u0107 fluoru jest poni\u017cej dopuszczalnych warto\u015bci prawnych zgodnie z rozporz\u0105dzeniem UE 2024\/2462. Zastosowane fluorowane dodatki s\u0142u\u017c\u0105 wy\u0142\u0105cznie do optymalizacji odporno\u015bci na zabrudzenia.  <\/li>\n<\/ul>\n<\/div>\n<\/div>\n\n<hr class=\"wp-block-separator has-text-color has-background is-style-wide\" style=\"background-color:#e1e1e1;color:#e1e1e1\"\/>\n\n<h2 class=\"wp-block-heading\" id=\"application\">Obszary zastosowa\u0144<\/h2>\n\n<div class=\"wp-block-columns is-layout-flex wp-container-core-columns-is-layout-9d6595d7 wp-block-columns-is-layout-flex\">\n<div class=\"wp-block-column is-layout-flow wp-block-column-is-layout-flow\">\n<ul id=\"block-6091e271-3752-4132-9f5b-206019bd2d6b\" class=\"wp-block-list\">\n<li>Powlekanie powierzchni pojazd\u00f3w (np. karoserii, felg)<\/li>\n\n\n\n<li>\u0141atwe w czyszczeniu pow\u0142oki do zastosowa\u0144 wewn\u0119trznych i zewn\u0119trznych<\/li>\n\n\n\n<li>Trwa\u0142e pow\u0142oki ochronne w sektorze morskim<\/li>\n<\/ul>\n<\/div>\n\n\n\n<div class=\"wp-block-column is-layout-flow wp-block-column-is-layout-flow\">\n<ul class=\"wp-block-list\">\n<li>Uszlachetnianie farb do jacht\u00f3w i \u0142odzi<\/li>\n\n\n\n<li>Oczyszczanie spalin w samochodach (uszczelnienie ceramiczne)n<\/li>\n\n\n\n<li>Pow\u0142oki antygraffiti na nieporowatych powierzchniach<\/li>\n<\/ul>\n<\/div>\n<\/div>\n\n<h2 class=\"wp-block-heading\" id=\"h-anwendung\">Zastosowanie<\/h2>\n\n<p><strong>Og\u00f3lne  <\/strong><\/p>\n\n<ol class=\"wp-block-list\">\n<li>Dok\u0142adnie <a href=\"https:\/\/www.versiegelung24.com\/pl\/biosativa-biological-pre-cleaner.html\">oczy\u015b\u0107<\/a> i odt\u0142u\u015b\u0107 powierzchni\u0119 (np. <a href=\"https:\/\/www.versiegelung24.com\/pl\/100-bioetanol-o-wysokiej-czystosci-do-profesjonalnego-czyszczenia-wstepnego-kopie.html\">izopropanolem<\/a>, octanem etylu lub benzyn\u0105 lakow\u0105). <\/li>\n\n\n\n<li>Powierzchnia musi by\u0107 ca\u0142kowicie sucha i odt\u0142uszczona.<\/li>\n\n\n\n<li>Temperatura przetwarzania: 15-30 \u00b0C, wilgotno\u015b\u0107 wzgl\u0119dna: 50-80 %. <\/li>\n\n\n\n<li>Unika\u0107 bezpo\u015bredniego \u015bwiat\u0142a s\u0142onecznego.<\/li>\n<\/ol>\n\n<p><strong>Aplikacja przez przeci\u0105gni\u0119cie  <\/strong><\/p>\n\n<ol class=\"wp-block-list\">\n<li>Nanie\u015b\u0107 kilka kropli (5-10\/ml m\u00b2) na \u015bciereczk\u0119 z mikrofibry.<\/li>\n\n\n\n<li>Nak\u0142ada\u0107 r\u00f3wnomiernie z lekkim naciskiem, wykonuj\u0105c ruchy liniowe.<\/li>\n\n\n\n<li>Wypolerowa\u0107 mi\u0119kk\u0105 \u015bciereczk\u0105 po maksymalnie 30 minutach. <\/li>\n\n\n\n<li>W razie potrzeby powt\u00f3rzy\u0107 proces.<\/li>\n<\/ol>\n\n<p><strong>Aplikacja przez rozpylanie  <\/strong><\/p>\n\n<ol class=\"wp-block-list\">\n<li>Rozmiar dyszy: 0,8-1,0 mm \/ ci\u015bnienie: 0,6-1,0 bar \/ odleg\u0142o\u015b\u0107: ok. 20 cm<\/li>\n\n\n\n<li>Grubo\u015b\u0107 warstwy (na sucho): 2,5-25 \u03bcm (w zale\u017cno\u015bci od przej\u015b\u0107)<\/li>\n\n\n\n<li>Alternatywa: Dzwon obrotowy (30 000 obr.\/min, 2 bary, 0,2-0,4 m\/s, 50-150 ml\/min)  <\/li>\n<\/ol>\n\n<h2 class=\"wp-block-heading\" id=\"h-reinigung-amp-pflege\">Czyszczenie i piel\u0119gnacja<\/h2>\n\n<p>Do czyszczenia powierzchni wystarczy u\u017cycie \u0142agodnego \u015brodka czyszcz\u0105cego, takiego jak nasz \u015brodek czyszcz\u0105cy <a href=\"https:\/\/www.versiegelung24.com\/pl\/biosativa-biological-pre-cleaner.html\">V24 Biosativa\u00ae<\/a>. Agresywne \u015brodki czyszcz\u0105ce nie s\u0105 wymagane ani zalecane. <\/p>\n\n<hr class=\"wp-block-separator has-text-color has-css-opacity has-background is-style-wide\" style=\"background-color:#e1e1e1;color:#e1e1e1\"\/>\n\n<h2 class=\"wp-block-heading\" id=\"h-produktsicherheit-amp-lagerung\">Bezpiecze\u0144stwo i przechowywanie produkt\u00f3w<\/h2>\n\n<p>Informacje na temat klasyfikacji produktu w ramach rozporz\u0105dzenia w sprawie substancji niebezpiecznych, dane dotycz\u0105ce bezpiecze\u0144stwa oraz dane dotycz\u0105ce toksykologii i przechowywania mo\u017cna znale\u017a\u0107 w naszej karcie charakterystyki <a href=\"https:\/\/www.versiegelung24.com\/pl\/kontakt\/\">na \u017c\u0105danie<\/a>.<\/p>\n\n<ul class=\"wp-block-list\">\n<li>Permanent Protect 646 nie mo\u017ce mie\u0107 kontaktu z wilgoci\u0105.<\/li>\n\n\n\n<li>Temperatura przechowywania materia\u0142u: od +5\u00b0C do +20\u00b0C.<\/li>\n\n\n\n<li>\u015arodki ochrony indywidualnej: R\u0119kawice, okulary ochronne, odpowiednia odzie\u017c ochronna<\/li>\n\n\n\n<li>Pierwsza pomoc: W przypadku kontaktu z oczami lub sk\u00f3r\u0105 natychmiast przemy\u0107 wod\u0105 i skonsultowa\u0107 si\u0119 z lekarzem.<\/li>\n\n\n\n<li>Przechowywanie: w ch\u0142odnym, suchym i dobrze wentylowanym miejscu. Pojemnik nale\u017cy otwiera\u0107 raz w miesi\u0105cu w celu roz\u0142adowania ci\u015bnienia. <\/li>\n\n\n\n<li>Przed nape\u0142nieniem zalecane jest wst\u0119pne oczyszczenie azotem.<\/li>\n<\/ul>\n\n<p><strong>Permanent Protect 646 <\/strong>ma okres trwa\u0142o\u015bci 12 miesi\u0119cy, je\u015bli jest przechowywany nieotwarty w oryginalnie zamkni\u0119tych pojemnikach.<\/p>\n\n<hr class=\"wp-block-separator has-text-color has-css-opacity has-background is-style-wide\" style=\"background-color:#e1e1e1;color:#e1e1e1\"\/>\n\n<h2 class=\"wp-block-heading\">Test odporno\u015bci na warunki atmosferyczne<\/h2>\n\n<figure class=\"wp-block-table aligncenter\"><table class=\"has-fixed-layout\"><thead><tr><th class=\"has-text-align-left\" data-align=\"left\">\u00a0<\/th><th class=\"has-text-align-left\" data-align=\"left\">Test mg\u0142y solnej NSS<\/th><th>Atmosfera kondensacji,<br\/>sta\u0142a wilgotno\u015b\u0107<\/th><th>Sztuczne starzenie<br\/>z \u0142ukiem ksenonowym<\/th><\/tr><\/thead><tbody><tr><td class=\"has-text-align-left\" data-align=\"left\">DIN<\/td><td class=\"has-text-align-left\" data-align=\"left\">EN ISO 9227<\/td><td>EN ISO 6270-2<\/td><td>EN ISO 16474-2<\/td><\/tr><tr><td class=\"has-text-align-left\" data-align=\"left\">\u00a0<\/td><td class=\"has-text-align-left\" data-align=\"left\" colspan=\"3\"><strong>Test w mgle solnej stal nierdzewna 2,5 \u03bcm, powlekana<\/strong><\/td><\/tr><tr><td class=\"has-text-align-left\" data-align=\"left\">Czas trwania<\/td><td class=\"has-text-align-left\" data-align=\"left\">1.500 h<\/td><td>1.400 h<\/td><td>1.400 h<\/td><\/tr><tr><td class=\"has-text-align-left\" data-align=\"left\">Wynik<\/td><td class=\"has-text-align-left\" data-align=\"left\">P\u0119cherze: nie<br\/>Rdza: nie<br\/>Korozja w rysach &lt; 0,5 mm<\/td><td>P\u0119cherze: nie<br\/>Rdza: nie<\/td><td>Utrata po\u0142ysku: 5%<br\/>P\u0119kanie: brak<br\/>R\u00f3\u017cnica koloru \u0394E* = 0,40<\/td><\/tr><tr><td class=\"has-text-align-left\" data-align=\"left\">\u00a0<\/td><td class=\"has-text-align-left\" data-align=\"left\" colspan=\"3\"><strong>Test w mgle solnej aluminium 2,5 \u03bcm, powlekane<\/strong><\/td><\/tr><tr><td class=\"has-text-align-left\" data-align=\"left\">Czas trwania<\/td><td class=\"has-text-align-left\" data-align=\"left\">1.500 h<\/td><td>1.400 h<\/td><td>1.400 h<\/td><\/tr><tr><td class=\"has-text-align-left\" data-align=\"left\">Wynik<\/td><td class=\"has-text-align-left\" data-align=\"left\">P\u0119cherze: nie<br\/>Rdza: nie<br\/>Korozja w rysach &lt; 0,5 mm<\/td><td>P\u0119cherze: nie<br\/>Rdza: nie<\/td><td>Utrata po\u0142ysku: 5%<br\/>P\u0119kanie: brak<br\/>R\u00f3\u017cnica w kolorze \u0394E* = 0,17<\/td><\/tr><tr><td class=\"has-text-align-left\" data-align=\"left\">\u00a0<\/td><td class=\"has-text-align-left\" data-align=\"left\" colspan=\"3\"><strong>Stal piaskowana 2,5 \u03bcm, powlekana<\/strong><\/td><\/tr><tr><td class=\"has-text-align-left\" data-align=\"left\">Czas trwania<\/td><td class=\"has-text-align-left\" data-align=\"left\">1.000 h<\/td><td>1.000 h<\/td><td>1.400 h<\/td><\/tr><tr><td class=\"has-text-align-left\" data-align=\"left\">Wynik<\/td><td class=\"has-text-align-left\" data-align=\"left\">P\u0119cherze: nie<br\/>Rdza: nie<br\/>Korozja w rysach &lt; 0,5 mm<\/td><td>P\u0119cherze: nie<br\/>Rdza: nie<\/td><td>Utrata po\u0142ysku: 12%<br\/>P\u0119kanie: brak<br\/>R\u00f3\u017cnica koloru \u0394E* = 0,51<\/td><\/tr><\/tbody><\/table><\/figure>\n\n<hr class=\"wp-block-separator has-text-color has-css-opacity has-background is-style-wide\" style=\"background-color:#e1e1e1;color:#e1e1e1\"\/>\n","protected":false},"excerpt":{"rendered":"<p><strong>Wysokiej jako\u015bci trwa\u0142a pow\u0142oka ceramiczna zapewniaj\u0105ca g\u0142adkie powierzchnie<\/strong><\/p>\n<p>Ultra cienka grubo\u015b\u0107 warstwy<\/p>\n<p>Okres trwa\u0142o\u015bci 2-5 lat<\/p>\n<p>Wysoka odporno\u015b\u0107 na \u015bcieranie<\/p>\n<p>Efekt biostatyczny<\/p>\n","protected":false},"featured_media":183065,"template":"","meta":{"_acf_changed":false,"neve_meta_sidebar":"","neve_meta_container":"","neve_meta_enable_content_width":"","neve_meta_content_width":0,"neve_meta_title_alignment":"","neve_meta_author_avatar":"","neve_post_elements_order":"","neve_meta_disable_header":"","neve_meta_disable_footer":"","neve_meta_disable_title":"","neve_meta_reading_time":"","_surfaces":[],"_ver_product_tabs":[],"footnotes":""},"product_brand":[],"product_cat":[2484,2995,2170,2408],"product_tag":[],"class_list":{"0":"post-182993","1":"product","2":"type-product","3":"status-publish","4":"has-post-thumbnail","6":"product_cat-uszczelka-uniwersalna","7":"product_cat-uszczelnienie-szkla-plynnego","8":"product_cat-uszczelnianie-samochodu","9":"product_cat-uszczelnienie-metalowe-i-plastikowe","10":"pa_gebinde-butelka-100ml","11":"pa_gebinde-butelka-o-pojemnosci-1000-ml","13":"first","14":"instock","15":"taxable","16":"shipping-taxable","17":"purchasable","18":"product-type-variable","19":"has-default-attributes"},"acf":[],"yoast_head":"<!-- This site is optimized with the Yoast SEO Premium plugin v22.8 (Yoast SEO v27.5) - https:\/\/yoast.com\/product\/yoast-seo-premium-wordpress\/ -->\n<title>Permanent Protector 646 Ultra Thin - uszczelniacz ceramiczny 9H<\/title>\n<meta name=\"description\" content=\"Prosty w u\u017cyciu, silny w ochronie. Nowy uszczelniacz ceramiczny Permanent Protector 646 Ultra Thin - 9H zapewnia niezawodn\u0105 ochron\u0119 przed czynnikami zewn\u0119trznymi.\" \/>\n<meta name=\"robots\" content=\"index, follow, max-snippet:-1, max-image-preview:large, max-video-preview:-1\" \/>\n<link rel=\"canonical\" href=\"https:\/\/www.versiegelung24.com\/pl\/permanent-protector-646.html\" \/>\n<meta property=\"og:locale\" content=\"pl_PL\" \/>\n<meta property=\"og:type\" content=\"article\" \/>\n<meta property=\"og:title\" content=\"Permanent Protect 646 5M\" \/>\n<meta property=\"og:description\" content=\"Prosty w u\u017cyciu, silny w ochronie. Nowy uszczelniacz ceramiczny Permanent Protector 646 Ultra Thin - 9H zapewnia niezawodn\u0105 ochron\u0119 przed czynnikami zewn\u0119trznymi.\" \/>\n<meta property=\"og:url\" content=\"https:\/\/www.versiegelung24.com\/pl\/permanent-protector-646.html\" \/>\n<meta property=\"og:site_name\" content=\"versiegelung24.com\" \/>\n<meta property=\"article:modified_time\" content=\"2025-09-08T14:04:15+00:00\" \/>\n<meta property=\"og:image\" content=\"https:\/\/www.versiegelung24.com\/wp-content\/uploads\/2025\/08\/V24-Permanent-Protector-646-Keramikversiegelung-scaled-1.jpg\" \/>\n\t<meta property=\"og:image:width\" content=\"2560\" \/>\n\t<meta property=\"og:image:height\" content=\"2560\" \/>\n\t<meta property=\"og:image:type\" content=\"image\/jpeg\" \/>\n<meta name=\"twitter:card\" content=\"summary_large_image\" \/>\n<meta name=\"twitter:label1\" content=\"Dost\u0119pno\u015b\u0107\" \/>\n\t<meta name=\"twitter:data1\" content=\"Dost\u0119pny\" \/>\n<script type=\"application\/ld+json\" class=\"yoast-schema-graph\">{\"@context\":\"https:\\\/\\\/schema.org\",\"@graph\":[{\"@type\":\"WebPage\",\"@id\":\"https:\\\/\\\/www.versiegelung24.com\\\/pl\\\/permanent-protector-646.html\",\"url\":\"https:\\\/\\\/www.versiegelung24.com\\\/pl\\\/permanent-protector-646.html\",\"name\":\"Permanent Protector 646 Ultra Thin - uszczelniacz ceramiczny 9H\",\"isPartOf\":{\"@id\":\"https:\\\/\\\/www.versiegelung24.com\\\/pl\\\/#website\"},\"primaryImageOfPage\":{\"@id\":\"https:\\\/\\\/www.versiegelung24.com\\\/pl\\\/permanent-protector-646.html#primaryimage\"},\"image\":{\"@id\":\"https:\\\/\\\/www.versiegelung24.com\\\/pl\\\/permanent-protector-646.html#primaryimage\"},\"thumbnailUrl\":\"https:\\\/\\\/www.versiegelung24.com\\\/wp-content\\\/uploads\\\/2025\\\/08\\\/V24-Permanent-Protector-646-Keramikversiegelung-scaled-1.jpg\",\"datePublished\":\"2025-08-28T12:07:51+00:00\",\"dateModified\":\"2025-09-08T14:04:15+00:00\",\"description\":\"Prosty w u\u017cyciu, silny w ochronie. Nowy uszczelniacz ceramiczny Permanent Protector 646 Ultra Thin - 9H zapewnia niezawodn\u0105 ochron\u0119 przed czynnikami zewn\u0119trznymi.\",\"breadcrumb\":{\"@id\":\"https:\\\/\\\/www.versiegelung24.com\\\/pl\\\/permanent-protector-646.html#breadcrumb\"},\"inLanguage\":\"pl-PL\",\"potentialAction\":[{\"@type\":\"ReadAction\",\"target\":[\"https:\\\/\\\/www.versiegelung24.com\\\/pl\\\/permanent-protector-646.html\"]}]},{\"@type\":\"ImageObject\",\"inLanguage\":\"pl-PL\",\"@id\":\"https:\\\/\\\/www.versiegelung24.com\\\/pl\\\/permanent-protector-646.html#primaryimage\",\"url\":\"https:\\\/\\\/www.versiegelung24.com\\\/wp-content\\\/uploads\\\/2025\\\/08\\\/V24-Permanent-Protector-646-Keramikversiegelung-scaled-1.jpg\",\"contentUrl\":\"https:\\\/\\\/www.versiegelung24.com\\\/wp-content\\\/uploads\\\/2025\\\/08\\\/V24-Permanent-Protector-646-Keramikversiegelung-scaled-1.jpg\",\"width\":2560,\"height\":2560},{\"@type\":\"BreadcrumbList\",\"@id\":\"https:\\\/\\\/www.versiegelung24.com\\\/pl\\\/permanent-protector-646.html#breadcrumb\",\"itemListElement\":[{\"@type\":\"ListItem\",\"position\":1,\"name\":\"Strona g\u0142\u00f3wna\",\"item\":\"https:\\\/\\\/www.versiegelung24.com\\\/pl\\\/przod\\\/\"},{\"@type\":\"ListItem\",\"position\":2,\"name\":\"Sklep\",\"item\":\"https:\\\/\\\/www.versiegelung24.com\\\/pl\\\/sklep\\\/\"},{\"@type\":\"ListItem\",\"position\":3,\"name\":\"Permanent Protect 646 5M\"}]},{\"@type\":\"WebSite\",\"@id\":\"https:\\\/\\\/www.versiegelung24.com\\\/pl\\\/#website\",\"url\":\"https:\\\/\\\/www.versiegelung24.com\\\/pl\\\/\",\"name\":\"versiegelung24.com\",\"description\":\"Fl\u00fcssigglas-Versiegelung - Made in Germany\",\"publisher\":{\"@id\":\"https:\\\/\\\/www.versiegelung24.com\\\/pl\\\/#organization\"},\"potentialAction\":[{\"@type\":\"SearchAction\",\"target\":{\"@type\":\"EntryPoint\",\"urlTemplate\":\"https:\\\/\\\/www.versiegelung24.com\\\/pl\\\/?s={search_term_string}\"},\"query-input\":{\"@type\":\"PropertyValueSpecification\",\"valueRequired\":true,\"valueName\":\"search_term_string\"}}],\"inLanguage\":\"pl-PL\"},{\"@type\":\"Organization\",\"@id\":\"https:\\\/\\\/www.versiegelung24.com\\\/pl\\\/#organization\",\"name\":\"versiegelung24\",\"url\":\"https:\\\/\\\/www.versiegelung24.com\\\/pl\\\/\",\"logo\":{\"@type\":\"ImageObject\",\"inLanguage\":\"pl-PL\",\"@id\":\"https:\\\/\\\/www.versiegelung24.com\\\/pl\\\/#\\\/schema\\\/logo\\\/image\\\/\",\"url\":\"https:\\\/\\\/www.versiegelung24.com\\\/wp-content\\\/uploads\\\/2020\\\/04\\\/versiegelung24.png\",\"contentUrl\":\"https:\\\/\\\/www.versiegelung24.com\\\/wp-content\\\/uploads\\\/2020\\\/04\\\/versiegelung24.png\",\"width\":470,\"height\":102,\"caption\":\"versiegelung24\"},\"image\":{\"@id\":\"https:\\\/\\\/www.versiegelung24.com\\\/pl\\\/#\\\/schema\\\/logo\\\/image\\\/\"}}]}<\/script>\n<meta property=\"og:availability\" content=\"instock\" \/>\n<meta property=\"product:availability\" content=\"instock\" \/>\n<meta property=\"product:retailer_item_id\" content=\"8056-646\" \/>\n<meta property=\"product:condition\" content=\"new\" \/>\n<!-- \/ Yoast SEO Premium plugin. -->","yoast_head_json":{"title":"Permanent Protector 646 Ultra Thin - uszczelniacz ceramiczny 9H","description":"Prosty w u\u017cyciu, silny w ochronie. Nowy uszczelniacz ceramiczny Permanent Protector 646 Ultra Thin - 9H zapewnia niezawodn\u0105 ochron\u0119 przed czynnikami zewn\u0119trznymi.","robots":{"index":"index","follow":"follow","max-snippet":"max-snippet:-1","max-image-preview":"max-image-preview:large","max-video-preview":"max-video-preview:-1"},"canonical":"https:\/\/www.versiegelung24.com\/pl\/permanent-protector-646.html","og_locale":"pl_PL","og_type":"article","og_title":"Permanent Protect 646 5M","og_description":"Prosty w u\u017cyciu, silny w ochronie. Nowy uszczelniacz ceramiczny Permanent Protector 646 Ultra Thin - 9H zapewnia niezawodn\u0105 ochron\u0119 przed czynnikami zewn\u0119trznymi.","og_url":"https:\/\/www.versiegelung24.com\/pl\/permanent-protector-646.html","og_site_name":"versiegelung24.com","article_modified_time":"2025-09-08T14:04:15+00:00","og_image":[{"width":2560,"height":2560,"url":"https:\/\/www.versiegelung24.com\/wp-content\/uploads\/2025\/08\/V24-Permanent-Protector-646-Keramikversiegelung-scaled-1.jpg","type":"image\/jpeg"}],"twitter_card":"summary_large_image","twitter_misc":{"Dost\u0119pno\u015b\u0107":"Dost\u0119pny"},"schema":{"@context":"https:\/\/schema.org","@graph":[{"@type":"WebPage","@id":"https:\/\/www.versiegelung24.com\/pl\/permanent-protector-646.html","url":"https:\/\/www.versiegelung24.com\/pl\/permanent-protector-646.html","name":"Permanent Protector 646 Ultra Thin - uszczelniacz ceramiczny 9H","isPartOf":{"@id":"https:\/\/www.versiegelung24.com\/pl\/#website"},"primaryImageOfPage":{"@id":"https:\/\/www.versiegelung24.com\/pl\/permanent-protector-646.html#primaryimage"},"image":{"@id":"https:\/\/www.versiegelung24.com\/pl\/permanent-protector-646.html#primaryimage"},"thumbnailUrl":"https:\/\/www.versiegelung24.com\/wp-content\/uploads\/2025\/08\/V24-Permanent-Protector-646-Keramikversiegelung-scaled-1.jpg","datePublished":"2025-08-28T12:07:51+00:00","dateModified":"2025-09-08T14:04:15+00:00","description":"Prosty w u\u017cyciu, silny w ochronie. Nowy uszczelniacz ceramiczny Permanent Protector 646 Ultra Thin - 9H zapewnia niezawodn\u0105 ochron\u0119 przed czynnikami zewn\u0119trznymi.","breadcrumb":{"@id":"https:\/\/www.versiegelung24.com\/pl\/permanent-protector-646.html#breadcrumb"},"inLanguage":"pl-PL","potentialAction":[{"@type":"ReadAction","target":["https:\/\/www.versiegelung24.com\/pl\/permanent-protector-646.html"]}]},{"@type":"ImageObject","inLanguage":"pl-PL","@id":"https:\/\/www.versiegelung24.com\/pl\/permanent-protector-646.html#primaryimage","url":"https:\/\/www.versiegelung24.com\/wp-content\/uploads\/2025\/08\/V24-Permanent-Protector-646-Keramikversiegelung-scaled-1.jpg","contentUrl":"https:\/\/www.versiegelung24.com\/wp-content\/uploads\/2025\/08\/V24-Permanent-Protector-646-Keramikversiegelung-scaled-1.jpg","width":2560,"height":2560},{"@type":"BreadcrumbList","@id":"https:\/\/www.versiegelung24.com\/pl\/permanent-protector-646.html#breadcrumb","itemListElement":[{"@type":"ListItem","position":1,"name":"Strona g\u0142\u00f3wna","item":"https:\/\/www.versiegelung24.com\/pl\/przod\/"},{"@type":"ListItem","position":2,"name":"Sklep","item":"https:\/\/www.versiegelung24.com\/pl\/sklep\/"},{"@type":"ListItem","position":3,"name":"Permanent Protect 646 5M"}]},{"@type":"WebSite","@id":"https:\/\/www.versiegelung24.com\/pl\/#website","url":"https:\/\/www.versiegelung24.com\/pl\/","name":"versiegelung24.com","description":"Fl\u00fcssigglas-Versiegelung - Made in Germany","publisher":{"@id":"https:\/\/www.versiegelung24.com\/pl\/#organization"},"potentialAction":[{"@type":"SearchAction","target":{"@type":"EntryPoint","urlTemplate":"https:\/\/www.versiegelung24.com\/pl\/?s={search_term_string}"},"query-input":{"@type":"PropertyValueSpecification","valueRequired":true,"valueName":"search_term_string"}}],"inLanguage":"pl-PL"},{"@type":"Organization","@id":"https:\/\/www.versiegelung24.com\/pl\/#organization","name":"versiegelung24","url":"https:\/\/www.versiegelung24.com\/pl\/","logo":{"@type":"ImageObject","inLanguage":"pl-PL","@id":"https:\/\/www.versiegelung24.com\/pl\/#\/schema\/logo\/image\/","url":"https:\/\/www.versiegelung24.com\/wp-content\/uploads\/2020\/04\/versiegelung24.png","contentUrl":"https:\/\/www.versiegelung24.com\/wp-content\/uploads\/2020\/04\/versiegelung24.png","width":470,"height":102,"caption":"versiegelung24"},"image":{"@id":"https:\/\/www.versiegelung24.com\/pl\/#\/schema\/logo\/image\/"}}]},"og_availability":"instock","product_availability":"instock","product_retailer_item_id":"8056-646","product_condition":"new"},"_links":{"self":[{"href":"https:\/\/www.versiegelung24.com\/pl\/wp-json\/wp\/v2\/product\/182993","targetHints":{"allow":["GET"]}}],"collection":[{"href":"https:\/\/www.versiegelung24.com\/pl\/wp-json\/wp\/v2\/product"}],"about":[{"href":"https:\/\/www.versiegelung24.com\/pl\/wp-json\/wp\/v2\/types\/product"}],"version-history":[{"count":3,"href":"https:\/\/www.versiegelung24.com\/pl\/wp-json\/wp\/v2\/product\/182993\/revisions"}],"predecessor-version":[{"id":183570,"href":"https:\/\/www.versiegelung24.com\/pl\/wp-json\/wp\/v2\/product\/182993\/revisions\/183570"}],"wp:featuredmedia":[{"embeddable":true,"href":"https:\/\/www.versiegelung24.com\/pl\/wp-json\/wp\/v2\/media\/183065"}],"wp:attachment":[{"href":"https:\/\/www.versiegelung24.com\/pl\/wp-json\/wp\/v2\/media?parent=182993"}],"wp:term":[{"taxonomy":"product_brand","embeddable":true,"href":"https:\/\/www.versiegelung24.com\/pl\/wp-json\/wp\/v2\/product_brand?post=182993"},{"taxonomy":"product_cat","embeddable":true,"href":"https:\/\/www.versiegelung24.com\/pl\/wp-json\/wp\/v2\/product_cat?post=182993"},{"taxonomy":"product_tag","embeddable":true,"href":"https:\/\/www.versiegelung24.com\/pl\/wp-json\/wp\/v2\/product_tag?post=182993"}],"curies":[{"name":"wp","href":"https:\/\/api.w.org\/{rel}","templated":true}]}}