{"id":22908,"date":"2020-04-04T18:53:11","date_gmt":"2021-08-02T19:07:22","guid":{"rendered":"https:\/\/www.versiegelung24.com\/produkt\/uszczelnianie-tekstyliow-w-profesjonalnej-jakosci"},"modified":"2025-01-03T23:26:27","modified_gmt":"2025-01-03T22:26:27","slug":"tekstylia-uszczelnianie-w-profesjonalnej-jakosci","status":"publish","type":"product","link":"https:\/\/www.versiegelung24.com\/pl\/tekstylia-uszczelnianie-w-profesjonalnej-jakosci.html","title":{"rendered":"Rapid Tex &#8211; uszczelnianie tekstyli\u00f3w w profesjonalnej jako\u015bci"},"content":{"rendered":"\n<p><strong>Profesjonalna uszczelka tekstylna z efektem lotosu (wodoodporno\u015b\u0107) do u\u017cytku wewn\u0105trz i na zewn\u0105trz<\/strong><\/p>\n\n<p>Wysoka jako\u015b\u0107 Made in Germany.<\/p>\n\n<hr\/>\n\n<h4 class=\"wp-block-heading\" id=\"properties\">Cechy produktu<\/h4>\n\n<div class=\"wp-block-columns is-layout-flex wp-container-core-columns-is-layout-9d6595d7 wp-block-columns-is-layout-flex\">\n<div class=\"wp-block-column is-layout-flow wp-block-column-is-layout-flow\">\n<ul class=\"wp-block-list\">\n<li>Silne dzia\u0142anie hydrofobowe i oleofobowe (odpychanie wody i oleju)<\/li>\n\n\n\n<li>Doskona\u0142y efekt \u0142atwego czyszczenia<\/li>\n\n\n\n<li>Zanieczyszczenia mo\u017cna \u0142atwo usun\u0105\u0107 wilgotn\u0105 szmatk\u0105<\/li>\n\n\n\n<li>Oddychaj\u0105ca<\/li>\n\n\n\n<li>Niewidoczny (bez zmian w wygl\u0105dzie i dotyku)<\/li>\n\n\n\n<li>Silne w\u0142a\u015bciwo\u015bci nieprzywieraj\u0105ce<\/li>\n\n\n\n<li>Ochrona przed plamami<\/li>\n\n\n\n<li>Zmniejsza u\u017cycie chemicznych \u015brodk\u00f3w czyszcz\u0105cych<\/li>\n<\/ul>\n<\/div>\n\n\n\n<div class=\"wp-block-column is-layout-flow wp-block-column-is-layout-flow\">\n<ul id=\"block-f0be9b0c-a029-4c3c-a6e1-740fba50b471\" class=\"wp-block-list\">\n<li>Zwi\u0119ksza odporno\u015b\u0107 na zu\u017cycie<\/li>\n\n\n\n<li>Brak pogorszenia wygl\u0105du<\/li>\n\n\n\n<li>Nanotechnologia SiO\u00b2<\/li>\n\n\n\n<li>Ochrona w\u0142\u00f3kien przed wnikaniem cz\u0105stek brudu<\/li>\n\n\n\n<li>Prosta aplikacja<\/li>\n\n\n\n<li>D\u0142ugi okres trwa\u0142o\u015bci w zale\u017cno\u015bci od napr\u0119\u017ce\u0144 mechanicznych<\/li>\n<\/ul>\n\n\n\n<p><br\/><br\/>Zakres dostawy: 1 x litrowa butelka 1 x g\u0142owica rozpylaj\u0105ca z pompk\u0105<br\/><\/p>\n<\/div>\n<\/div>\n\n<hr\/>\n\n<h4 class=\"wp-block-heading\" id=\"application\">Zastosowanie<\/h4>\n\n<div class=\"wp-block-columns is-layout-flex wp-container-core-columns-is-layout-9d6595d7 wp-block-columns-is-layout-flex\">\n<div class=\"wp-block-column is-layout-flow wp-block-column-is-layout-flow\">\n<ul class=\"wp-block-list\">\n<li>odzie\u017c<\/li>\n\n\n\n<li>Tekstylia domowe (tapicerka, meble, dywany)<\/li>\n\n\n\n<li>Zamsz<\/li>\n\n\n\n<li>Karton papierowy<\/li>\n<\/ul>\n\n\n\n<p>Zu\u017cycie zale\u017cy w du\u017cej mierze od struktury, ch\u0142onno\u015bci i grubo\u015bci pokrywanego materia\u0142u, ok. 10-50 m\u00b2\/litr (ok. 10ml\/m\u00b2 na mm grubo\u015bci w zale\u017cno\u015bci od ch\u0142onno\u015bci).<\/p>\n<\/div>\n\n\n\n<div class=\"wp-block-column is-layout-flow wp-block-column-is-layout-flow\">\n<p><em>Uwaga: Uszczelka zosta\u0142a opracowana dla tekstyli\u00f3w, kt\u00f3re nigdy lub rzadko s\u0105 prane. Trwa\u0142o\u015b\u0107 plomby na regularnie pranych ubraniach wynosi do 5 pra\u0144, przy max. 30\u00b0C i pranie tylko wod\u0105, bez detergentu.<\/em><\/p>\n\n\n\n<p><br\/><br\/>\u0141atwa aplikacja: 1. Spryska\u0107 czyst\u0105 powierzchni\u0119. 3. Pozostawi\u0107 do wyschni\u0119cia i dzia\u0142ania na 12 godzin.<\/p>\n\n\n\n<p>Trwa\u0142o\u015b\u0107: do 1-5 lat (w zale\u017cno\u015bci od materia\u0142u)<\/p>\n<\/div>\n<\/div>\n\n<p><strong>Nadaje si\u0119 do:<\/strong><br\/>Meble tapicerowane, materace, pokrowce materia\u0142owe, fotele samochodowe, namioty, odzie\u017c rekreacyjna i robocza, garnitury, koszule\/bluzki, krawaty, markizy, tekstylia domowe, kurtki, zamsz (tylko je\u015bli nie by\u0142 wcze\u015bniej powlekany), odzie\u017c przygodowa, teczki, anoraki, Garnitury, tapicerka samochodowa, bawe\u0142na, zas\u0142ony, r\u0119kawiczki materia\u0142owe, rolety tekstylne, foteliki dzieci\u0119ce, w\u00f3zki dzieci\u0119ce, poduszki, kostiumy materia\u0142owe, listwy materia\u0142owe, sk\u00f3ra nappa, p\u0142aszcze, kapelusze, mi\u0119kkie zabawki, plecaki, kurtki, jedwab, parasole, zabawki materia\u0142owe, obrusy i wiele innych.<\/p>\n","protected":false},"excerpt":{"rendered":"<p><strong>Profesjonalne uszczelnianie tekstyli\u00f3w:<\/strong><\/p>\n<p>\u2713 Z efektem lotosu (wodoodporno\u015b\u0107)<\/p>\n<p>\u2713 Do u\u017cytku wewn\u0105trz i na zewn\u0105trz<\/p>\n","protected":false},"featured_media":125356,"template":"","meta":{"_acf_changed":false,"neve_meta_sidebar":"","neve_meta_container":"","neve_meta_enable_content_width":"","neve_meta_content_width":0,"neve_meta_title_alignment":"","neve_meta_author_avatar":"","neve_post_elements_order":"","neve_meta_disable_header":"","neve_meta_disable_footer":"","neve_meta_disable_title":"","neve_meta_reading_time":"","_surfaces":[],"_ver_product_tabs":[],"footnotes":""},"product_brand":[],"product_cat":[2389],"product_tag":[],"class_list":{"0":"post-22908","1":"product","2":"type-product","3":"status-publish","4":"has-post-thumbnail","6":"product_cat-uszczelnianie-skory-i-tekstyliow","8":"first","9":"instock","10":"taxable","11":"shipping-taxable","12":"purchasable","13":"product-type-simple"},"acf":[],"yoast_head":"<!-- This site is optimized with the Yoast SEO Premium plugin v22.8 (Yoast SEO v27.5) - https:\/\/yoast.com\/product\/yoast-seo-premium-wordpress\/ -->\n<title>Rapid Tex - uszczelnianie tekstyli\u00f3w w profesjonalnej jako\u015bci - versiegelung24.com<\/title>\n<meta name=\"robots\" content=\"index, follow, max-snippet:-1, max-image-preview:large, max-video-preview:-1\" \/>\n<link rel=\"canonical\" href=\"https:\/\/www.versiegelung24.com\/pl\/tekstylia-uszczelnianie-w-profesjonalnej-jakosci.html\" \/>\n<meta property=\"og:locale\" content=\"pl_PL\" \/>\n<meta property=\"og:type\" content=\"article\" \/>\n<meta property=\"og:title\" content=\"Rapid Tex - uszczelnianie tekstyli\u00f3w w profesjonalnej jako\u015bci\" \/>\n<meta property=\"og:description\" content=\"Profesjonalne uszczelnianie tekstyli\u00f3w: \u2713 Z efektem lotosu (wodoodporno\u015b\u0107) \u2713 Do u\u017cytku wewn\u0105trz i na zewn\u0105trz\" \/>\n<meta property=\"og:url\" content=\"https:\/\/www.versiegelung24.com\/pl\/tekstylia-uszczelnianie-w-profesjonalnej-jakosci.html\" \/>\n<meta property=\"og:site_name\" content=\"versiegelung24.com\" \/>\n<meta property=\"article:modified_time\" content=\"2025-01-03T22:26:27+00:00\" \/>\n<meta property=\"og:image\" content=\"https:\/\/www.versiegelung24.com\/wp-content\/uploads\/2020\/04\/produkt-6000-689-1000-rapid-tex-Textilversiegelung-scaled.webp\" \/>\n\t<meta property=\"og:image:width\" content=\"2560\" \/>\n\t<meta property=\"og:image:height\" content=\"2560\" \/>\n\t<meta property=\"og:image:type\" content=\"image\/webp\" \/>\n<meta name=\"twitter:card\" content=\"summary_large_image\" \/>\n<meta name=\"twitter:label1\" content=\"Cena\" \/>\n\t<meta name=\"twitter:data1\" content=\"49,00&euro;\" \/>\n\t<meta name=\"twitter:label2\" content=\"Dost\u0119pno\u015b\u0107\" \/>\n\t<meta name=\"twitter:data2\" content=\"Dost\u0119pny\" \/>\n<script type=\"application\/ld+json\" class=\"yoast-schema-graph\">{\"@context\":\"https:\\\/\\\/schema.org\",\"@graph\":[{\"@type\":\"WebPage\",\"@id\":\"https:\\\/\\\/www.versiegelung24.com\\\/pl\\\/tekstylia-uszczelnianie-w-profesjonalnej-jakosci.html\",\"url\":\"https:\\\/\\\/www.versiegelung24.com\\\/pl\\\/tekstylia-uszczelnianie-w-profesjonalnej-jakosci.html\",\"name\":\"Rapid Tex - uszczelnianie tekstyli\u00f3w w profesjonalnej jako\u015bci - versiegelung24.com\",\"isPartOf\":{\"@id\":\"https:\\\/\\\/www.versiegelung24.com\\\/pl\\\/#website\"},\"primaryImageOfPage\":{\"@id\":\"https:\\\/\\\/www.versiegelung24.com\\\/pl\\\/tekstylia-uszczelnianie-w-profesjonalnej-jakosci.html#primaryimage\"},\"image\":{\"@id\":\"https:\\\/\\\/www.versiegelung24.com\\\/pl\\\/tekstylia-uszczelnianie-w-profesjonalnej-jakosci.html#primaryimage\"},\"thumbnailUrl\":\"https:\\\/\\\/www.versiegelung24.com\\\/wp-content\\\/uploads\\\/2020\\\/04\\\/produkt-6000-689-1000-rapid-tex-Textilversiegelung-scaled.webp\",\"datePublished\":\"2021-08-02T19:07:22+00:00\",\"dateModified\":\"2025-01-03T22:26:27+00:00\",\"breadcrumb\":{\"@id\":\"https:\\\/\\\/www.versiegelung24.com\\\/pl\\\/tekstylia-uszczelnianie-w-profesjonalnej-jakosci.html#breadcrumb\"},\"inLanguage\":\"pl-PL\",\"potentialAction\":[{\"@type\":\"ReadAction\",\"target\":[\"https:\\\/\\\/www.versiegelung24.com\\\/pl\\\/tekstylia-uszczelnianie-w-profesjonalnej-jakosci.html\"]}]},{\"@type\":\"ImageObject\",\"inLanguage\":\"pl-PL\",\"@id\":\"https:\\\/\\\/www.versiegelung24.com\\\/pl\\\/tekstylia-uszczelnianie-w-profesjonalnej-jakosci.html#primaryimage\",\"url\":\"https:\\\/\\\/www.versiegelung24.com\\\/wp-content\\\/uploads\\\/2020\\\/04\\\/produkt-6000-689-1000-rapid-tex-Textilversiegelung-scaled.webp\",\"contentUrl\":\"https:\\\/\\\/www.versiegelung24.com\\\/wp-content\\\/uploads\\\/2020\\\/04\\\/produkt-6000-689-1000-rapid-tex-Textilversiegelung-scaled.webp\",\"width\":2560,\"height\":2560},{\"@type\":\"BreadcrumbList\",\"@id\":\"https:\\\/\\\/www.versiegelung24.com\\\/pl\\\/tekstylia-uszczelnianie-w-profesjonalnej-jakosci.html#breadcrumb\",\"itemListElement\":[{\"@type\":\"ListItem\",\"position\":1,\"name\":\"Strona g\u0142\u00f3wna\",\"item\":\"https:\\\/\\\/www.versiegelung24.com\\\/pl\\\/przod\\\/\"},{\"@type\":\"ListItem\",\"position\":2,\"name\":\"Sklep\",\"item\":\"https:\\\/\\\/www.versiegelung24.com\\\/pl\\\/sklep\\\/\"},{\"@type\":\"ListItem\",\"position\":3,\"name\":\"Rapid Tex &#8211; uszczelnianie tekstyli\u00f3w w profesjonalnej jako\u015bci\"}]},{\"@type\":\"WebSite\",\"@id\":\"https:\\\/\\\/www.versiegelung24.com\\\/pl\\\/#website\",\"url\":\"https:\\\/\\\/www.versiegelung24.com\\\/pl\\\/\",\"name\":\"versiegelung24.com\",\"description\":\"Fl\u00fcssigglas-Versiegelung - Made in Germany\",\"publisher\":{\"@id\":\"https:\\\/\\\/www.versiegelung24.com\\\/pl\\\/#organization\"},\"potentialAction\":[{\"@type\":\"SearchAction\",\"target\":{\"@type\":\"EntryPoint\",\"urlTemplate\":\"https:\\\/\\\/www.versiegelung24.com\\\/pl\\\/?s={search_term_string}\"},\"query-input\":{\"@type\":\"PropertyValueSpecification\",\"valueRequired\":true,\"valueName\":\"search_term_string\"}}],\"inLanguage\":\"pl-PL\"},{\"@type\":\"Organization\",\"@id\":\"https:\\\/\\\/www.versiegelung24.com\\\/pl\\\/#organization\",\"name\":\"versiegelung24\",\"url\":\"https:\\\/\\\/www.versiegelung24.com\\\/pl\\\/\",\"logo\":{\"@type\":\"ImageObject\",\"inLanguage\":\"pl-PL\",\"@id\":\"https:\\\/\\\/www.versiegelung24.com\\\/pl\\\/#\\\/schema\\\/logo\\\/image\\\/\",\"url\":\"https:\\\/\\\/www.versiegelung24.com\\\/wp-content\\\/uploads\\\/2020\\\/04\\\/versiegelung24.png\",\"contentUrl\":\"https:\\\/\\\/www.versiegelung24.com\\\/wp-content\\\/uploads\\\/2020\\\/04\\\/versiegelung24.png\",\"width\":470,\"height\":102,\"caption\":\"versiegelung24\"},\"image\":{\"@id\":\"https:\\\/\\\/www.versiegelung24.com\\\/pl\\\/#\\\/schema\\\/logo\\\/image\\\/\"}}]}<\/script>\n<meta property=\"product:price:amount\" content=\"49.00\" \/>\n<meta property=\"product:price:currency\" content=\"EUR\" \/>\n<meta property=\"og:availability\" content=\"instock\" \/>\n<meta property=\"product:availability\" content=\"instock\" \/>\n<meta property=\"product:retailer_item_id\" content=\"6000-689-1000\" \/>\n<meta property=\"product:condition\" content=\"new\" \/>\n<!-- \/ Yoast SEO Premium plugin. -->","yoast_head_json":{"title":"Rapid Tex - uszczelnianie tekstyli\u00f3w w profesjonalnej jako\u015bci - versiegelung24.com","robots":{"index":"index","follow":"follow","max-snippet":"max-snippet:-1","max-image-preview":"max-image-preview:large","max-video-preview":"max-video-preview:-1"},"canonical":"https:\/\/www.versiegelung24.com\/pl\/tekstylia-uszczelnianie-w-profesjonalnej-jakosci.html","og_locale":"pl_PL","og_type":"article","og_title":"Rapid Tex - uszczelnianie tekstyli\u00f3w w profesjonalnej jako\u015bci","og_description":"Profesjonalne uszczelnianie tekstyli\u00f3w: \u2713 Z efektem lotosu (wodoodporno\u015b\u0107) \u2713 Do u\u017cytku wewn\u0105trz i na zewn\u0105trz","og_url":"https:\/\/www.versiegelung24.com\/pl\/tekstylia-uszczelnianie-w-profesjonalnej-jakosci.html","og_site_name":"versiegelung24.com","article_modified_time":"2025-01-03T22:26:27+00:00","og_image":[{"width":2560,"height":2560,"url":"https:\/\/www.versiegelung24.com\/wp-content\/uploads\/2020\/04\/produkt-6000-689-1000-rapid-tex-Textilversiegelung-scaled.webp","type":"image\/webp"}],"twitter_card":"summary_large_image","twitter_misc":{"Cena":"49,00&euro;","Dost\u0119pno\u015b\u0107":"Dost\u0119pny"},"schema":{"@context":"https:\/\/schema.org","@graph":[{"@type":"WebPage","@id":"https:\/\/www.versiegelung24.com\/pl\/tekstylia-uszczelnianie-w-profesjonalnej-jakosci.html","url":"https:\/\/www.versiegelung24.com\/pl\/tekstylia-uszczelnianie-w-profesjonalnej-jakosci.html","name":"Rapid Tex - uszczelnianie tekstyli\u00f3w w profesjonalnej jako\u015bci - versiegelung24.com","isPartOf":{"@id":"https:\/\/www.versiegelung24.com\/pl\/#website"},"primaryImageOfPage":{"@id":"https:\/\/www.versiegelung24.com\/pl\/tekstylia-uszczelnianie-w-profesjonalnej-jakosci.html#primaryimage"},"image":{"@id":"https:\/\/www.versiegelung24.com\/pl\/tekstylia-uszczelnianie-w-profesjonalnej-jakosci.html#primaryimage"},"thumbnailUrl":"https:\/\/www.versiegelung24.com\/wp-content\/uploads\/2020\/04\/produkt-6000-689-1000-rapid-tex-Textilversiegelung-scaled.webp","datePublished":"2021-08-02T19:07:22+00:00","dateModified":"2025-01-03T22:26:27+00:00","breadcrumb":{"@id":"https:\/\/www.versiegelung24.com\/pl\/tekstylia-uszczelnianie-w-profesjonalnej-jakosci.html#breadcrumb"},"inLanguage":"pl-PL","potentialAction":[{"@type":"ReadAction","target":["https:\/\/www.versiegelung24.com\/pl\/tekstylia-uszczelnianie-w-profesjonalnej-jakosci.html"]}]},{"@type":"ImageObject","inLanguage":"pl-PL","@id":"https:\/\/www.versiegelung24.com\/pl\/tekstylia-uszczelnianie-w-profesjonalnej-jakosci.html#primaryimage","url":"https:\/\/www.versiegelung24.com\/wp-content\/uploads\/2020\/04\/produkt-6000-689-1000-rapid-tex-Textilversiegelung-scaled.webp","contentUrl":"https:\/\/www.versiegelung24.com\/wp-content\/uploads\/2020\/04\/produkt-6000-689-1000-rapid-tex-Textilversiegelung-scaled.webp","width":2560,"height":2560},{"@type":"BreadcrumbList","@id":"https:\/\/www.versiegelung24.com\/pl\/tekstylia-uszczelnianie-w-profesjonalnej-jakosci.html#breadcrumb","itemListElement":[{"@type":"ListItem","position":1,"name":"Strona g\u0142\u00f3wna","item":"https:\/\/www.versiegelung24.com\/pl\/przod\/"},{"@type":"ListItem","position":2,"name":"Sklep","item":"https:\/\/www.versiegelung24.com\/pl\/sklep\/"},{"@type":"ListItem","position":3,"name":"Rapid Tex &#8211; uszczelnianie tekstyli\u00f3w w profesjonalnej jako\u015bci"}]},{"@type":"WebSite","@id":"https:\/\/www.versiegelung24.com\/pl\/#website","url":"https:\/\/www.versiegelung24.com\/pl\/","name":"versiegelung24.com","description":"Fl\u00fcssigglas-Versiegelung - Made in Germany","publisher":{"@id":"https:\/\/www.versiegelung24.com\/pl\/#organization"},"potentialAction":[{"@type":"SearchAction","target":{"@type":"EntryPoint","urlTemplate":"https:\/\/www.versiegelung24.com\/pl\/?s={search_term_string}"},"query-input":{"@type":"PropertyValueSpecification","valueRequired":true,"valueName":"search_term_string"}}],"inLanguage":"pl-PL"},{"@type":"Organization","@id":"https:\/\/www.versiegelung24.com\/pl\/#organization","name":"versiegelung24","url":"https:\/\/www.versiegelung24.com\/pl\/","logo":{"@type":"ImageObject","inLanguage":"pl-PL","@id":"https:\/\/www.versiegelung24.com\/pl\/#\/schema\/logo\/image\/","url":"https:\/\/www.versiegelung24.com\/wp-content\/uploads\/2020\/04\/versiegelung24.png","contentUrl":"https:\/\/www.versiegelung24.com\/wp-content\/uploads\/2020\/04\/versiegelung24.png","width":470,"height":102,"caption":"versiegelung24"},"image":{"@id":"https:\/\/www.versiegelung24.com\/pl\/#\/schema\/logo\/image\/"}}]},"product_price_amount":"49.00","product_price_currency":"EUR","og_availability":"instock","product_availability":"instock","product_retailer_item_id":"6000-689-1000","product_condition":"new"},"_links":{"self":[{"href":"https:\/\/www.versiegelung24.com\/pl\/wp-json\/wp\/v2\/product\/22908","targetHints":{"allow":["GET"]}}],"collection":[{"href":"https:\/\/www.versiegelung24.com\/pl\/wp-json\/wp\/v2\/product"}],"about":[{"href":"https:\/\/www.versiegelung24.com\/pl\/wp-json\/wp\/v2\/types\/product"}],"version-history":[{"count":13,"href":"https:\/\/www.versiegelung24.com\/pl\/wp-json\/wp\/v2\/product\/22908\/revisions"}],"predecessor-version":[{"id":174348,"href":"https:\/\/www.versiegelung24.com\/pl\/wp-json\/wp\/v2\/product\/22908\/revisions\/174348"}],"wp:featuredmedia":[{"embeddable":true,"href":"https:\/\/www.versiegelung24.com\/pl\/wp-json\/wp\/v2\/media\/125356"}],"wp:attachment":[{"href":"https:\/\/www.versiegelung24.com\/pl\/wp-json\/wp\/v2\/media?parent=22908"}],"wp:term":[{"taxonomy":"product_brand","embeddable":true,"href":"https:\/\/www.versiegelung24.com\/pl\/wp-json\/wp\/v2\/product_brand?post=22908"},{"taxonomy":"product_cat","embeddable":true,"href":"https:\/\/www.versiegelung24.com\/pl\/wp-json\/wp\/v2\/product_cat?post=22908"},{"taxonomy":"product_tag","embeddable":true,"href":"https:\/\/www.versiegelung24.com\/pl\/wp-json\/wp\/v2\/product_tag?post=22908"}],"curies":[{"name":"wp","href":"https:\/\/api.w.org\/{rel}","templated":true}]}}