{"id":22931,"date":"2020-04-04T18:53:18","date_gmt":"2021-08-02T19:08:18","guid":{"rendered":"https:\/\/www.versiegelung24.com\/produkt\/chusteczki-do-dlugotrwalej-dezynfekcji-powierzchni-bacoban-50-sztuk-w-plaskim-opakowaniu"},"modified":"2025-01-13T16:38:00","modified_gmt":"2025-01-13T15:38:00","slug":"bacoban-sciereczki-dlugotrwale-do-dezynfekcji-powierzchni-50-sztuk-w-plaskich-pakietach-format-180-x-200mm","status":"publish","type":"product","link":"https:\/\/www.versiegelung24.com\/pl\/bacoban-sciereczki-dlugotrwale-do-dezynfekcji-powierzchni-50-sztuk-w-plaskich-pakietach-format-180-x-200mm.html","title":{"rendered":"Chusteczki do d\u0142ugotrwa\u0142ej dezynfekcji powierzchni BACOBAN\u00ae, 50 sztuk w p\u0142askim opakowaniu"},"content":{"rendered":"\n<p>Gotowe do u\u017cycia chusteczki nawil\u017cane do dezynfekcji powierzchni odpornych na dzia\u0142anie alkoholu<\/p>\n\n<hr \/>\n\n<h4 class=\"wp-block-heading\" id=\"properties\">Cechy produktu<\/h4>\n\n<div class=\"wp-block-columns is-layout-flex wp-container-core-columns-is-layout-9d6595d7 wp-block-columns-is-layout-flex\">\n<div class=\"wp-block-column is-layout-flow wp-block-column-is-layout-flow\">\n<ul class=\"wp-block-list\">\n<li><br \/>Trwa\u0142e dzia\u0142anie przeciwdrobnoustrojowe (efekt remanencji) do 10 dni<\/li>\n\n\n\n<li>skuteczny przeciwko koronawirusowi<\/li>\n\n\n\n<li>bardzo dobra tolerancja sk\u00f3ry<\/li>\n\n\n\n<li>wysoki efekt czyszczenia<\/li>\n\n\n\n<li>Praktyczne zastosowanie przetestowane w te\u015bcie 4-polowym<\/li>\n<\/ul>\n<\/div>\n\n\n\n<div class=\"wp-block-column is-layout-flow wp-block-column-is-layout-flow\">\n<h3 class=\"wp-block-heading\" id=\"zusammensetzung\">kompozycja<\/h3>\n\n\n\n<p>100 g roztworu zawiera:<br \/><br \/>Chlorek benzalkoniowy 0,26 g, pirytionian sodu 0,025 g, polikondensaty, substancje zapachowe, woda oczyszczona. Sk\u0142adniki zgodne z rozporz\u0105dzeniem (WE) nr 648\/2004: mniej ni\u017c 5% kationowych \u015brodk\u00f3w powierzchniowo czynnych, \u015brodek dezynfekuj\u0105cy, substancja zapachowa. Nie zawiera formaldehydu, nie zawiera fenolu.<\/p>\n<\/div>\n<\/div>\n\n<hr \/>\n\n<h4 class=\"wp-block-heading\" id=\"application\">Zastosowanie<\/h4>\n\n<p><strong>Bacoban<\/strong> <sup>\u00ae<\/sup> <strong>DL<\/strong> to gotowy do u\u017cycia roztw\u00f3r na bazie wody do dezynfekcji i czyszczenia powierzchni o d\u0142ugotrwa\u0142ym dzia\u0142aniu przeciwbakteryjnym (efekt resztkowy).<\/p>\n\n<h3 class=\"wp-block-heading\" id=\"gebrauch\">pos\u0142ugiwa\u0107 si\u0119<\/h3>\n\n<p><strong>We\u017a gotow\u0105 do u\u017cycia \u015bciereczk\u0119 Bacoban<\/strong> <sup>\u00ae<\/sup> <strong>DL<\/strong> i rozprowad\u017a p\u0142yn r\u00f3wnomiernie na powierzchni. Nast\u0119pnie pozw\u00f3l mu wyschn\u0105\u0107. Nie sp\u0142ukuj ani nie wycieraj do sucha.<\/p>\n\n<figure class=\"wp-block-table\"><table><tbody><tr><td>skuteczno\u015b\u0107<\/td><\/tr><tr><td>Testowanie zgodnie z wytycznymi DVV\/RKI<\/td><td>Czas ekspozycji<\/td><\/tr><tr><td><br \/>Ograniczone dzia\u0142anie wirusob\u00f3jcze (wirusy otoczkowe, w tym <strong>koronawirus<\/strong>, HIV, HBV, HCV, grypa, opryszczka, wirus Ebola&#8230;.)<\/td><td>5 minut<\/td><\/tr><tr><td>Rotawirus<\/td><td>5 minut<\/td><\/tr><tr><td>Norowirus<\/td><td>30 minut<\/td><\/tr><tr><td>Wirus brodawczaka (HPV)<\/td><td>60 min<\/td><\/tr><tr><td>Testowanie zgodnie z wytycznymi DGHM (z mechanik\u0105, du\u017ce obci\u0105\u017cenie)<\/td><\/tr><tr><td>bakteriob\u00f3jcze i dro\u017cd\u017cob\u00f3jcze<\/td><td>5 minut<\/td><\/tr><tr><td>normy EN<\/td><\/tr><tr><td>EN 1040 (bakteriob\u00f3jczy)<\/td><td>5 minut<\/td><\/tr><tr><td>EN 1275 (dro\u017cdob\u00f3jczy)<\/td><td>5 minut<\/td><\/tr><tr><td>EN 1276 (bakteriob\u00f3jczy)<\/td><td>5 minut<\/td><\/tr><tr><td>EN 13727 (bakteriob\u00f3jczy)<\/td><td>5 minut<\/td><\/tr><tr><td>EN 13624 (drogob\u00f3jczy, grzybob\u00f3jczy)<\/td><td>5 minut<\/td><\/tr><tr><td>EN 1650 (dro\u017cdob\u00f3jczy)<\/td><td>5 minut<\/td><\/tr><tr><td>EN 13697 (bakteriob\u00f3jczy)<\/td><td>5 minut<\/td><\/tr><tr><td>EN 14561 (bakteriob\u00f3jczy)<\/td><td>60 min<\/td><\/tr><tr><td>EN 14562 (dro\u017cdob\u00f3jczy)<\/td><td>60 min<\/td><\/tr><tr><td>EN 16615 (bakteriob\u00f3jczy, dro\u017cd\u017cob\u00f3jczy) (test 4-polowy)<\/td><td>5 minut<\/td><\/tr><\/tbody><\/table><\/figure>\n\n<hr \/>\n\n<h4 class=\"wp-block-heading\" id=\"advisor\">Doradca<\/h4>\n\n<h3 class=\"wp-block-heading\" id=\"lagerung\">magazynowanie<\/h3>\n\n<p><strong>bacoban<\/strong><sup> \u00ae<\/sup><strong> DL<\/strong> przechowywa\u0107 w temperaturze od +5 do +25\u00b0C. Chroni\u0107 przed mrozem i bezpo\u015brednim dzia\u0142aniem promieni s\u0142onecznych.<\/p>\n\n<h3 class=\"wp-block-heading\" id=\"gutachten\">Oszacowanie<\/h3>\n\n<p>Nasze produkty zosta\u0142y gruntownie przetestowane. Na \u017cyczenie ch\u0119tnie przedstawimy Pa\u0144stwu nasze raporty mikrobiologiczne i dermatologiczne.<\/p>\n\n<h3 class=\"wp-block-heading\" id=\"sicherheitshinweis\">Uwaga dotycz\u0105ca bezpiecze\u0144stwa<\/h3>\n\n<p>Karta charakterystyki dost\u0119pna na \u017c\u0105danie.<\/p>\n\n<p><br \/>Trwa\u0142y efekt przeciwdrobnoustrojowy <strong>(efekt remanencji)<\/strong> do <strong>10 dni<\/strong> (testowany zgodnie z ASTM E 2180). Testowany dermatologicznie (test nask\u00f3rkowy z udzia\u0142em 30 os\u00f3b): bardzo dobra kompatybilno\u015b\u0107 ze sk\u00f3r\u0105.<\/p>\n\n<p><strong>Wa\u017cny<\/strong> ! Przeciwdrobnoustrojowy efekt pozosta\u0142o\u015bci<strong> bacoban<\/strong><sup> \u00ae<\/sup><strong> DL<\/strong> nie mo\u017ce prowadzi\u0107 do pomini\u0119cia niezb\u0119dnych \u015brodk\u00f3w dezynfekcyjnych w przypadku widocznego i\/lub w\u0105tpliwego zanieczyszczenia!<\/p>\n\n<p><strong>U\u017cywaj ostro\u017cnie \u015brodk\u00f3w dezynfekuj\u0105cych. Zawsze czytaj etykiet\u0119 i informacje o produkcie przed u\u017cyciem.<\/strong><\/p>\n\n<p>Biocyd nr rej.: N-34071 (D), 262\/17 \/ L (Lu), PT2<\/p>\n","protected":false},"excerpt":{"rendered":"<p><strong>Gotowe do u\u017cycia chusteczki nawil\u017cane do dezynfekcji powierzchni<\/strong><\/p>\n","protected":false},"featured_media":176469,"template":"","meta":{"_acf_changed":false,"neve_meta_sidebar":"","neve_meta_container":"","neve_meta_enable_content_width":"","neve_meta_content_width":0,"neve_meta_title_alignment":"","neve_meta_author_avatar":"","neve_post_elements_order":"","neve_meta_disable_header":"","neve_meta_disable_footer":"","neve_meta_disable_title":"","neve_meta_reading_time":"","_surfaces":[],"_ver_product_tabs":[],"footnotes":""},"product_brand":[],"product_cat":[2407,2458],"product_tag":[],"class_list":{"0":"post-22931","1":"product","2":"type-product","3":"status-publish","4":"has-post-thumbnail","6":"product_cat-srodki-dezynfekujace","7":"product_cat-srodki-do-dezynfekcji-powierzchni","9":"first","10":"onbackorder","11":"taxable","12":"shipping-taxable","13":"purchasable","14":"product-type-simple"},"acf":[],"yoast_head":"<!-- This site is optimized with the Yoast SEO Premium plugin v22.8 (Yoast SEO v27.5) - https:\/\/yoast.com\/product\/yoast-seo-premium-wordpress\/ -->\n<title>Chusteczki do d\u0142ugotrwa\u0142ej dezynfekcji powierzchni BACOBAN\u00ae, 50 sztuk w p\u0142askim opakowaniu - versiegelung24.com<\/title>\n<meta name=\"robots\" content=\"index, follow, max-snippet:-1, max-image-preview:large, max-video-preview:-1\" \/>\n<link rel=\"canonical\" href=\"https:\/\/www.versiegelung24.com\/pl\/bacoban-sciereczki-dlugotrwale-do-dezynfekcji-powierzchni-50-sztuk-w-plaskich-pakietach-format-180-x-200mm.html\" \/>\n<meta property=\"og:locale\" content=\"pl_PL\" \/>\n<meta property=\"og:type\" content=\"article\" \/>\n<meta property=\"og:title\" content=\"Chusteczki do d\u0142ugotrwa\u0142ej dezynfekcji powierzchni BACOBAN\u00ae, 50 sztuk w p\u0142askim opakowaniu\" \/>\n<meta property=\"og:description\" content=\"Gotowe do u\u017cycia chusteczki nawil\u017cane do dezynfekcji powierzchni\" \/>\n<meta property=\"og:url\" content=\"https:\/\/www.versiegelung24.com\/pl\/bacoban-sciereczki-dlugotrwale-do-dezynfekcji-powierzchni-50-sztuk-w-plaskich-pakietach-format-180-x-200mm.html\" \/>\n<meta property=\"og:site_name\" content=\"versiegelung24.com\" \/>\n<meta property=\"article:modified_time\" content=\"2025-01-13T15:38:00+00:00\" \/>\n<meta property=\"og:image\" content=\"https:\/\/www.versiegelung24.com\/wp-content\/uploads\/2020\/04\/bacotue-produktbild-schraeg.webp\" \/>\n\t<meta property=\"og:image:width\" content=\"2000\" \/>\n\t<meta property=\"og:image:height\" content=\"2000\" \/>\n\t<meta property=\"og:image:type\" content=\"image\/webp\" \/>\n<meta name=\"twitter:card\" content=\"summary_large_image\" \/>\n<meta name=\"twitter:label1\" content=\"Cena\" \/>\n\t<meta name=\"twitter:data1\" content=\"7,79&euro;\" \/>\n\t<meta name=\"twitter:label2\" content=\"Dost\u0119pno\u015b\u0107\" \/>\n\t<meta name=\"twitter:data2\" content=\"Na zam\u00f3wienie\" \/>\n<script type=\"application\/ld+json\" class=\"yoast-schema-graph\">{\"@context\":\"https:\\\/\\\/schema.org\",\"@graph\":[{\"@type\":\"WebPage\",\"@id\":\"https:\\\/\\\/www.versiegelung24.com\\\/pl\\\/bacoban-sciereczki-dlugotrwale-do-dezynfekcji-powierzchni-50-sztuk-w-plaskich-pakietach-format-180-x-200mm.html\",\"url\":\"https:\\\/\\\/www.versiegelung24.com\\\/pl\\\/bacoban-sciereczki-dlugotrwale-do-dezynfekcji-powierzchni-50-sztuk-w-plaskich-pakietach-format-180-x-200mm.html\",\"name\":\"Chusteczki do d\u0142ugotrwa\u0142ej dezynfekcji powierzchni BACOBAN\u00ae, 50 sztuk w p\u0142askim opakowaniu - versiegelung24.com\",\"isPartOf\":{\"@id\":\"https:\\\/\\\/www.versiegelung24.com\\\/pl\\\/#website\"},\"primaryImageOfPage\":{\"@id\":\"https:\\\/\\\/www.versiegelung24.com\\\/pl\\\/bacoban-sciereczki-dlugotrwale-do-dezynfekcji-powierzchni-50-sztuk-w-plaskich-pakietach-format-180-x-200mm.html#primaryimage\"},\"image\":{\"@id\":\"https:\\\/\\\/www.versiegelung24.com\\\/pl\\\/bacoban-sciereczki-dlugotrwale-do-dezynfekcji-powierzchni-50-sztuk-w-plaskich-pakietach-format-180-x-200mm.html#primaryimage\"},\"thumbnailUrl\":\"https:\\\/\\\/www.versiegelung24.com\\\/wp-content\\\/uploads\\\/2020\\\/04\\\/bacotue-produktbild-schraeg.webp\",\"datePublished\":\"2021-08-02T19:08:18+00:00\",\"dateModified\":\"2025-01-13T15:38:00+00:00\",\"breadcrumb\":{\"@id\":\"https:\\\/\\\/www.versiegelung24.com\\\/pl\\\/bacoban-sciereczki-dlugotrwale-do-dezynfekcji-powierzchni-50-sztuk-w-plaskich-pakietach-format-180-x-200mm.html#breadcrumb\"},\"inLanguage\":\"pl-PL\",\"potentialAction\":[{\"@type\":\"ReadAction\",\"target\":[\"https:\\\/\\\/www.versiegelung24.com\\\/pl\\\/bacoban-sciereczki-dlugotrwale-do-dezynfekcji-powierzchni-50-sztuk-w-plaskich-pakietach-format-180-x-200mm.html\"]}]},{\"@type\":\"ImageObject\",\"inLanguage\":\"pl-PL\",\"@id\":\"https:\\\/\\\/www.versiegelung24.com\\\/pl\\\/bacoban-sciereczki-dlugotrwale-do-dezynfekcji-powierzchni-50-sztuk-w-plaskich-pakietach-format-180-x-200mm.html#primaryimage\",\"url\":\"https:\\\/\\\/www.versiegelung24.com\\\/wp-content\\\/uploads\\\/2020\\\/04\\\/bacotue-produktbild-schraeg.webp\",\"contentUrl\":\"https:\\\/\\\/www.versiegelung24.com\\\/wp-content\\\/uploads\\\/2020\\\/04\\\/bacotue-produktbild-schraeg.webp\",\"width\":2000,\"height\":2000},{\"@type\":\"BreadcrumbList\",\"@id\":\"https:\\\/\\\/www.versiegelung24.com\\\/pl\\\/bacoban-sciereczki-dlugotrwale-do-dezynfekcji-powierzchni-50-sztuk-w-plaskich-pakietach-format-180-x-200mm.html#breadcrumb\",\"itemListElement\":[{\"@type\":\"ListItem\",\"position\":1,\"name\":\"Strona g\u0142\u00f3wna\",\"item\":\"https:\\\/\\\/www.versiegelung24.com\\\/pl\\\/przod\\\/\"},{\"@type\":\"ListItem\",\"position\":2,\"name\":\"Sklep\",\"item\":\"https:\\\/\\\/www.versiegelung24.com\\\/pl\\\/sklep\\\/\"},{\"@type\":\"ListItem\",\"position\":3,\"name\":\"Chusteczki do d\u0142ugotrwa\u0142ej dezynfekcji powierzchni BACOBAN\u00ae, 50 sztuk w p\u0142askim opakowaniu\"}]},{\"@type\":\"WebSite\",\"@id\":\"https:\\\/\\\/www.versiegelung24.com\\\/pl\\\/#website\",\"url\":\"https:\\\/\\\/www.versiegelung24.com\\\/pl\\\/\",\"name\":\"versiegelung24.com\",\"description\":\"Fl\u00fcssigglas-Versiegelung - Made in Germany\",\"publisher\":{\"@id\":\"https:\\\/\\\/www.versiegelung24.com\\\/pl\\\/#organization\"},\"potentialAction\":[{\"@type\":\"SearchAction\",\"target\":{\"@type\":\"EntryPoint\",\"urlTemplate\":\"https:\\\/\\\/www.versiegelung24.com\\\/pl\\\/?s={search_term_string}\"},\"query-input\":{\"@type\":\"PropertyValueSpecification\",\"valueRequired\":true,\"valueName\":\"search_term_string\"}}],\"inLanguage\":\"pl-PL\"},{\"@type\":\"Organization\",\"@id\":\"https:\\\/\\\/www.versiegelung24.com\\\/pl\\\/#organization\",\"name\":\"versiegelung24\",\"url\":\"https:\\\/\\\/www.versiegelung24.com\\\/pl\\\/\",\"logo\":{\"@type\":\"ImageObject\",\"inLanguage\":\"pl-PL\",\"@id\":\"https:\\\/\\\/www.versiegelung24.com\\\/pl\\\/#\\\/schema\\\/logo\\\/image\\\/\",\"url\":\"https:\\\/\\\/www.versiegelung24.com\\\/wp-content\\\/uploads\\\/2020\\\/04\\\/versiegelung24.png\",\"contentUrl\":\"https:\\\/\\\/www.versiegelung24.com\\\/wp-content\\\/uploads\\\/2020\\\/04\\\/versiegelung24.png\",\"width\":470,\"height\":102,\"caption\":\"versiegelung24\"},\"image\":{\"@id\":\"https:\\\/\\\/www.versiegelung24.com\\\/pl\\\/#\\\/schema\\\/logo\\\/image\\\/\"}}]}<\/script>\n<meta property=\"product:price:amount\" content=\"7.79\" \/>\n<meta property=\"product:price:currency\" content=\"EUR\" \/>\n<meta property=\"og:availability\" content=\"backorder\" \/>\n<meta property=\"product:availability\" content=\"available for order\" \/>\n<meta property=\"product:retailer_item_id\" content=\"BACTUE\" \/>\n<meta property=\"product:condition\" content=\"new\" \/>\n<!-- \/ Yoast SEO Premium plugin. -->","yoast_head_json":{"title":"Chusteczki do d\u0142ugotrwa\u0142ej dezynfekcji powierzchni BACOBAN\u00ae, 50 sztuk w p\u0142askim opakowaniu - versiegelung24.com","robots":{"index":"index","follow":"follow","max-snippet":"max-snippet:-1","max-image-preview":"max-image-preview:large","max-video-preview":"max-video-preview:-1"},"canonical":"https:\/\/www.versiegelung24.com\/pl\/bacoban-sciereczki-dlugotrwale-do-dezynfekcji-powierzchni-50-sztuk-w-plaskich-pakietach-format-180-x-200mm.html","og_locale":"pl_PL","og_type":"article","og_title":"Chusteczki do d\u0142ugotrwa\u0142ej dezynfekcji powierzchni BACOBAN\u00ae, 50 sztuk w p\u0142askim opakowaniu","og_description":"Gotowe do u\u017cycia chusteczki nawil\u017cane do dezynfekcji powierzchni","og_url":"https:\/\/www.versiegelung24.com\/pl\/bacoban-sciereczki-dlugotrwale-do-dezynfekcji-powierzchni-50-sztuk-w-plaskich-pakietach-format-180-x-200mm.html","og_site_name":"versiegelung24.com","article_modified_time":"2025-01-13T15:38:00+00:00","og_image":[{"width":2000,"height":2000,"url":"https:\/\/www.versiegelung24.com\/wp-content\/uploads\/2020\/04\/bacotue-produktbild-schraeg.webp","type":"image\/webp"}],"twitter_card":"summary_large_image","twitter_misc":{"Cena":"7,79&euro;","Dost\u0119pno\u015b\u0107":"Na zam\u00f3wienie"},"schema":{"@context":"https:\/\/schema.org","@graph":[{"@type":"WebPage","@id":"https:\/\/www.versiegelung24.com\/pl\/bacoban-sciereczki-dlugotrwale-do-dezynfekcji-powierzchni-50-sztuk-w-plaskich-pakietach-format-180-x-200mm.html","url":"https:\/\/www.versiegelung24.com\/pl\/bacoban-sciereczki-dlugotrwale-do-dezynfekcji-powierzchni-50-sztuk-w-plaskich-pakietach-format-180-x-200mm.html","name":"Chusteczki do d\u0142ugotrwa\u0142ej dezynfekcji powierzchni BACOBAN\u00ae, 50 sztuk w p\u0142askim opakowaniu - versiegelung24.com","isPartOf":{"@id":"https:\/\/www.versiegelung24.com\/pl\/#website"},"primaryImageOfPage":{"@id":"https:\/\/www.versiegelung24.com\/pl\/bacoban-sciereczki-dlugotrwale-do-dezynfekcji-powierzchni-50-sztuk-w-plaskich-pakietach-format-180-x-200mm.html#primaryimage"},"image":{"@id":"https:\/\/www.versiegelung24.com\/pl\/bacoban-sciereczki-dlugotrwale-do-dezynfekcji-powierzchni-50-sztuk-w-plaskich-pakietach-format-180-x-200mm.html#primaryimage"},"thumbnailUrl":"https:\/\/www.versiegelung24.com\/wp-content\/uploads\/2020\/04\/bacotue-produktbild-schraeg.webp","datePublished":"2021-08-02T19:08:18+00:00","dateModified":"2025-01-13T15:38:00+00:00","breadcrumb":{"@id":"https:\/\/www.versiegelung24.com\/pl\/bacoban-sciereczki-dlugotrwale-do-dezynfekcji-powierzchni-50-sztuk-w-plaskich-pakietach-format-180-x-200mm.html#breadcrumb"},"inLanguage":"pl-PL","potentialAction":[{"@type":"ReadAction","target":["https:\/\/www.versiegelung24.com\/pl\/bacoban-sciereczki-dlugotrwale-do-dezynfekcji-powierzchni-50-sztuk-w-plaskich-pakietach-format-180-x-200mm.html"]}]},{"@type":"ImageObject","inLanguage":"pl-PL","@id":"https:\/\/www.versiegelung24.com\/pl\/bacoban-sciereczki-dlugotrwale-do-dezynfekcji-powierzchni-50-sztuk-w-plaskich-pakietach-format-180-x-200mm.html#primaryimage","url":"https:\/\/www.versiegelung24.com\/wp-content\/uploads\/2020\/04\/bacotue-produktbild-schraeg.webp","contentUrl":"https:\/\/www.versiegelung24.com\/wp-content\/uploads\/2020\/04\/bacotue-produktbild-schraeg.webp","width":2000,"height":2000},{"@type":"BreadcrumbList","@id":"https:\/\/www.versiegelung24.com\/pl\/bacoban-sciereczki-dlugotrwale-do-dezynfekcji-powierzchni-50-sztuk-w-plaskich-pakietach-format-180-x-200mm.html#breadcrumb","itemListElement":[{"@type":"ListItem","position":1,"name":"Strona g\u0142\u00f3wna","item":"https:\/\/www.versiegelung24.com\/pl\/przod\/"},{"@type":"ListItem","position":2,"name":"Sklep","item":"https:\/\/www.versiegelung24.com\/pl\/sklep\/"},{"@type":"ListItem","position":3,"name":"Chusteczki do d\u0142ugotrwa\u0142ej dezynfekcji powierzchni BACOBAN\u00ae, 50 sztuk w p\u0142askim opakowaniu"}]},{"@type":"WebSite","@id":"https:\/\/www.versiegelung24.com\/pl\/#website","url":"https:\/\/www.versiegelung24.com\/pl\/","name":"versiegelung24.com","description":"Fl\u00fcssigglas-Versiegelung - Made in Germany","publisher":{"@id":"https:\/\/www.versiegelung24.com\/pl\/#organization"},"potentialAction":[{"@type":"SearchAction","target":{"@type":"EntryPoint","urlTemplate":"https:\/\/www.versiegelung24.com\/pl\/?s={search_term_string}"},"query-input":{"@type":"PropertyValueSpecification","valueRequired":true,"valueName":"search_term_string"}}],"inLanguage":"pl-PL"},{"@type":"Organization","@id":"https:\/\/www.versiegelung24.com\/pl\/#organization","name":"versiegelung24","url":"https:\/\/www.versiegelung24.com\/pl\/","logo":{"@type":"ImageObject","inLanguage":"pl-PL","@id":"https:\/\/www.versiegelung24.com\/pl\/#\/schema\/logo\/image\/","url":"https:\/\/www.versiegelung24.com\/wp-content\/uploads\/2020\/04\/versiegelung24.png","contentUrl":"https:\/\/www.versiegelung24.com\/wp-content\/uploads\/2020\/04\/versiegelung24.png","width":470,"height":102,"caption":"versiegelung24"},"image":{"@id":"https:\/\/www.versiegelung24.com\/pl\/#\/schema\/logo\/image\/"}}]},"product_price_amount":"7.79","product_price_currency":"EUR","og_availability":"backorder","product_availability":"available for order","product_retailer_item_id":"BACTUE","product_condition":"new"},"_links":{"self":[{"href":"https:\/\/www.versiegelung24.com\/pl\/wp-json\/wp\/v2\/product\/22931","targetHints":{"allow":["GET"]}}],"collection":[{"href":"https:\/\/www.versiegelung24.com\/pl\/wp-json\/wp\/v2\/product"}],"about":[{"href":"https:\/\/www.versiegelung24.com\/pl\/wp-json\/wp\/v2\/types\/product"}],"version-history":[{"count":15,"href":"https:\/\/www.versiegelung24.com\/pl\/wp-json\/wp\/v2\/product\/22931\/revisions"}],"predecessor-version":[{"id":180566,"href":"https:\/\/www.versiegelung24.com\/pl\/wp-json\/wp\/v2\/product\/22931\/revisions\/180566"}],"wp:featuredmedia":[{"embeddable":true,"href":"https:\/\/www.versiegelung24.com\/pl\/wp-json\/wp\/v2\/media\/176469"}],"wp:attachment":[{"href":"https:\/\/www.versiegelung24.com\/pl\/wp-json\/wp\/v2\/media?parent=22931"}],"wp:term":[{"taxonomy":"product_brand","embeddable":true,"href":"https:\/\/www.versiegelung24.com\/pl\/wp-json\/wp\/v2\/product_brand?post=22931"},{"taxonomy":"product_cat","embeddable":true,"href":"https:\/\/www.versiegelung24.com\/pl\/wp-json\/wp\/v2\/product_cat?post=22931"},{"taxonomy":"product_tag","embeddable":true,"href":"https:\/\/www.versiegelung24.com\/pl\/wp-json\/wp\/v2\/product_tag?post=22931"}],"curies":[{"name":"wp","href":"https:\/\/api.w.org\/{rel}","templated":true}]}}