{"id":22972,"date":"2020-04-04T18:53:16","date_gmt":"2021-08-02T19:09:44","guid":{"rendered":"https:\/\/www.versiegelung24.com\/produkt\/1-litr-koncentratu-bacoban-na-100-litrow-dlugotrwalej-dezynfekcji-powierzchni"},"modified":"2025-01-13T16:36:05","modified_gmt":"2025-01-13T15:36:05","slug":"koncentrat-bacobanu-do-dlugotrwalej-dezynfekcji-powierzchni","status":"publish","type":"product","link":"https:\/\/www.versiegelung24.com\/pl\/koncentrat-bacobanu-do-dlugotrwalej-dezynfekcji-powierzchni.html","title":{"rendered":"1 litr koncentratu BACOBAN\u00ae na 100 litr\u00f3w d\u0142ugotrwa\u0142ej dezynfekcji powierzchni"},"content":{"rendered":"\n<h2 class=\"wp-block-heading\" id=\"1-liter-flasche-bacoban-langzeit-flachendesinfektion-konzentrat\">1 litrowa butelka koncentratu do d\u0142ugotrwa\u0142ej dezynfekcji powierzchni BACOBAN\u00ae<\/h2>\n\n<p><strong>Wystarcza na 100 litr\u00f3w \u015brodka dezynfekuj\u0105cego (rozcie\u0144czony wod\u0105 w stosunku 1:100)<\/strong><\/p>\n\n<p><strong>U\u017cywaj ostro\u017cnie \u015brodk\u00f3w dezynfekuj\u0105cych. Zawsze czytaj etykiet\u0119 i informacje o produkcie przed u\u017cyciem.<\/strong><\/p>\n\n<hr \/>\n\n<h4 class=\"wp-block-heading\" id=\"properties\">Cechy produktu<\/h4>\n\n<ul class=\"wp-block-list\"><li><br \/>Trwa\u0142e dzia\u0142anie przeciwdrobnoustrojowe (efekt remanencji) do 10 dni<\/li><li>Na li\u015bcie VAH<\/li><li>skuteczny przeciwko koronawirusowi<\/li><li>bardzo dobra tolerancja sk\u00f3ry<\/li><li>wysoki efekt czyszczenia<\/li><li>Praktyczne zastosowanie przetestowane w te\u015bcie 4-polowym<\/li><\/ul>\n\n<p><strong>bacoban<\/strong><sup> \u00ae<\/sup><strong> WB<\/strong> to koncentrat na bazie wody do po\u0142\u0105czonej dezynfekcji i czyszczenia inwentarza i pod\u0142\u00f3g o d\u0142ugotrwa\u0142ym dzia\u0142aniu przeciwbakteryjnym (efekt remanencji).<\/p>\n\n<hr \/>\n\n<h4 class=\"wp-block-heading\" id=\"application\">Zastosowanie<\/h4>\n\n<h3 class=\"wp-block-heading\" id=\"gebrauch\">pos\u0142ugiwa\u0107 si\u0119<\/h3>\n\n<p>Na zewn\u0105trz<strong> bacoban<\/strong><sup> \u00ae<\/sup><strong> WB<\/strong> Przygotuj gotowy do u\u017cycia roztw\u00f3r zgodnie z tabel\u0105 mieszania i dostatecznie zwil\u017c powierzchnie. Nie sp\u0142ukuj ani nie wycieraj do sucha. Czas oczekiwania \u015bwie\u017co przygotowanego roztworu roboczego: 8 godzin<\/p>\n\n<figure class=\"wp-block-table\"><table><tbody><tr><td>St\u00f3\u0142 do mieszania<\/td><\/tr><tr><td>Obj\u0119to\u015b\u0107 ko\u0144cowa<\/td><td>0,5 %<\/td><td>1 %<\/td><td>2 %<\/td><td>3 %<\/td><\/tr><tr><td>1 litr<\/td><td>5 ml<\/td><td>10 ml<\/td><td>20 ml<\/td><td>30 ml<\/td><\/tr><tr><td>2 litry<\/td><td>10 ml<\/td><td>20 ml<\/td><td>40 ml<\/td><td>60 ml<\/td><\/tr><tr><td>4 litry<\/td><td>20 ml<\/td><td>40 ml<\/td><td>80 ml<\/td><td>120 ml<\/td><\/tr><tr><td>8 litr\u00f3w<\/td><td>40 ml<\/td><td>80 ml<\/td><td>160 ml<\/td><td>240 ml<\/td><\/tr><tr><td>10 litr\u00f3w<\/td><td>50 ml<\/td><td>100 ml<\/td><td>200 ml<\/td><td>300 ml<\/td><\/tr><\/tbody><\/table><\/figure>\n\n<p><br \/>Trwa\u0142y efekt antybakteryjny <strong>(efekt remanencji)<\/strong> do <strong>10 dni<\/strong> (testowany zgodnie z ASTM E 2180). Testowany dermatologicznie (* przy 1%): bardzo dobra kompatybilno\u015b\u0107 ze sk\u00f3r\u0105.<\/p>\n\n<h3 class=\"wp-block-heading\" id=\"lagerung\">magazynowanie<\/h3>\n\n<p><strong>bacoban<\/strong><sup> \u00ae<\/sup><strong> WB<\/strong> przechowywa\u0107 w temperaturze od +5 do +25\u00b0C. Chroni\u0107 przed mrozem i bezpo\u015brednim dzia\u0142aniem promieni s\u0142onecznych.<\/p>\n\n<hr \/>\n\n<h4 class=\"wp-block-heading\" id=\"advisor\">Doradca<\/h4>\n\n<h3 class=\"wp-block-heading\" id=\"gutachten\">Oszacowanie<\/h3>\n\n<p>Nasze produkty zosta\u0142y gruntownie przetestowane. Na \u017cyczenie ch\u0119tnie przedstawimy Pa\u0144stwu nasze raporty mikrobiologiczne i dermatologiczne.<\/p>\n\n<h3 class=\"wp-block-heading\" id=\"sicherheitshinweis\">Uwaga dotycz\u0105ca bezpiecze\u0144stwa<\/h3>\n\n<p>Karta charakterystyki dost\u0119pna na \u017c\u0105danie.<\/p>\n\n<p><strong>Wa\u017cny<\/strong> ! Przeciwdrobnoustrojowy efekt pozosta\u0142o\u015bci<strong> bacoban<\/strong><sup> \u00ae<\/sup><strong> WB<\/strong> nie mo\u017ce prowadzi\u0107 do pomini\u0119cia niezb\u0119dnych \u015brodk\u00f3w dezynfekcyjnych w przypadku widocznego i\/lub w\u0105tpliwego zanieczyszczenia!<\/p>\n\n<p>Stowarzyszenie ubezpieczaj\u0105ce pracodawc\u00f3w od odpowiedzialno\u015bci cywilnej wymaga noszenia r\u0119kawic podczas pracy ze \u015brodkami dezynfekuj\u0105cymi. Dzia\u0142a szkodliwie po po\u0142kni\u0119ciu. Powoduje powa\u017cne oparzenia sk\u00f3ry i uszkodzenia oczu. Bardzo toksyczny dla organizm\u00f3w wodnych. Dzia\u0142a toksycznie na organizmy wodne, powoduj\u0105c d\u0142ugotrwa\u0142e skutki. Nie je\u015b\u0107, nie pi\u0107 ani nie pali\u0107 podczas u\u017cytkowania. W PRZYPADKU PO\u0141KNI\u0118CIA: Wyp\u0142uka\u0107 usta. NIE wywo\u0142ywa\u0107 wymiot\u00f3w. W PRZYPADKU KONTAKTU ZE SK\u00d3R\u0104 (lub w\u0142osami): Natychmiast zdj\u0105\u0107 ca\u0142\u0105 zanieczyszczon\u0105 odzie\u017c. Sp\u0142uka\u0107 sk\u00f3r\u0119 wod\u0105\/prysznicem. W PRZYPADKU DOSTANIA SI\u0118 DO OCZU: Ostro\u017cnie p\u0142uka\u0107 wod\u0105 przez kilka minut. Usu\u0144 istniej\u0105ce soczewki kontaktowe, je\u015bli to mo\u017cliwe. Kontynuowa\u0107 p\u0142ukanie. Natychmiast wezwa\u0107 O\u015aRODEK ZATRU\u0106 lub lekarza. Je\u015bli wymagana jest porada lekarska, nale\u017cy przygotowa\u0107 opakowanie lub etykiet\u0119. <br \/>Przechowywa\u0107 w miejscu niedost\u0119pnym dla dzieci. Stosowa\u0107 wy\u0142\u0105cznie z wod\u0105 i zgodnie z tabel\u0105 mieszania. Nie u\u017cywa\u0107 z innymi \u015brodkami czyszcz\u0105cymi lub dezynfekuj\u0105cymi.<\/p>\n\n<p>Mo\u017ce by\u0107 stosowany na wszystkich powierzchniach. W przypadku w\u0105tpliwie wra\u017cliwych powierzchni zalecamy przeprowadzenie testu odporno\u015bci na niewidocznym obszarze. Przechowywa\u0107 wy\u0142\u0105cznie w zamkni\u0119tym pojemniku. Przechowywa\u0107 w ch\u0142odnym i suchym miejscu.<\/p>\n\n<p>Pojemnik mo\u017cna podda\u0107 recyklingowi dopiero po jego ca\u0142kowitym opr\u00f3\u017cnieniu. Nie u\u017cywa\u0107 po up\u0142ywie daty wa\u017cno\u015bci. Utylizowa\u0107 zgodnie z lokalnymi i urz\u0119dowymi przepisami.<\/p>\n\n<p>Biocide Reg. No.: N-28795 (D). 263\/17\/L (Lu)<\/p>\n\n<p><strong>Gotowy<\/strong> do u\u017cycia roztw\u00f3r zgodnie z tabel\u0105 mieszania nie wymaga symbolu zagro\u017cenia.<\/p>\n\n<h3 class=\"wp-block-heading\" id=\"zusammensetzung\">kompozycja<\/h3>\n\n<p>100 g roztworu zawiera: chlorek benzalkoniowy 26 g, pirytion sodu 2,5 g, polikondensaty, substancje zapachowe, wod\u0119 oczyszczon\u0105. Sk\u0142adniki zgodne z rozporz\u0105dzeniem (WE) nr 648\/2004: 15% i wi\u0119cej, ale mniej ni\u017c 30% kationowe \u015brodki powierzchniowo czynne, \u015brodki dezynfekuj\u0105ce, substancje zapachowe (linalool, limonen, citral, geraniol, citronellol).<br \/>Bez formaldehydu, bez fenolu.<\/p>\n\n<figure class=\"wp-block-table\"><table><tbody><tr><td>skuteczno\u015b\u0107<\/td><\/tr><tr><td>Testowanie zgodnie z wytycznymi DVV\/RKI<\/td><td>roztw\u00f3r<\/td><td>Czas ekspozycji<\/td><\/tr><tr><td><br \/>Ograniczone dzia\u0142anie wirusob\u00f3jcze (wirusy otoczkowe, w tym <strong>koronawirus<\/strong>, HIV, HBV, HCV, grypa, opryszczka, wirus Ebola&#8230;.)<\/td><td>1,00 %<\/td><td>5 minut<\/td><\/tr><tr><td>Adenowirus<\/td><td>2,00 %<\/td><td>240 min<\/td><\/tr><tr><td>Wirus brodawczaka ludzkiego (HPV)<\/td><td>1,00 %<\/td><td>60 min<\/td><\/tr><tr><td>Norowirus<\/td><td>1,00 %<\/td><td>30 minut<\/td><\/tr><tr><td>Testowanie zgodnie z wytycznymi DGHM (z mechanik\u0105, du\u017ce obci\u0105\u017cenie)<\/td><\/tr><tr><td>bakteriob\u00f3jcze i dro\u017cd\u017cob\u00f3jcze<\/td><td>1,00 %<\/td><td>5 minut<\/td><\/tr><tr><td>normy EN<\/td><\/tr><tr><td>EN 1040 (bakteriob\u00f3jczy)<\/td><td>0,25 %<\/td><td>5 minut<\/td><\/tr><tr><td>EN 1275 (dro\u017cdob\u00f3jczy)<\/td><td>0,25 %<\/td><td>5 minut<\/td><\/tr><tr><td>EN 1276 (bakteriob\u00f3jczy)<\/td><td>0,75 %<\/td><td>5 minut<\/td><\/tr><tr><td>\u00a0<\/td><td>0,50 %<\/td><td>15 minut<\/td><\/tr><tr><td>EN 13727 (bakteriob\u00f3jczy)<\/td><td>1,00 %<\/td><td>5 minut<\/td><\/tr><tr><td>EN 13624 (drogob\u00f3jczy, grzybob\u00f3jczy)<\/td><td>1,00 %<\/td><td>5 minut<\/td><\/tr><tr><td>EN 1650 (dro\u017cdob\u00f3jczy)<\/td><td>0,50 %<\/td><td>5 minut<\/td><\/tr><tr><td>\u00a0<\/td><td>0,25 %<\/td><td>15 minut<\/td><\/tr><tr><td>EN 13697 (bakteriob\u00f3jczy)<\/td><td>0,50 %<\/td><td>15 minut<\/td><\/tr><tr><td>EN 14561 (bakteriob\u00f3jczy)<\/td><td>0,50 %<\/td><td>15 minut<\/td><\/tr><tr><td>\u00a0<\/td><td>0,50 %<\/td><td>60 min<\/td><\/tr><tr><td>EN 14562 (dro\u017cdob\u00f3jczy)<\/td><td>0,50 %<\/td><td>60 min<\/td><\/tr><tr><td>EN 16615 (bakteriob\u00f3jczy, dro\u017cd\u017cob\u00f3jczy) (test 4-polowy)<\/td><td>1,00 %<\/td><td>5 minut<\/td><\/tr><\/tbody><\/table><\/figure>\n\n<p><strong>U\u017cywaj ostro\u017cnie \u015brodk\u00f3w dezynfekuj\u0105cych. Zawsze czytaj etykiet\u0119 i informacje o produkcie przed u\u017cyciem.<\/strong><\/p>\n","protected":false},"excerpt":{"rendered":"<p style=\"color: #545454;font-family: Verdana, sans-serif;font-size: 11px;line-height: 15.666666984558105px\"><strong>Bezalkoholowa dezynfekcja i czyszczenie powierzchni<\/strong><\/p>\n","protected":false},"featured_media":21959,"template":"","meta":{"_acf_changed":false,"neve_meta_sidebar":"","neve_meta_container":"","neve_meta_enable_content_width":"","neve_meta_content_width":0,"neve_meta_title_alignment":"","neve_meta_author_avatar":"","neve_post_elements_order":"","neve_meta_disable_header":"","neve_meta_disable_footer":"","neve_meta_disable_title":"","neve_meta_reading_time":"","_surfaces":[],"_ver_product_tabs":[],"footnotes":""},"product_brand":[],"product_cat":[2407,2458,2459],"product_tag":[],"class_list":{"0":"post-22972","1":"product","2":"type-product","3":"status-publish","4":"has-post-thumbnail","6":"product_cat-srodki-dezynfekujace","7":"product_cat-srodki-do-dezynfekcji-powierzchni","8":"product_cat-koncentraty-dezynfekcyjne","10":"first","11":"instock","12":"taxable","13":"shipping-taxable","14":"purchasable","15":"product-type-simple"},"acf":[],"yoast_head":"<!-- This site is optimized with the Yoast SEO Premium plugin v22.8 (Yoast SEO v27.5) - https:\/\/yoast.com\/product\/yoast-seo-premium-wordpress\/ -->\n<title>1 litr koncentratu BACOBAN\u00ae na 100 litr\u00f3w d\u0142ugotrwa\u0142ej dezynfekcji powierzchni - versiegelung24.com<\/title>\n<meta name=\"robots\" content=\"index, follow, max-snippet:-1, max-image-preview:large, max-video-preview:-1\" \/>\n<link rel=\"canonical\" href=\"https:\/\/www.versiegelung24.com\/pl\/koncentrat-bacobanu-do-dlugotrwalej-dezynfekcji-powierzchni.html\" \/>\n<meta property=\"og:locale\" content=\"pl_PL\" \/>\n<meta property=\"og:type\" content=\"article\" \/>\n<meta property=\"og:title\" content=\"1 litr koncentratu BACOBAN\u00ae na 100 litr\u00f3w d\u0142ugotrwa\u0142ej dezynfekcji powierzchni\" \/>\n<meta property=\"og:description\" content=\"Bezalkoholowa dezynfekcja i czyszczenie powierzchni\" \/>\n<meta property=\"og:url\" content=\"https:\/\/www.versiegelung24.com\/pl\/koncentrat-bacobanu-do-dlugotrwalej-dezynfekcji-powierzchni.html\" \/>\n<meta property=\"og:site_name\" content=\"versiegelung24.com\" \/>\n<meta property=\"article:modified_time\" content=\"2025-01-13T15:36:05+00:00\" \/>\n<meta property=\"og:image\" content=\"https:\/\/www.versiegelung24.com\/wp-content\/uploads\/2020\/04\/bacwb1-bacoban-langzeitdesinfektion-konzentrat-1-liter.png\" \/>\n\t<meta property=\"og:image:width\" content=\"1000\" \/>\n\t<meta property=\"og:image:height\" content=\"1000\" \/>\n\t<meta property=\"og:image:type\" content=\"image\/png\" \/>\n<meta name=\"twitter:card\" content=\"summary_large_image\" \/>\n<meta name=\"twitter:label1\" content=\"Cena\" \/>\n\t<meta name=\"twitter:data1\" content=\"89,90&euro;\" \/>\n\t<meta name=\"twitter:label2\" content=\"Dost\u0119pno\u015b\u0107\" \/>\n\t<meta name=\"twitter:data2\" content=\"Dost\u0119pny\" \/>\n<script type=\"application\/ld+json\" class=\"yoast-schema-graph\">{\"@context\":\"https:\\\/\\\/schema.org\",\"@graph\":[{\"@type\":\"WebPage\",\"@id\":\"https:\\\/\\\/www.versiegelung24.com\\\/pl\\\/koncentrat-bacobanu-do-dlugotrwalej-dezynfekcji-powierzchni.html\",\"url\":\"https:\\\/\\\/www.versiegelung24.com\\\/pl\\\/koncentrat-bacobanu-do-dlugotrwalej-dezynfekcji-powierzchni.html\",\"name\":\"1 litr koncentratu BACOBAN\u00ae na 100 litr\u00f3w d\u0142ugotrwa\u0142ej dezynfekcji powierzchni - versiegelung24.com\",\"isPartOf\":{\"@id\":\"https:\\\/\\\/www.versiegelung24.com\\\/pl\\\/#website\"},\"primaryImageOfPage\":{\"@id\":\"https:\\\/\\\/www.versiegelung24.com\\\/pl\\\/koncentrat-bacobanu-do-dlugotrwalej-dezynfekcji-powierzchni.html#primaryimage\"},\"image\":{\"@id\":\"https:\\\/\\\/www.versiegelung24.com\\\/pl\\\/koncentrat-bacobanu-do-dlugotrwalej-dezynfekcji-powierzchni.html#primaryimage\"},\"thumbnailUrl\":\"https:\\\/\\\/www.versiegelung24.com\\\/wp-content\\\/uploads\\\/2020\\\/04\\\/bacwb1-bacoban-langzeitdesinfektion-konzentrat-1-liter.png\",\"datePublished\":\"2021-08-02T19:09:44+00:00\",\"dateModified\":\"2025-01-13T15:36:05+00:00\",\"breadcrumb\":{\"@id\":\"https:\\\/\\\/www.versiegelung24.com\\\/pl\\\/koncentrat-bacobanu-do-dlugotrwalej-dezynfekcji-powierzchni.html#breadcrumb\"},\"inLanguage\":\"pl-PL\",\"potentialAction\":[{\"@type\":\"ReadAction\",\"target\":[\"https:\\\/\\\/www.versiegelung24.com\\\/pl\\\/koncentrat-bacobanu-do-dlugotrwalej-dezynfekcji-powierzchni.html\"]}]},{\"@type\":\"ImageObject\",\"inLanguage\":\"pl-PL\",\"@id\":\"https:\\\/\\\/www.versiegelung24.com\\\/pl\\\/koncentrat-bacobanu-do-dlugotrwalej-dezynfekcji-powierzchni.html#primaryimage\",\"url\":\"https:\\\/\\\/www.versiegelung24.com\\\/wp-content\\\/uploads\\\/2020\\\/04\\\/bacwb1-bacoban-langzeitdesinfektion-konzentrat-1-liter.png\",\"contentUrl\":\"https:\\\/\\\/www.versiegelung24.com\\\/wp-content\\\/uploads\\\/2020\\\/04\\\/bacwb1-bacoban-langzeitdesinfektion-konzentrat-1-liter.png\",\"width\":1000,\"height\":1000},{\"@type\":\"BreadcrumbList\",\"@id\":\"https:\\\/\\\/www.versiegelung24.com\\\/pl\\\/koncentrat-bacobanu-do-dlugotrwalej-dezynfekcji-powierzchni.html#breadcrumb\",\"itemListElement\":[{\"@type\":\"ListItem\",\"position\":1,\"name\":\"Strona g\u0142\u00f3wna\",\"item\":\"https:\\\/\\\/www.versiegelung24.com\\\/pl\\\/przod\\\/\"},{\"@type\":\"ListItem\",\"position\":2,\"name\":\"Sklep\",\"item\":\"https:\\\/\\\/www.versiegelung24.com\\\/pl\\\/sklep\\\/\"},{\"@type\":\"ListItem\",\"position\":3,\"name\":\"1 litr koncentratu BACOBAN\u00ae na 100 litr\u00f3w d\u0142ugotrwa\u0142ej dezynfekcji powierzchni\"}]},{\"@type\":\"WebSite\",\"@id\":\"https:\\\/\\\/www.versiegelung24.com\\\/pl\\\/#website\",\"url\":\"https:\\\/\\\/www.versiegelung24.com\\\/pl\\\/\",\"name\":\"versiegelung24.com\",\"description\":\"Fl\u00fcssigglas-Versiegelung - Made in Germany\",\"publisher\":{\"@id\":\"https:\\\/\\\/www.versiegelung24.com\\\/pl\\\/#organization\"},\"potentialAction\":[{\"@type\":\"SearchAction\",\"target\":{\"@type\":\"EntryPoint\",\"urlTemplate\":\"https:\\\/\\\/www.versiegelung24.com\\\/pl\\\/?s={search_term_string}\"},\"query-input\":{\"@type\":\"PropertyValueSpecification\",\"valueRequired\":true,\"valueName\":\"search_term_string\"}}],\"inLanguage\":\"pl-PL\"},{\"@type\":\"Organization\",\"@id\":\"https:\\\/\\\/www.versiegelung24.com\\\/pl\\\/#organization\",\"name\":\"versiegelung24\",\"url\":\"https:\\\/\\\/www.versiegelung24.com\\\/pl\\\/\",\"logo\":{\"@type\":\"ImageObject\",\"inLanguage\":\"pl-PL\",\"@id\":\"https:\\\/\\\/www.versiegelung24.com\\\/pl\\\/#\\\/schema\\\/logo\\\/image\\\/\",\"url\":\"https:\\\/\\\/www.versiegelung24.com\\\/wp-content\\\/uploads\\\/2020\\\/04\\\/versiegelung24.png\",\"contentUrl\":\"https:\\\/\\\/www.versiegelung24.com\\\/wp-content\\\/uploads\\\/2020\\\/04\\\/versiegelung24.png\",\"width\":470,\"height\":102,\"caption\":\"versiegelung24\"},\"image\":{\"@id\":\"https:\\\/\\\/www.versiegelung24.com\\\/pl\\\/#\\\/schema\\\/logo\\\/image\\\/\"}}]}<\/script>\n<meta property=\"product:price:amount\" content=\"89.90\" \/>\n<meta property=\"product:price:currency\" content=\"EUR\" \/>\n<meta property=\"og:availability\" content=\"instock\" \/>\n<meta property=\"product:availability\" content=\"instock\" \/>\n<meta property=\"product:retailer_item_id\" content=\"BACWB1D\" \/>\n<meta property=\"product:condition\" content=\"new\" \/>\n<!-- \/ Yoast SEO Premium plugin. -->","yoast_head_json":{"title":"1 litr koncentratu BACOBAN\u00ae na 100 litr\u00f3w d\u0142ugotrwa\u0142ej dezynfekcji powierzchni - versiegelung24.com","robots":{"index":"index","follow":"follow","max-snippet":"max-snippet:-1","max-image-preview":"max-image-preview:large","max-video-preview":"max-video-preview:-1"},"canonical":"https:\/\/www.versiegelung24.com\/pl\/koncentrat-bacobanu-do-dlugotrwalej-dezynfekcji-powierzchni.html","og_locale":"pl_PL","og_type":"article","og_title":"1 litr koncentratu BACOBAN\u00ae na 100 litr\u00f3w d\u0142ugotrwa\u0142ej dezynfekcji powierzchni","og_description":"Bezalkoholowa dezynfekcja i czyszczenie powierzchni","og_url":"https:\/\/www.versiegelung24.com\/pl\/koncentrat-bacobanu-do-dlugotrwalej-dezynfekcji-powierzchni.html","og_site_name":"versiegelung24.com","article_modified_time":"2025-01-13T15:36:05+00:00","og_image":[{"width":1000,"height":1000,"url":"https:\/\/www.versiegelung24.com\/wp-content\/uploads\/2020\/04\/bacwb1-bacoban-langzeitdesinfektion-konzentrat-1-liter.png","type":"image\/png"}],"twitter_card":"summary_large_image","twitter_misc":{"Cena":"89,90&euro;","Dost\u0119pno\u015b\u0107":"Dost\u0119pny"},"schema":{"@context":"https:\/\/schema.org","@graph":[{"@type":"WebPage","@id":"https:\/\/www.versiegelung24.com\/pl\/koncentrat-bacobanu-do-dlugotrwalej-dezynfekcji-powierzchni.html","url":"https:\/\/www.versiegelung24.com\/pl\/koncentrat-bacobanu-do-dlugotrwalej-dezynfekcji-powierzchni.html","name":"1 litr koncentratu BACOBAN\u00ae na 100 litr\u00f3w d\u0142ugotrwa\u0142ej dezynfekcji powierzchni - versiegelung24.com","isPartOf":{"@id":"https:\/\/www.versiegelung24.com\/pl\/#website"},"primaryImageOfPage":{"@id":"https:\/\/www.versiegelung24.com\/pl\/koncentrat-bacobanu-do-dlugotrwalej-dezynfekcji-powierzchni.html#primaryimage"},"image":{"@id":"https:\/\/www.versiegelung24.com\/pl\/koncentrat-bacobanu-do-dlugotrwalej-dezynfekcji-powierzchni.html#primaryimage"},"thumbnailUrl":"https:\/\/www.versiegelung24.com\/wp-content\/uploads\/2020\/04\/bacwb1-bacoban-langzeitdesinfektion-konzentrat-1-liter.png","datePublished":"2021-08-02T19:09:44+00:00","dateModified":"2025-01-13T15:36:05+00:00","breadcrumb":{"@id":"https:\/\/www.versiegelung24.com\/pl\/koncentrat-bacobanu-do-dlugotrwalej-dezynfekcji-powierzchni.html#breadcrumb"},"inLanguage":"pl-PL","potentialAction":[{"@type":"ReadAction","target":["https:\/\/www.versiegelung24.com\/pl\/koncentrat-bacobanu-do-dlugotrwalej-dezynfekcji-powierzchni.html"]}]},{"@type":"ImageObject","inLanguage":"pl-PL","@id":"https:\/\/www.versiegelung24.com\/pl\/koncentrat-bacobanu-do-dlugotrwalej-dezynfekcji-powierzchni.html#primaryimage","url":"https:\/\/www.versiegelung24.com\/wp-content\/uploads\/2020\/04\/bacwb1-bacoban-langzeitdesinfektion-konzentrat-1-liter.png","contentUrl":"https:\/\/www.versiegelung24.com\/wp-content\/uploads\/2020\/04\/bacwb1-bacoban-langzeitdesinfektion-konzentrat-1-liter.png","width":1000,"height":1000},{"@type":"BreadcrumbList","@id":"https:\/\/www.versiegelung24.com\/pl\/koncentrat-bacobanu-do-dlugotrwalej-dezynfekcji-powierzchni.html#breadcrumb","itemListElement":[{"@type":"ListItem","position":1,"name":"Strona g\u0142\u00f3wna","item":"https:\/\/www.versiegelung24.com\/pl\/przod\/"},{"@type":"ListItem","position":2,"name":"Sklep","item":"https:\/\/www.versiegelung24.com\/pl\/sklep\/"},{"@type":"ListItem","position":3,"name":"1 litr koncentratu BACOBAN\u00ae na 100 litr\u00f3w d\u0142ugotrwa\u0142ej dezynfekcji powierzchni"}]},{"@type":"WebSite","@id":"https:\/\/www.versiegelung24.com\/pl\/#website","url":"https:\/\/www.versiegelung24.com\/pl\/","name":"versiegelung24.com","description":"Fl\u00fcssigglas-Versiegelung - Made in Germany","publisher":{"@id":"https:\/\/www.versiegelung24.com\/pl\/#organization"},"potentialAction":[{"@type":"SearchAction","target":{"@type":"EntryPoint","urlTemplate":"https:\/\/www.versiegelung24.com\/pl\/?s={search_term_string}"},"query-input":{"@type":"PropertyValueSpecification","valueRequired":true,"valueName":"search_term_string"}}],"inLanguage":"pl-PL"},{"@type":"Organization","@id":"https:\/\/www.versiegelung24.com\/pl\/#organization","name":"versiegelung24","url":"https:\/\/www.versiegelung24.com\/pl\/","logo":{"@type":"ImageObject","inLanguage":"pl-PL","@id":"https:\/\/www.versiegelung24.com\/pl\/#\/schema\/logo\/image\/","url":"https:\/\/www.versiegelung24.com\/wp-content\/uploads\/2020\/04\/versiegelung24.png","contentUrl":"https:\/\/www.versiegelung24.com\/wp-content\/uploads\/2020\/04\/versiegelung24.png","width":470,"height":102,"caption":"versiegelung24"},"image":{"@id":"https:\/\/www.versiegelung24.com\/pl\/#\/schema\/logo\/image\/"}}]},"product_price_amount":"89.90","product_price_currency":"EUR","og_availability":"instock","product_availability":"instock","product_retailer_item_id":"BACWB1D","product_condition":"new"},"_links":{"self":[{"href":"https:\/\/www.versiegelung24.com\/pl\/wp-json\/wp\/v2\/product\/22972","targetHints":{"allow":["GET"]}}],"collection":[{"href":"https:\/\/www.versiegelung24.com\/pl\/wp-json\/wp\/v2\/product"}],"about":[{"href":"https:\/\/www.versiegelung24.com\/pl\/wp-json\/wp\/v2\/types\/product"}],"version-history":[{"count":17,"href":"https:\/\/www.versiegelung24.com\/pl\/wp-json\/wp\/v2\/product\/22972\/revisions"}],"predecessor-version":[{"id":180485,"href":"https:\/\/www.versiegelung24.com\/pl\/wp-json\/wp\/v2\/product\/22972\/revisions\/180485"}],"wp:featuredmedia":[{"embeddable":true,"href":"https:\/\/www.versiegelung24.com\/pl\/wp-json\/wp\/v2\/media\/21959"}],"wp:attachment":[{"href":"https:\/\/www.versiegelung24.com\/pl\/wp-json\/wp\/v2\/media?parent=22972"}],"wp:term":[{"taxonomy":"product_brand","embeddable":true,"href":"https:\/\/www.versiegelung24.com\/pl\/wp-json\/wp\/v2\/product_brand?post=22972"},{"taxonomy":"product_cat","embeddable":true,"href":"https:\/\/www.versiegelung24.com\/pl\/wp-json\/wp\/v2\/product_cat?post=22972"},{"taxonomy":"product_tag","embeddable":true,"href":"https:\/\/www.versiegelung24.com\/pl\/wp-json\/wp\/v2\/product_tag?post=22972"}],"curies":[{"name":"wp","href":"https:\/\/api.w.org\/{rel}","templated":true}]}}