{"id":23000,"date":"2020-04-04T18:53:16","date_gmt":"2021-08-02T19:10:45","guid":{"rendered":"https:\/\/www.versiegelung24.com\/produkt\/specjalne-polerowanie-i-uszczelnianie-butow-w-profesjonalnej-jakosci"},"modified":"2025-04-10T10:57:09","modified_gmt":"2025-04-10T08:57:09","slug":"buty-specjalne-polerowanie-i-uszczelnianie-w-profesjonalnej-jakosci","status":"publish","type":"product","link":"https:\/\/www.versiegelung24.com\/pl\/buty-specjalne-polerowanie-i-uszczelnianie-w-profesjonalnej-jakosci.html","title":{"rendered":"Specjalne polerowanie i uszczelnianie statku \/ jachtu \/ \u0142odzi w profesjonalnej jako\u015bci"},"content":{"rendered":"\n<p><strong>Wysoce skuteczna emulsja do polerowania i uszczelniania powierzchni powy\u017cej linii wodnej,<\/strong><strong> z efektem lotosu (wodoodporny), trwa\u0142o\u015b\u0107 do 3 miesi\u0119cy<\/strong><\/p>\n\n<p>Wysoka jako\u015b\u0107 Made in Germany.<\/p>\n\n<hr \/>\n\n<h4 class=\"wp-block-heading\" id=\"properties\">Cechy produktu<\/h4>\n\n<div class=\"wp-block-columns is-layout-flex wp-container-core-columns-is-layout-9d6595d7 wp-block-columns-is-layout-flex\">\n<div class=\"wp-block-column is-layout-flow wp-block-column-is-layout-flow\">\n<ul class=\"wp-block-list\"><li>Wysokiej jako\u015bci pasta bez sk\u0142adnik\u00f3w \u015bciernych, warstwy lakieru nie s\u0105 atakowane<\/li><li>Emulsja, bardzo \u0142atwa w u\u017cyciu<\/li><li>Efekt od\u015bwie\u017cenia po\u0142ysku i koloru<\/li><li>Czy\u015bci, poleruje i uszczelnia w jednym kroku (usuwa smo\u0142\u0119, \u017cywic\u0119 i pozosta\u0142o\u015bci owad\u00f3w)<\/li><li>Odporna na wod\u0119 i brud pow\u0142oka nieprzywieraj\u0105ca, b\u0142yszcz\u0105ca<\/li><li>Zapobiega przywieraniu smo\u0142y i resztek owad\u00f3w do powierzchni<\/li><li>Przezroczysty\/niewidoczny, wygl\u0105d powierzchni pozostaje niezmieniony<\/li><li>Redukuje zarysowania<\/li><\/ul>\n<\/div>\n\n\n\n<div class=\"wp-block-column is-layout-flow wp-block-column-is-layout-flow\">\n<ul class=\"wp-block-list\" id=\"block-f9534f4e-e312-4dfa-9828-0a3b34fc908e\"><li>Odporny na mr\u00f3z, czyszczenie (w tym mycie samochodu), promieniowanie UV (zapobiega matowieniu lakieru), \u0142ugi\/zasady, wod\u0119 morsk\u0105, s\u0142one powietrze, odchody owad\u00f3w i inne silne zabrudzenia<\/li><li>Znacznie zmniejsza op\u00f3r powietrza, a tym samym zapewnia wi\u0119ksz\u0105 wydajno\u015b\u0107 \u0142odzi<\/li><li>Efekt \u201e\u0142atwego czyszczenia\u201d, powleczone powierzchnie d\u0142u\u017cej pozostaj\u0105 czyste i s\u0105 \u0142atwiejsze do czyszczenia.<\/li><li>Do u\u017cytku wewn\u0105trz i na zewn\u0105trz<\/li><\/ul>\n\n\n\n<p><br \/>Zakres dostawy: 1 x litrowa butelka<br \/><\/p>\n<\/div>\n<\/div>\n\n<hr \/>\n\n<h4 class=\"wp-block-heading\" id=\"application\">Zastosowanie<\/h4>\n\n<div class=\"wp-block-columns is-layout-flex wp-container-core-columns-is-layout-9d6595d7 wp-block-columns-is-layout-flex\">\n<div class=\"wp-block-column is-layout-flow wp-block-column-is-layout-flow\">\n<ul class=\"wp-block-list\"><li>Idealny do obr\u00f3bki powierzchni na \u0142odziach, kt\u00f3re znajduj\u0105 si\u0119 powy\u017cej linii wodnej (farby, polimery \/ tworzywa sztuczne)<\/li><\/ul>\n\n\n\n<p>Wymagana ilo\u015b\u0107 zale\u017cy od powlekanej powierzchni (stopie\u0144 zu\u017cycia i zabrudzenia) oraz u\u017cytej tkaniny. Wydajno\u015b\u0107 wysiewu wynosi ok. 20-40 ml\/m\u00b2.<\/p>\n<\/div>\n\n\n\n<div class=\"wp-block-column is-layout-flow wp-block-column-is-layout-flow\">\n<p><br \/><br \/>\u0141atwa aplikacja: 1. Przetrzyj uszczelniacz i wypoleruj 2. Pozostawi\u0107 do utwardzenia na 12 godzin &#8211; gotowe<\/p>\n\n\n\n<p>Okres trwa\u0142o\u015bci: do 3 miesi\u0119cy<\/p>\n<\/div>\n<\/div>\n","protected":false},"excerpt":{"rendered":"<p><strong>Wysoce skuteczna profesjonalna uszczelka do:<\/strong><\/p>\n<p>\u2713 \u0141odzie<\/p>\n<p>\u2713 Z efektem lotosu (wodoodporno\u015b\u0107)<\/p>\n<p>\u2713 Okres trwa\u0142o\u015bci do 3 miesi\u0119cy<\/p>\n","protected":false},"featured_media":17833,"template":"","meta":{"_acf_changed":false,"neve_meta_sidebar":"","neve_meta_container":"","neve_meta_enable_content_width":"","neve_meta_content_width":0,"neve_meta_title_alignment":"","neve_meta_author_avatar":"","neve_post_elements_order":"","neve_meta_disable_header":"","neve_meta_disable_footer":"","neve_meta_disable_title":"","neve_meta_reading_time":"","_surfaces":[],"_ver_product_tabs":[],"footnotes":""},"product_brand":[],"product_cat":[2170],"product_tag":[],"class_list":{"0":"post-23000","1":"product","2":"type-product","3":"status-publish","4":"has-post-thumbnail","6":"product_cat-uszczelnianie-samochodu","8":"first","9":"instock","10":"taxable","11":"shipping-taxable","12":"purchasable","13":"product-type-simple"},"acf":[],"yoast_head":"<!-- This site is optimized with the Yoast SEO Premium plugin v22.8 (Yoast SEO v27.5) - https:\/\/yoast.com\/product\/yoast-seo-premium-wordpress\/ -->\n<title>Specjalne polerowanie i uszczelnianie statku \/ jachtu \/ \u0142odzi w profesjonalnej jako\u015bci - versiegelung24.com<\/title>\n<meta name=\"robots\" content=\"index, follow, max-snippet:-1, max-image-preview:large, max-video-preview:-1\" \/>\n<link rel=\"canonical\" href=\"https:\/\/www.versiegelung24.com\/pl\/buty-specjalne-polerowanie-i-uszczelnianie-w-profesjonalnej-jakosci.html\" \/>\n<meta property=\"og:locale\" content=\"pl_PL\" \/>\n<meta property=\"og:type\" content=\"article\" \/>\n<meta property=\"og:title\" content=\"Specjalne polerowanie i uszczelnianie statku \/ jachtu \/ \u0142odzi w profesjonalnej jako\u015bci\" \/>\n<meta property=\"og:description\" content=\"Wysoce skuteczna profesjonalna uszczelka do: \u2713 \u0141odzie \u2713 Z efektem lotosu (wodoodporno\u015b\u0107) \u2713 Okres trwa\u0142o\u015bci do 3 miesi\u0119cy\" \/>\n<meta property=\"og:url\" content=\"https:\/\/www.versiegelung24.com\/pl\/buty-specjalne-polerowanie-i-uszczelnianie-w-profesjonalnej-jakosci.html\" \/>\n<meta property=\"og:site_name\" content=\"versiegelung24.com\" \/>\n<meta property=\"article:modified_time\" content=\"2025-04-10T08:57:09+00:00\" \/>\n<meta property=\"og:image\" content=\"https:\/\/www.versiegelung24.com\/wp-content\/uploads\/2020\/06\/produkt-2002-7660-1000-Boot-Spezial-Politur-Versiegelung-scaled.jpg\" \/>\n\t<meta property=\"og:image:width\" content=\"2560\" \/>\n\t<meta property=\"og:image:height\" content=\"2560\" \/>\n\t<meta property=\"og:image:type\" content=\"image\/jpeg\" \/>\n<meta name=\"twitter:card\" content=\"summary_large_image\" \/>\n<meta name=\"twitter:label1\" content=\"Cena\" \/>\n\t<meta name=\"twitter:data1\" content=\"99,00&euro;\" \/>\n\t<meta name=\"twitter:label2\" content=\"Dost\u0119pno\u015b\u0107\" \/>\n\t<meta name=\"twitter:data2\" content=\"Dost\u0119pny\" \/>\n<script type=\"application\/ld+json\" class=\"yoast-schema-graph\">{\"@context\":\"https:\\\/\\\/schema.org\",\"@graph\":[{\"@type\":\"WebPage\",\"@id\":\"https:\\\/\\\/www.versiegelung24.com\\\/pl\\\/buty-specjalne-polerowanie-i-uszczelnianie-w-profesjonalnej-jakosci.html\",\"url\":\"https:\\\/\\\/www.versiegelung24.com\\\/pl\\\/buty-specjalne-polerowanie-i-uszczelnianie-w-profesjonalnej-jakosci.html\",\"name\":\"Specjalne polerowanie i uszczelnianie statku \\\/ jachtu \\\/ \u0142odzi w profesjonalnej jako\u015bci - versiegelung24.com\",\"isPartOf\":{\"@id\":\"https:\\\/\\\/www.versiegelung24.com\\\/pl\\\/#website\"},\"primaryImageOfPage\":{\"@id\":\"https:\\\/\\\/www.versiegelung24.com\\\/pl\\\/buty-specjalne-polerowanie-i-uszczelnianie-w-profesjonalnej-jakosci.html#primaryimage\"},\"image\":{\"@id\":\"https:\\\/\\\/www.versiegelung24.com\\\/pl\\\/buty-specjalne-polerowanie-i-uszczelnianie-w-profesjonalnej-jakosci.html#primaryimage\"},\"thumbnailUrl\":\"https:\\\/\\\/www.versiegelung24.com\\\/wp-content\\\/uploads\\\/2020\\\/06\\\/produkt-2002-7660-1000-Boot-Spezial-Politur-Versiegelung-scaled.jpg\",\"datePublished\":\"2021-08-02T19:10:45+00:00\",\"dateModified\":\"2025-04-10T08:57:09+00:00\",\"breadcrumb\":{\"@id\":\"https:\\\/\\\/www.versiegelung24.com\\\/pl\\\/buty-specjalne-polerowanie-i-uszczelnianie-w-profesjonalnej-jakosci.html#breadcrumb\"},\"inLanguage\":\"pl-PL\",\"potentialAction\":[{\"@type\":\"ReadAction\",\"target\":[\"https:\\\/\\\/www.versiegelung24.com\\\/pl\\\/buty-specjalne-polerowanie-i-uszczelnianie-w-profesjonalnej-jakosci.html\"]}]},{\"@type\":\"ImageObject\",\"inLanguage\":\"pl-PL\",\"@id\":\"https:\\\/\\\/www.versiegelung24.com\\\/pl\\\/buty-specjalne-polerowanie-i-uszczelnianie-w-profesjonalnej-jakosci.html#primaryimage\",\"url\":\"https:\\\/\\\/www.versiegelung24.com\\\/wp-content\\\/uploads\\\/2020\\\/06\\\/produkt-2002-7660-1000-Boot-Spezial-Politur-Versiegelung-scaled.jpg\",\"contentUrl\":\"https:\\\/\\\/www.versiegelung24.com\\\/wp-content\\\/uploads\\\/2020\\\/06\\\/produkt-2002-7660-1000-Boot-Spezial-Politur-Versiegelung-scaled.jpg\",\"width\":2560,\"height\":2560},{\"@type\":\"BreadcrumbList\",\"@id\":\"https:\\\/\\\/www.versiegelung24.com\\\/pl\\\/buty-specjalne-polerowanie-i-uszczelnianie-w-profesjonalnej-jakosci.html#breadcrumb\",\"itemListElement\":[{\"@type\":\"ListItem\",\"position\":1,\"name\":\"Strona g\u0142\u00f3wna\",\"item\":\"https:\\\/\\\/www.versiegelung24.com\\\/pl\\\/przod\\\/\"},{\"@type\":\"ListItem\",\"position\":2,\"name\":\"Sklep\",\"item\":\"https:\\\/\\\/www.versiegelung24.com\\\/pl\\\/sklep\\\/\"},{\"@type\":\"ListItem\",\"position\":3,\"name\":\"Specjalne polerowanie i uszczelnianie statku \\\/ jachtu \\\/ \u0142odzi w profesjonalnej jako\u015bci\"}]},{\"@type\":\"WebSite\",\"@id\":\"https:\\\/\\\/www.versiegelung24.com\\\/pl\\\/#website\",\"url\":\"https:\\\/\\\/www.versiegelung24.com\\\/pl\\\/\",\"name\":\"versiegelung24.com\",\"description\":\"Fl\u00fcssigglas-Versiegelung - Made in Germany\",\"publisher\":{\"@id\":\"https:\\\/\\\/www.versiegelung24.com\\\/pl\\\/#organization\"},\"potentialAction\":[{\"@type\":\"SearchAction\",\"target\":{\"@type\":\"EntryPoint\",\"urlTemplate\":\"https:\\\/\\\/www.versiegelung24.com\\\/pl\\\/?s={search_term_string}\"},\"query-input\":{\"@type\":\"PropertyValueSpecification\",\"valueRequired\":true,\"valueName\":\"search_term_string\"}}],\"inLanguage\":\"pl-PL\"},{\"@type\":\"Organization\",\"@id\":\"https:\\\/\\\/www.versiegelung24.com\\\/pl\\\/#organization\",\"name\":\"versiegelung24\",\"url\":\"https:\\\/\\\/www.versiegelung24.com\\\/pl\\\/\",\"logo\":{\"@type\":\"ImageObject\",\"inLanguage\":\"pl-PL\",\"@id\":\"https:\\\/\\\/www.versiegelung24.com\\\/pl\\\/#\\\/schema\\\/logo\\\/image\\\/\",\"url\":\"https:\\\/\\\/www.versiegelung24.com\\\/wp-content\\\/uploads\\\/2020\\\/04\\\/versiegelung24.png\",\"contentUrl\":\"https:\\\/\\\/www.versiegelung24.com\\\/wp-content\\\/uploads\\\/2020\\\/04\\\/versiegelung24.png\",\"width\":470,\"height\":102,\"caption\":\"versiegelung24\"},\"image\":{\"@id\":\"https:\\\/\\\/www.versiegelung24.com\\\/pl\\\/#\\\/schema\\\/logo\\\/image\\\/\"}}]}<\/script>\n<meta property=\"product:price:amount\" content=\"99.00\" \/>\n<meta property=\"product:price:currency\" content=\"EUR\" \/>\n<meta property=\"og:availability\" content=\"instock\" \/>\n<meta property=\"product:availability\" content=\"instock\" \/>\n<meta property=\"product:retailer_item_id\" content=\"2002-7660-1000\" \/>\n<meta property=\"product:condition\" content=\"new\" \/>\n<!-- \/ Yoast SEO Premium plugin. -->","yoast_head_json":{"title":"Specjalne polerowanie i uszczelnianie statku \/ jachtu \/ \u0142odzi w profesjonalnej jako\u015bci - versiegelung24.com","robots":{"index":"index","follow":"follow","max-snippet":"max-snippet:-1","max-image-preview":"max-image-preview:large","max-video-preview":"max-video-preview:-1"},"canonical":"https:\/\/www.versiegelung24.com\/pl\/buty-specjalne-polerowanie-i-uszczelnianie-w-profesjonalnej-jakosci.html","og_locale":"pl_PL","og_type":"article","og_title":"Specjalne polerowanie i uszczelnianie statku \/ jachtu \/ \u0142odzi w profesjonalnej jako\u015bci","og_description":"Wysoce skuteczna profesjonalna uszczelka do: \u2713 \u0141odzie \u2713 Z efektem lotosu (wodoodporno\u015b\u0107) \u2713 Okres trwa\u0142o\u015bci do 3 miesi\u0119cy","og_url":"https:\/\/www.versiegelung24.com\/pl\/buty-specjalne-polerowanie-i-uszczelnianie-w-profesjonalnej-jakosci.html","og_site_name":"versiegelung24.com","article_modified_time":"2025-04-10T08:57:09+00:00","og_image":[{"width":2560,"height":2560,"url":"https:\/\/www.versiegelung24.com\/wp-content\/uploads\/2020\/06\/produkt-2002-7660-1000-Boot-Spezial-Politur-Versiegelung-scaled.jpg","type":"image\/jpeg"}],"twitter_card":"summary_large_image","twitter_misc":{"Cena":"99,00&euro;","Dost\u0119pno\u015b\u0107":"Dost\u0119pny"},"schema":{"@context":"https:\/\/schema.org","@graph":[{"@type":"WebPage","@id":"https:\/\/www.versiegelung24.com\/pl\/buty-specjalne-polerowanie-i-uszczelnianie-w-profesjonalnej-jakosci.html","url":"https:\/\/www.versiegelung24.com\/pl\/buty-specjalne-polerowanie-i-uszczelnianie-w-profesjonalnej-jakosci.html","name":"Specjalne polerowanie i uszczelnianie statku \/ jachtu \/ \u0142odzi w profesjonalnej jako\u015bci - versiegelung24.com","isPartOf":{"@id":"https:\/\/www.versiegelung24.com\/pl\/#website"},"primaryImageOfPage":{"@id":"https:\/\/www.versiegelung24.com\/pl\/buty-specjalne-polerowanie-i-uszczelnianie-w-profesjonalnej-jakosci.html#primaryimage"},"image":{"@id":"https:\/\/www.versiegelung24.com\/pl\/buty-specjalne-polerowanie-i-uszczelnianie-w-profesjonalnej-jakosci.html#primaryimage"},"thumbnailUrl":"https:\/\/www.versiegelung24.com\/wp-content\/uploads\/2020\/06\/produkt-2002-7660-1000-Boot-Spezial-Politur-Versiegelung-scaled.jpg","datePublished":"2021-08-02T19:10:45+00:00","dateModified":"2025-04-10T08:57:09+00:00","breadcrumb":{"@id":"https:\/\/www.versiegelung24.com\/pl\/buty-specjalne-polerowanie-i-uszczelnianie-w-profesjonalnej-jakosci.html#breadcrumb"},"inLanguage":"pl-PL","potentialAction":[{"@type":"ReadAction","target":["https:\/\/www.versiegelung24.com\/pl\/buty-specjalne-polerowanie-i-uszczelnianie-w-profesjonalnej-jakosci.html"]}]},{"@type":"ImageObject","inLanguage":"pl-PL","@id":"https:\/\/www.versiegelung24.com\/pl\/buty-specjalne-polerowanie-i-uszczelnianie-w-profesjonalnej-jakosci.html#primaryimage","url":"https:\/\/www.versiegelung24.com\/wp-content\/uploads\/2020\/06\/produkt-2002-7660-1000-Boot-Spezial-Politur-Versiegelung-scaled.jpg","contentUrl":"https:\/\/www.versiegelung24.com\/wp-content\/uploads\/2020\/06\/produkt-2002-7660-1000-Boot-Spezial-Politur-Versiegelung-scaled.jpg","width":2560,"height":2560},{"@type":"BreadcrumbList","@id":"https:\/\/www.versiegelung24.com\/pl\/buty-specjalne-polerowanie-i-uszczelnianie-w-profesjonalnej-jakosci.html#breadcrumb","itemListElement":[{"@type":"ListItem","position":1,"name":"Strona g\u0142\u00f3wna","item":"https:\/\/www.versiegelung24.com\/pl\/przod\/"},{"@type":"ListItem","position":2,"name":"Sklep","item":"https:\/\/www.versiegelung24.com\/pl\/sklep\/"},{"@type":"ListItem","position":3,"name":"Specjalne polerowanie i uszczelnianie statku \/ jachtu \/ \u0142odzi w profesjonalnej jako\u015bci"}]},{"@type":"WebSite","@id":"https:\/\/www.versiegelung24.com\/pl\/#website","url":"https:\/\/www.versiegelung24.com\/pl\/","name":"versiegelung24.com","description":"Fl\u00fcssigglas-Versiegelung - Made in Germany","publisher":{"@id":"https:\/\/www.versiegelung24.com\/pl\/#organization"},"potentialAction":[{"@type":"SearchAction","target":{"@type":"EntryPoint","urlTemplate":"https:\/\/www.versiegelung24.com\/pl\/?s={search_term_string}"},"query-input":{"@type":"PropertyValueSpecification","valueRequired":true,"valueName":"search_term_string"}}],"inLanguage":"pl-PL"},{"@type":"Organization","@id":"https:\/\/www.versiegelung24.com\/pl\/#organization","name":"versiegelung24","url":"https:\/\/www.versiegelung24.com\/pl\/","logo":{"@type":"ImageObject","inLanguage":"pl-PL","@id":"https:\/\/www.versiegelung24.com\/pl\/#\/schema\/logo\/image\/","url":"https:\/\/www.versiegelung24.com\/wp-content\/uploads\/2020\/04\/versiegelung24.png","contentUrl":"https:\/\/www.versiegelung24.com\/wp-content\/uploads\/2020\/04\/versiegelung24.png","width":470,"height":102,"caption":"versiegelung24"},"image":{"@id":"https:\/\/www.versiegelung24.com\/pl\/#\/schema\/logo\/image\/"}}]},"product_price_amount":"99.00","product_price_currency":"EUR","og_availability":"instock","product_availability":"instock","product_retailer_item_id":"2002-7660-1000","product_condition":"new"},"_links":{"self":[{"href":"https:\/\/www.versiegelung24.com\/pl\/wp-json\/wp\/v2\/product\/23000","targetHints":{"allow":["GET"]}}],"collection":[{"href":"https:\/\/www.versiegelung24.com\/pl\/wp-json\/wp\/v2\/product"}],"about":[{"href":"https:\/\/www.versiegelung24.com\/pl\/wp-json\/wp\/v2\/types\/product"}],"version-history":[{"count":11,"href":"https:\/\/www.versiegelung24.com\/pl\/wp-json\/wp\/v2\/product\/23000\/revisions"}],"predecessor-version":[{"id":181409,"href":"https:\/\/www.versiegelung24.com\/pl\/wp-json\/wp\/v2\/product\/23000\/revisions\/181409"}],"wp:featuredmedia":[{"embeddable":true,"href":"https:\/\/www.versiegelung24.com\/pl\/wp-json\/wp\/v2\/media\/17833"}],"wp:attachment":[{"href":"https:\/\/www.versiegelung24.com\/pl\/wp-json\/wp\/v2\/media?parent=23000"}],"wp:term":[{"taxonomy":"product_brand","embeddable":true,"href":"https:\/\/www.versiegelung24.com\/pl\/wp-json\/wp\/v2\/product_brand?post=23000"},{"taxonomy":"product_cat","embeddable":true,"href":"https:\/\/www.versiegelung24.com\/pl\/wp-json\/wp\/v2\/product_cat?post=23000"},{"taxonomy":"product_tag","embeddable":true,"href":"https:\/\/www.versiegelung24.com\/pl\/wp-json\/wp\/v2\/product_tag?post=23000"}],"curies":[{"name":"wp","href":"https:\/\/api.w.org\/{rel}","templated":true}]}}