{"id":23174,"date":"2020-04-04T18:53:14","date_gmt":"2021-08-02T19:25:25","guid":{"rendered":"https:\/\/www.versiegelung24.com\/produkt\/uszczelnianie-drewna-w-profesjonalnej-jakosci"},"modified":"2025-01-03T23:38:14","modified_gmt":"2025-01-03T22:38:14","slug":"uszczelnianie-drewna-profesjonalna-jakosc","status":"publish","type":"product","link":"https:\/\/www.versiegelung24.com\/pl\/uszczelnianie-drewna-profesjonalna-jakosc.html","title":{"rendered":"Uszczelnianie drewna w profesjonalnej jako\u015bci"},"content":{"rendered":"\n<p><strong>Wysoce skuteczny profesjonalny uszczelniacz do drewna z efektem g\u0142\u0119bi i lotosu (wodoodporny), do wewn\u0105trz i na zewn\u0105trz, NOWO\u015a\u0106<\/strong><\/p>\n\n<p>Wysoka jako\u015b\u0107 Made in Germany.<\/p>\n\n<hr\/>\n\n<h4 class=\"wp-block-heading\" id=\"properties\">Cechy produktu<\/h4>\n\n<div class=\"wp-block-columns is-layout-flex wp-container-core-columns-is-layout-9d6595d7 wp-block-columns-is-layout-flex\">\n<div class=\"wp-block-column is-layout-flow wp-block-column-is-layout-flow\">\n<ul class=\"wp-block-list\">\n<li>silne dzia\u0142anie hydrofobowe i oleofobowe (odpycha wod\u0119 i oleje)<\/li>\n\n\n\n<li>Efekt g\u0142\u0119boko\u015bci &#8211; wnika w drewno do 10mm (w zale\u017cno\u015bci od struktury)<\/li>\n\n\n\n<li>Chroni przed ple\u015bni\u0105, glonami i warunkami atmosferycznymi<\/li>\n\n\n\n<li>Oszcz\u0119dno\u015b\u0107 koszt\u00f3w, czasu i energii dzi\u0119ki wyd\u0142u\u017conym cyklom czyszczenia<\/li>\n\n\n\n<li>Zmniejszenie szybko\u015bci wnikania wilgoci pod wp\u0142ywem wody<\/li>\n\n\n\n<li>Efekt \u0142atwego czyszczenia<\/li>\n<\/ul>\n<\/div>\n\n\n\n<div class=\"wp-block-column is-layout-flow wp-block-column-is-layout-flow\">\n<ul class=\"wp-block-list\">\n<li>uszczelnione powierzchnie pozostaj\u0105 oddychaj\u0105ce<\/li>\n\n\n\n<li>Zmniejszenie przebarwie\u0144 zwietrzenia<\/li>\n\n\n\n<li>Odporny na promieniowanie UV, mrozoodporny i prawie niewidoczny<\/li>\n\n\n\n<li>Prosta aplikacja (mo\u017cna rozpyli\u0107 na du\u017cej powierzchni)<\/li>\n\n\n\n<li>Trwa\u0142o\u015b\u0107: do 3-10 lat<\/li>\n<\/ul>\n\n\n\n<p><br\/><br\/>Zakres dostawy: 1 x litrowa butelka 1 x g\u0142owica rozpylaj\u0105ca z pompk\u0105<br\/><\/p>\n<\/div>\n<\/div>\n\n<hr\/>\n\n<h4 class=\"wp-block-heading\" id=\"application\">Zastosowanie<\/h4>\n\n<div class=\"wp-block-columns is-layout-flex wp-container-core-columns-is-layout-9d6595d7 wp-block-columns-is-layout-flex\">\n<div class=\"wp-block-column is-layout-flow wp-block-column-is-layout-flow\">\n<ul class=\"wp-block-list\">\n<li>Wszystkie twarde i mi\u0119kkie drewno<\/li>\n\n\n\n<li>Ok\u0142adziny drewniane wewn\u0105trz i na zewn\u0105trz<\/li>\n\n\n\n<li>Stodo\u0142y<\/li>\n\n\n\n<li>Drewniane sufity \/ drewniane pod\u0142ogi<\/li>\n\n\n\n<li>Drewno konstrukcyjne<\/li>\n\n\n\n<li>Ramy okienne i drzwiowe wykonane z drewna<\/li>\n<\/ul>\n<\/div>\n\n\n\n<div class=\"wp-block-column is-layout-flow wp-block-column-is-layout-flow\">\n<ul class=\"wp-block-list\" id=\"block-bd0826c4-8c3a-4f56-9878-ce5fe93599ff\">\n<li>Belki, p\u0142atwie i deski pod\u0142ogowe<\/li>\n\n\n\n<li>Antyczne lasy<\/li>\n\n\n\n<li>Panele drewniane w strefie sanitarnej<\/li>\n<\/ul>\n\n\n\n<p><strong>Zu\u017cycie uzale\u017cnione od ch\u0142onno\u015bci pod\u0142o\u017ca ok. 10-40m\u00b2\/litr.<\/strong><\/p>\n<\/div>\n<\/div>\n","protected":false},"excerpt":{"rendered":"<p><strong>**NOWO\u015a\u0106** Wysoce skuteczne uszczelnienie ch\u0142onnych powierzchni drewnianych:<\/strong><\/p>\n<p>\u2713 Z efektem g\u0142\u0119bi<\/p>\n<p>\u2713 Z efektem lotosu (wodoodporno\u015b\u0107)<\/p>\n<p>\u2713 Do wewn\u0105trz i na zewn\u0105trz<\/p>\n","protected":false},"featured_media":18188,"template":"","meta":{"_acf_changed":false,"neve_meta_sidebar":"","neve_meta_container":"","neve_meta_enable_content_width":"","neve_meta_content_width":0,"neve_meta_title_alignment":"","neve_meta_author_avatar":"","neve_post_elements_order":"","neve_meta_disable_header":"","neve_meta_disable_footer":"","neve_meta_disable_title":"","neve_meta_reading_time":"","_surfaces":[],"_ver_product_tabs":[],"footnotes":""},"product_brand":[],"product_cat":[2414],"product_tag":[],"class_list":{"0":"post-23174","1":"product","2":"type-product","3":"status-publish","4":"has-post-thumbnail","6":"product_cat-uszczelnianie-drewna","7":"pa_gebinde-kanister-20l","8":"pa_gebinde-kanister-10l","9":"pa_gebinde-zestaw-do-dzialania-z-butelka-100ml","10":"pa_gebinde-butelka-50-ml","11":"pa_gebinde-zestaw-do-dzialania-z-butelka-50ml","12":"pa_gebinde-butelka-100ml","13":"pa_gebinde-butelka-150-ml","14":"pa_gebinde-butelka-500-ml","15":"pa_gebinde-butelka-200-ml","16":"pa_gebinde-butelka-o-pojemnosci-1000-ml","17":"pa_gebinde-10ml-butelka","18":"pa_gebinde-butelka-5-ml","19":"pa_gebinde-125-ml-butelka-z-rozpylaczem-z-pompka","20":"pa_gebinde-butelka-uzupelniajaca-o-pojemnosci-1000-ml","22":"first","23":"instock","24":"taxable","25":"shipping-taxable","26":"purchasable","27":"product-type-variable","28":"has-default-attributes"},"acf":[],"yoast_head":"<!-- This site is optimized with the Yoast SEO Premium plugin v22.8 (Yoast SEO v27.5) - https:\/\/yoast.com\/product\/yoast-seo-premium-wordpress\/ -->\n<title>Uszczelnianie drewna w profesjonalnej jako\u015bci - versiegelung24.com<\/title>\n<meta name=\"robots\" content=\"index, follow, max-snippet:-1, max-image-preview:large, max-video-preview:-1\" \/>\n<link rel=\"canonical\" href=\"https:\/\/www.versiegelung24.com\/pl\/uszczelnianie-drewna-profesjonalna-jakosc.html\" \/>\n<meta property=\"og:locale\" content=\"pl_PL\" \/>\n<meta property=\"og:type\" content=\"article\" \/>\n<meta property=\"og:title\" content=\"Uszczelnianie drewna w profesjonalnej jako\u015bci\" \/>\n<meta property=\"og:description\" content=\"**NOWO\u015a\u0106** Wysoce skuteczne uszczelnienie ch\u0142onnych powierzchni drewnianych: \u2713 Z efektem g\u0142\u0119bi \u2713 Z efektem lotosu (wodoodporno\u015b\u0107) \u2713 Do wewn\u0105trz i na zewn\u0105trz\" \/>\n<meta property=\"og:url\" content=\"https:\/\/www.versiegelung24.com\/pl\/uszczelnianie-drewna-profesjonalna-jakosc.html\" \/>\n<meta property=\"og:site_name\" content=\"versiegelung24.com\" \/>\n<meta property=\"article:modified_time\" content=\"2025-01-03T22:38:14+00:00\" \/>\n<meta property=\"og:image\" content=\"https:\/\/www.versiegelung24.com\/wp-content\/uploads\/2020\/06\/produkt-4000-695-1000-Holzversiegelung-scaled.jpg\" \/>\n\t<meta property=\"og:image:width\" content=\"2560\" \/>\n\t<meta property=\"og:image:height\" content=\"2560\" \/>\n\t<meta property=\"og:image:type\" content=\"image\/jpeg\" \/>\n<meta name=\"twitter:card\" content=\"summary_large_image\" \/>\n<meta name=\"twitter:label1\" content=\"Dost\u0119pno\u015b\u0107\" \/>\n\t<meta name=\"twitter:data1\" content=\"Dost\u0119pny\" \/>\n<script type=\"application\/ld+json\" class=\"yoast-schema-graph\">{\"@context\":\"https:\\\/\\\/schema.org\",\"@graph\":[{\"@type\":\"WebPage\",\"@id\":\"https:\\\/\\\/www.versiegelung24.com\\\/pl\\\/uszczelnianie-drewna-profesjonalna-jakosc.html\",\"url\":\"https:\\\/\\\/www.versiegelung24.com\\\/pl\\\/uszczelnianie-drewna-profesjonalna-jakosc.html\",\"name\":\"Uszczelnianie drewna w profesjonalnej jako\u015bci - versiegelung24.com\",\"isPartOf\":{\"@id\":\"https:\\\/\\\/www.versiegelung24.com\\\/pl\\\/#website\"},\"primaryImageOfPage\":{\"@id\":\"https:\\\/\\\/www.versiegelung24.com\\\/pl\\\/uszczelnianie-drewna-profesjonalna-jakosc.html#primaryimage\"},\"image\":{\"@id\":\"https:\\\/\\\/www.versiegelung24.com\\\/pl\\\/uszczelnianie-drewna-profesjonalna-jakosc.html#primaryimage\"},\"thumbnailUrl\":\"https:\\\/\\\/www.versiegelung24.com\\\/wp-content\\\/uploads\\\/2020\\\/06\\\/produkt-4000-695-1000-Holzversiegelung-scaled.jpg\",\"datePublished\":\"2021-08-02T19:25:25+00:00\",\"dateModified\":\"2025-01-03T22:38:14+00:00\",\"breadcrumb\":{\"@id\":\"https:\\\/\\\/www.versiegelung24.com\\\/pl\\\/uszczelnianie-drewna-profesjonalna-jakosc.html#breadcrumb\"},\"inLanguage\":\"pl-PL\",\"potentialAction\":[{\"@type\":\"ReadAction\",\"target\":[\"https:\\\/\\\/www.versiegelung24.com\\\/pl\\\/uszczelnianie-drewna-profesjonalna-jakosc.html\"]}]},{\"@type\":\"ImageObject\",\"inLanguage\":\"pl-PL\",\"@id\":\"https:\\\/\\\/www.versiegelung24.com\\\/pl\\\/uszczelnianie-drewna-profesjonalna-jakosc.html#primaryimage\",\"url\":\"https:\\\/\\\/www.versiegelung24.com\\\/wp-content\\\/uploads\\\/2020\\\/06\\\/produkt-4000-695-1000-Holzversiegelung-scaled.jpg\",\"contentUrl\":\"https:\\\/\\\/www.versiegelung24.com\\\/wp-content\\\/uploads\\\/2020\\\/06\\\/produkt-4000-695-1000-Holzversiegelung-scaled.jpg\",\"width\":2560,\"height\":2560},{\"@type\":\"BreadcrumbList\",\"@id\":\"https:\\\/\\\/www.versiegelung24.com\\\/pl\\\/uszczelnianie-drewna-profesjonalna-jakosc.html#breadcrumb\",\"itemListElement\":[{\"@type\":\"ListItem\",\"position\":1,\"name\":\"Strona g\u0142\u00f3wna\",\"item\":\"https:\\\/\\\/www.versiegelung24.com\\\/pl\\\/przod\\\/\"},{\"@type\":\"ListItem\",\"position\":2,\"name\":\"Sklep\",\"item\":\"https:\\\/\\\/www.versiegelung24.com\\\/pl\\\/sklep\\\/\"},{\"@type\":\"ListItem\",\"position\":3,\"name\":\"Uszczelnianie drewna w profesjonalnej jako\u015bci\"}]},{\"@type\":\"WebSite\",\"@id\":\"https:\\\/\\\/www.versiegelung24.com\\\/pl\\\/#website\",\"url\":\"https:\\\/\\\/www.versiegelung24.com\\\/pl\\\/\",\"name\":\"versiegelung24.com\",\"description\":\"Fl\u00fcssigglas-Versiegelung - Made in Germany\",\"publisher\":{\"@id\":\"https:\\\/\\\/www.versiegelung24.com\\\/pl\\\/#organization\"},\"potentialAction\":[{\"@type\":\"SearchAction\",\"target\":{\"@type\":\"EntryPoint\",\"urlTemplate\":\"https:\\\/\\\/www.versiegelung24.com\\\/pl\\\/?s={search_term_string}\"},\"query-input\":{\"@type\":\"PropertyValueSpecification\",\"valueRequired\":true,\"valueName\":\"search_term_string\"}}],\"inLanguage\":\"pl-PL\"},{\"@type\":\"Organization\",\"@id\":\"https:\\\/\\\/www.versiegelung24.com\\\/pl\\\/#organization\",\"name\":\"versiegelung24\",\"url\":\"https:\\\/\\\/www.versiegelung24.com\\\/pl\\\/\",\"logo\":{\"@type\":\"ImageObject\",\"inLanguage\":\"pl-PL\",\"@id\":\"https:\\\/\\\/www.versiegelung24.com\\\/pl\\\/#\\\/schema\\\/logo\\\/image\\\/\",\"url\":\"https:\\\/\\\/www.versiegelung24.com\\\/wp-content\\\/uploads\\\/2020\\\/04\\\/versiegelung24.png\",\"contentUrl\":\"https:\\\/\\\/www.versiegelung24.com\\\/wp-content\\\/uploads\\\/2020\\\/04\\\/versiegelung24.png\",\"width\":470,\"height\":102,\"caption\":\"versiegelung24\"},\"image\":{\"@id\":\"https:\\\/\\\/www.versiegelung24.com\\\/pl\\\/#\\\/schema\\\/logo\\\/image\\\/\"}}]}<\/script>\n<meta property=\"og:availability\" content=\"instock\" \/>\n<meta property=\"product:availability\" content=\"instock\" \/>\n<meta property=\"product:retailer_item_id\" content=\"4000-695\" \/>\n<meta property=\"product:condition\" content=\"new\" \/>\n<!-- \/ Yoast SEO Premium plugin. -->","yoast_head_json":{"title":"Uszczelnianie drewna w profesjonalnej jako\u015bci - versiegelung24.com","robots":{"index":"index","follow":"follow","max-snippet":"max-snippet:-1","max-image-preview":"max-image-preview:large","max-video-preview":"max-video-preview:-1"},"canonical":"https:\/\/www.versiegelung24.com\/pl\/uszczelnianie-drewna-profesjonalna-jakosc.html","og_locale":"pl_PL","og_type":"article","og_title":"Uszczelnianie drewna w profesjonalnej jako\u015bci","og_description":"**NOWO\u015a\u0106** Wysoce skuteczne uszczelnienie ch\u0142onnych powierzchni drewnianych: \u2713 Z efektem g\u0142\u0119bi \u2713 Z efektem lotosu (wodoodporno\u015b\u0107) \u2713 Do wewn\u0105trz i na zewn\u0105trz","og_url":"https:\/\/www.versiegelung24.com\/pl\/uszczelnianie-drewna-profesjonalna-jakosc.html","og_site_name":"versiegelung24.com","article_modified_time":"2025-01-03T22:38:14+00:00","og_image":[{"width":2560,"height":2560,"url":"https:\/\/www.versiegelung24.com\/wp-content\/uploads\/2020\/06\/produkt-4000-695-1000-Holzversiegelung-scaled.jpg","type":"image\/jpeg"}],"twitter_card":"summary_large_image","twitter_misc":{"Dost\u0119pno\u015b\u0107":"Dost\u0119pny"},"schema":{"@context":"https:\/\/schema.org","@graph":[{"@type":"WebPage","@id":"https:\/\/www.versiegelung24.com\/pl\/uszczelnianie-drewna-profesjonalna-jakosc.html","url":"https:\/\/www.versiegelung24.com\/pl\/uszczelnianie-drewna-profesjonalna-jakosc.html","name":"Uszczelnianie drewna w profesjonalnej jako\u015bci - versiegelung24.com","isPartOf":{"@id":"https:\/\/www.versiegelung24.com\/pl\/#website"},"primaryImageOfPage":{"@id":"https:\/\/www.versiegelung24.com\/pl\/uszczelnianie-drewna-profesjonalna-jakosc.html#primaryimage"},"image":{"@id":"https:\/\/www.versiegelung24.com\/pl\/uszczelnianie-drewna-profesjonalna-jakosc.html#primaryimage"},"thumbnailUrl":"https:\/\/www.versiegelung24.com\/wp-content\/uploads\/2020\/06\/produkt-4000-695-1000-Holzversiegelung-scaled.jpg","datePublished":"2021-08-02T19:25:25+00:00","dateModified":"2025-01-03T22:38:14+00:00","breadcrumb":{"@id":"https:\/\/www.versiegelung24.com\/pl\/uszczelnianie-drewna-profesjonalna-jakosc.html#breadcrumb"},"inLanguage":"pl-PL","potentialAction":[{"@type":"ReadAction","target":["https:\/\/www.versiegelung24.com\/pl\/uszczelnianie-drewna-profesjonalna-jakosc.html"]}]},{"@type":"ImageObject","inLanguage":"pl-PL","@id":"https:\/\/www.versiegelung24.com\/pl\/uszczelnianie-drewna-profesjonalna-jakosc.html#primaryimage","url":"https:\/\/www.versiegelung24.com\/wp-content\/uploads\/2020\/06\/produkt-4000-695-1000-Holzversiegelung-scaled.jpg","contentUrl":"https:\/\/www.versiegelung24.com\/wp-content\/uploads\/2020\/06\/produkt-4000-695-1000-Holzversiegelung-scaled.jpg","width":2560,"height":2560},{"@type":"BreadcrumbList","@id":"https:\/\/www.versiegelung24.com\/pl\/uszczelnianie-drewna-profesjonalna-jakosc.html#breadcrumb","itemListElement":[{"@type":"ListItem","position":1,"name":"Strona g\u0142\u00f3wna","item":"https:\/\/www.versiegelung24.com\/pl\/przod\/"},{"@type":"ListItem","position":2,"name":"Sklep","item":"https:\/\/www.versiegelung24.com\/pl\/sklep\/"},{"@type":"ListItem","position":3,"name":"Uszczelnianie drewna w profesjonalnej jako\u015bci"}]},{"@type":"WebSite","@id":"https:\/\/www.versiegelung24.com\/pl\/#website","url":"https:\/\/www.versiegelung24.com\/pl\/","name":"versiegelung24.com","description":"Fl\u00fcssigglas-Versiegelung - Made in Germany","publisher":{"@id":"https:\/\/www.versiegelung24.com\/pl\/#organization"},"potentialAction":[{"@type":"SearchAction","target":{"@type":"EntryPoint","urlTemplate":"https:\/\/www.versiegelung24.com\/pl\/?s={search_term_string}"},"query-input":{"@type":"PropertyValueSpecification","valueRequired":true,"valueName":"search_term_string"}}],"inLanguage":"pl-PL"},{"@type":"Organization","@id":"https:\/\/www.versiegelung24.com\/pl\/#organization","name":"versiegelung24","url":"https:\/\/www.versiegelung24.com\/pl\/","logo":{"@type":"ImageObject","inLanguage":"pl-PL","@id":"https:\/\/www.versiegelung24.com\/pl\/#\/schema\/logo\/image\/","url":"https:\/\/www.versiegelung24.com\/wp-content\/uploads\/2020\/04\/versiegelung24.png","contentUrl":"https:\/\/www.versiegelung24.com\/wp-content\/uploads\/2020\/04\/versiegelung24.png","width":470,"height":102,"caption":"versiegelung24"},"image":{"@id":"https:\/\/www.versiegelung24.com\/pl\/#\/schema\/logo\/image\/"}}]},"og_availability":"instock","product_availability":"instock","product_retailer_item_id":"4000-695","product_condition":"new"},"_links":{"self":[{"href":"https:\/\/www.versiegelung24.com\/pl\/wp-json\/wp\/v2\/product\/23174","targetHints":{"allow":["GET"]}}],"collection":[{"href":"https:\/\/www.versiegelung24.com\/pl\/wp-json\/wp\/v2\/product"}],"about":[{"href":"https:\/\/www.versiegelung24.com\/pl\/wp-json\/wp\/v2\/types\/product"}],"version-history":[{"count":16,"href":"https:\/\/www.versiegelung24.com\/pl\/wp-json\/wp\/v2\/product\/23174\/revisions"}],"predecessor-version":[{"id":177507,"href":"https:\/\/www.versiegelung24.com\/pl\/wp-json\/wp\/v2\/product\/23174\/revisions\/177507"}],"wp:featuredmedia":[{"embeddable":true,"href":"https:\/\/www.versiegelung24.com\/pl\/wp-json\/wp\/v2\/media\/18188"}],"wp:attachment":[{"href":"https:\/\/www.versiegelung24.com\/pl\/wp-json\/wp\/v2\/media?parent=23174"}],"wp:term":[{"taxonomy":"product_brand","embeddable":true,"href":"https:\/\/www.versiegelung24.com\/pl\/wp-json\/wp\/v2\/product_brand?post=23174"},{"taxonomy":"product_cat","embeddable":true,"href":"https:\/\/www.versiegelung24.com\/pl\/wp-json\/wp\/v2\/product_cat?post=23174"},{"taxonomy":"product_tag","embeddable":true,"href":"https:\/\/www.versiegelung24.com\/pl\/wp-json\/wp\/v2\/product_tag?post=23174"}],"curies":[{"name":"wp","href":"https:\/\/api.w.org\/{rel}","templated":true}]}}