{"id":23234,"date":"2020-04-04T18:53:42","date_gmt":"2021-08-02T19:28:24","guid":{"rendered":"https:\/\/www.versiegelung24.com\/produkt\/uniwersalne-uszczelnienie-7675-do-powierzchni-twardych-niechlonnych-szklo-ceramika-stal-nierdzewna-plastik-metal"},"modified":"2025-03-20T10:10:22","modified_gmt":"2025-03-20T09:10:22","slug":"uszczelnienie-uniwersalne-7675-do-twardych-nienasiakliwych-powierzchni-szklo-ceramika-stal-nierdzewna-plastik-metal","status":"publish","type":"product","link":"https:\/\/www.versiegelung24.com\/pl\/uniwersalne-uszczelnienie-7675-do-powierzchni-twardych-niechlonnych-szklo-ceramika-stal-nierdzewna-plastik-metal.html","title":{"rendered":"Uniwersalne uszczelnienie 7675 do powierzchni \u201etwardych\u201d \/ niech\u0142onnych (szk\u0142o \/ ceramika +++, stal nierdzewna +++, plastik \/ metal ++)"},"content":{"rendered":"\n<p><strong>Wysoce skuteczny profesjonalny uniwersalny uszczelniacz do &#8220;twardych&#8221; \/ niech\u0142onnych powierzchni, takich jak szk\u0142o, ceramika, plastik i powierzchnie metalowe z \u0142atwym do czyszczenia efektem NOWO\u015a\u0106, do wn\u0119trz i na zewn\u0105trz<\/strong><\/p>\n\n<p>Idealny do szk\u0142a \/ ceramiki i stali nierdzewnej, mo\u017cna go r\u00f3wnie\u017c stosowa\u0107 do tworzyw sztucznych i metalu<\/p>\n\n<p>Wysoka jako\u015b\u0107 Made in Germany.<\/p>\n\n<p><strong>Uszczelniacz uniwersalny V24 4005-7675<\/strong> to materia\u0142 pow\u0142okowy na bazie alkoholu (IPA), kt\u00f3ry daje efekt \u0142atwego czyszczenia na powierzchniach szklanych, plastikowych, ceramicznych i metalowych (chrom, stal nierdzewna, aluminium). Materia\u0142 tworzy na powierzchni cienk\u0105 warstw\u0119, kt\u00f3ra zmniejsza przyczepno\u015b\u0107 brudu i cia\u0142 obcych oraz umo\u017cliwia lepsze sp\u0142ywanie wody. Powlekana powierzchnia jest szczeg\u00f3lnie \u0142atwa do czyszczenia<\/p>\n\n<hr \/>\n\n<h4 class=\"wp-block-heading\" id=\"properties\">Cechy produktu<\/h4>\n\n<div class=\"wp-block-columns is-layout-flex wp-container-core-columns-is-layout-9d6595d7 wp-block-columns-is-layout-flex\">\n<div class=\"wp-block-column is-layout-flow wp-block-column-is-layout-flow\">\n<ul class=\"wp-block-list\">\n<li>Dostarczone gotowe do u\u017cycia<\/li>\n\n\n\n<li>pozwala wodzie lepiej sp\u0142ywa\u0107<\/li>\n\n\n\n<li>Efekt \u0142atwego czyszczenia w odniesieniu do brudu i kamienia<\/li>\n\n\n\n<li>klarowna, bezbarwna ciecz, niewidoczna i niewyczuwalna<\/li>\n\n\n\n<li>Powierzchnie pozostaj\u0105 czyste znacznie d\u0142u\u017cej, co wyd\u0142u\u017ca cykle czyszczenia i znacznie zmniejsza koszty, czas i energi\u0119 na czyszczenie i konserwacj\u0119<\/li>\n\n\n\n<li>ogranicza rozw\u00f3j drobnoustroj\u00f3w i bakterii, a tym samym poprawia higien\u0119<\/li>\n<\/ul>\n<\/div>\n\n\n\n<div class=\"wp-block-column is-layout-flow wp-block-column-is-layout-flow\">\n<ul class=\"wp-block-list\">\n<li>Odporny na mr\u00f3z, ekstremalne upa\u0142y, promieniowanie UV, s\u0142on\u0105 wod\u0119 i s\u0142one powietrze, minera\u0142y z twardej wody i alkalia<\/li>\n\n\n\n<li>Glony i ptasie odchody nie mog\u0105 ju\u017c mocno przylega\u0107<\/li>\n\n\n\n<li>bez fluoru<\/li>\n<\/ul>\n\n\n\n<p><br \/><br \/>Zakres dostawy: 1 x litrowa butelka 1 x g\u0142owica rozpylaj\u0105ca z pompk\u0105<\/p>\n<\/div>\n<\/div>\n\n<hr \/>\n\n<h4 class=\"wp-block-heading\" id=\"application\">Zastosowanie<\/h4>\n\n<div class=\"wp-block-columns is-layout-flex wp-container-core-columns-is-layout-9d6595d7 wp-block-columns-is-layout-flex\">\n<div class=\"wp-block-column is-layout-flow wp-block-column-is-layout-flow\">\n<ul class=\"wp-block-list\">\n<li>Artyku\u0142y sanitarne (toalety, bidety, wanny ceramiczne, prysznice, umywalki, lustra)<\/li>\n\n\n\n<li>Baseny (ceramiczne na zewn\u0105trz, nie nadaj\u0105 si\u0119 do pod wod\u0105)<\/li>\n\n\n\n<li>Wszystkie rodzaje p\u0142ytek ceramicznych, np. w kuchniach<\/li>\n\n\n\n<li>Szk\u0142o okienne i konstrukcyjne (ogrody zimowe, wie\u017cowce, zadaszenia)<\/li>\n\n\n\n<li>Powierzchnie plastikowe i metalowe<\/li>\n\n\n\n<li>Do szyb samochodowych polecamy nasze<a href=\"https:\/\/www.versiegelung24.com\/autoglas-versiegelung\/\"> Uszczelnienie szyb samochodowych premium<\/a><\/li>\n<\/ul>\n<\/div>\n\n\n\n<div class=\"wp-block-column is-layout-flow wp-block-column-is-layout-flow\">\n<p><br \/><br \/><br \/><br \/>\u0141atwa aplikacja: 1. Bardzo dobrze oczy\u015bci\u0107 powierzchni\u0119 (im czystsza powierzchnia, tym d\u0142u\u017csza trwa\u0142o\u015b\u0107 uszczelniacza) 2. Przed u\u017cyciem ponownie oczy\u015bci\u0107 alkoholem (np. izopropylowym) 3. Rozpyli\u0107 uszczelniacz na szmatk\u0119 i nanie\u015b\u0107 na powierzchni\u0119 4.<br \/>Po 5 minutach ostro\u017cnie wypolerowa\u0107 \u015bciereczk\u0105 z mikrofibry bez wywierania nacisku 5. Pozostawi\u0107 do utwardzenia na 12 godzin &#8211; gotowe<\/p>\n\n\n\n<p>Trwa\u0142o\u015b\u0107: do 3-10 lat<\/p>\n\n\n\n<p>Do 200m\u00b2 mo\u017cna uszczelni\u0107 za pomoc\u0105 1 litra.<\/p>\n<\/div>\n<\/div>\n\n<hr \/>\n\n<h4 class=\"wp-block-heading\" id=\"h-ratgeber\">Doradca<\/h4>\n\n<p>Nasze uniwersalne uszczelnienia s\u0105 szczeg\u00f3lnie odpowiednie dla sektora majsterkowania.<\/p>\n\n<p>\u0141\u0105cz\u0105 profesjonalny spos\u00f3b dzia\u0142ania na r\u00f3\u017cnych powierzchniach z \u0142atw\u0105 obs\u0142ug\u0105 podczas aplikacji. A wszystko to bez wi\u0119kszych kompromis\u00f3w w zakresie jako\u015bci.<\/p>\n\n<p>W ten spos\u00f3b mo\u017cna aplikowa\u0107 na kilku materia\u0142ach za pomoc\u0105 tylko jednego uniwersalnego uszczelniacza, a tak\u017ce uzyska\u0107 wysokiej jako\u015bci efekt i d\u0142ug\u0105 trwa\u0142o\u015b\u0107.<\/p>\n\n<p>Jednak w przypadku zastosowa\u0144 komercyjnych i przemys\u0142owych, w kt\u00f3rych nale\u017cy osi\u0105gn\u0105\u0107 najwy\u017cszy mo\u017cliwy poziom wydajno\u015bci na okre\u015blonej powierzchni, zalecamy stosowanie naszych specjalnych wyko\u0144cze\u0144 dla tej powierzchni.<\/p>\n","protected":false},"excerpt":{"rendered":"<p><strong>**NOWO\u015a\u0106** Wysoce skuteczna profesjonalna, uniwersalna uszczelka do \u201etwardych\u201d\/nienasi\u0105kliwych powierzchni, takich jak:<\/strong><\/p>\n<p>\u2713 Szk\u0142o<\/p>\n<p>\u2713 Powierzchnie ceramiczne<\/p>\n<p>\u2713 Powierzchnie plastikowe<\/p>\n<p>\u2713 Powierzchnie metalowe<\/p>\n<p>\u2713 Z efektem \u0142atwego czyszczenia<\/p>\n","protected":false},"featured_media":18260,"template":"","meta":{"_acf_changed":false,"neve_meta_sidebar":"","neve_meta_container":"","neve_meta_enable_content_width":"","neve_meta_content_width":0,"neve_meta_title_alignment":"","neve_meta_author_avatar":"","neve_post_elements_order":"","neve_meta_disable_header":"","neve_meta_disable_footer":"","neve_meta_disable_title":"","neve_meta_reading_time":"","_surfaces":[],"_ver_product_tabs":[],"footnotes":""},"product_brand":[],"product_cat":[2484],"product_tag":[],"class_list":{"0":"post-23234","1":"product","2":"type-product","3":"status-publish","4":"has-post-thumbnail","6":"product_cat-uszczelka-uniwersalna","8":"first","9":"instock","10":"taxable","11":"shipping-taxable","12":"purchasable","13":"product-type-simple"},"acf":[],"yoast_head":"<!-- This site is optimized with the Yoast SEO Premium plugin v22.8 (Yoast SEO v27.5) - https:\/\/yoast.com\/product\/yoast-seo-premium-wordpress\/ -->\n<title>Uniwersalne uszczelnienie 7675 do powierzchni \u201etwardych\u201d \/ niech\u0142onnych (szk\u0142o \/ ceramika +++, stal nierdzewna +++, plastik \/ metal ++) - versiegelung24.com<\/title>\n<meta name=\"robots\" content=\"index, follow, max-snippet:-1, max-image-preview:large, max-video-preview:-1\" \/>\n<link rel=\"canonical\" href=\"https:\/\/www.versiegelung24.com\/pl\/uniwersalne-uszczelnienie-7675-do-powierzchni-twardych-niechlonnych-szklo-ceramika-stal-nierdzewna-plastik-metal.html\" \/>\n<meta property=\"og:locale\" content=\"pl_PL\" \/>\n<meta property=\"og:type\" content=\"article\" \/>\n<meta property=\"og:title\" content=\"Uniwersalne uszczelnienie 7675 do powierzchni \u201etwardych\u201d \/ niech\u0142onnych (szk\u0142o \/ ceramika +++, stal nierdzewna +++, plastik \/ metal ++)\" \/>\n<meta property=\"og:description\" content=\"**NOWO\u015a\u0106** Wysoce skuteczna profesjonalna, uniwersalna uszczelka do \u201etwardych\u201d\/nienasi\u0105kliwych powierzchni, takich jak: \u2713 Szk\u0142o \u2713 Powierzchnie ceramiczne \u2713 Powierzchnie plastikowe \u2713 Powierzchnie metalowe \u2713 Z efektem \u0142atwego czyszczenia\" \/>\n<meta property=\"og:url\" content=\"https:\/\/www.versiegelung24.com\/pl\/uniwersalne-uszczelnienie-7675-do-powierzchni-twardych-niechlonnych-szklo-ceramika-stal-nierdzewna-plastik-metal.html\" \/>\n<meta property=\"og:site_name\" content=\"versiegelung24.com\" \/>\n<meta property=\"article:modified_time\" content=\"2025-03-20T09:10:22+00:00\" \/>\n<meta property=\"og:image\" content=\"https:\/\/www.versiegelung24.com\/wp-content\/uploads\/2020\/06\/produkt-4005-7675-1000-Universalversiegelung-7675-scaled.jpg\" \/>\n\t<meta property=\"og:image:width\" content=\"2560\" \/>\n\t<meta property=\"og:image:height\" content=\"2560\" \/>\n\t<meta property=\"og:image:type\" content=\"image\/jpeg\" \/>\n<meta name=\"twitter:card\" content=\"summary_large_image\" \/>\n<meta name=\"twitter:label1\" content=\"Cena\" \/>\n\t<meta name=\"twitter:data1\" content=\"89,99&euro;\" \/>\n\t<meta name=\"twitter:label2\" content=\"Dost\u0119pno\u015b\u0107\" \/>\n\t<meta name=\"twitter:data2\" content=\"Dost\u0119pny\" \/>\n<script type=\"application\/ld+json\" class=\"yoast-schema-graph\">{\"@context\":\"https:\\\/\\\/schema.org\",\"@graph\":[{\"@type\":\"WebPage\",\"@id\":\"https:\\\/\\\/www.versiegelung24.com\\\/pl\\\/uniwersalne-uszczelnienie-7675-do-powierzchni-twardych-niechlonnych-szklo-ceramika-stal-nierdzewna-plastik-metal.html\",\"url\":\"https:\\\/\\\/www.versiegelung24.com\\\/pl\\\/uniwersalne-uszczelnienie-7675-do-powierzchni-twardych-niechlonnych-szklo-ceramika-stal-nierdzewna-plastik-metal.html\",\"name\":\"Uniwersalne uszczelnienie 7675 do powierzchni \u201etwardych\u201d \\\/ niech\u0142onnych (szk\u0142o \\\/ ceramika +++, stal nierdzewna +++, plastik \\\/ metal ++) - versiegelung24.com\",\"isPartOf\":{\"@id\":\"https:\\\/\\\/www.versiegelung24.com\\\/pl\\\/#website\"},\"primaryImageOfPage\":{\"@id\":\"https:\\\/\\\/www.versiegelung24.com\\\/pl\\\/uniwersalne-uszczelnienie-7675-do-powierzchni-twardych-niechlonnych-szklo-ceramika-stal-nierdzewna-plastik-metal.html#primaryimage\"},\"image\":{\"@id\":\"https:\\\/\\\/www.versiegelung24.com\\\/pl\\\/uniwersalne-uszczelnienie-7675-do-powierzchni-twardych-niechlonnych-szklo-ceramika-stal-nierdzewna-plastik-metal.html#primaryimage\"},\"thumbnailUrl\":\"https:\\\/\\\/www.versiegelung24.com\\\/wp-content\\\/uploads\\\/2020\\\/06\\\/produkt-4005-7675-1000-Universalversiegelung-7675-scaled.jpg\",\"datePublished\":\"2021-08-02T19:28:24+00:00\",\"dateModified\":\"2025-03-20T09:10:22+00:00\",\"breadcrumb\":{\"@id\":\"https:\\\/\\\/www.versiegelung24.com\\\/pl\\\/uniwersalne-uszczelnienie-7675-do-powierzchni-twardych-niechlonnych-szklo-ceramika-stal-nierdzewna-plastik-metal.html#breadcrumb\"},\"inLanguage\":\"pl-PL\",\"potentialAction\":[{\"@type\":\"ReadAction\",\"target\":[\"https:\\\/\\\/www.versiegelung24.com\\\/pl\\\/uniwersalne-uszczelnienie-7675-do-powierzchni-twardych-niechlonnych-szklo-ceramika-stal-nierdzewna-plastik-metal.html\"]}]},{\"@type\":\"ImageObject\",\"inLanguage\":\"pl-PL\",\"@id\":\"https:\\\/\\\/www.versiegelung24.com\\\/pl\\\/uniwersalne-uszczelnienie-7675-do-powierzchni-twardych-niechlonnych-szklo-ceramika-stal-nierdzewna-plastik-metal.html#primaryimage\",\"url\":\"https:\\\/\\\/www.versiegelung24.com\\\/wp-content\\\/uploads\\\/2020\\\/06\\\/produkt-4005-7675-1000-Universalversiegelung-7675-scaled.jpg\",\"contentUrl\":\"https:\\\/\\\/www.versiegelung24.com\\\/wp-content\\\/uploads\\\/2020\\\/06\\\/produkt-4005-7675-1000-Universalversiegelung-7675-scaled.jpg\",\"width\":2560,\"height\":2560},{\"@type\":\"BreadcrumbList\",\"@id\":\"https:\\\/\\\/www.versiegelung24.com\\\/pl\\\/uniwersalne-uszczelnienie-7675-do-powierzchni-twardych-niechlonnych-szklo-ceramika-stal-nierdzewna-plastik-metal.html#breadcrumb\",\"itemListElement\":[{\"@type\":\"ListItem\",\"position\":1,\"name\":\"Strona g\u0142\u00f3wna\",\"item\":\"https:\\\/\\\/www.versiegelung24.com\\\/pl\\\/przod\\\/\"},{\"@type\":\"ListItem\",\"position\":2,\"name\":\"Sklep\",\"item\":\"https:\\\/\\\/www.versiegelung24.com\\\/pl\\\/sklep\\\/\"},{\"@type\":\"ListItem\",\"position\":3,\"name\":\"Uniwersalne uszczelnienie 7675 do powierzchni \u201etwardych\u201d \\\/ niech\u0142onnych (szk\u0142o \\\/ ceramika +++, stal nierdzewna +++, plastik \\\/ metal ++)\"}]},{\"@type\":\"WebSite\",\"@id\":\"https:\\\/\\\/www.versiegelung24.com\\\/pl\\\/#website\",\"url\":\"https:\\\/\\\/www.versiegelung24.com\\\/pl\\\/\",\"name\":\"versiegelung24.com\",\"description\":\"Fl\u00fcssigglas-Versiegelung - Made in Germany\",\"publisher\":{\"@id\":\"https:\\\/\\\/www.versiegelung24.com\\\/pl\\\/#organization\"},\"potentialAction\":[{\"@type\":\"SearchAction\",\"target\":{\"@type\":\"EntryPoint\",\"urlTemplate\":\"https:\\\/\\\/www.versiegelung24.com\\\/pl\\\/?s={search_term_string}\"},\"query-input\":{\"@type\":\"PropertyValueSpecification\",\"valueRequired\":true,\"valueName\":\"search_term_string\"}}],\"inLanguage\":\"pl-PL\"},{\"@type\":\"Organization\",\"@id\":\"https:\\\/\\\/www.versiegelung24.com\\\/pl\\\/#organization\",\"name\":\"versiegelung24\",\"url\":\"https:\\\/\\\/www.versiegelung24.com\\\/pl\\\/\",\"logo\":{\"@type\":\"ImageObject\",\"inLanguage\":\"pl-PL\",\"@id\":\"https:\\\/\\\/www.versiegelung24.com\\\/pl\\\/#\\\/schema\\\/logo\\\/image\\\/\",\"url\":\"https:\\\/\\\/www.versiegelung24.com\\\/wp-content\\\/uploads\\\/2020\\\/04\\\/versiegelung24.png\",\"contentUrl\":\"https:\\\/\\\/www.versiegelung24.com\\\/wp-content\\\/uploads\\\/2020\\\/04\\\/versiegelung24.png\",\"width\":470,\"height\":102,\"caption\":\"versiegelung24\"},\"image\":{\"@id\":\"https:\\\/\\\/www.versiegelung24.com\\\/pl\\\/#\\\/schema\\\/logo\\\/image\\\/\"}}]}<\/script>\n<meta property=\"product:price:amount\" content=\"89.99\" \/>\n<meta property=\"product:price:currency\" content=\"EUR\" \/>\n<meta property=\"og:availability\" content=\"instock\" \/>\n<meta property=\"product:availability\" content=\"instock\" \/>\n<meta property=\"product:retailer_item_id\" content=\"4005-7675\" \/>\n<meta property=\"product:condition\" content=\"new\" \/>\n<!-- \/ Yoast SEO Premium plugin. -->","yoast_head_json":{"title":"Uniwersalne uszczelnienie 7675 do powierzchni \u201etwardych\u201d \/ niech\u0142onnych (szk\u0142o \/ ceramika +++, stal nierdzewna +++, plastik \/ metal ++) - versiegelung24.com","robots":{"index":"index","follow":"follow","max-snippet":"max-snippet:-1","max-image-preview":"max-image-preview:large","max-video-preview":"max-video-preview:-1"},"canonical":"https:\/\/www.versiegelung24.com\/pl\/uniwersalne-uszczelnienie-7675-do-powierzchni-twardych-niechlonnych-szklo-ceramika-stal-nierdzewna-plastik-metal.html","og_locale":"pl_PL","og_type":"article","og_title":"Uniwersalne uszczelnienie 7675 do powierzchni \u201etwardych\u201d \/ niech\u0142onnych (szk\u0142o \/ ceramika +++, stal nierdzewna +++, plastik \/ metal ++)","og_description":"**NOWO\u015a\u0106** Wysoce skuteczna profesjonalna, uniwersalna uszczelka do \u201etwardych\u201d\/nienasi\u0105kliwych powierzchni, takich jak: \u2713 Szk\u0142o \u2713 Powierzchnie ceramiczne \u2713 Powierzchnie plastikowe \u2713 Powierzchnie metalowe \u2713 Z efektem \u0142atwego czyszczenia","og_url":"https:\/\/www.versiegelung24.com\/pl\/uniwersalne-uszczelnienie-7675-do-powierzchni-twardych-niechlonnych-szklo-ceramika-stal-nierdzewna-plastik-metal.html","og_site_name":"versiegelung24.com","article_modified_time":"2025-03-20T09:10:22+00:00","og_image":[{"width":2560,"height":2560,"url":"https:\/\/www.versiegelung24.com\/wp-content\/uploads\/2020\/06\/produkt-4005-7675-1000-Universalversiegelung-7675-scaled.jpg","type":"image\/jpeg"}],"twitter_card":"summary_large_image","twitter_misc":{"Cena":"89,99&euro;","Dost\u0119pno\u015b\u0107":"Dost\u0119pny"},"schema":{"@context":"https:\/\/schema.org","@graph":[{"@type":"WebPage","@id":"https:\/\/www.versiegelung24.com\/pl\/uniwersalne-uszczelnienie-7675-do-powierzchni-twardych-niechlonnych-szklo-ceramika-stal-nierdzewna-plastik-metal.html","url":"https:\/\/www.versiegelung24.com\/pl\/uniwersalne-uszczelnienie-7675-do-powierzchni-twardych-niechlonnych-szklo-ceramika-stal-nierdzewna-plastik-metal.html","name":"Uniwersalne uszczelnienie 7675 do powierzchni \u201etwardych\u201d \/ niech\u0142onnych (szk\u0142o \/ ceramika +++, stal nierdzewna +++, plastik \/ metal ++) - versiegelung24.com","isPartOf":{"@id":"https:\/\/www.versiegelung24.com\/pl\/#website"},"primaryImageOfPage":{"@id":"https:\/\/www.versiegelung24.com\/pl\/uniwersalne-uszczelnienie-7675-do-powierzchni-twardych-niechlonnych-szklo-ceramika-stal-nierdzewna-plastik-metal.html#primaryimage"},"image":{"@id":"https:\/\/www.versiegelung24.com\/pl\/uniwersalne-uszczelnienie-7675-do-powierzchni-twardych-niechlonnych-szklo-ceramika-stal-nierdzewna-plastik-metal.html#primaryimage"},"thumbnailUrl":"https:\/\/www.versiegelung24.com\/wp-content\/uploads\/2020\/06\/produkt-4005-7675-1000-Universalversiegelung-7675-scaled.jpg","datePublished":"2021-08-02T19:28:24+00:00","dateModified":"2025-03-20T09:10:22+00:00","breadcrumb":{"@id":"https:\/\/www.versiegelung24.com\/pl\/uniwersalne-uszczelnienie-7675-do-powierzchni-twardych-niechlonnych-szklo-ceramika-stal-nierdzewna-plastik-metal.html#breadcrumb"},"inLanguage":"pl-PL","potentialAction":[{"@type":"ReadAction","target":["https:\/\/www.versiegelung24.com\/pl\/uniwersalne-uszczelnienie-7675-do-powierzchni-twardych-niechlonnych-szklo-ceramika-stal-nierdzewna-plastik-metal.html"]}]},{"@type":"ImageObject","inLanguage":"pl-PL","@id":"https:\/\/www.versiegelung24.com\/pl\/uniwersalne-uszczelnienie-7675-do-powierzchni-twardych-niechlonnych-szklo-ceramika-stal-nierdzewna-plastik-metal.html#primaryimage","url":"https:\/\/www.versiegelung24.com\/wp-content\/uploads\/2020\/06\/produkt-4005-7675-1000-Universalversiegelung-7675-scaled.jpg","contentUrl":"https:\/\/www.versiegelung24.com\/wp-content\/uploads\/2020\/06\/produkt-4005-7675-1000-Universalversiegelung-7675-scaled.jpg","width":2560,"height":2560},{"@type":"BreadcrumbList","@id":"https:\/\/www.versiegelung24.com\/pl\/uniwersalne-uszczelnienie-7675-do-powierzchni-twardych-niechlonnych-szklo-ceramika-stal-nierdzewna-plastik-metal.html#breadcrumb","itemListElement":[{"@type":"ListItem","position":1,"name":"Strona g\u0142\u00f3wna","item":"https:\/\/www.versiegelung24.com\/pl\/przod\/"},{"@type":"ListItem","position":2,"name":"Sklep","item":"https:\/\/www.versiegelung24.com\/pl\/sklep\/"},{"@type":"ListItem","position":3,"name":"Uniwersalne uszczelnienie 7675 do powierzchni \u201etwardych\u201d \/ niech\u0142onnych (szk\u0142o \/ ceramika +++, stal nierdzewna +++, plastik \/ metal ++)"}]},{"@type":"WebSite","@id":"https:\/\/www.versiegelung24.com\/pl\/#website","url":"https:\/\/www.versiegelung24.com\/pl\/","name":"versiegelung24.com","description":"Fl\u00fcssigglas-Versiegelung - Made in Germany","publisher":{"@id":"https:\/\/www.versiegelung24.com\/pl\/#organization"},"potentialAction":[{"@type":"SearchAction","target":{"@type":"EntryPoint","urlTemplate":"https:\/\/www.versiegelung24.com\/pl\/?s={search_term_string}"},"query-input":{"@type":"PropertyValueSpecification","valueRequired":true,"valueName":"search_term_string"}}],"inLanguage":"pl-PL"},{"@type":"Organization","@id":"https:\/\/www.versiegelung24.com\/pl\/#organization","name":"versiegelung24","url":"https:\/\/www.versiegelung24.com\/pl\/","logo":{"@type":"ImageObject","inLanguage":"pl-PL","@id":"https:\/\/www.versiegelung24.com\/pl\/#\/schema\/logo\/image\/","url":"https:\/\/www.versiegelung24.com\/wp-content\/uploads\/2020\/04\/versiegelung24.png","contentUrl":"https:\/\/www.versiegelung24.com\/wp-content\/uploads\/2020\/04\/versiegelung24.png","width":470,"height":102,"caption":"versiegelung24"},"image":{"@id":"https:\/\/www.versiegelung24.com\/pl\/#\/schema\/logo\/image\/"}}]},"product_price_amount":"89.99","product_price_currency":"EUR","og_availability":"instock","product_availability":"instock","product_retailer_item_id":"4005-7675","product_condition":"new"},"_links":{"self":[{"href":"https:\/\/www.versiegelung24.com\/pl\/wp-json\/wp\/v2\/product\/23234","targetHints":{"allow":["GET"]}}],"collection":[{"href":"https:\/\/www.versiegelung24.com\/pl\/wp-json\/wp\/v2\/product"}],"about":[{"href":"https:\/\/www.versiegelung24.com\/pl\/wp-json\/wp\/v2\/types\/product"}],"version-history":[{"count":16,"href":"https:\/\/www.versiegelung24.com\/pl\/wp-json\/wp\/v2\/product\/23234\/revisions"}],"predecessor-version":[{"id":181101,"href":"https:\/\/www.versiegelung24.com\/pl\/wp-json\/wp\/v2\/product\/23234\/revisions\/181101"}],"wp:featuredmedia":[{"embeddable":true,"href":"https:\/\/www.versiegelung24.com\/pl\/wp-json\/wp\/v2\/media\/18260"}],"wp:attachment":[{"href":"https:\/\/www.versiegelung24.com\/pl\/wp-json\/wp\/v2\/media?parent=23234"}],"wp:term":[{"taxonomy":"product_brand","embeddable":true,"href":"https:\/\/www.versiegelung24.com\/pl\/wp-json\/wp\/v2\/product_brand?post=23234"},{"taxonomy":"product_cat","embeddable":true,"href":"https:\/\/www.versiegelung24.com\/pl\/wp-json\/wp\/v2\/product_cat?post=23234"},{"taxonomy":"product_tag","embeddable":true,"href":"https:\/\/www.versiegelung24.com\/pl\/wp-json\/wp\/v2\/product_tag?post=23234"}],"curies":[{"name":"wp","href":"https:\/\/api.w.org\/{rel}","templated":true}]}}