{"id":23241,"date":"2020-04-04T18:53:43","date_gmt":"2021-08-02T19:28:46","guid":{"rendered":"https:\/\/www.versiegelung24.com\/produkt\/uniwersalne-uszczelnienie-695-do-powierzchni-miekkich-chlonnych-kamien-drewno-tekstylia"},"modified":"2025-04-12T11:47:55","modified_gmt":"2025-04-12T09:47:55","slug":"uniwersalna-uszczelka-695-do-miekkich-chlonnych-powierzchni-kamien-drewno-tekstylia","status":"publish","type":"product","link":"https:\/\/www.versiegelung24.com\/pl\/uniwersalna-uszczelka-695-do-miekkich-chlonnych-powierzchni-kamien-drewno-tekstylia.html","title":{"rendered":"Uniwersalne uszczelnienie 695 do powierzchni &#8220;mi\u0119kkich&#8221; \/ ch\u0142onnych (kamie\u0144 +++, drewno +++, tekstylia ++)"},"content":{"rendered":"\n<p><strong>Wysoce skuteczne profesjonalne uniwersalne uszczelnienie do \u201emi\u0119kkich\u201d\/ch\u0142onnych powierzchni, takich jak tekstylia, kamie\u0144, drewno z efektem \u0142atwego czyszczenia<\/strong><\/p>\n\n<p>Idealny do kamienia i drewna, r\u00f3wnie\u017c do tekstyli\u00f3w<\/p>\n\n<p>Wysoka jako\u015b\u0107 &#8211; Made in Germany<\/p>\n\n<p><strong>Uszczelnienie uniwersalne V24 4007-695<\/strong> to wodny impregnat do ch\u0142onnych \/ \u201emi\u0119kkich\u201d powierzchni o bardzo dobrej hydrofobowo\u015bci (wodoodporno\u015b\u0107) i oleofobowo\u015bci (oleofobowo\u015b\u0107) powierzchni. Produkt tworzy prawie niewidoczn\u0105, cienk\u0105 warstw\u0119 powierzchniow\u0105. Efekt hydrofobowo\u015bci znacznie zmniejsza szybko\u015b\u0107 wnikania wilgoci na obrabiane powierzchnie i ponownego zabrudzenia. Wnikanie oleju i substancji odbarwiaj\u0105cych w g\u0142\u0105b powierzchni jest ograniczone i mo\u017cna je \u0142atwo usun\u0105\u0107\/oczy\u015bci\u0107.<\/p>\n\n<hr \/>\n\n<h4 class=\"wp-block-heading\" id=\"properties\">Cechy produktu<\/h4>\n\n<div class=\"wp-block-columns is-layout-flex wp-container-core-columns-is-layout-9d6595d7 wp-block-columns-is-layout-flex\">\n<div class=\"wp-block-column is-layout-flow wp-block-column-is-layout-flow\">\n<p>Uwaga: Niedrogie bia\u0142e tekstylia mog\u0105 mie\u0107 \u017c\u00f3\u0142ty odcie\u0144<\/p>\n\n\n\n<p>W zale\u017cno\u015bci od ch\u0142onno\u015bci uszczelnianej powierzchni 1 litr wystarcza na powierzchni\u0119 do 40m\u00b2.<\/p>\n<\/div>\n\n\n\n<div class=\"wp-block-column is-layout-flow wp-block-column-is-layout-flow\">\n<p><br \/><br \/>Z<strong>akres dostawy:<\/strong> 1 x litrowa butelka 1 x g\u0142owica rozpylaj\u0105ca z pompk\u0105<\/p>\n<\/div>\n<\/div>\n\n<hr \/>\n\n<h4 class=\"wp-block-heading\" id=\"h-ratgeber\">Doradca<\/h4>\n\n<p>Nasze uniwersalne uszczelnienia s\u0105 szczeg\u00f3lnie odpowiednie dla sektora majsterkowania.<\/p>\n\n<p>\u0141\u0105cz\u0105 profesjonalny spos\u00f3b dzia\u0142ania na r\u00f3\u017cnych powierzchniach z \u0142atw\u0105 obs\u0142ug\u0105 podczas aplikacji. A wszystko to bez wi\u0119kszych kompromis\u00f3w w zakresie jako\u015bci.<\/p>\n\n<p>W ten spos\u00f3b mo\u017cna aplikowa\u0107 na kilku materia\u0142ach za pomoc\u0105 tylko jednego uniwersalnego uszczelniacza, a tak\u017ce uzyska\u0107 wysokiej jako\u015bci efekt i d\u0142ug\u0105 trwa\u0142o\u015b\u0107.<\/p>\n\n<p>Jednak w przypadku zastosowa\u0144 komercyjnych i przemys\u0142owych, w kt\u00f3rych nale\u017cy osi\u0105gn\u0105\u0107 najwy\u017cszy mo\u017cliwy poziom wydajno\u015bci na okre\u015blonej powierzchni, zalecamy stosowanie naszych specjalnych wyko\u0144cze\u0144 dla tej powierzchni.<\/p>\n","protected":false},"excerpt":{"rendered":"<p><strong>Wysoce skuteczne profesjonalne uszczelnienie uniwersalne do powierzchni ch\u0142onnych \/ \u201emi\u0119kkich\u201d:<\/strong><\/p>\n<p>\u2713 Tekstylia<\/p>\n<p>\u2713 Kamie\u0144<\/p>\n<p>\u2713 drewno<\/p>\n<p>\u2713 Z efektem \u0142atwego czyszczenia<\/p>\n","protected":false},"featured_media":18328,"template":"","meta":{"_acf_changed":false,"neve_meta_sidebar":"","neve_meta_container":"","neve_meta_enable_content_width":"","neve_meta_content_width":0,"neve_meta_title_alignment":"","neve_meta_author_avatar":"","neve_post_elements_order":"","neve_meta_disable_header":"","neve_meta_disable_footer":"","neve_meta_disable_title":"","neve_meta_reading_time":"","_surfaces":[],"_ver_product_tabs":[],"footnotes":""},"product_brand":[],"product_cat":[2484],"product_tag":[],"class_list":{"0":"post-23241","1":"product","2":"type-product","3":"status-publish","4":"has-post-thumbnail","6":"product_cat-uszczelka-uniwersalna","7":"pa_gebinde-butelka-o-pojemnosci-1000-ml","8":"pa_gebinde-kanister-20l","10":"first","11":"instock","12":"taxable","13":"shipping-taxable","14":"purchasable","15":"product-type-variable","16":"has-default-attributes"},"acf":[],"yoast_head":"<!-- This site is optimized with the Yoast SEO Premium plugin v22.8 (Yoast SEO v27.5) - https:\/\/yoast.com\/product\/yoast-seo-premium-wordpress\/ -->\n<title>Uniwersalne uszczelnienie 695 do powierzchni &quot;mi\u0119kkich&quot; \/ ch\u0142onnych (kamie\u0144 +++, drewno +++, tekstylia ++) - versiegelung24.com<\/title>\n<meta name=\"robots\" content=\"index, follow, max-snippet:-1, max-image-preview:large, max-video-preview:-1\" \/>\n<link rel=\"canonical\" href=\"https:\/\/www.versiegelung24.com\/pl\/uniwersalna-uszczelka-695-do-miekkich-chlonnych-powierzchni-kamien-drewno-tekstylia.html\" \/>\n<meta property=\"og:locale\" content=\"pl_PL\" \/>\n<meta property=\"og:type\" content=\"article\" \/>\n<meta property=\"og:title\" content=\"Uniwersalne uszczelnienie 695 do powierzchni &quot;mi\u0119kkich&quot; \/ ch\u0142onnych (kamie\u0144 +++, drewno +++, tekstylia ++)\" \/>\n<meta property=\"og:description\" content=\"Wysoce skuteczne profesjonalne uszczelnienie uniwersalne do powierzchni ch\u0142onnych \/ \u201emi\u0119kkich\u201d: \u2713 Tekstylia \u2713 Kamie\u0144 \u2713 drewno \u2713 Z efektem \u0142atwego czyszczenia\" \/>\n<meta property=\"og:url\" content=\"https:\/\/www.versiegelung24.com\/pl\/uniwersalna-uszczelka-695-do-miekkich-chlonnych-powierzchni-kamien-drewno-tekstylia.html\" \/>\n<meta property=\"og:site_name\" content=\"versiegelung24.com\" \/>\n<meta property=\"article:modified_time\" content=\"2025-04-12T09:47:55+00:00\" \/>\n<meta property=\"og:image\" content=\"https:\/\/www.versiegelung24.com\/wp-content\/uploads\/2020\/06\/produkt-4007-695-1000-Universalversiegelung-695-scaled.jpg\" \/>\n\t<meta property=\"og:image:width\" content=\"2560\" \/>\n\t<meta property=\"og:image:height\" content=\"2560\" \/>\n\t<meta property=\"og:image:type\" content=\"image\/jpeg\" \/>\n<meta name=\"twitter:card\" content=\"summary_large_image\" \/>\n<meta name=\"twitter:label1\" content=\"Dost\u0119pno\u015b\u0107\" \/>\n\t<meta name=\"twitter:data1\" content=\"Dost\u0119pny\" \/>\n<script type=\"application\/ld+json\" class=\"yoast-schema-graph\">{\"@context\":\"https:\\\/\\\/schema.org\",\"@graph\":[{\"@type\":\"WebPage\",\"@id\":\"https:\\\/\\\/www.versiegelung24.com\\\/pl\\\/uniwersalna-uszczelka-695-do-miekkich-chlonnych-powierzchni-kamien-drewno-tekstylia.html\",\"url\":\"https:\\\/\\\/www.versiegelung24.com\\\/pl\\\/uniwersalna-uszczelka-695-do-miekkich-chlonnych-powierzchni-kamien-drewno-tekstylia.html\",\"name\":\"Uniwersalne uszczelnienie 695 do powierzchni \\\"mi\u0119kkich\\\" \\\/ ch\u0142onnych (kamie\u0144 +++, drewno +++, tekstylia ++) - versiegelung24.com\",\"isPartOf\":{\"@id\":\"https:\\\/\\\/www.versiegelung24.com\\\/pl\\\/#website\"},\"primaryImageOfPage\":{\"@id\":\"https:\\\/\\\/www.versiegelung24.com\\\/pl\\\/uniwersalna-uszczelka-695-do-miekkich-chlonnych-powierzchni-kamien-drewno-tekstylia.html#primaryimage\"},\"image\":{\"@id\":\"https:\\\/\\\/www.versiegelung24.com\\\/pl\\\/uniwersalna-uszczelka-695-do-miekkich-chlonnych-powierzchni-kamien-drewno-tekstylia.html#primaryimage\"},\"thumbnailUrl\":\"https:\\\/\\\/www.versiegelung24.com\\\/wp-content\\\/uploads\\\/2020\\\/06\\\/produkt-4007-695-1000-Universalversiegelung-695-scaled.jpg\",\"datePublished\":\"2021-08-02T19:28:46+00:00\",\"dateModified\":\"2025-04-12T09:47:55+00:00\",\"breadcrumb\":{\"@id\":\"https:\\\/\\\/www.versiegelung24.com\\\/pl\\\/uniwersalna-uszczelka-695-do-miekkich-chlonnych-powierzchni-kamien-drewno-tekstylia.html#breadcrumb\"},\"inLanguage\":\"pl-PL\",\"potentialAction\":[{\"@type\":\"ReadAction\",\"target\":[\"https:\\\/\\\/www.versiegelung24.com\\\/pl\\\/uniwersalna-uszczelka-695-do-miekkich-chlonnych-powierzchni-kamien-drewno-tekstylia.html\"]}]},{\"@type\":\"ImageObject\",\"inLanguage\":\"pl-PL\",\"@id\":\"https:\\\/\\\/www.versiegelung24.com\\\/pl\\\/uniwersalna-uszczelka-695-do-miekkich-chlonnych-powierzchni-kamien-drewno-tekstylia.html#primaryimage\",\"url\":\"https:\\\/\\\/www.versiegelung24.com\\\/wp-content\\\/uploads\\\/2020\\\/06\\\/produkt-4007-695-1000-Universalversiegelung-695-scaled.jpg\",\"contentUrl\":\"https:\\\/\\\/www.versiegelung24.com\\\/wp-content\\\/uploads\\\/2020\\\/06\\\/produkt-4007-695-1000-Universalversiegelung-695-scaled.jpg\",\"width\":2560,\"height\":2560},{\"@type\":\"BreadcrumbList\",\"@id\":\"https:\\\/\\\/www.versiegelung24.com\\\/pl\\\/uniwersalna-uszczelka-695-do-miekkich-chlonnych-powierzchni-kamien-drewno-tekstylia.html#breadcrumb\",\"itemListElement\":[{\"@type\":\"ListItem\",\"position\":1,\"name\":\"Strona g\u0142\u00f3wna\",\"item\":\"https:\\\/\\\/www.versiegelung24.com\\\/pl\\\/przod\\\/\"},{\"@type\":\"ListItem\",\"position\":2,\"name\":\"Sklep\",\"item\":\"https:\\\/\\\/www.versiegelung24.com\\\/pl\\\/sklep\\\/\"},{\"@type\":\"ListItem\",\"position\":3,\"name\":\"Uniwersalne uszczelnienie 695 do powierzchni &#8220;mi\u0119kkich&#8221; \\\/ ch\u0142onnych (kamie\u0144 +++, drewno +++, tekstylia ++)\"}]},{\"@type\":\"WebSite\",\"@id\":\"https:\\\/\\\/www.versiegelung24.com\\\/pl\\\/#website\",\"url\":\"https:\\\/\\\/www.versiegelung24.com\\\/pl\\\/\",\"name\":\"versiegelung24.com\",\"description\":\"Fl\u00fcssigglas-Versiegelung - Made in Germany\",\"publisher\":{\"@id\":\"https:\\\/\\\/www.versiegelung24.com\\\/pl\\\/#organization\"},\"potentialAction\":[{\"@type\":\"SearchAction\",\"target\":{\"@type\":\"EntryPoint\",\"urlTemplate\":\"https:\\\/\\\/www.versiegelung24.com\\\/pl\\\/?s={search_term_string}\"},\"query-input\":{\"@type\":\"PropertyValueSpecification\",\"valueRequired\":true,\"valueName\":\"search_term_string\"}}],\"inLanguage\":\"pl-PL\"},{\"@type\":\"Organization\",\"@id\":\"https:\\\/\\\/www.versiegelung24.com\\\/pl\\\/#organization\",\"name\":\"versiegelung24\",\"url\":\"https:\\\/\\\/www.versiegelung24.com\\\/pl\\\/\",\"logo\":{\"@type\":\"ImageObject\",\"inLanguage\":\"pl-PL\",\"@id\":\"https:\\\/\\\/www.versiegelung24.com\\\/pl\\\/#\\\/schema\\\/logo\\\/image\\\/\",\"url\":\"https:\\\/\\\/www.versiegelung24.com\\\/wp-content\\\/uploads\\\/2020\\\/04\\\/versiegelung24.png\",\"contentUrl\":\"https:\\\/\\\/www.versiegelung24.com\\\/wp-content\\\/uploads\\\/2020\\\/04\\\/versiegelung24.png\",\"width\":470,\"height\":102,\"caption\":\"versiegelung24\"},\"image\":{\"@id\":\"https:\\\/\\\/www.versiegelung24.com\\\/pl\\\/#\\\/schema\\\/logo\\\/image\\\/\"}}]}<\/script>\n<meta property=\"og:availability\" content=\"instock\" \/>\n<meta property=\"product:availability\" content=\"instock\" \/>\n<meta property=\"product:retailer_item_id\" content=\"4007-695\" \/>\n<meta property=\"product:condition\" content=\"new\" \/>\n<!-- \/ Yoast SEO Premium plugin. -->","yoast_head_json":{"title":"Uniwersalne uszczelnienie 695 do powierzchni \"mi\u0119kkich\" \/ ch\u0142onnych (kamie\u0144 +++, drewno +++, tekstylia ++) - versiegelung24.com","robots":{"index":"index","follow":"follow","max-snippet":"max-snippet:-1","max-image-preview":"max-image-preview:large","max-video-preview":"max-video-preview:-1"},"canonical":"https:\/\/www.versiegelung24.com\/pl\/uniwersalna-uszczelka-695-do-miekkich-chlonnych-powierzchni-kamien-drewno-tekstylia.html","og_locale":"pl_PL","og_type":"article","og_title":"Uniwersalne uszczelnienie 695 do powierzchni \"mi\u0119kkich\" \/ ch\u0142onnych (kamie\u0144 +++, drewno +++, tekstylia ++)","og_description":"Wysoce skuteczne profesjonalne uszczelnienie uniwersalne do powierzchni ch\u0142onnych \/ \u201emi\u0119kkich\u201d: \u2713 Tekstylia \u2713 Kamie\u0144 \u2713 drewno \u2713 Z efektem \u0142atwego czyszczenia","og_url":"https:\/\/www.versiegelung24.com\/pl\/uniwersalna-uszczelka-695-do-miekkich-chlonnych-powierzchni-kamien-drewno-tekstylia.html","og_site_name":"versiegelung24.com","article_modified_time":"2025-04-12T09:47:55+00:00","og_image":[{"width":2560,"height":2560,"url":"https:\/\/www.versiegelung24.com\/wp-content\/uploads\/2020\/06\/produkt-4007-695-1000-Universalversiegelung-695-scaled.jpg","type":"image\/jpeg"}],"twitter_card":"summary_large_image","twitter_misc":{"Dost\u0119pno\u015b\u0107":"Dost\u0119pny"},"schema":{"@context":"https:\/\/schema.org","@graph":[{"@type":"WebPage","@id":"https:\/\/www.versiegelung24.com\/pl\/uniwersalna-uszczelka-695-do-miekkich-chlonnych-powierzchni-kamien-drewno-tekstylia.html","url":"https:\/\/www.versiegelung24.com\/pl\/uniwersalna-uszczelka-695-do-miekkich-chlonnych-powierzchni-kamien-drewno-tekstylia.html","name":"Uniwersalne uszczelnienie 695 do powierzchni \"mi\u0119kkich\" \/ ch\u0142onnych (kamie\u0144 +++, drewno +++, tekstylia ++) - versiegelung24.com","isPartOf":{"@id":"https:\/\/www.versiegelung24.com\/pl\/#website"},"primaryImageOfPage":{"@id":"https:\/\/www.versiegelung24.com\/pl\/uniwersalna-uszczelka-695-do-miekkich-chlonnych-powierzchni-kamien-drewno-tekstylia.html#primaryimage"},"image":{"@id":"https:\/\/www.versiegelung24.com\/pl\/uniwersalna-uszczelka-695-do-miekkich-chlonnych-powierzchni-kamien-drewno-tekstylia.html#primaryimage"},"thumbnailUrl":"https:\/\/www.versiegelung24.com\/wp-content\/uploads\/2020\/06\/produkt-4007-695-1000-Universalversiegelung-695-scaled.jpg","datePublished":"2021-08-02T19:28:46+00:00","dateModified":"2025-04-12T09:47:55+00:00","breadcrumb":{"@id":"https:\/\/www.versiegelung24.com\/pl\/uniwersalna-uszczelka-695-do-miekkich-chlonnych-powierzchni-kamien-drewno-tekstylia.html#breadcrumb"},"inLanguage":"pl-PL","potentialAction":[{"@type":"ReadAction","target":["https:\/\/www.versiegelung24.com\/pl\/uniwersalna-uszczelka-695-do-miekkich-chlonnych-powierzchni-kamien-drewno-tekstylia.html"]}]},{"@type":"ImageObject","inLanguage":"pl-PL","@id":"https:\/\/www.versiegelung24.com\/pl\/uniwersalna-uszczelka-695-do-miekkich-chlonnych-powierzchni-kamien-drewno-tekstylia.html#primaryimage","url":"https:\/\/www.versiegelung24.com\/wp-content\/uploads\/2020\/06\/produkt-4007-695-1000-Universalversiegelung-695-scaled.jpg","contentUrl":"https:\/\/www.versiegelung24.com\/wp-content\/uploads\/2020\/06\/produkt-4007-695-1000-Universalversiegelung-695-scaled.jpg","width":2560,"height":2560},{"@type":"BreadcrumbList","@id":"https:\/\/www.versiegelung24.com\/pl\/uniwersalna-uszczelka-695-do-miekkich-chlonnych-powierzchni-kamien-drewno-tekstylia.html#breadcrumb","itemListElement":[{"@type":"ListItem","position":1,"name":"Strona g\u0142\u00f3wna","item":"https:\/\/www.versiegelung24.com\/pl\/przod\/"},{"@type":"ListItem","position":2,"name":"Sklep","item":"https:\/\/www.versiegelung24.com\/pl\/sklep\/"},{"@type":"ListItem","position":3,"name":"Uniwersalne uszczelnienie 695 do powierzchni &#8220;mi\u0119kkich&#8221; \/ ch\u0142onnych (kamie\u0144 +++, drewno +++, tekstylia ++)"}]},{"@type":"WebSite","@id":"https:\/\/www.versiegelung24.com\/pl\/#website","url":"https:\/\/www.versiegelung24.com\/pl\/","name":"versiegelung24.com","description":"Fl\u00fcssigglas-Versiegelung - Made in Germany","publisher":{"@id":"https:\/\/www.versiegelung24.com\/pl\/#organization"},"potentialAction":[{"@type":"SearchAction","target":{"@type":"EntryPoint","urlTemplate":"https:\/\/www.versiegelung24.com\/pl\/?s={search_term_string}"},"query-input":{"@type":"PropertyValueSpecification","valueRequired":true,"valueName":"search_term_string"}}],"inLanguage":"pl-PL"},{"@type":"Organization","@id":"https:\/\/www.versiegelung24.com\/pl\/#organization","name":"versiegelung24","url":"https:\/\/www.versiegelung24.com\/pl\/","logo":{"@type":"ImageObject","inLanguage":"pl-PL","@id":"https:\/\/www.versiegelung24.com\/pl\/#\/schema\/logo\/image\/","url":"https:\/\/www.versiegelung24.com\/wp-content\/uploads\/2020\/04\/versiegelung24.png","contentUrl":"https:\/\/www.versiegelung24.com\/wp-content\/uploads\/2020\/04\/versiegelung24.png","width":470,"height":102,"caption":"versiegelung24"},"image":{"@id":"https:\/\/www.versiegelung24.com\/pl\/#\/schema\/logo\/image\/"}}]},"og_availability":"instock","product_availability":"instock","product_retailer_item_id":"4007-695","product_condition":"new"},"_links":{"self":[{"href":"https:\/\/www.versiegelung24.com\/pl\/wp-json\/wp\/v2\/product\/23241","targetHints":{"allow":["GET"]}}],"collection":[{"href":"https:\/\/www.versiegelung24.com\/pl\/wp-json\/wp\/v2\/product"}],"about":[{"href":"https:\/\/www.versiegelung24.com\/pl\/wp-json\/wp\/v2\/types\/product"}],"version-history":[{"count":22,"href":"https:\/\/www.versiegelung24.com\/pl\/wp-json\/wp\/v2\/product\/23241\/revisions"}],"predecessor-version":[{"id":181439,"href":"https:\/\/www.versiegelung24.com\/pl\/wp-json\/wp\/v2\/product\/23241\/revisions\/181439"}],"wp:featuredmedia":[{"embeddable":true,"href":"https:\/\/www.versiegelung24.com\/pl\/wp-json\/wp\/v2\/media\/18328"}],"wp:attachment":[{"href":"https:\/\/www.versiegelung24.com\/pl\/wp-json\/wp\/v2\/media?parent=23241"}],"wp:term":[{"taxonomy":"product_brand","embeddable":true,"href":"https:\/\/www.versiegelung24.com\/pl\/wp-json\/wp\/v2\/product_brand?post=23241"},{"taxonomy":"product_cat","embeddable":true,"href":"https:\/\/www.versiegelung24.com\/pl\/wp-json\/wp\/v2\/product_cat?post=23241"},{"taxonomy":"product_tag","embeddable":true,"href":"https:\/\/www.versiegelung24.com\/pl\/wp-json\/wp\/v2\/product_tag?post=23241"}],"curies":[{"name":"wp","href":"https:\/\/api.w.org\/{rel}","templated":true}]}}