{"id":23425,"date":"2020-04-04T18:53:17","date_gmt":"2021-08-02T19:36:05","guid":{"rendered":"https:\/\/www.versiegelung24.com\/produkt\/5-litrow-koncentratu-bacoban-na-500-litrow-dlugotrwalej-dezynfekcji-powierzchni"},"modified":"2025-01-13T16:36:46","modified_gmt":"2025-01-13T15:36:46","slug":"bacoban-dlugotrwala-dezynfekcja-powierzchni-5-000ml-koncentrat-na-bazie-wody","status":"publish","type":"product","link":"https:\/\/www.versiegelung24.com\/pl\/bacoban-dlugotrwala-dezynfekcja-powierzchni-5-000ml-koncentrat-na-bazie-wody.html","title":{"rendered":"5 litr\u00f3w koncentratu BACOBAN\u00ae na 500 litr\u00f3w d\u0142ugotrwa\u0142ej dezynfekcji powierzchni"},"content":{"rendered":"\n<h2 class=\"wp-block-heading\" id=\"h-5-liter-kanister-bacoban-langzeit-flachendesinfektion-konzentrat\">Kanister 5 litr\u00f3w BACOBAN\u00ae koncentrat do d\u0142ugotrwa\u0142ej dezynfekcji powierzchni<\/h2>\n\n<p><strong>Wystarcza na 500 litr\u00f3w \u015brodka dezynfekuj\u0105cego (rozcie\u0144czony wod\u0105 w stosunku 1:100)<\/strong><\/p>\n\n<p><strong>U\u017cywaj ostro\u017cnie \u015brodk\u00f3w dezynfekuj\u0105cych. Zawsze czytaj etykiet\u0119 i informacje o produkcie przed u\u017cyciem.<\/strong><\/p>\n\n<hr \/>\n\n<h4 class=\"wp-block-heading\" id=\"properties\">Cechy produktu<\/h4>\n\n<p><br \/>S<strong>k\u0142ad:<\/strong> 100 g roztworu zawiera:<br \/>Chlorek benzalkoniowy 26 g, pirytionian sodu 2,5 g, polikondensaty, substancje zapachowe, woda oczyszczona, nie zawiera formaldehydu, nie zawiera fenolu. Sk\u0142adniki zgodnie z rozporz\u0105dzeniem (WE) nr 648\/2004: 15 % i wi\u0119cej, ale mniej ni\u017c 30 % kationowe \u015brodki powierzchniowo czynne, \u015brodki dezynfekuj\u0105ce, substancje zapachowe (linalool, limonen, cytral, geraniol, cytronelol)<\/p>\n<div class=\"wp-block-image\">\n<figure class=\"aligncenter size-large is-resized\"><img decoding=\"async\" src=\"https:\/\/www.versiegelung24.com\/wp-content\/uploads\/2022\/01\/desinfektion_tisch-1300x260.jpg\" alt=\"\" class=\"wp-image-59386\" width=\"1500\" srcset=\"https:\/\/www.versiegelung24.com\/wp-content\/uploads\/2022\/01\/desinfektion_tisch-1300x260.jpg 1300w, https:\/\/www.versiegelung24.com\/wp-content\/uploads\/2022\/01\/desinfektion_tisch-300x60.jpg 300w, https:\/\/www.versiegelung24.com\/wp-content\/uploads\/2022\/01\/desinfektion_tisch-768x154.jpg 768w, https:\/\/www.versiegelung24.com\/wp-content\/uploads\/2022\/01\/desinfektion_tisch-600x120.jpg 600w, https:\/\/www.versiegelung24.com\/wp-content\/uploads\/2022\/01\/desinfektion_tisch.jpg 1500w\" sizes=\"(max-width: 1300px) 100vw, 1300px\" \/><\/figure>\n<\/div>\n<hr \/>\n\n<h4 class=\"wp-block-heading\" id=\"application\">Zastosowanie<\/h4>\n\n<p>Na zewn\u0105trz<strong> bacoban<\/strong><sup> \u00ae<\/sup><strong> WB<\/strong> Przygotuj gotowy do u\u017cycia roztw\u00f3r zgodnie z tabel\u0105 mieszania i dostatecznie zwil\u017c powierzchnie. Nie sp\u0142ukuj ani nie wycieraj do sucha. Czas oczekiwania \u015bwie\u017co przygotowanego roztworu roboczego: 8 godzin<\/p>\n\n<figure class=\"wp-block-table\"><table><tbody><tr><td>St\u00f3\u0142 do mieszania<\/td><\/tr><tr><td>Obj\u0119to\u015b\u0107 ko\u0144cowa<\/td><td>0,5 %<\/td><td>1 %<\/td><td>2 %<\/td><td>3 %<\/td><\/tr><tr><td>1 litr<\/td><td>5 ml<\/td><td>10 ml<\/td><td>20 ml<\/td><td>30 ml<\/td><\/tr><tr><td>2 litry<\/td><td>10 ml<\/td><td>20 ml<\/td><td>40 ml<\/td><td>60 ml<\/td><\/tr><tr><td>4 litry<\/td><td>20 ml<\/td><td>40 ml<\/td><td>80 ml<\/td><td>120 ml<\/td><\/tr><tr><td>8 litr\u00f3w<\/td><td>40 ml<\/td><td>80 ml<\/td><td>160 ml<\/td><td>240 ml<\/td><\/tr><tr><td>10 litr\u00f3w<\/td><td>50 ml<\/td><td>100 ml<\/td><td>200 ml<\/td><td>300 ml<\/td><\/tr><\/tbody><\/table><figcaption>st\u00f3\u0142 do mieszania<\/figcaption><\/figure>\n\n<p><br \/>Trwa\u0142y efekt antybakteryjny <strong>(efekt remanencji)<\/strong> do <strong>10 dni<\/strong> (testowany zgodnie z ASTM E 2180). Testowany dermatologicznie (* przy 1%): bardzo dobra kompatybilno\u015b\u0107 ze sk\u00f3r\u0105.<\/p>\n\n<p><strong>Skuteczno\u015b\u0107 i dawkowanie:<\/strong><\/p>\n\n<div class=\"wp-block-columns is-layout-flex wp-container-core-columns-is-layout-9d6595d7 wp-block-columns-is-layout-flex\">\n<div class=\"wp-block-column is-layout-flow wp-block-column-is-layout-flow\">\n<p><br \/><br \/><br \/><br \/><br \/>Testowanie zgodnie z wytycznymi DGHM (wysokie obci\u0105\u017cenie organiczne): 1,5%, 15 min.; 2,0%, 5 min. Testowanie zgodnie z wytycznymi EN: DIN EN 1040: 0,25%, 5 min. DIN EN 1275: 0,25%, 5 min. DIN EN 1276: 0,75%, 5 min.\/0,50%, 15 min.<\/p>\n<\/div>\n\n\n\n<div class=\"wp-block-column is-layout-flow wp-block-column-is-layout-flow\">\n<p><br \/><br \/>DIN EN 1650: 0,50%, 5 min\/0,25%, 15 min DIN EN 13697: 0,50%, 15 min EN 13727:<br \/><br \/><br \/><br \/>1%, 5 min EN 13624: 1%, 5 min DIN EN 14561: 3% 5 min, 0,5% 60 min DIN EN 14562: 0,5% 60 min Testowanie zgodnie z wytycznymi DVV: *ograniczona skuteczno\u015b\u0107 wirusob\u00f3jcza; 1,0%; 5 min. (HIV, HBV, HCV, opryszczka, grypa, tak\u017ce ptasia grypa, BVDV, vaccinia), rotawirus: 0,1%, 5 min, adenowirus: 2,0%, 240 min.<\/p>\n<\/div>\n<\/div>\n\n<p><strong>Trwa\u0142e dzia\u0142anie przeciwdrobnoustrojowe do 10 dni<\/strong> (testowany na podstawie ASTM E 2180)<\/p>\n\n<p><br \/>D\u0142ugotrwa\u0142e dzia\u0142anie przeciwdrobnoustrojowe<sup>Bacoban\u00aeWB<\/sup>nie mo\u017ce prowadzi\u0107 do pomini\u0119cia niezb\u0119dnych \u015brodk\u00f3w dezynfekcji w przypadku widocznego i\/lub w\u0105tpliwego zanieczyszczenia<strong>!<\/strong><\/p>\n<div class=\"wp-block-image\">\n<figure class=\"aligncenter size-large is-resized\"><img decoding=\"async\" src=\"https:\/\/www.versiegelung24.com\/wp-content\/uploads\/2022\/01\/tuere_viren-1300x260.jpg\" alt=\"\" class=\"wp-image-59414\" width=\"1500\" srcset=\"https:\/\/www.versiegelung24.com\/wp-content\/uploads\/2022\/01\/tuere_viren-1300x260.jpg 1300w, https:\/\/www.versiegelung24.com\/wp-content\/uploads\/2022\/01\/tuere_viren-300x60.jpg 300w, https:\/\/www.versiegelung24.com\/wp-content\/uploads\/2022\/01\/tuere_viren-768x154.jpg 768w, https:\/\/www.versiegelung24.com\/wp-content\/uploads\/2022\/01\/tuere_viren-600x120.jpg 600w, https:\/\/www.versiegelung24.com\/wp-content\/uploads\/2022\/01\/tuere_viren.jpg 1500w\" sizes=\"(max-width: 1300px) 100vw, 1300px\" \/><\/figure>\n<\/div>\n<hr \/>\n\n<h4 class=\"wp-block-heading\" id=\"advisor\">Doradca<\/h4>\n\n<p><br \/>I<strong>nformacje dotycz\u0105ce bezpiecze\u0144stwa:<\/strong> Stowarzyszenie ubezpiecze\u0144 od odpowiedzialno\u015bci cywilnej pracodawc\u00f3w wymaga noszenia r\u0119kawic podczas pracy ze \u015brodkami dezynfekuj\u0105cymi. Dzia\u0142a szkodliwie po po\u0142kni\u0119ciu. Powoduje powa\u017cne oparzenia sk\u00f3ry i uszkodzenia oczu. Bardzo toksyczny dla organizm\u00f3w wodnych. Dzia\u0142a toksycznie na organizmy wodne, powoduj\u0105c d\u0142ugotrwa\u0142e skutki. Nie je\u015b\u0107, nie pi\u0107 ani nie pali\u0107 podczas u\u017cytkowania. W PRZYPADKU PO\u0141KNI\u0118CIA: Wyp\u0142uka\u0107 usta. NIE wywo\u0142ywa\u0107 wymiot\u00f3w. W PRZYPADKU KONTAKTU ZE SK\u00d3R\u0104 (lub w\u0142osami): Natychmiast zdj\u0105\u0107 ca\u0142\u0105 zanieczyszczon\u0105 odzie\u017c. Sp\u0142uka\u0107 sk\u00f3r\u0119 wod\u0105\/prysznicem. W PRZYPADKU DOSTANIA SI\u0118 DO OCZU: Ostro\u017cnie p\u0142uka\u0107 wod\u0105 przez kilka minut. Usu\u0144 istniej\u0105ce soczewki kontaktowe, je\u015bli to mo\u017cliwe. Kontynuowa\u0107 p\u0142ukanie. Natychmiast wezwa\u0107 O\u015aRODEK ZATRU\u0106 lub lekarza. Je\u015bli wymagana jest porada lekarska, nale\u017cy przygotowa\u0107 opakowanie lub etykiet\u0119. <br \/>Przechowywa\u0107 w miejscu niedost\u0119pnym dla dzieci. Stosowa\u0107 wy\u0142\u0105cznie z wod\u0105 i zgodnie z tabel\u0105 mieszania. Nie u\u017cywa\u0107 z innymi \u015brodkami czyszcz\u0105cymi lub dezynfekuj\u0105cymi.<\/p>\n\n<div class=\"wp-block-columns is-layout-flex wp-container-core-columns-is-layout-9d6595d7 wp-block-columns-is-layout-flex\">\n<div class=\"wp-block-column is-layout-flow wp-block-column-is-layout-flow\">\n<p>Mo\u017ce by\u0107 stosowany na wszystkich powierzchniach. W przypadku w\u0105tpliwie <strong>wra\u017cliwych powierzchni zalecamy wykonanie testu odporno\u015bci<\/strong> na niepozornym miejscu. Przechowywa\u0107 wy\u0142\u0105cznie w zamkni\u0119tym pojemniku. Przechowywa\u0107 w ch\u0142odnym i suchym miejscu.<\/p>\n<\/div>\n\n\n\n<div class=\"wp-block-column is-layout-flow wp-block-column-is-layout-flow\">\n<p><strong>Pojemnik mo\u017cna podda\u0107 recyklingowi dopiero po jego ca\u0142kowitym opr\u00f3\u017cnieniu.<\/strong> Nie u\u017cywa\u0107 po up\u0142ywie terminu wa\u017cno\u015bci. Utylizowa\u0107 zgodnie z lokalnymi i urz\u0119dowymi przepisami.<\/p>\n<\/div>\n<\/div>\n\n<p>Biocide Reg. No.: N-28795 (D). 263\/17\/L (Lu)<\/p>\n\n<p><strong>Gotowy<\/strong> do u\u017cycia roztw\u00f3r zgodnie z tabel\u0105 mieszania nie wymaga symbolu zagro\u017cenia.<\/p>\n","protected":false},"excerpt":{"rendered":"<p><strong>Koncentrat na 500 litr\u00f3w \u015brodka dezynfekuj\u0105cego na bazie wody.<\/strong><\/p>\n","protected":false},"featured_media":15390,"template":"","meta":{"_acf_changed":false,"neve_meta_sidebar":"","neve_meta_container":"","neve_meta_enable_content_width":"","neve_meta_content_width":0,"neve_meta_title_alignment":"","neve_meta_author_avatar":"","neve_post_elements_order":"","neve_meta_disable_header":"","neve_meta_disable_footer":"","neve_meta_disable_title":"","neve_meta_reading_time":"","_surfaces":[],"_ver_product_tabs":[],"footnotes":""},"product_brand":[],"product_cat":[2407,2458,2459],"product_tag":[],"class_list":{"0":"post-23425","1":"product","2":"type-product","3":"status-publish","4":"has-post-thumbnail","6":"product_cat-srodki-dezynfekujace","7":"product_cat-srodki-do-dezynfekcji-powierzchni","8":"product_cat-koncentraty-dezynfekcyjne","10":"first","11":"instock","12":"taxable","13":"shipping-taxable","14":"purchasable","15":"product-type-simple"},"acf":[],"yoast_head":"<!-- This site is optimized with the Yoast SEO Premium plugin v22.8 (Yoast SEO v27.5) - https:\/\/yoast.com\/product\/yoast-seo-premium-wordpress\/ -->\n<title>5 litr\u00f3w koncentratu BACOBAN\u00ae na 500 litr\u00f3w d\u0142ugotrwa\u0142ej dezynfekcji powierzchni - versiegelung24.com<\/title>\n<meta name=\"robots\" content=\"index, follow, max-snippet:-1, max-image-preview:large, max-video-preview:-1\" \/>\n<link rel=\"canonical\" href=\"https:\/\/www.versiegelung24.com\/pl\/bacoban-dlugotrwala-dezynfekcja-powierzchni-5-000ml-koncentrat-na-bazie-wody.html\" \/>\n<meta property=\"og:locale\" content=\"pl_PL\" \/>\n<meta property=\"og:type\" content=\"article\" \/>\n<meta property=\"og:title\" content=\"5 litr\u00f3w koncentratu BACOBAN\u00ae na 500 litr\u00f3w d\u0142ugotrwa\u0142ej dezynfekcji powierzchni\" \/>\n<meta property=\"og:description\" content=\"Koncentrat na 500 litr\u00f3w \u015brodka dezynfekuj\u0105cego na bazie wody.\" \/>\n<meta property=\"og:url\" content=\"https:\/\/www.versiegelung24.com\/pl\/bacoban-dlugotrwala-dezynfekcja-powierzchni-5-000ml-koncentrat-na-bazie-wody.html\" \/>\n<meta property=\"og:site_name\" content=\"versiegelung24.com\" \/>\n<meta property=\"article:modified_time\" content=\"2025-01-13T15:36:46+00:00\" \/>\n<meta property=\"og:image\" content=\"https:\/\/www.versiegelung24.com\/wp-content\/uploads\/2020\/05\/bacoban-bacwb5-1.png\" \/>\n\t<meta property=\"og:image:width\" content=\"2000\" \/>\n\t<meta property=\"og:image:height\" content=\"2000\" \/>\n\t<meta property=\"og:image:type\" content=\"image\/png\" \/>\n<meta name=\"twitter:card\" content=\"summary_large_image\" \/>\n<meta name=\"twitter:label1\" content=\"Cena\" \/>\n\t<meta name=\"twitter:data1\" content=\"399,00&euro;\" \/>\n\t<meta name=\"twitter:label2\" content=\"Dost\u0119pno\u015b\u0107\" \/>\n\t<meta name=\"twitter:data2\" content=\"Dost\u0119pny\" \/>\n<script type=\"application\/ld+json\" class=\"yoast-schema-graph\">{\"@context\":\"https:\\\/\\\/schema.org\",\"@graph\":[{\"@type\":\"WebPage\",\"@id\":\"https:\\\/\\\/www.versiegelung24.com\\\/pl\\\/bacoban-dlugotrwala-dezynfekcja-powierzchni-5-000ml-koncentrat-na-bazie-wody.html\",\"url\":\"https:\\\/\\\/www.versiegelung24.com\\\/pl\\\/bacoban-dlugotrwala-dezynfekcja-powierzchni-5-000ml-koncentrat-na-bazie-wody.html\",\"name\":\"5 litr\u00f3w koncentratu BACOBAN\u00ae na 500 litr\u00f3w d\u0142ugotrwa\u0142ej dezynfekcji powierzchni - versiegelung24.com\",\"isPartOf\":{\"@id\":\"https:\\\/\\\/www.versiegelung24.com\\\/pl\\\/#website\"},\"primaryImageOfPage\":{\"@id\":\"https:\\\/\\\/www.versiegelung24.com\\\/pl\\\/bacoban-dlugotrwala-dezynfekcja-powierzchni-5-000ml-koncentrat-na-bazie-wody.html#primaryimage\"},\"image\":{\"@id\":\"https:\\\/\\\/www.versiegelung24.com\\\/pl\\\/bacoban-dlugotrwala-dezynfekcja-powierzchni-5-000ml-koncentrat-na-bazie-wody.html#primaryimage\"},\"thumbnailUrl\":\"https:\\\/\\\/www.versiegelung24.com\\\/wp-content\\\/uploads\\\/2020\\\/05\\\/bacoban-bacwb5-1.png\",\"datePublished\":\"2021-08-02T19:36:05+00:00\",\"dateModified\":\"2025-01-13T15:36:46+00:00\",\"breadcrumb\":{\"@id\":\"https:\\\/\\\/www.versiegelung24.com\\\/pl\\\/bacoban-dlugotrwala-dezynfekcja-powierzchni-5-000ml-koncentrat-na-bazie-wody.html#breadcrumb\"},\"inLanguage\":\"pl-PL\",\"potentialAction\":[{\"@type\":\"ReadAction\",\"target\":[\"https:\\\/\\\/www.versiegelung24.com\\\/pl\\\/bacoban-dlugotrwala-dezynfekcja-powierzchni-5-000ml-koncentrat-na-bazie-wody.html\"]}]},{\"@type\":\"ImageObject\",\"inLanguage\":\"pl-PL\",\"@id\":\"https:\\\/\\\/www.versiegelung24.com\\\/pl\\\/bacoban-dlugotrwala-dezynfekcja-powierzchni-5-000ml-koncentrat-na-bazie-wody.html#primaryimage\",\"url\":\"https:\\\/\\\/www.versiegelung24.com\\\/wp-content\\\/uploads\\\/2020\\\/05\\\/bacoban-bacwb5-1.png\",\"contentUrl\":\"https:\\\/\\\/www.versiegelung24.com\\\/wp-content\\\/uploads\\\/2020\\\/05\\\/bacoban-bacwb5-1.png\",\"width\":2000,\"height\":2000},{\"@type\":\"BreadcrumbList\",\"@id\":\"https:\\\/\\\/www.versiegelung24.com\\\/pl\\\/bacoban-dlugotrwala-dezynfekcja-powierzchni-5-000ml-koncentrat-na-bazie-wody.html#breadcrumb\",\"itemListElement\":[{\"@type\":\"ListItem\",\"position\":1,\"name\":\"Strona g\u0142\u00f3wna\",\"item\":\"https:\\\/\\\/www.versiegelung24.com\\\/pl\\\/przod\\\/\"},{\"@type\":\"ListItem\",\"position\":2,\"name\":\"Sklep\",\"item\":\"https:\\\/\\\/www.versiegelung24.com\\\/pl\\\/sklep\\\/\"},{\"@type\":\"ListItem\",\"position\":3,\"name\":\"5 litr\u00f3w koncentratu BACOBAN\u00ae na 500 litr\u00f3w d\u0142ugotrwa\u0142ej dezynfekcji powierzchni\"}]},{\"@type\":\"WebSite\",\"@id\":\"https:\\\/\\\/www.versiegelung24.com\\\/pl\\\/#website\",\"url\":\"https:\\\/\\\/www.versiegelung24.com\\\/pl\\\/\",\"name\":\"versiegelung24.com\",\"description\":\"Fl\u00fcssigglas-Versiegelung - Made in Germany\",\"publisher\":{\"@id\":\"https:\\\/\\\/www.versiegelung24.com\\\/pl\\\/#organization\"},\"potentialAction\":[{\"@type\":\"SearchAction\",\"target\":{\"@type\":\"EntryPoint\",\"urlTemplate\":\"https:\\\/\\\/www.versiegelung24.com\\\/pl\\\/?s={search_term_string}\"},\"query-input\":{\"@type\":\"PropertyValueSpecification\",\"valueRequired\":true,\"valueName\":\"search_term_string\"}}],\"inLanguage\":\"pl-PL\"},{\"@type\":\"Organization\",\"@id\":\"https:\\\/\\\/www.versiegelung24.com\\\/pl\\\/#organization\",\"name\":\"versiegelung24\",\"url\":\"https:\\\/\\\/www.versiegelung24.com\\\/pl\\\/\",\"logo\":{\"@type\":\"ImageObject\",\"inLanguage\":\"pl-PL\",\"@id\":\"https:\\\/\\\/www.versiegelung24.com\\\/pl\\\/#\\\/schema\\\/logo\\\/image\\\/\",\"url\":\"https:\\\/\\\/www.versiegelung24.com\\\/wp-content\\\/uploads\\\/2020\\\/04\\\/versiegelung24.png\",\"contentUrl\":\"https:\\\/\\\/www.versiegelung24.com\\\/wp-content\\\/uploads\\\/2020\\\/04\\\/versiegelung24.png\",\"width\":470,\"height\":102,\"caption\":\"versiegelung24\"},\"image\":{\"@id\":\"https:\\\/\\\/www.versiegelung24.com\\\/pl\\\/#\\\/schema\\\/logo\\\/image\\\/\"}}]}<\/script>\n<meta property=\"product:price:amount\" content=\"399.00\" \/>\n<meta property=\"product:price:currency\" content=\"EUR\" \/>\n<meta property=\"og:availability\" content=\"instock\" \/>\n<meta property=\"product:availability\" content=\"instock\" \/>\n<meta property=\"product:retailer_item_id\" content=\"BACWB5\" \/>\n<meta property=\"product:condition\" content=\"new\" \/>\n<!-- \/ Yoast SEO Premium plugin. -->","yoast_head_json":{"title":"5 litr\u00f3w koncentratu BACOBAN\u00ae na 500 litr\u00f3w d\u0142ugotrwa\u0142ej dezynfekcji powierzchni - versiegelung24.com","robots":{"index":"index","follow":"follow","max-snippet":"max-snippet:-1","max-image-preview":"max-image-preview:large","max-video-preview":"max-video-preview:-1"},"canonical":"https:\/\/www.versiegelung24.com\/pl\/bacoban-dlugotrwala-dezynfekcja-powierzchni-5-000ml-koncentrat-na-bazie-wody.html","og_locale":"pl_PL","og_type":"article","og_title":"5 litr\u00f3w koncentratu BACOBAN\u00ae na 500 litr\u00f3w d\u0142ugotrwa\u0142ej dezynfekcji powierzchni","og_description":"Koncentrat na 500 litr\u00f3w \u015brodka dezynfekuj\u0105cego na bazie wody.","og_url":"https:\/\/www.versiegelung24.com\/pl\/bacoban-dlugotrwala-dezynfekcja-powierzchni-5-000ml-koncentrat-na-bazie-wody.html","og_site_name":"versiegelung24.com","article_modified_time":"2025-01-13T15:36:46+00:00","og_image":[{"width":2000,"height":2000,"url":"https:\/\/www.versiegelung24.com\/wp-content\/uploads\/2020\/05\/bacoban-bacwb5-1.png","type":"image\/png"}],"twitter_card":"summary_large_image","twitter_misc":{"Cena":"399,00&euro;","Dost\u0119pno\u015b\u0107":"Dost\u0119pny"},"schema":{"@context":"https:\/\/schema.org","@graph":[{"@type":"WebPage","@id":"https:\/\/www.versiegelung24.com\/pl\/bacoban-dlugotrwala-dezynfekcja-powierzchni-5-000ml-koncentrat-na-bazie-wody.html","url":"https:\/\/www.versiegelung24.com\/pl\/bacoban-dlugotrwala-dezynfekcja-powierzchni-5-000ml-koncentrat-na-bazie-wody.html","name":"5 litr\u00f3w koncentratu BACOBAN\u00ae na 500 litr\u00f3w d\u0142ugotrwa\u0142ej dezynfekcji powierzchni - versiegelung24.com","isPartOf":{"@id":"https:\/\/www.versiegelung24.com\/pl\/#website"},"primaryImageOfPage":{"@id":"https:\/\/www.versiegelung24.com\/pl\/bacoban-dlugotrwala-dezynfekcja-powierzchni-5-000ml-koncentrat-na-bazie-wody.html#primaryimage"},"image":{"@id":"https:\/\/www.versiegelung24.com\/pl\/bacoban-dlugotrwala-dezynfekcja-powierzchni-5-000ml-koncentrat-na-bazie-wody.html#primaryimage"},"thumbnailUrl":"https:\/\/www.versiegelung24.com\/wp-content\/uploads\/2020\/05\/bacoban-bacwb5-1.png","datePublished":"2021-08-02T19:36:05+00:00","dateModified":"2025-01-13T15:36:46+00:00","breadcrumb":{"@id":"https:\/\/www.versiegelung24.com\/pl\/bacoban-dlugotrwala-dezynfekcja-powierzchni-5-000ml-koncentrat-na-bazie-wody.html#breadcrumb"},"inLanguage":"pl-PL","potentialAction":[{"@type":"ReadAction","target":["https:\/\/www.versiegelung24.com\/pl\/bacoban-dlugotrwala-dezynfekcja-powierzchni-5-000ml-koncentrat-na-bazie-wody.html"]}]},{"@type":"ImageObject","inLanguage":"pl-PL","@id":"https:\/\/www.versiegelung24.com\/pl\/bacoban-dlugotrwala-dezynfekcja-powierzchni-5-000ml-koncentrat-na-bazie-wody.html#primaryimage","url":"https:\/\/www.versiegelung24.com\/wp-content\/uploads\/2020\/05\/bacoban-bacwb5-1.png","contentUrl":"https:\/\/www.versiegelung24.com\/wp-content\/uploads\/2020\/05\/bacoban-bacwb5-1.png","width":2000,"height":2000},{"@type":"BreadcrumbList","@id":"https:\/\/www.versiegelung24.com\/pl\/bacoban-dlugotrwala-dezynfekcja-powierzchni-5-000ml-koncentrat-na-bazie-wody.html#breadcrumb","itemListElement":[{"@type":"ListItem","position":1,"name":"Strona g\u0142\u00f3wna","item":"https:\/\/www.versiegelung24.com\/pl\/przod\/"},{"@type":"ListItem","position":2,"name":"Sklep","item":"https:\/\/www.versiegelung24.com\/pl\/sklep\/"},{"@type":"ListItem","position":3,"name":"5 litr\u00f3w koncentratu BACOBAN\u00ae na 500 litr\u00f3w d\u0142ugotrwa\u0142ej dezynfekcji powierzchni"}]},{"@type":"WebSite","@id":"https:\/\/www.versiegelung24.com\/pl\/#website","url":"https:\/\/www.versiegelung24.com\/pl\/","name":"versiegelung24.com","description":"Fl\u00fcssigglas-Versiegelung - Made in Germany","publisher":{"@id":"https:\/\/www.versiegelung24.com\/pl\/#organization"},"potentialAction":[{"@type":"SearchAction","target":{"@type":"EntryPoint","urlTemplate":"https:\/\/www.versiegelung24.com\/pl\/?s={search_term_string}"},"query-input":{"@type":"PropertyValueSpecification","valueRequired":true,"valueName":"search_term_string"}}],"inLanguage":"pl-PL"},{"@type":"Organization","@id":"https:\/\/www.versiegelung24.com\/pl\/#organization","name":"versiegelung24","url":"https:\/\/www.versiegelung24.com\/pl\/","logo":{"@type":"ImageObject","inLanguage":"pl-PL","@id":"https:\/\/www.versiegelung24.com\/pl\/#\/schema\/logo\/image\/","url":"https:\/\/www.versiegelung24.com\/wp-content\/uploads\/2020\/04\/versiegelung24.png","contentUrl":"https:\/\/www.versiegelung24.com\/wp-content\/uploads\/2020\/04\/versiegelung24.png","width":470,"height":102,"caption":"versiegelung24"},"image":{"@id":"https:\/\/www.versiegelung24.com\/pl\/#\/schema\/logo\/image\/"}}]},"product_price_amount":"399.00","product_price_currency":"EUR","og_availability":"instock","product_availability":"instock","product_retailer_item_id":"BACWB5","product_condition":"new"},"_links":{"self":[{"href":"https:\/\/www.versiegelung24.com\/pl\/wp-json\/wp\/v2\/product\/23425","targetHints":{"allow":["GET"]}}],"collection":[{"href":"https:\/\/www.versiegelung24.com\/pl\/wp-json\/wp\/v2\/product"}],"about":[{"href":"https:\/\/www.versiegelung24.com\/pl\/wp-json\/wp\/v2\/types\/product"}],"version-history":[{"count":27,"href":"https:\/\/www.versiegelung24.com\/pl\/wp-json\/wp\/v2\/product\/23425\/revisions"}],"predecessor-version":[{"id":180512,"href":"https:\/\/www.versiegelung24.com\/pl\/wp-json\/wp\/v2\/product\/23425\/revisions\/180512"}],"wp:featuredmedia":[{"embeddable":true,"href":"https:\/\/www.versiegelung24.com\/pl\/wp-json\/wp\/v2\/media\/15390"}],"wp:attachment":[{"href":"https:\/\/www.versiegelung24.com\/pl\/wp-json\/wp\/v2\/media?parent=23425"}],"wp:term":[{"taxonomy":"product_brand","embeddable":true,"href":"https:\/\/www.versiegelung24.com\/pl\/wp-json\/wp\/v2\/product_brand?post=23425"},{"taxonomy":"product_cat","embeddable":true,"href":"https:\/\/www.versiegelung24.com\/pl\/wp-json\/wp\/v2\/product_cat?post=23425"},{"taxonomy":"product_tag","embeddable":true,"href":"https:\/\/www.versiegelung24.com\/pl\/wp-json\/wp\/v2\/product_tag?post=23425"}],"curies":[{"name":"wp","href":"https:\/\/api.w.org\/{rel}","templated":true}]}}