{"id":23470,"date":"2020-04-04T18:53:44","date_gmt":"2021-08-02T19:38:36","guid":{"rendered":"https:\/\/www.versiegelung24.com\/produkt\/lakier-samochodowy-i-uszczelnianie-felg"},"modified":"2025-01-03T23:57:43","modified_gmt":"2025-01-03T22:57:43","slug":"lakier-lakier-felgi-uszczelnianie-auta","status":"publish","type":"product","link":"https:\/\/www.versiegelung24.com\/pl\/lakierowanie-samochod-i-uszczelnianie-felgi.html","title":{"rendered":"Lakier samochodowy i uszczelnianie felg"},"content":{"rendered":"\n<p><strong>*** Nowa wersja produktu z ulepszonym efektem *** <\/strong><\/p>\n\n<p><strong>Wysoce skuteczna profesjonalna uszczelka ochronna do lakieru samochodowego i felg aluminiowych z efektem lotosu (wodoodporno\u015b\u0107)<\/strong><\/p>\n\n<p>Numer artyku\u0142u: 2003-7656<\/p>\n\n<p>Wysoka jako\u015b\u0107 Made in Germany.<\/p>\n\n<p>G\u0142adkie powierzchnie z tworzywa sztucznego, powierzchnie malowane, stal nierdzewna i metal maj\u0105 dzia\u0142anie hydrofobowe i oleofobowe, a cz\u0105steczki brudu takie jak t\u0142uszcze, substancje oleiste, kamie\u0144 i substancje pochodz\u0105ce z zanieczyszczenia \u015brodowiska maj\u0105 mniejsz\u0105 przyczepno\u015b\u0107 lub mog\u0105 by\u0107 \u0142atwo usuni\u0119te z pow\u0142oki, tj. bez u\u017cycia materia\u0142y \u015bcierne (\u201e\u0142atwe do czyszczenia\u201d)<\/p>\n\n<hr\/>\n\n<h4 class=\"wp-block-heading\" id=\"properties\">Cechy produktu<\/h4>\n\n<div class=\"wp-block-columns is-layout-flex wp-container-core-columns-is-layout-9d6595d7 wp-block-columns-is-layout-flex\">\n<div class=\"wp-block-column is-layout-flow wp-block-column-is-layout-flow\">\n<ul class=\"wp-block-list\">\n<li>Znakomity efekt \u0142atwo\u015bci czyszczenia dla przyczepno\u015bci brudu<\/li>\n\n\n\n<li>Odporny chemicznie na \u015brodki do mycia samochod\u00f3w (do pH 12)<\/li>\n\n\n\n<li>Efekt hydrofobowy i oleofobowy (odpychanie wody i oleju)<\/li>\n\n\n\n<li>Bardzo wysoka odporno\u015b\u0107 na \u015bcieranie dzi\u0119ki technologii nano SiO\u00b2<\/li>\n\n\n\n<li>\u0141atwiej usun\u0105\u0107 ptasie odchody, owady i inne zabrudzenia<\/li>\n\n\n\n<li>odporny na promieniowanie UV \/ mrozoodporny \/ odporny na s\u0142on\u0105 wod\u0119 \/ niewidoczny (grubo\u015b\u0107 warstwy: 100-150nm)<\/li>\n\n\n\n<li>Oszcz\u0119dno\u015b\u0107 koszt\u00f3w, czasu i energii dzi\u0119ki wyd\u0142u\u017conym cyklom czyszczenia<\/li>\n<\/ul>\n<\/div>\n\n\n\n<div class=\"wp-block-column is-layout-flow wp-block-column-is-layout-flow\">\n<ul class=\"wp-block-list\">\n<li>Prosta aplikacja<\/li>\n\n\n\n<li>Oddychaj\u0105ca<\/li>\n\n\n\n<li>Silne w\u0142a\u015bciwo\u015bci nieprzywieraj\u0105ce<\/li>\n\n\n\n<li>Trwa\u0142o\u015b\u0107: do 1 roku (w zale\u017cno\u015bci od zastosowania)<\/li>\n<\/ul>\n\n\n\n<p><br\/><br\/><br\/>Zu\u017cycie: Do 200 m\u00b2 mo\u017ce by\u0107 uszczelnione z 1 litra R\u0119czny: 5-10 ml\/m\u00b2 Przemys\u0142owy: 10-15 ml\/m\u00b2<\/p>\n\n\n\n<p><br\/><br\/>Zakres dostawy: 1 x litrowa butelka 1 x opis produktu<\/p>\n<\/div>\n<\/div>\n\n<hr\/>\n\n<h4 class=\"wp-block-heading\" id=\"application\">Zastosowanie<\/h4>\n\n<div class=\"wp-block-columns is-layout-flex wp-container-core-columns-is-layout-9d6595d7 wp-block-columns-is-layout-flex\">\n<div class=\"wp-block-column is-layout-flow wp-block-column-is-layout-flow\">\n<ul class=\"wp-block-list\">\n<li>farba samochodowa<\/li>\n\n\n\n<li>felgi aluminiowe<\/li>\n\n\n\n<li>Malowane felgi<\/li>\n\n\n\n<li>Malowane plastikowe nak\u0142adki (zderzaki, progi, spojlery)<\/li>\n\n\n\n<li>G\u0142adkie plastikowe powierzchnie<\/li>\n\n\n\n<li>Stal nierdzewna<\/li>\n\n\n\n<li>pleksiglas<\/li>\n\n\n\n<li>powierzchnie metalowe<\/li>\n<\/ul>\n\n\n\n<p>Zu\u017cycie zale\u017cne od struktury powierzchni ok. 100-200m\u00b2\/litr.<\/p>\n<\/div>\n\n\n\n<div class=\"wp-block-column is-layout-flow wp-block-column-is-layout-flow\">\n<p>\u0141atwy w aplikacji: <\/p>\n\n\n\n<p><br\/>1. r\u0119czne: Nak\u0142adanie okr\u0119\u017cnymi ruchami za pomoc\u0105 czystego papieru, p\u0142\u00f3tna lub \u015bciereczki z mikrofibry. 2. przemys\u0142owe: Mo\u017ce by\u0107 stosowany zar\u00f3wno w systemach polerowania, jak i natryskiwania.<\/p>\n\n\n\n<p>Ta pow\u0142oka SiO2 jest w pe\u0142ni usieciowana i utwardzona po 24 godzinach. Efekt \u0142atwo\u015bci czyszczenia mo\u017cna przetestowa\u0107 po raz pierwszy po tej fazie utwardzania.<\/p>\n<\/div>\n<\/div>\n","protected":false},"excerpt":{"rendered":"<p><strong>Wysoce skuteczna profesjonalna uszczelka ochronna do lakieru samochodowego i felg aluminiowych:<\/strong><\/p>\n<p>\u2713 z efektem lotosu (wodoodporno\u015b\u0107)<\/p>\n","protected":false},"featured_media":17867,"template":"","meta":{"_acf_changed":false,"neve_meta_sidebar":"","neve_meta_container":"","neve_meta_enable_content_width":"","neve_meta_content_width":0,"neve_meta_title_alignment":"","neve_meta_author_avatar":"","neve_post_elements_order":"","neve_meta_disable_header":"","neve_meta_disable_footer":"","neve_meta_disable_title":"","neve_meta_reading_time":"","_surfaces":[],"_ver_product_tabs":[],"footnotes":""},"product_brand":[],"product_cat":[2170],"product_tag":[],"class_list":{"0":"post-23470","1":"product","2":"type-product","3":"status-publish","4":"has-post-thumbnail","6":"product_cat-uszczelnianie-samochodu","8":"first","9":"instock","10":"taxable","11":"shipping-taxable","12":"purchasable","13":"product-type-simple"},"acf":[],"yoast_head":"<!-- This site is optimized with the Yoast SEO Premium plugin v22.8 (Yoast SEO v27.5) - https:\/\/yoast.com\/product\/yoast-seo-premium-wordpress\/ -->\n<title>Lakier samochodowy i uszczelnianie felg - versiegelung24.com<\/title>\n<meta name=\"robots\" content=\"index, follow, max-snippet:-1, max-image-preview:large, max-video-preview:-1\" \/>\n<link rel=\"canonical\" href=\"https:\/\/www.versiegelung24.com\/pl\/lakierowanie-samochod-i-uszczelnianie-felgi.html\" \/>\n<meta property=\"og:locale\" content=\"pl_PL\" \/>\n<meta property=\"og:type\" content=\"article\" \/>\n<meta property=\"og:title\" content=\"Lakier samochodowy i uszczelnianie felg\" \/>\n<meta property=\"og:description\" content=\"Wysoce skuteczna profesjonalna uszczelka ochronna do lakieru samochodowego i felg aluminiowych: \u2713 z efektem lotosu (wodoodporno\u015b\u0107)\" \/>\n<meta property=\"og:url\" content=\"https:\/\/www.versiegelung24.com\/pl\/lakierowanie-samochod-i-uszczelnianie-felgi.html\" \/>\n<meta property=\"og:site_name\" content=\"versiegelung24.com\" \/>\n<meta property=\"article:modified_time\" content=\"2025-01-03T22:57:43+00:00\" \/>\n<meta property=\"og:image\" content=\"https:\/\/www.versiegelung24.com\/wp-content\/uploads\/2020\/06\/produkt-2003-7656-1000-Autolack-Felgenversiegelung-scaled.jpg\" \/>\n\t<meta property=\"og:image:width\" content=\"2560\" \/>\n\t<meta property=\"og:image:height\" content=\"2560\" \/>\n\t<meta property=\"og:image:type\" content=\"image\/jpeg\" \/>\n<meta name=\"twitter:card\" content=\"summary_large_image\" \/>\n<meta name=\"twitter:label1\" content=\"Cena\" \/>\n\t<meta name=\"twitter:data1\" content=\"149,00&euro;\" \/>\n\t<meta name=\"twitter:label2\" content=\"Dost\u0119pno\u015b\u0107\" \/>\n\t<meta name=\"twitter:data2\" content=\"Dost\u0119pny\" \/>\n<script type=\"application\/ld+json\" class=\"yoast-schema-graph\">{\"@context\":\"https:\\\/\\\/schema.org\",\"@graph\":[{\"@type\":\"WebPage\",\"@id\":\"https:\\\/\\\/www.versiegelung24.com\\\/pl\\\/lakierowanie-samochod-i-uszczelnianie-felgi.html\",\"url\":\"https:\\\/\\\/www.versiegelung24.com\\\/pl\\\/lakierowanie-samochod-i-uszczelnianie-felgi.html\",\"name\":\"Lakier samochodowy i uszczelnianie felg - versiegelung24.com\",\"isPartOf\":{\"@id\":\"https:\\\/\\\/www.versiegelung24.com\\\/pl\\\/#website\"},\"primaryImageOfPage\":{\"@id\":\"https:\\\/\\\/www.versiegelung24.com\\\/pl\\\/lakierowanie-samochod-i-uszczelnianie-felgi.html#primaryimage\"},\"image\":{\"@id\":\"https:\\\/\\\/www.versiegelung24.com\\\/pl\\\/lakierowanie-samochod-i-uszczelnianie-felgi.html#primaryimage\"},\"thumbnailUrl\":\"https:\\\/\\\/www.versiegelung24.com\\\/wp-content\\\/uploads\\\/2020\\\/06\\\/produkt-2003-7656-1000-Autolack-Felgenversiegelung-scaled.jpg\",\"datePublished\":\"2021-08-02T19:38:36+00:00\",\"dateModified\":\"2025-01-03T22:57:43+00:00\",\"breadcrumb\":{\"@id\":\"https:\\\/\\\/www.versiegelung24.com\\\/pl\\\/lakierowanie-samochod-i-uszczelnianie-felgi.html#breadcrumb\"},\"inLanguage\":\"pl-PL\",\"potentialAction\":[{\"@type\":\"ReadAction\",\"target\":[\"https:\\\/\\\/www.versiegelung24.com\\\/pl\\\/lakierowanie-samochod-i-uszczelnianie-felgi.html\"]}]},{\"@type\":\"ImageObject\",\"inLanguage\":\"pl-PL\",\"@id\":\"https:\\\/\\\/www.versiegelung24.com\\\/pl\\\/lakierowanie-samochod-i-uszczelnianie-felgi.html#primaryimage\",\"url\":\"https:\\\/\\\/www.versiegelung24.com\\\/wp-content\\\/uploads\\\/2020\\\/06\\\/produkt-2003-7656-1000-Autolack-Felgenversiegelung-scaled.jpg\",\"contentUrl\":\"https:\\\/\\\/www.versiegelung24.com\\\/wp-content\\\/uploads\\\/2020\\\/06\\\/produkt-2003-7656-1000-Autolack-Felgenversiegelung-scaled.jpg\",\"width\":2560,\"height\":2560},{\"@type\":\"BreadcrumbList\",\"@id\":\"https:\\\/\\\/www.versiegelung24.com\\\/pl\\\/lakierowanie-samochod-i-uszczelnianie-felgi.html#breadcrumb\",\"itemListElement\":[{\"@type\":\"ListItem\",\"position\":1,\"name\":\"Strona g\u0142\u00f3wna\",\"item\":\"https:\\\/\\\/www.versiegelung24.com\\\/pl\\\/przod\\\/\"},{\"@type\":\"ListItem\",\"position\":2,\"name\":\"Sklep\",\"item\":\"https:\\\/\\\/www.versiegelung24.com\\\/pl\\\/sklep\\\/\"},{\"@type\":\"ListItem\",\"position\":3,\"name\":\"Lakier samochodowy i uszczelnianie felg\"}]},{\"@type\":\"WebSite\",\"@id\":\"https:\\\/\\\/www.versiegelung24.com\\\/pl\\\/#website\",\"url\":\"https:\\\/\\\/www.versiegelung24.com\\\/pl\\\/\",\"name\":\"versiegelung24.com\",\"description\":\"Fl\u00fcssigglas-Versiegelung - Made in Germany\",\"publisher\":{\"@id\":\"https:\\\/\\\/www.versiegelung24.com\\\/pl\\\/#organization\"},\"potentialAction\":[{\"@type\":\"SearchAction\",\"target\":{\"@type\":\"EntryPoint\",\"urlTemplate\":\"https:\\\/\\\/www.versiegelung24.com\\\/pl\\\/?s={search_term_string}\"},\"query-input\":{\"@type\":\"PropertyValueSpecification\",\"valueRequired\":true,\"valueName\":\"search_term_string\"}}],\"inLanguage\":\"pl-PL\"},{\"@type\":\"Organization\",\"@id\":\"https:\\\/\\\/www.versiegelung24.com\\\/pl\\\/#organization\",\"name\":\"versiegelung24\",\"url\":\"https:\\\/\\\/www.versiegelung24.com\\\/pl\\\/\",\"logo\":{\"@type\":\"ImageObject\",\"inLanguage\":\"pl-PL\",\"@id\":\"https:\\\/\\\/www.versiegelung24.com\\\/pl\\\/#\\\/schema\\\/logo\\\/image\\\/\",\"url\":\"https:\\\/\\\/www.versiegelung24.com\\\/wp-content\\\/uploads\\\/2020\\\/04\\\/versiegelung24.png\",\"contentUrl\":\"https:\\\/\\\/www.versiegelung24.com\\\/wp-content\\\/uploads\\\/2020\\\/04\\\/versiegelung24.png\",\"width\":470,\"height\":102,\"caption\":\"versiegelung24\"},\"image\":{\"@id\":\"https:\\\/\\\/www.versiegelung24.com\\\/pl\\\/#\\\/schema\\\/logo\\\/image\\\/\"}}]}<\/script>\n<meta property=\"product:price:amount\" content=\"149.00\" \/>\n<meta property=\"product:price:currency\" content=\"EUR\" \/>\n<meta property=\"og:availability\" content=\"instock\" \/>\n<meta property=\"product:availability\" content=\"instock\" \/>\n<meta property=\"product:retailer_item_id\" content=\"2003-7656-1000\" \/>\n<meta property=\"product:condition\" content=\"new\" \/>\n<!-- \/ Yoast SEO Premium plugin. -->","yoast_head_json":{"title":"Lakier samochodowy i uszczelnianie felg - versiegelung24.com","robots":{"index":"index","follow":"follow","max-snippet":"max-snippet:-1","max-image-preview":"max-image-preview:large","max-video-preview":"max-video-preview:-1"},"canonical":"https:\/\/www.versiegelung24.com\/pl\/lakierowanie-samochod-i-uszczelnianie-felgi.html","og_locale":"pl_PL","og_type":"article","og_title":"Lakier samochodowy i uszczelnianie felg","og_description":"Wysoce skuteczna profesjonalna uszczelka ochronna do lakieru samochodowego i felg aluminiowych: \u2713 z efektem lotosu (wodoodporno\u015b\u0107)","og_url":"https:\/\/www.versiegelung24.com\/pl\/lakierowanie-samochod-i-uszczelnianie-felgi.html","og_site_name":"versiegelung24.com","article_modified_time":"2025-01-03T22:57:43+00:00","og_image":[{"width":2560,"height":2560,"url":"https:\/\/www.versiegelung24.com\/wp-content\/uploads\/2020\/06\/produkt-2003-7656-1000-Autolack-Felgenversiegelung-scaled.jpg","type":"image\/jpeg"}],"twitter_card":"summary_large_image","twitter_misc":{"Cena":"149,00&euro;","Dost\u0119pno\u015b\u0107":"Dost\u0119pny"},"schema":{"@context":"https:\/\/schema.org","@graph":[{"@type":"WebPage","@id":"https:\/\/www.versiegelung24.com\/pl\/lakierowanie-samochod-i-uszczelnianie-felgi.html","url":"https:\/\/www.versiegelung24.com\/pl\/lakierowanie-samochod-i-uszczelnianie-felgi.html","name":"Lakier samochodowy i uszczelnianie felg - versiegelung24.com","isPartOf":{"@id":"https:\/\/www.versiegelung24.com\/pl\/#website"},"primaryImageOfPage":{"@id":"https:\/\/www.versiegelung24.com\/pl\/lakierowanie-samochod-i-uszczelnianie-felgi.html#primaryimage"},"image":{"@id":"https:\/\/www.versiegelung24.com\/pl\/lakierowanie-samochod-i-uszczelnianie-felgi.html#primaryimage"},"thumbnailUrl":"https:\/\/www.versiegelung24.com\/wp-content\/uploads\/2020\/06\/produkt-2003-7656-1000-Autolack-Felgenversiegelung-scaled.jpg","datePublished":"2021-08-02T19:38:36+00:00","dateModified":"2025-01-03T22:57:43+00:00","breadcrumb":{"@id":"https:\/\/www.versiegelung24.com\/pl\/lakierowanie-samochod-i-uszczelnianie-felgi.html#breadcrumb"},"inLanguage":"pl-PL","potentialAction":[{"@type":"ReadAction","target":["https:\/\/www.versiegelung24.com\/pl\/lakierowanie-samochod-i-uszczelnianie-felgi.html"]}]},{"@type":"ImageObject","inLanguage":"pl-PL","@id":"https:\/\/www.versiegelung24.com\/pl\/lakierowanie-samochod-i-uszczelnianie-felgi.html#primaryimage","url":"https:\/\/www.versiegelung24.com\/wp-content\/uploads\/2020\/06\/produkt-2003-7656-1000-Autolack-Felgenversiegelung-scaled.jpg","contentUrl":"https:\/\/www.versiegelung24.com\/wp-content\/uploads\/2020\/06\/produkt-2003-7656-1000-Autolack-Felgenversiegelung-scaled.jpg","width":2560,"height":2560},{"@type":"BreadcrumbList","@id":"https:\/\/www.versiegelung24.com\/pl\/lakierowanie-samochod-i-uszczelnianie-felgi.html#breadcrumb","itemListElement":[{"@type":"ListItem","position":1,"name":"Strona g\u0142\u00f3wna","item":"https:\/\/www.versiegelung24.com\/pl\/przod\/"},{"@type":"ListItem","position":2,"name":"Sklep","item":"https:\/\/www.versiegelung24.com\/pl\/sklep\/"},{"@type":"ListItem","position":3,"name":"Lakier samochodowy i uszczelnianie felg"}]},{"@type":"WebSite","@id":"https:\/\/www.versiegelung24.com\/pl\/#website","url":"https:\/\/www.versiegelung24.com\/pl\/","name":"versiegelung24.com","description":"Fl\u00fcssigglas-Versiegelung - Made in Germany","publisher":{"@id":"https:\/\/www.versiegelung24.com\/pl\/#organization"},"potentialAction":[{"@type":"SearchAction","target":{"@type":"EntryPoint","urlTemplate":"https:\/\/www.versiegelung24.com\/pl\/?s={search_term_string}"},"query-input":{"@type":"PropertyValueSpecification","valueRequired":true,"valueName":"search_term_string"}}],"inLanguage":"pl-PL"},{"@type":"Organization","@id":"https:\/\/www.versiegelung24.com\/pl\/#organization","name":"versiegelung24","url":"https:\/\/www.versiegelung24.com\/pl\/","logo":{"@type":"ImageObject","inLanguage":"pl-PL","@id":"https:\/\/www.versiegelung24.com\/pl\/#\/schema\/logo\/image\/","url":"https:\/\/www.versiegelung24.com\/wp-content\/uploads\/2020\/04\/versiegelung24.png","contentUrl":"https:\/\/www.versiegelung24.com\/wp-content\/uploads\/2020\/04\/versiegelung24.png","width":470,"height":102,"caption":"versiegelung24"},"image":{"@id":"https:\/\/www.versiegelung24.com\/pl\/#\/schema\/logo\/image\/"}}]},"product_price_amount":"149.00","product_price_currency":"EUR","og_availability":"instock","product_availability":"instock","product_retailer_item_id":"2003-7656-1000","product_condition":"new"},"_links":{"self":[{"href":"https:\/\/www.versiegelung24.com\/pl\/wp-json\/wp\/v2\/product\/23470","targetHints":{"allow":["GET"]}}],"collection":[{"href":"https:\/\/www.versiegelung24.com\/pl\/wp-json\/wp\/v2\/product"}],"about":[{"href":"https:\/\/www.versiegelung24.com\/pl\/wp-json\/wp\/v2\/types\/product"}],"version-history":[{"count":14,"href":"https:\/\/www.versiegelung24.com\/pl\/wp-json\/wp\/v2\/product\/23470\/revisions"}],"predecessor-version":[{"id":177759,"href":"https:\/\/www.versiegelung24.com\/pl\/wp-json\/wp\/v2\/product\/23470\/revisions\/177759"}],"wp:featuredmedia":[{"embeddable":true,"href":"https:\/\/www.versiegelung24.com\/pl\/wp-json\/wp\/v2\/media\/17867"}],"wp:attachment":[{"href":"https:\/\/www.versiegelung24.com\/pl\/wp-json\/wp\/v2\/media?parent=23470"}],"wp:term":[{"taxonomy":"product_brand","embeddable":true,"href":"https:\/\/www.versiegelung24.com\/pl\/wp-json\/wp\/v2\/product_brand?post=23470"},{"taxonomy":"product_cat","embeddable":true,"href":"https:\/\/www.versiegelung24.com\/pl\/wp-json\/wp\/v2\/product_cat?post=23470"},{"taxonomy":"product_tag","embeddable":true,"href":"https:\/\/www.versiegelung24.com\/pl\/wp-json\/wp\/v2\/product_tag?post=23470"}],"curies":[{"name":"wp","href":"https:\/\/api.w.org\/{rel}","templated":true}]}}