{"id":23583,"date":"2020-04-04T18:53:44","date_gmt":"2021-08-02T19:46:13","guid":{"rendered":"https:\/\/www.versiegelung24.com\/produkt\/uniwersalna-uszczelka-673-do-powierzchni-twardych-niechlonnych-farba-plastik-szklo-ceramika-metal-stal-nierdzewna"},"modified":"2025-01-04T00:13:49","modified_gmt":"2025-01-03T23:13:49","slug":"uniwersalne-uszczelniajace-673-do-twardych-nienasiakliwych-powierzchni-lakierow-tworzywa-szklano-ceramika-metal-stal-nierdzewna","status":"publish","type":"product","link":"https:\/\/www.versiegelung24.com\/pl\/uniwersalne-uszczelniajace-673-do-twardych-nienasiakliwych-powierzchni-lakierow-tworzywa-szklano-ceramika-metal-stal-nierdzewna.html","title":{"rendered":"Uniwersalne uszczelnienie 673 do powierzchni \u201etwardych\u201d\/nienasi\u0105kliwych (farba\/tworzywo sztuczne +++, szk\u0142o\/ceramika ++, metal\/stal nierdzewna ++)"},"content":{"rendered":"\n<p><strong>Uniwersalne uszczelnienie do &#8220;twardych&#8221;\/nienasi\u0105kliwych powierzchni w profesjonalnej jako\u015bci &#8211; Made in Germany<\/strong><\/p>\n\n<p>Idealny do tworzyw sztucznych i powierzchni malowanych (mo\u017ce by\u0107 nak\u0142adany warstwami), mo\u017ce by\u0107 r\u00f3wnie\u017c stosowany na szkle\/ceramice; metal i stal nierdzewna<\/p>\n\n<p>Numer artyku\u0142u: 4004-673<\/p>\n\n<p>Wysoka jako\u015b\u0107 Made in Germany<\/p>\n\n<p><strong>Uniwersalne uszczelnienie V24 4004-673<\/strong> to system na bazie alkoholu, kt\u00f3ry tworzy tymczasowy efekt \u0142atwo\u015bci czyszczenia na powierzchniach szklanych i ceramicznych, a tak\u017ce niekt\u00f3rych powierzchniach metalowych (chrom, stal nierdzewna, aluminium). Pocierany materia\u0142 tworzy na powierzchni cienk\u0105 warstw\u0119, kt\u00f3ra zmniejsza przyczepno\u015b\u0107 brudu i cia\u0142 obcych oraz umo\u017cliwia \u0142atwe sp\u0142ywanie wody. Powierzchnie powlekane s\u0105 szczeg\u00f3lnie \u0142atwe do czyszczenia i mniej brudz\u0105.<\/p>\n\n<hr\/>\n\n<h4 class=\"wp-block-heading\" id=\"properties\">Cechy produktu<\/h4>\n\n<div class=\"wp-block-columns is-layout-flex wp-container-core-columns-is-layout-9d6595d7 wp-block-columns-is-layout-flex\">\n<div class=\"wp-block-column is-layout-flow wp-block-column-is-layout-flow\">\n<figure class=\"wp-block-table is-style-stripes\"><table><tbody><tr><td class=\"has-text-align-center\" data-align=\"center\">Chemia:<\/td><td class=\"has-text-align-center\" data-align=\"center\">Polimer nieorganiczno-organiczny, bezhalogenowy, bez fluoru<\/td><\/tr><tr><td class=\"has-text-align-center\" data-align=\"center\">Opis:<\/td><td class=\"has-text-align-center\" data-align=\"center\">Uniwersalny uszczelniacz<\/td><\/tr><tr><td class=\"has-text-align-center\" data-align=\"center\">Wygl\u0105d zewn\u0119trzny:<\/td><td class=\"has-text-align-center\" data-align=\"center\">P\u0142ynny, bezbarwny &#8211; r\u00f3\u017cowy<\/td><\/tr><tr><td class=\"has-text-align-center\" data-align=\"center\">Roztw\u00f3r: <\/td><td class=\"has-text-align-center\" data-align=\"center\">Rozcie\u0144czony gotowy do u\u017cycia<\/td><\/tr><tr><td class=\"has-text-align-center\" data-align=\"center\">St\u0119\u017cenie: <\/td><td class=\"has-text-align-center\" data-align=\"center\">0,5-1,5% wagowo<\/td><\/tr><tr><td class=\"has-text-align-center\" data-align=\"center\">Obs\u0142ugiwanie:<\/td><td class=\"has-text-align-center\" data-align=\"center\">Wa\u017cne informacje dotycz\u0105ce obchodzenia si\u0119 i bezpiecze\u0144stwa mo\u017cna znale\u017a\u0107 w aktualnej karcie charakterystyki. Podczas przetwarzania nale\u017cy u\u017cywa\u0107 odpowiedniego sprz\u0119tu ochrony osobistej.<\/td><\/tr><\/tbody><\/table><\/figure>\n<\/div>\n\n\n\n<div class=\"wp-block-column is-layout-flow wp-block-column-is-layout-flow\">\n<p><br\/><br\/>Zakres dostawy: 1 x litrowa butelka 1 x g\u0142owica rozpylaj\u0105ca z pompk\u0105<\/p>\n<\/div>\n<\/div>\n\n<hr\/>\n\n<h4 class=\"wp-block-heading\" id=\"h-ratgeber\">Doradca<\/h4>\n\n<p>Nasze uniwersalne uszczelnienia s\u0105 szczeg\u00f3lnie odpowiednie dla sektora majsterkowania.<\/p>\n\n<p>\u0141\u0105cz\u0105 profesjonalny spos\u00f3b dzia\u0142ania na r\u00f3\u017cnych powierzchniach z \u0142atw\u0105 obs\u0142ug\u0105 podczas aplikacji. A wszystko to bez wi\u0119kszych kompromis\u00f3w w zakresie jako\u015bci.<\/p>\n\n<p>W ten spos\u00f3b mo\u017cna aplikowa\u0107 na kilku materia\u0142ach za pomoc\u0105 tylko jednego uniwersalnego uszczelniacza, a tak\u017ce uzyska\u0107 wysokiej jako\u015bci efekt i d\u0142ug\u0105 trwa\u0142o\u015b\u0107.<\/p>\n\n<p>Jednak w przypadku zastosowa\u0144 komercyjnych i przemys\u0142owych, w kt\u00f3rych nale\u017cy osi\u0105gn\u0105\u0107 najwy\u017cszy mo\u017cliwy poziom wydajno\u015bci na okre\u015blonej powierzchni, zalecamy stosowanie naszych specjalnych wyko\u0144cze\u0144 dla tej powierzchni.<\/p>\n","protected":false},"excerpt":{"rendered":"<p><strong>Wysoce skuteczny profesjonalny uniwersalny uszczelniacz do &#8220;twardych&#8221; \/ niech\u0142onnych powierzchni, takich jak<\/strong><\/p>\n<p>\u2713 Szk\u0142o<\/p>\n<p>\u2713 Powierzchnie ceramiczne<\/p>\n<p>\u2713 Powierzchnie plastikowe<\/p>\n<p>\u2713 Powierzchnie metalowe<\/p>\n<p>\u2713 Z efektem \u0142atwego czyszczenia<\/p>\n","protected":false},"featured_media":18223,"template":"","meta":{"_acf_changed":false,"neve_meta_sidebar":"","neve_meta_container":"","neve_meta_enable_content_width":"","neve_meta_content_width":0,"neve_meta_title_alignment":"","neve_meta_author_avatar":"","neve_post_elements_order":"","neve_meta_disable_header":"","neve_meta_disable_footer":"","neve_meta_disable_title":"","neve_meta_reading_time":"","_surfaces":[],"_ver_product_tabs":[],"footnotes":""},"product_brand":[],"product_cat":[2484],"product_tag":[],"class_list":{"0":"post-23583","1":"product","2":"type-product","3":"status-publish","4":"has-post-thumbnail","6":"product_cat-uszczelka-uniwersalna","8":"first","9":"instock","10":"taxable","11":"shipping-taxable","12":"purchasable","13":"product-type-simple"},"acf":[],"yoast_head":"<!-- This site is optimized with the Yoast SEO Premium plugin v22.8 (Yoast SEO v27.5) - https:\/\/yoast.com\/product\/yoast-seo-premium-wordpress\/ -->\n<title>Uniwersalne uszczelnienie 673 do powierzchni \u201etwardych\u201d\/nienasi\u0105kliwych (farba\/tworzywo sztuczne +++, szk\u0142o\/ceramika ++, metal\/stal nierdzewna ++) - versiegelung24.com<\/title>\n<meta name=\"robots\" content=\"index, follow, max-snippet:-1, max-image-preview:large, max-video-preview:-1\" \/>\n<link rel=\"canonical\" href=\"https:\/\/www.versiegelung24.com\/pl\/uniwersalne-uszczelniajace-673-do-twardych-nienasiakliwych-powierzchni-lakierow-tworzywa-szklano-ceramika-metal-stal-nierdzewna.html\" \/>\n<meta property=\"og:locale\" content=\"pl_PL\" \/>\n<meta property=\"og:type\" content=\"article\" \/>\n<meta property=\"og:title\" content=\"Uniwersalne uszczelnienie 673 do powierzchni \u201etwardych\u201d\/nienasi\u0105kliwych (farba\/tworzywo sztuczne +++, szk\u0142o\/ceramika ++, metal\/stal nierdzewna ++)\" \/>\n<meta property=\"og:description\" content=\"Wysoce skuteczny profesjonalny uniwersalny uszczelniacz do &quot;twardych&quot; \/ niech\u0142onnych powierzchni, takich jak \u2713 Szk\u0142o \u2713 Powierzchnie ceramiczne \u2713 Powierzchnie plastikowe \u2713 Powierzchnie metalowe \u2713 Z efektem \u0142atwego czyszczenia\" \/>\n<meta property=\"og:url\" content=\"https:\/\/www.versiegelung24.com\/pl\/uniwersalne-uszczelniajace-673-do-twardych-nienasiakliwych-powierzchni-lakierow-tworzywa-szklano-ceramika-metal-stal-nierdzewna.html\" \/>\n<meta property=\"og:site_name\" content=\"versiegelung24.com\" \/>\n<meta property=\"article:modified_time\" content=\"2025-01-03T23:13:49+00:00\" \/>\n<meta property=\"og:image\" content=\"https:\/\/www.versiegelung24.com\/wp-content\/uploads\/2020\/06\/produkt-4004-673-1000-Universalversiegelung-673-scaled.jpg\" \/>\n\t<meta property=\"og:image:width\" content=\"2560\" \/>\n\t<meta property=\"og:image:height\" content=\"2560\" \/>\n\t<meta property=\"og:image:type\" content=\"image\/jpeg\" \/>\n<meta name=\"twitter:card\" content=\"summary_large_image\" \/>\n<meta name=\"twitter:label1\" content=\"Cena\" \/>\n\t<meta name=\"twitter:data1\" content=\"99,00&euro;\" \/>\n\t<meta name=\"twitter:label2\" content=\"Dost\u0119pno\u015b\u0107\" \/>\n\t<meta name=\"twitter:data2\" content=\"Dost\u0119pny\" \/>\n<script type=\"application\/ld+json\" class=\"yoast-schema-graph\">{\"@context\":\"https:\\\/\\\/schema.org\",\"@graph\":[{\"@type\":\"WebPage\",\"@id\":\"https:\\\/\\\/www.versiegelung24.com\\\/pl\\\/uniwersalne-uszczelniajace-673-do-twardych-nienasiakliwych-powierzchni-lakierow-tworzywa-szklano-ceramika-metal-stal-nierdzewna.html\",\"url\":\"https:\\\/\\\/www.versiegelung24.com\\\/pl\\\/uniwersalne-uszczelniajace-673-do-twardych-nienasiakliwych-powierzchni-lakierow-tworzywa-szklano-ceramika-metal-stal-nierdzewna.html\",\"name\":\"Uniwersalne uszczelnienie 673 do powierzchni \u201etwardych\u201d\\\/nienasi\u0105kliwych (farba\\\/tworzywo sztuczne +++, szk\u0142o\\\/ceramika ++, metal\\\/stal nierdzewna ++) - versiegelung24.com\",\"isPartOf\":{\"@id\":\"https:\\\/\\\/www.versiegelung24.com\\\/pl\\\/#website\"},\"primaryImageOfPage\":{\"@id\":\"https:\\\/\\\/www.versiegelung24.com\\\/pl\\\/uniwersalne-uszczelniajace-673-do-twardych-nienasiakliwych-powierzchni-lakierow-tworzywa-szklano-ceramika-metal-stal-nierdzewna.html#primaryimage\"},\"image\":{\"@id\":\"https:\\\/\\\/www.versiegelung24.com\\\/pl\\\/uniwersalne-uszczelniajace-673-do-twardych-nienasiakliwych-powierzchni-lakierow-tworzywa-szklano-ceramika-metal-stal-nierdzewna.html#primaryimage\"},\"thumbnailUrl\":\"https:\\\/\\\/www.versiegelung24.com\\\/wp-content\\\/uploads\\\/2020\\\/06\\\/produkt-4004-673-1000-Universalversiegelung-673-scaled.jpg\",\"datePublished\":\"2021-08-02T19:46:13+00:00\",\"dateModified\":\"2025-01-03T23:13:49+00:00\",\"breadcrumb\":{\"@id\":\"https:\\\/\\\/www.versiegelung24.com\\\/pl\\\/uniwersalne-uszczelniajace-673-do-twardych-nienasiakliwych-powierzchni-lakierow-tworzywa-szklano-ceramika-metal-stal-nierdzewna.html#breadcrumb\"},\"inLanguage\":\"pl-PL\",\"potentialAction\":[{\"@type\":\"ReadAction\",\"target\":[\"https:\\\/\\\/www.versiegelung24.com\\\/pl\\\/uniwersalne-uszczelniajace-673-do-twardych-nienasiakliwych-powierzchni-lakierow-tworzywa-szklano-ceramika-metal-stal-nierdzewna.html\"]}]},{\"@type\":\"ImageObject\",\"inLanguage\":\"pl-PL\",\"@id\":\"https:\\\/\\\/www.versiegelung24.com\\\/pl\\\/uniwersalne-uszczelniajace-673-do-twardych-nienasiakliwych-powierzchni-lakierow-tworzywa-szklano-ceramika-metal-stal-nierdzewna.html#primaryimage\",\"url\":\"https:\\\/\\\/www.versiegelung24.com\\\/wp-content\\\/uploads\\\/2020\\\/06\\\/produkt-4004-673-1000-Universalversiegelung-673-scaled.jpg\",\"contentUrl\":\"https:\\\/\\\/www.versiegelung24.com\\\/wp-content\\\/uploads\\\/2020\\\/06\\\/produkt-4004-673-1000-Universalversiegelung-673-scaled.jpg\",\"width\":2560,\"height\":2560},{\"@type\":\"BreadcrumbList\",\"@id\":\"https:\\\/\\\/www.versiegelung24.com\\\/pl\\\/uniwersalne-uszczelniajace-673-do-twardych-nienasiakliwych-powierzchni-lakierow-tworzywa-szklano-ceramika-metal-stal-nierdzewna.html#breadcrumb\",\"itemListElement\":[{\"@type\":\"ListItem\",\"position\":1,\"name\":\"Strona g\u0142\u00f3wna\",\"item\":\"https:\\\/\\\/www.versiegelung24.com\\\/pl\\\/przod\\\/\"},{\"@type\":\"ListItem\",\"position\":2,\"name\":\"Sklep\",\"item\":\"https:\\\/\\\/www.versiegelung24.com\\\/pl\\\/sklep\\\/\"},{\"@type\":\"ListItem\",\"position\":3,\"name\":\"Uniwersalne uszczelnienie 673 do powierzchni \u201etwardych\u201d\\\/nienasi\u0105kliwych (farba\\\/tworzywo sztuczne +++, szk\u0142o\\\/ceramika ++, metal\\\/stal nierdzewna ++)\"}]},{\"@type\":\"WebSite\",\"@id\":\"https:\\\/\\\/www.versiegelung24.com\\\/pl\\\/#website\",\"url\":\"https:\\\/\\\/www.versiegelung24.com\\\/pl\\\/\",\"name\":\"versiegelung24.com\",\"description\":\"Fl\u00fcssigglas-Versiegelung - Made in Germany\",\"publisher\":{\"@id\":\"https:\\\/\\\/www.versiegelung24.com\\\/pl\\\/#organization\"},\"potentialAction\":[{\"@type\":\"SearchAction\",\"target\":{\"@type\":\"EntryPoint\",\"urlTemplate\":\"https:\\\/\\\/www.versiegelung24.com\\\/pl\\\/?s={search_term_string}\"},\"query-input\":{\"@type\":\"PropertyValueSpecification\",\"valueRequired\":true,\"valueName\":\"search_term_string\"}}],\"inLanguage\":\"pl-PL\"},{\"@type\":\"Organization\",\"@id\":\"https:\\\/\\\/www.versiegelung24.com\\\/pl\\\/#organization\",\"name\":\"versiegelung24\",\"url\":\"https:\\\/\\\/www.versiegelung24.com\\\/pl\\\/\",\"logo\":{\"@type\":\"ImageObject\",\"inLanguage\":\"pl-PL\",\"@id\":\"https:\\\/\\\/www.versiegelung24.com\\\/pl\\\/#\\\/schema\\\/logo\\\/image\\\/\",\"url\":\"https:\\\/\\\/www.versiegelung24.com\\\/wp-content\\\/uploads\\\/2020\\\/04\\\/versiegelung24.png\",\"contentUrl\":\"https:\\\/\\\/www.versiegelung24.com\\\/wp-content\\\/uploads\\\/2020\\\/04\\\/versiegelung24.png\",\"width\":470,\"height\":102,\"caption\":\"versiegelung24\"},\"image\":{\"@id\":\"https:\\\/\\\/www.versiegelung24.com\\\/pl\\\/#\\\/schema\\\/logo\\\/image\\\/\"}}]}<\/script>\n<meta property=\"product:price:amount\" content=\"99.00\" \/>\n<meta property=\"product:price:currency\" content=\"EUR\" \/>\n<meta property=\"og:availability\" content=\"instock\" \/>\n<meta property=\"product:availability\" content=\"instock\" \/>\n<meta property=\"product:retailer_item_id\" content=\"4004-673-1000\" \/>\n<meta property=\"product:condition\" content=\"new\" \/>\n<!-- \/ Yoast SEO Premium plugin. -->","yoast_head_json":{"title":"Uniwersalne uszczelnienie 673 do powierzchni \u201etwardych\u201d\/nienasi\u0105kliwych (farba\/tworzywo sztuczne +++, szk\u0142o\/ceramika ++, metal\/stal nierdzewna ++) - versiegelung24.com","robots":{"index":"index","follow":"follow","max-snippet":"max-snippet:-1","max-image-preview":"max-image-preview:large","max-video-preview":"max-video-preview:-1"},"canonical":"https:\/\/www.versiegelung24.com\/pl\/uniwersalne-uszczelniajace-673-do-twardych-nienasiakliwych-powierzchni-lakierow-tworzywa-szklano-ceramika-metal-stal-nierdzewna.html","og_locale":"pl_PL","og_type":"article","og_title":"Uniwersalne uszczelnienie 673 do powierzchni \u201etwardych\u201d\/nienasi\u0105kliwych (farba\/tworzywo sztuczne +++, szk\u0142o\/ceramika ++, metal\/stal nierdzewna ++)","og_description":"Wysoce skuteczny profesjonalny uniwersalny uszczelniacz do \"twardych\" \/ niech\u0142onnych powierzchni, takich jak \u2713 Szk\u0142o \u2713 Powierzchnie ceramiczne \u2713 Powierzchnie plastikowe \u2713 Powierzchnie metalowe \u2713 Z efektem \u0142atwego czyszczenia","og_url":"https:\/\/www.versiegelung24.com\/pl\/uniwersalne-uszczelniajace-673-do-twardych-nienasiakliwych-powierzchni-lakierow-tworzywa-szklano-ceramika-metal-stal-nierdzewna.html","og_site_name":"versiegelung24.com","article_modified_time":"2025-01-03T23:13:49+00:00","og_image":[{"width":2560,"height":2560,"url":"https:\/\/www.versiegelung24.com\/wp-content\/uploads\/2020\/06\/produkt-4004-673-1000-Universalversiegelung-673-scaled.jpg","type":"image\/jpeg"}],"twitter_card":"summary_large_image","twitter_misc":{"Cena":"99,00&euro;","Dost\u0119pno\u015b\u0107":"Dost\u0119pny"},"schema":{"@context":"https:\/\/schema.org","@graph":[{"@type":"WebPage","@id":"https:\/\/www.versiegelung24.com\/pl\/uniwersalne-uszczelniajace-673-do-twardych-nienasiakliwych-powierzchni-lakierow-tworzywa-szklano-ceramika-metal-stal-nierdzewna.html","url":"https:\/\/www.versiegelung24.com\/pl\/uniwersalne-uszczelniajace-673-do-twardych-nienasiakliwych-powierzchni-lakierow-tworzywa-szklano-ceramika-metal-stal-nierdzewna.html","name":"Uniwersalne uszczelnienie 673 do powierzchni \u201etwardych\u201d\/nienasi\u0105kliwych (farba\/tworzywo sztuczne +++, szk\u0142o\/ceramika ++, metal\/stal nierdzewna ++) - versiegelung24.com","isPartOf":{"@id":"https:\/\/www.versiegelung24.com\/pl\/#website"},"primaryImageOfPage":{"@id":"https:\/\/www.versiegelung24.com\/pl\/uniwersalne-uszczelniajace-673-do-twardych-nienasiakliwych-powierzchni-lakierow-tworzywa-szklano-ceramika-metal-stal-nierdzewna.html#primaryimage"},"image":{"@id":"https:\/\/www.versiegelung24.com\/pl\/uniwersalne-uszczelniajace-673-do-twardych-nienasiakliwych-powierzchni-lakierow-tworzywa-szklano-ceramika-metal-stal-nierdzewna.html#primaryimage"},"thumbnailUrl":"https:\/\/www.versiegelung24.com\/wp-content\/uploads\/2020\/06\/produkt-4004-673-1000-Universalversiegelung-673-scaled.jpg","datePublished":"2021-08-02T19:46:13+00:00","dateModified":"2025-01-03T23:13:49+00:00","breadcrumb":{"@id":"https:\/\/www.versiegelung24.com\/pl\/uniwersalne-uszczelniajace-673-do-twardych-nienasiakliwych-powierzchni-lakierow-tworzywa-szklano-ceramika-metal-stal-nierdzewna.html#breadcrumb"},"inLanguage":"pl-PL","potentialAction":[{"@type":"ReadAction","target":["https:\/\/www.versiegelung24.com\/pl\/uniwersalne-uszczelniajace-673-do-twardych-nienasiakliwych-powierzchni-lakierow-tworzywa-szklano-ceramika-metal-stal-nierdzewna.html"]}]},{"@type":"ImageObject","inLanguage":"pl-PL","@id":"https:\/\/www.versiegelung24.com\/pl\/uniwersalne-uszczelniajace-673-do-twardych-nienasiakliwych-powierzchni-lakierow-tworzywa-szklano-ceramika-metal-stal-nierdzewna.html#primaryimage","url":"https:\/\/www.versiegelung24.com\/wp-content\/uploads\/2020\/06\/produkt-4004-673-1000-Universalversiegelung-673-scaled.jpg","contentUrl":"https:\/\/www.versiegelung24.com\/wp-content\/uploads\/2020\/06\/produkt-4004-673-1000-Universalversiegelung-673-scaled.jpg","width":2560,"height":2560},{"@type":"BreadcrumbList","@id":"https:\/\/www.versiegelung24.com\/pl\/uniwersalne-uszczelniajace-673-do-twardych-nienasiakliwych-powierzchni-lakierow-tworzywa-szklano-ceramika-metal-stal-nierdzewna.html#breadcrumb","itemListElement":[{"@type":"ListItem","position":1,"name":"Strona g\u0142\u00f3wna","item":"https:\/\/www.versiegelung24.com\/pl\/przod\/"},{"@type":"ListItem","position":2,"name":"Sklep","item":"https:\/\/www.versiegelung24.com\/pl\/sklep\/"},{"@type":"ListItem","position":3,"name":"Uniwersalne uszczelnienie 673 do powierzchni \u201etwardych\u201d\/nienasi\u0105kliwych (farba\/tworzywo sztuczne +++, szk\u0142o\/ceramika ++, metal\/stal nierdzewna ++)"}]},{"@type":"WebSite","@id":"https:\/\/www.versiegelung24.com\/pl\/#website","url":"https:\/\/www.versiegelung24.com\/pl\/","name":"versiegelung24.com","description":"Fl\u00fcssigglas-Versiegelung - Made in Germany","publisher":{"@id":"https:\/\/www.versiegelung24.com\/pl\/#organization"},"potentialAction":[{"@type":"SearchAction","target":{"@type":"EntryPoint","urlTemplate":"https:\/\/www.versiegelung24.com\/pl\/?s={search_term_string}"},"query-input":{"@type":"PropertyValueSpecification","valueRequired":true,"valueName":"search_term_string"}}],"inLanguage":"pl-PL"},{"@type":"Organization","@id":"https:\/\/www.versiegelung24.com\/pl\/#organization","name":"versiegelung24","url":"https:\/\/www.versiegelung24.com\/pl\/","logo":{"@type":"ImageObject","inLanguage":"pl-PL","@id":"https:\/\/www.versiegelung24.com\/pl\/#\/schema\/logo\/image\/","url":"https:\/\/www.versiegelung24.com\/wp-content\/uploads\/2020\/04\/versiegelung24.png","contentUrl":"https:\/\/www.versiegelung24.com\/wp-content\/uploads\/2020\/04\/versiegelung24.png","width":470,"height":102,"caption":"versiegelung24"},"image":{"@id":"https:\/\/www.versiegelung24.com\/pl\/#\/schema\/logo\/image\/"}}]},"product_price_amount":"99.00","product_price_currency":"EUR","og_availability":"instock","product_availability":"instock","product_retailer_item_id":"4004-673-1000","product_condition":"new"},"_links":{"self":[{"href":"https:\/\/www.versiegelung24.com\/pl\/wp-json\/wp\/v2\/product\/23583","targetHints":{"allow":["GET"]}}],"collection":[{"href":"https:\/\/www.versiegelung24.com\/pl\/wp-json\/wp\/v2\/product"}],"about":[{"href":"https:\/\/www.versiegelung24.com\/pl\/wp-json\/wp\/v2\/types\/product"}],"version-history":[{"count":15,"href":"https:\/\/www.versiegelung24.com\/pl\/wp-json\/wp\/v2\/product\/23583\/revisions"}],"predecessor-version":[{"id":177903,"href":"https:\/\/www.versiegelung24.com\/pl\/wp-json\/wp\/v2\/product\/23583\/revisions\/177903"}],"wp:featuredmedia":[{"embeddable":true,"href":"https:\/\/www.versiegelung24.com\/pl\/wp-json\/wp\/v2\/media\/18223"}],"wp:attachment":[{"href":"https:\/\/www.versiegelung24.com\/pl\/wp-json\/wp\/v2\/media?parent=23583"}],"wp:term":[{"taxonomy":"product_brand","embeddable":true,"href":"https:\/\/www.versiegelung24.com\/pl\/wp-json\/wp\/v2\/product_brand?post=23583"},{"taxonomy":"product_cat","embeddable":true,"href":"https:\/\/www.versiegelung24.com\/pl\/wp-json\/wp\/v2\/product_cat?post=23583"},{"taxonomy":"product_tag","embeddable":true,"href":"https:\/\/www.versiegelung24.com\/pl\/wp-json\/wp\/v2\/product_tag?post=23583"}],"curies":[{"name":"wp","href":"https:\/\/api.w.org\/{rel}","templated":true}]}}