{"id":23636,"date":"2020-04-04T18:53:41","date_gmt":"2020-04-04T16:53:41","guid":{"rendered":"https:\/\/www.versiegelung24.com\/produkt\/bioetanol-966-do-profesjonalnego-czyszczenia-wstepnego"},"modified":"2025-01-13T17:00:11","modified_gmt":"2025-01-13T16:00:11","slug":"bioetanol-966-do-profesjonalnego-czyszczenia-wstepnego","status":"publish","type":"product","link":"https:\/\/www.versiegelung24.com\/pl\/bioetanol-966-do-profesjonalnego-czyszczenia-wstepnego.html","title":{"rendered":"Bioetanol 96,6% do profesjonalnego czyszczenia wst\u0119pnego"},"content":{"rendered":"\n<h4 class=\"wp-block-heading\" id=\"h-beschreibung\">Opis<\/h4>\n\n<p>Bioetanol o jako\u015bci technicznej 96,6% odpowiedni do gruntownego czyszczenia wst\u0119pnego i odt\u0142uszczania powierzchni niech\u0142onnych. <\/p>\n\n<p>Mo\u017ce by\u0107 bardzo dobrze stosowany w po\u0142\u0105czeniu z naszym biologicznym, wolnym od pozosta\u0142o\u015bci <a href=\"https:\/\/www.versiegelung24.com\/pl\/biosativa-biological-pre-cleaner.html\">\u015brodkiem czyszcz\u0105cym BIOSATIVA<\/a> \u00ae do przygotowania np. szk\u0142a, ceramiki, powierzchni malowanych do zastosowania naszych uszczelnie\u0144 powierzchniowych.<\/p>\n\n<hr \/>\n\n<h4 class=\"wp-block-heading\" id=\"properties\">Cechy produktu<\/h4>\n\n<p>\u2713 Bioetanol wytworzony w 100% z kukurydzy i burak\u00f3w cukrowych<\/p>\n\n<p>\u2713 Produkcja regionalna ze sk\u0142adnikami z Europy<\/p>\n\n<p>\u2713 Produkcja wed\u0142ug wysokich wytycznych europejskich<\/p>\n\n<p>\u2713 Bezpiecze\u0144stwo i jako\u015b\u0107 dzi\u0119ki wysokim standardom<\/p>\n\n<p>Wysoka czysto\u015b\u0107, z 1% MEK, 1% izopropanolem i ca\u0142kowicie denaturowanym bioetanolem Bitrex 96,6% (alkohol etylenowy) ze zr\u00f3wnowa\u017conej produkcji (biomasa).<\/p>\n\n<hr \/>\n\n<h4 class=\"wp-block-heading\" id=\"application\">Zastosowanie<\/h4>\n\n<p>Do czyszczenia g\u0142adkich, niech\u0142onnych powierzchni zalecamy dwuetapowe czyszczenie:<\/p>\n\n<p>1. Intensywne wst\u0119pne czyszczenie powierzchni za pomoc\u0105 konwencjonalnego \u015brodka czyszcz\u0105cego bez pozosta\u0142o\u015bci lub naszego biologicznego <a href=\"https:\/\/www.versiegelung24.com\/pl\/biosativa-biological-pre-cleaner.html\">koncentratu do czyszczenia BIOSATIVA<\/a> <a href=\"https:\/\/www.versiegelung24.com\/biosativa-biologischer-vorreiniger.html\">\u00ae<\/a><\/p>\n\n<p>2. Po zako\u0144czeniu procesu czyszczenia ponownie oczy\u015b\u0107 powierzchni\u0119 bioetanolem 96,6%, aby usun\u0105\u0107 wszelkie zabrudzenia, a powierzchnia by\u0142a ca\u0142kowicie odt\u0142uszczona. Powtarzaj ten proces, a\u017c na \u015bciereczce z mikrofibry nie b\u0119d\u0105 ju\u017c resztki brudu.<\/p>\n\n<p>Po kr\u00f3tkim czasie odparowania wszelkich pozosta\u0142o\u015bci alkoholu na powierzchni, mo\u017cna przyst\u0105pi\u0107 do nak\u0142adania naszych nanopow\u0142ok i impregnat\u00f3w.<\/p>\n\n<p><em>Zasadniczo przy ka\u017cdym czyszczeniu i uszczelnianiu powierzchni nale\u017cy zawsze przeprowadzi\u0107 test na niewidocznym miejscu, aby okre\u015bli\u0107 zgodno\u015b\u0107 powierzchni z zastosowanymi \u015brodkami.<\/em><\/p>\n\n<hr \/>\n\n<h4 class=\"wp-block-heading\" id=\"advisor\">Doradca<\/h4>\n\n<p><strong>Bio-etanol 96,6% &#8211; idealny do komink\u00f3w sto\u0142owych<\/strong><\/p>\n\n<p>Tak r\u00f3\u017cne jak nasze gusta, biokominki sta\u0142y si\u0119 nieodzowne w wielu domach. Butelki o pojemno\u015bci 1 litra s\u0105 idealne dla okazjonalnych u\u017cytkownik\u00f3w lub pocz\u0105tkuj\u0105cych u\u017cytkownik\u00f3w, kt\u00f3rzy chc\u0105 zapozna\u0107 si\u0119 z biokominkiem lub naszym p\u0142ynnym biopaliwem.<\/p>\n\n<p><strong>Na jak d\u0142ugo starcza 1 litr bioetanolu?<\/strong><\/p>\n\n<p>\u015aredni czas spalania 1 litra 96,6% bioetanolu to oko\u0142o 2 do 3 godzin. Ale nie mo\u017cna tego dok\u0142adnie powiedzie\u0107, poniewa\u017c czas palenia zale\u017cy od powierzchni, na kt\u00f3rej pali si\u0119 ciecz. Im wi\u0119ksza powierzchnia, tym szybciej spala si\u0119 bioetanol premium.<\/p>\n\n<hr \/>\n\n<h4 class=\"wp-block-heading\" id=\"faq\">FAQ<\/h4>\n\n<div class=\"schema-faq wp-block-yoast-faq-block\"><div class=\"schema-faq-section\" id=\"faq-question-1645793617330\"><strong class=\"schema-faq-question\">Czy bioetanol jest dopuszczony do u\u017cytku w sektorze medycznym?<\/strong> <p class=\"schema-faq-answer\">Nie! Je\u015bli szukasz \u015brodka do dezynfekcji powierzchni, wi\u0119cej informacji znajdziesz tutaj: <a href=\"https:\/\/www.versiegelung24.com\/desinfektionsmittel\/\">Przegl\u0105d \u015brodk\u00f3w dezynfekuj\u0105cych<\/a><\/p> <\/div> <div class=\"schema-faq-section\" id=\"faq-question-1645793819353\"><strong class=\"schema-faq-question\">Jak niebezpieczny jest bioetanol?<\/strong> <p class=\"schema-faq-answer\">Spalanie wytwarza par\u0119 wodn\u0105 (H2O) i dwutlenek w\u0119gla (CO2), tak jak robimy to podczas oddychania. Bioetanol 96,6% spala si\u0119 bez zapachu i bez pozosta\u0142o\u015bci. Podczas u\u017cytkowania w kominkach nale\u017cy zawsze przestrzega\u0107 dok\u0142adnych ostrze\u017ce\u0144 o zagro\u017ceniach!<br>Bioetanol 96,6% jest wysoce \u0142atwopalny. Stosowany jako \u015brodek czyszcz\u0105cy, wytwarzaj\u0105 si\u0119 \u0142atwo palne gazy. <br><\/p> <\/div> <div class=\"schema-faq-section\" id=\"faq-question-1645794918526\"><strong class=\"schema-faq-question\">Czy bioetanol (stosowany jako \u015brodek czyszcz\u0105cy) mo\u017ce atakowa\u0107 powierzchnie?<\/strong> <p class=\"schema-faq-answer\">W szczeg\u00f3lno\u015bci nale\u017cy zachowa\u0107 ostro\u017cno\u015b\u0107 w przypadku tworzyw sztucznych. Mi\u0119kkie tworzywa sztuczne, takie jak uszczelki i w\u0119\u017ce, mog\u0105 reagowa\u0107 z plastyfikatorami i uszkadza\u0107 powierzchnie lub materia\u0142y.<br><br>Zasadniczo, podczas czyszczenia powierzchni, test nale\u017cy zawsze najpierw przeprowadzi\u0107 na niewidocznym miejscu.<\/p> <\/div> <\/div>\n","protected":false},"excerpt":{"rendered":"<p>\u2713 Bioetanol wytworzony w 100% z kukurydzy i burak\u00f3w cukrowych<\/p>\n<p>\u2713 Produkcja regionalna ze sk\u0142adnikami z Europy<\/p>\n<p>\u2713 Produkcja wed\u0142ug wysokich wytycznych europejskich<\/p>\n<p>\u2713 Bezpiecze\u0144stwo i jako\u015b\u0107 dzi\u0119ki wysokim standardom<\/p>\n","protected":false},"featured_media":65158,"template":"","meta":{"_acf_changed":false,"neve_meta_sidebar":"","neve_meta_container":"","neve_meta_enable_content_width":"","neve_meta_content_width":0,"neve_meta_title_alignment":"","neve_meta_author_avatar":"","neve_post_elements_order":"","neve_meta_disable_header":"","neve_meta_disable_footer":"","neve_meta_disable_title":"","neve_meta_reading_time":"","_surfaces":[],"_ver_product_tabs":[],"footnotes":""},"product_brand":[],"product_cat":[2219,2408,2418,2622,2170],"product_tag":[],"class_list":{"0":"post-23636","1":"product","2":"type-product","3":"status-publish","4":"has-post-thumbnail","6":"product_cat-uszczelnianie-do-szkla-i-ceramiki","7":"product_cat-uszczelnienie-metalowe-i-plastikowe","8":"product_cat-srodki-czystosci","9":"product_cat-bioetanol-pl","10":"product_cat-uszczelnianie-samochodu","12":"first","13":"instock","14":"taxable","15":"shipping-taxable","16":"purchasable","17":"product-type-simple"},"acf":[],"yoast_head":"<!-- This site is optimized with the Yoast SEO Premium plugin v22.8 (Yoast SEO v27.5) - https:\/\/yoast.com\/product\/yoast-seo-premium-wordpress\/ -->\n<title>Bioetanol 96,6% do profesjonalnego czyszczenia wst\u0119pnego - versiegelung24.com<\/title>\n<meta name=\"robots\" content=\"index, follow, max-snippet:-1, max-image-preview:large, max-video-preview:-1\" \/>\n<link rel=\"canonical\" href=\"https:\/\/www.versiegelung24.com\/pl\/bioetanol-966-do-profesjonalnego-czyszczenia-wstepnego.html\" \/>\n<meta property=\"og:locale\" content=\"pl_PL\" \/>\n<meta property=\"og:type\" content=\"article\" \/>\n<meta property=\"og:title\" content=\"Bioetanol 96,6% do profesjonalnego czyszczenia wst\u0119pnego\" \/>\n<meta property=\"og:description\" content=\"\u2713 Bioetanol wytworzony w 100% z kukurydzy i burak\u00f3w cukrowych \u2713 Produkcja regionalna ze sk\u0142adnikami z Europy \u2713 Produkcja wed\u0142ug wysokich wytycznych europejskich \u2713 Bezpiecze\u0144stwo i jako\u015b\u0107 dzi\u0119ki wysokim standardom\" \/>\n<meta property=\"og:url\" content=\"https:\/\/www.versiegelung24.com\/pl\/bioetanol-966-do-profesjonalnego-czyszczenia-wstepnego.html\" \/>\n<meta property=\"og:site_name\" content=\"versiegelung24.com\" \/>\n<meta property=\"article:modified_time\" content=\"2025-01-13T16:00:11+00:00\" \/>\n<meta property=\"og:image\" content=\"https:\/\/www.versiegelung24.com\/wp-content\/uploads\/2020\/04\/produkt_9100-950-1000-bioethanol-flasche.jpeg\" \/>\n\t<meta property=\"og:image:width\" content=\"2560\" \/>\n\t<meta property=\"og:image:height\" content=\"2560\" \/>\n\t<meta property=\"og:image:type\" content=\"image\/jpeg\" \/>\n<meta name=\"twitter:card\" content=\"summary_large_image\" \/>\n<meta name=\"twitter:label1\" content=\"Cena\" \/>\n\t<meta name=\"twitter:data1\" content=\"9,99&euro;\" \/>\n\t<meta name=\"twitter:label2\" content=\"Dost\u0119pno\u015b\u0107\" \/>\n\t<meta name=\"twitter:data2\" content=\"Dost\u0119pny\" \/>\n<script type=\"application\/ld+json\" class=\"yoast-schema-graph\">{\"@context\":\"https:\\\/\\\/schema.org\",\"@graph\":[{\"@type\":[\"WebPage\",\"FAQPage\"],\"@id\":\"https:\\\/\\\/www.versiegelung24.com\\\/pl\\\/bioetanol-966-do-profesjonalnego-czyszczenia-wstepnego.html\",\"url\":\"https:\\\/\\\/www.versiegelung24.com\\\/pl\\\/bioetanol-966-do-profesjonalnego-czyszczenia-wstepnego.html\",\"name\":\"Bioetanol 96,6% do profesjonalnego czyszczenia wst\u0119pnego - versiegelung24.com\",\"isPartOf\":{\"@id\":\"https:\\\/\\\/www.versiegelung24.com\\\/pl\\\/#website\"},\"primaryImageOfPage\":{\"@id\":\"https:\\\/\\\/www.versiegelung24.com\\\/pl\\\/bioetanol-966-do-profesjonalnego-czyszczenia-wstepnego.html#primaryimage\"},\"image\":{\"@id\":\"https:\\\/\\\/www.versiegelung24.com\\\/pl\\\/bioetanol-966-do-profesjonalnego-czyszczenia-wstepnego.html#primaryimage\"},\"thumbnailUrl\":\"https:\\\/\\\/www.versiegelung24.com\\\/wp-content\\\/uploads\\\/2020\\\/04\\\/produkt_9100-950-1000-bioethanol-flasche.jpeg\",\"datePublished\":\"2020-04-04T16:53:41+00:00\",\"dateModified\":\"2025-01-13T16:00:11+00:00\",\"breadcrumb\":{\"@id\":\"https:\\\/\\\/www.versiegelung24.com\\\/pl\\\/bioetanol-966-do-profesjonalnego-czyszczenia-wstepnego.html#breadcrumb\"},\"mainEntity\":[{\"@id\":\"https:\\\/\\\/www.versiegelung24.com\\\/pl\\\/bioetanol-966-do-profesjonalnego-czyszczenia-wstepnego.html#faq-question-1645793617330\"},{\"@id\":\"https:\\\/\\\/www.versiegelung24.com\\\/pl\\\/bioetanol-966-do-profesjonalnego-czyszczenia-wstepnego.html#faq-question-1645793819353\"},{\"@id\":\"https:\\\/\\\/www.versiegelung24.com\\\/pl\\\/bioetanol-966-do-profesjonalnego-czyszczenia-wstepnego.html#faq-question-1645794918526\"}],\"inLanguage\":\"pl-PL\",\"potentialAction\":[{\"@type\":\"ReadAction\",\"target\":[\"https:\\\/\\\/www.versiegelung24.com\\\/pl\\\/bioetanol-966-do-profesjonalnego-czyszczenia-wstepnego.html\"]}]},{\"@type\":\"ImageObject\",\"inLanguage\":\"pl-PL\",\"@id\":\"https:\\\/\\\/www.versiegelung24.com\\\/pl\\\/bioetanol-966-do-profesjonalnego-czyszczenia-wstepnego.html#primaryimage\",\"url\":\"https:\\\/\\\/www.versiegelung24.com\\\/wp-content\\\/uploads\\\/2020\\\/04\\\/produkt_9100-950-1000-bioethanol-flasche.jpeg\",\"contentUrl\":\"https:\\\/\\\/www.versiegelung24.com\\\/wp-content\\\/uploads\\\/2020\\\/04\\\/produkt_9100-950-1000-bioethanol-flasche.jpeg\",\"width\":2560,\"height\":2560},{\"@type\":\"BreadcrumbList\",\"@id\":\"https:\\\/\\\/www.versiegelung24.com\\\/pl\\\/bioetanol-966-do-profesjonalnego-czyszczenia-wstepnego.html#breadcrumb\",\"itemListElement\":[{\"@type\":\"ListItem\",\"position\":1,\"name\":\"Strona g\u0142\u00f3wna\",\"item\":\"https:\\\/\\\/www.versiegelung24.com\\\/pl\\\/przod\\\/\"},{\"@type\":\"ListItem\",\"position\":2,\"name\":\"Sklep\",\"item\":\"https:\\\/\\\/www.versiegelung24.com\\\/pl\\\/sklep\\\/\"},{\"@type\":\"ListItem\",\"position\":3,\"name\":\"Bioetanol 96,6% do profesjonalnego czyszczenia wst\u0119pnego\"}]},{\"@type\":\"WebSite\",\"@id\":\"https:\\\/\\\/www.versiegelung24.com\\\/pl\\\/#website\",\"url\":\"https:\\\/\\\/www.versiegelung24.com\\\/pl\\\/\",\"name\":\"versiegelung24.com\",\"description\":\"Fl\u00fcssigglas-Versiegelung - Made in Germany\",\"publisher\":{\"@id\":\"https:\\\/\\\/www.versiegelung24.com\\\/pl\\\/#organization\"},\"potentialAction\":[{\"@type\":\"SearchAction\",\"target\":{\"@type\":\"EntryPoint\",\"urlTemplate\":\"https:\\\/\\\/www.versiegelung24.com\\\/pl\\\/?s={search_term_string}\"},\"query-input\":{\"@type\":\"PropertyValueSpecification\",\"valueRequired\":true,\"valueName\":\"search_term_string\"}}],\"inLanguage\":\"pl-PL\"},{\"@type\":\"Organization\",\"@id\":\"https:\\\/\\\/www.versiegelung24.com\\\/pl\\\/#organization\",\"name\":\"versiegelung24\",\"url\":\"https:\\\/\\\/www.versiegelung24.com\\\/pl\\\/\",\"logo\":{\"@type\":\"ImageObject\",\"inLanguage\":\"pl-PL\",\"@id\":\"https:\\\/\\\/www.versiegelung24.com\\\/pl\\\/#\\\/schema\\\/logo\\\/image\\\/\",\"url\":\"https:\\\/\\\/www.versiegelung24.com\\\/wp-content\\\/uploads\\\/2020\\\/04\\\/versiegelung24.png\",\"contentUrl\":\"https:\\\/\\\/www.versiegelung24.com\\\/wp-content\\\/uploads\\\/2020\\\/04\\\/versiegelung24.png\",\"width\":470,\"height\":102,\"caption\":\"versiegelung24\"},\"image\":{\"@id\":\"https:\\\/\\\/www.versiegelung24.com\\\/pl\\\/#\\\/schema\\\/logo\\\/image\\\/\"}},{\"@type\":\"Question\",\"@id\":\"https:\\\/\\\/www.versiegelung24.com\\\/pl\\\/bioetanol-966-do-profesjonalnego-czyszczenia-wstepnego.html#faq-question-1645793617330\",\"position\":1,\"url\":\"https:\\\/\\\/www.versiegelung24.com\\\/pl\\\/bioetanol-966-do-profesjonalnego-czyszczenia-wstepnego.html#faq-question-1645793617330\",\"name\":\"Ist Bioethanol f\u00fcr den medizinischen Bereich zugelassen?\",\"answerCount\":1,\"acceptedAnswer\":{\"@type\":\"Answer\",\"text\":\"Nein! Wenn Sie ein Fl\u00e4chendesinfektionsmittel suchen, finden Sie weitere Informationen hier: <a href=\\\"https:\\\/\\\/www.versiegelung24.com\\\/desinfektionsmittel\\\/\\\">\u00dcbersicht Desinfektionsmittel<\\\/a>\",\"inLanguage\":\"pl-PL\"},\"inLanguage\":\"pl-PL\"},{\"@type\":\"Question\",\"@id\":\"https:\\\/\\\/www.versiegelung24.com\\\/pl\\\/bioetanol-966-do-profesjonalnego-czyszczenia-wstepnego.html#faq-question-1645793819353\",\"position\":2,\"url\":\"https:\\\/\\\/www.versiegelung24.com\\\/pl\\\/bioetanol-966-do-profesjonalnego-czyszczenia-wstepnego.html#faq-question-1645793819353\",\"name\":\"Wie gef\u00e4hrlich ist Bioethanol?\",\"answerCount\":1,\"acceptedAnswer\":{\"@type\":\"Answer\",\"text\":\"Bei der Verbrennung entstehen genau wie bei unserer Atmung Wasserdampf (H2O) und Kohlendioxid (CO2). Bioethanol 96,6% verbrennt geruchs- und r\u00fcckstandsfrei. Bei Nutzung in Feuerstellen sind stets die genauen Gefahrenhinweise zu beachten!<br \\\/>Bioethanol 96,6% ist leicht entz\u00fcndlich. Bei der Nutzung als Reiniger entstehen leicht brennbare Gase. <br \\\/>\",\"inLanguage\":\"pl-PL\"},\"inLanguage\":\"pl-PL\"},{\"@type\":\"Question\",\"@id\":\"https:\\\/\\\/www.versiegelung24.com\\\/pl\\\/bioetanol-966-do-profesjonalnego-czyszczenia-wstepnego.html#faq-question-1645794918526\",\"position\":3,\"url\":\"https:\\\/\\\/www.versiegelung24.com\\\/pl\\\/bioetanol-966-do-profesjonalnego-czyszczenia-wstepnego.html#faq-question-1645794918526\",\"name\":\"Kann Bioethanol (als Reiniger eingesetzt) Oberfl\u00e4chen angreifen?\",\"answerCount\":1,\"acceptedAnswer\":{\"@type\":\"Answer\",\"text\":\"Besonders bei Kunststoffen ist hier mit Achtsamkeit vor zu gehen. Weiche Kunststoffe wie z.B. bei Dichtungen und Schl\u00e4uchen kann dieser mit den Weichmachern reagieren und Oberfl\u00e4chen bzw. Materialien sch\u00e4digen.<br \\\/><br \\\/>Grunds\u00e4tzlich sollte bei der Oberfl\u00e4chenreinigung immer erst ein Test an unauff\u00e4lliger Stelle durchgef\u00fchrt werden.\",\"inLanguage\":\"pl-PL\"},\"inLanguage\":\"pl-PL\"}]}<\/script>\n<meta property=\"product:price:amount\" content=\"9.99\" \/>\n<meta property=\"product:price:currency\" content=\"EUR\" \/>\n<meta property=\"og:availability\" content=\"instock\" \/>\n<meta property=\"product:availability\" content=\"instock\" \/>\n<meta property=\"product:retailer_item_id\" content=\"9100-BE96-1\" \/>\n<meta property=\"product:condition\" content=\"new\" \/>\n<!-- \/ Yoast SEO Premium plugin. -->","yoast_head_json":{"title":"Bioetanol 96,6% do profesjonalnego czyszczenia wst\u0119pnego - versiegelung24.com","robots":{"index":"index","follow":"follow","max-snippet":"max-snippet:-1","max-image-preview":"max-image-preview:large","max-video-preview":"max-video-preview:-1"},"canonical":"https:\/\/www.versiegelung24.com\/pl\/bioetanol-966-do-profesjonalnego-czyszczenia-wstepnego.html","og_locale":"pl_PL","og_type":"article","og_title":"Bioetanol 96,6% do profesjonalnego czyszczenia wst\u0119pnego","og_description":"\u2713 Bioetanol wytworzony w 100% z kukurydzy i burak\u00f3w cukrowych \u2713 Produkcja regionalna ze sk\u0142adnikami z Europy \u2713 Produkcja wed\u0142ug wysokich wytycznych europejskich \u2713 Bezpiecze\u0144stwo i jako\u015b\u0107 dzi\u0119ki wysokim standardom","og_url":"https:\/\/www.versiegelung24.com\/pl\/bioetanol-966-do-profesjonalnego-czyszczenia-wstepnego.html","og_site_name":"versiegelung24.com","article_modified_time":"2025-01-13T16:00:11+00:00","og_image":[{"width":2560,"height":2560,"url":"https:\/\/www.versiegelung24.com\/wp-content\/uploads\/2020\/04\/produkt_9100-950-1000-bioethanol-flasche.jpeg","type":"image\/jpeg"}],"twitter_card":"summary_large_image","twitter_misc":{"Cena":"9,99&euro;","Dost\u0119pno\u015b\u0107":"Dost\u0119pny"},"schema":{"@context":"https:\/\/schema.org","@graph":[{"@type":["WebPage","FAQPage"],"@id":"https:\/\/www.versiegelung24.com\/pl\/bioetanol-966-do-profesjonalnego-czyszczenia-wstepnego.html","url":"https:\/\/www.versiegelung24.com\/pl\/bioetanol-966-do-profesjonalnego-czyszczenia-wstepnego.html","name":"Bioetanol 96,6% do profesjonalnego czyszczenia wst\u0119pnego - versiegelung24.com","isPartOf":{"@id":"https:\/\/www.versiegelung24.com\/pl\/#website"},"primaryImageOfPage":{"@id":"https:\/\/www.versiegelung24.com\/pl\/bioetanol-966-do-profesjonalnego-czyszczenia-wstepnego.html#primaryimage"},"image":{"@id":"https:\/\/www.versiegelung24.com\/pl\/bioetanol-966-do-profesjonalnego-czyszczenia-wstepnego.html#primaryimage"},"thumbnailUrl":"https:\/\/www.versiegelung24.com\/wp-content\/uploads\/2020\/04\/produkt_9100-950-1000-bioethanol-flasche.jpeg","datePublished":"2020-04-04T16:53:41+00:00","dateModified":"2025-01-13T16:00:11+00:00","breadcrumb":{"@id":"https:\/\/www.versiegelung24.com\/pl\/bioetanol-966-do-profesjonalnego-czyszczenia-wstepnego.html#breadcrumb"},"mainEntity":[{"@id":"https:\/\/www.versiegelung24.com\/pl\/bioetanol-966-do-profesjonalnego-czyszczenia-wstepnego.html#faq-question-1645793617330"},{"@id":"https:\/\/www.versiegelung24.com\/pl\/bioetanol-966-do-profesjonalnego-czyszczenia-wstepnego.html#faq-question-1645793819353"},{"@id":"https:\/\/www.versiegelung24.com\/pl\/bioetanol-966-do-profesjonalnego-czyszczenia-wstepnego.html#faq-question-1645794918526"}],"inLanguage":"pl-PL","potentialAction":[{"@type":"ReadAction","target":["https:\/\/www.versiegelung24.com\/pl\/bioetanol-966-do-profesjonalnego-czyszczenia-wstepnego.html"]}]},{"@type":"ImageObject","inLanguage":"pl-PL","@id":"https:\/\/www.versiegelung24.com\/pl\/bioetanol-966-do-profesjonalnego-czyszczenia-wstepnego.html#primaryimage","url":"https:\/\/www.versiegelung24.com\/wp-content\/uploads\/2020\/04\/produkt_9100-950-1000-bioethanol-flasche.jpeg","contentUrl":"https:\/\/www.versiegelung24.com\/wp-content\/uploads\/2020\/04\/produkt_9100-950-1000-bioethanol-flasche.jpeg","width":2560,"height":2560},{"@type":"BreadcrumbList","@id":"https:\/\/www.versiegelung24.com\/pl\/bioetanol-966-do-profesjonalnego-czyszczenia-wstepnego.html#breadcrumb","itemListElement":[{"@type":"ListItem","position":1,"name":"Strona g\u0142\u00f3wna","item":"https:\/\/www.versiegelung24.com\/pl\/przod\/"},{"@type":"ListItem","position":2,"name":"Sklep","item":"https:\/\/www.versiegelung24.com\/pl\/sklep\/"},{"@type":"ListItem","position":3,"name":"Bioetanol 96,6% do profesjonalnego czyszczenia wst\u0119pnego"}]},{"@type":"WebSite","@id":"https:\/\/www.versiegelung24.com\/pl\/#website","url":"https:\/\/www.versiegelung24.com\/pl\/","name":"versiegelung24.com","description":"Fl\u00fcssigglas-Versiegelung - Made in Germany","publisher":{"@id":"https:\/\/www.versiegelung24.com\/pl\/#organization"},"potentialAction":[{"@type":"SearchAction","target":{"@type":"EntryPoint","urlTemplate":"https:\/\/www.versiegelung24.com\/pl\/?s={search_term_string}"},"query-input":{"@type":"PropertyValueSpecification","valueRequired":true,"valueName":"search_term_string"}}],"inLanguage":"pl-PL"},{"@type":"Organization","@id":"https:\/\/www.versiegelung24.com\/pl\/#organization","name":"versiegelung24","url":"https:\/\/www.versiegelung24.com\/pl\/","logo":{"@type":"ImageObject","inLanguage":"pl-PL","@id":"https:\/\/www.versiegelung24.com\/pl\/#\/schema\/logo\/image\/","url":"https:\/\/www.versiegelung24.com\/wp-content\/uploads\/2020\/04\/versiegelung24.png","contentUrl":"https:\/\/www.versiegelung24.com\/wp-content\/uploads\/2020\/04\/versiegelung24.png","width":470,"height":102,"caption":"versiegelung24"},"image":{"@id":"https:\/\/www.versiegelung24.com\/pl\/#\/schema\/logo\/image\/"}},{"@type":"Question","@id":"https:\/\/www.versiegelung24.com\/pl\/bioetanol-966-do-profesjonalnego-czyszczenia-wstepnego.html#faq-question-1645793617330","position":1,"url":"https:\/\/www.versiegelung24.com\/pl\/bioetanol-966-do-profesjonalnego-czyszczenia-wstepnego.html#faq-question-1645793617330","name":"Ist Bioethanol f\u00fcr den medizinischen Bereich zugelassen?","answerCount":1,"acceptedAnswer":{"@type":"Answer","text":"Nein! Wenn Sie ein Fl\u00e4chendesinfektionsmittel suchen, finden Sie weitere Informationen hier: <a href=\"https:\/\/www.versiegelung24.com\/desinfektionsmittel\/\">\u00dcbersicht Desinfektionsmittel<\/a>","inLanguage":"pl-PL"},"inLanguage":"pl-PL"},{"@type":"Question","@id":"https:\/\/www.versiegelung24.com\/pl\/bioetanol-966-do-profesjonalnego-czyszczenia-wstepnego.html#faq-question-1645793819353","position":2,"url":"https:\/\/www.versiegelung24.com\/pl\/bioetanol-966-do-profesjonalnego-czyszczenia-wstepnego.html#faq-question-1645793819353","name":"Wie gef\u00e4hrlich ist Bioethanol?","answerCount":1,"acceptedAnswer":{"@type":"Answer","text":"Bei der Verbrennung entstehen genau wie bei unserer Atmung Wasserdampf (H2O) und Kohlendioxid (CO2). Bioethanol 96,6% verbrennt geruchs- und r\u00fcckstandsfrei. Bei Nutzung in Feuerstellen sind stets die genauen Gefahrenhinweise zu beachten!<br \/>Bioethanol 96,6% ist leicht entz\u00fcndlich. Bei der Nutzung als Reiniger entstehen leicht brennbare Gase. <br \/>","inLanguage":"pl-PL"},"inLanguage":"pl-PL"},{"@type":"Question","@id":"https:\/\/www.versiegelung24.com\/pl\/bioetanol-966-do-profesjonalnego-czyszczenia-wstepnego.html#faq-question-1645794918526","position":3,"url":"https:\/\/www.versiegelung24.com\/pl\/bioetanol-966-do-profesjonalnego-czyszczenia-wstepnego.html#faq-question-1645794918526","name":"Kann Bioethanol (als Reiniger eingesetzt) Oberfl\u00e4chen angreifen?","answerCount":1,"acceptedAnswer":{"@type":"Answer","text":"Besonders bei Kunststoffen ist hier mit Achtsamkeit vor zu gehen. Weiche Kunststoffe wie z.B. bei Dichtungen und Schl\u00e4uchen kann dieser mit den Weichmachern reagieren und Oberfl\u00e4chen bzw. Materialien sch\u00e4digen.<br \/><br \/>Grunds\u00e4tzlich sollte bei der Oberfl\u00e4chenreinigung immer erst ein Test an unauff\u00e4lliger Stelle durchgef\u00fchrt werden.","inLanguage":"pl-PL"},"inLanguage":"pl-PL"}]},"product_price_amount":"9.99","product_price_currency":"EUR","og_availability":"instock","product_availability":"instock","product_retailer_item_id":"9100-BE96-1","product_condition":"new"},"_links":{"self":[{"href":"https:\/\/www.versiegelung24.com\/pl\/wp-json\/wp\/v2\/product\/23636","targetHints":{"allow":["GET"]}}],"collection":[{"href":"https:\/\/www.versiegelung24.com\/pl\/wp-json\/wp\/v2\/product"}],"about":[{"href":"https:\/\/www.versiegelung24.com\/pl\/wp-json\/wp\/v2\/types\/product"}],"version-history":[{"count":49,"href":"https:\/\/www.versiegelung24.com\/pl\/wp-json\/wp\/v2\/product\/23636\/revisions"}],"predecessor-version":[{"id":180702,"href":"https:\/\/www.versiegelung24.com\/pl\/wp-json\/wp\/v2\/product\/23636\/revisions\/180702"}],"wp:featuredmedia":[{"embeddable":true,"href":"https:\/\/www.versiegelung24.com\/pl\/wp-json\/wp\/v2\/media\/65158"}],"wp:attachment":[{"href":"https:\/\/www.versiegelung24.com\/pl\/wp-json\/wp\/v2\/media?parent=23636"}],"wp:term":[{"taxonomy":"product_brand","embeddable":true,"href":"https:\/\/www.versiegelung24.com\/pl\/wp-json\/wp\/v2\/product_brand?post=23636"},{"taxonomy":"product_cat","embeddable":true,"href":"https:\/\/www.versiegelung24.com\/pl\/wp-json\/wp\/v2\/product_cat?post=23636"},{"taxonomy":"product_tag","embeddable":true,"href":"https:\/\/www.versiegelung24.com\/pl\/wp-json\/wp\/v2\/product_tag?post=23636"}],"curies":[{"name":"wp","href":"https:\/\/api.w.org\/{rel}","templated":true}]}}