{"id":23975,"date":"2020-04-04T18:53:46","date_gmt":"2020-04-04T16:53:46","guid":{"rendered":"https:\/\/www.versiegelung24.com\/produkt\/sciereczka-z-mikrofibry-10x10cm-do-profesjonalnego-nakladania-plynnego-szkla"},"modified":"2025-01-06T15:08:18","modified_gmt":"2025-01-06T14:08:18","slug":"sciereczka-z-mikrofibry-10x10cm-do-profesjonalnego-zastosowania-plynu-szkla","status":"publish","type":"product","link":"https:\/\/www.versiegelung24.com\/pl\/sciereczka-z-mikrofibry-10x10cm-do-profesjonalnego-zastosowania-plynu-szkla.html","title":{"rendered":"\u015aciereczka z mikrofibry 10x10cm do profesjonalnego nak\u0142adania p\u0142ynnego szk\u0142a"},"content":{"rendered":"\n<p>\u015aciereczka z mikrofibry do aplikacji naszych produkt\u00f3w uszczelniaj\u0105cych.<\/p>\n\n<p>Ze wzgl\u0119du na nisk\u0105 ch\u0142onno\u015b\u0107 tkaniny idealnie nadaje si\u0119 do zastosowania technologii p\u0142ynnego szk\u0142a.<\/p>\n\n<hr\/>\n\n<h4 class=\"wp-block-heading\" id=\"properties\">Cechy produktu<\/h4>\n\n<div class=\"wp-block-columns is-layout-flex wp-container-core-columns-is-layout-9d6595d7 wp-block-columns-is-layout-flex\">\n<div class=\"wp-block-column is-layout-flow wp-block-column-is-layout-flow\">\n<p>Rozmiar: 10&#215;10 cm<\/p>\n\n\n\n<p>Kolor \u017c\u00f3\u0142ty<\/p>\n<\/div>\n\n\n\n<div class=\"wp-block-column is-layout-flow wp-block-column-is-layout-flow\"><\/div>\n<\/div>\n\n<hr\/>\n\n<h4 class=\"wp-block-heading\" id=\"application\">Zastosowanie<\/h4>\n\n<p>Polecamy nasze do wst\u0119pnego czyszczenia lub p\u00f3\u017aniejszego polerowania<a href=\"https:\/\/www.versiegelung24.com\/mikrofasertuch-30x30cm.html\"> ch\u0142onne \u015bciereczki z mikrofibry<\/a> .<\/p>\n","protected":false},"excerpt":{"rendered":"<p><strong>\u015aciereczka z mikrofibry do nak\u0142adania p\u0142ynnej uszczelki szklanej.<\/strong><\/p>\n","protected":false},"featured_media":184417,"template":"","meta":{"_acf_changed":false,"neve_meta_sidebar":"","neve_meta_container":"","neve_meta_enable_content_width":"","neve_meta_content_width":0,"neve_meta_title_alignment":"","neve_meta_author_avatar":"","neve_post_elements_order":"","neve_meta_disable_header":"","neve_meta_disable_footer":"","neve_meta_disable_title":"","neve_meta_reading_time":"","_surfaces":[],"_ver_product_tabs":[],"footnotes":""},"product_brand":[],"product_cat":[2170,2219,2408,2418,2484,3081],"product_tag":[],"class_list":{"0":"post-23975","1":"product","2":"type-product","3":"status-publish","4":"has-post-thumbnail","6":"product_cat-uszczelnianie-samochodu","7":"product_cat-uszczelnianie-do-szkla-i-ceramiki","8":"product_cat-uszczelnienie-metalowe-i-plastikowe","9":"product_cat-srodki-czystosci","10":"product_cat-uszczelka-uniwersalna","11":"product_cat-ekwipunek","13":"first","14":"instock","15":"taxable","16":"shipping-taxable","17":"purchasable","18":"product-type-simple"},"acf":[],"yoast_head":"<!-- This site is optimized with the Yoast SEO Premium plugin v22.8 (Yoast SEO v27.5) - https:\/\/yoast.com\/product\/yoast-seo-premium-wordpress\/ -->\n<title>\u015aciereczka z mikrofibry 10x10cm do profesjonalnego nak\u0142adania p\u0142ynnego szk\u0142a - versiegelung24.com<\/title>\n<meta name=\"robots\" content=\"index, follow, max-snippet:-1, max-image-preview:large, max-video-preview:-1\" \/>\n<link rel=\"canonical\" href=\"https:\/\/www.versiegelung24.com\/pl\/sciereczka-z-mikrofibry-10x10cm-do-profesjonalnego-zastosowania-plynu-szkla.html\" \/>\n<meta property=\"og:locale\" content=\"pl_PL\" \/>\n<meta property=\"og:type\" content=\"article\" \/>\n<meta property=\"og:title\" content=\"\u015aciereczka z mikrofibry 10x10cm do profesjonalnego nak\u0142adania p\u0142ynnego szk\u0142a\" \/>\n<meta property=\"og:description\" content=\"\u015aciereczka z mikrofibry do nak\u0142adania p\u0142ynnej uszczelki szklanej.\" \/>\n<meta property=\"og:url\" content=\"https:\/\/www.versiegelung24.com\/pl\/sciereczka-z-mikrofibry-10x10cm-do-profesjonalnego-zastosowania-plynu-szkla.html\" \/>\n<meta property=\"og:site_name\" content=\"versiegelung24.com\" \/>\n<meta property=\"article:modified_time\" content=\"2025-01-06T14:08:18+00:00\" \/>\n<meta property=\"og:image\" content=\"https:\/\/www.versiegelung24.com\/wp-content\/uploads\/2020\/04\/mikrofasertuch-applikation-gelb.jpg\" \/>\n\t<meta property=\"og:image:width\" content=\"650\" \/>\n\t<meta property=\"og:image:height\" content=\"657\" \/>\n\t<meta property=\"og:image:type\" content=\"image\/jpeg\" \/>\n<meta name=\"twitter:card\" content=\"summary_large_image\" \/>\n<meta name=\"twitter:label1\" content=\"Cena\" \/>\n\t<meta name=\"twitter:data1\" content=\"1,00&euro;\" \/>\n\t<meta name=\"twitter:label2\" content=\"Dost\u0119pno\u015b\u0107\" \/>\n\t<meta name=\"twitter:data2\" content=\"Dost\u0119pny\" \/>\n<script type=\"application\/ld+json\" class=\"yoast-schema-graph\">{\"@context\":\"https:\\\/\\\/schema.org\",\"@graph\":[{\"@type\":\"WebPage\",\"@id\":\"https:\\\/\\\/www.versiegelung24.com\\\/pl\\\/sciereczka-z-mikrofibry-10x10cm-do-profesjonalnego-zastosowania-plynu-szkla.html\",\"url\":\"https:\\\/\\\/www.versiegelung24.com\\\/pl\\\/sciereczka-z-mikrofibry-10x10cm-do-profesjonalnego-zastosowania-plynu-szkla.html\",\"name\":\"\u015aciereczka z mikrofibry 10x10cm do profesjonalnego nak\u0142adania p\u0142ynnego szk\u0142a - versiegelung24.com\",\"isPartOf\":{\"@id\":\"https:\\\/\\\/www.versiegelung24.com\\\/pl\\\/#website\"},\"primaryImageOfPage\":{\"@id\":\"https:\\\/\\\/www.versiegelung24.com\\\/pl\\\/sciereczka-z-mikrofibry-10x10cm-do-profesjonalnego-zastosowania-plynu-szkla.html#primaryimage\"},\"image\":{\"@id\":\"https:\\\/\\\/www.versiegelung24.com\\\/pl\\\/sciereczka-z-mikrofibry-10x10cm-do-profesjonalnego-zastosowania-plynu-szkla.html#primaryimage\"},\"thumbnailUrl\":\"https:\\\/\\\/www.versiegelung24.com\\\/wp-content\\\/uploads\\\/2020\\\/04\\\/Apllikationstuecher-dreifarbig.webp\",\"datePublished\":\"2020-04-04T16:53:46+00:00\",\"dateModified\":\"2025-01-06T14:08:18+00:00\",\"breadcrumb\":{\"@id\":\"https:\\\/\\\/www.versiegelung24.com\\\/pl\\\/sciereczka-z-mikrofibry-10x10cm-do-profesjonalnego-zastosowania-plynu-szkla.html#breadcrumb\"},\"inLanguage\":\"pl-PL\",\"potentialAction\":[{\"@type\":\"ReadAction\",\"target\":[\"https:\\\/\\\/www.versiegelung24.com\\\/pl\\\/sciereczka-z-mikrofibry-10x10cm-do-profesjonalnego-zastosowania-plynu-szkla.html\"]}]},{\"@type\":\"ImageObject\",\"inLanguage\":\"pl-PL\",\"@id\":\"https:\\\/\\\/www.versiegelung24.com\\\/pl\\\/sciereczka-z-mikrofibry-10x10cm-do-profesjonalnego-zastosowania-plynu-szkla.html#primaryimage\",\"url\":\"https:\\\/\\\/www.versiegelung24.com\\\/wp-content\\\/uploads\\\/2020\\\/04\\\/Apllikationstuecher-dreifarbig.webp\",\"contentUrl\":\"https:\\\/\\\/www.versiegelung24.com\\\/wp-content\\\/uploads\\\/2020\\\/04\\\/Apllikationstuecher-dreifarbig.webp\",\"width\":1024,\"height\":1024},{\"@type\":\"BreadcrumbList\",\"@id\":\"https:\\\/\\\/www.versiegelung24.com\\\/pl\\\/sciereczka-z-mikrofibry-10x10cm-do-profesjonalnego-zastosowania-plynu-szkla.html#breadcrumb\",\"itemListElement\":[{\"@type\":\"ListItem\",\"position\":1,\"name\":\"Strona g\u0142\u00f3wna\",\"item\":\"https:\\\/\\\/www.versiegelung24.com\\\/pl\\\/przod\\\/\"},{\"@type\":\"ListItem\",\"position\":2,\"name\":\"Sklep\",\"item\":\"https:\\\/\\\/www.versiegelung24.com\\\/pl\\\/sklep\\\/\"},{\"@type\":\"ListItem\",\"position\":3,\"name\":\"\u015aciereczka z mikrofibry 10x10cm do profesjonalnego nak\u0142adania p\u0142ynnego szk\u0142a\"}]},{\"@type\":\"WebSite\",\"@id\":\"https:\\\/\\\/www.versiegelung24.com\\\/pl\\\/#website\",\"url\":\"https:\\\/\\\/www.versiegelung24.com\\\/pl\\\/\",\"name\":\"versiegelung24.com\",\"description\":\"Fl\u00fcssigglas-Versiegelung - Made in Germany\",\"publisher\":{\"@id\":\"https:\\\/\\\/www.versiegelung24.com\\\/pl\\\/#organization\"},\"potentialAction\":[{\"@type\":\"SearchAction\",\"target\":{\"@type\":\"EntryPoint\",\"urlTemplate\":\"https:\\\/\\\/www.versiegelung24.com\\\/pl\\\/?s={search_term_string}\"},\"query-input\":{\"@type\":\"PropertyValueSpecification\",\"valueRequired\":true,\"valueName\":\"search_term_string\"}}],\"inLanguage\":\"pl-PL\"},{\"@type\":\"Organization\",\"@id\":\"https:\\\/\\\/www.versiegelung24.com\\\/pl\\\/#organization\",\"name\":\"versiegelung24\",\"url\":\"https:\\\/\\\/www.versiegelung24.com\\\/pl\\\/\",\"logo\":{\"@type\":\"ImageObject\",\"inLanguage\":\"pl-PL\",\"@id\":\"https:\\\/\\\/www.versiegelung24.com\\\/pl\\\/#\\\/schema\\\/logo\\\/image\\\/\",\"url\":\"https:\\\/\\\/www.versiegelung24.com\\\/wp-content\\\/uploads\\\/2020\\\/04\\\/versiegelung24.png\",\"contentUrl\":\"https:\\\/\\\/www.versiegelung24.com\\\/wp-content\\\/uploads\\\/2020\\\/04\\\/versiegelung24.png\",\"width\":470,\"height\":102,\"caption\":\"versiegelung24\"},\"image\":{\"@id\":\"https:\\\/\\\/www.versiegelung24.com\\\/pl\\\/#\\\/schema\\\/logo\\\/image\\\/\"}}]}<\/script>\n<meta property=\"product:price:amount\" content=\"1.00\" \/>\n<meta property=\"product:price:currency\" content=\"EUR\" \/>\n<meta property=\"og:availability\" content=\"instock\" \/>\n<meta property=\"product:availability\" content=\"instock\" \/>\n<meta property=\"product:retailer_item_id\" content=\"9003-1\" \/>\n<meta property=\"product:condition\" content=\"new\" \/>\n<!-- \/ Yoast SEO Premium plugin. -->","yoast_head_json":{"title":"\u015aciereczka z mikrofibry 10x10cm do profesjonalnego nak\u0142adania p\u0142ynnego szk\u0142a - versiegelung24.com","robots":{"index":"index","follow":"follow","max-snippet":"max-snippet:-1","max-image-preview":"max-image-preview:large","max-video-preview":"max-video-preview:-1"},"canonical":"https:\/\/www.versiegelung24.com\/pl\/sciereczka-z-mikrofibry-10x10cm-do-profesjonalnego-zastosowania-plynu-szkla.html","og_locale":"pl_PL","og_type":"article","og_title":"\u015aciereczka z mikrofibry 10x10cm do profesjonalnego nak\u0142adania p\u0142ynnego szk\u0142a","og_description":"\u015aciereczka z mikrofibry do nak\u0142adania p\u0142ynnej uszczelki szklanej.","og_url":"https:\/\/www.versiegelung24.com\/pl\/sciereczka-z-mikrofibry-10x10cm-do-profesjonalnego-zastosowania-plynu-szkla.html","og_site_name":"versiegelung24.com","article_modified_time":"2025-01-06T14:08:18+00:00","og_image":[{"width":650,"height":657,"url":"https:\/\/www.versiegelung24.com\/wp-content\/uploads\/2020\/04\/mikrofasertuch-applikation-gelb.jpg","type":"image\/jpeg"}],"twitter_card":"summary_large_image","twitter_misc":{"Cena":"1,00&euro;","Dost\u0119pno\u015b\u0107":"Dost\u0119pny"},"schema":{"@context":"https:\/\/schema.org","@graph":[{"@type":"WebPage","@id":"https:\/\/www.versiegelung24.com\/pl\/sciereczka-z-mikrofibry-10x10cm-do-profesjonalnego-zastosowania-plynu-szkla.html","url":"https:\/\/www.versiegelung24.com\/pl\/sciereczka-z-mikrofibry-10x10cm-do-profesjonalnego-zastosowania-plynu-szkla.html","name":"\u015aciereczka z mikrofibry 10x10cm do profesjonalnego nak\u0142adania p\u0142ynnego szk\u0142a - versiegelung24.com","isPartOf":{"@id":"https:\/\/www.versiegelung24.com\/pl\/#website"},"primaryImageOfPage":{"@id":"https:\/\/www.versiegelung24.com\/pl\/sciereczka-z-mikrofibry-10x10cm-do-profesjonalnego-zastosowania-plynu-szkla.html#primaryimage"},"image":{"@id":"https:\/\/www.versiegelung24.com\/pl\/sciereczka-z-mikrofibry-10x10cm-do-profesjonalnego-zastosowania-plynu-szkla.html#primaryimage"},"thumbnailUrl":"https:\/\/www.versiegelung24.com\/wp-content\/uploads\/2020\/04\/Apllikationstuecher-dreifarbig.webp","datePublished":"2020-04-04T16:53:46+00:00","dateModified":"2025-01-06T14:08:18+00:00","breadcrumb":{"@id":"https:\/\/www.versiegelung24.com\/pl\/sciereczka-z-mikrofibry-10x10cm-do-profesjonalnego-zastosowania-plynu-szkla.html#breadcrumb"},"inLanguage":"pl-PL","potentialAction":[{"@type":"ReadAction","target":["https:\/\/www.versiegelung24.com\/pl\/sciereczka-z-mikrofibry-10x10cm-do-profesjonalnego-zastosowania-plynu-szkla.html"]}]},{"@type":"ImageObject","inLanguage":"pl-PL","@id":"https:\/\/www.versiegelung24.com\/pl\/sciereczka-z-mikrofibry-10x10cm-do-profesjonalnego-zastosowania-plynu-szkla.html#primaryimage","url":"https:\/\/www.versiegelung24.com\/wp-content\/uploads\/2020\/04\/Apllikationstuecher-dreifarbig.webp","contentUrl":"https:\/\/www.versiegelung24.com\/wp-content\/uploads\/2020\/04\/Apllikationstuecher-dreifarbig.webp","width":1024,"height":1024},{"@type":"BreadcrumbList","@id":"https:\/\/www.versiegelung24.com\/pl\/sciereczka-z-mikrofibry-10x10cm-do-profesjonalnego-zastosowania-plynu-szkla.html#breadcrumb","itemListElement":[{"@type":"ListItem","position":1,"name":"Strona g\u0142\u00f3wna","item":"https:\/\/www.versiegelung24.com\/pl\/przod\/"},{"@type":"ListItem","position":2,"name":"Sklep","item":"https:\/\/www.versiegelung24.com\/pl\/sklep\/"},{"@type":"ListItem","position":3,"name":"\u015aciereczka z mikrofibry 10x10cm do profesjonalnego nak\u0142adania p\u0142ynnego szk\u0142a"}]},{"@type":"WebSite","@id":"https:\/\/www.versiegelung24.com\/pl\/#website","url":"https:\/\/www.versiegelung24.com\/pl\/","name":"versiegelung24.com","description":"Fl\u00fcssigglas-Versiegelung - Made in Germany","publisher":{"@id":"https:\/\/www.versiegelung24.com\/pl\/#organization"},"potentialAction":[{"@type":"SearchAction","target":{"@type":"EntryPoint","urlTemplate":"https:\/\/www.versiegelung24.com\/pl\/?s={search_term_string}"},"query-input":{"@type":"PropertyValueSpecification","valueRequired":true,"valueName":"search_term_string"}}],"inLanguage":"pl-PL"},{"@type":"Organization","@id":"https:\/\/www.versiegelung24.com\/pl\/#organization","name":"versiegelung24","url":"https:\/\/www.versiegelung24.com\/pl\/","logo":{"@type":"ImageObject","inLanguage":"pl-PL","@id":"https:\/\/www.versiegelung24.com\/pl\/#\/schema\/logo\/image\/","url":"https:\/\/www.versiegelung24.com\/wp-content\/uploads\/2020\/04\/versiegelung24.png","contentUrl":"https:\/\/www.versiegelung24.com\/wp-content\/uploads\/2020\/04\/versiegelung24.png","width":470,"height":102,"caption":"versiegelung24"},"image":{"@id":"https:\/\/www.versiegelung24.com\/pl\/#\/schema\/logo\/image\/"}}]},"product_price_amount":"1.00","product_price_currency":"EUR","og_availability":"instock","product_availability":"instock","product_retailer_item_id":"9003-1","product_condition":"new"},"_links":{"self":[{"href":"https:\/\/www.versiegelung24.com\/pl\/wp-json\/wp\/v2\/product\/23975","targetHints":{"allow":["GET"]}}],"collection":[{"href":"https:\/\/www.versiegelung24.com\/pl\/wp-json\/wp\/v2\/product"}],"about":[{"href":"https:\/\/www.versiegelung24.com\/pl\/wp-json\/wp\/v2\/types\/product"}],"version-history":[{"count":14,"href":"https:\/\/www.versiegelung24.com\/pl\/wp-json\/wp\/v2\/product\/23975\/revisions"}],"predecessor-version":[{"id":180115,"href":"https:\/\/www.versiegelung24.com\/pl\/wp-json\/wp\/v2\/product\/23975\/revisions\/180115"}],"wp:featuredmedia":[{"embeddable":true,"href":"https:\/\/www.versiegelung24.com\/pl\/wp-json\/wp\/v2\/media\/184417"}],"wp:attachment":[{"href":"https:\/\/www.versiegelung24.com\/pl\/wp-json\/wp\/v2\/media?parent=23975"}],"wp:term":[{"taxonomy":"product_brand","embeddable":true,"href":"https:\/\/www.versiegelung24.com\/pl\/wp-json\/wp\/v2\/product_brand?post=23975"},{"taxonomy":"product_cat","embeddable":true,"href":"https:\/\/www.versiegelung24.com\/pl\/wp-json\/wp\/v2\/product_cat?post=23975"},{"taxonomy":"product_tag","embeddable":true,"href":"https:\/\/www.versiegelung24.com\/pl\/wp-json\/wp\/v2\/product_tag?post=23975"}],"curies":[{"name":"wp","href":"https:\/\/api.w.org\/{rel}","templated":true}]}}