{"id":24032,"date":"2020-04-04T18:53:45","date_gmt":"2021-08-02T20:20:10","guid":{"rendered":"https:\/\/www.versiegelung24.com\/produkt\/najwyzszej-jakosci-uszczelnienie-tekstylne-i-papierowe-o-ekstremalnej-wodoodpornosci"},"modified":"2025-01-03T23:55:35","modified_gmt":"2025-01-03T22:55:35","slug":"premium-tekstylia-i-papier-uszczelnienie-z-ekstremalnie-wodoodpornoscia","status":"publish","type":"product","link":"https:\/\/www.versiegelung24.com\/pl\/premium-tekstylia-i-papier-uszczelnienie-z-ekstremalnie-wodoodpornoscia.html","title":{"rendered":"Dura Tex &#8211; najwy\u017cszej jako\u015bci uszczelniacz tekstylny o ekstremalnych w\u0142a\u015bciwo\u015bciach hydrofobowych"},"content":{"rendered":"\n<p><strong>Wysoce skuteczny uszczelniacz tekstylny klasy premium o ekstremalnych w\u0142a\u015bciwo\u015bciach hydrofobowych, do stosowania wewn\u0105trz i na zewn\u0105trz budynk\u00f3w.<\/strong><\/p>\n\n<p>Profesjonalna jako\u015b\u0107 &#8211; Made in Germany<\/p>\n\n<p>Numer artyku\u0142u: 6002-7689<\/p>\n\n<p><strong>V24 Dura Tex &#8211; Premium Textile Sealer<\/strong> chroni prawie ka\u017cdy rodzaj tekstyli\u00f3w i papieru przed wod\u0105, brudem i plamami &#8211; i sam pozostaje niewidoczny. W \u017caden spos\u00f3b nie wp\u0142ywa na ich wygl\u0105d, oddychalno\u015b\u0107, kolor ani dotyk i jest \u0142atwa w piel\u0119gnacji.<\/p>\n\n<p>Pow\u0142oka jest wyj\u0105tkowo wodoodporna na tkaninach zewn\u0119trznych; dzi\u0119ki temu d\u0142u\u017cej pozostaj\u0105 suche. Olej, kawa i inne pospolite plamy nale\u017c\u0105 ju\u017c do przesz\u0142o\u015bci, je\u015bli tekstylia zosta\u0142y wcze\u015bniej zabezpieczone.<\/p>\n\n<hr\/>\n\n<h4 class=\"wp-block-heading\" id=\"properties\">Cechy produktu<\/h4>\n\n<div class=\"wp-block-columns is-layout-flex wp-container-core-columns-is-layout-9d6595d7 wp-block-columns-is-layout-flex\">\n<div class=\"wp-block-column is-layout-flow wp-block-column-is-layout-flow\">\n<ul class=\"wp-block-list\">\n<li>Bardzo silny efekt hydrofobowy i oleofobowy (odpychanie wody i oleju)<\/li>\n\n\n\n<li>Odporny na \u015bcieranie efekt \u0142atwego czyszczenia: solidne wi\u0105zanie chemiczne zapewnia doskona\u0142\u0105 odporno\u015b\u0107 na \u015bcieranie i pranie w pralce &#8211; pow\u0142oka przylega do w\u0142\u00f3kna, dop\u00f3ki nie zostanie zniszczone przez czynniki zewn\u0119trzne<\/li>\n\n\n\n<li>Zanieczyszczenia mo\u017cna \u0142atwo usun\u0105\u0107 wilgotn\u0105 szmatk\u0105<\/li>\n\n\n\n<li>Oddychaj\u0105ca<\/li>\n\n\n\n<li>Niewidoczny (bez zmian w wygl\u0105dzie i dotyku)<\/li>\n\n\n\n<li>Silne w\u0142a\u015bciwo\u015bci nieprzywieraj\u0105ce<\/li>\n\n\n\n<li>Ochrona przed plamami<\/li>\n<\/ul>\n<\/div>\n\n\n\n<div class=\"wp-block-column is-layout-flow wp-block-column-is-layout-flow\">\n<ul class=\"wp-block-list\">\n<li>Zwi\u0119ksza odporno\u015b\u0107 na zu\u017cycie<\/li>\n\n\n\n<li>Brak pogorszenia wygl\u0105du<\/li>\n\n\n\n<li>Nanotechnologia SiO\u00b2<\/li>\n\n\n\n<li>Ochrona w\u0142\u00f3kien przed wnikaniem cz\u0105stek brudu<\/li>\n\n\n\n<li>Prosta aplikacja<\/li>\n\n\n\n<li>D\u0142ugi okres trwa\u0142o\u015bci w zale\u017cno\u015bci od napr\u0119\u017ce\u0144 mechanicznych<\/li>\n<\/ul>\n\n\n\n<p><br\/><br\/>Zakres dostawy: 1 x litrowa butelka 1 x opis produktu<\/p>\n<\/div>\n<\/div>\n\n<hr\/>\n\n<h4 class=\"wp-block-heading\" id=\"application\">Zastosowanie<\/h4>\n\n<div class=\"wp-block-columns is-layout-flex wp-container-core-columns-is-layout-9d6595d7 wp-block-columns-is-layout-flex\">\n<div class=\"wp-block-column is-layout-flow wp-block-column-is-layout-flow\">\n<ul class=\"wp-block-list\">\n<li>odzie\u017c<\/li>\n\n\n\n<li>tkaniny zewn\u0119trzne<\/li>\n\n\n\n<li>Tekstylia domowe (tapicerka, meble, dywany)<\/li>\n\n\n\n<li>Zamsz<\/li>\n\n\n\n<li>Karton papierowy<\/li>\n<\/ul>\n\n\n\n<p>Zu\u017cycie zale\u017cy w du\u017cej mierze od struktury, ch\u0142onno\u015bci i grubo\u015bci pokrywanego materia\u0142u, ok. 10-50 m\u00b2\/litr (ok. 10ml\/m\u00b2 na mm grubo\u015bci w zale\u017cno\u015bci od ch\u0142onno\u015bci).<\/p>\n<\/div>\n\n\n\n<div class=\"wp-block-column is-layout-flow wp-block-column-is-layout-flow\">\n<p>Prosta aplikacja:<\/p>\n\n\n\n<p>1. R\u0119czny: aplikacja poprzez zwil\u017cenie tkaniny (oprysk lub zanurzenie)<\/p>\n\n\n\n<p>2. Przemys\u0142owe: zastosowanie przez systemy dost\u0119pne na rynku<\/p>\n\n\n\n<p><br\/>Ta pow\u0142oka SiO2 jest w pe\u0142ni usieciowana i utwardzona po 24 godzinach. Efekt \u0142atwego czyszczenia mo\u017cna przetestowa\u0107 po raz pierwszy po tej fazie utwardzania.<\/p>\n<\/div>\n<\/div>\n","protected":false},"excerpt":{"rendered":"<p>Oddychalno\u015b\u0107<\/p>\n<p>Ochrona przed plamami<\/p>\n<p>\u2713 Z ekstremaln\u0105 wodoodporno\u015bci\u0105<\/p>\n<p>\u2713 Do wewn\u0105trz i na zewn\u0105trz<\/p>\n","protected":false},"featured_media":125328,"template":"","meta":{"_acf_changed":false,"neve_meta_sidebar":"","neve_meta_container":"","neve_meta_enable_content_width":"","neve_meta_content_width":0,"neve_meta_title_alignment":"","neve_meta_author_avatar":"","neve_post_elements_order":"","neve_meta_disable_header":"","neve_meta_disable_footer":"","neve_meta_disable_title":"","neve_meta_reading_time":"","_surfaces":[],"_ver_product_tabs":[],"footnotes":""},"product_brand":[],"product_cat":[2389],"product_tag":[],"class_list":{"0":"post-24032","1":"product","2":"type-product","3":"status-publish","4":"has-post-thumbnail","6":"product_cat-uszczelnianie-skory-i-tekstyliow","8":"first","9":"instock","10":"taxable","11":"shipping-taxable","12":"purchasable","13":"product-type-simple"},"acf":[],"yoast_head":"<!-- This site is optimized with the Yoast SEO Premium plugin v22.8 (Yoast SEO v27.4) - https:\/\/yoast.com\/product\/yoast-seo-premium-wordpress\/ -->\n<title>Dura Tex - najwy\u017cszej jako\u015bci uszczelniacz tekstylny o ekstremalnych w\u0142a\u015bciwo\u015bciach hydrofobowych - versiegelung24.com<\/title>\n<meta name=\"robots\" content=\"index, follow, max-snippet:-1, max-image-preview:large, max-video-preview:-1\" \/>\n<link rel=\"canonical\" href=\"https:\/\/www.versiegelung24.com\/pl\/premium-tekstylia-i-papier-uszczelnienie-z-ekstremalnie-wodoodpornoscia.html\" \/>\n<meta property=\"og:locale\" content=\"pl_PL\" \/>\n<meta property=\"og:type\" content=\"article\" \/>\n<meta property=\"og:title\" content=\"Dura Tex - najwy\u017cszej jako\u015bci uszczelniacz tekstylny o ekstremalnych w\u0142a\u015bciwo\u015bciach hydrofobowych\" \/>\n<meta property=\"og:description\" content=\"Oddychalno\u015b\u0107 Ochrona przed plamami \u2713 Z ekstremaln\u0105 wodoodporno\u015bci\u0105 \u2713 Do wewn\u0105trz i na zewn\u0105trz\" \/>\n<meta property=\"og:url\" content=\"https:\/\/www.versiegelung24.com\/pl\/premium-tekstylia-i-papier-uszczelnienie-z-ekstremalnie-wodoodpornoscia.html\" \/>\n<meta property=\"og:site_name\" content=\"versiegelung24.com\" \/>\n<meta property=\"article:modified_time\" content=\"2025-01-03T22:55:35+00:00\" \/>\n<meta property=\"og:image\" content=\"https:\/\/www.versiegelung24.com\/wp-content\/uploads\/2020\/04\/produkt-6002-7689-1000-dura-tex-Premium-Textil-Papierversiegelung-scaled.webp\" \/>\n\t<meta property=\"og:image:width\" content=\"2560\" \/>\n\t<meta property=\"og:image:height\" content=\"2560\" \/>\n\t<meta property=\"og:image:type\" content=\"image\/webp\" \/>\n<meta name=\"twitter:card\" content=\"summary_large_image\" \/>\n<meta name=\"twitter:label1\" content=\"Cena\" \/>\n\t<meta name=\"twitter:data1\" content=\"89,99&euro;\" \/>\n\t<meta name=\"twitter:label2\" content=\"Dost\u0119pno\u015b\u0107\" \/>\n\t<meta name=\"twitter:data2\" content=\"Dost\u0119pny\" \/>\n<script type=\"application\/ld+json\" class=\"yoast-schema-graph\">{\"@context\":\"https:\\\/\\\/schema.org\",\"@graph\":[{\"@type\":\"WebPage\",\"@id\":\"https:\\\/\\\/www.versiegelung24.com\\\/pl\\\/premium-tekstylia-i-papier-uszczelnienie-z-ekstremalnie-wodoodpornoscia.html\",\"url\":\"https:\\\/\\\/www.versiegelung24.com\\\/pl\\\/premium-tekstylia-i-papier-uszczelnienie-z-ekstremalnie-wodoodpornoscia.html\",\"name\":\"Dura Tex - najwy\u017cszej jako\u015bci uszczelniacz tekstylny o ekstremalnych w\u0142a\u015bciwo\u015bciach hydrofobowych - versiegelung24.com\",\"isPartOf\":{\"@id\":\"https:\\\/\\\/www.versiegelung24.com\\\/pl\\\/#website\"},\"primaryImageOfPage\":{\"@id\":\"https:\\\/\\\/www.versiegelung24.com\\\/pl\\\/premium-tekstylia-i-papier-uszczelnienie-z-ekstremalnie-wodoodpornoscia.html#primaryimage\"},\"image\":{\"@id\":\"https:\\\/\\\/www.versiegelung24.com\\\/pl\\\/premium-tekstylia-i-papier-uszczelnienie-z-ekstremalnie-wodoodpornoscia.html#primaryimage\"},\"thumbnailUrl\":\"https:\\\/\\\/www.versiegelung24.com\\\/wp-content\\\/uploads\\\/2020\\\/04\\\/produkt-6002-7689-1000-dura-tex-Premium-Textil-Papierversiegelung-scaled.webp\",\"datePublished\":\"2021-08-02T20:20:10+00:00\",\"dateModified\":\"2025-01-03T22:55:35+00:00\",\"breadcrumb\":{\"@id\":\"https:\\\/\\\/www.versiegelung24.com\\\/pl\\\/premium-tekstylia-i-papier-uszczelnienie-z-ekstremalnie-wodoodpornoscia.html#breadcrumb\"},\"inLanguage\":\"pl-PL\",\"potentialAction\":[{\"@type\":\"ReadAction\",\"target\":[\"https:\\\/\\\/www.versiegelung24.com\\\/pl\\\/premium-tekstylia-i-papier-uszczelnienie-z-ekstremalnie-wodoodpornoscia.html\"]}]},{\"@type\":\"ImageObject\",\"inLanguage\":\"pl-PL\",\"@id\":\"https:\\\/\\\/www.versiegelung24.com\\\/pl\\\/premium-tekstylia-i-papier-uszczelnienie-z-ekstremalnie-wodoodpornoscia.html#primaryimage\",\"url\":\"https:\\\/\\\/www.versiegelung24.com\\\/wp-content\\\/uploads\\\/2020\\\/04\\\/produkt-6002-7689-1000-dura-tex-Premium-Textil-Papierversiegelung-scaled.webp\",\"contentUrl\":\"https:\\\/\\\/www.versiegelung24.com\\\/wp-content\\\/uploads\\\/2020\\\/04\\\/produkt-6002-7689-1000-dura-tex-Premium-Textil-Papierversiegelung-scaled.webp\",\"width\":2560,\"height\":2560},{\"@type\":\"BreadcrumbList\",\"@id\":\"https:\\\/\\\/www.versiegelung24.com\\\/pl\\\/premium-tekstylia-i-papier-uszczelnienie-z-ekstremalnie-wodoodpornoscia.html#breadcrumb\",\"itemListElement\":[{\"@type\":\"ListItem\",\"position\":1,\"name\":\"Strona g\u0142\u00f3wna\",\"item\":\"https:\\\/\\\/www.versiegelung24.com\\\/pl\\\/przod\\\/\"},{\"@type\":\"ListItem\",\"position\":2,\"name\":\"Sklep\",\"item\":\"https:\\\/\\\/www.versiegelung24.com\\\/pl\\\/sklep\\\/\"},{\"@type\":\"ListItem\",\"position\":3,\"name\":\"Dura Tex &#8211; najwy\u017cszej jako\u015bci uszczelniacz tekstylny o ekstremalnych w\u0142a\u015bciwo\u015bciach hydrofobowych\"}]},{\"@type\":\"WebSite\",\"@id\":\"https:\\\/\\\/www.versiegelung24.com\\\/pl\\\/#website\",\"url\":\"https:\\\/\\\/www.versiegelung24.com\\\/pl\\\/\",\"name\":\"versiegelung24.com\",\"description\":\"Fl\u00fcssigglas-Versiegelung - Made in Germany\",\"publisher\":{\"@id\":\"https:\\\/\\\/www.versiegelung24.com\\\/pl\\\/#organization\"},\"potentialAction\":[{\"@type\":\"SearchAction\",\"target\":{\"@type\":\"EntryPoint\",\"urlTemplate\":\"https:\\\/\\\/www.versiegelung24.com\\\/pl\\\/?s={search_term_string}\"},\"query-input\":{\"@type\":\"PropertyValueSpecification\",\"valueRequired\":true,\"valueName\":\"search_term_string\"}}],\"inLanguage\":\"pl-PL\"},{\"@type\":\"Organization\",\"@id\":\"https:\\\/\\\/www.versiegelung24.com\\\/pl\\\/#organization\",\"name\":\"versiegelung24\",\"url\":\"https:\\\/\\\/www.versiegelung24.com\\\/pl\\\/\",\"logo\":{\"@type\":\"ImageObject\",\"inLanguage\":\"pl-PL\",\"@id\":\"https:\\\/\\\/www.versiegelung24.com\\\/pl\\\/#\\\/schema\\\/logo\\\/image\\\/\",\"url\":\"https:\\\/\\\/www.versiegelung24.com\\\/wp-content\\\/uploads\\\/2020\\\/04\\\/versiegelung24.png\",\"contentUrl\":\"https:\\\/\\\/www.versiegelung24.com\\\/wp-content\\\/uploads\\\/2020\\\/04\\\/versiegelung24.png\",\"width\":470,\"height\":102,\"caption\":\"versiegelung24\"},\"image\":{\"@id\":\"https:\\\/\\\/www.versiegelung24.com\\\/pl\\\/#\\\/schema\\\/logo\\\/image\\\/\"}}]}<\/script>\n<meta property=\"product:price:amount\" content=\"89.99\" \/>\n<meta property=\"product:price:currency\" content=\"EUR\" \/>\n<meta property=\"og:availability\" content=\"instock\" \/>\n<meta property=\"product:availability\" content=\"instock\" \/>\n<meta property=\"product:retailer_item_id\" content=\"6002-7689-1000\" \/>\n<meta property=\"product:condition\" content=\"new\" \/>\n<!-- \/ Yoast SEO Premium plugin. -->","yoast_head_json":{"title":"Dura Tex - najwy\u017cszej jako\u015bci uszczelniacz tekstylny o ekstremalnych w\u0142a\u015bciwo\u015bciach hydrofobowych - versiegelung24.com","robots":{"index":"index","follow":"follow","max-snippet":"max-snippet:-1","max-image-preview":"max-image-preview:large","max-video-preview":"max-video-preview:-1"},"canonical":"https:\/\/www.versiegelung24.com\/pl\/premium-tekstylia-i-papier-uszczelnienie-z-ekstremalnie-wodoodpornoscia.html","og_locale":"pl_PL","og_type":"article","og_title":"Dura Tex - najwy\u017cszej jako\u015bci uszczelniacz tekstylny o ekstremalnych w\u0142a\u015bciwo\u015bciach hydrofobowych","og_description":"Oddychalno\u015b\u0107 Ochrona przed plamami \u2713 Z ekstremaln\u0105 wodoodporno\u015bci\u0105 \u2713 Do wewn\u0105trz i na zewn\u0105trz","og_url":"https:\/\/www.versiegelung24.com\/pl\/premium-tekstylia-i-papier-uszczelnienie-z-ekstremalnie-wodoodpornoscia.html","og_site_name":"versiegelung24.com","article_modified_time":"2025-01-03T22:55:35+00:00","og_image":[{"width":2560,"height":2560,"url":"https:\/\/www.versiegelung24.com\/wp-content\/uploads\/2020\/04\/produkt-6002-7689-1000-dura-tex-Premium-Textil-Papierversiegelung-scaled.webp","type":"image\/webp"}],"twitter_card":"summary_large_image","twitter_misc":{"Cena":"89,99&euro;","Dost\u0119pno\u015b\u0107":"Dost\u0119pny"},"schema":{"@context":"https:\/\/schema.org","@graph":[{"@type":"WebPage","@id":"https:\/\/www.versiegelung24.com\/pl\/premium-tekstylia-i-papier-uszczelnienie-z-ekstremalnie-wodoodpornoscia.html","url":"https:\/\/www.versiegelung24.com\/pl\/premium-tekstylia-i-papier-uszczelnienie-z-ekstremalnie-wodoodpornoscia.html","name":"Dura Tex - najwy\u017cszej jako\u015bci uszczelniacz tekstylny o ekstremalnych w\u0142a\u015bciwo\u015bciach hydrofobowych - versiegelung24.com","isPartOf":{"@id":"https:\/\/www.versiegelung24.com\/pl\/#website"},"primaryImageOfPage":{"@id":"https:\/\/www.versiegelung24.com\/pl\/premium-tekstylia-i-papier-uszczelnienie-z-ekstremalnie-wodoodpornoscia.html#primaryimage"},"image":{"@id":"https:\/\/www.versiegelung24.com\/pl\/premium-tekstylia-i-papier-uszczelnienie-z-ekstremalnie-wodoodpornoscia.html#primaryimage"},"thumbnailUrl":"https:\/\/www.versiegelung24.com\/wp-content\/uploads\/2020\/04\/produkt-6002-7689-1000-dura-tex-Premium-Textil-Papierversiegelung-scaled.webp","datePublished":"2021-08-02T20:20:10+00:00","dateModified":"2025-01-03T22:55:35+00:00","breadcrumb":{"@id":"https:\/\/www.versiegelung24.com\/pl\/premium-tekstylia-i-papier-uszczelnienie-z-ekstremalnie-wodoodpornoscia.html#breadcrumb"},"inLanguage":"pl-PL","potentialAction":[{"@type":"ReadAction","target":["https:\/\/www.versiegelung24.com\/pl\/premium-tekstylia-i-papier-uszczelnienie-z-ekstremalnie-wodoodpornoscia.html"]}]},{"@type":"ImageObject","inLanguage":"pl-PL","@id":"https:\/\/www.versiegelung24.com\/pl\/premium-tekstylia-i-papier-uszczelnienie-z-ekstremalnie-wodoodpornoscia.html#primaryimage","url":"https:\/\/www.versiegelung24.com\/wp-content\/uploads\/2020\/04\/produkt-6002-7689-1000-dura-tex-Premium-Textil-Papierversiegelung-scaled.webp","contentUrl":"https:\/\/www.versiegelung24.com\/wp-content\/uploads\/2020\/04\/produkt-6002-7689-1000-dura-tex-Premium-Textil-Papierversiegelung-scaled.webp","width":2560,"height":2560},{"@type":"BreadcrumbList","@id":"https:\/\/www.versiegelung24.com\/pl\/premium-tekstylia-i-papier-uszczelnienie-z-ekstremalnie-wodoodpornoscia.html#breadcrumb","itemListElement":[{"@type":"ListItem","position":1,"name":"Strona g\u0142\u00f3wna","item":"https:\/\/www.versiegelung24.com\/pl\/przod\/"},{"@type":"ListItem","position":2,"name":"Sklep","item":"https:\/\/www.versiegelung24.com\/pl\/sklep\/"},{"@type":"ListItem","position":3,"name":"Dura Tex &#8211; najwy\u017cszej jako\u015bci uszczelniacz tekstylny o ekstremalnych w\u0142a\u015bciwo\u015bciach hydrofobowych"}]},{"@type":"WebSite","@id":"https:\/\/www.versiegelung24.com\/pl\/#website","url":"https:\/\/www.versiegelung24.com\/pl\/","name":"versiegelung24.com","description":"Fl\u00fcssigglas-Versiegelung - Made in Germany","publisher":{"@id":"https:\/\/www.versiegelung24.com\/pl\/#organization"},"potentialAction":[{"@type":"SearchAction","target":{"@type":"EntryPoint","urlTemplate":"https:\/\/www.versiegelung24.com\/pl\/?s={search_term_string}"},"query-input":{"@type":"PropertyValueSpecification","valueRequired":true,"valueName":"search_term_string"}}],"inLanguage":"pl-PL"},{"@type":"Organization","@id":"https:\/\/www.versiegelung24.com\/pl\/#organization","name":"versiegelung24","url":"https:\/\/www.versiegelung24.com\/pl\/","logo":{"@type":"ImageObject","inLanguage":"pl-PL","@id":"https:\/\/www.versiegelung24.com\/pl\/#\/schema\/logo\/image\/","url":"https:\/\/www.versiegelung24.com\/wp-content\/uploads\/2020\/04\/versiegelung24.png","contentUrl":"https:\/\/www.versiegelung24.com\/wp-content\/uploads\/2020\/04\/versiegelung24.png","width":470,"height":102,"caption":"versiegelung24"},"image":{"@id":"https:\/\/www.versiegelung24.com\/pl\/#\/schema\/logo\/image\/"}}]},"product_price_amount":"89.99","product_price_currency":"EUR","og_availability":"instock","product_availability":"instock","product_retailer_item_id":"6002-7689-1000","product_condition":"new"},"_links":{"self":[{"href":"https:\/\/www.versiegelung24.com\/pl\/wp-json\/wp\/v2\/product\/24032","targetHints":{"allow":["GET"]}}],"collection":[{"href":"https:\/\/www.versiegelung24.com\/pl\/wp-json\/wp\/v2\/product"}],"about":[{"href":"https:\/\/www.versiegelung24.com\/pl\/wp-json\/wp\/v2\/types\/product"}],"version-history":[{"count":13,"href":"https:\/\/www.versiegelung24.com\/pl\/wp-json\/wp\/v2\/product\/24032\/revisions"}],"predecessor-version":[{"id":177714,"href":"https:\/\/www.versiegelung24.com\/pl\/wp-json\/wp\/v2\/product\/24032\/revisions\/177714"}],"wp:featuredmedia":[{"embeddable":true,"href":"https:\/\/www.versiegelung24.com\/pl\/wp-json\/wp\/v2\/media\/125328"}],"wp:attachment":[{"href":"https:\/\/www.versiegelung24.com\/pl\/wp-json\/wp\/v2\/media?parent=24032"}],"wp:term":[{"taxonomy":"product_brand","embeddable":true,"href":"https:\/\/www.versiegelung24.com\/pl\/wp-json\/wp\/v2\/product_brand?post=24032"},{"taxonomy":"product_cat","embeddable":true,"href":"https:\/\/www.versiegelung24.com\/pl\/wp-json\/wp\/v2\/product_cat?post=24032"},{"taxonomy":"product_tag","embeddable":true,"href":"https:\/\/www.versiegelung24.com\/pl\/wp-json\/wp\/v2\/product_tag?post=24032"}],"curies":[{"name":"wp","href":"https:\/\/api.w.org\/{rel}","templated":true}]}}