{"id":24036,"date":"2020-04-29T20:41:14","date_gmt":"2020-04-29T18:41:14","guid":{"rendered":"https:\/\/www.versiegelung24.com\/produkt\/wzor-uszczelnienie-do-betonu-kamienia-o-ekstremalnej-wodoodpornosci-nieoddychajace"},"modified":"2025-01-04T00:10:39","modified_gmt":"2025-01-03T23:10:39","slug":"wzor-beton-uszczelnianie-kamien-z-ekstremalnie-wodoodpornoscia-nieoddychajacy","status":"publish","type":"product","link":"https:\/\/www.versiegelung24.com\/pl\/wzor-beton-uszczelnianie-kamien-z-ekstremalnie-wodoodpornoscia-nieoddychajacy.html","title":{"rendered":"Pr\u00f3bka: Uszczelniacz Premium do betonu i kamienia z pog\u0142\u0119bieniem koloru &#8211; nieoddychaj\u0105cy &#8211; 3008-704"},"content":{"rendered":"<p>&nbsp;&nbsp;100 ml pr\u00f3bka naszego<a href=\"https:\/\/www.versiegelung24.com\/pl\/premium-beton-uszczelniajacy-kamien-ekstremalnie-wodoodporny-nieoddychajacy.html\">uszczelniacza do<\/a><a href=\"https:\/\/www.versiegelung24.com\/pl\/premium-beton-uszczelniajacy-kamien-ekstremalnie-wodoodporny-nieoddychajacy.html\">kamienia o ekstremalnych w\u0142a\u015bciwo\u015bciach hydrofobowych<\/a> do zastosowa\u0144 testowych lub uszczelniania mniejszych powierzchni.<\/p>\n","protected":false},"excerpt":{"rendered":"<p><strong>Niezwykle wodoodporny lakier bezbarwny do u\u017cytku wewn\u0105trz i na zewn\u0105trz<\/strong>  <\/p>\n<p>\u2713 do wszystkich ch\u0142onnych mineralnych powierzchni kamiennych i betonowych<\/p>\n<p>\u2713 Efekt \u0142atwego czyszczenia: brud nie przylega i mo\u017cna go \u0142atwo usun\u0105\u0107<\/p>\n<p>\u2713 leczone powierzchnie nie przepuszczaj\u0105 powietrza<\/p>\n<p>\u2713 Zapobiega rozwojowi mch\u00f3w, porost\u00f3w, grzyb\u00f3w i innych naturalnych czynnik\u00f3w<\/p>\n<p>\u2713 Efekt pog\u0142\u0119bienia koloru z b\u0142yszcz\u0105c\u0105 foli\u0105 \/ wzmocnieniem powierzchni<\/p>\n<p>\u2713 Okres trwa\u0142o\u015bci: 5 lat+<\/p>\n","protected":false},"featured_media":14615,"template":"","meta":{"_acf_changed":false,"neve_meta_sidebar":"","neve_meta_container":"","neve_meta_enable_content_width":"","neve_meta_content_width":0,"neve_meta_title_alignment":"","neve_meta_author_avatar":"","neve_post_elements_order":"","neve_meta_disable_header":"","neve_meta_disable_footer":"","neve_meta_disable_title":"","neve_meta_reading_time":"","_surfaces":[],"_ver_product_tabs":[],"footnotes":""},"product_brand":[],"product_cat":[2667],"product_tag":[],"class_list":{"0":"post-24036","1":"product","2":"type-product","3":"status-publish","4":"has-post-thumbnail","6":"product_cat-szablon","7":"pa_gebinde-butelka-100ml","9":"first","10":"onbackorder","11":"sold-individually","12":"taxable","13":"shipping-taxable","14":"purchasable","15":"product-type-variable","16":"has-default-attributes"},"acf":[],"yoast_head":"<!-- This site is optimized with the Yoast SEO Premium plugin v22.8 (Yoast SEO v27.3) - https:\/\/yoast.com\/product\/yoast-seo-premium-wordpress\/ -->\n<title>Pr\u00f3bka: Uszczelniacz Premium do betonu i kamienia z pog\u0142\u0119bieniem koloru - nieoddychaj\u0105cy - 3008-704 - versiegelung24.com<\/title>\n<meta name=\"robots\" content=\"index, follow, max-snippet:-1, max-image-preview:large, max-video-preview:-1\" \/>\n<link rel=\"canonical\" href=\"https:\/\/www.versiegelung24.com\/pl\/wzor-beton-uszczelnianie-kamien-z-ekstremalnie-wodoodpornoscia-nieoddychajacy.html\" \/>\n<meta property=\"og:locale\" content=\"pl_PL\" \/>\n<meta property=\"og:type\" content=\"article\" \/>\n<meta property=\"og:title\" content=\"Pr\u00f3bka: Uszczelniacz Premium do betonu i kamienia z pog\u0142\u0119bieniem koloru - nieoddychaj\u0105cy - 3008-704\" \/>\n<meta property=\"og:description\" content=\"Niezwykle wodoodporny lakier bezbarwny do u\u017cytku wewn\u0105trz i na zewn\u0105trz  \u2713 do wszystkich ch\u0142onnych mineralnych powierzchni kamiennych i betonowych \u2713 Efekt \u0142atwego czyszczenia: brud nie przylega i mo\u017cna go \u0142atwo usun\u0105\u0107 \u2713 leczone powierzchnie nie przepuszczaj\u0105 powietrza \u2713 Zapobiega rozwojowi mch\u00f3w, porost\u00f3w, grzyb\u00f3w i innych naturalnych czynnik\u00f3w \u2713 Efekt pog\u0142\u0119bienia koloru z b\u0142yszcz\u0105c\u0105 foli\u0105 \/ wzmocnieniem powierzchni \u2713 Okres trwa\u0142o\u015bci: 5 lat+\" \/>\n<meta property=\"og:url\" content=\"https:\/\/www.versiegelung24.com\/pl\/wzor-beton-uszczelnianie-kamien-z-ekstremalnie-wodoodpornoscia-nieoddychajacy.html\" \/>\n<meta property=\"og:site_name\" content=\"versiegelung24.com\" \/>\n<meta property=\"article:modified_time\" content=\"2025-01-03T23:10:39+00:00\" \/>\n<meta property=\"og:image\" content=\"https:\/\/www.versiegelung24.com\/wp-content\/uploads\/2020\/04\/versiegelung-muster.png\" \/>\n\t<meta property=\"og:image:width\" content=\"1000\" \/>\n\t<meta property=\"og:image:height\" content=\"1000\" \/>\n\t<meta property=\"og:image:type\" content=\"image\/png\" \/>\n<meta name=\"twitter:card\" content=\"summary_large_image\" \/>\n<meta name=\"twitter:label1\" content=\"Dost\u0119pno\u015b\u0107\" \/>\n\t<meta name=\"twitter:data1\" content=\"Na zam\u00f3wienie\" \/>\n<script type=\"application\/ld+json\" class=\"yoast-schema-graph\">{\"@context\":\"https:\\\/\\\/schema.org\",\"@graph\":[{\"@type\":\"WebPage\",\"@id\":\"https:\\\/\\\/www.versiegelung24.com\\\/pl\\\/wzor-beton-uszczelnianie-kamien-z-ekstremalnie-wodoodpornoscia-nieoddychajacy.html\",\"url\":\"https:\\\/\\\/www.versiegelung24.com\\\/pl\\\/wzor-beton-uszczelnianie-kamien-z-ekstremalnie-wodoodpornoscia-nieoddychajacy.html\",\"name\":\"Pr\u00f3bka: Uszczelniacz Premium do betonu i kamienia z pog\u0142\u0119bieniem koloru - nieoddychaj\u0105cy - 3008-704 - versiegelung24.com\",\"isPartOf\":{\"@id\":\"https:\\\/\\\/www.versiegelung24.com\\\/pl\\\/#website\"},\"primaryImageOfPage\":{\"@id\":\"https:\\\/\\\/www.versiegelung24.com\\\/pl\\\/wzor-beton-uszczelnianie-kamien-z-ekstremalnie-wodoodpornoscia-nieoddychajacy.html#primaryimage\"},\"image\":{\"@id\":\"https:\\\/\\\/www.versiegelung24.com\\\/pl\\\/wzor-beton-uszczelnianie-kamien-z-ekstremalnie-wodoodpornoscia-nieoddychajacy.html#primaryimage\"},\"thumbnailUrl\":\"https:\\\/\\\/www.versiegelung24.com\\\/wp-content\\\/uploads\\\/2020\\\/04\\\/versiegelung-muster.png\",\"datePublished\":\"2020-04-29T18:41:14+00:00\",\"dateModified\":\"2025-01-03T23:10:39+00:00\",\"breadcrumb\":{\"@id\":\"https:\\\/\\\/www.versiegelung24.com\\\/pl\\\/wzor-beton-uszczelnianie-kamien-z-ekstremalnie-wodoodpornoscia-nieoddychajacy.html#breadcrumb\"},\"inLanguage\":\"pl-PL\",\"potentialAction\":[{\"@type\":\"ReadAction\",\"target\":[\"https:\\\/\\\/www.versiegelung24.com\\\/pl\\\/wzor-beton-uszczelnianie-kamien-z-ekstremalnie-wodoodpornoscia-nieoddychajacy.html\"]}]},{\"@type\":\"ImageObject\",\"inLanguage\":\"pl-PL\",\"@id\":\"https:\\\/\\\/www.versiegelung24.com\\\/pl\\\/wzor-beton-uszczelnianie-kamien-z-ekstremalnie-wodoodpornoscia-nieoddychajacy.html#primaryimage\",\"url\":\"https:\\\/\\\/www.versiegelung24.com\\\/wp-content\\\/uploads\\\/2020\\\/04\\\/versiegelung-muster.png\",\"contentUrl\":\"https:\\\/\\\/www.versiegelung24.com\\\/wp-content\\\/uploads\\\/2020\\\/04\\\/versiegelung-muster.png\",\"width\":1000,\"height\":1000},{\"@type\":\"BreadcrumbList\",\"@id\":\"https:\\\/\\\/www.versiegelung24.com\\\/pl\\\/wzor-beton-uszczelnianie-kamien-z-ekstremalnie-wodoodpornoscia-nieoddychajacy.html#breadcrumb\",\"itemListElement\":[{\"@type\":\"ListItem\",\"position\":1,\"name\":\"Strona g\u0142\u00f3wna\",\"item\":\"https:\\\/\\\/www.versiegelung24.com\\\/pl\\\/przod\\\/\"},{\"@type\":\"ListItem\",\"position\":2,\"name\":\"Sklep\",\"item\":\"https:\\\/\\\/www.versiegelung24.com\\\/pl\\\/sklep\\\/\"},{\"@type\":\"ListItem\",\"position\":3,\"name\":\"Pr\u00f3bka: Uszczelniacz Premium do betonu i kamienia z pog\u0142\u0119bieniem koloru &#8211; nieoddychaj\u0105cy &#8211; 3008-704\"}]},{\"@type\":\"WebSite\",\"@id\":\"https:\\\/\\\/www.versiegelung24.com\\\/pl\\\/#website\",\"url\":\"https:\\\/\\\/www.versiegelung24.com\\\/pl\\\/\",\"name\":\"versiegelung24.com\",\"description\":\"Fl\u00fcssigglas-Versiegelung - Made in Germany\",\"publisher\":{\"@id\":\"https:\\\/\\\/www.versiegelung24.com\\\/pl\\\/#organization\"},\"potentialAction\":[{\"@type\":\"SearchAction\",\"target\":{\"@type\":\"EntryPoint\",\"urlTemplate\":\"https:\\\/\\\/www.versiegelung24.com\\\/pl\\\/?s={search_term_string}\"},\"query-input\":{\"@type\":\"PropertyValueSpecification\",\"valueRequired\":true,\"valueName\":\"search_term_string\"}}],\"inLanguage\":\"pl-PL\"},{\"@type\":\"Organization\",\"@id\":\"https:\\\/\\\/www.versiegelung24.com\\\/pl\\\/#organization\",\"name\":\"versiegelung24\",\"url\":\"https:\\\/\\\/www.versiegelung24.com\\\/pl\\\/\",\"logo\":{\"@type\":\"ImageObject\",\"inLanguage\":\"pl-PL\",\"@id\":\"https:\\\/\\\/www.versiegelung24.com\\\/pl\\\/#\\\/schema\\\/logo\\\/image\\\/\",\"url\":\"https:\\\/\\\/www.versiegelung24.com\\\/wp-content\\\/uploads\\\/2020\\\/04\\\/versiegelung24.png\",\"contentUrl\":\"https:\\\/\\\/www.versiegelung24.com\\\/wp-content\\\/uploads\\\/2020\\\/04\\\/versiegelung24.png\",\"width\":470,\"height\":102,\"caption\":\"versiegelung24\"},\"image\":{\"@id\":\"https:\\\/\\\/www.versiegelung24.com\\\/pl\\\/#\\\/schema\\\/logo\\\/image\\\/\"}}]}<\/script>\n<meta property=\"og:availability\" content=\"backorder\" \/>\n<meta property=\"product:availability\" content=\"available for order\" \/>\n<meta property=\"product:retailer_item_id\" content=\"3008-704-muster\" \/>\n<meta property=\"product:condition\" content=\"new\" \/>\n<!-- \/ Yoast SEO Premium plugin. -->","yoast_head_json":{"title":"Pr\u00f3bka: Uszczelniacz Premium do betonu i kamienia z pog\u0142\u0119bieniem koloru - nieoddychaj\u0105cy - 3008-704 - versiegelung24.com","robots":{"index":"index","follow":"follow","max-snippet":"max-snippet:-1","max-image-preview":"max-image-preview:large","max-video-preview":"max-video-preview:-1"},"canonical":"https:\/\/www.versiegelung24.com\/pl\/wzor-beton-uszczelnianie-kamien-z-ekstremalnie-wodoodpornoscia-nieoddychajacy.html","og_locale":"pl_PL","og_type":"article","og_title":"Pr\u00f3bka: Uszczelniacz Premium do betonu i kamienia z pog\u0142\u0119bieniem koloru - nieoddychaj\u0105cy - 3008-704","og_description":"Niezwykle wodoodporny lakier bezbarwny do u\u017cytku wewn\u0105trz i na zewn\u0105trz  \u2713 do wszystkich ch\u0142onnych mineralnych powierzchni kamiennych i betonowych \u2713 Efekt \u0142atwego czyszczenia: brud nie przylega i mo\u017cna go \u0142atwo usun\u0105\u0107 \u2713 leczone powierzchnie nie przepuszczaj\u0105 powietrza \u2713 Zapobiega rozwojowi mch\u00f3w, porost\u00f3w, grzyb\u00f3w i innych naturalnych czynnik\u00f3w \u2713 Efekt pog\u0142\u0119bienia koloru z b\u0142yszcz\u0105c\u0105 foli\u0105 \/ wzmocnieniem powierzchni \u2713 Okres trwa\u0142o\u015bci: 5 lat+","og_url":"https:\/\/www.versiegelung24.com\/pl\/wzor-beton-uszczelnianie-kamien-z-ekstremalnie-wodoodpornoscia-nieoddychajacy.html","og_site_name":"versiegelung24.com","article_modified_time":"2025-01-03T23:10:39+00:00","og_image":[{"width":1000,"height":1000,"url":"https:\/\/www.versiegelung24.com\/wp-content\/uploads\/2020\/04\/versiegelung-muster.png","type":"image\/png"}],"twitter_card":"summary_large_image","twitter_misc":{"Dost\u0119pno\u015b\u0107":"Na zam\u00f3wienie"},"schema":{"@context":"https:\/\/schema.org","@graph":[{"@type":"WebPage","@id":"https:\/\/www.versiegelung24.com\/pl\/wzor-beton-uszczelnianie-kamien-z-ekstremalnie-wodoodpornoscia-nieoddychajacy.html","url":"https:\/\/www.versiegelung24.com\/pl\/wzor-beton-uszczelnianie-kamien-z-ekstremalnie-wodoodpornoscia-nieoddychajacy.html","name":"Pr\u00f3bka: Uszczelniacz Premium do betonu i kamienia z pog\u0142\u0119bieniem koloru - nieoddychaj\u0105cy - 3008-704 - versiegelung24.com","isPartOf":{"@id":"https:\/\/www.versiegelung24.com\/pl\/#website"},"primaryImageOfPage":{"@id":"https:\/\/www.versiegelung24.com\/pl\/wzor-beton-uszczelnianie-kamien-z-ekstremalnie-wodoodpornoscia-nieoddychajacy.html#primaryimage"},"image":{"@id":"https:\/\/www.versiegelung24.com\/pl\/wzor-beton-uszczelnianie-kamien-z-ekstremalnie-wodoodpornoscia-nieoddychajacy.html#primaryimage"},"thumbnailUrl":"https:\/\/www.versiegelung24.com\/wp-content\/uploads\/2020\/04\/versiegelung-muster.png","datePublished":"2020-04-29T18:41:14+00:00","dateModified":"2025-01-03T23:10:39+00:00","breadcrumb":{"@id":"https:\/\/www.versiegelung24.com\/pl\/wzor-beton-uszczelnianie-kamien-z-ekstremalnie-wodoodpornoscia-nieoddychajacy.html#breadcrumb"},"inLanguage":"pl-PL","potentialAction":[{"@type":"ReadAction","target":["https:\/\/www.versiegelung24.com\/pl\/wzor-beton-uszczelnianie-kamien-z-ekstremalnie-wodoodpornoscia-nieoddychajacy.html"]}]},{"@type":"ImageObject","inLanguage":"pl-PL","@id":"https:\/\/www.versiegelung24.com\/pl\/wzor-beton-uszczelnianie-kamien-z-ekstremalnie-wodoodpornoscia-nieoddychajacy.html#primaryimage","url":"https:\/\/www.versiegelung24.com\/wp-content\/uploads\/2020\/04\/versiegelung-muster.png","contentUrl":"https:\/\/www.versiegelung24.com\/wp-content\/uploads\/2020\/04\/versiegelung-muster.png","width":1000,"height":1000},{"@type":"BreadcrumbList","@id":"https:\/\/www.versiegelung24.com\/pl\/wzor-beton-uszczelnianie-kamien-z-ekstremalnie-wodoodpornoscia-nieoddychajacy.html#breadcrumb","itemListElement":[{"@type":"ListItem","position":1,"name":"Strona g\u0142\u00f3wna","item":"https:\/\/www.versiegelung24.com\/pl\/przod\/"},{"@type":"ListItem","position":2,"name":"Sklep","item":"https:\/\/www.versiegelung24.com\/pl\/sklep\/"},{"@type":"ListItem","position":3,"name":"Pr\u00f3bka: Uszczelniacz Premium do betonu i kamienia z pog\u0142\u0119bieniem koloru &#8211; nieoddychaj\u0105cy &#8211; 3008-704"}]},{"@type":"WebSite","@id":"https:\/\/www.versiegelung24.com\/pl\/#website","url":"https:\/\/www.versiegelung24.com\/pl\/","name":"versiegelung24.com","description":"Fl\u00fcssigglas-Versiegelung - Made in Germany","publisher":{"@id":"https:\/\/www.versiegelung24.com\/pl\/#organization"},"potentialAction":[{"@type":"SearchAction","target":{"@type":"EntryPoint","urlTemplate":"https:\/\/www.versiegelung24.com\/pl\/?s={search_term_string}"},"query-input":{"@type":"PropertyValueSpecification","valueRequired":true,"valueName":"search_term_string"}}],"inLanguage":"pl-PL"},{"@type":"Organization","@id":"https:\/\/www.versiegelung24.com\/pl\/#organization","name":"versiegelung24","url":"https:\/\/www.versiegelung24.com\/pl\/","logo":{"@type":"ImageObject","inLanguage":"pl-PL","@id":"https:\/\/www.versiegelung24.com\/pl\/#\/schema\/logo\/image\/","url":"https:\/\/www.versiegelung24.com\/wp-content\/uploads\/2020\/04\/versiegelung24.png","contentUrl":"https:\/\/www.versiegelung24.com\/wp-content\/uploads\/2020\/04\/versiegelung24.png","width":470,"height":102,"caption":"versiegelung24"},"image":{"@id":"https:\/\/www.versiegelung24.com\/pl\/#\/schema\/logo\/image\/"}}]},"og_availability":"backorder","product_availability":"available for order","product_retailer_item_id":"3008-704-muster","product_condition":"new"},"_links":{"self":[{"href":"https:\/\/www.versiegelung24.com\/pl\/wp-json\/wp\/v2\/product\/24036","targetHints":{"allow":["GET"]}}],"collection":[{"href":"https:\/\/www.versiegelung24.com\/pl\/wp-json\/wp\/v2\/product"}],"about":[{"href":"https:\/\/www.versiegelung24.com\/pl\/wp-json\/wp\/v2\/types\/product"}],"version-history":[{"count":3,"href":"https:\/\/www.versiegelung24.com\/pl\/wp-json\/wp\/v2\/product\/24036\/revisions"}],"predecessor-version":[{"id":177856,"href":"https:\/\/www.versiegelung24.com\/pl\/wp-json\/wp\/v2\/product\/24036\/revisions\/177856"}],"wp:featuredmedia":[{"embeddable":true,"href":"https:\/\/www.versiegelung24.com\/pl\/wp-json\/wp\/v2\/media\/14615"}],"wp:attachment":[{"href":"https:\/\/www.versiegelung24.com\/pl\/wp-json\/wp\/v2\/media?parent=24036"}],"wp:term":[{"taxonomy":"product_brand","embeddable":true,"href":"https:\/\/www.versiegelung24.com\/pl\/wp-json\/wp\/v2\/product_brand?post=24036"},{"taxonomy":"product_cat","embeddable":true,"href":"https:\/\/www.versiegelung24.com\/pl\/wp-json\/wp\/v2\/product_cat?post=24036"},{"taxonomy":"product_tag","embeddable":true,"href":"https:\/\/www.versiegelung24.com\/pl\/wp-json\/wp\/v2\/product_tag?post=24036"}],"curies":[{"name":"wp","href":"https:\/\/api.w.org\/{rel}","templated":true}]}}