{"id":24100,"date":"2020-04-27T21:49:59","date_gmt":"2021-08-02T20:24:36","guid":{"rendered":"https:\/\/www.versiegelung24.com\/produkt\/monument-stone-wysokowydajne-uszczelnienie-kamienia-i-betonu"},"modified":"2025-03-20T09:53:59","modified_gmt":"2025-03-20T08:53:59","slug":"uszczelnienie-wysokowydajne-do-pomnikow-kamienia-kamienia-betonu","status":"publish","type":"product","link":"https:\/\/www.versiegelung24.com\/pl\/uszczelnienie-pomnikowo-kamieniowo-betonowe-o-wysokiej-wydajnosci.html","title":{"rendered":"Monument Stone &#8211; Uszczelniacz do kamienia i betonu w p\u0142ynie do szk\u0142a"},"content":{"rendered":"\n<p>Nasza wysokowydajna uszczelka Monument Stone skutecznie i trwale chroni wysokiej jako\u015bci produkty z kamienia betonowego przed og\u00f3lnym zanieczyszczeniem wod\u0105, \u017cywno\u015bci\u0105 i olejami.<\/p>\n\n<hr \/>\n\n<h4 class=\"wp-block-heading\" id=\"properties\">Cechy produktu<\/h4>\n\n<div class=\"wp-block-columns is-layout-flex wp-container-core-columns-is-layout-9d6595d7 wp-block-columns-is-layout-flex\">\n<div class=\"wp-block-column is-layout-flow wp-block-column-is-layout-flow\">\n<p><strong>Wysokowydajne uszczelnienie do wyrob\u00f3w z kamienia i bloczk\u00f3w betonowych w celu zmniejszenia og\u00f3lnej tendencji do zabrudzenia wod\u0105, \u017cywno\u015bci\u0105 i olejami<\/strong><\/p>\n\n\n\n<p>Numer artyku\u0142u: 3009-8637<\/p>\n\n\n\n<p>Wysoka jako\u015b\u0107 Made in Germany<\/p>\n\n\n\n<p><strong>bezpiecze\u0144stwo produktu<\/strong><\/p>\n\n\n\n<p>Informacje dotycz\u0105ce klasyfikacji produktu w ramach Rozporz\u0105dzenia o substancjach niebezpiecznych, dane bezpiecze\u0144stwa oraz dane dotycz\u0105ce toksykologii i przechowywania znajduj\u0105 si\u0119 w naszej karcie charakterystyki.<\/p>\n\n\n\n<p><strong>magazynowanie<\/strong><\/p>\n\n\n\n<p>Nale\u017cy przestrzega\u0107 informacji zawartych w odpowiedniej karcie charakterystyki (MSDS).<\/p>\n\n\n\n<p>V24 Monument Stone nale\u017cy przechowywa\u0107 w suchym, przewiewnym i ch\u0142odnym (20\u00b0C) miejscu. Przechowywa\u0107\/przechowywa\u0107 wy\u0142\u0105cznie w szczelnie zamkni\u0119tym oryginalnym pojemniku. Chroni\u0107 przed bezpo\u015brednim dzia\u0142aniem promieni s\u0142onecznych. W przypadku prawid\u0142owego przechowywania minimalny okres trwa\u0142o\u015bci wynosi 12 miesi\u0119cy od daty produkcji.<\/p>\n\n\n\n<p>D\u0142u\u017cszy okres przechowywania niekoniecznie oznacza, \u017ce produkt nie nadaje si\u0119 do u\u017cytku, ale w celu zapewnienia jako\u015bci nale\u017cy sprawdzi\u0107 w\u0142a\u015bciwo\u015bci po\u017c\u0105dane dla zamierzonego zastosowania.<\/p>\n<\/div>\n\n\n\n<div class=\"wp-block-column is-layout-flow wp-block-column-is-layout-flow\">\n<p>\u2713 Wysokowydajna impregnacja na bazie wody<\/p>\n\n\n\n<p>Skuteczno\u015b\u0107 do 10 lat (przy za\u0142o\u017ceniu prawid\u0142owej aplikacji)<\/p>\n\n\n\n<p>\u2713 Szczeg\u00f3lnie nadaje si\u0119 do d\u0142ugoterminowej ochrony zabytk\u00f3w<\/p>\n\n\n\n<p>\u2713 wysoce skoncentrowany<\/p>\n\n\n\n<p>\u2713 D\u0142ugotrwa\u0142a ochrona poprzez chemiczne wi\u0105zanie pod\u0142o\u017ca<\/p>\n\n\n\n<p>\u2713 Odporny na alkalia do pH 10-11*<\/p>\n\n\n\n<p>\u2713 Nieprzywieraj\u0105cy efekt<\/p>\n\n\n\n<p>\u2713 Wysoce odporny na olej, wod\u0119 i brud<\/p>\n\n\n\n<p>\u2713 Odporny na alkalia<\/p>\n\n\n\n<p>\u2713 Redukcja wykwit\u00f3w<\/p>\n\n\n\n<p>\u2713 Minimalizacja przyczepno\u015bci brudu<\/p>\n\n\n\n<p>\u2713 Ograniczenie wzrostu glon\u00f3w i mchu<\/p>\n\n\n\n<p>\u2713 ogranicza ponowne zabrudzenie<\/p>\n\n\n\n<p>\u2713 Otwarte na dyfuzj\u0119 pary<\/p>\n\n\n\n<p>\u2713 schnie szybko i nie klei si\u0119<\/p>\n\n\n\n<p>\u2713 Wysoka stabilno\u015b\u0107 UV<\/p>\n\n\n\n<p>\u2713 Rozwi\u0105zanie gotowe do u\u017cycia<\/p>\n\n\n\n<p>\u2713 niewidoczny<\/p>\n<\/div>\n<\/div>\n\n<hr \/>\n\n<h4 class=\"wp-block-heading\" id=\"application\">Zastosowanie<\/h4>\n\n<div class=\"wp-block-columns is-layout-flex wp-container-core-columns-is-layout-9d6595d7 wp-block-columns-is-layout-flex\">\n<div class=\"wp-block-column is-layout-flow wp-block-column-is-layout-flow\">\n<ul class=\"wp-block-list\">\n<li><strong>V24 Monument Stone &#8211; p\u0142ynna<\/strong> uszczelka do szk\u0142a nak\u0142adana jest w postaci nierozcie\u0144czonej na wst\u0119pnie oczyszczon\u0105 i osuszon\u0105 powierzchni\u0119, gdy\u017c tylko w ten spos\u00f3b zapewniona jest g\u0142\u0119boka penetracja uszczelnienia, co daje optymalny d\u0142ugotrwa\u0142y i g\u0142\u0119boki efekt.<\/li>\n<\/ul>\n\n\n\n<ul class=\"wp-block-list\">\n<li>Uszczelnienie nak\u0142ada si\u0119 r\u00f3wnomiernie i cienko na pod\u0142o\u017ce, a\u017c powierzchnia stanie si\u0119 matowo wilgotna.<\/li>\n<\/ul>\n\n\n\n<ul class=\"wp-block-list\">\n<li>Nak\u0142ada si\u0119 p\u0119dzlem, wa\u0142kiem piankowym, \u015bciereczk\u0105 z mikrofibry lub metod\u0105 natryskow\u0105.<\/li>\n<\/ul>\n\n\n\n<ul class=\"wp-block-list\">\n<li>Nale\u017cy unika\u0107 tworzenia si\u0119 ka\u0142u\u017c. Nadmiar \u015brodka hydroizolacyjnego nale\u017cy usun\u0105\u0107 z pod\u0142o\u017ca.<\/li>\n<\/ul>\n<\/div>\n\n\n\n<div class=\"wp-block-column is-layout-flow wp-block-column-is-layout-flow\">\n<ul class=\"wp-block-list\">\n<li>Po na\u0142o\u017ceniu <strong>V24 Monument Stone<\/strong> musi pozostawa\u0107 w kontakcie z powierzchni\u0105 przez kilka sekund w postaci p\u0142ynnego filmu.<\/li>\n<\/ul>\n\n\n\n<ul class=\"wp-block-list\">\n<li>Pe\u0142na funkcjonalno\u015b\u0107 nast\u0119puje po 48 godzinach suszenia w temperaturze pokojowej. G\u0142\u0119bokie suszenie mo\u017ce si\u0119 r\u00f3wnie\u017c r\u00f3\u017cni\u0107 w zale\u017cno\u015bci od pod\u0142o\u017ca.<\/li>\n<\/ul>\n\n\n\n<p>Szczeg\u00f3\u0142owy opis aplikacji mo\u017cna znale\u017a\u0107 w naszej karcie danych<\/p>\n\n\n\n<p>Wysoce skuteczne p\u0142ynne uszczelnienie szk\u0142a do zabytkowych wyrob\u00f3w z kamienia i bloczk\u00f3w betonowych.<\/p>\n\n\n\n<p>\u2713 Beton (artyku\u0142y)<\/p>\n\n\n\n<p>\u2713 Kamie\u0144 (Artyku\u0142y)<\/p>\n\n\n\n<p>\u2713 Systemy p\u0142yt i kostki brukowej<\/p>\n\n\n\n<p>\u2713 Kamienie pomnikowe<\/p>\n<\/div>\n<\/div>\n","protected":false},"excerpt":{"rendered":"<p><strong>Odporny na olej, wod\u0119 i brud p\u0142ynny uszczelniacz do szk\u0142a do powierzchni kamiennych i betonowych<\/strong><\/p>\n<p>\u2713 D\u0142ugotrwa\u0142a ochrona poprzez chemiczne wi\u0105zanie pod\u0142o\u017ca<\/p>\n<p>\u2713 Wysoce odporny na olej, wod\u0119 i brud<\/p>\n<p>\u2713 D\u0142ugotrwa\u0142a ochrona kamienia pomnikowego<\/p>\n<p>\u2713 Ograniczenie wzrostu glon\u00f3w i mchu<\/p>\n<p>\u2713 Nieprzywieraj\u0105cy efekt<\/p>\n","protected":false},"featured_media":18148,"template":"","meta":{"_acf_changed":false,"neve_meta_sidebar":"","neve_meta_container":"","neve_meta_enable_content_width":"","neve_meta_content_width":0,"neve_meta_title_alignment":"","neve_meta_author_avatar":"","neve_post_elements_order":"","neve_meta_disable_header":"","neve_meta_disable_footer":"","neve_meta_disable_title":"","neve_meta_reading_time":"","_surfaces":[],"_ver_product_tabs":[],"footnotes":""},"product_brand":[],"product_cat":[2415],"product_tag":[],"class_list":{"0":"post-24100","1":"product","2":"type-product","3":"status-publish","4":"has-post-thumbnail","6":"product_cat-uszczelnianie-kamienia-i-betonu","8":"first","9":"onbackorder","10":"taxable","11":"shipping-taxable","12":"purchasable","13":"product-type-simple"},"acf":[],"yoast_head":"<!-- This site is optimized with the Yoast SEO Premium plugin v22.8 (Yoast SEO v27.5) - https:\/\/yoast.com\/product\/yoast-seo-premium-wordpress\/ -->\n<title>Monument Stone - Uszczelniacz do kamienia i betonu w p\u0142ynie do szk\u0142a - versiegelung24.com<\/title>\n<meta name=\"robots\" content=\"index, follow, max-snippet:-1, max-image-preview:large, max-video-preview:-1\" \/>\n<link rel=\"canonical\" href=\"https:\/\/www.versiegelung24.com\/pl\/uszczelnienie-pomnikowo-kamieniowo-betonowe-o-wysokiej-wydajnosci.html\" \/>\n<meta property=\"og:locale\" content=\"pl_PL\" \/>\n<meta property=\"og:type\" content=\"article\" \/>\n<meta property=\"og:title\" content=\"Monument Stone - Uszczelniacz do kamienia i betonu w p\u0142ynie do szk\u0142a\" \/>\n<meta property=\"og:description\" content=\"Odporny na olej, wod\u0119 i brud p\u0142ynny uszczelniacz do szk\u0142a do powierzchni kamiennych i betonowych \u2713 D\u0142ugotrwa\u0142a ochrona poprzez chemiczne wi\u0105zanie pod\u0142o\u017ca \u2713 Wysoce odporny na olej, wod\u0119 i brud \u2713 D\u0142ugotrwa\u0142a ochrona kamienia pomnikowego \u2713 Ograniczenie wzrostu glon\u00f3w i mchu \u2713 Nieprzywieraj\u0105cy efekt\" \/>\n<meta property=\"og:url\" content=\"https:\/\/www.versiegelung24.com\/pl\/uszczelnienie-pomnikowo-kamieniowo-betonowe-o-wysokiej-wydajnosci.html\" \/>\n<meta property=\"og:site_name\" content=\"versiegelung24.com\" \/>\n<meta property=\"article:modified_time\" content=\"2025-03-20T08:53:59+00:00\" \/>\n<meta property=\"og:image\" content=\"https:\/\/www.versiegelung24.com\/wp-content\/uploads\/2020\/06\/produkt-3009-7637-1000-Monument-Stone-scaled.jpg\" \/>\n\t<meta property=\"og:image:width\" content=\"2560\" \/>\n\t<meta property=\"og:image:height\" content=\"2560\" \/>\n\t<meta property=\"og:image:type\" content=\"image\/jpeg\" \/>\n<meta name=\"twitter:card\" content=\"summary_large_image\" \/>\n<meta name=\"twitter:label1\" content=\"Cena\" \/>\n\t<meta name=\"twitter:data1\" content=\"89,99&euro;\" \/>\n\t<meta name=\"twitter:label2\" content=\"Dost\u0119pno\u015b\u0107\" \/>\n\t<meta name=\"twitter:data2\" content=\"Na zam\u00f3wienie\" \/>\n<script type=\"application\/ld+json\" class=\"yoast-schema-graph\">{\"@context\":\"https:\\\/\\\/schema.org\",\"@graph\":[{\"@type\":\"WebPage\",\"@id\":\"https:\\\/\\\/www.versiegelung24.com\\\/pl\\\/uszczelnienie-pomnikowo-kamieniowo-betonowe-o-wysokiej-wydajnosci.html\",\"url\":\"https:\\\/\\\/www.versiegelung24.com\\\/pl\\\/uszczelnienie-pomnikowo-kamieniowo-betonowe-o-wysokiej-wydajnosci.html\",\"name\":\"Monument Stone - Uszczelniacz do kamienia i betonu w p\u0142ynie do szk\u0142a - versiegelung24.com\",\"isPartOf\":{\"@id\":\"https:\\\/\\\/www.versiegelung24.com\\\/pl\\\/#website\"},\"primaryImageOfPage\":{\"@id\":\"https:\\\/\\\/www.versiegelung24.com\\\/pl\\\/uszczelnienie-pomnikowo-kamieniowo-betonowe-o-wysokiej-wydajnosci.html#primaryimage\"},\"image\":{\"@id\":\"https:\\\/\\\/www.versiegelung24.com\\\/pl\\\/uszczelnienie-pomnikowo-kamieniowo-betonowe-o-wysokiej-wydajnosci.html#primaryimage\"},\"thumbnailUrl\":\"https:\\\/\\\/www.versiegelung24.com\\\/wp-content\\\/uploads\\\/2020\\\/06\\\/produkt-3009-7637-1000-Monument-Stone-scaled.jpg\",\"datePublished\":\"2021-08-02T20:24:36+00:00\",\"dateModified\":\"2025-03-20T08:53:59+00:00\",\"breadcrumb\":{\"@id\":\"https:\\\/\\\/www.versiegelung24.com\\\/pl\\\/uszczelnienie-pomnikowo-kamieniowo-betonowe-o-wysokiej-wydajnosci.html#breadcrumb\"},\"inLanguage\":\"pl-PL\",\"potentialAction\":[{\"@type\":\"ReadAction\",\"target\":[\"https:\\\/\\\/www.versiegelung24.com\\\/pl\\\/uszczelnienie-pomnikowo-kamieniowo-betonowe-o-wysokiej-wydajnosci.html\"]}]},{\"@type\":\"ImageObject\",\"inLanguage\":\"pl-PL\",\"@id\":\"https:\\\/\\\/www.versiegelung24.com\\\/pl\\\/uszczelnienie-pomnikowo-kamieniowo-betonowe-o-wysokiej-wydajnosci.html#primaryimage\",\"url\":\"https:\\\/\\\/www.versiegelung24.com\\\/wp-content\\\/uploads\\\/2020\\\/06\\\/produkt-3009-7637-1000-Monument-Stone-scaled.jpg\",\"contentUrl\":\"https:\\\/\\\/www.versiegelung24.com\\\/wp-content\\\/uploads\\\/2020\\\/06\\\/produkt-3009-7637-1000-Monument-Stone-scaled.jpg\",\"width\":2560,\"height\":2560},{\"@type\":\"BreadcrumbList\",\"@id\":\"https:\\\/\\\/www.versiegelung24.com\\\/pl\\\/uszczelnienie-pomnikowo-kamieniowo-betonowe-o-wysokiej-wydajnosci.html#breadcrumb\",\"itemListElement\":[{\"@type\":\"ListItem\",\"position\":1,\"name\":\"Strona g\u0142\u00f3wna\",\"item\":\"https:\\\/\\\/www.versiegelung24.com\\\/pl\\\/przod\\\/\"},{\"@type\":\"ListItem\",\"position\":2,\"name\":\"Sklep\",\"item\":\"https:\\\/\\\/www.versiegelung24.com\\\/pl\\\/sklep\\\/\"},{\"@type\":\"ListItem\",\"position\":3,\"name\":\"Monument Stone &#8211; Uszczelniacz do kamienia i betonu w p\u0142ynie do szk\u0142a\"}]},{\"@type\":\"WebSite\",\"@id\":\"https:\\\/\\\/www.versiegelung24.com\\\/pl\\\/#website\",\"url\":\"https:\\\/\\\/www.versiegelung24.com\\\/pl\\\/\",\"name\":\"versiegelung24.com\",\"description\":\"Fl\u00fcssigglas-Versiegelung - Made in Germany\",\"publisher\":{\"@id\":\"https:\\\/\\\/www.versiegelung24.com\\\/pl\\\/#organization\"},\"potentialAction\":[{\"@type\":\"SearchAction\",\"target\":{\"@type\":\"EntryPoint\",\"urlTemplate\":\"https:\\\/\\\/www.versiegelung24.com\\\/pl\\\/?s={search_term_string}\"},\"query-input\":{\"@type\":\"PropertyValueSpecification\",\"valueRequired\":true,\"valueName\":\"search_term_string\"}}],\"inLanguage\":\"pl-PL\"},{\"@type\":\"Organization\",\"@id\":\"https:\\\/\\\/www.versiegelung24.com\\\/pl\\\/#organization\",\"name\":\"versiegelung24\",\"url\":\"https:\\\/\\\/www.versiegelung24.com\\\/pl\\\/\",\"logo\":{\"@type\":\"ImageObject\",\"inLanguage\":\"pl-PL\",\"@id\":\"https:\\\/\\\/www.versiegelung24.com\\\/pl\\\/#\\\/schema\\\/logo\\\/image\\\/\",\"url\":\"https:\\\/\\\/www.versiegelung24.com\\\/wp-content\\\/uploads\\\/2020\\\/04\\\/versiegelung24.png\",\"contentUrl\":\"https:\\\/\\\/www.versiegelung24.com\\\/wp-content\\\/uploads\\\/2020\\\/04\\\/versiegelung24.png\",\"width\":470,\"height\":102,\"caption\":\"versiegelung24\"},\"image\":{\"@id\":\"https:\\\/\\\/www.versiegelung24.com\\\/pl\\\/#\\\/schema\\\/logo\\\/image\\\/\"}}]}<\/script>\n<meta property=\"product:price:amount\" content=\"89.99\" \/>\n<meta property=\"product:price:currency\" content=\"EUR\" \/>\n<meta property=\"og:availability\" content=\"backorder\" \/>\n<meta property=\"product:availability\" content=\"available for order\" \/>\n<meta property=\"product:retailer_item_id\" content=\"3009-8637-1\" \/>\n<meta property=\"product:condition\" content=\"new\" \/>\n<!-- \/ Yoast SEO Premium plugin. -->","yoast_head_json":{"title":"Monument Stone - Uszczelniacz do kamienia i betonu w p\u0142ynie do szk\u0142a - versiegelung24.com","robots":{"index":"index","follow":"follow","max-snippet":"max-snippet:-1","max-image-preview":"max-image-preview:large","max-video-preview":"max-video-preview:-1"},"canonical":"https:\/\/www.versiegelung24.com\/pl\/uszczelnienie-pomnikowo-kamieniowo-betonowe-o-wysokiej-wydajnosci.html","og_locale":"pl_PL","og_type":"article","og_title":"Monument Stone - Uszczelniacz do kamienia i betonu w p\u0142ynie do szk\u0142a","og_description":"Odporny na olej, wod\u0119 i brud p\u0142ynny uszczelniacz do szk\u0142a do powierzchni kamiennych i betonowych \u2713 D\u0142ugotrwa\u0142a ochrona poprzez chemiczne wi\u0105zanie pod\u0142o\u017ca \u2713 Wysoce odporny na olej, wod\u0119 i brud \u2713 D\u0142ugotrwa\u0142a ochrona kamienia pomnikowego \u2713 Ograniczenie wzrostu glon\u00f3w i mchu \u2713 Nieprzywieraj\u0105cy efekt","og_url":"https:\/\/www.versiegelung24.com\/pl\/uszczelnienie-pomnikowo-kamieniowo-betonowe-o-wysokiej-wydajnosci.html","og_site_name":"versiegelung24.com","article_modified_time":"2025-03-20T08:53:59+00:00","og_image":[{"width":2560,"height":2560,"url":"https:\/\/www.versiegelung24.com\/wp-content\/uploads\/2020\/06\/produkt-3009-7637-1000-Monument-Stone-scaled.jpg","type":"image\/jpeg"}],"twitter_card":"summary_large_image","twitter_misc":{"Cena":"89,99&euro;","Dost\u0119pno\u015b\u0107":"Na zam\u00f3wienie"},"schema":{"@context":"https:\/\/schema.org","@graph":[{"@type":"WebPage","@id":"https:\/\/www.versiegelung24.com\/pl\/uszczelnienie-pomnikowo-kamieniowo-betonowe-o-wysokiej-wydajnosci.html","url":"https:\/\/www.versiegelung24.com\/pl\/uszczelnienie-pomnikowo-kamieniowo-betonowe-o-wysokiej-wydajnosci.html","name":"Monument Stone - Uszczelniacz do kamienia i betonu w p\u0142ynie do szk\u0142a - versiegelung24.com","isPartOf":{"@id":"https:\/\/www.versiegelung24.com\/pl\/#website"},"primaryImageOfPage":{"@id":"https:\/\/www.versiegelung24.com\/pl\/uszczelnienie-pomnikowo-kamieniowo-betonowe-o-wysokiej-wydajnosci.html#primaryimage"},"image":{"@id":"https:\/\/www.versiegelung24.com\/pl\/uszczelnienie-pomnikowo-kamieniowo-betonowe-o-wysokiej-wydajnosci.html#primaryimage"},"thumbnailUrl":"https:\/\/www.versiegelung24.com\/wp-content\/uploads\/2020\/06\/produkt-3009-7637-1000-Monument-Stone-scaled.jpg","datePublished":"2021-08-02T20:24:36+00:00","dateModified":"2025-03-20T08:53:59+00:00","breadcrumb":{"@id":"https:\/\/www.versiegelung24.com\/pl\/uszczelnienie-pomnikowo-kamieniowo-betonowe-o-wysokiej-wydajnosci.html#breadcrumb"},"inLanguage":"pl-PL","potentialAction":[{"@type":"ReadAction","target":["https:\/\/www.versiegelung24.com\/pl\/uszczelnienie-pomnikowo-kamieniowo-betonowe-o-wysokiej-wydajnosci.html"]}]},{"@type":"ImageObject","inLanguage":"pl-PL","@id":"https:\/\/www.versiegelung24.com\/pl\/uszczelnienie-pomnikowo-kamieniowo-betonowe-o-wysokiej-wydajnosci.html#primaryimage","url":"https:\/\/www.versiegelung24.com\/wp-content\/uploads\/2020\/06\/produkt-3009-7637-1000-Monument-Stone-scaled.jpg","contentUrl":"https:\/\/www.versiegelung24.com\/wp-content\/uploads\/2020\/06\/produkt-3009-7637-1000-Monument-Stone-scaled.jpg","width":2560,"height":2560},{"@type":"BreadcrumbList","@id":"https:\/\/www.versiegelung24.com\/pl\/uszczelnienie-pomnikowo-kamieniowo-betonowe-o-wysokiej-wydajnosci.html#breadcrumb","itemListElement":[{"@type":"ListItem","position":1,"name":"Strona g\u0142\u00f3wna","item":"https:\/\/www.versiegelung24.com\/pl\/przod\/"},{"@type":"ListItem","position":2,"name":"Sklep","item":"https:\/\/www.versiegelung24.com\/pl\/sklep\/"},{"@type":"ListItem","position":3,"name":"Monument Stone &#8211; Uszczelniacz do kamienia i betonu w p\u0142ynie do szk\u0142a"}]},{"@type":"WebSite","@id":"https:\/\/www.versiegelung24.com\/pl\/#website","url":"https:\/\/www.versiegelung24.com\/pl\/","name":"versiegelung24.com","description":"Fl\u00fcssigglas-Versiegelung - Made in Germany","publisher":{"@id":"https:\/\/www.versiegelung24.com\/pl\/#organization"},"potentialAction":[{"@type":"SearchAction","target":{"@type":"EntryPoint","urlTemplate":"https:\/\/www.versiegelung24.com\/pl\/?s={search_term_string}"},"query-input":{"@type":"PropertyValueSpecification","valueRequired":true,"valueName":"search_term_string"}}],"inLanguage":"pl-PL"},{"@type":"Organization","@id":"https:\/\/www.versiegelung24.com\/pl\/#organization","name":"versiegelung24","url":"https:\/\/www.versiegelung24.com\/pl\/","logo":{"@type":"ImageObject","inLanguage":"pl-PL","@id":"https:\/\/www.versiegelung24.com\/pl\/#\/schema\/logo\/image\/","url":"https:\/\/www.versiegelung24.com\/wp-content\/uploads\/2020\/04\/versiegelung24.png","contentUrl":"https:\/\/www.versiegelung24.com\/wp-content\/uploads\/2020\/04\/versiegelung24.png","width":470,"height":102,"caption":"versiegelung24"},"image":{"@id":"https:\/\/www.versiegelung24.com\/pl\/#\/schema\/logo\/image\/"}}]},"product_price_amount":"89.99","product_price_currency":"EUR","og_availability":"backorder","product_availability":"available for order","product_retailer_item_id":"3009-8637-1","product_condition":"new"},"_links":{"self":[{"href":"https:\/\/www.versiegelung24.com\/pl\/wp-json\/wp\/v2\/product\/24100","targetHints":{"allow":["GET"]}}],"collection":[{"href":"https:\/\/www.versiegelung24.com\/pl\/wp-json\/wp\/v2\/product"}],"about":[{"href":"https:\/\/www.versiegelung24.com\/pl\/wp-json\/wp\/v2\/types\/product"}],"version-history":[{"count":28,"href":"https:\/\/www.versiegelung24.com\/pl\/wp-json\/wp\/v2\/product\/24100\/revisions"}],"predecessor-version":[{"id":181047,"href":"https:\/\/www.versiegelung24.com\/pl\/wp-json\/wp\/v2\/product\/24100\/revisions\/181047"}],"wp:featuredmedia":[{"embeddable":true,"href":"https:\/\/www.versiegelung24.com\/pl\/wp-json\/wp\/v2\/media\/18148"}],"wp:attachment":[{"href":"https:\/\/www.versiegelung24.com\/pl\/wp-json\/wp\/v2\/media?parent=24100"}],"wp:term":[{"taxonomy":"product_brand","embeddable":true,"href":"https:\/\/www.versiegelung24.com\/pl\/wp-json\/wp\/v2\/product_brand?post=24100"},{"taxonomy":"product_cat","embeddable":true,"href":"https:\/\/www.versiegelung24.com\/pl\/wp-json\/wp\/v2\/product_cat?post=24100"},{"taxonomy":"product_tag","embeddable":true,"href":"https:\/\/www.versiegelung24.com\/pl\/wp-json\/wp\/v2\/product_tag?post=24100"}],"curies":[{"name":"wp","href":"https:\/\/api.w.org\/{rel}","templated":true}]}}