{"id":24630,"date":"2020-04-27T22:20:08","date_gmt":"2021-08-02T20:52:12","guid":{"rendered":"https:\/\/www.versiegelung24.com\/produkt\/wb-rapid-on-uszczelniacz-i-lakier-do-lakieru-samochodowego-o-glebokim-polysku"},"modified":"2025-01-04T00:04:54","modified_gmt":"2025-01-03T23:04:54","slug":"wb-szybko-na-gleboki-polysk-autolak-uszczelniajacy-finisher","status":"publish","type":"product","link":"https:\/\/www.versiegelung24.com\/pl\/wb-szybko-na-gleboki-polysk-autolak-uszczelniajacy-finisher.html","title":{"rendered":"WB Rapid On &#8211; uszczelniacz i lakier do lakieru samochodowego o g\u0142\u0119bokim po\u0142ysku"},"content":{"rendered":"\n<p><strong>WB Rapid On: Uszczelniacz i finiszer o g\u0142\u0119bokim po\u0142ysku klasy premium, idealny do lakier\u00f3w samochodowych &#8211; <\/strong><strong><em>na bazie wody &#8211; rapid on<\/em><\/strong><\/p>\n\n<p>Ma zastosowanie jako \u201ewyko\u0144czenie\u201d dla<a href=\"https:\/\/www.versiegelung24.com\/muster-permanent-protector\/\"> Wysokiej klasy pow\u0142oka ceramiczna Permanent Protector<\/a> lub<a href=\"https:\/\/www.versiegelung24.com\/autolack-spezial-politur-versiegelung-2in1\/\"> Lakier samochodowy specjalny polerowanie i uszczelnianie 2w1<\/a> .<\/p>\n\n<p>Numer artyku\u0142u: 5002-7654<\/p>\n\n<p>Wysoka jako\u015b\u0107 Made in Germany<\/p>\n\n<p><strong>V24 WB Rapid On &#8211; g\u0142\u0119boki po\u0142ysk lakieru samochodowego i lakieru wyko\u0144czeniowego<\/strong> tworzy ultra cienk\u0105 warstw\u0119 na powierzchni poprzez elektrostatyczne wi\u0105zanie miliard\u00f3w male\u0144kich cz\u0105steczek krzemu, por\u00f3wnywalne do efektu male\u0144kich magnes\u00f3w, kt\u00f3re \u0142\u0105cz\u0105 si\u0119 ze sob\u0105 i z podpowierzchni\u0105. W rezultacie mikroskopijne pory i kapilary s\u0105 uszczelnione, a cz\u0105steczki brudu i inne zanieczyszczenia nie s\u0105 ju\u017c w stanie przylgn\u0105\u0107 do znacznie g\u0142adszej teraz warstwy. Dzi\u0119ki temu powierzchnie s\u0105 znacznie \u0142atwiejsze do czyszczenia (\u201e\u0142atwe do czyszczenia\u201d), hydrofobowe (hydrofobowe) i maj\u0105 wysoki po\u0142ysk.<\/p>\n\n<hr\/>\n\n<h4 class=\"wp-block-heading\" id=\"properties\">Cechy produktu<\/h4>\n\n<div class=\"wp-block-columns is-layout-flex wp-container-core-columns-is-layout-9d6595d7 wp-block-columns-is-layout-flex\">\n<div class=\"wp-block-column is-layout-flow wp-block-column-is-layout-flow\">\n<ul class=\"wp-block-list\">\n<li>Efekt wysokiego po\u0142ysku<\/li>\n\n\n\n<li>Mo\u017cna \u0142\u0105czy\u0107 jako wyko\u0144czenie o g\u0142\u0119bokim po\u0142ysku dla naszych trwa\u0142ych lakier\u00f3w<\/li>\n\n\n\n<li>Znakomity efekt \u0142atwego czyszczenia, przywieraj\u0105cego brudu, np. z ptasich odchod\u00f3w, owad\u00f3w i innych agresywnych plam, powierzchnie brudz\u0105 si\u0119 znacznie wolniej<\/li>\n\n\n\n<li>Silny efekt hydrofobowy (wodoodporno\u015b\u0107)<\/li>\n\n\n\n<li>Nanotechnologia SiO\u00b2<\/li>\n\n\n\n<li>Na bazie wody, bez rozpuszczalnik\u00f3w i bez zapachu<\/li>\n\n\n\n<li>Odporny chemicznie na \u015brodki czyszcz\u0105ce (do pH 10)<\/li>\n\n\n\n<li>Prosta aplikacja<\/li>\n\n\n\n<li>Bardziej stabilne po\u0142\u0105czenie ni\u017c preparaty na bazie wosku lub oleju silikonowego<\/li>\n\n\n\n<li>odporny na promieniowanie UV \/ mrozoodporny \/ odporny na s\u0142on\u0105 wod\u0119 \/ niewidoczny (grubo\u015b\u0107 warstwy: 40-50nm)<\/li>\n\n\n\n<li>Oszcz\u0119dno\u015b\u0107 koszt\u00f3w, czasu i energii dzi\u0119ki wyd\u0142u\u017conym cyklom czyszczenia<\/li>\n<\/ul>\n<\/div>\n\n\n\n<div class=\"wp-block-column is-layout-flow wp-block-column-is-layout-flow\">\n<ul id=\"block-cb512caf-6c3b-4dfc-8f82-809b2295b24e\" class=\"wp-block-list\">\n<li>Nietoksyczny i niepalny<\/li>\n\n\n\n<li>Okres wa\u017cno\u015bci: 3 &#8211; 6 miesi\u0119cy (w zale\u017cno\u015bci od zastosowania)<\/li>\n\n\n\n<li>Jedwabi\u015bcie g\u0142adka powierzchnia, bardzo dobre wyczucie<\/li>\n\n\n\n<li>Odporny na prawie wszystkie kwasy, rozpuszczalniki i alkaliczne \u015brodki czyszcz\u0105ce stosowane w gospodarstwie domowym<\/li>\n\n\n\n<li>Du\u017co bardziej stabilny ni\u017c woski czy produkty na bazie oleju silikonowego<\/li>\n\n\n\n<li>\u0141atwo biodegradowalny (wed\u0142ug kryteri\u00f3w OECD)<\/li>\n\n\n\n<li>Wysoka odporno\u015b\u0107 na \u015bcieranie w przypadku cz\u0105stek przenoszonych przez wiatr<\/li>\n\n\n\n<li>Odporny na temperatur\u0119 od -40 do + 200 \u00b0 C<\/li>\n\n\n\n<li>odporny na ph od 1-10<\/li>\n\n\n\n<li>Nie cytotoksyczny zgodnie z ISO 10993-5 + 12<\/li>\n\n\n\n<li>G\u0119sto\u015b\u0107 ok. 1,00 g\/cm\u00b3<\/li>\n\n\n\n<li>Grubo\u015b\u0107 warstwy: ok. 40-50nm<\/li>\n\n\n\n<li>Bez LZO (bez towar\u00f3w niebezpiecznych)<\/li>\n\n\n\n<li>Silne w\u0142a\u015bciwo\u015bci nieprzywieraj\u0105ce (powierzchnie brudz\u0105 si\u0119 znacznie wolniej)<\/li>\n<\/ul>\n<\/div>\n<\/div>\n\n<div class=\"wp-block-columns is-layout-flex wp-container-core-columns-is-layout-9d6595d7 wp-block-columns-is-layout-flex\">\n<div class=\"wp-block-column is-layout-flow wp-block-column-is-layout-flow\">\n<p><br\/><br\/><br\/><br\/><br\/><br\/>K<strong>r\u00f3tka charakterystyka<\/strong> Temperatura stosowania: 0 &#8211; 45\u00b0C m\u00b2 na litr: 100m\u00b2 Okres trwa\u0142o\u015bci szczeliwa: 3-6 miesi\u0119cy Okres trwa\u0142o\u015bci p\u0142ynu: do 1 roku Temperatura przechowywania: 0 &#8211; 30\u00b0C (chroni\u0107 przed \u015bwiat\u0142em s\u0142onecznym) Czas utwardzania: 5 minut, powierzchnia mo\u017ce by\u0107 u\u017cywana natychmiast.<\/p>\n\n\n\n<p><br\/><br\/>Z<strong>akres dostawy<\/strong>: 1 x litrowa butelka 1 x opis produktu<\/p>\n<\/div>\n\n\n\n<div class=\"wp-block-column is-layout-flow wp-block-column-is-layout-flow\">\n<p><br\/><br\/><br\/><br\/>T<strong>esty<\/strong> Test SMI Test korozji warstwowej, zgodnie z ASTM F 1110 Test sp\u0119kania akrylu, zgodnie z ASTM F 484 Test zmi\u0119kczania farby typu C, zgodnie z ASTM F 502 Test krucho\u015bci wodorowej, zgodnie z ASTM F 519-93<\/p>\n\n\n\n<p><br\/>Certyfikowany przez Boeinga DuPont\u2122 Marine Finishes:<strong>WB Rapid On &#8211; Deep Gloss Sealer &amp; Finisher<\/strong> zosta\u0142 przetestowany na jachtach DuPont\u2122 Marine Finishes Topgloss SF i DP6940 Imron\u00ae Super Flow HS Clear Coat. Nie zaobserwowano negatywnego wp\u0142ywu na pow\u0142oki.<\/p>\n\n\n\n<p>Numer taryfy celnej: 3402 9090, brak towar\u00f3w niebezpiecznych (NDG)<\/p>\n<\/div>\n<\/div>\n\n<hr\/>\n\n<h4 class=\"wp-block-heading\" id=\"application\">Zastosowanie<\/h4>\n\n<p><strong>V24 WB Rapid On &#8211; g\u0142\u0119boki po\u0142ysk lakieru samochodowego i lakieru wyko\u0144czeniowego<\/strong> mo\u017cna optymalnie zastosowa\u0107 do<strong> :<\/strong><\/p>\n\n<p><br\/><br\/>&#8211; Lakier samochodowy (jako samodzielny uszczelniacz lub jako &#8220;wyko\u0144czenie&#8221; naszych uszczelniaczy 640 i 660, z jednego litra mo\u017cna uszczelni\u0107 oko\u0142o 8-10 samochod\u00f3w) &#8211; \u0141odzie &#8211; W gospodarstwie domowym, np.<br\/><br\/><br\/><br\/><br\/><br\/><br\/>do kabin prysznicowych, okien i ram drzwi &#8211; powierzchni ze stali nierdzewnej &#8211; powierzchni malowanych i metalowych &#8211; szk\u0142a &#8211; materia\u0142\u00f3w syntetycznych &#8211; gumy &#8211; chromu &#8211; wizjer\u00f3w (wizjer\u00f3w narciarskich i motocyklowych, zw\u0142aszcza je\u015bli nale\u017cy unika\u0107 uszczelniaczy na bazie rozpuszczalnik\u00f3w)<\/p>\n","protected":false},"excerpt":{"rendered":"<p><strong>Uszczelniacz i wyko\u0144czenie premium o g\u0142\u0119bokim po\u0142ysku<\/strong><\/p>\n<p>\u2713 idealny do lakier\u00f3w samochodowych<\/p>\n<p><em>\u2713<\/em> <em>na bazie wody &#8211; szybkie na<\/em><\/p>\n","protected":false},"featured_media":18400,"template":"","meta":{"_acf_changed":false,"neve_meta_sidebar":"","neve_meta_container":"","neve_meta_enable_content_width":"","neve_meta_content_width":0,"neve_meta_title_alignment":"","neve_meta_author_avatar":"","neve_post_elements_order":"","neve_meta_disable_header":"","neve_meta_disable_footer":"","neve_meta_disable_title":"","neve_meta_reading_time":"","_surfaces":[],"_ver_product_tabs":[],"footnotes":""},"product_brand":[],"product_cat":[2170],"product_tag":[],"class_list":{"0":"post-24630","1":"product","2":"type-product","3":"status-publish","4":"has-post-thumbnail","6":"product_cat-uszczelnianie-samochodu","8":"first","9":"instock","10":"taxable","11":"shipping-taxable","12":"purchasable","13":"product-type-simple"},"acf":[],"yoast_head":"<!-- This site is optimized with the Yoast SEO Premium plugin v22.8 (Yoast SEO v27.5) - https:\/\/yoast.com\/product\/yoast-seo-premium-wordpress\/ -->\n<title>WB Rapid On - uszczelniacz i lakier do lakieru samochodowego o g\u0142\u0119bokim po\u0142ysku - versiegelung24.com<\/title>\n<meta name=\"robots\" content=\"index, follow, max-snippet:-1, max-image-preview:large, max-video-preview:-1\" \/>\n<link rel=\"canonical\" href=\"https:\/\/www.versiegelung24.com\/pl\/wb-szybko-na-gleboki-polysk-autolak-uszczelniajacy-finisher.html\" \/>\n<meta property=\"og:locale\" content=\"pl_PL\" \/>\n<meta property=\"og:type\" content=\"article\" \/>\n<meta property=\"og:title\" content=\"WB Rapid On - uszczelniacz i lakier do lakieru samochodowego o g\u0142\u0119bokim po\u0142ysku\" \/>\n<meta property=\"og:description\" content=\"Uszczelniacz i wyko\u0144czenie premium o g\u0142\u0119bokim po\u0142ysku \u2713 idealny do lakier\u00f3w samochodowych \u2713 na bazie wody - szybkie na\" \/>\n<meta property=\"og:url\" content=\"https:\/\/www.versiegelung24.com\/pl\/wb-szybko-na-gleboki-polysk-autolak-uszczelniajacy-finisher.html\" \/>\n<meta property=\"og:site_name\" content=\"versiegelung24.com\" \/>\n<meta property=\"article:modified_time\" content=\"2025-01-03T23:04:54+00:00\" \/>\n<meta property=\"og:image\" content=\"https:\/\/www.versiegelung24.com\/wp-content\/uploads\/2020\/06\/produkt-5002-7654-1000-WB-Rapid-On-scaled.jpg\" \/>\n\t<meta property=\"og:image:width\" content=\"2560\" \/>\n\t<meta property=\"og:image:height\" content=\"2560\" \/>\n\t<meta property=\"og:image:type\" content=\"image\/jpeg\" \/>\n<meta name=\"twitter:card\" content=\"summary_large_image\" \/>\n<meta name=\"twitter:label1\" content=\"Cena\" \/>\n\t<meta name=\"twitter:data1\" content=\"69,00&euro;\" \/>\n\t<meta name=\"twitter:label2\" content=\"Dost\u0119pno\u015b\u0107\" \/>\n\t<meta name=\"twitter:data2\" content=\"Dost\u0119pny\" \/>\n<script type=\"application\/ld+json\" class=\"yoast-schema-graph\">{\"@context\":\"https:\\\/\\\/schema.org\",\"@graph\":[{\"@type\":\"WebPage\",\"@id\":\"https:\\\/\\\/www.versiegelung24.com\\\/pl\\\/wb-szybko-na-gleboki-polysk-autolak-uszczelniajacy-finisher.html\",\"url\":\"https:\\\/\\\/www.versiegelung24.com\\\/pl\\\/wb-szybko-na-gleboki-polysk-autolak-uszczelniajacy-finisher.html\",\"name\":\"WB Rapid On - uszczelniacz i lakier do lakieru samochodowego o g\u0142\u0119bokim po\u0142ysku - versiegelung24.com\",\"isPartOf\":{\"@id\":\"https:\\\/\\\/www.versiegelung24.com\\\/pl\\\/#website\"},\"primaryImageOfPage\":{\"@id\":\"https:\\\/\\\/www.versiegelung24.com\\\/pl\\\/wb-szybko-na-gleboki-polysk-autolak-uszczelniajacy-finisher.html#primaryimage\"},\"image\":{\"@id\":\"https:\\\/\\\/www.versiegelung24.com\\\/pl\\\/wb-szybko-na-gleboki-polysk-autolak-uszczelniajacy-finisher.html#primaryimage\"},\"thumbnailUrl\":\"https:\\\/\\\/www.versiegelung24.com\\\/wp-content\\\/uploads\\\/2020\\\/06\\\/produkt-5002-7654-1000-WB-Rapid-On-scaled.jpg\",\"datePublished\":\"2021-08-02T20:52:12+00:00\",\"dateModified\":\"2025-01-03T23:04:54+00:00\",\"breadcrumb\":{\"@id\":\"https:\\\/\\\/www.versiegelung24.com\\\/pl\\\/wb-szybko-na-gleboki-polysk-autolak-uszczelniajacy-finisher.html#breadcrumb\"},\"inLanguage\":\"pl-PL\",\"potentialAction\":[{\"@type\":\"ReadAction\",\"target\":[\"https:\\\/\\\/www.versiegelung24.com\\\/pl\\\/wb-szybko-na-gleboki-polysk-autolak-uszczelniajacy-finisher.html\"]}]},{\"@type\":\"ImageObject\",\"inLanguage\":\"pl-PL\",\"@id\":\"https:\\\/\\\/www.versiegelung24.com\\\/pl\\\/wb-szybko-na-gleboki-polysk-autolak-uszczelniajacy-finisher.html#primaryimage\",\"url\":\"https:\\\/\\\/www.versiegelung24.com\\\/wp-content\\\/uploads\\\/2020\\\/06\\\/produkt-5002-7654-1000-WB-Rapid-On-scaled.jpg\",\"contentUrl\":\"https:\\\/\\\/www.versiegelung24.com\\\/wp-content\\\/uploads\\\/2020\\\/06\\\/produkt-5002-7654-1000-WB-Rapid-On-scaled.jpg\",\"width\":2560,\"height\":2560},{\"@type\":\"BreadcrumbList\",\"@id\":\"https:\\\/\\\/www.versiegelung24.com\\\/pl\\\/wb-szybko-na-gleboki-polysk-autolak-uszczelniajacy-finisher.html#breadcrumb\",\"itemListElement\":[{\"@type\":\"ListItem\",\"position\":1,\"name\":\"Strona g\u0142\u00f3wna\",\"item\":\"https:\\\/\\\/www.versiegelung24.com\\\/pl\\\/przod\\\/\"},{\"@type\":\"ListItem\",\"position\":2,\"name\":\"Sklep\",\"item\":\"https:\\\/\\\/www.versiegelung24.com\\\/pl\\\/sklep\\\/\"},{\"@type\":\"ListItem\",\"position\":3,\"name\":\"WB Rapid On &#8211; uszczelniacz i lakier do lakieru samochodowego o g\u0142\u0119bokim po\u0142ysku\"}]},{\"@type\":\"WebSite\",\"@id\":\"https:\\\/\\\/www.versiegelung24.com\\\/pl\\\/#website\",\"url\":\"https:\\\/\\\/www.versiegelung24.com\\\/pl\\\/\",\"name\":\"versiegelung24.com\",\"description\":\"Fl\u00fcssigglas-Versiegelung - Made in Germany\",\"publisher\":{\"@id\":\"https:\\\/\\\/www.versiegelung24.com\\\/pl\\\/#organization\"},\"potentialAction\":[{\"@type\":\"SearchAction\",\"target\":{\"@type\":\"EntryPoint\",\"urlTemplate\":\"https:\\\/\\\/www.versiegelung24.com\\\/pl\\\/?s={search_term_string}\"},\"query-input\":{\"@type\":\"PropertyValueSpecification\",\"valueRequired\":true,\"valueName\":\"search_term_string\"}}],\"inLanguage\":\"pl-PL\"},{\"@type\":\"Organization\",\"@id\":\"https:\\\/\\\/www.versiegelung24.com\\\/pl\\\/#organization\",\"name\":\"versiegelung24\",\"url\":\"https:\\\/\\\/www.versiegelung24.com\\\/pl\\\/\",\"logo\":{\"@type\":\"ImageObject\",\"inLanguage\":\"pl-PL\",\"@id\":\"https:\\\/\\\/www.versiegelung24.com\\\/pl\\\/#\\\/schema\\\/logo\\\/image\\\/\",\"url\":\"https:\\\/\\\/www.versiegelung24.com\\\/wp-content\\\/uploads\\\/2020\\\/04\\\/versiegelung24.png\",\"contentUrl\":\"https:\\\/\\\/www.versiegelung24.com\\\/wp-content\\\/uploads\\\/2020\\\/04\\\/versiegelung24.png\",\"width\":470,\"height\":102,\"caption\":\"versiegelung24\"},\"image\":{\"@id\":\"https:\\\/\\\/www.versiegelung24.com\\\/pl\\\/#\\\/schema\\\/logo\\\/image\\\/\"}}]}<\/script>\n<meta property=\"product:price:amount\" content=\"69.00\" \/>\n<meta property=\"product:price:currency\" content=\"EUR\" \/>\n<meta property=\"og:availability\" content=\"instock\" \/>\n<meta property=\"product:availability\" content=\"instock\" \/>\n<meta property=\"product:retailer_item_id\" content=\"5002-7654-1000\" \/>\n<meta property=\"product:condition\" content=\"new\" \/>\n<!-- \/ Yoast SEO Premium plugin. -->","yoast_head_json":{"title":"WB Rapid On - uszczelniacz i lakier do lakieru samochodowego o g\u0142\u0119bokim po\u0142ysku - versiegelung24.com","robots":{"index":"index","follow":"follow","max-snippet":"max-snippet:-1","max-image-preview":"max-image-preview:large","max-video-preview":"max-video-preview:-1"},"canonical":"https:\/\/www.versiegelung24.com\/pl\/wb-szybko-na-gleboki-polysk-autolak-uszczelniajacy-finisher.html","og_locale":"pl_PL","og_type":"article","og_title":"WB Rapid On - uszczelniacz i lakier do lakieru samochodowego o g\u0142\u0119bokim po\u0142ysku","og_description":"Uszczelniacz i wyko\u0144czenie premium o g\u0142\u0119bokim po\u0142ysku \u2713 idealny do lakier\u00f3w samochodowych \u2713 na bazie wody - szybkie na","og_url":"https:\/\/www.versiegelung24.com\/pl\/wb-szybko-na-gleboki-polysk-autolak-uszczelniajacy-finisher.html","og_site_name":"versiegelung24.com","article_modified_time":"2025-01-03T23:04:54+00:00","og_image":[{"width":2560,"height":2560,"url":"https:\/\/www.versiegelung24.com\/wp-content\/uploads\/2020\/06\/produkt-5002-7654-1000-WB-Rapid-On-scaled.jpg","type":"image\/jpeg"}],"twitter_card":"summary_large_image","twitter_misc":{"Cena":"69,00&euro;","Dost\u0119pno\u015b\u0107":"Dost\u0119pny"},"schema":{"@context":"https:\/\/schema.org","@graph":[{"@type":"WebPage","@id":"https:\/\/www.versiegelung24.com\/pl\/wb-szybko-na-gleboki-polysk-autolak-uszczelniajacy-finisher.html","url":"https:\/\/www.versiegelung24.com\/pl\/wb-szybko-na-gleboki-polysk-autolak-uszczelniajacy-finisher.html","name":"WB Rapid On - uszczelniacz i lakier do lakieru samochodowego o g\u0142\u0119bokim po\u0142ysku - versiegelung24.com","isPartOf":{"@id":"https:\/\/www.versiegelung24.com\/pl\/#website"},"primaryImageOfPage":{"@id":"https:\/\/www.versiegelung24.com\/pl\/wb-szybko-na-gleboki-polysk-autolak-uszczelniajacy-finisher.html#primaryimage"},"image":{"@id":"https:\/\/www.versiegelung24.com\/pl\/wb-szybko-na-gleboki-polysk-autolak-uszczelniajacy-finisher.html#primaryimage"},"thumbnailUrl":"https:\/\/www.versiegelung24.com\/wp-content\/uploads\/2020\/06\/produkt-5002-7654-1000-WB-Rapid-On-scaled.jpg","datePublished":"2021-08-02T20:52:12+00:00","dateModified":"2025-01-03T23:04:54+00:00","breadcrumb":{"@id":"https:\/\/www.versiegelung24.com\/pl\/wb-szybko-na-gleboki-polysk-autolak-uszczelniajacy-finisher.html#breadcrumb"},"inLanguage":"pl-PL","potentialAction":[{"@type":"ReadAction","target":["https:\/\/www.versiegelung24.com\/pl\/wb-szybko-na-gleboki-polysk-autolak-uszczelniajacy-finisher.html"]}]},{"@type":"ImageObject","inLanguage":"pl-PL","@id":"https:\/\/www.versiegelung24.com\/pl\/wb-szybko-na-gleboki-polysk-autolak-uszczelniajacy-finisher.html#primaryimage","url":"https:\/\/www.versiegelung24.com\/wp-content\/uploads\/2020\/06\/produkt-5002-7654-1000-WB-Rapid-On-scaled.jpg","contentUrl":"https:\/\/www.versiegelung24.com\/wp-content\/uploads\/2020\/06\/produkt-5002-7654-1000-WB-Rapid-On-scaled.jpg","width":2560,"height":2560},{"@type":"BreadcrumbList","@id":"https:\/\/www.versiegelung24.com\/pl\/wb-szybko-na-gleboki-polysk-autolak-uszczelniajacy-finisher.html#breadcrumb","itemListElement":[{"@type":"ListItem","position":1,"name":"Strona g\u0142\u00f3wna","item":"https:\/\/www.versiegelung24.com\/pl\/przod\/"},{"@type":"ListItem","position":2,"name":"Sklep","item":"https:\/\/www.versiegelung24.com\/pl\/sklep\/"},{"@type":"ListItem","position":3,"name":"WB Rapid On &#8211; uszczelniacz i lakier do lakieru samochodowego o g\u0142\u0119bokim po\u0142ysku"}]},{"@type":"WebSite","@id":"https:\/\/www.versiegelung24.com\/pl\/#website","url":"https:\/\/www.versiegelung24.com\/pl\/","name":"versiegelung24.com","description":"Fl\u00fcssigglas-Versiegelung - Made in Germany","publisher":{"@id":"https:\/\/www.versiegelung24.com\/pl\/#organization"},"potentialAction":[{"@type":"SearchAction","target":{"@type":"EntryPoint","urlTemplate":"https:\/\/www.versiegelung24.com\/pl\/?s={search_term_string}"},"query-input":{"@type":"PropertyValueSpecification","valueRequired":true,"valueName":"search_term_string"}}],"inLanguage":"pl-PL"},{"@type":"Organization","@id":"https:\/\/www.versiegelung24.com\/pl\/#organization","name":"versiegelung24","url":"https:\/\/www.versiegelung24.com\/pl\/","logo":{"@type":"ImageObject","inLanguage":"pl-PL","@id":"https:\/\/www.versiegelung24.com\/pl\/#\/schema\/logo\/image\/","url":"https:\/\/www.versiegelung24.com\/wp-content\/uploads\/2020\/04\/versiegelung24.png","contentUrl":"https:\/\/www.versiegelung24.com\/wp-content\/uploads\/2020\/04\/versiegelung24.png","width":470,"height":102,"caption":"versiegelung24"},"image":{"@id":"https:\/\/www.versiegelung24.com\/pl\/#\/schema\/logo\/image\/"}}]},"product_price_amount":"69.00","product_price_currency":"EUR","og_availability":"instock","product_availability":"instock","product_retailer_item_id":"5002-7654-1000","product_condition":"new"},"_links":{"self":[{"href":"https:\/\/www.versiegelung24.com\/pl\/wp-json\/wp\/v2\/product\/24630","targetHints":{"allow":["GET"]}}],"collection":[{"href":"https:\/\/www.versiegelung24.com\/pl\/wp-json\/wp\/v2\/product"}],"about":[{"href":"https:\/\/www.versiegelung24.com\/pl\/wp-json\/wp\/v2\/types\/product"}],"version-history":[{"count":10,"href":"https:\/\/www.versiegelung24.com\/pl\/wp-json\/wp\/v2\/product\/24630\/revisions"}],"predecessor-version":[{"id":174277,"href":"https:\/\/www.versiegelung24.com\/pl\/wp-json\/wp\/v2\/product\/24630\/revisions\/174277"}],"wp:featuredmedia":[{"embeddable":true,"href":"https:\/\/www.versiegelung24.com\/pl\/wp-json\/wp\/v2\/media\/18400"}],"wp:attachment":[{"href":"https:\/\/www.versiegelung24.com\/pl\/wp-json\/wp\/v2\/media?parent=24630"}],"wp:term":[{"taxonomy":"product_brand","embeddable":true,"href":"https:\/\/www.versiegelung24.com\/pl\/wp-json\/wp\/v2\/product_brand?post=24630"},{"taxonomy":"product_cat","embeddable":true,"href":"https:\/\/www.versiegelung24.com\/pl\/wp-json\/wp\/v2\/product_cat?post=24630"},{"taxonomy":"product_tag","embeddable":true,"href":"https:\/\/www.versiegelung24.com\/pl\/wp-json\/wp\/v2\/product_tag?post=24630"}],"curies":[{"name":"wp","href":"https:\/\/api.w.org\/{rel}","templated":true}]}}