{"id":24650,"date":"2020-06-24T11:29:30","date_gmt":"2020-06-24T09:29:30","guid":{"rendered":"https:\/\/www.versiegelung24.com\/produkt\/wzor-uszczelnienie-z-kamienia-naturalnego"},"modified":"2025-01-04T00:30:06","modified_gmt":"2025-01-03T23:30:06","slug":"wzor-uszczelnienia-kamienia-naturalnego","status":"publish","type":"product","link":"https:\/\/www.versiegelung24.com\/pl\/wzor-uszczelnienia-kamienia-naturalnego.html","title":{"rendered":"Pr\u00f3bka: Uszczelniacz do kamienia naturalnego &#8211; 3003-7620"},"content":{"rendered":"<p>Przyk\u0142adowe nasze<a href=\"https:\/\/www.versiegelung24.com\/pl\/uszczelnienie-kamienia-naturalnego-w-profesjonalnej-jakosci.html\"> Uszczelnienie kamienia naturalnego<\/a> do pr\u00f3bnej aplikacji lub uszczelniania mniejszych powierzchni.<\/p>\n","protected":false},"excerpt":{"rendered":"<p><strong>Wysoce skuteczne uszczelnienie kamienia naturalnego do u\u017cytku wewn\u0105trz i na zewn\u0105trz:<\/strong> <\/p>\n<p>\u2713 Nadaje si\u0119 do wszystkich mineralnych, ch\u0142onnych powierzchni z kamienia naturalnego<\/p>\n<p>\u2713 Efekt \u0142atwego czyszczenia: brud nie przylega i mo\u017cna go \u0142atwo usun\u0105\u0107<\/p>\n<p>\u2713 Ca\u0142kowicie niewidoczny: niezmieniony wygl\u0105d i odczucie powierzchni<\/p>\n<p>\u2713 D\u0142ugotrwa\u0142y efekt g\u0142\u0119bi przez wiele lat<\/p>\n<p>\u2713 Wodoodporny efekt per\u0142y lotosu<\/p>\n","protected":false},"featured_media":14615,"template":"","meta":{"_acf_changed":false,"neve_meta_sidebar":"","neve_meta_container":"","neve_meta_enable_content_width":"","neve_meta_content_width":0,"neve_meta_title_alignment":"","neve_meta_author_avatar":"","neve_post_elements_order":"","neve_meta_disable_header":"","neve_meta_disable_footer":"","neve_meta_disable_title":"","neve_meta_reading_time":"","_surfaces":[],"_ver_product_tabs":[],"footnotes":""},"product_brand":[],"product_cat":[2667],"product_tag":[],"class_list":{"0":"post-24650","1":"product","2":"type-product","3":"status-publish","4":"has-post-thumbnail","6":"product_cat-szablon","7":"pa_gebinde-butelka-50-ml","8":"pa_gebinde-butelka-100ml","10":"first","11":"instock","12":"sold-individually","13":"taxable","14":"shipping-taxable","15":"purchasable","16":"product-type-simple"},"acf":[],"yoast_head":"<!-- This site is optimized with the Yoast SEO Premium plugin v22.8 (Yoast SEO v27.3) - https:\/\/yoast.com\/product\/yoast-seo-premium-wordpress\/ -->\n<title>Pr\u00f3bka: Uszczelniacz do kamienia naturalnego - 3003-7620 - versiegelung24.com<\/title>\n<meta name=\"robots\" content=\"index, follow, max-snippet:-1, max-image-preview:large, max-video-preview:-1\" \/>\n<link rel=\"canonical\" href=\"https:\/\/www.versiegelung24.com\/pl\/wzor-uszczelnienia-kamienia-naturalnego.html\" \/>\n<meta property=\"og:locale\" content=\"pl_PL\" \/>\n<meta property=\"og:type\" content=\"article\" \/>\n<meta property=\"og:title\" content=\"Pr\u00f3bka: Uszczelniacz do kamienia naturalnego - 3003-7620\" \/>\n<meta property=\"og:description\" content=\"Wysoce skuteczne uszczelnienie kamienia naturalnego do u\u017cytku wewn\u0105trz i na zewn\u0105trz: \u2713 Nadaje si\u0119 do wszystkich mineralnych, ch\u0142onnych powierzchni z kamienia naturalnego \u2713 Efekt \u0142atwego czyszczenia: brud nie przylega i mo\u017cna go \u0142atwo usun\u0105\u0107 \u2713 Ca\u0142kowicie niewidoczny: niezmieniony wygl\u0105d i odczucie powierzchni \u2713 D\u0142ugotrwa\u0142y efekt g\u0142\u0119bi przez wiele lat \u2713 Wodoodporny efekt per\u0142y lotosu\" \/>\n<meta property=\"og:url\" content=\"https:\/\/www.versiegelung24.com\/pl\/wzor-uszczelnienia-kamienia-naturalnego.html\" \/>\n<meta property=\"og:site_name\" content=\"versiegelung24.com\" \/>\n<meta property=\"article:modified_time\" content=\"2025-01-03T23:30:06+00:00\" \/>\n<meta property=\"og:image\" content=\"https:\/\/www.versiegelung24.com\/wp-content\/uploads\/2020\/04\/versiegelung-muster.png\" \/>\n\t<meta property=\"og:image:width\" content=\"1000\" \/>\n\t<meta property=\"og:image:height\" content=\"1000\" \/>\n\t<meta property=\"og:image:type\" content=\"image\/png\" \/>\n<meta name=\"twitter:card\" content=\"summary_large_image\" \/>\n<meta name=\"twitter:label1\" content=\"Cena\" \/>\n\t<meta name=\"twitter:data1\" content=\"14,99&euro;\" \/>\n\t<meta name=\"twitter:label2\" content=\"Dost\u0119pno\u015b\u0107\" \/>\n\t<meta name=\"twitter:data2\" content=\"Dost\u0119pny\" \/>\n<script type=\"application\/ld+json\" class=\"yoast-schema-graph\">{\"@context\":\"https:\\\/\\\/schema.org\",\"@graph\":[{\"@type\":\"WebPage\",\"@id\":\"https:\\\/\\\/www.versiegelung24.com\\\/pl\\\/wzor-uszczelnienia-kamienia-naturalnego.html\",\"url\":\"https:\\\/\\\/www.versiegelung24.com\\\/pl\\\/wzor-uszczelnienia-kamienia-naturalnego.html\",\"name\":\"Pr\u00f3bka: Uszczelniacz do kamienia naturalnego - 3003-7620 - versiegelung24.com\",\"isPartOf\":{\"@id\":\"https:\\\/\\\/www.versiegelung24.com\\\/pl\\\/#website\"},\"primaryImageOfPage\":{\"@id\":\"https:\\\/\\\/www.versiegelung24.com\\\/pl\\\/wzor-uszczelnienia-kamienia-naturalnego.html#primaryimage\"},\"image\":{\"@id\":\"https:\\\/\\\/www.versiegelung24.com\\\/pl\\\/wzor-uszczelnienia-kamienia-naturalnego.html#primaryimage\"},\"thumbnailUrl\":\"https:\\\/\\\/www.versiegelung24.com\\\/wp-content\\\/uploads\\\/2020\\\/04\\\/versiegelung-muster.png\",\"datePublished\":\"2020-06-24T09:29:30+00:00\",\"dateModified\":\"2025-01-03T23:30:06+00:00\",\"breadcrumb\":{\"@id\":\"https:\\\/\\\/www.versiegelung24.com\\\/pl\\\/wzor-uszczelnienia-kamienia-naturalnego.html#breadcrumb\"},\"inLanguage\":\"pl-PL\",\"potentialAction\":[{\"@type\":\"ReadAction\",\"target\":[\"https:\\\/\\\/www.versiegelung24.com\\\/pl\\\/wzor-uszczelnienia-kamienia-naturalnego.html\"]}]},{\"@type\":\"ImageObject\",\"inLanguage\":\"pl-PL\",\"@id\":\"https:\\\/\\\/www.versiegelung24.com\\\/pl\\\/wzor-uszczelnienia-kamienia-naturalnego.html#primaryimage\",\"url\":\"https:\\\/\\\/www.versiegelung24.com\\\/wp-content\\\/uploads\\\/2020\\\/04\\\/versiegelung-muster.png\",\"contentUrl\":\"https:\\\/\\\/www.versiegelung24.com\\\/wp-content\\\/uploads\\\/2020\\\/04\\\/versiegelung-muster.png\",\"width\":1000,\"height\":1000},{\"@type\":\"BreadcrumbList\",\"@id\":\"https:\\\/\\\/www.versiegelung24.com\\\/pl\\\/wzor-uszczelnienia-kamienia-naturalnego.html#breadcrumb\",\"itemListElement\":[{\"@type\":\"ListItem\",\"position\":1,\"name\":\"Strona g\u0142\u00f3wna\",\"item\":\"https:\\\/\\\/www.versiegelung24.com\\\/pl\\\/przod\\\/\"},{\"@type\":\"ListItem\",\"position\":2,\"name\":\"Sklep\",\"item\":\"https:\\\/\\\/www.versiegelung24.com\\\/pl\\\/sklep\\\/\"},{\"@type\":\"ListItem\",\"position\":3,\"name\":\"Pr\u00f3bka: Uszczelniacz do kamienia naturalnego &#8211; 3003-7620\"}]},{\"@type\":\"WebSite\",\"@id\":\"https:\\\/\\\/www.versiegelung24.com\\\/pl\\\/#website\",\"url\":\"https:\\\/\\\/www.versiegelung24.com\\\/pl\\\/\",\"name\":\"versiegelung24.com\",\"description\":\"Fl\u00fcssigglas-Versiegelung - Made in Germany\",\"publisher\":{\"@id\":\"https:\\\/\\\/www.versiegelung24.com\\\/pl\\\/#organization\"},\"potentialAction\":[{\"@type\":\"SearchAction\",\"target\":{\"@type\":\"EntryPoint\",\"urlTemplate\":\"https:\\\/\\\/www.versiegelung24.com\\\/pl\\\/?s={search_term_string}\"},\"query-input\":{\"@type\":\"PropertyValueSpecification\",\"valueRequired\":true,\"valueName\":\"search_term_string\"}}],\"inLanguage\":\"pl-PL\"},{\"@type\":\"Organization\",\"@id\":\"https:\\\/\\\/www.versiegelung24.com\\\/pl\\\/#organization\",\"name\":\"versiegelung24\",\"url\":\"https:\\\/\\\/www.versiegelung24.com\\\/pl\\\/\",\"logo\":{\"@type\":\"ImageObject\",\"inLanguage\":\"pl-PL\",\"@id\":\"https:\\\/\\\/www.versiegelung24.com\\\/pl\\\/#\\\/schema\\\/logo\\\/image\\\/\",\"url\":\"https:\\\/\\\/www.versiegelung24.com\\\/wp-content\\\/uploads\\\/2020\\\/04\\\/versiegelung24.png\",\"contentUrl\":\"https:\\\/\\\/www.versiegelung24.com\\\/wp-content\\\/uploads\\\/2020\\\/04\\\/versiegelung24.png\",\"width\":470,\"height\":102,\"caption\":\"versiegelung24\"},\"image\":{\"@id\":\"https:\\\/\\\/www.versiegelung24.com\\\/pl\\\/#\\\/schema\\\/logo\\\/image\\\/\"}}]}<\/script>\n<meta property=\"product:price:amount\" content=\"14.99\" \/>\n<meta property=\"product:price:currency\" content=\"EUR\" \/>\n<meta property=\"og:availability\" content=\"instock\" \/>\n<meta property=\"product:availability\" content=\"instock\" \/>\n<meta property=\"product:retailer_item_id\" content=\"3003-7620-muster\" \/>\n<meta property=\"product:condition\" content=\"new\" \/>\n<!-- \/ Yoast SEO Premium plugin. -->","yoast_head_json":{"title":"Pr\u00f3bka: Uszczelniacz do kamienia naturalnego - 3003-7620 - versiegelung24.com","robots":{"index":"index","follow":"follow","max-snippet":"max-snippet:-1","max-image-preview":"max-image-preview:large","max-video-preview":"max-video-preview:-1"},"canonical":"https:\/\/www.versiegelung24.com\/pl\/wzor-uszczelnienia-kamienia-naturalnego.html","og_locale":"pl_PL","og_type":"article","og_title":"Pr\u00f3bka: Uszczelniacz do kamienia naturalnego - 3003-7620","og_description":"Wysoce skuteczne uszczelnienie kamienia naturalnego do u\u017cytku wewn\u0105trz i na zewn\u0105trz: \u2713 Nadaje si\u0119 do wszystkich mineralnych, ch\u0142onnych powierzchni z kamienia naturalnego \u2713 Efekt \u0142atwego czyszczenia: brud nie przylega i mo\u017cna go \u0142atwo usun\u0105\u0107 \u2713 Ca\u0142kowicie niewidoczny: niezmieniony wygl\u0105d i odczucie powierzchni \u2713 D\u0142ugotrwa\u0142y efekt g\u0142\u0119bi przez wiele lat \u2713 Wodoodporny efekt per\u0142y lotosu","og_url":"https:\/\/www.versiegelung24.com\/pl\/wzor-uszczelnienia-kamienia-naturalnego.html","og_site_name":"versiegelung24.com","article_modified_time":"2025-01-03T23:30:06+00:00","og_image":[{"width":1000,"height":1000,"url":"https:\/\/www.versiegelung24.com\/wp-content\/uploads\/2020\/04\/versiegelung-muster.png","type":"image\/png"}],"twitter_card":"summary_large_image","twitter_misc":{"Cena":"14,99&euro;","Dost\u0119pno\u015b\u0107":"Dost\u0119pny"},"schema":{"@context":"https:\/\/schema.org","@graph":[{"@type":"WebPage","@id":"https:\/\/www.versiegelung24.com\/pl\/wzor-uszczelnienia-kamienia-naturalnego.html","url":"https:\/\/www.versiegelung24.com\/pl\/wzor-uszczelnienia-kamienia-naturalnego.html","name":"Pr\u00f3bka: Uszczelniacz do kamienia naturalnego - 3003-7620 - versiegelung24.com","isPartOf":{"@id":"https:\/\/www.versiegelung24.com\/pl\/#website"},"primaryImageOfPage":{"@id":"https:\/\/www.versiegelung24.com\/pl\/wzor-uszczelnienia-kamienia-naturalnego.html#primaryimage"},"image":{"@id":"https:\/\/www.versiegelung24.com\/pl\/wzor-uszczelnienia-kamienia-naturalnego.html#primaryimage"},"thumbnailUrl":"https:\/\/www.versiegelung24.com\/wp-content\/uploads\/2020\/04\/versiegelung-muster.png","datePublished":"2020-06-24T09:29:30+00:00","dateModified":"2025-01-03T23:30:06+00:00","breadcrumb":{"@id":"https:\/\/www.versiegelung24.com\/pl\/wzor-uszczelnienia-kamienia-naturalnego.html#breadcrumb"},"inLanguage":"pl-PL","potentialAction":[{"@type":"ReadAction","target":["https:\/\/www.versiegelung24.com\/pl\/wzor-uszczelnienia-kamienia-naturalnego.html"]}]},{"@type":"ImageObject","inLanguage":"pl-PL","@id":"https:\/\/www.versiegelung24.com\/pl\/wzor-uszczelnienia-kamienia-naturalnego.html#primaryimage","url":"https:\/\/www.versiegelung24.com\/wp-content\/uploads\/2020\/04\/versiegelung-muster.png","contentUrl":"https:\/\/www.versiegelung24.com\/wp-content\/uploads\/2020\/04\/versiegelung-muster.png","width":1000,"height":1000},{"@type":"BreadcrumbList","@id":"https:\/\/www.versiegelung24.com\/pl\/wzor-uszczelnienia-kamienia-naturalnego.html#breadcrumb","itemListElement":[{"@type":"ListItem","position":1,"name":"Strona g\u0142\u00f3wna","item":"https:\/\/www.versiegelung24.com\/pl\/przod\/"},{"@type":"ListItem","position":2,"name":"Sklep","item":"https:\/\/www.versiegelung24.com\/pl\/sklep\/"},{"@type":"ListItem","position":3,"name":"Pr\u00f3bka: Uszczelniacz do kamienia naturalnego &#8211; 3003-7620"}]},{"@type":"WebSite","@id":"https:\/\/www.versiegelung24.com\/pl\/#website","url":"https:\/\/www.versiegelung24.com\/pl\/","name":"versiegelung24.com","description":"Fl\u00fcssigglas-Versiegelung - Made in Germany","publisher":{"@id":"https:\/\/www.versiegelung24.com\/pl\/#organization"},"potentialAction":[{"@type":"SearchAction","target":{"@type":"EntryPoint","urlTemplate":"https:\/\/www.versiegelung24.com\/pl\/?s={search_term_string}"},"query-input":{"@type":"PropertyValueSpecification","valueRequired":true,"valueName":"search_term_string"}}],"inLanguage":"pl-PL"},{"@type":"Organization","@id":"https:\/\/www.versiegelung24.com\/pl\/#organization","name":"versiegelung24","url":"https:\/\/www.versiegelung24.com\/pl\/","logo":{"@type":"ImageObject","inLanguage":"pl-PL","@id":"https:\/\/www.versiegelung24.com\/pl\/#\/schema\/logo\/image\/","url":"https:\/\/www.versiegelung24.com\/wp-content\/uploads\/2020\/04\/versiegelung24.png","contentUrl":"https:\/\/www.versiegelung24.com\/wp-content\/uploads\/2020\/04\/versiegelung24.png","width":470,"height":102,"caption":"versiegelung24"},"image":{"@id":"https:\/\/www.versiegelung24.com\/pl\/#\/schema\/logo\/image\/"}}]},"product_price_amount":"14.99","product_price_currency":"EUR","og_availability":"instock","product_availability":"instock","product_retailer_item_id":"3003-7620-muster","product_condition":"new"},"_links":{"self":[{"href":"https:\/\/www.versiegelung24.com\/pl\/wp-json\/wp\/v2\/product\/24650","targetHints":{"allow":["GET"]}}],"collection":[{"href":"https:\/\/www.versiegelung24.com\/pl\/wp-json\/wp\/v2\/product"}],"about":[{"href":"https:\/\/www.versiegelung24.com\/pl\/wp-json\/wp\/v2\/types\/product"}],"version-history":[{"count":2,"href":"https:\/\/www.versiegelung24.com\/pl\/wp-json\/wp\/v2\/product\/24650\/revisions"}],"predecessor-version":[{"id":140966,"href":"https:\/\/www.versiegelung24.com\/pl\/wp-json\/wp\/v2\/product\/24650\/revisions\/140966"}],"wp:featuredmedia":[{"embeddable":true,"href":"https:\/\/www.versiegelung24.com\/pl\/wp-json\/wp\/v2\/media\/14615"}],"wp:attachment":[{"href":"https:\/\/www.versiegelung24.com\/pl\/wp-json\/wp\/v2\/media?parent=24650"}],"wp:term":[{"taxonomy":"product_brand","embeddable":true,"href":"https:\/\/www.versiegelung24.com\/pl\/wp-json\/wp\/v2\/product_brand?post=24650"},{"taxonomy":"product_cat","embeddable":true,"href":"https:\/\/www.versiegelung24.com\/pl\/wp-json\/wp\/v2\/product_cat?post=24650"},{"taxonomy":"product_tag","embeddable":true,"href":"https:\/\/www.versiegelung24.com\/pl\/wp-json\/wp\/v2\/product_tag?post=24650"}],"curies":[{"name":"wp","href":"https:\/\/api.w.org\/{rel}","templated":true}]}}