{"id":24687,"date":"2020-04-04T18:53:45","date_gmt":"2021-08-02T20:57:55","guid":{"rendered":"https:\/\/www.versiegelung24.com\/produkt\/najwyzszej-jakosci-uszczelnienie-do-betonu-i-kamienia-ekstremalna-hydrofobowosc-brak-oddychalnosci"},"modified":"2025-01-03T23:54:39","modified_gmt":"2025-01-03T22:54:39","slug":"premium-beton-uszczelniajacy-kamien-ekstremalnie-wodoodporny-nieoddychajacy","status":"publish","type":"product","link":"https:\/\/www.versiegelung24.com\/pl\/premium-beton-uszczelniajacy-kamien-ekstremalnie-wodoodporny-nieoddychajacy.html","title":{"rendered":"Najwy\u017cszej jako\u015bci uszczelnienie do betonu i kamienia z pog\u0142\u0119bieniem koloru &#8211; nieoddychaj\u0105ce"},"content":{"rendered":"\n<p>Nasze wysokiej jako\u015bci uszczelnienie do betonu i kamienia skutecznie i trwale chroni powierzchnie przed wp\u0142ywami zewn\u0119trznymi i wyra\u017anie przeciwdzia\u0142a wnikaniu oleju, t\u0142uszcz\u00f3w, kawy i czerwonego wina. Dodatkowo ochronna pow\u0142oka lakieru bezbarwnego pozostawia intensyfikuj\u0105c\u0105 kolor, b\u0142yszcz\u0105c\u0105 warstw\u0119, kt\u00f3ra w widoczny spos\u00f3b uwydatnia obrabian\u0105 powierzchni\u0119.<\/p>\n\n<hr\/>\n\n<h4 class=\"wp-block-heading\" id=\"video\"><strong>\u0106wicz wideo &#8211; skuteczna ochrona kamiennych figurek i kamiennych rze\u017ab w ogrodzie przed wp\u0142ywami \u015brodowiska<\/strong><\/h4>\n\n<figure class=\"wp-block-embed aligncenter is-type-video is-provider-youtube wp-block-embed-youtube wp-embed-aspect-16-9 wp-has-aspect-ratio\"><div class=\"wp-block-embed__wrapper\"> \n<div class=\"nv-iframe-embed\"><iframe title=\"Steinfiguren &amp; Steinskulpturen wetterfest machen - Versiegelung \/ Impr\u00e4gnierung mit Farbvertiefung\" width=\"1200\" height=\"675\" src=\"https:\/\/www.youtube.com\/embed\/sSjv-OlqOgI?feature=oembed\" frameborder=\"0\" allow=\"accelerometer; autoplay; clipboard-write; encrypted-media; gyroscope; picture-in-picture\" allowfullscreen><\/iframe><\/div>\n <\/div><\/figure>\n\n<hr\/>\n\n<h4 class=\"wp-block-heading\" id=\"properties\">Cechy produktu<\/h4>\n\n<div class=\"wp-block-columns is-layout-flex wp-container-core-columns-is-layout-9d6595d7 wp-block-columns-is-layout-flex\">\n<div class=\"wp-block-column is-layout-flow wp-block-column-is-layout-flow\">\n<p>\u2713 Skuteczna, trwa\u0142a ochrona powierzchni przed wod\u0105, brudem i warunkami atmosferycznymi<\/p>\n\n\n\n<p>\u2713 zapobiega rozwojowi mch\u00f3w, porost\u00f3w, grzyb\u00f3w i innych czynnik\u00f3w naturalnych<\/p>\n\n\n\n<p>\u2713 Pow\u0142oka lakieru bezbarwnego 100% zawieraj\u0105ca substancje sta\u0142e<\/p>\n\n\n\n<p>\u2713 wysoka odporno\u015b\u0107 na \u015bcieranie dzi\u0119ki nanotechnologii SiO\u00b2<\/p>\n\n\n\n<p>\u2713 leczone powierzchnie nie przepuszczaj\u0105 powietrza<\/p>\n\n\n\n<p>\u2713 Efekt pog\u0142\u0119bienia koloru z b\u0142yszcz\u0105c\u0105 foli\u0105 \/ wzmocnieniem powierzchni<\/p>\n\n\n\n<p>\u2713 bardzo silna hydrofobowo\u015b\u0107<\/p>\n\n\n\n<p>\u2713 Znaczne ograniczenie przenikania oleju i t\u0142uszcz\u00f3w, kawy, czerwonego wina<\/p>\n\n\n\n<p>\u2713 Odporny na mr\u00f3z (l\u00f3d i \u015bnieg nie niszcz\u0105 go)<\/p>\n\n\n\n<p>\u2713 odporny na promieniowanie UV<\/p>\n\n\n\n<p>\u2713 Efekt \u0142atwego czyszczenia: brud<\/p>\n\n\n\n<p>\u2713 Odporny na temperatur\u0119 do 1000\u00b0C (przy kr\u00f3tkotrwa\u0142ym nara\u017ceniu)<\/p>\n\n\n\n<p><\/p>\n\n\n\n<p><br\/>Zakres dostawy: 1 x litrowa butelka<\/p>\n<\/div>\n\n\n\n<div class=\"wp-block-column is-layout-flow wp-block-column-is-layout-flow\">\n<p><strong>Wysoce skuteczna, wysoce hydrofobowa, odporna na \u015bcieranie nanopow\u0142oka do wszystkich ch\u0142onnych powierzchni mineralnych.<\/strong><\/p>\n\n\n\n<p>Nie oddychaj\u0105cy<\/p>\n\n\n\n<p>Numer artyku\u0142u: 3008-704<\/p>\n\n\n\n<p>Wysoka jako\u015b\u0107 Made in Germany<\/p>\n\n\n\n<p><strong>bezpiecze\u0144stwo produktu<\/strong><\/p>\n\n\n\n<p>Informacje dotycz\u0105ce klasyfikacji produktu w ramach Rozporz\u0105dzenia o substancjach niebezpiecznych, dane bezpiecze\u0144stwa oraz dane dotycz\u0105ce toksykologii i przechowywania znajduj\u0105 si\u0119 w naszej karcie charakterystyki.<\/p>\n\n\n\n<p>Zwr\u00f3\u0107 uwag\u0119 na odpowiedni sprz\u0119t ochronny podczas u\u017cytkowania. Przy sk\u0142adaniu zam\u00f3wienia zalecamy noszenie odpowiednich masek oddechowych i gumowych r\u0119kawic.<\/p>\n\n\n\n<p>W przypadku kontaktu ze sk\u00f3r\u0105, dok\u0142adnie przemyj obszary wod\u0105 z myd\u0142em.<\/p>\n\n\n\n<p><strong>magazynowanie<\/strong><\/p>\n\n\n\n<p>V24 Concrete and Stone Sealing Extreme mo\u017cna przechowywa\u0107 przez co najmniej 12 miesi\u0119cy w oryginalnie zamkni\u0119tym opakowaniu w temperaturze przechowywania od +5 do +25\u00b0C.<\/p>\n\n\n\n<p>Otwarte pojemniki nale\u017cy zu\u017cy\u0107 w kr\u00f3tkim czasie.<\/p>\n\n\n\n<p>D\u0142u\u017cszy okres przechowywania niekoniecznie oznacza, \u017ce produkt nie nadaje si\u0119 do u\u017cytku, ale w celu zapewnienia jako\u015bci nale\u017cy sprawdzi\u0107 w\u0142a\u015bciwo\u015bci po\u017c\u0105dane dla zamierzonego zastosowania.<\/p>\n<\/div>\n<\/div>\n\n<hr\/>\n\n<h4 class=\"wp-block-heading\" id=\"application\">Zastosowanie<\/h4>\n\n<div class=\"wp-block-columns is-layout-flex wp-container-core-columns-is-layout-9d6595d7 wp-block-columns-is-layout-flex\">\n<div class=\"wp-block-column is-layout-flow wp-block-column-is-layout-flow\">\n<ul class=\"wp-block-list\">\n<li><strong>Uszczelnianie betonu i kamienia V24 Extreme<\/strong> dostarczana jest w postaci gotowej do u\u017cycia i jest nak\u0142adana w postaci nierozcie\u0144czonej na wst\u0119pnie oczyszczon\u0105 i osuszon\u0105 powierzchni\u0119. W zale\u017cno\u015bci od zastosowania mo\u017cliwe jest rozcie\u0144czenie alkoholem.<\/li>\n<\/ul>\n\n\n\n<ul class=\"wp-block-list\">\n<li>Wszystkie obrabiane powierzchnie musz\u0105 by\u0107 suche i dobrze oczyszczone, poniewa\u017c jest to jedyny spos\u00f3b, aby zapewni\u0107 g\u0142\u0119bok\u0105 penetracj\u0119 szczeliwa, co zapewnia optymalny d\u0142ugotrwa\u0142y i g\u0142\u0119boki efekt.<\/li>\n<\/ul>\n\n\n\n<ul class=\"wp-block-list\">\n<li>Po aplikacji <strong><strong>V24 Concrete and Stone Sealer extreme<\/strong><\/strong> musi pozosta\u0107 w kontakcie z powierzchni\u0105 przez kilka sekund w postaci p\u0142ynnej warstwy.<\/li>\n<\/ul>\n\n\n\n<ul class=\"wp-block-list\">\n<li>Pow\u0142oka jest ca\u0142kowicie usieciowana i utwardzona po 24 godzinach.<\/li>\n<\/ul>\n\n\n\n<p>Szczeg\u00f3\u0142owy opis aplikacji mo\u017cna znale\u017a\u0107 w naszej karcie danych<\/p>\n<\/div>\n\n\n\n<div class=\"wp-block-column is-layout-flow wp-block-column-is-layout-flow\">\n<p>Ochronna, bezbarwna pow\u0142oka lakiernicza do wszystkich mineralnych, ch\u0142onnych powierzchni betonowych i kamiennych, wewn\u0105trz i na zewn\u0105trz.<\/p>\n\n\n\n<p>\u2713 Beton (bloki betonowe, chodniki betonowe, schody, posadzki gara\u017cowe i warsztatowe, wyeksponowane powierzchnie betonowe&#8230;)<\/p>\n\n\n\n<p>\u2713 Kamie\u0144 (kamie\u0144 naturalny, kostka brukowa, granit, ceg\u0142a wapienno-piaskowa, \u0142upek, mur, podjazdy&#8230;)<\/p>\n\n\n\n<p><strong>Wa\u017cne:<\/strong> Stosowanie jest ograniczone na mocno wypolerowanych powierzchniach o niskiej ch\u0142onno\u015bci, poniewa\u017c tutaj nie mo\u017cna uzyska\u0107 optymalnego wi\u0105zania. W razie potrzeby powierzchni\u0119 nale\u017cy wcze\u015bniej zszorstkowa\u0107 (60-100 papierem \u015bciernym w zale\u017cno\u015bci od pod\u0142o\u017ca) i na\u0142o\u017cy\u0107 warstw\u0119 podk\u0142adu (1\/3 alkohol, 2\/3 uszczelniacz). Nast\u0119pnie po oko\u0142o 30 minutach nierozcie\u0144czone uszczelnienie.<\/p>\n\n\n\n<p>Zu\u017cycie uzale\u017cnione od ch\u0142onno\u015bci pod\u0142o\u017ca ok. 10-40m\u00b2\/litr.<\/p>\n<\/div>\n<\/div>\n","protected":false},"excerpt":{"rendered":"<p><strong>Niezwykle wodoodporny lakier bezbarwny do u\u017cytku wewn\u0105trz i na zewn\u0105trz<\/strong>  <\/p>\n<p>\u2713 do wszystkich ch\u0142onnych mineralnych powierzchni kamiennych i betonowych<\/p>\n<p>\u2713 Efekt \u0142atwego czyszczenia: brud nie przylega i mo\u017cna go \u0142atwo usun\u0105\u0107<\/p>\n<p>\u2713 leczone powierzchnie nie przepuszczaj\u0105 powietrza<\/p>\n<p>\u2713 Zapobiega rozwojowi mch\u00f3w, porost\u00f3w, grzyb\u00f3w i innych naturalnych czynnik\u00f3w<\/p>\n<p>\u2713 Efekt pog\u0142\u0119bienia koloru z b\u0142yszcz\u0105c\u0105 foli\u0105 \/ wzmocnieniem powierzchni<\/p>\n<p>Okres trwa\u0142o\u015bci: do 5 lat+.<\/p>\n","protected":false},"featured_media":18115,"template":"","meta":{"_acf_changed":false,"neve_meta_sidebar":"","neve_meta_container":"","neve_meta_enable_content_width":"","neve_meta_content_width":0,"neve_meta_title_alignment":"","neve_meta_author_avatar":"","neve_post_elements_order":"","neve_meta_disable_header":"","neve_meta_disable_footer":"","neve_meta_disable_title":"","neve_meta_reading_time":"","_surfaces":[],"_ver_product_tabs":[],"footnotes":""},"product_brand":[],"product_cat":[2415],"product_tag":[],"class_list":{"0":"post-24687","1":"product","2":"type-product","3":"status-publish","4":"has-post-thumbnail","6":"product_cat-uszczelnianie-kamienia-i-betonu","7":"pa_gebinde-butelka-o-pojemnosci-1000-ml","8":"pa_gebinde-kanister-20l","10":"first","11":"instock","12":"taxable","13":"shipping-taxable","14":"purchasable","15":"product-type-variable","16":"has-default-attributes"},"acf":[],"yoast_head":"<!-- This site is optimized with the Yoast SEO Premium plugin v22.8 (Yoast SEO v27.5) - https:\/\/yoast.com\/product\/yoast-seo-premium-wordpress\/ -->\n<title>Uszczelnianie betonu i kamienia Premium z pog\u0142\u0119bieniem koloru - versiegelung24<\/title>\n<meta name=\"description\" content=\"Uszczelnianie premium do betonu i kamienia \u2014 dowiedz si\u0119 wi\u0119cej o naszym uszczelniaczu premium do betonu i kamienia z nanotechnologi\u0105 i pog\u0142\u0119bieniem koloru\" \/>\n<meta name=\"robots\" content=\"index, follow, max-snippet:-1, max-image-preview:large, max-video-preview:-1\" \/>\n<link rel=\"canonical\" href=\"https:\/\/www.versiegelung24.com\/pl\/premium-beton-uszczelniajacy-kamien-ekstremalnie-wodoodporny-nieoddychajacy.html\" \/>\n<meta property=\"og:locale\" content=\"pl_PL\" \/>\n<meta property=\"og:type\" content=\"article\" \/>\n<meta property=\"og:title\" content=\"Najwy\u017cszej jako\u015bci uszczelnienie do betonu i kamienia z pog\u0142\u0119bieniem koloru - nieoddychaj\u0105ce\" \/>\n<meta property=\"og:description\" content=\"Uszczelnianie premium do betonu i kamienia \u2014 dowiedz si\u0119 wi\u0119cej o naszym uszczelniaczu premium do betonu i kamienia z nanotechnologi\u0105 i pog\u0142\u0119bieniem koloru\" \/>\n<meta property=\"og:url\" content=\"https:\/\/www.versiegelung24.com\/pl\/premium-beton-uszczelniajacy-kamien-ekstremalnie-wodoodporny-nieoddychajacy.html\" \/>\n<meta property=\"og:site_name\" content=\"versiegelung24.com\" \/>\n<meta property=\"article:modified_time\" content=\"2025-01-03T22:54:39+00:00\" \/>\n<meta property=\"og:image\" content=\"https:\/\/www.versiegelung24.com\/wp-content\/uploads\/2020\/06\/produkt-3008-704-1000-Beton-Stein-Versiegelung-extreme-Wasserabweisung-nicht-atmungsaktiv-scaled.jpg\" \/>\n\t<meta property=\"og:image:width\" content=\"2560\" \/>\n\t<meta property=\"og:image:height\" content=\"2560\" \/>\n\t<meta property=\"og:image:type\" content=\"image\/jpeg\" \/>\n<meta name=\"twitter:card\" content=\"summary_large_image\" \/>\n<meta name=\"twitter:label1\" content=\"Dost\u0119pno\u015b\u0107\" \/>\n\t<meta name=\"twitter:data1\" content=\"Dost\u0119pny\" \/>\n<script type=\"application\/ld+json\" class=\"yoast-schema-graph\">{\"@context\":\"https:\\\/\\\/schema.org\",\"@graph\":[{\"@type\":\"WebPage\",\"@id\":\"https:\\\/\\\/www.versiegelung24.com\\\/pl\\\/premium-beton-uszczelniajacy-kamien-ekstremalnie-wodoodporny-nieoddychajacy.html\",\"url\":\"https:\\\/\\\/www.versiegelung24.com\\\/pl\\\/premium-beton-uszczelniajacy-kamien-ekstremalnie-wodoodporny-nieoddychajacy.html\",\"name\":\"Uszczelnianie betonu i kamienia Premium z pog\u0142\u0119bieniem koloru - versiegelung24\",\"isPartOf\":{\"@id\":\"https:\\\/\\\/www.versiegelung24.com\\\/pl\\\/#website\"},\"primaryImageOfPage\":{\"@id\":\"https:\\\/\\\/www.versiegelung24.com\\\/pl\\\/premium-beton-uszczelniajacy-kamien-ekstremalnie-wodoodporny-nieoddychajacy.html#primaryimage\"},\"image\":{\"@id\":\"https:\\\/\\\/www.versiegelung24.com\\\/pl\\\/premium-beton-uszczelniajacy-kamien-ekstremalnie-wodoodporny-nieoddychajacy.html#primaryimage\"},\"thumbnailUrl\":\"https:\\\/\\\/www.versiegelung24.com\\\/wp-content\\\/uploads\\\/2020\\\/06\\\/produkt-3008-704-1000-Beton-Stein-Versiegelung-extreme-Wasserabweisung-nicht-atmungsaktiv-scaled.jpg\",\"datePublished\":\"2021-08-02T20:57:55+00:00\",\"dateModified\":\"2025-01-03T22:54:39+00:00\",\"description\":\"Uszczelnianie premium do betonu i kamienia \u2014 dowiedz si\u0119 wi\u0119cej o naszym uszczelniaczu premium do betonu i kamienia z nanotechnologi\u0105 i pog\u0142\u0119bieniem koloru\",\"breadcrumb\":{\"@id\":\"https:\\\/\\\/www.versiegelung24.com\\\/pl\\\/premium-beton-uszczelniajacy-kamien-ekstremalnie-wodoodporny-nieoddychajacy.html#breadcrumb\"},\"inLanguage\":\"pl-PL\",\"potentialAction\":[{\"@type\":\"ReadAction\",\"target\":[\"https:\\\/\\\/www.versiegelung24.com\\\/pl\\\/premium-beton-uszczelniajacy-kamien-ekstremalnie-wodoodporny-nieoddychajacy.html\"]}]},{\"@type\":\"ImageObject\",\"inLanguage\":\"pl-PL\",\"@id\":\"https:\\\/\\\/www.versiegelung24.com\\\/pl\\\/premium-beton-uszczelniajacy-kamien-ekstremalnie-wodoodporny-nieoddychajacy.html#primaryimage\",\"url\":\"https:\\\/\\\/www.versiegelung24.com\\\/wp-content\\\/uploads\\\/2020\\\/06\\\/produkt-3008-704-1000-Beton-Stein-Versiegelung-extreme-Wasserabweisung-nicht-atmungsaktiv-scaled.jpg\",\"contentUrl\":\"https:\\\/\\\/www.versiegelung24.com\\\/wp-content\\\/uploads\\\/2020\\\/06\\\/produkt-3008-704-1000-Beton-Stein-Versiegelung-extreme-Wasserabweisung-nicht-atmungsaktiv-scaled.jpg\",\"width\":2560,\"height\":2560},{\"@type\":\"BreadcrumbList\",\"@id\":\"https:\\\/\\\/www.versiegelung24.com\\\/pl\\\/premium-beton-uszczelniajacy-kamien-ekstremalnie-wodoodporny-nieoddychajacy.html#breadcrumb\",\"itemListElement\":[{\"@type\":\"ListItem\",\"position\":1,\"name\":\"Strona g\u0142\u00f3wna\",\"item\":\"https:\\\/\\\/www.versiegelung24.com\\\/pl\\\/przod\\\/\"},{\"@type\":\"ListItem\",\"position\":2,\"name\":\"Sklep\",\"item\":\"https:\\\/\\\/www.versiegelung24.com\\\/pl\\\/sklep\\\/\"},{\"@type\":\"ListItem\",\"position\":3,\"name\":\"Najwy\u017cszej jako\u015bci uszczelnienie do betonu i kamienia z pog\u0142\u0119bieniem koloru &#8211; nieoddychaj\u0105ce\"}]},{\"@type\":\"WebSite\",\"@id\":\"https:\\\/\\\/www.versiegelung24.com\\\/pl\\\/#website\",\"url\":\"https:\\\/\\\/www.versiegelung24.com\\\/pl\\\/\",\"name\":\"versiegelung24.com\",\"description\":\"Fl\u00fcssigglas-Versiegelung - Made in Germany\",\"publisher\":{\"@id\":\"https:\\\/\\\/www.versiegelung24.com\\\/pl\\\/#organization\"},\"potentialAction\":[{\"@type\":\"SearchAction\",\"target\":{\"@type\":\"EntryPoint\",\"urlTemplate\":\"https:\\\/\\\/www.versiegelung24.com\\\/pl\\\/?s={search_term_string}\"},\"query-input\":{\"@type\":\"PropertyValueSpecification\",\"valueRequired\":true,\"valueName\":\"search_term_string\"}}],\"inLanguage\":\"pl-PL\"},{\"@type\":\"Organization\",\"@id\":\"https:\\\/\\\/www.versiegelung24.com\\\/pl\\\/#organization\",\"name\":\"versiegelung24\",\"url\":\"https:\\\/\\\/www.versiegelung24.com\\\/pl\\\/\",\"logo\":{\"@type\":\"ImageObject\",\"inLanguage\":\"pl-PL\",\"@id\":\"https:\\\/\\\/www.versiegelung24.com\\\/pl\\\/#\\\/schema\\\/logo\\\/image\\\/\",\"url\":\"https:\\\/\\\/www.versiegelung24.com\\\/wp-content\\\/uploads\\\/2020\\\/04\\\/versiegelung24.png\",\"contentUrl\":\"https:\\\/\\\/www.versiegelung24.com\\\/wp-content\\\/uploads\\\/2020\\\/04\\\/versiegelung24.png\",\"width\":470,\"height\":102,\"caption\":\"versiegelung24\"},\"image\":{\"@id\":\"https:\\\/\\\/www.versiegelung24.com\\\/pl\\\/#\\\/schema\\\/logo\\\/image\\\/\"}}]}<\/script>\n<meta property=\"og:availability\" content=\"instock\" \/>\n<meta property=\"product:availability\" content=\"instock\" \/>\n<meta property=\"product:retailer_item_id\" content=\"3008-704\" \/>\n<meta property=\"product:condition\" content=\"new\" \/>\n<!-- \/ Yoast SEO Premium plugin. -->","yoast_head_json":{"title":"Uszczelnianie betonu i kamienia Premium z pog\u0142\u0119bieniem koloru - versiegelung24","description":"Uszczelnianie premium do betonu i kamienia \u2014 dowiedz si\u0119 wi\u0119cej o naszym uszczelniaczu premium do betonu i kamienia z nanotechnologi\u0105 i pog\u0142\u0119bieniem koloru","robots":{"index":"index","follow":"follow","max-snippet":"max-snippet:-1","max-image-preview":"max-image-preview:large","max-video-preview":"max-video-preview:-1"},"canonical":"https:\/\/www.versiegelung24.com\/pl\/premium-beton-uszczelniajacy-kamien-ekstremalnie-wodoodporny-nieoddychajacy.html","og_locale":"pl_PL","og_type":"article","og_title":"Najwy\u017cszej jako\u015bci uszczelnienie do betonu i kamienia z pog\u0142\u0119bieniem koloru - nieoddychaj\u0105ce","og_description":"Uszczelnianie premium do betonu i kamienia \u2014 dowiedz si\u0119 wi\u0119cej o naszym uszczelniaczu premium do betonu i kamienia z nanotechnologi\u0105 i pog\u0142\u0119bieniem koloru","og_url":"https:\/\/www.versiegelung24.com\/pl\/premium-beton-uszczelniajacy-kamien-ekstremalnie-wodoodporny-nieoddychajacy.html","og_site_name":"versiegelung24.com","article_modified_time":"2025-01-03T22:54:39+00:00","og_image":[{"width":2560,"height":2560,"url":"https:\/\/www.versiegelung24.com\/wp-content\/uploads\/2020\/06\/produkt-3008-704-1000-Beton-Stein-Versiegelung-extreme-Wasserabweisung-nicht-atmungsaktiv-scaled.jpg","type":"image\/jpeg"}],"twitter_card":"summary_large_image","twitter_misc":{"Dost\u0119pno\u015b\u0107":"Dost\u0119pny"},"schema":{"@context":"https:\/\/schema.org","@graph":[{"@type":"WebPage","@id":"https:\/\/www.versiegelung24.com\/pl\/premium-beton-uszczelniajacy-kamien-ekstremalnie-wodoodporny-nieoddychajacy.html","url":"https:\/\/www.versiegelung24.com\/pl\/premium-beton-uszczelniajacy-kamien-ekstremalnie-wodoodporny-nieoddychajacy.html","name":"Uszczelnianie betonu i kamienia Premium z pog\u0142\u0119bieniem koloru - versiegelung24","isPartOf":{"@id":"https:\/\/www.versiegelung24.com\/pl\/#website"},"primaryImageOfPage":{"@id":"https:\/\/www.versiegelung24.com\/pl\/premium-beton-uszczelniajacy-kamien-ekstremalnie-wodoodporny-nieoddychajacy.html#primaryimage"},"image":{"@id":"https:\/\/www.versiegelung24.com\/pl\/premium-beton-uszczelniajacy-kamien-ekstremalnie-wodoodporny-nieoddychajacy.html#primaryimage"},"thumbnailUrl":"https:\/\/www.versiegelung24.com\/wp-content\/uploads\/2020\/06\/produkt-3008-704-1000-Beton-Stein-Versiegelung-extreme-Wasserabweisung-nicht-atmungsaktiv-scaled.jpg","datePublished":"2021-08-02T20:57:55+00:00","dateModified":"2025-01-03T22:54:39+00:00","description":"Uszczelnianie premium do betonu i kamienia \u2014 dowiedz si\u0119 wi\u0119cej o naszym uszczelniaczu premium do betonu i kamienia z nanotechnologi\u0105 i pog\u0142\u0119bieniem koloru","breadcrumb":{"@id":"https:\/\/www.versiegelung24.com\/pl\/premium-beton-uszczelniajacy-kamien-ekstremalnie-wodoodporny-nieoddychajacy.html#breadcrumb"},"inLanguage":"pl-PL","potentialAction":[{"@type":"ReadAction","target":["https:\/\/www.versiegelung24.com\/pl\/premium-beton-uszczelniajacy-kamien-ekstremalnie-wodoodporny-nieoddychajacy.html"]}]},{"@type":"ImageObject","inLanguage":"pl-PL","@id":"https:\/\/www.versiegelung24.com\/pl\/premium-beton-uszczelniajacy-kamien-ekstremalnie-wodoodporny-nieoddychajacy.html#primaryimage","url":"https:\/\/www.versiegelung24.com\/wp-content\/uploads\/2020\/06\/produkt-3008-704-1000-Beton-Stein-Versiegelung-extreme-Wasserabweisung-nicht-atmungsaktiv-scaled.jpg","contentUrl":"https:\/\/www.versiegelung24.com\/wp-content\/uploads\/2020\/06\/produkt-3008-704-1000-Beton-Stein-Versiegelung-extreme-Wasserabweisung-nicht-atmungsaktiv-scaled.jpg","width":2560,"height":2560},{"@type":"BreadcrumbList","@id":"https:\/\/www.versiegelung24.com\/pl\/premium-beton-uszczelniajacy-kamien-ekstremalnie-wodoodporny-nieoddychajacy.html#breadcrumb","itemListElement":[{"@type":"ListItem","position":1,"name":"Strona g\u0142\u00f3wna","item":"https:\/\/www.versiegelung24.com\/pl\/przod\/"},{"@type":"ListItem","position":2,"name":"Sklep","item":"https:\/\/www.versiegelung24.com\/pl\/sklep\/"},{"@type":"ListItem","position":3,"name":"Najwy\u017cszej jako\u015bci uszczelnienie do betonu i kamienia z pog\u0142\u0119bieniem koloru &#8211; nieoddychaj\u0105ce"}]},{"@type":"WebSite","@id":"https:\/\/www.versiegelung24.com\/pl\/#website","url":"https:\/\/www.versiegelung24.com\/pl\/","name":"versiegelung24.com","description":"Fl\u00fcssigglas-Versiegelung - Made in Germany","publisher":{"@id":"https:\/\/www.versiegelung24.com\/pl\/#organization"},"potentialAction":[{"@type":"SearchAction","target":{"@type":"EntryPoint","urlTemplate":"https:\/\/www.versiegelung24.com\/pl\/?s={search_term_string}"},"query-input":{"@type":"PropertyValueSpecification","valueRequired":true,"valueName":"search_term_string"}}],"inLanguage":"pl-PL"},{"@type":"Organization","@id":"https:\/\/www.versiegelung24.com\/pl\/#organization","name":"versiegelung24","url":"https:\/\/www.versiegelung24.com\/pl\/","logo":{"@type":"ImageObject","inLanguage":"pl-PL","@id":"https:\/\/www.versiegelung24.com\/pl\/#\/schema\/logo\/image\/","url":"https:\/\/www.versiegelung24.com\/wp-content\/uploads\/2020\/04\/versiegelung24.png","contentUrl":"https:\/\/www.versiegelung24.com\/wp-content\/uploads\/2020\/04\/versiegelung24.png","width":470,"height":102,"caption":"versiegelung24"},"image":{"@id":"https:\/\/www.versiegelung24.com\/pl\/#\/schema\/logo\/image\/"}}]},"og_availability":"instock","product_availability":"instock","product_retailer_item_id":"3008-704","product_condition":"new"},"_links":{"self":[{"href":"https:\/\/www.versiegelung24.com\/pl\/wp-json\/wp\/v2\/product\/24687","targetHints":{"allow":["GET"]}}],"collection":[{"href":"https:\/\/www.versiegelung24.com\/pl\/wp-json\/wp\/v2\/product"}],"about":[{"href":"https:\/\/www.versiegelung24.com\/pl\/wp-json\/wp\/v2\/types\/product"}],"version-history":[{"count":21,"href":"https:\/\/www.versiegelung24.com\/pl\/wp-json\/wp\/v2\/product\/24687\/revisions"}],"predecessor-version":[{"id":173996,"href":"https:\/\/www.versiegelung24.com\/pl\/wp-json\/wp\/v2\/product\/24687\/revisions\/173996"}],"wp:featuredmedia":[{"embeddable":true,"href":"https:\/\/www.versiegelung24.com\/pl\/wp-json\/wp\/v2\/media\/18115"}],"wp:attachment":[{"href":"https:\/\/www.versiegelung24.com\/pl\/wp-json\/wp\/v2\/media?parent=24687"}],"wp:term":[{"taxonomy":"product_brand","embeddable":true,"href":"https:\/\/www.versiegelung24.com\/pl\/wp-json\/wp\/v2\/product_brand?post=24687"},{"taxonomy":"product_cat","embeddable":true,"href":"https:\/\/www.versiegelung24.com\/pl\/wp-json\/wp\/v2\/product_cat?post=24687"},{"taxonomy":"product_tag","embeddable":true,"href":"https:\/\/www.versiegelung24.com\/pl\/wp-json\/wp\/v2\/product_tag?post=24687"}],"curies":[{"name":"wp","href":"https:\/\/api.w.org\/{rel}","templated":true}]}}