{"id":24938,"date":"2021-03-16T00:06:08","date_gmt":"2021-08-02T21:15:09","guid":{"rendered":"https:\/\/www.versiegelung24.com\/produkt\/dezynfekcja-obuwia-pedexan"},"modified":"2025-01-13T16:32:52","modified_gmt":"2025-01-13T15:32:52","slug":"pedexan-do-dezynfekcji-butow","status":"publish","type":"product","link":"https:\/\/www.versiegelung24.com\/pl\/pedexan-do-dezynfekcji-butow.html","title":{"rendered":"Dezynfekcja obuwia Pedexan o d\u0142ugotrwa\u0142ym dzia\u0142aniu Butelka z rozpylaczem z pompk\u0105 125 ml"},"content":{"rendered":"\n<h2 class=\"wp-block-heading\" id=\"pedexan-schuhdesinfektion-alaska-frische-fur-die-schuhe\">Dezynfekcja obuwia Pedexan &#8211; Alaska\u0144ska \u015bwie\u017co\u015b\u0107 but\u00f3w<\/h2>\n\n<p><strong>Butelka ze spryskiwaczem 125 ml do \u0142atwego u\u017cycia w domu lub w podr\u00f3\u017cy<\/strong><\/p>\n\n<p>Je\u015bli buty robocze lub codzienne s\u0105 intensywnie u\u017cywane przez d\u0142ugi czas, cz\u0119sto tworzy si\u0119 idealne \u015brodowisko do namna\u017cania si\u0119 bakterii i grzyb\u00f3w, co powoduje powstawanie nieprzyjemnych zapach\u00f3w.<\/p>\n\n<p>Nawet przy \u015bwie\u017cych skarpetach i wietrzeniu but\u00f3w nieprzyjemny smr\u00f3d pozostaje, a nawet mo\u017ce powodowa\u0107 nieprzyjemne infekcje st\u00f3p.<\/p>\n\n<p>Pom\u00f3c mo\u017ce w tym dezynfekcja obuwia <strong>Pedexan<\/strong> . Bakterie i grzyby s\u0105 skutecznie usuwane, a tworzeniu si\u0119 nowych zapobiega d\u0142ugotrwa\u0142y efekt.<\/p>\n\n<p>Dzi\u0119ki alaska\u0144skiemu zapachowi Pedexan zapewnia przyjemn\u0105 \u015bwie\u017co\u015b\u0107 i jest nawet biokompatybilny.<\/p>\n\n<hr \/>\n\n<h4 class=\"wp-block-heading\" id=\"application\">Zastosowanie<\/h4>\n\n<p>Aplikacja jest bardzo prosta:<\/p>\n\n<p><br \/><br \/><br \/>&#8211; Spryska\u0107 wn\u0119trze but\u00f3w na zewn\u0105trz &#8211; Zalecamy od 5 do 10 rozpyle\u0144 przy pierwszej aplikacji &#8211; \u015arodek do dezynfekcji but\u00f3w<a href=\"https:\/\/www.versiegelung24.com\/pl\/butelka-do-ponownego-napelniania-butow-pedexan.html\">Pedexan<\/a> nale\u017cy stosowa\u0107 1-2 razy w tygodniu lub w razie potrzeby &#8211; Opcjonalnie uzupe\u0142ni\u0107<a href=\"https:\/\/www.versiegelung24.com\/pl\/butelka-do-ponownego-napelniania-butow-pedexan.html\">1-litrow\u0105 butelk\u0105 uzupe\u0142niaj\u0105c\u0105 \u015brodka do dezynfekcji but\u00f3w Pedexan<\/a><\/p>\n\n<hr \/>\n\n<h4 class=\"wp-block-heading\" id=\"advisor\">Doradca<\/h4>\n\n<p><strong>Porady dotycz\u0105ce bezpiecze\u0144stwa:<\/strong><\/p>\n\n<p>Pami\u0119taj, aby pami\u0119ta\u0107! Zapewni\u0107 odpowiedni\u0105 wentylacj\u0119 podczas leczenia. Wysoce \u0142atwopalna ciecz i para. Powoduje powa\u017cne podra\u017cnienie oczu. Przechowywa\u0107 z dala od \u017ar\u00f3de\u0142 ciep\u0142a, gor\u0105cych powierzchni, iskier, otwartego ognia i innych \u017ar\u00f3de\u0142 zap\u0142onu. Nie pal. Przechowywa\u0107 w ch\u0142odnym, dobrze wentylowanym miejscu. Je\u015bli wymagana jest porada lekarska, nale\u017cy przygotowa\u0107 opakowanie lub etykiet\u0119. Przechowywa\u0107 w miejscu niedost\u0119pnym dla dzieci.<\/p>\n\n<p>Mo\u017ce by\u0107 stosowany do wszystkich wewn\u0119trznych powierzchni but\u00f3w. W razie w\u0105tpliwo\u015bci przetestuj Pedexan w niewidocznym miejscu.<\/p>\n\n<p>Przechowywa\u0107 tylko w zamkni\u0119tym pojemniku. Pojemnik mo\u017cna podda\u0107 recyklingowi tylko wtedy, gdy jest ca\u0142kowicie pusty. Nie u\u017cywa\u0107 po up\u0142ywie daty wa\u017cno\u015bci.<\/p>\n\n<p>Biocyd nr rej.: N-25889<\/p>\n\n<p>Wa\u017cne: Ostro\u017cnie u\u017cywaj produkt\u00f3w biob\u00f3jczych. Zawsze czytaj etykiet\u0119 i informacje o produkcie przed u\u017cyciem.<\/p>\n","protected":false},"excerpt":{"rendered":"<p>Dezynfekcja obuwia Pedexan &#8211; Alaska\u0144ska \u015bwie\u017co\u015b\u0107 but\u00f3w Butelka ze spryskiwaczem 125 ml do \u0142atwego u\u017cycia w domu lub w podr\u00f3\u017cy Je\u015bli buty robocze lub codzienne s\u0105 intensywnie u\u017cywane przez d\u0142ugi czas, cz\u0119sto tworzy si\u0119 idealne \u015brodowisko do namna\u017cania si\u0119 bakterii i grzyb\u00f3w, co powoduje powstawanie nieprzyjemnych zapach\u00f3w. Nawet przy \u015bwie\u017cych skarpetach i wietrzeniu but\u00f3w nieprzyjemny&hellip;&nbsp;<a href=\"https:\/\/www.versiegelung24.com\/pl\/pedexan-do-dezynfekcji-butow.html\" rel=\"bookmark\">Read More &raquo;<span class=\"screen-reader-text\">Dezynfekcja obuwia Pedexan o d\u0142ugotrwa\u0142ym dzia\u0142aniu Butelka z rozpylaczem z pompk\u0105 125 ml<\/span><\/a><\/p>\n","protected":false},"featured_media":21909,"template":"","meta":{"_acf_changed":false,"neve_meta_sidebar":"","neve_meta_container":"","neve_meta_enable_content_width":"","neve_meta_content_width":0,"neve_meta_title_alignment":"","neve_meta_author_avatar":"","neve_post_elements_order":"","neve_meta_disable_header":"","neve_meta_disable_footer":"","neve_meta_disable_title":"","neve_meta_reading_time":"","_surfaces":[],"_ver_product_tabs":[],"footnotes":""},"product_brand":[],"product_cat":[2407,2876],"product_tag":[],"class_list":{"0":"post-24938","1":"product","2":"type-product","3":"status-publish","4":"has-post-thumbnail","6":"product_cat-srodki-dezynfekujace","7":"product_cat-srodki-do-dezynfekcji-obuwia","9":"first","10":"instock","11":"taxable","12":"shipping-taxable","13":"purchasable","14":"product-type-simple"},"acf":[],"yoast_head":"<!-- This site is optimized with the Yoast SEO Premium plugin v22.8 (Yoast SEO v27.5) - https:\/\/yoast.com\/product\/yoast-seo-premium-wordpress\/ -->\n<title>Dezynfekcja obuwia Pedexan o d\u0142ugotrwa\u0142ym dzia\u0142aniu Butelka z rozpylaczem z pompk\u0105 125 ml - versiegelung24.com<\/title>\n<meta name=\"description\" content=\"Dezynfekcja obuwia Pedexan - rozwi\u0105zanie przeciwko nieprzyjemnym zapachom oraz bakteriom i grzybom.\" \/>\n<meta name=\"robots\" content=\"index, follow, max-snippet:-1, max-image-preview:large, max-video-preview:-1\" \/>\n<link rel=\"canonical\" href=\"https:\/\/www.versiegelung24.com\/pl\/pedexan-do-dezynfekcji-butow.html\" \/>\n<meta property=\"og:locale\" content=\"pl_PL\" \/>\n<meta property=\"og:type\" content=\"article\" \/>\n<meta property=\"og:title\" content=\"Dezynfekcja obuwia Pedexan o d\u0142ugotrwa\u0142ym dzia\u0142aniu Butelka z rozpylaczem z pompk\u0105 125 ml\" \/>\n<meta property=\"og:description\" content=\"Dezynfekcja obuwia Pedexan - rozwi\u0105zanie przeciwko nieprzyjemnym zapachom oraz bakteriom i grzybom.\" \/>\n<meta property=\"og:url\" content=\"https:\/\/www.versiegelung24.com\/pl\/pedexan-do-dezynfekcji-butow.html\" \/>\n<meta property=\"og:site_name\" content=\"versiegelung24.com\" \/>\n<meta property=\"article:modified_time\" content=\"2025-01-13T15:32:52+00:00\" \/>\n<meta property=\"og:image\" content=\"https:\/\/www.versiegelung24.com\/wp-content\/uploads\/2021\/03\/pedexan-schuhdesinfektion-125ml.png\" \/>\n\t<meta property=\"og:image:width\" content=\"700\" \/>\n\t<meta property=\"og:image:height\" content=\"700\" \/>\n\t<meta property=\"og:image:type\" content=\"image\/png\" \/>\n<meta name=\"twitter:card\" content=\"summary_large_image\" \/>\n<meta name=\"twitter:label1\" content=\"Cena\" \/>\n\t<meta name=\"twitter:data1\" content=\"10,99&euro;\" \/>\n\t<meta name=\"twitter:label2\" content=\"Dost\u0119pno\u015b\u0107\" \/>\n\t<meta name=\"twitter:data2\" content=\"Dost\u0119pny\" \/>\n<script type=\"application\/ld+json\" class=\"yoast-schema-graph\">{\"@context\":\"https:\\\/\\\/schema.org\",\"@graph\":[{\"@type\":\"WebPage\",\"@id\":\"https:\\\/\\\/www.versiegelung24.com\\\/pl\\\/pedexan-do-dezynfekcji-butow.html\",\"url\":\"https:\\\/\\\/www.versiegelung24.com\\\/pl\\\/pedexan-do-dezynfekcji-butow.html\",\"name\":\"Dezynfekcja obuwia Pedexan o d\u0142ugotrwa\u0142ym dzia\u0142aniu Butelka z rozpylaczem z pompk\u0105 125 ml - versiegelung24.com\",\"isPartOf\":{\"@id\":\"https:\\\/\\\/www.versiegelung24.com\\\/pl\\\/#website\"},\"primaryImageOfPage\":{\"@id\":\"https:\\\/\\\/www.versiegelung24.com\\\/pl\\\/pedexan-do-dezynfekcji-butow.html#primaryimage\"},\"image\":{\"@id\":\"https:\\\/\\\/www.versiegelung24.com\\\/pl\\\/pedexan-do-dezynfekcji-butow.html#primaryimage\"},\"thumbnailUrl\":\"https:\\\/\\\/www.versiegelung24.com\\\/wp-content\\\/uploads\\\/2021\\\/03\\\/pedexan-schuhdesinfektion-125ml.png\",\"datePublished\":\"2021-08-02T21:15:09+00:00\",\"dateModified\":\"2025-01-13T15:32:52+00:00\",\"description\":\"Dezynfekcja obuwia Pedexan - rozwi\u0105zanie przeciwko nieprzyjemnym zapachom oraz bakteriom i grzybom.\",\"breadcrumb\":{\"@id\":\"https:\\\/\\\/www.versiegelung24.com\\\/pl\\\/pedexan-do-dezynfekcji-butow.html#breadcrumb\"},\"inLanguage\":\"pl-PL\",\"potentialAction\":[{\"@type\":\"ReadAction\",\"target\":[\"https:\\\/\\\/www.versiegelung24.com\\\/pl\\\/pedexan-do-dezynfekcji-butow.html\"]}]},{\"@type\":\"ImageObject\",\"inLanguage\":\"pl-PL\",\"@id\":\"https:\\\/\\\/www.versiegelung24.com\\\/pl\\\/pedexan-do-dezynfekcji-butow.html#primaryimage\",\"url\":\"https:\\\/\\\/www.versiegelung24.com\\\/wp-content\\\/uploads\\\/2021\\\/03\\\/pedexan-schuhdesinfektion-125ml.png\",\"contentUrl\":\"https:\\\/\\\/www.versiegelung24.com\\\/wp-content\\\/uploads\\\/2021\\\/03\\\/pedexan-schuhdesinfektion-125ml.png\",\"width\":700,\"height\":700},{\"@type\":\"BreadcrumbList\",\"@id\":\"https:\\\/\\\/www.versiegelung24.com\\\/pl\\\/pedexan-do-dezynfekcji-butow.html#breadcrumb\",\"itemListElement\":[{\"@type\":\"ListItem\",\"position\":1,\"name\":\"Strona g\u0142\u00f3wna\",\"item\":\"https:\\\/\\\/www.versiegelung24.com\\\/pl\\\/przod\\\/\"},{\"@type\":\"ListItem\",\"position\":2,\"name\":\"Sklep\",\"item\":\"https:\\\/\\\/www.versiegelung24.com\\\/pl\\\/sklep\\\/\"},{\"@type\":\"ListItem\",\"position\":3,\"name\":\"Dezynfekcja obuwia Pedexan o d\u0142ugotrwa\u0142ym dzia\u0142aniu Butelka z rozpylaczem z pompk\u0105 125 ml\"}]},{\"@type\":\"WebSite\",\"@id\":\"https:\\\/\\\/www.versiegelung24.com\\\/pl\\\/#website\",\"url\":\"https:\\\/\\\/www.versiegelung24.com\\\/pl\\\/\",\"name\":\"versiegelung24.com\",\"description\":\"Fl\u00fcssigglas-Versiegelung - Made in Germany\",\"publisher\":{\"@id\":\"https:\\\/\\\/www.versiegelung24.com\\\/pl\\\/#organization\"},\"potentialAction\":[{\"@type\":\"SearchAction\",\"target\":{\"@type\":\"EntryPoint\",\"urlTemplate\":\"https:\\\/\\\/www.versiegelung24.com\\\/pl\\\/?s={search_term_string}\"},\"query-input\":{\"@type\":\"PropertyValueSpecification\",\"valueRequired\":true,\"valueName\":\"search_term_string\"}}],\"inLanguage\":\"pl-PL\"},{\"@type\":\"Organization\",\"@id\":\"https:\\\/\\\/www.versiegelung24.com\\\/pl\\\/#organization\",\"name\":\"versiegelung24\",\"url\":\"https:\\\/\\\/www.versiegelung24.com\\\/pl\\\/\",\"logo\":{\"@type\":\"ImageObject\",\"inLanguage\":\"pl-PL\",\"@id\":\"https:\\\/\\\/www.versiegelung24.com\\\/pl\\\/#\\\/schema\\\/logo\\\/image\\\/\",\"url\":\"https:\\\/\\\/www.versiegelung24.com\\\/wp-content\\\/uploads\\\/2020\\\/04\\\/versiegelung24.png\",\"contentUrl\":\"https:\\\/\\\/www.versiegelung24.com\\\/wp-content\\\/uploads\\\/2020\\\/04\\\/versiegelung24.png\",\"width\":470,\"height\":102,\"caption\":\"versiegelung24\"},\"image\":{\"@id\":\"https:\\\/\\\/www.versiegelung24.com\\\/pl\\\/#\\\/schema\\\/logo\\\/image\\\/\"}}]}<\/script>\n<meta property=\"product:price:amount\" content=\"10.99\" \/>\n<meta property=\"product:price:currency\" content=\"EUR\" \/>\n<meta property=\"og:availability\" content=\"instock\" \/>\n<meta property=\"product:availability\" content=\"instock\" \/>\n<meta property=\"product:retailer_item_id\" content=\"PED-125A\" \/>\n<meta property=\"product:condition\" content=\"new\" \/>\n<!-- \/ Yoast SEO Premium plugin. -->","yoast_head_json":{"title":"Dezynfekcja obuwia Pedexan o d\u0142ugotrwa\u0142ym dzia\u0142aniu Butelka z rozpylaczem z pompk\u0105 125 ml - versiegelung24.com","description":"Dezynfekcja obuwia Pedexan - rozwi\u0105zanie przeciwko nieprzyjemnym zapachom oraz bakteriom i grzybom.","robots":{"index":"index","follow":"follow","max-snippet":"max-snippet:-1","max-image-preview":"max-image-preview:large","max-video-preview":"max-video-preview:-1"},"canonical":"https:\/\/www.versiegelung24.com\/pl\/pedexan-do-dezynfekcji-butow.html","og_locale":"pl_PL","og_type":"article","og_title":"Dezynfekcja obuwia Pedexan o d\u0142ugotrwa\u0142ym dzia\u0142aniu Butelka z rozpylaczem z pompk\u0105 125 ml","og_description":"Dezynfekcja obuwia Pedexan - rozwi\u0105zanie przeciwko nieprzyjemnym zapachom oraz bakteriom i grzybom.","og_url":"https:\/\/www.versiegelung24.com\/pl\/pedexan-do-dezynfekcji-butow.html","og_site_name":"versiegelung24.com","article_modified_time":"2025-01-13T15:32:52+00:00","og_image":[{"width":700,"height":700,"url":"https:\/\/www.versiegelung24.com\/wp-content\/uploads\/2021\/03\/pedexan-schuhdesinfektion-125ml.png","type":"image\/png"}],"twitter_card":"summary_large_image","twitter_misc":{"Cena":"10,99&euro;","Dost\u0119pno\u015b\u0107":"Dost\u0119pny"},"schema":{"@context":"https:\/\/schema.org","@graph":[{"@type":"WebPage","@id":"https:\/\/www.versiegelung24.com\/pl\/pedexan-do-dezynfekcji-butow.html","url":"https:\/\/www.versiegelung24.com\/pl\/pedexan-do-dezynfekcji-butow.html","name":"Dezynfekcja obuwia Pedexan o d\u0142ugotrwa\u0142ym dzia\u0142aniu Butelka z rozpylaczem z pompk\u0105 125 ml - versiegelung24.com","isPartOf":{"@id":"https:\/\/www.versiegelung24.com\/pl\/#website"},"primaryImageOfPage":{"@id":"https:\/\/www.versiegelung24.com\/pl\/pedexan-do-dezynfekcji-butow.html#primaryimage"},"image":{"@id":"https:\/\/www.versiegelung24.com\/pl\/pedexan-do-dezynfekcji-butow.html#primaryimage"},"thumbnailUrl":"https:\/\/www.versiegelung24.com\/wp-content\/uploads\/2021\/03\/pedexan-schuhdesinfektion-125ml.png","datePublished":"2021-08-02T21:15:09+00:00","dateModified":"2025-01-13T15:32:52+00:00","description":"Dezynfekcja obuwia Pedexan - rozwi\u0105zanie przeciwko nieprzyjemnym zapachom oraz bakteriom i grzybom.","breadcrumb":{"@id":"https:\/\/www.versiegelung24.com\/pl\/pedexan-do-dezynfekcji-butow.html#breadcrumb"},"inLanguage":"pl-PL","potentialAction":[{"@type":"ReadAction","target":["https:\/\/www.versiegelung24.com\/pl\/pedexan-do-dezynfekcji-butow.html"]}]},{"@type":"ImageObject","inLanguage":"pl-PL","@id":"https:\/\/www.versiegelung24.com\/pl\/pedexan-do-dezynfekcji-butow.html#primaryimage","url":"https:\/\/www.versiegelung24.com\/wp-content\/uploads\/2021\/03\/pedexan-schuhdesinfektion-125ml.png","contentUrl":"https:\/\/www.versiegelung24.com\/wp-content\/uploads\/2021\/03\/pedexan-schuhdesinfektion-125ml.png","width":700,"height":700},{"@type":"BreadcrumbList","@id":"https:\/\/www.versiegelung24.com\/pl\/pedexan-do-dezynfekcji-butow.html#breadcrumb","itemListElement":[{"@type":"ListItem","position":1,"name":"Strona g\u0142\u00f3wna","item":"https:\/\/www.versiegelung24.com\/pl\/przod\/"},{"@type":"ListItem","position":2,"name":"Sklep","item":"https:\/\/www.versiegelung24.com\/pl\/sklep\/"},{"@type":"ListItem","position":3,"name":"Dezynfekcja obuwia Pedexan o d\u0142ugotrwa\u0142ym dzia\u0142aniu Butelka z rozpylaczem z pompk\u0105 125 ml"}]},{"@type":"WebSite","@id":"https:\/\/www.versiegelung24.com\/pl\/#website","url":"https:\/\/www.versiegelung24.com\/pl\/","name":"versiegelung24.com","description":"Fl\u00fcssigglas-Versiegelung - Made in Germany","publisher":{"@id":"https:\/\/www.versiegelung24.com\/pl\/#organization"},"potentialAction":[{"@type":"SearchAction","target":{"@type":"EntryPoint","urlTemplate":"https:\/\/www.versiegelung24.com\/pl\/?s={search_term_string}"},"query-input":{"@type":"PropertyValueSpecification","valueRequired":true,"valueName":"search_term_string"}}],"inLanguage":"pl-PL"},{"@type":"Organization","@id":"https:\/\/www.versiegelung24.com\/pl\/#organization","name":"versiegelung24","url":"https:\/\/www.versiegelung24.com\/pl\/","logo":{"@type":"ImageObject","inLanguage":"pl-PL","@id":"https:\/\/www.versiegelung24.com\/pl\/#\/schema\/logo\/image\/","url":"https:\/\/www.versiegelung24.com\/wp-content\/uploads\/2020\/04\/versiegelung24.png","contentUrl":"https:\/\/www.versiegelung24.com\/wp-content\/uploads\/2020\/04\/versiegelung24.png","width":470,"height":102,"caption":"versiegelung24"},"image":{"@id":"https:\/\/www.versiegelung24.com\/pl\/#\/schema\/logo\/image\/"}}]},"product_price_amount":"10.99","product_price_currency":"EUR","og_availability":"instock","product_availability":"instock","product_retailer_item_id":"PED-125A","product_condition":"new"},"_links":{"self":[{"href":"https:\/\/www.versiegelung24.com\/pl\/wp-json\/wp\/v2\/product\/24938","targetHints":{"allow":["GET"]}}],"collection":[{"href":"https:\/\/www.versiegelung24.com\/pl\/wp-json\/wp\/v2\/product"}],"about":[{"href":"https:\/\/www.versiegelung24.com\/pl\/wp-json\/wp\/v2\/types\/product"}],"version-history":[{"count":19,"href":"https:\/\/www.versiegelung24.com\/pl\/wp-json\/wp\/v2\/product\/24938\/revisions"}],"predecessor-version":[{"id":180404,"href":"https:\/\/www.versiegelung24.com\/pl\/wp-json\/wp\/v2\/product\/24938\/revisions\/180404"}],"wp:featuredmedia":[{"embeddable":true,"href":"https:\/\/www.versiegelung24.com\/pl\/wp-json\/wp\/v2\/media\/21909"}],"wp:attachment":[{"href":"https:\/\/www.versiegelung24.com\/pl\/wp-json\/wp\/v2\/media?parent=24938"}],"wp:term":[{"taxonomy":"product_brand","embeddable":true,"href":"https:\/\/www.versiegelung24.com\/pl\/wp-json\/wp\/v2\/product_brand?post=24938"},{"taxonomy":"product_cat","embeddable":true,"href":"https:\/\/www.versiegelung24.com\/pl\/wp-json\/wp\/v2\/product_cat?post=24938"},{"taxonomy":"product_tag","embeddable":true,"href":"https:\/\/www.versiegelung24.com\/pl\/wp-json\/wp\/v2\/product_tag?post=24938"}],"curies":[{"name":"wp","href":"https:\/\/api.w.org\/{rel}","templated":true}]}}