{"id":24991,"date":"2020-05-20T20:21:58","date_gmt":"2021-08-02T21:17:38","guid":{"rendered":"https:\/\/www.versiegelung24.com\/produkt\/srodek-do-dezynfekcji-rak-dexan-500ml-butelka"},"modified":"2025-01-13T16:40:26","modified_gmt":"2025-01-13T15:40:26","slug":"srodek-do-dezynfekcji-rak-deksan-500ml-butelka","status":"publish","type":"product","link":"https:\/\/www.versiegelung24.com\/pl\/srodek-do-dezynfekcji-rak-deksan-500ml-butelka.html","title":{"rendered":"\u015arodek do dezynfekcji r\u0105k Dexan 500ml butelka"},"content":{"rendered":"\n<h2 class=\"wp-block-heading\" id=\"gebrauchsfertige-alkoholbasierte-handedesinfektion-mit-pflegekomponente-aloe-vera\">Gotowa do u\u017cycia dezynfekcja r\u0105k na bazie alkoholu ze sk\u0142adnikami piel\u0119gnacyjnymi (aloes)<\/h2>\n\n<p>Ograniczone wirusob\u00f3jcze (wirusy otoczkowe <strong>W tym Koronawirus<\/strong>, HIV, HBV, HCV, grypa, opryszczka, wirus Ebola itp.)<\/p>\n\n<hr \/>\n\n<h4 class=\"wp-block-heading\" id=\"properties\">Cechy produktu<\/h4>\n\n<div class=\"wp-block-columns is-layout-flex wp-container-core-columns-is-layout-9d6595d7 wp-block-columns-is-layout-flex\">\n<div class=\"wp-block-column is-layout-flow wp-block-column-is-layout-flow\">\n<p><br \/>S<strong>kuteczno\u015b\u0107:<\/strong> Testowane zgodnie z europejskimi normami szpitalnymi: EN 1040, EN 1275, EN 1276, EN 1500: 1 min; prEN 12054: 30s. Ograniczone wirusob\u00f3jcze (wirusy otoczkowe, w tym koronawirus, HIV, HBV, HCV, grypa, opryszczka, wirus Ebola itp.) zgodnie z wytycznymi DVV \/ RKI: 15s.<\/p>\n<\/div>\n\n\n\n<div class=\"wp-block-column is-layout-flow wp-block-column-is-layout-flow\">\n<p><br \/>P<strong>rzeznaczenie:<\/strong> Do higienicznej dezynfekcji r\u0105k.<\/p>\n\n\n\n<p><br \/><br \/>S<strong>k\u0142ad:<\/strong> 100 g zawiera: 50,0 g etanolu, 10,0 g izopropanolu, 0,10 g chlorku benzalkoniowego, wod\u0119 oczyszczon\u0105, ekstrakt z aloesu.<\/p>\n<\/div>\n<\/div>\n\n<hr \/>\n\n<h4 class=\"wp-block-heading\" id=\"application\">Zastosowanie<\/h4>\n\n<p>Na\u0142o\u017cy\u0107 odpowiedni\u0105 ilo\u015b\u0107 Dexanu do suchej d\u0142oni, tak aby wszystkie obszary d\u0142oni by\u0142y ca\u0142kowicie pokryte preparatem. Dok\u0142adnie wcieraj w d\u0142onie, utrzymuj r\u0119ce wilgotne w czasie wcierania.<\/p>\n\n<hr \/>\n\n<h4 class=\"wp-block-heading\" id=\"advisor\">Doradca<\/h4>\n\n<p><br \/>W<strong>skaz\u00f3wki bezpiecze\u0144stwa:<\/strong> Wysoce \u0142atwopalna ciecz i pary. Powoduje powa\u017cne podra\u017cnienie oczu. Przechowywa\u0107 z dala od \u017ar\u00f3de\u0142 ciep\u0142a, gor\u0105cych powierzchni, iskier, otwartego ognia i innych \u017ar\u00f3de\u0142 zap\u0142onu. Nie pali\u0107 tytoniu. Przechowywa\u0107 pojemnik szczelnie zamkni\u0119ty. W PRZYPADKU DOSTANIA SI\u0118 DO OCZU: Ostro\u017cnie p\u0142uka\u0107 wod\u0105 przez kilka minut. Je\u015bli to mo\u017cliwe, usun\u0105\u0107 soczewki kontaktowe. Kontynuowa\u0107 p\u0142ukanie. Przechowywa\u0107 w miejscu niedost\u0119pnym dla dzieci. Biocide Reg. No.: 75940 \u015arodek dezynfekuj\u0105cy nale\u017cy stosowa\u0107 ostro\u017cnie. Przed u\u017cyciem nale\u017cy zawsze przeczyta\u0107 etykiet\u0119 i informacje o produkcie.<\/p>\n","protected":false},"excerpt":{"rendered":"<p><strong>Gotowa do u\u017cycia dezynfekcja r\u0105k na bazie alkoholu:<\/strong><\/p>\n<p>\u2713 Ze sk\u0142adnikiem piel\u0119gnacyjnym (aloes)<\/p>\n<p>\u2713 Ograniczone wirusob\u00f3jcze (wirusy otoczkowe, w tym koronawirus, HIV, HBV, HCV, grypa, opryszczka, wirus Ebola itp.)<\/p>\n","protected":false},"featured_media":15540,"template":"","meta":{"_acf_changed":false,"neve_meta_sidebar":"","neve_meta_container":"","neve_meta_enable_content_width":"","neve_meta_content_width":0,"neve_meta_title_alignment":"","neve_meta_author_avatar":"","neve_post_elements_order":"","neve_meta_disable_header":"","neve_meta_disable_footer":"","neve_meta_disable_title":"","neve_meta_reading_time":"","_surfaces":[],"_ver_product_tabs":[],"footnotes":""},"product_brand":[],"product_cat":[2407,2767],"product_tag":[],"class_list":{"0":"post-24991","1":"product","2":"type-product","3":"status-publish","4":"has-post-thumbnail","6":"product_cat-srodki-dezynfekujace","7":"product_cat-odkazacz-do-rak","9":"first","10":"instock","11":"taxable","12":"shipping-taxable","13":"purchasable","14":"product-type-simple"},"acf":[],"yoast_head":"<!-- This site is optimized with the Yoast SEO Premium plugin v22.8 (Yoast SEO v27.5) - https:\/\/yoast.com\/product\/yoast-seo-premium-wordpress\/ -->\n<title>\u015arodek do dezynfekcji r\u0105k Dexan 500ml butelka - versiegelung24.com<\/title>\n<meta name=\"robots\" content=\"index, follow, max-snippet:-1, max-image-preview:large, max-video-preview:-1\" \/>\n<link rel=\"canonical\" href=\"https:\/\/www.versiegelung24.com\/pl\/srodek-do-dezynfekcji-rak-deksan-500ml-butelka.html\" \/>\n<meta property=\"og:locale\" content=\"pl_PL\" \/>\n<meta property=\"og:type\" content=\"article\" \/>\n<meta property=\"og:title\" content=\"\u015arodek do dezynfekcji r\u0105k Dexan 500ml butelka\" \/>\n<meta property=\"og:description\" content=\"Gotowa do u\u017cycia dezynfekcja r\u0105k na bazie alkoholu: \u2713 Ze sk\u0142adnikiem piel\u0119gnacyjnym (aloes) \u2713 Ograniczone wirusob\u00f3jcze (wirusy otoczkowe, w tym koronawirus, HIV, HBV, HCV, grypa, opryszczka, wirus Ebola itp.)\" \/>\n<meta property=\"og:url\" content=\"https:\/\/www.versiegelung24.com\/pl\/srodek-do-dezynfekcji-rak-deksan-500ml-butelka.html\" \/>\n<meta property=\"og:site_name\" content=\"versiegelung24.com\" \/>\n<meta property=\"article:modified_time\" content=\"2025-01-13T15:40:26+00:00\" \/>\n<meta property=\"og:image\" content=\"https:\/\/www.versiegelung24.com\/wp-content\/uploads\/2020\/05\/dexan-haendedesinfektionsmittel-500ml-1.png\" \/>\n\t<meta property=\"og:image:width\" content=\"2000\" \/>\n\t<meta property=\"og:image:height\" content=\"2000\" \/>\n\t<meta property=\"og:image:type\" content=\"image\/png\" \/>\n<meta name=\"twitter:card\" content=\"summary_large_image\" \/>\n<meta name=\"twitter:label1\" content=\"Cena\" \/>\n\t<meta name=\"twitter:data1\" content=\"9,99&euro;\" \/>\n\t<meta name=\"twitter:label2\" content=\"Dost\u0119pno\u015b\u0107\" \/>\n\t<meta name=\"twitter:data2\" content=\"Dost\u0119pny\" \/>\n<script type=\"application\/ld+json\" class=\"yoast-schema-graph\">{\"@context\":\"https:\\\/\\\/schema.org\",\"@graph\":[{\"@type\":\"WebPage\",\"@id\":\"https:\\\/\\\/www.versiegelung24.com\\\/pl\\\/srodek-do-dezynfekcji-rak-deksan-500ml-butelka.html\",\"url\":\"https:\\\/\\\/www.versiegelung24.com\\\/pl\\\/srodek-do-dezynfekcji-rak-deksan-500ml-butelka.html\",\"name\":\"\u015arodek do dezynfekcji r\u0105k Dexan 500ml butelka - versiegelung24.com\",\"isPartOf\":{\"@id\":\"https:\\\/\\\/www.versiegelung24.com\\\/pl\\\/#website\"},\"primaryImageOfPage\":{\"@id\":\"https:\\\/\\\/www.versiegelung24.com\\\/pl\\\/srodek-do-dezynfekcji-rak-deksan-500ml-butelka.html#primaryimage\"},\"image\":{\"@id\":\"https:\\\/\\\/www.versiegelung24.com\\\/pl\\\/srodek-do-dezynfekcji-rak-deksan-500ml-butelka.html#primaryimage\"},\"thumbnailUrl\":\"https:\\\/\\\/www.versiegelung24.com\\\/wp-content\\\/uploads\\\/2020\\\/05\\\/dexan-haendedesinfektionsmittel-500ml-1.png\",\"datePublished\":\"2021-08-02T21:17:38+00:00\",\"dateModified\":\"2025-01-13T15:40:26+00:00\",\"breadcrumb\":{\"@id\":\"https:\\\/\\\/www.versiegelung24.com\\\/pl\\\/srodek-do-dezynfekcji-rak-deksan-500ml-butelka.html#breadcrumb\"},\"inLanguage\":\"pl-PL\",\"potentialAction\":[{\"@type\":\"ReadAction\",\"target\":[\"https:\\\/\\\/www.versiegelung24.com\\\/pl\\\/srodek-do-dezynfekcji-rak-deksan-500ml-butelka.html\"]}]},{\"@type\":\"ImageObject\",\"inLanguage\":\"pl-PL\",\"@id\":\"https:\\\/\\\/www.versiegelung24.com\\\/pl\\\/srodek-do-dezynfekcji-rak-deksan-500ml-butelka.html#primaryimage\",\"url\":\"https:\\\/\\\/www.versiegelung24.com\\\/wp-content\\\/uploads\\\/2020\\\/05\\\/dexan-haendedesinfektionsmittel-500ml-1.png\",\"contentUrl\":\"https:\\\/\\\/www.versiegelung24.com\\\/wp-content\\\/uploads\\\/2020\\\/05\\\/dexan-haendedesinfektionsmittel-500ml-1.png\",\"width\":2000,\"height\":2000},{\"@type\":\"BreadcrumbList\",\"@id\":\"https:\\\/\\\/www.versiegelung24.com\\\/pl\\\/srodek-do-dezynfekcji-rak-deksan-500ml-butelka.html#breadcrumb\",\"itemListElement\":[{\"@type\":\"ListItem\",\"position\":1,\"name\":\"Strona g\u0142\u00f3wna\",\"item\":\"https:\\\/\\\/www.versiegelung24.com\\\/pl\\\/przod\\\/\"},{\"@type\":\"ListItem\",\"position\":2,\"name\":\"Sklep\",\"item\":\"https:\\\/\\\/www.versiegelung24.com\\\/pl\\\/sklep\\\/\"},{\"@type\":\"ListItem\",\"position\":3,\"name\":\"\u015arodek do dezynfekcji r\u0105k Dexan 500ml butelka\"}]},{\"@type\":\"WebSite\",\"@id\":\"https:\\\/\\\/www.versiegelung24.com\\\/pl\\\/#website\",\"url\":\"https:\\\/\\\/www.versiegelung24.com\\\/pl\\\/\",\"name\":\"versiegelung24.com\",\"description\":\"Fl\u00fcssigglas-Versiegelung - Made in Germany\",\"publisher\":{\"@id\":\"https:\\\/\\\/www.versiegelung24.com\\\/pl\\\/#organization\"},\"potentialAction\":[{\"@type\":\"SearchAction\",\"target\":{\"@type\":\"EntryPoint\",\"urlTemplate\":\"https:\\\/\\\/www.versiegelung24.com\\\/pl\\\/?s={search_term_string}\"},\"query-input\":{\"@type\":\"PropertyValueSpecification\",\"valueRequired\":true,\"valueName\":\"search_term_string\"}}],\"inLanguage\":\"pl-PL\"},{\"@type\":\"Organization\",\"@id\":\"https:\\\/\\\/www.versiegelung24.com\\\/pl\\\/#organization\",\"name\":\"versiegelung24\",\"url\":\"https:\\\/\\\/www.versiegelung24.com\\\/pl\\\/\",\"logo\":{\"@type\":\"ImageObject\",\"inLanguage\":\"pl-PL\",\"@id\":\"https:\\\/\\\/www.versiegelung24.com\\\/pl\\\/#\\\/schema\\\/logo\\\/image\\\/\",\"url\":\"https:\\\/\\\/www.versiegelung24.com\\\/wp-content\\\/uploads\\\/2020\\\/04\\\/versiegelung24.png\",\"contentUrl\":\"https:\\\/\\\/www.versiegelung24.com\\\/wp-content\\\/uploads\\\/2020\\\/04\\\/versiegelung24.png\",\"width\":470,\"height\":102,\"caption\":\"versiegelung24\"},\"image\":{\"@id\":\"https:\\\/\\\/www.versiegelung24.com\\\/pl\\\/#\\\/schema\\\/logo\\\/image\\\/\"}}]}<\/script>\n<meta property=\"product:price:amount\" content=\"9.99\" \/>\n<meta property=\"product:price:currency\" content=\"EUR\" \/>\n<meta property=\"og:availability\" content=\"instock\" \/>\n<meta property=\"product:availability\" content=\"instock\" \/>\n<meta property=\"product:retailer_item_id\" content=\"dexan-500\" \/>\n<meta property=\"product:condition\" content=\"new\" \/>\n<!-- \/ Yoast SEO Premium plugin. -->","yoast_head_json":{"title":"\u015arodek do dezynfekcji r\u0105k Dexan 500ml butelka - versiegelung24.com","robots":{"index":"index","follow":"follow","max-snippet":"max-snippet:-1","max-image-preview":"max-image-preview:large","max-video-preview":"max-video-preview:-1"},"canonical":"https:\/\/www.versiegelung24.com\/pl\/srodek-do-dezynfekcji-rak-deksan-500ml-butelka.html","og_locale":"pl_PL","og_type":"article","og_title":"\u015arodek do dezynfekcji r\u0105k Dexan 500ml butelka","og_description":"Gotowa do u\u017cycia dezynfekcja r\u0105k na bazie alkoholu: \u2713 Ze sk\u0142adnikiem piel\u0119gnacyjnym (aloes) \u2713 Ograniczone wirusob\u00f3jcze (wirusy otoczkowe, w tym koronawirus, HIV, HBV, HCV, grypa, opryszczka, wirus Ebola itp.)","og_url":"https:\/\/www.versiegelung24.com\/pl\/srodek-do-dezynfekcji-rak-deksan-500ml-butelka.html","og_site_name":"versiegelung24.com","article_modified_time":"2025-01-13T15:40:26+00:00","og_image":[{"width":2000,"height":2000,"url":"https:\/\/www.versiegelung24.com\/wp-content\/uploads\/2020\/05\/dexan-haendedesinfektionsmittel-500ml-1.png","type":"image\/png"}],"twitter_card":"summary_large_image","twitter_misc":{"Cena":"9,99&euro;","Dost\u0119pno\u015b\u0107":"Dost\u0119pny"},"schema":{"@context":"https:\/\/schema.org","@graph":[{"@type":"WebPage","@id":"https:\/\/www.versiegelung24.com\/pl\/srodek-do-dezynfekcji-rak-deksan-500ml-butelka.html","url":"https:\/\/www.versiegelung24.com\/pl\/srodek-do-dezynfekcji-rak-deksan-500ml-butelka.html","name":"\u015arodek do dezynfekcji r\u0105k Dexan 500ml butelka - versiegelung24.com","isPartOf":{"@id":"https:\/\/www.versiegelung24.com\/pl\/#website"},"primaryImageOfPage":{"@id":"https:\/\/www.versiegelung24.com\/pl\/srodek-do-dezynfekcji-rak-deksan-500ml-butelka.html#primaryimage"},"image":{"@id":"https:\/\/www.versiegelung24.com\/pl\/srodek-do-dezynfekcji-rak-deksan-500ml-butelka.html#primaryimage"},"thumbnailUrl":"https:\/\/www.versiegelung24.com\/wp-content\/uploads\/2020\/05\/dexan-haendedesinfektionsmittel-500ml-1.png","datePublished":"2021-08-02T21:17:38+00:00","dateModified":"2025-01-13T15:40:26+00:00","breadcrumb":{"@id":"https:\/\/www.versiegelung24.com\/pl\/srodek-do-dezynfekcji-rak-deksan-500ml-butelka.html#breadcrumb"},"inLanguage":"pl-PL","potentialAction":[{"@type":"ReadAction","target":["https:\/\/www.versiegelung24.com\/pl\/srodek-do-dezynfekcji-rak-deksan-500ml-butelka.html"]}]},{"@type":"ImageObject","inLanguage":"pl-PL","@id":"https:\/\/www.versiegelung24.com\/pl\/srodek-do-dezynfekcji-rak-deksan-500ml-butelka.html#primaryimage","url":"https:\/\/www.versiegelung24.com\/wp-content\/uploads\/2020\/05\/dexan-haendedesinfektionsmittel-500ml-1.png","contentUrl":"https:\/\/www.versiegelung24.com\/wp-content\/uploads\/2020\/05\/dexan-haendedesinfektionsmittel-500ml-1.png","width":2000,"height":2000},{"@type":"BreadcrumbList","@id":"https:\/\/www.versiegelung24.com\/pl\/srodek-do-dezynfekcji-rak-deksan-500ml-butelka.html#breadcrumb","itemListElement":[{"@type":"ListItem","position":1,"name":"Strona g\u0142\u00f3wna","item":"https:\/\/www.versiegelung24.com\/pl\/przod\/"},{"@type":"ListItem","position":2,"name":"Sklep","item":"https:\/\/www.versiegelung24.com\/pl\/sklep\/"},{"@type":"ListItem","position":3,"name":"\u015arodek do dezynfekcji r\u0105k Dexan 500ml butelka"}]},{"@type":"WebSite","@id":"https:\/\/www.versiegelung24.com\/pl\/#website","url":"https:\/\/www.versiegelung24.com\/pl\/","name":"versiegelung24.com","description":"Fl\u00fcssigglas-Versiegelung - Made in Germany","publisher":{"@id":"https:\/\/www.versiegelung24.com\/pl\/#organization"},"potentialAction":[{"@type":"SearchAction","target":{"@type":"EntryPoint","urlTemplate":"https:\/\/www.versiegelung24.com\/pl\/?s={search_term_string}"},"query-input":{"@type":"PropertyValueSpecification","valueRequired":true,"valueName":"search_term_string"}}],"inLanguage":"pl-PL"},{"@type":"Organization","@id":"https:\/\/www.versiegelung24.com\/pl\/#organization","name":"versiegelung24","url":"https:\/\/www.versiegelung24.com\/pl\/","logo":{"@type":"ImageObject","inLanguage":"pl-PL","@id":"https:\/\/www.versiegelung24.com\/pl\/#\/schema\/logo\/image\/","url":"https:\/\/www.versiegelung24.com\/wp-content\/uploads\/2020\/04\/versiegelung24.png","contentUrl":"https:\/\/www.versiegelung24.com\/wp-content\/uploads\/2020\/04\/versiegelung24.png","width":470,"height":102,"caption":"versiegelung24"},"image":{"@id":"https:\/\/www.versiegelung24.com\/pl\/#\/schema\/logo\/image\/"}}]},"product_price_amount":"9.99","product_price_currency":"EUR","og_availability":"instock","product_availability":"instock","product_retailer_item_id":"dexan-500","product_condition":"new"},"_links":{"self":[{"href":"https:\/\/www.versiegelung24.com\/pl\/wp-json\/wp\/v2\/product\/24991","targetHints":{"allow":["GET"]}}],"collection":[{"href":"https:\/\/www.versiegelung24.com\/pl\/wp-json\/wp\/v2\/product"}],"about":[{"href":"https:\/\/www.versiegelung24.com\/pl\/wp-json\/wp\/v2\/types\/product"}],"version-history":[{"count":13,"href":"https:\/\/www.versiegelung24.com\/pl\/wp-json\/wp\/v2\/product\/24991\/revisions"}],"predecessor-version":[{"id":180594,"href":"https:\/\/www.versiegelung24.com\/pl\/wp-json\/wp\/v2\/product\/24991\/revisions\/180594"}],"wp:featuredmedia":[{"embeddable":true,"href":"https:\/\/www.versiegelung24.com\/pl\/wp-json\/wp\/v2\/media\/15540"}],"wp:attachment":[{"href":"https:\/\/www.versiegelung24.com\/pl\/wp-json\/wp\/v2\/media?parent=24991"}],"wp:term":[{"taxonomy":"product_brand","embeddable":true,"href":"https:\/\/www.versiegelung24.com\/pl\/wp-json\/wp\/v2\/product_brand?post=24991"},{"taxonomy":"product_cat","embeddable":true,"href":"https:\/\/www.versiegelung24.com\/pl\/wp-json\/wp\/v2\/product_cat?post=24991"},{"taxonomy":"product_tag","embeddable":true,"href":"https:\/\/www.versiegelung24.com\/pl\/wp-json\/wp\/v2\/product_tag?post=24991"}],"curies":[{"name":"wp","href":"https:\/\/api.w.org\/{rel}","templated":true}]}}