{"id":37413,"date":"2021-09-27T11:17:44","date_gmt":"2021-09-27T09:31:14","guid":{"rendered":"https:\/\/www.versiegelung24.com\/produkt\/warstwa-ochronna-telefonu-komorkowego-wykonana-z-plynnego-szkla-przed-bakteriami-i-wirusami"},"modified":"2025-01-05T15:38:59","modified_gmt":"2025-01-05T14:38:59","slug":"handy-liquid-glass-ochronna-warstwa-przeciw-bakteriom-wirusom","status":"publish","type":"product","link":"https:\/\/www.versiegelung24.com\/pl\/handy-liquid-glass-ochronna-warstwa-przeciw-bakteriom-wirusom.html","title":{"rendered":"D\u0142ugotrwa\u0142a dezynfekcja smartfon\u00f3w i telefon\u00f3w kom\u00f3rkowych przeciwko bakteriom i wirusom"},"content":{"rendered":"\n<h2 class=\"wp-block-heading\" id=\"h-neuheit-am-markt-smartphones-amp-handys-fur-3-monate-mit-einer-unsichtbaren-flussigglas-schicht-gegen-bakterien-viren-und-pilze-schutzen\">Nowo\u015b\u0107 na rynku: Chro\u0144 smartfony i telefony kom\u00f3rkowe przed bakteriami, wirusami i grzybami przez 3 miesi\u0105ce<\/h2>\n<div class=\"wp-block-image\">\n<figure class=\"aligncenter size-large\"><img fetchpriority=\"high\" decoding=\"async\" width=\"2560\" height=\"1440\" src=\"https:\/\/www.versiegelung24.com\/wp-content\/uploads\/2021\/09\/handy_bakterien-viren-edited-scaled.jpeg\" alt=\"\" class=\"wp-image-38698\" srcset=\"https:\/\/www.versiegelung24.com\/wp-content\/uploads\/2021\/09\/handy_bakterien-viren-edited-scaled.jpeg 2560w, https:\/\/www.versiegelung24.com\/wp-content\/uploads\/2021\/09\/handy_bakterien-viren-edited-scaled-600x338.jpeg 600w, https:\/\/www.versiegelung24.com\/wp-content\/uploads\/2021\/09\/handy_bakterien-viren-edited-300x169.jpeg 300w, https:\/\/www.versiegelung24.com\/wp-content\/uploads\/2021\/09\/handy_bakterien-viren-edited-1300x731.jpeg 1300w, https:\/\/www.versiegelung24.com\/wp-content\/uploads\/2021\/09\/handy_bakterien-viren-edited-768x432.jpeg 768w, https:\/\/www.versiegelung24.com\/wp-content\/uploads\/2021\/09\/handy_bakterien-viren-edited-1536x864.jpeg 1536w, https:\/\/www.versiegelung24.com\/wp-content\/uploads\/2021\/09\/handy_bakterien-viren-edited-2048x1152.jpeg 2048w\" sizes=\"(max-width: 2560px) 100vw, 2560px\" \/><figcaption class=\"wp-element-caption\">Smartfon jako no\u015bnik bakterii, wirus\u00f3w i grzyb\u00f3w<\/figcaption><\/figure>\n<\/div>\n<p>Dzi\u015b smartfon jest nieod\u0142\u0105cznym towarzyszem. Wiele os\u00f3b odbiera go setki razy w ci\u0105gu dnia. Telefon kom\u00f3rkowy jest wsz\u0119dzie<strong> &#8211;<\/strong> czy to podczas snu i odpoczynku, czy w toalecie, czy podczas uprawiania sportu i wypoczynku. Prawdziwa uczta dla przenoszenia wirus\u00f3w i bakterii. <\/p>\n\n<p>U\u017cytkownik powinien bardzo powa\u017cnie traktowa\u0107 ryzyko zwi\u0105zane z bakteriami, grzybami i wirusami na smartfonach. Nie tylko s\u0105 niehigieniczne, ale mog\u0105 wp\u0142ywa\u0107 zar\u00f3wno na samopoczucie, jak i zdrowie. Nawiasem m\u00f3wi\u0105c, du\u017co przyjemniej jest korzysta\u0107 z og\u00f3lnie czystego i higienicznie utrzymanego telefonu kom\u00f3rkowego lub smartfona.<\/p>\n\n<hr\/>\n\n<h4 class=\"wp-block-heading\" id=\"video\">Wideo<\/h4>\n\n<figure class=\"wp-block-embed aligncenter is-type-rich is-provider-handler-einbetten wp-block-embed-handler-einbetten wp-embed-aspect-16-9 wp-has-aspect-ratio\"><div class=\"wp-block-embed__wrapper\"> \n<div class=\"nv-iframe-embed\"><iframe title=\"Award-winning Mobile Phone Sanitizer by LiquiGlas (904)\" width=\"1200\" height=\"675\" src=\"https:\/\/www.youtube.com\/embed\/OPwnhKcFTvA?feature=oembed\" frameborder=\"0\" allow=\"accelerometer; autoplay; clipboard-write; encrypted-media; gyroscope; picture-in-picture\" allowfullscreen><\/iframe><\/div>\n <\/div><\/figure>\n\n<hr\/>\n\n<h4 class=\"wp-block-heading\" id=\"properties\">Cechy produktu<\/h4>\n\n<div class=\"wp-block-columns is-layout-flex wp-container-core-columns-is-layout-9d6595d7 wp-block-columns-is-layout-flex\">\n<div class=\"wp-block-column is-layout-flow wp-block-column-is-layout-flow\">\n<h2 class=\"wp-block-heading\" id=\"die-highlights-auf-einen-blick\">Najwa\u017cniejsze informacje na pierwszy rzut oka<\/h2>\n\n\n\n<p><br\/><br\/><br\/><br\/><br\/>&#8211; wyj\u0105tkowa i unikalna d\u0142ugotrwa\u0142a ochrona bakteryjna &#8211; gwarantowana neutralizacja bakterii, grzyb\u00f3w i wirus\u00f3w &#8211; prosty i \u0142atwy w u\u017cyciu &#8211; dezynfekcja klasy medycznej &#8211; dodatkowa ochrona przed koronawirusem &#8211; zwyci\u0119zca MedTech Award 2020 &#8211; najlepszy d\u0142ugotrwa\u0142y efekt na powierzchniach przeciwko patogenom<\/p>\n<\/div>\n\n\n\n<div class=\"wp-block-column is-layout-flow wp-block-column-is-layout-flow\">\n<h2 class=\"wp-block-heading\" id=\"lieferumfang\">Zakres dostawy<\/h2>\n\n\n\n<p>12 chusteczek chroni\u0105cych przed bakteriami, do stosowania 1 x w tygodniu = 3 miesi\u0105ce<\/p>\n<\/div>\n<\/div>\n\n<hr\/>\n\n<h4 class=\"wp-block-heading\" id=\"application\">Zastosowanie<\/h4>\n\n<h2 class=\"wp-block-heading\" id=\"die-anwendung-hygienisch-sauberes-handy\">Aplikacja &#8211; higienicznie czysty telefon kom\u00f3rkowy<\/h2>\n\n<div class=\"wp-block-getwid-toggle has-icon-left\">\n<div class=\"wp-block-getwid-toggle__row\"><div class=\"wp-block-getwid-toggle__header-wrapper\"><span class=\"wp-block-getwid-toggle__header\"><a href=\"#\"><span class=\"wp-block-getwid-toggle__header-title\">1. Smartphone s\u00e4ubern<\/span><span class=\"wp-block-getwid-toggle__icon is-active\"><i class=\"fas fa-plus\"><\/i><\/span><span class=\"wp-block-getwid-toggle__icon is-passive\"><i class=\"fas fa-minus\"><\/i><\/span><\/a><\/span><\/div><div class=\"wp-block-getwid-toggle__content-wrapper\"><div class=\"wp-block-getwid-toggle__content\">\n<p>Urz\u0105dzenie ko\u0144cowe przeciera si\u0119 z przodu i z ty\u0142u \u015bciereczk\u0105 z mikrofibry lub such\u0105, niestrz\u0119pi\u0105c\u0105 si\u0119 \u015bciereczk\u0105 w celu usuni\u0119cia odcisk\u00f3w palc\u00f3w, brudu i wszelkich otar\u0107.<\/p>\n<\/div><\/div><\/div>\n\n\n\n<div class=\"wp-block-getwid-toggle__row\"><div class=\"wp-block-getwid-toggle__header-wrapper\"><span class=\"wp-block-getwid-toggle__header\"><a href=\"#\"><span class=\"wp-block-getwid-toggle__header-title\">2. Smartphone desinfizieren<\/span><span class=\"wp-block-getwid-toggle__icon is-active\"><i class=\"fas fa-plus\"><\/i><\/span><span class=\"wp-block-getwid-toggle__icon is-passive\"><i class=\"fas fa-minus\"><\/i><\/span><\/a><\/span><\/div><div class=\"wp-block-getwid-toggle__content-wrapper\"><div class=\"wp-block-getwid-toggle__content\">\n<p>Opakowanie 12 sztuk jest otwierane i pierwsza chusteczka dezynfekuj\u0105ca z folii termokurczliwej jest usuwana. Jedn\u0105 stron\u0105 chusteczki dezynfekuj\u0105cej telefon kom\u00f3rkowy jest dok\u0142adnie czyszczony z przodu i z ty\u0142u, czyli wycierany. Nast\u0119pnie nast\u0119puje dezynfekcja urz\u0105dzenia ko\u0144cowego przez oko\u0142o 30 sekund drug\u0105, wci\u0105\u017c czyst\u0105 stron\u0105 szmatki. Tworzy to lekk\u0105 zas\u0142on\u0119 na jego powierzchni.<\/p>\n<\/div><\/div><\/div>\n\n\n\n<div class=\"wp-block-getwid-toggle__row\"><div class=\"wp-block-getwid-toggle__header-wrapper\"><span class=\"wp-block-getwid-toggle__header\"><a href=\"#\"><span class=\"wp-block-getwid-toggle__header-title\">3. Trocknungsvorgang<\/span><span class=\"wp-block-getwid-toggle__icon is-active\"><i class=\"fas fa-plus\"><\/i><\/span><span class=\"wp-block-getwid-toggle__icon is-passive\"><i class=\"fas fa-minus\"><\/i><\/span><\/a><\/span><\/div><div class=\"wp-block-getwid-toggle__content-wrapper\"><div class=\"wp-block-getwid-toggle__content\">\n<p>Nast\u0119pnie nast\u0119puje dwu-trzyminutowy proces suszenia. Zastosowany p\u0142yn dzia\u0142a i tworzy dezynfekuj\u0105c\u0105 warstw\u0119 ochronn\u0105.<\/p>\n<\/div><\/div><\/div>\n\n\n\n<div class=\"wp-block-getwid-toggle__row\"><div class=\"wp-block-getwid-toggle__header-wrapper\"><span class=\"wp-block-getwid-toggle__header\"><a href=\"#\"><span class=\"wp-block-getwid-toggle__header-title\">4. Nachpolieren<\/span><span class=\"wp-block-getwid-toggle__icon is-active\"><i class=\"fas fa-plus\"><\/i><\/span><span class=\"wp-block-getwid-toggle__icon is-passive\"><i class=\"fas fa-minus\"><\/i><\/span><\/a><\/span><\/div><div class=\"wp-block-getwid-toggle__content-wrapper\"><div class=\"wp-block-getwid-toggle__content\">\n<p>Pod koniec procesu suszenia telefon kom\u00f3rkowy jest ponownie przykrywany czyst\u0105 szmatk\u0105 do suszenia<strong> &#8211;<\/strong> na przyk\u0142ad z mikrofibry<strong> &#8211;<\/strong> Wypolerowany, a\u017c powierzchnia b\u0119dzie wolna od smug. Opracowana obecnie d\u0142ugoterminowa ochrona dezynfekcyjna dzia\u0142a intensywnie przez nast\u0119pne siedem do dziesi\u0119ciu dni.<\/p>\n<\/div><\/div><\/div>\n<\/div>\n\n<br\/>\n\n<hr\/>\n\n<h4 class=\"wp-block-heading\" id=\"advisor\">Doradca<\/h4>\n\n<h2 class=\"wp-block-heading\" id=\"award-gewinner-handy-desinfektion-raumt-ab\">Zdobywca nagrody &#8211; wygrywa dezynfekcja telefonu kom\u00f3rkowego<\/h2>\n\n<p>Nowo\u015bci\u0105 na rynku ochrony dezynfekcyjnej mobilnych urz\u0105dze\u0144 ko\u0144cowych, takich jak telefony kom\u00f3rkowe, smartfony czy tablety, jest 12-pak chusteczek bakteryjnych firmy CCM\u00ae. CCM to skr\u00f3t od Creative Chemical Manufacturer GmbH z siedzib\u0105 w Overath w Nadrenii P\u00f3\u0142nocnej-Westfalii.<\/p>\n\n<figure class=\"wp-block-image size-full\"><img decoding=\"async\" width=\"700\" height=\"207\" src=\"https:\/\/www.versiegelung24.com\/wp-content\/uploads\/2021\/09\/2020-MedTech-Awards-2.png\" alt=\"\" class=\"wp-image-37295\" srcset=\"https:\/\/www.versiegelung24.com\/wp-content\/uploads\/2021\/09\/2020-MedTech-Awards-2.png 700w, https:\/\/www.versiegelung24.com\/wp-content\/uploads\/2021\/09\/2020-MedTech-Awards-2-600x177.png 600w, https:\/\/www.versiegelung24.com\/wp-content\/uploads\/2021\/09\/2020-MedTech-Awards-2-300x89.png 300w\" sizes=\"(max-width: 700px) 100vw, 700px\" \/><figcaption class=\"wp-element-caption\"><strong>Nagrodzony nagrod\u0105 MedTech Award \u2014 najlepsze rozwi\u0105zanie d\u0142ugoterminowej ochrony przed patogenami<\/strong><\/figcaption><\/figure>\n\n<h2 class=\"wp-block-heading\" id=\"ohne-handy-und-smartphone-desinfizieren-geht-es-einfach-nicht\">Dezynfekcja bez telefonu kom\u00f3rkowego i smartfona jest po prostu niemo\u017cliwa!<\/h2>\n\n<p>Ludzie s\u0105 teraz przyzwyczajeni do regularnego mycia i dezynfekcji r\u0105k. Tym wa\u017cniejsze jest, aby nie zapomnie\u0107 o wyleczeniu w\u0142asnego smartfona. Przy prawid\u0142owym u\u017cytkowaniu ochronna \u015bciereczka bakteryjna zapewnia sta\u0142e dzia\u0142anie dezynfekuj\u0105ce przez okres do dziesi\u0119ciu dni. Dzi\u0119ki pakietowi 12 sztuk urz\u0105dzenie ko\u0144cowe jest zawsze w idealnym stanie higienicznym przez kwadrans.<\/p>\n\n<p><\/p>\n\n<p><strong>Regularne u\u017cywanie dwunastu \u015bciereczek ochronnych tworzy ultracienk\u0105 pow\u0142ok\u0119 z p\u0142ynnego szk\u0142a na powierzchni smartfona.<\/strong> Zapobiega powstawaniu, a w efekcie powstawaniu patogen\u00f3w. Pozytywnym efektem ubocznym jest to, \u017ce powierzchnia staje si\u0119 coraz bardziej g\u0142adka i mo\u017cna j\u0105 bardzo \u0142atwo wyczy\u015bci\u0107. Efekt ten jest tym wi\u0119kszy, im d\u0142u\u017cej u\u017cywane s\u0105 chusteczki dezynfekuj\u0105ce.<\/p>\n","protected":false},"excerpt":{"rendered":"<p>Nowo\u015bci\u0105 na rynku ochrony dezynfekcyjnej mobilnych urz\u0105dze\u0144 ko\u0144cowych, takich jak telefony kom\u00f3rkowe, smartfony czy tablety, jest 12-pak chusteczek bakteryjnych firmy CCM\u00ae.<\/p>\n<p>Certyfikat MedTech Award<strong>&#8220;Najlepsze rozwi\u0105zanie do d\u0142ugotrwa\u0142ej ochrony przed patogenami&#8221;<\/p>\n<p><\/strong><\/p>\n<p><img decoding=\"async\" class=\"alignnone size-medium wp-image-37295\" src=\"https:\/\/www.versiegelung24.com\/wp-content\/uploads\/2021\/09\/2020-MedTech-Awards-2-300x89.png\" alt=\"\" width=\"300\" height=\"89\" srcset=\"https:\/\/www.versiegelung24.com\/wp-content\/uploads\/2021\/09\/2020-MedTech-Awards-2-300x89.png 300w, https:\/\/www.versiegelung24.com\/wp-content\/uploads\/2021\/09\/2020-MedTech-Awards-2-600x177.png 600w, https:\/\/www.versiegelung24.com\/wp-content\/uploads\/2021\/09\/2020-MedTech-Awards-2.png 700w\" sizes=\"(max-width: 300px) 100vw, 300px\" \/><\/p>\n","protected":false},"featured_media":63247,"template":"","meta":{"_acf_changed":false,"neve_meta_sidebar":"","neve_meta_container":"","neve_meta_enable_content_width":"","neve_meta_content_width":0,"neve_meta_title_alignment":"","neve_meta_author_avatar":"","neve_post_elements_order":"","neve_meta_disable_header":"","neve_meta_disable_footer":"","neve_meta_disable_title":"","neve_meta_reading_time":"","_surfaces":[],"_ver_product_tabs":[],"footnotes":""},"product_brand":[],"product_cat":[2407,3008],"product_tag":[],"class_list":{"0":"post-37413","1":"product","2":"type-product","3":"status-publish","4":"has-post-thumbnail","6":"product_cat-srodki-dezynfekujace","7":"product_cat-srodek-dezynfekujacy-do-telefonow-komorkowych","9":"first","10":"instock","11":"taxable","12":"shipping-taxable","13":"purchasable","14":"product-type-simple"},"acf":[],"yoast_head":"<!-- This site is optimized with the Yoast SEO Premium plugin v22.8 (Yoast SEO v27.5) - https:\/\/yoast.com\/product\/yoast-seo-premium-wordpress\/ -->\n<title>D\u0142ugotrwa\u0142a dezynfekcja smartfon\u00f3w i telefon\u00f3w kom\u00f3rkowych przeciwko bakteriom i wirusom - versiegelung24.com<\/title>\n<meta name=\"robots\" content=\"index, follow, max-snippet:-1, max-image-preview:large, max-video-preview:-1\" \/>\n<link rel=\"canonical\" href=\"https:\/\/www.versiegelung24.com\/pl\/handy-liquid-glass-ochronna-warstwa-przeciw-bakteriom-wirusom.html\" \/>\n<meta property=\"og:locale\" content=\"pl_PL\" \/>\n<meta property=\"og:type\" content=\"article\" \/>\n<meta property=\"og:title\" content=\"D\u0142ugotrwa\u0142a dezynfekcja smartfon\u00f3w i telefon\u00f3w kom\u00f3rkowych przeciwko bakteriom i wirusom\" \/>\n<meta property=\"og:description\" content=\"Nowo\u015bci\u0105 na rynku ochrony dezynfekcyjnej mobilnych urz\u0105dze\u0144 ko\u0144cowych, takich jak telefony kom\u00f3rkowe, smartfony czy tablety, jest 12-pak chusteczek bakteryjnych firmy CCM\u00ae. Certyfikat MedTech Award&quot;Najlepsze rozwi\u0105zanie do d\u0142ugotrwa\u0142ej ochrony przed patogenami&quot;\" \/>\n<meta property=\"og:url\" content=\"https:\/\/www.versiegelung24.com\/pl\/handy-liquid-glass-ochronna-warstwa-przeciw-bakteriom-wirusom.html\" \/>\n<meta property=\"og:site_name\" content=\"versiegelung24.com\" \/>\n<meta property=\"article:modified_time\" content=\"2025-01-05T14:38:59+00:00\" \/>\n<meta property=\"og:image\" content=\"https:\/\/www.versiegelung24.com\/wp-content\/uploads\/2021\/09\/produkt-4009-904-Handy-Bakterienschutz-Verpackung1.jpg\" \/>\n\t<meta property=\"og:image:width\" content=\"2000\" \/>\n\t<meta property=\"og:image:height\" content=\"2000\" \/>\n\t<meta property=\"og:image:type\" content=\"image\/jpeg\" \/>\n<meta name=\"twitter:card\" content=\"summary_large_image\" \/>\n<meta name=\"twitter:label1\" content=\"Cena\" \/>\n\t<meta name=\"twitter:data1\" content=\"10,99&euro;\" \/>\n\t<meta name=\"twitter:label2\" content=\"Dost\u0119pno\u015b\u0107\" \/>\n\t<meta name=\"twitter:data2\" content=\"Dost\u0119pny\" \/>\n<script type=\"application\/ld+json\" class=\"yoast-schema-graph\">{\"@context\":\"https:\\\/\\\/schema.org\",\"@graph\":[{\"@type\":\"WebPage\",\"@id\":\"https:\\\/\\\/www.versiegelung24.com\\\/pl\\\/handy-liquid-glass-ochronna-warstwa-przeciw-bakteriom-wirusom.html\",\"url\":\"https:\\\/\\\/www.versiegelung24.com\\\/pl\\\/handy-liquid-glass-ochronna-warstwa-przeciw-bakteriom-wirusom.html\",\"name\":\"D\u0142ugotrwa\u0142a dezynfekcja smartfon\u00f3w i telefon\u00f3w kom\u00f3rkowych przeciwko bakteriom i wirusom - versiegelung24.com\",\"isPartOf\":{\"@id\":\"https:\\\/\\\/www.versiegelung24.com\\\/pl\\\/#website\"},\"primaryImageOfPage\":{\"@id\":\"https:\\\/\\\/www.versiegelung24.com\\\/pl\\\/handy-liquid-glass-ochronna-warstwa-przeciw-bakteriom-wirusom.html#primaryimage\"},\"image\":{\"@id\":\"https:\\\/\\\/www.versiegelung24.com\\\/pl\\\/handy-liquid-glass-ochronna-warstwa-przeciw-bakteriom-wirusom.html#primaryimage\"},\"thumbnailUrl\":\"https:\\\/\\\/www.versiegelung24.com\\\/wp-content\\\/uploads\\\/2021\\\/09\\\/produkt-4009-904-Handy-Bakterienschutz-Verpackung1.jpg\",\"datePublished\":\"2021-09-27T09:31:14+00:00\",\"dateModified\":\"2025-01-05T14:38:59+00:00\",\"breadcrumb\":{\"@id\":\"https:\\\/\\\/www.versiegelung24.com\\\/pl\\\/handy-liquid-glass-ochronna-warstwa-przeciw-bakteriom-wirusom.html#breadcrumb\"},\"inLanguage\":\"pl-PL\",\"potentialAction\":[{\"@type\":\"ReadAction\",\"target\":[\"https:\\\/\\\/www.versiegelung24.com\\\/pl\\\/handy-liquid-glass-ochronna-warstwa-przeciw-bakteriom-wirusom.html\"]}]},{\"@type\":\"ImageObject\",\"inLanguage\":\"pl-PL\",\"@id\":\"https:\\\/\\\/www.versiegelung24.com\\\/pl\\\/handy-liquid-glass-ochronna-warstwa-przeciw-bakteriom-wirusom.html#primaryimage\",\"url\":\"https:\\\/\\\/www.versiegelung24.com\\\/wp-content\\\/uploads\\\/2021\\\/09\\\/produkt-4009-904-Handy-Bakterienschutz-Verpackung1.jpg\",\"contentUrl\":\"https:\\\/\\\/www.versiegelung24.com\\\/wp-content\\\/uploads\\\/2021\\\/09\\\/produkt-4009-904-Handy-Bakterienschutz-Verpackung1.jpg\",\"width\":2000,\"height\":2000},{\"@type\":\"BreadcrumbList\",\"@id\":\"https:\\\/\\\/www.versiegelung24.com\\\/pl\\\/handy-liquid-glass-ochronna-warstwa-przeciw-bakteriom-wirusom.html#breadcrumb\",\"itemListElement\":[{\"@type\":\"ListItem\",\"position\":1,\"name\":\"Strona g\u0142\u00f3wna\",\"item\":\"https:\\\/\\\/www.versiegelung24.com\\\/pl\\\/przod\\\/\"},{\"@type\":\"ListItem\",\"position\":2,\"name\":\"Sklep\",\"item\":\"https:\\\/\\\/www.versiegelung24.com\\\/pl\\\/sklep\\\/\"},{\"@type\":\"ListItem\",\"position\":3,\"name\":\"D\u0142ugotrwa\u0142a dezynfekcja smartfon\u00f3w i telefon\u00f3w kom\u00f3rkowych przeciwko bakteriom i wirusom\"}]},{\"@type\":\"WebSite\",\"@id\":\"https:\\\/\\\/www.versiegelung24.com\\\/pl\\\/#website\",\"url\":\"https:\\\/\\\/www.versiegelung24.com\\\/pl\\\/\",\"name\":\"versiegelung24.com\",\"description\":\"Fl\u00fcssigglas-Versiegelung - Made in Germany\",\"publisher\":{\"@id\":\"https:\\\/\\\/www.versiegelung24.com\\\/pl\\\/#organization\"},\"potentialAction\":[{\"@type\":\"SearchAction\",\"target\":{\"@type\":\"EntryPoint\",\"urlTemplate\":\"https:\\\/\\\/www.versiegelung24.com\\\/pl\\\/?s={search_term_string}\"},\"query-input\":{\"@type\":\"PropertyValueSpecification\",\"valueRequired\":true,\"valueName\":\"search_term_string\"}}],\"inLanguage\":\"pl-PL\"},{\"@type\":\"Organization\",\"@id\":\"https:\\\/\\\/www.versiegelung24.com\\\/pl\\\/#organization\",\"name\":\"versiegelung24\",\"url\":\"https:\\\/\\\/www.versiegelung24.com\\\/pl\\\/\",\"logo\":{\"@type\":\"ImageObject\",\"inLanguage\":\"pl-PL\",\"@id\":\"https:\\\/\\\/www.versiegelung24.com\\\/pl\\\/#\\\/schema\\\/logo\\\/image\\\/\",\"url\":\"https:\\\/\\\/www.versiegelung24.com\\\/wp-content\\\/uploads\\\/2020\\\/04\\\/versiegelung24.png\",\"contentUrl\":\"https:\\\/\\\/www.versiegelung24.com\\\/wp-content\\\/uploads\\\/2020\\\/04\\\/versiegelung24.png\",\"width\":470,\"height\":102,\"caption\":\"versiegelung24\"},\"image\":{\"@id\":\"https:\\\/\\\/www.versiegelung24.com\\\/pl\\\/#\\\/schema\\\/logo\\\/image\\\/\"}}]}<\/script>\n<meta property=\"product:price:amount\" content=\"10.99\" \/>\n<meta property=\"product:price:currency\" content=\"EUR\" \/>\n<meta property=\"og:availability\" content=\"instock\" \/>\n<meta property=\"product:availability\" content=\"instock\" \/>\n<meta property=\"product:retailer_item_id\" content=\"4009-904\" \/>\n<meta property=\"product:condition\" content=\"new\" \/>\n<!-- \/ Yoast SEO Premium plugin. -->","yoast_head_json":{"title":"D\u0142ugotrwa\u0142a dezynfekcja smartfon\u00f3w i telefon\u00f3w kom\u00f3rkowych przeciwko bakteriom i wirusom - versiegelung24.com","robots":{"index":"index","follow":"follow","max-snippet":"max-snippet:-1","max-image-preview":"max-image-preview:large","max-video-preview":"max-video-preview:-1"},"canonical":"https:\/\/www.versiegelung24.com\/pl\/handy-liquid-glass-ochronna-warstwa-przeciw-bakteriom-wirusom.html","og_locale":"pl_PL","og_type":"article","og_title":"D\u0142ugotrwa\u0142a dezynfekcja smartfon\u00f3w i telefon\u00f3w kom\u00f3rkowych przeciwko bakteriom i wirusom","og_description":"Nowo\u015bci\u0105 na rynku ochrony dezynfekcyjnej mobilnych urz\u0105dze\u0144 ko\u0144cowych, takich jak telefony kom\u00f3rkowe, smartfony czy tablety, jest 12-pak chusteczek bakteryjnych firmy CCM\u00ae. Certyfikat MedTech Award\"Najlepsze rozwi\u0105zanie do d\u0142ugotrwa\u0142ej ochrony przed patogenami\"","og_url":"https:\/\/www.versiegelung24.com\/pl\/handy-liquid-glass-ochronna-warstwa-przeciw-bakteriom-wirusom.html","og_site_name":"versiegelung24.com","article_modified_time":"2025-01-05T14:38:59+00:00","og_image":[{"width":2000,"height":2000,"url":"https:\/\/www.versiegelung24.com\/wp-content\/uploads\/2021\/09\/produkt-4009-904-Handy-Bakterienschutz-Verpackung1.jpg","type":"image\/jpeg"}],"twitter_card":"summary_large_image","twitter_misc":{"Cena":"10,99&euro;","Dost\u0119pno\u015b\u0107":"Dost\u0119pny"},"schema":{"@context":"https:\/\/schema.org","@graph":[{"@type":"WebPage","@id":"https:\/\/www.versiegelung24.com\/pl\/handy-liquid-glass-ochronna-warstwa-przeciw-bakteriom-wirusom.html","url":"https:\/\/www.versiegelung24.com\/pl\/handy-liquid-glass-ochronna-warstwa-przeciw-bakteriom-wirusom.html","name":"D\u0142ugotrwa\u0142a dezynfekcja smartfon\u00f3w i telefon\u00f3w kom\u00f3rkowych przeciwko bakteriom i wirusom - versiegelung24.com","isPartOf":{"@id":"https:\/\/www.versiegelung24.com\/pl\/#website"},"primaryImageOfPage":{"@id":"https:\/\/www.versiegelung24.com\/pl\/handy-liquid-glass-ochronna-warstwa-przeciw-bakteriom-wirusom.html#primaryimage"},"image":{"@id":"https:\/\/www.versiegelung24.com\/pl\/handy-liquid-glass-ochronna-warstwa-przeciw-bakteriom-wirusom.html#primaryimage"},"thumbnailUrl":"https:\/\/www.versiegelung24.com\/wp-content\/uploads\/2021\/09\/produkt-4009-904-Handy-Bakterienschutz-Verpackung1.jpg","datePublished":"2021-09-27T09:31:14+00:00","dateModified":"2025-01-05T14:38:59+00:00","breadcrumb":{"@id":"https:\/\/www.versiegelung24.com\/pl\/handy-liquid-glass-ochronna-warstwa-przeciw-bakteriom-wirusom.html#breadcrumb"},"inLanguage":"pl-PL","potentialAction":[{"@type":"ReadAction","target":["https:\/\/www.versiegelung24.com\/pl\/handy-liquid-glass-ochronna-warstwa-przeciw-bakteriom-wirusom.html"]}]},{"@type":"ImageObject","inLanguage":"pl-PL","@id":"https:\/\/www.versiegelung24.com\/pl\/handy-liquid-glass-ochronna-warstwa-przeciw-bakteriom-wirusom.html#primaryimage","url":"https:\/\/www.versiegelung24.com\/wp-content\/uploads\/2021\/09\/produkt-4009-904-Handy-Bakterienschutz-Verpackung1.jpg","contentUrl":"https:\/\/www.versiegelung24.com\/wp-content\/uploads\/2021\/09\/produkt-4009-904-Handy-Bakterienschutz-Verpackung1.jpg","width":2000,"height":2000},{"@type":"BreadcrumbList","@id":"https:\/\/www.versiegelung24.com\/pl\/handy-liquid-glass-ochronna-warstwa-przeciw-bakteriom-wirusom.html#breadcrumb","itemListElement":[{"@type":"ListItem","position":1,"name":"Strona g\u0142\u00f3wna","item":"https:\/\/www.versiegelung24.com\/pl\/przod\/"},{"@type":"ListItem","position":2,"name":"Sklep","item":"https:\/\/www.versiegelung24.com\/pl\/sklep\/"},{"@type":"ListItem","position":3,"name":"D\u0142ugotrwa\u0142a dezynfekcja smartfon\u00f3w i telefon\u00f3w kom\u00f3rkowych przeciwko bakteriom i wirusom"}]},{"@type":"WebSite","@id":"https:\/\/www.versiegelung24.com\/pl\/#website","url":"https:\/\/www.versiegelung24.com\/pl\/","name":"versiegelung24.com","description":"Fl\u00fcssigglas-Versiegelung - Made in Germany","publisher":{"@id":"https:\/\/www.versiegelung24.com\/pl\/#organization"},"potentialAction":[{"@type":"SearchAction","target":{"@type":"EntryPoint","urlTemplate":"https:\/\/www.versiegelung24.com\/pl\/?s={search_term_string}"},"query-input":{"@type":"PropertyValueSpecification","valueRequired":true,"valueName":"search_term_string"}}],"inLanguage":"pl-PL"},{"@type":"Organization","@id":"https:\/\/www.versiegelung24.com\/pl\/#organization","name":"versiegelung24","url":"https:\/\/www.versiegelung24.com\/pl\/","logo":{"@type":"ImageObject","inLanguage":"pl-PL","@id":"https:\/\/www.versiegelung24.com\/pl\/#\/schema\/logo\/image\/","url":"https:\/\/www.versiegelung24.com\/wp-content\/uploads\/2020\/04\/versiegelung24.png","contentUrl":"https:\/\/www.versiegelung24.com\/wp-content\/uploads\/2020\/04\/versiegelung24.png","width":470,"height":102,"caption":"versiegelung24"},"image":{"@id":"https:\/\/www.versiegelung24.com\/pl\/#\/schema\/logo\/image\/"}}]},"product_price_amount":"10.99","product_price_currency":"EUR","og_availability":"instock","product_availability":"instock","product_retailer_item_id":"4009-904","product_condition":"new"},"_links":{"self":[{"href":"https:\/\/www.versiegelung24.com\/pl\/wp-json\/wp\/v2\/product\/37413","targetHints":{"allow":["GET"]}}],"collection":[{"href":"https:\/\/www.versiegelung24.com\/pl\/wp-json\/wp\/v2\/product"}],"about":[{"href":"https:\/\/www.versiegelung24.com\/pl\/wp-json\/wp\/v2\/types\/product"}],"version-history":[{"count":86,"href":"https:\/\/www.versiegelung24.com\/pl\/wp-json\/wp\/v2\/product\/37413\/revisions"}],"predecessor-version":[{"id":178261,"href":"https:\/\/www.versiegelung24.com\/pl\/wp-json\/wp\/v2\/product\/37413\/revisions\/178261"}],"wp:featuredmedia":[{"embeddable":true,"href":"https:\/\/www.versiegelung24.com\/pl\/wp-json\/wp\/v2\/media\/63247"}],"wp:attachment":[{"href":"https:\/\/www.versiegelung24.com\/pl\/wp-json\/wp\/v2\/media?parent=37413"}],"wp:term":[{"taxonomy":"product_brand","embeddable":true,"href":"https:\/\/www.versiegelung24.com\/pl\/wp-json\/wp\/v2\/product_brand?post=37413"},{"taxonomy":"product_cat","embeddable":true,"href":"https:\/\/www.versiegelung24.com\/pl\/wp-json\/wp\/v2\/product_cat?post=37413"},{"taxonomy":"product_tag","embeddable":true,"href":"https:\/\/www.versiegelung24.com\/pl\/wp-json\/wp\/v2\/product_tag?post=37413"}],"curies":[{"name":"wp","href":"https:\/\/api.w.org\/{rel}","templated":true}]}}