{"id":62254,"date":"2022-02-06T23:03:40","date_gmt":"2022-02-06T22:04:00","guid":{"rendered":"https:\/\/www.versiegelung24.com\/?post_type=product&#038;p=62254"},"modified":"2025-01-05T17:32:43","modified_gmt":"2025-01-05T16:32:43","slug":"kompletny-zestaw-premium-uszczelnienie-fotowoltaiczne-o-ekstremalnej-trwalosci-i-zwiekszeniu-sprawnosci","status":"publish","type":"product","link":"https:\/\/www.versiegelung24.com\/pl\/product\/kompletny-zestaw-premium-uszczelnienie-fotowoltaiczne-o-ekstremalnej-trwalosci-i-zwiekszeniu-sprawnosci\/","title":{"rendered":"Kompletny zestaw do uszczelniania system\u00f3w solarnych \/ fotowoltaicznych"},"content":{"rendered":"\n<p><strong>Kompletny zestaw sk\u0142adaj\u0105cy si\u0119 z biologicznego filtra wst\u0119pnego, bioetanolu do usuwania t\u0142uszczu oraz wysokowydajnego nanouszczelniacza na bazie p\u0142ynnego szk\u0142a<\/strong><\/p>\n\n<p><strong>Wysoce skuteczna nanopow\u0142oka do system\u00f3w s\u0142onecznych z efektem lotosu (wodoodporna)<\/strong><\/p>\n\n<p>Wysoka jako\u015b\u0107 Made in Germany<\/p>\n\n<h4 class=\"wp-block-heading\" id=\"properties\">nieruchomo\u015bci<\/h4>\n\n<div class=\"wp-block-columns is-layout-flex wp-container-core-columns-is-layout-9d6595d7 wp-block-columns-is-layout-flex\">\n<div class=\"wp-block-column is-layout-flow wp-block-column-is-layout-flow\">\n<ul class=\"wp-block-list\">\n<li>Technologia przysz\u0142o\u015bci z niewidoczn\u0105 warstw\u0105 ochronn\u0105, ok. 100 nm (nanometr\u00f3w) \u201egruba\u201d<\/li>\n\n\n\n<li>Chroni powierzchni\u0119<\/li>\n\n\n\n<li>Odporny na ciep\u0142o i mr\u00f3z<\/li>\n\n\n\n<li>Odporny na wod\u0119 morsk\u0105 i s\u00f3l (kwasowe\/zasadowe 1,5 do 12,5 ph)<\/li>\n\n\n\n<li>Odporny na wod\u0119 i brud<\/li>\n\n\n\n<li>Prosta i szybka aplikacja<\/li>\n\n\n\n<li>Mo\u017cliwo\u015b\u0107 stosowania w temp. +10\u00b0 do +30\u00b0C<\/li>\n\n\n\n<li>odporny na promieniowanie UV<\/li>\n\n\n\n<li>Efekt \u201e\u0142atwego w czyszczeniu\u201d (powierzchnie s\u0105 \u0142atwe w czyszczeniu = oszcz\u0119dno\u015b\u0107 czasu i pieni\u0119dzy, a cz\u0119\u015b\u0107 brudu jest ju\u017c zmywana przez deszcz)<\/li>\n\n\n\n<li>Zu\u017cycie: ok. 150 m\u00b2 na 1 litr<\/li>\n\n\n\n<li>Zmniejsza \u015blad ekologiczny (CO2) podczas czyszczenia:\n<ul class=\"wp-block-list\">\n<li>Potrzeba mniej wody<\/li>\n\n\n\n<li>Wymagane jest mniej chemicznych \u015brodk\u00f3w czyszcz\u0105cych<\/li>\n<\/ul>\n<\/li>\n<\/ul>\n<\/div>\n\n\n\n<div class=\"wp-block-column is-layout-flow wp-block-column-is-layout-flow\">\n<p><strong>Zakres dostawy:<\/strong><\/p>\n\n\n\n<ul class=\"wp-block-list\">\n<li>500 ml Biosativa\u00ae organiczny koncentrat czyszcz\u0105cy 1:10 do wst\u0119pnego czyszczenia<\/li>\n\n\n\n<li>1000 ml alkoholu izopropanolowego 99,9% do odt\u0142uszczenia<\/li>\n\n\n\n<li>500 ml Uszczelnienie Liquid Glass 7601 (na ok. 75-100 m\u00b2)<\/li>\n\n\n\n<li>100 r\u0119cznik\u00f3w do suszenia 25 x 16 cm do czyszczenia wst\u0119pnego<\/li>\n\n\n\n<li>10 \u015bciereczek z mikrofibry 10 x 10 cm do aplikacji<\/li>\n\n\n\n<li>5 \u015bciereczek z mikrofibry 30 x 30 cm do polerowania<\/li>\n\n\n\n<li>10 jednorazowych r\u0119kawic ochronnych<\/li>\n<\/ul>\n<\/div>\n<\/div>\n\n<hr\/>\n\n<h4 class=\"wp-block-heading\" id=\"application\">Zastosowanie<\/h4>\n\n<p>Prosta aplikacja<\/p>\n\n<ol class=\"wp-block-list\">\n<li>Bardzo dobrze wyczy\u015b\u0107 modu\u0142 za pomoc\u0105 Biosativa (im lepsze czyszczenie wst\u0119pne, tym d\u0142u\u017cej wytrzyma uszczelnienie)<\/li>\n\n\n\n<li>Ponownie wyczy\u015b\u0107 alkoholem przed uszczelnieniem<\/li>\n\n\n\n<li>Uszczelnienie na\u0142o\u017cy\u0107 szmatk\u0105, wypolerowa\u0107 &#8211; gotowe.<\/li>\n<\/ol>\n\n<p><\/p>\n","protected":false},"excerpt":{"rendered":"<div class=\"column mcb-column mcb-item-mrk8thufa one column_column column-margin-0px\">\n<div class=\"column_attr clearfix\"><b>Modu\u0142y fotowoltaiczne zapewniaj\u0105 najlepsz\u0105 wydajno\u015b\u0107 w optymalnych warunkach<\/b> <b>.<\/b> <\/div>\n<div class=\"column_attr clearfix\"><b>Dzi\u0119ki naszej specjalnej uszczelce wyd\u0142u\u017camy cykl czyszczenia i znacznie upraszczamy czyszczenie. <\/b><\/div>\n<div class=\"column_attr clearfix\"><b>Prowadzi to do zwi\u0119kszonego zwrotu z inwestycji.<\/b><\/div>\n<\/div>\n","protected":false},"featured_media":18509,"template":"","meta":{"_acf_changed":false,"neve_meta_sidebar":"","neve_meta_container":"","neve_meta_enable_content_width":"","neve_meta_content_width":0,"neve_meta_title_alignment":"","neve_meta_author_avatar":"","neve_post_elements_order":"","neve_meta_disable_header":"","neve_meta_disable_footer":"","neve_meta_disable_title":"","neve_meta_reading_time":"","_surfaces":[],"_ver_product_tabs":[],"footnotes":""},"product_brand":[],"product_cat":[2219],"product_tag":[],"class_list":{"0":"post-62254","1":"product","2":"type-product","3":"status-publish","4":"has-post-thumbnail","6":"product_cat-uszczelnianie-do-szkla-i-ceramiki","8":"first","9":"instock","10":"taxable","11":"shipping-taxable","12":"purchasable","13":"product-type-simple"},"acf":[],"yoast_head":"<!-- This site is optimized with the Yoast SEO Premium plugin v22.8 (Yoast SEO v27.5) - https:\/\/yoast.com\/product\/yoast-seo-premium-wordpress\/ -->\n<title>Kompletny zestaw do uszczelniania system\u00f3w solarnych \/ fotowoltaicznych - versiegelung24.com<\/title>\n<meta name=\"robots\" content=\"index, follow, max-snippet:-1, max-image-preview:large, max-video-preview:-1\" \/>\n<link rel=\"canonical\" href=\"https:\/\/www.versiegelung24.com\/pl\/product\/kompletny-zestaw-premium-uszczelnienie-fotowoltaiczne-o-ekstremalnej-trwalosci-i-zwiekszeniu-sprawnosci\/\" \/>\n<meta property=\"og:locale\" content=\"pl_PL\" \/>\n<meta property=\"og:type\" content=\"article\" \/>\n<meta property=\"og:title\" content=\"Kompletny zestaw do uszczelniania system\u00f3w solarnych \/ fotowoltaicznych\" \/>\n<meta property=\"og:description\" content=\"Modu\u0142y fotowoltaiczne zapewniaj\u0105 najlepsz\u0105 wydajno\u015b\u0107 w optymalnych warunkach . Dzi\u0119ki naszej specjalnej uszczelce wyd\u0142u\u017camy cykl czyszczenia i znacznie upraszczamy czyszczenie. Prowadzi to do zwi\u0119kszonego zwrotu z inwestycji.\" \/>\n<meta property=\"og:url\" content=\"https:\/\/www.versiegelung24.com\/pl\/product\/kompletny-zestaw-premium-uszczelnienie-fotowoltaiczne-o-ekstremalnej-trwalosci-i-zwiekszeniu-sprawnosci\/\" \/>\n<meta property=\"og:site_name\" content=\"versiegelung24.com\" \/>\n<meta property=\"article:modified_time\" content=\"2025-01-05T16:32:43+00:00\" \/>\n<meta property=\"og:image\" content=\"https:\/\/www.versiegelung24.com\/wp-content\/uploads\/2020\/06\/produkt-7000-7601-1000-Solarversiegelung-scaled.jpg\" \/>\n\t<meta property=\"og:image:width\" content=\"2560\" \/>\n\t<meta property=\"og:image:height\" content=\"2560\" \/>\n\t<meta property=\"og:image:type\" content=\"image\/jpeg\" \/>\n<meta name=\"twitter:card\" content=\"summary_large_image\" \/>\n<meta name=\"twitter:label1\" content=\"Cena\" \/>\n\t<meta name=\"twitter:data1\" content=\"199,00&euro;\" \/>\n\t<meta name=\"twitter:label2\" content=\"Dost\u0119pno\u015b\u0107\" \/>\n\t<meta name=\"twitter:data2\" content=\"Dost\u0119pny\" \/>\n<script type=\"application\/ld+json\" class=\"yoast-schema-graph\">{\"@context\":\"https:\\\/\\\/schema.org\",\"@graph\":[{\"@type\":\"WebPage\",\"@id\":\"https:\\\/\\\/www.versiegelung24.com\\\/pl\\\/product\\\/kompletny-zestaw-premium-uszczelnienie-fotowoltaiczne-o-ekstremalnej-trwalosci-i-zwiekszeniu-sprawnosci\\\/\",\"url\":\"https:\\\/\\\/www.versiegelung24.com\\\/pl\\\/product\\\/kompletny-zestaw-premium-uszczelnienie-fotowoltaiczne-o-ekstremalnej-trwalosci-i-zwiekszeniu-sprawnosci\\\/\",\"name\":\"Kompletny zestaw do uszczelniania system\u00f3w solarnych \\\/ fotowoltaicznych - versiegelung24.com\",\"isPartOf\":{\"@id\":\"https:\\\/\\\/www.versiegelung24.com\\\/pl\\\/#website\"},\"primaryImageOfPage\":{\"@id\":\"https:\\\/\\\/www.versiegelung24.com\\\/pl\\\/product\\\/kompletny-zestaw-premium-uszczelnienie-fotowoltaiczne-o-ekstremalnej-trwalosci-i-zwiekszeniu-sprawnosci\\\/#primaryimage\"},\"image\":{\"@id\":\"https:\\\/\\\/www.versiegelung24.com\\\/pl\\\/product\\\/kompletny-zestaw-premium-uszczelnienie-fotowoltaiczne-o-ekstremalnej-trwalosci-i-zwiekszeniu-sprawnosci\\\/#primaryimage\"},\"thumbnailUrl\":\"https:\\\/\\\/www.versiegelung24.com\\\/wp-content\\\/uploads\\\/2020\\\/06\\\/produkt-7000-7601-1000-Solarversiegelung-scaled.jpg\",\"datePublished\":\"2022-02-06T22:04:00+00:00\",\"dateModified\":\"2025-01-05T16:32:43+00:00\",\"breadcrumb\":{\"@id\":\"https:\\\/\\\/www.versiegelung24.com\\\/pl\\\/product\\\/kompletny-zestaw-premium-uszczelnienie-fotowoltaiczne-o-ekstremalnej-trwalosci-i-zwiekszeniu-sprawnosci\\\/#breadcrumb\"},\"inLanguage\":\"pl-PL\",\"potentialAction\":[{\"@type\":\"ReadAction\",\"target\":[\"https:\\\/\\\/www.versiegelung24.com\\\/pl\\\/product\\\/kompletny-zestaw-premium-uszczelnienie-fotowoltaiczne-o-ekstremalnej-trwalosci-i-zwiekszeniu-sprawnosci\\\/\"]}]},{\"@type\":\"ImageObject\",\"inLanguage\":\"pl-PL\",\"@id\":\"https:\\\/\\\/www.versiegelung24.com\\\/pl\\\/product\\\/kompletny-zestaw-premium-uszczelnienie-fotowoltaiczne-o-ekstremalnej-trwalosci-i-zwiekszeniu-sprawnosci\\\/#primaryimage\",\"url\":\"https:\\\/\\\/www.versiegelung24.com\\\/wp-content\\\/uploads\\\/2020\\\/06\\\/produkt-7000-7601-1000-Solarversiegelung-scaled.jpg\",\"contentUrl\":\"https:\\\/\\\/www.versiegelung24.com\\\/wp-content\\\/uploads\\\/2020\\\/06\\\/produkt-7000-7601-1000-Solarversiegelung-scaled.jpg\",\"width\":2560,\"height\":2560},{\"@type\":\"BreadcrumbList\",\"@id\":\"https:\\\/\\\/www.versiegelung24.com\\\/pl\\\/product\\\/kompletny-zestaw-premium-uszczelnienie-fotowoltaiczne-o-ekstremalnej-trwalosci-i-zwiekszeniu-sprawnosci\\\/#breadcrumb\",\"itemListElement\":[{\"@type\":\"ListItem\",\"position\":1,\"name\":\"Strona g\u0142\u00f3wna\",\"item\":\"https:\\\/\\\/www.versiegelung24.com\\\/pl\\\/przod\\\/\"},{\"@type\":\"ListItem\",\"position\":2,\"name\":\"Sklep\",\"item\":\"https:\\\/\\\/www.versiegelung24.com\\\/pl\\\/sklep\\\/\"},{\"@type\":\"ListItem\",\"position\":3,\"name\":\"Kompletny zestaw do uszczelniania system\u00f3w solarnych \\\/ fotowoltaicznych\"}]},{\"@type\":\"WebSite\",\"@id\":\"https:\\\/\\\/www.versiegelung24.com\\\/pl\\\/#website\",\"url\":\"https:\\\/\\\/www.versiegelung24.com\\\/pl\\\/\",\"name\":\"versiegelung24.com\",\"description\":\"Fl\u00fcssigglas-Versiegelung - Made in Germany\",\"publisher\":{\"@id\":\"https:\\\/\\\/www.versiegelung24.com\\\/pl\\\/#organization\"},\"potentialAction\":[{\"@type\":\"SearchAction\",\"target\":{\"@type\":\"EntryPoint\",\"urlTemplate\":\"https:\\\/\\\/www.versiegelung24.com\\\/pl\\\/?s={search_term_string}\"},\"query-input\":{\"@type\":\"PropertyValueSpecification\",\"valueRequired\":true,\"valueName\":\"search_term_string\"}}],\"inLanguage\":\"pl-PL\"},{\"@type\":\"Organization\",\"@id\":\"https:\\\/\\\/www.versiegelung24.com\\\/pl\\\/#organization\",\"name\":\"versiegelung24\",\"url\":\"https:\\\/\\\/www.versiegelung24.com\\\/pl\\\/\",\"logo\":{\"@type\":\"ImageObject\",\"inLanguage\":\"pl-PL\",\"@id\":\"https:\\\/\\\/www.versiegelung24.com\\\/pl\\\/#\\\/schema\\\/logo\\\/image\\\/\",\"url\":\"https:\\\/\\\/www.versiegelung24.com\\\/wp-content\\\/uploads\\\/2020\\\/04\\\/versiegelung24.png\",\"contentUrl\":\"https:\\\/\\\/www.versiegelung24.com\\\/wp-content\\\/uploads\\\/2020\\\/04\\\/versiegelung24.png\",\"width\":470,\"height\":102,\"caption\":\"versiegelung24\"},\"image\":{\"@id\":\"https:\\\/\\\/www.versiegelung24.com\\\/pl\\\/#\\\/schema\\\/logo\\\/image\\\/\"}}]}<\/script>\n<meta property=\"product:price:amount\" content=\"199.00\" \/>\n<meta property=\"product:price:currency\" content=\"EUR\" \/>\n<meta property=\"og:availability\" content=\"instock\" \/>\n<meta property=\"product:availability\" content=\"instock\" \/>\n<meta property=\"product:retailer_item_id\" content=\"7005-5575-komplettset\" \/>\n<meta property=\"product:condition\" content=\"new\" \/>\n<!-- \/ Yoast SEO Premium plugin. -->","yoast_head_json":{"title":"Kompletny zestaw do uszczelniania system\u00f3w solarnych \/ fotowoltaicznych - versiegelung24.com","robots":{"index":"index","follow":"follow","max-snippet":"max-snippet:-1","max-image-preview":"max-image-preview:large","max-video-preview":"max-video-preview:-1"},"canonical":"https:\/\/www.versiegelung24.com\/pl\/product\/kompletny-zestaw-premium-uszczelnienie-fotowoltaiczne-o-ekstremalnej-trwalosci-i-zwiekszeniu-sprawnosci\/","og_locale":"pl_PL","og_type":"article","og_title":"Kompletny zestaw do uszczelniania system\u00f3w solarnych \/ fotowoltaicznych","og_description":"Modu\u0142y fotowoltaiczne zapewniaj\u0105 najlepsz\u0105 wydajno\u015b\u0107 w optymalnych warunkach . Dzi\u0119ki naszej specjalnej uszczelce wyd\u0142u\u017camy cykl czyszczenia i znacznie upraszczamy czyszczenie. Prowadzi to do zwi\u0119kszonego zwrotu z inwestycji.","og_url":"https:\/\/www.versiegelung24.com\/pl\/product\/kompletny-zestaw-premium-uszczelnienie-fotowoltaiczne-o-ekstremalnej-trwalosci-i-zwiekszeniu-sprawnosci\/","og_site_name":"versiegelung24.com","article_modified_time":"2025-01-05T16:32:43+00:00","og_image":[{"width":2560,"height":2560,"url":"https:\/\/www.versiegelung24.com\/wp-content\/uploads\/2020\/06\/produkt-7000-7601-1000-Solarversiegelung-scaled.jpg","type":"image\/jpeg"}],"twitter_card":"summary_large_image","twitter_misc":{"Cena":"199,00&euro;","Dost\u0119pno\u015b\u0107":"Dost\u0119pny"},"schema":{"@context":"https:\/\/schema.org","@graph":[{"@type":"WebPage","@id":"https:\/\/www.versiegelung24.com\/pl\/product\/kompletny-zestaw-premium-uszczelnienie-fotowoltaiczne-o-ekstremalnej-trwalosci-i-zwiekszeniu-sprawnosci\/","url":"https:\/\/www.versiegelung24.com\/pl\/product\/kompletny-zestaw-premium-uszczelnienie-fotowoltaiczne-o-ekstremalnej-trwalosci-i-zwiekszeniu-sprawnosci\/","name":"Kompletny zestaw do uszczelniania system\u00f3w solarnych \/ fotowoltaicznych - versiegelung24.com","isPartOf":{"@id":"https:\/\/www.versiegelung24.com\/pl\/#website"},"primaryImageOfPage":{"@id":"https:\/\/www.versiegelung24.com\/pl\/product\/kompletny-zestaw-premium-uszczelnienie-fotowoltaiczne-o-ekstremalnej-trwalosci-i-zwiekszeniu-sprawnosci\/#primaryimage"},"image":{"@id":"https:\/\/www.versiegelung24.com\/pl\/product\/kompletny-zestaw-premium-uszczelnienie-fotowoltaiczne-o-ekstremalnej-trwalosci-i-zwiekszeniu-sprawnosci\/#primaryimage"},"thumbnailUrl":"https:\/\/www.versiegelung24.com\/wp-content\/uploads\/2020\/06\/produkt-7000-7601-1000-Solarversiegelung-scaled.jpg","datePublished":"2022-02-06T22:04:00+00:00","dateModified":"2025-01-05T16:32:43+00:00","breadcrumb":{"@id":"https:\/\/www.versiegelung24.com\/pl\/product\/kompletny-zestaw-premium-uszczelnienie-fotowoltaiczne-o-ekstremalnej-trwalosci-i-zwiekszeniu-sprawnosci\/#breadcrumb"},"inLanguage":"pl-PL","potentialAction":[{"@type":"ReadAction","target":["https:\/\/www.versiegelung24.com\/pl\/product\/kompletny-zestaw-premium-uszczelnienie-fotowoltaiczne-o-ekstremalnej-trwalosci-i-zwiekszeniu-sprawnosci\/"]}]},{"@type":"ImageObject","inLanguage":"pl-PL","@id":"https:\/\/www.versiegelung24.com\/pl\/product\/kompletny-zestaw-premium-uszczelnienie-fotowoltaiczne-o-ekstremalnej-trwalosci-i-zwiekszeniu-sprawnosci\/#primaryimage","url":"https:\/\/www.versiegelung24.com\/wp-content\/uploads\/2020\/06\/produkt-7000-7601-1000-Solarversiegelung-scaled.jpg","contentUrl":"https:\/\/www.versiegelung24.com\/wp-content\/uploads\/2020\/06\/produkt-7000-7601-1000-Solarversiegelung-scaled.jpg","width":2560,"height":2560},{"@type":"BreadcrumbList","@id":"https:\/\/www.versiegelung24.com\/pl\/product\/kompletny-zestaw-premium-uszczelnienie-fotowoltaiczne-o-ekstremalnej-trwalosci-i-zwiekszeniu-sprawnosci\/#breadcrumb","itemListElement":[{"@type":"ListItem","position":1,"name":"Strona g\u0142\u00f3wna","item":"https:\/\/www.versiegelung24.com\/pl\/przod\/"},{"@type":"ListItem","position":2,"name":"Sklep","item":"https:\/\/www.versiegelung24.com\/pl\/sklep\/"},{"@type":"ListItem","position":3,"name":"Kompletny zestaw do uszczelniania system\u00f3w solarnych \/ fotowoltaicznych"}]},{"@type":"WebSite","@id":"https:\/\/www.versiegelung24.com\/pl\/#website","url":"https:\/\/www.versiegelung24.com\/pl\/","name":"versiegelung24.com","description":"Fl\u00fcssigglas-Versiegelung - Made in Germany","publisher":{"@id":"https:\/\/www.versiegelung24.com\/pl\/#organization"},"potentialAction":[{"@type":"SearchAction","target":{"@type":"EntryPoint","urlTemplate":"https:\/\/www.versiegelung24.com\/pl\/?s={search_term_string}"},"query-input":{"@type":"PropertyValueSpecification","valueRequired":true,"valueName":"search_term_string"}}],"inLanguage":"pl-PL"},{"@type":"Organization","@id":"https:\/\/www.versiegelung24.com\/pl\/#organization","name":"versiegelung24","url":"https:\/\/www.versiegelung24.com\/pl\/","logo":{"@type":"ImageObject","inLanguage":"pl-PL","@id":"https:\/\/www.versiegelung24.com\/pl\/#\/schema\/logo\/image\/","url":"https:\/\/www.versiegelung24.com\/wp-content\/uploads\/2020\/04\/versiegelung24.png","contentUrl":"https:\/\/www.versiegelung24.com\/wp-content\/uploads\/2020\/04\/versiegelung24.png","width":470,"height":102,"caption":"versiegelung24"},"image":{"@id":"https:\/\/www.versiegelung24.com\/pl\/#\/schema\/logo\/image\/"}}]},"product_price_amount":"199.00","product_price_currency":"EUR","og_availability":"instock","product_availability":"instock","product_retailer_item_id":"7005-5575-komplettset","product_condition":"new"},"_links":{"self":[{"href":"https:\/\/www.versiegelung24.com\/pl\/wp-json\/wp\/v2\/product\/62254","targetHints":{"allow":["GET"]}}],"collection":[{"href":"https:\/\/www.versiegelung24.com\/pl\/wp-json\/wp\/v2\/product"}],"about":[{"href":"https:\/\/www.versiegelung24.com\/pl\/wp-json\/wp\/v2\/types\/product"}],"version-history":[{"count":13,"href":"https:\/\/www.versiegelung24.com\/pl\/wp-json\/wp\/v2\/product\/62254\/revisions"}],"predecessor-version":[{"id":141221,"href":"https:\/\/www.versiegelung24.com\/pl\/wp-json\/wp\/v2\/product\/62254\/revisions\/141221"}],"wp:featuredmedia":[{"embeddable":true,"href":"https:\/\/www.versiegelung24.com\/pl\/wp-json\/wp\/v2\/media\/18509"}],"wp:attachment":[{"href":"https:\/\/www.versiegelung24.com\/pl\/wp-json\/wp\/v2\/media?parent=62254"}],"wp:term":[{"taxonomy":"product_brand","embeddable":true,"href":"https:\/\/www.versiegelung24.com\/pl\/wp-json\/wp\/v2\/product_brand?post=62254"},{"taxonomy":"product_cat","embeddable":true,"href":"https:\/\/www.versiegelung24.com\/pl\/wp-json\/wp\/v2\/product_cat?post=62254"},{"taxonomy":"product_tag","embeddable":true,"href":"https:\/\/www.versiegelung24.com\/pl\/wp-json\/wp\/v2\/product_tag?post=62254"}],"curies":[{"name":"wp","href":"https:\/\/api.w.org\/{rel}","templated":true}]}}