{"id":64062,"date":"2022-02-10T08:13:28","date_gmt":"2022-02-10T07:13:30","guid":{"rendered":"https:\/\/www.versiegelung24.com\/?post_type=product&#038;p=64062"},"modified":"2023-06-19T15:48:38","modified_gmt":"2023-06-19T13:48:38","slug":"uchwyt-do-walka-malarskiego-colorus-classic-2k-wygodny-uchwyt-6mm-do-walkow-malarskich-10-16cm-o-dlugosci-29cm-kopie","status":"publish","type":"product","link":"https:\/\/www.versiegelung24.com\/pl\/product\/uchwyt-do-walka-malarskiego-colorus-classic-2k-wygodny-uchwyt-6mm-do-walkow-malarskich-10-16cm-o-dlugosci-29cm-kopie\/","title":{"rendered":"Uchwyt do wa\u0142ka malarskiego Colorus CLASSIC 2K Wygodny uchwyt 6mm do wa\u0142k\u00f3w malarskich 10-16cm o d\u0142ugo\u015bci 39cm"},"content":{"rendered":"\n<h3 class=\"wp-block-heading\" id=\"h-profi-komfort-bugel-fur-heizkorperwalzen-und-kleinflachenwalzen-mit-6mm-walzenlager-spitzenqualitat\">Profesjonalny komfortowy uchwyt do rolek grzejnikowych i rolek o ma\u0142ej powierzchni z \u0142o\u017cyskami rolkowymi 6mm. Najwy\u017csza jako\u015b\u0107.<\/h3>\n\n<h4 class=\"wp-block-heading\" id=\"properties\">Cechy produktu<\/h4>\n\n<ul class=\"wp-block-list\"><li>R\u0119koje\u015b\u0107 2-komponentowego wa\u0142ka malarskiego z ergonomicznym i antypo\u015blizgowym mi\u0119kkim uchwytem.<\/li><li>Wsporniki wa\u0142ka malarskiego s\u0105 wykonane ze stali ocynkowanej, dzi\u0119ki czemu zapewniaj\u0105 bardzo d\u0142ug\u0105 \u017cywotno\u015b\u0107.<\/li><li>Pasuje do wszystkich dost\u0119pnych na rynku kij\u00f3w teleskopowych i kij\u00f3w teleskopowych z systemem zatrzaskowym.<\/li><li>Wspornik do wa\u0142k\u00f3w malarskich o \u015brednicy \u0142o\u017cyska wa\u0142ka 6mm.<\/li><li>D\u0142ugo\u015b\u0107 39 cm<\/li><\/ul>","protected":false},"excerpt":{"rendered":"<p><strong>Profesjonalny uchwyt komfortowy do rolek grzejnikowych i rolek o ma\u0142ej powierzchni:<\/strong><\/p>\n<p>\u2713 Z \u0142o\u017cyskiem rolkowym 6mm<\/p>\n<p>\u2713 Najwy\u017csza jako\u015b\u0107<\/p>\n","protected":false},"featured_media":63944,"template":"","meta":{"_acf_changed":false,"neve_meta_sidebar":"","neve_meta_container":"","neve_meta_enable_content_width":"","neve_meta_content_width":0,"neve_meta_title_alignment":"","neve_meta_author_avatar":"","neve_post_elements_order":"","neve_meta_disable_header":"","neve_meta_disable_footer":"","neve_meta_disable_title":"","neve_meta_reading_time":"","_surfaces":[],"_ver_product_tabs":[],"footnotes":""},"product_brand":[],"product_cat":[3081],"product_tag":[],"class_list":{"0":"post-64062","1":"product","2":"type-product","3":"status-publish","4":"has-post-thumbnail","6":"product_cat-ekwipunek","8":"first","9":"instock","10":"taxable","11":"shipping-taxable","12":"purchasable","13":"product-type-simple"},"acf":[],"yoast_head":"<!-- This site is optimized with the Yoast SEO Premium plugin v22.8 (Yoast SEO v27.5) - https:\/\/yoast.com\/product\/yoast-seo-premium-wordpress\/ -->\n<title>Uchwyt do wa\u0142ka malarskiego Colorus CLASSIC 2K Wygodny uchwyt 6mm do wa\u0142k\u00f3w malarskich 10-16cm o d\u0142ugo\u015bci 39cm - versiegelung24.com<\/title>\n<meta name=\"robots\" content=\"index, follow, max-snippet:-1, max-image-preview:large, max-video-preview:-1\" \/>\n<link rel=\"canonical\" href=\"https:\/\/www.versiegelung24.com\/pl\/product\/uchwyt-do-walka-malarskiego-colorus-classic-2k-wygodny-uchwyt-6mm-do-walkow-malarskich-10-16cm-o-dlugosci-29cm-kopie\/\" \/>\n<meta property=\"og:locale\" content=\"pl_PL\" \/>\n<meta property=\"og:type\" content=\"article\" \/>\n<meta property=\"og:title\" content=\"Uchwyt do wa\u0142ka malarskiego Colorus CLASSIC 2K Wygodny uchwyt 6mm do wa\u0142k\u00f3w malarskich 10-16cm o d\u0142ugo\u015bci 39cm\" \/>\n<meta property=\"og:description\" content=\"Profesjonalny uchwyt komfortowy do rolek grzejnikowych i rolek o ma\u0142ej powierzchni: \u2713 Z \u0142o\u017cyskiem rolkowym 6mm \u2713 Najwy\u017csza jako\u015b\u0107\" \/>\n<meta property=\"og:url\" content=\"https:\/\/www.versiegelung24.com\/pl\/product\/uchwyt-do-walka-malarskiego-colorus-classic-2k-wygodny-uchwyt-6mm-do-walkow-malarskich-10-16cm-o-dlugosci-29cm-kopie\/\" \/>\n<meta property=\"og:site_name\" content=\"versiegelung24.com\" \/>\n<meta property=\"article:modified_time\" content=\"2023-06-19T13:48:38+00:00\" \/>\n<meta property=\"og:image\" content=\"https:\/\/www.versiegelung24.com\/wp-content\/uploads\/2022\/02\/produkt-v24-1029-1039-2k-Colorus-Farbwalzen-Buegel-CLASSIC-2K-Comfort-Griff-6mm-fuer-10-16cm-Farbwalzen.jpg\" \/>\n\t<meta property=\"og:image:width\" content=\"2000\" \/>\n\t<meta property=\"og:image:height\" content=\"2000\" \/>\n\t<meta property=\"og:image:type\" content=\"image\/jpeg\" \/>\n<meta name=\"twitter:card\" content=\"summary_large_image\" \/>\n<meta name=\"twitter:label1\" content=\"Cena\" \/>\n\t<meta name=\"twitter:data1\" content=\"2,99&euro;\" \/>\n\t<meta name=\"twitter:label2\" content=\"Dost\u0119pno\u015b\u0107\" \/>\n\t<meta name=\"twitter:data2\" content=\"Dost\u0119pny\" \/>\n<script type=\"application\/ld+json\" class=\"yoast-schema-graph\">{\"@context\":\"https:\\\/\\\/schema.org\",\"@graph\":[{\"@type\":\"WebPage\",\"@id\":\"https:\\\/\\\/www.versiegelung24.com\\\/pl\\\/product\\\/uchwyt-do-walka-malarskiego-colorus-classic-2k-wygodny-uchwyt-6mm-do-walkow-malarskich-10-16cm-o-dlugosci-29cm-kopie\\\/\",\"url\":\"https:\\\/\\\/www.versiegelung24.com\\\/pl\\\/product\\\/uchwyt-do-walka-malarskiego-colorus-classic-2k-wygodny-uchwyt-6mm-do-walkow-malarskich-10-16cm-o-dlugosci-29cm-kopie\\\/\",\"name\":\"Uchwyt do wa\u0142ka malarskiego Colorus CLASSIC 2K Wygodny uchwyt 6mm do wa\u0142k\u00f3w malarskich 10-16cm o d\u0142ugo\u015bci 39cm - versiegelung24.com\",\"isPartOf\":{\"@id\":\"https:\\\/\\\/www.versiegelung24.com\\\/pl\\\/#website\"},\"primaryImageOfPage\":{\"@id\":\"https:\\\/\\\/www.versiegelung24.com\\\/pl\\\/product\\\/uchwyt-do-walka-malarskiego-colorus-classic-2k-wygodny-uchwyt-6mm-do-walkow-malarskich-10-16cm-o-dlugosci-29cm-kopie\\\/#primaryimage\"},\"image\":{\"@id\":\"https:\\\/\\\/www.versiegelung24.com\\\/pl\\\/product\\\/uchwyt-do-walka-malarskiego-colorus-classic-2k-wygodny-uchwyt-6mm-do-walkow-malarskich-10-16cm-o-dlugosci-29cm-kopie\\\/#primaryimage\"},\"thumbnailUrl\":\"https:\\\/\\\/www.versiegelung24.com\\\/wp-content\\\/uploads\\\/2022\\\/02\\\/produkt-v24-1029-1039-2k-Colorus-Farbwalzen-Buegel-CLASSIC-2K-Comfort-Griff-6mm-fuer-10-16cm-Farbwalzen.jpg\",\"datePublished\":\"2022-02-10T07:13:30+00:00\",\"dateModified\":\"2023-06-19T13:48:38+00:00\",\"breadcrumb\":{\"@id\":\"https:\\\/\\\/www.versiegelung24.com\\\/pl\\\/product\\\/uchwyt-do-walka-malarskiego-colorus-classic-2k-wygodny-uchwyt-6mm-do-walkow-malarskich-10-16cm-o-dlugosci-29cm-kopie\\\/#breadcrumb\"},\"inLanguage\":\"pl-PL\",\"potentialAction\":[{\"@type\":\"ReadAction\",\"target\":[\"https:\\\/\\\/www.versiegelung24.com\\\/pl\\\/product\\\/uchwyt-do-walka-malarskiego-colorus-classic-2k-wygodny-uchwyt-6mm-do-walkow-malarskich-10-16cm-o-dlugosci-29cm-kopie\\\/\"]}]},{\"@type\":\"ImageObject\",\"inLanguage\":\"pl-PL\",\"@id\":\"https:\\\/\\\/www.versiegelung24.com\\\/pl\\\/product\\\/uchwyt-do-walka-malarskiego-colorus-classic-2k-wygodny-uchwyt-6mm-do-walkow-malarskich-10-16cm-o-dlugosci-29cm-kopie\\\/#primaryimage\",\"url\":\"https:\\\/\\\/www.versiegelung24.com\\\/wp-content\\\/uploads\\\/2022\\\/02\\\/produkt-v24-1029-1039-2k-Colorus-Farbwalzen-Buegel-CLASSIC-2K-Comfort-Griff-6mm-fuer-10-16cm-Farbwalzen.jpg\",\"contentUrl\":\"https:\\\/\\\/www.versiegelung24.com\\\/wp-content\\\/uploads\\\/2022\\\/02\\\/produkt-v24-1029-1039-2k-Colorus-Farbwalzen-Buegel-CLASSIC-2K-Comfort-Griff-6mm-fuer-10-16cm-Farbwalzen.jpg\",\"width\":2000,\"height\":2000},{\"@type\":\"BreadcrumbList\",\"@id\":\"https:\\\/\\\/www.versiegelung24.com\\\/pl\\\/product\\\/uchwyt-do-walka-malarskiego-colorus-classic-2k-wygodny-uchwyt-6mm-do-walkow-malarskich-10-16cm-o-dlugosci-29cm-kopie\\\/#breadcrumb\",\"itemListElement\":[{\"@type\":\"ListItem\",\"position\":1,\"name\":\"Strona g\u0142\u00f3wna\",\"item\":\"https:\\\/\\\/www.versiegelung24.com\\\/pl\\\/przod\\\/\"},{\"@type\":\"ListItem\",\"position\":2,\"name\":\"Sklep\",\"item\":\"https:\\\/\\\/www.versiegelung24.com\\\/pl\\\/sklep\\\/\"},{\"@type\":\"ListItem\",\"position\":3,\"name\":\"Uchwyt do wa\u0142ka malarskiego Colorus CLASSIC 2K Wygodny uchwyt 6mm do wa\u0142k\u00f3w malarskich 10-16cm o d\u0142ugo\u015bci 39cm\"}]},{\"@type\":\"WebSite\",\"@id\":\"https:\\\/\\\/www.versiegelung24.com\\\/pl\\\/#website\",\"url\":\"https:\\\/\\\/www.versiegelung24.com\\\/pl\\\/\",\"name\":\"versiegelung24.com\",\"description\":\"Fl\u00fcssigglas-Versiegelung - Made in Germany\",\"publisher\":{\"@id\":\"https:\\\/\\\/www.versiegelung24.com\\\/pl\\\/#organization\"},\"potentialAction\":[{\"@type\":\"SearchAction\",\"target\":{\"@type\":\"EntryPoint\",\"urlTemplate\":\"https:\\\/\\\/www.versiegelung24.com\\\/pl\\\/?s={search_term_string}\"},\"query-input\":{\"@type\":\"PropertyValueSpecification\",\"valueRequired\":true,\"valueName\":\"search_term_string\"}}],\"inLanguage\":\"pl-PL\"},{\"@type\":\"Organization\",\"@id\":\"https:\\\/\\\/www.versiegelung24.com\\\/pl\\\/#organization\",\"name\":\"versiegelung24\",\"url\":\"https:\\\/\\\/www.versiegelung24.com\\\/pl\\\/\",\"logo\":{\"@type\":\"ImageObject\",\"inLanguage\":\"pl-PL\",\"@id\":\"https:\\\/\\\/www.versiegelung24.com\\\/pl\\\/#\\\/schema\\\/logo\\\/image\\\/\",\"url\":\"https:\\\/\\\/www.versiegelung24.com\\\/wp-content\\\/uploads\\\/2020\\\/04\\\/versiegelung24.png\",\"contentUrl\":\"https:\\\/\\\/www.versiegelung24.com\\\/wp-content\\\/uploads\\\/2020\\\/04\\\/versiegelung24.png\",\"width\":470,\"height\":102,\"caption\":\"versiegelung24\"},\"image\":{\"@id\":\"https:\\\/\\\/www.versiegelung24.com\\\/pl\\\/#\\\/schema\\\/logo\\\/image\\\/\"}}]}<\/script>\n<meta property=\"product:price:amount\" content=\"2.99\" \/>\n<meta property=\"product:price:currency\" content=\"EUR\" \/>\n<meta property=\"og:availability\" content=\"instock\" \/>\n<meta property=\"product:availability\" content=\"instock\" \/>\n<meta property=\"product:retailer_item_id\" content=\"V24-1039-2K\" \/>\n<meta property=\"product:condition\" content=\"new\" \/>\n<!-- \/ Yoast SEO Premium plugin. -->","yoast_head_json":{"title":"Uchwyt do wa\u0142ka malarskiego Colorus CLASSIC 2K Wygodny uchwyt 6mm do wa\u0142k\u00f3w malarskich 10-16cm o d\u0142ugo\u015bci 39cm - versiegelung24.com","robots":{"index":"index","follow":"follow","max-snippet":"max-snippet:-1","max-image-preview":"max-image-preview:large","max-video-preview":"max-video-preview:-1"},"canonical":"https:\/\/www.versiegelung24.com\/pl\/product\/uchwyt-do-walka-malarskiego-colorus-classic-2k-wygodny-uchwyt-6mm-do-walkow-malarskich-10-16cm-o-dlugosci-29cm-kopie\/","og_locale":"pl_PL","og_type":"article","og_title":"Uchwyt do wa\u0142ka malarskiego Colorus CLASSIC 2K Wygodny uchwyt 6mm do wa\u0142k\u00f3w malarskich 10-16cm o d\u0142ugo\u015bci 39cm","og_description":"Profesjonalny uchwyt komfortowy do rolek grzejnikowych i rolek o ma\u0142ej powierzchni: \u2713 Z \u0142o\u017cyskiem rolkowym 6mm \u2713 Najwy\u017csza jako\u015b\u0107","og_url":"https:\/\/www.versiegelung24.com\/pl\/product\/uchwyt-do-walka-malarskiego-colorus-classic-2k-wygodny-uchwyt-6mm-do-walkow-malarskich-10-16cm-o-dlugosci-29cm-kopie\/","og_site_name":"versiegelung24.com","article_modified_time":"2023-06-19T13:48:38+00:00","og_image":[{"width":2000,"height":2000,"url":"https:\/\/www.versiegelung24.com\/wp-content\/uploads\/2022\/02\/produkt-v24-1029-1039-2k-Colorus-Farbwalzen-Buegel-CLASSIC-2K-Comfort-Griff-6mm-fuer-10-16cm-Farbwalzen.jpg","type":"image\/jpeg"}],"twitter_card":"summary_large_image","twitter_misc":{"Cena":"2,99&euro;","Dost\u0119pno\u015b\u0107":"Dost\u0119pny"},"schema":{"@context":"https:\/\/schema.org","@graph":[{"@type":"WebPage","@id":"https:\/\/www.versiegelung24.com\/pl\/product\/uchwyt-do-walka-malarskiego-colorus-classic-2k-wygodny-uchwyt-6mm-do-walkow-malarskich-10-16cm-o-dlugosci-29cm-kopie\/","url":"https:\/\/www.versiegelung24.com\/pl\/product\/uchwyt-do-walka-malarskiego-colorus-classic-2k-wygodny-uchwyt-6mm-do-walkow-malarskich-10-16cm-o-dlugosci-29cm-kopie\/","name":"Uchwyt do wa\u0142ka malarskiego Colorus CLASSIC 2K Wygodny uchwyt 6mm do wa\u0142k\u00f3w malarskich 10-16cm o d\u0142ugo\u015bci 39cm - versiegelung24.com","isPartOf":{"@id":"https:\/\/www.versiegelung24.com\/pl\/#website"},"primaryImageOfPage":{"@id":"https:\/\/www.versiegelung24.com\/pl\/product\/uchwyt-do-walka-malarskiego-colorus-classic-2k-wygodny-uchwyt-6mm-do-walkow-malarskich-10-16cm-o-dlugosci-29cm-kopie\/#primaryimage"},"image":{"@id":"https:\/\/www.versiegelung24.com\/pl\/product\/uchwyt-do-walka-malarskiego-colorus-classic-2k-wygodny-uchwyt-6mm-do-walkow-malarskich-10-16cm-o-dlugosci-29cm-kopie\/#primaryimage"},"thumbnailUrl":"https:\/\/www.versiegelung24.com\/wp-content\/uploads\/2022\/02\/produkt-v24-1029-1039-2k-Colorus-Farbwalzen-Buegel-CLASSIC-2K-Comfort-Griff-6mm-fuer-10-16cm-Farbwalzen.jpg","datePublished":"2022-02-10T07:13:30+00:00","dateModified":"2023-06-19T13:48:38+00:00","breadcrumb":{"@id":"https:\/\/www.versiegelung24.com\/pl\/product\/uchwyt-do-walka-malarskiego-colorus-classic-2k-wygodny-uchwyt-6mm-do-walkow-malarskich-10-16cm-o-dlugosci-29cm-kopie\/#breadcrumb"},"inLanguage":"pl-PL","potentialAction":[{"@type":"ReadAction","target":["https:\/\/www.versiegelung24.com\/pl\/product\/uchwyt-do-walka-malarskiego-colorus-classic-2k-wygodny-uchwyt-6mm-do-walkow-malarskich-10-16cm-o-dlugosci-29cm-kopie\/"]}]},{"@type":"ImageObject","inLanguage":"pl-PL","@id":"https:\/\/www.versiegelung24.com\/pl\/product\/uchwyt-do-walka-malarskiego-colorus-classic-2k-wygodny-uchwyt-6mm-do-walkow-malarskich-10-16cm-o-dlugosci-29cm-kopie\/#primaryimage","url":"https:\/\/www.versiegelung24.com\/wp-content\/uploads\/2022\/02\/produkt-v24-1029-1039-2k-Colorus-Farbwalzen-Buegel-CLASSIC-2K-Comfort-Griff-6mm-fuer-10-16cm-Farbwalzen.jpg","contentUrl":"https:\/\/www.versiegelung24.com\/wp-content\/uploads\/2022\/02\/produkt-v24-1029-1039-2k-Colorus-Farbwalzen-Buegel-CLASSIC-2K-Comfort-Griff-6mm-fuer-10-16cm-Farbwalzen.jpg","width":2000,"height":2000},{"@type":"BreadcrumbList","@id":"https:\/\/www.versiegelung24.com\/pl\/product\/uchwyt-do-walka-malarskiego-colorus-classic-2k-wygodny-uchwyt-6mm-do-walkow-malarskich-10-16cm-o-dlugosci-29cm-kopie\/#breadcrumb","itemListElement":[{"@type":"ListItem","position":1,"name":"Strona g\u0142\u00f3wna","item":"https:\/\/www.versiegelung24.com\/pl\/przod\/"},{"@type":"ListItem","position":2,"name":"Sklep","item":"https:\/\/www.versiegelung24.com\/pl\/sklep\/"},{"@type":"ListItem","position":3,"name":"Uchwyt do wa\u0142ka malarskiego Colorus CLASSIC 2K Wygodny uchwyt 6mm do wa\u0142k\u00f3w malarskich 10-16cm o d\u0142ugo\u015bci 39cm"}]},{"@type":"WebSite","@id":"https:\/\/www.versiegelung24.com\/pl\/#website","url":"https:\/\/www.versiegelung24.com\/pl\/","name":"versiegelung24.com","description":"Fl\u00fcssigglas-Versiegelung - Made in Germany","publisher":{"@id":"https:\/\/www.versiegelung24.com\/pl\/#organization"},"potentialAction":[{"@type":"SearchAction","target":{"@type":"EntryPoint","urlTemplate":"https:\/\/www.versiegelung24.com\/pl\/?s={search_term_string}"},"query-input":{"@type":"PropertyValueSpecification","valueRequired":true,"valueName":"search_term_string"}}],"inLanguage":"pl-PL"},{"@type":"Organization","@id":"https:\/\/www.versiegelung24.com\/pl\/#organization","name":"versiegelung24","url":"https:\/\/www.versiegelung24.com\/pl\/","logo":{"@type":"ImageObject","inLanguage":"pl-PL","@id":"https:\/\/www.versiegelung24.com\/pl\/#\/schema\/logo\/image\/","url":"https:\/\/www.versiegelung24.com\/wp-content\/uploads\/2020\/04\/versiegelung24.png","contentUrl":"https:\/\/www.versiegelung24.com\/wp-content\/uploads\/2020\/04\/versiegelung24.png","width":470,"height":102,"caption":"versiegelung24"},"image":{"@id":"https:\/\/www.versiegelung24.com\/pl\/#\/schema\/logo\/image\/"}}]},"product_price_amount":"2.99","product_price_currency":"EUR","og_availability":"instock","product_availability":"instock","product_retailer_item_id":"V24-1039-2K","product_condition":"new"},"_links":{"self":[{"href":"https:\/\/www.versiegelung24.com\/pl\/wp-json\/wp\/v2\/product\/64062","targetHints":{"allow":["GET"]}}],"collection":[{"href":"https:\/\/www.versiegelung24.com\/pl\/wp-json\/wp\/v2\/product"}],"about":[{"href":"https:\/\/www.versiegelung24.com\/pl\/wp-json\/wp\/v2\/types\/product"}],"version-history":[{"count":9,"href":"https:\/\/www.versiegelung24.com\/pl\/wp-json\/wp\/v2\/product\/64062\/revisions"}],"predecessor-version":[{"id":79733,"href":"https:\/\/www.versiegelung24.com\/pl\/wp-json\/wp\/v2\/product\/64062\/revisions\/79733"}],"wp:featuredmedia":[{"embeddable":true,"href":"https:\/\/www.versiegelung24.com\/pl\/wp-json\/wp\/v2\/media\/63944"}],"wp:attachment":[{"href":"https:\/\/www.versiegelung24.com\/pl\/wp-json\/wp\/v2\/media?parent=64062"}],"wp:term":[{"taxonomy":"product_brand","embeddable":true,"href":"https:\/\/www.versiegelung24.com\/pl\/wp-json\/wp\/v2\/product_brand?post=64062"},{"taxonomy":"product_cat","embeddable":true,"href":"https:\/\/www.versiegelung24.com\/pl\/wp-json\/wp\/v2\/product_cat?post=64062"},{"taxonomy":"product_tag","embeddable":true,"href":"https:\/\/www.versiegelung24.com\/pl\/wp-json\/wp\/v2\/product_tag?post=64062"}],"curies":[{"name":"wp","href":"https:\/\/api.w.org\/{rel}","templated":true}]}}