{"id":64401,"date":"2022-02-10T12:27:16","date_gmt":"2022-02-10T11:27:19","guid":{"rendered":"https:\/\/www.versiegelung24.com\/?post_type=product&#038;p=64401"},"modified":"2023-07-30T13:41:18","modified_gmt":"2023-07-30T11:41:18","slug":"walek-piankowy-colorus-superfine-plus-ko15-obustronnie-prosty-zielony-11cm-kopie","status":"publish","type":"product","link":"https:\/\/www.versiegelung24.com\/pl\/product\/walek-piankowy-colorus-superfine-plus-ko15-obustronnie-prosty-zielony-11cm-kopie\/","title":{"rendered":"Wa\u0142ek piankowy Colorus drobny CLASSIC K\u00d815 obustronnie prosty bia\u0142y 11cm"},"content":{"rendered":"\n<h3 class=\"wp-block-heading\" id=\"h-schaumwalze-beidseitig-gerade-fur-einfache-lackierarbeiten-mit-wasserbasierten-und-leicht-losemittelhaltigen-lacken\">Wa\u0142ek piankowy po obu stronach PROSTY do prostych prac malarskich farbami wodorozcie\u0144czalnymi i lekko rozpuszczalnikowymi.<\/h3>\n\n<h4 class=\"wp-block-heading\" id=\"properties\">w\u0142a\u015bciwo\u015bci produktu<\/h4>\n\n<ul class=\"wp-block-list\"><li>Dobry wa\u0142ek z pianki Moltopren, cienkie, proste ko\u0144ce.<\/li><li>Wa\u0142ki piankowe do prostych prac malarskich farbami wodorozcie\u0144czalnymi i lekko rozpuszczalnikowymi.<\/li><li>Wa\u0142ki piankowe ca\u0142kowicie wolne od CFC i rozpuszczalnik\u00f3w.<\/li><li>Rdze\u0144 \u00d815mm<\/li><li>Wspornik \u00d8 6mm<\/li><li>Ca\u0142kowita \u015brednica 35mm<\/li><\/ul>","protected":false},"excerpt":{"rendered":"<p><strong>Wa\u0142ek z pianki: <\/strong><\/p>\n<p>\u2713 PROSTE z obu stron do prostych prac malarskich<\/p>\n<p>\u2713 Z farbami wodorozcie\u0144czalnymi i lekko rozpuszczalnikowymi.<\/p>\n","protected":false},"featured_media":64423,"template":"","meta":{"_acf_changed":false,"neve_meta_sidebar":"","neve_meta_container":"","neve_meta_enable_content_width":"","neve_meta_content_width":0,"neve_meta_title_alignment":"","neve_meta_author_avatar":"","neve_post_elements_order":"","neve_meta_disable_header":"","neve_meta_disable_footer":"","neve_meta_disable_title":"","neve_meta_reading_time":"","_surfaces":[],"_ver_product_tabs":[],"footnotes":""},"product_brand":[],"product_cat":[3081],"product_tag":[],"class_list":{"0":"post-64401","1":"product","2":"type-product","3":"status-publish","4":"has-post-thumbnail","6":"product_cat-ekwipunek","8":"first","9":"outofstock","10":"taxable","11":"shipping-taxable","12":"purchasable","13":"product-type-simple"},"acf":[],"yoast_head":"<!-- This site is optimized with the Yoast SEO Premium plugin v22.8 (Yoast SEO v27.4) - https:\/\/yoast.com\/product\/yoast-seo-premium-wordpress\/ -->\n<title>Wa\u0142ek piankowy Colorus drobny CLASSIC K\u00d815 obustronnie prosty bia\u0142y 11cm - versiegelung24.com<\/title>\n<meta name=\"robots\" content=\"index, follow, max-snippet:-1, max-image-preview:large, max-video-preview:-1\" \/>\n<link rel=\"canonical\" href=\"https:\/\/www.versiegelung24.com\/pl\/product\/walek-piankowy-colorus-superfine-plus-ko15-obustronnie-prosty-zielony-11cm-kopie\/\" \/>\n<meta property=\"og:locale\" content=\"pl_PL\" \/>\n<meta property=\"og:type\" content=\"article\" \/>\n<meta property=\"og:title\" content=\"Wa\u0142ek piankowy Colorus drobny CLASSIC K\u00d815 obustronnie prosty bia\u0142y 11cm\" \/>\n<meta property=\"og:description\" content=\"Wa\u0142ek z pianki: \u2713 PROSTE z obu stron do prostych prac malarskich \u2713 Z farbami wodorozcie\u0144czalnymi i lekko rozpuszczalnikowymi.\" \/>\n<meta property=\"og:url\" content=\"https:\/\/www.versiegelung24.com\/pl\/product\/walek-piankowy-colorus-superfine-plus-ko15-obustronnie-prosty-zielony-11cm-kopie\/\" \/>\n<meta property=\"og:site_name\" content=\"versiegelung24.com\" \/>\n<meta property=\"article:modified_time\" content=\"2023-07-30T11:41:18+00:00\" \/>\n<meta property=\"og:image\" content=\"https:\/\/www.versiegelung24.com\/wp-content\/uploads\/2022\/02\/produkt-v24-262-11-Colorus-Lack-Schaumwalze-fein-CLASSIC-K15-beidseitig-gerade.jpg\" \/>\n\t<meta property=\"og:image:width\" content=\"2000\" \/>\n\t<meta property=\"og:image:height\" content=\"2000\" \/>\n\t<meta property=\"og:image:type\" content=\"image\/jpeg\" \/>\n<meta name=\"twitter:card\" content=\"summary_large_image\" \/>\n<meta name=\"twitter:label1\" content=\"Cena\" \/>\n\t<meta name=\"twitter:data1\" content=\"1,39&euro;\" \/>\n\t<meta name=\"twitter:label2\" content=\"Dost\u0119pno\u015b\u0107\" \/>\n\t<meta name=\"twitter:data2\" content=\"Brak w magazynie\" \/>\n<script type=\"application\/ld+json\" class=\"yoast-schema-graph\">{\"@context\":\"https:\\\/\\\/schema.org\",\"@graph\":[{\"@type\":\"WebPage\",\"@id\":\"https:\\\/\\\/www.versiegelung24.com\\\/pl\\\/product\\\/walek-piankowy-colorus-superfine-plus-ko15-obustronnie-prosty-zielony-11cm-kopie\\\/\",\"url\":\"https:\\\/\\\/www.versiegelung24.com\\\/pl\\\/product\\\/walek-piankowy-colorus-superfine-plus-ko15-obustronnie-prosty-zielony-11cm-kopie\\\/\",\"name\":\"Wa\u0142ek piankowy Colorus drobny CLASSIC K\u00d815 obustronnie prosty bia\u0142y 11cm - versiegelung24.com\",\"isPartOf\":{\"@id\":\"https:\\\/\\\/www.versiegelung24.com\\\/pl\\\/#website\"},\"primaryImageOfPage\":{\"@id\":\"https:\\\/\\\/www.versiegelung24.com\\\/pl\\\/product\\\/walek-piankowy-colorus-superfine-plus-ko15-obustronnie-prosty-zielony-11cm-kopie\\\/#primaryimage\"},\"image\":{\"@id\":\"https:\\\/\\\/www.versiegelung24.com\\\/pl\\\/product\\\/walek-piankowy-colorus-superfine-plus-ko15-obustronnie-prosty-zielony-11cm-kopie\\\/#primaryimage\"},\"thumbnailUrl\":\"https:\\\/\\\/www.versiegelung24.com\\\/wp-content\\\/uploads\\\/2022\\\/02\\\/produkt-v24-262-11-Colorus-Lack-Schaumwalze-fein-CLASSIC-K15-beidseitig-gerade.jpg\",\"datePublished\":\"2022-02-10T11:27:19+00:00\",\"dateModified\":\"2023-07-30T11:41:18+00:00\",\"breadcrumb\":{\"@id\":\"https:\\\/\\\/www.versiegelung24.com\\\/pl\\\/product\\\/walek-piankowy-colorus-superfine-plus-ko15-obustronnie-prosty-zielony-11cm-kopie\\\/#breadcrumb\"},\"inLanguage\":\"pl-PL\",\"potentialAction\":[{\"@type\":\"ReadAction\",\"target\":[\"https:\\\/\\\/www.versiegelung24.com\\\/pl\\\/product\\\/walek-piankowy-colorus-superfine-plus-ko15-obustronnie-prosty-zielony-11cm-kopie\\\/\"]}]},{\"@type\":\"ImageObject\",\"inLanguage\":\"pl-PL\",\"@id\":\"https:\\\/\\\/www.versiegelung24.com\\\/pl\\\/product\\\/walek-piankowy-colorus-superfine-plus-ko15-obustronnie-prosty-zielony-11cm-kopie\\\/#primaryimage\",\"url\":\"https:\\\/\\\/www.versiegelung24.com\\\/wp-content\\\/uploads\\\/2022\\\/02\\\/produkt-v24-262-11-Colorus-Lack-Schaumwalze-fein-CLASSIC-K15-beidseitig-gerade.jpg\",\"contentUrl\":\"https:\\\/\\\/www.versiegelung24.com\\\/wp-content\\\/uploads\\\/2022\\\/02\\\/produkt-v24-262-11-Colorus-Lack-Schaumwalze-fein-CLASSIC-K15-beidseitig-gerade.jpg\",\"width\":2000,\"height\":2000},{\"@type\":\"BreadcrumbList\",\"@id\":\"https:\\\/\\\/www.versiegelung24.com\\\/pl\\\/product\\\/walek-piankowy-colorus-superfine-plus-ko15-obustronnie-prosty-zielony-11cm-kopie\\\/#breadcrumb\",\"itemListElement\":[{\"@type\":\"ListItem\",\"position\":1,\"name\":\"Strona g\u0142\u00f3wna\",\"item\":\"https:\\\/\\\/www.versiegelung24.com\\\/pl\\\/przod\\\/\"},{\"@type\":\"ListItem\",\"position\":2,\"name\":\"Sklep\",\"item\":\"https:\\\/\\\/www.versiegelung24.com\\\/pl\\\/sklep\\\/\"},{\"@type\":\"ListItem\",\"position\":3,\"name\":\"Wa\u0142ek piankowy Colorus drobny CLASSIC K\u00d815 obustronnie prosty bia\u0142y 11cm\"}]},{\"@type\":\"WebSite\",\"@id\":\"https:\\\/\\\/www.versiegelung24.com\\\/pl\\\/#website\",\"url\":\"https:\\\/\\\/www.versiegelung24.com\\\/pl\\\/\",\"name\":\"versiegelung24.com\",\"description\":\"Fl\u00fcssigglas-Versiegelung - Made in Germany\",\"publisher\":{\"@id\":\"https:\\\/\\\/www.versiegelung24.com\\\/pl\\\/#organization\"},\"potentialAction\":[{\"@type\":\"SearchAction\",\"target\":{\"@type\":\"EntryPoint\",\"urlTemplate\":\"https:\\\/\\\/www.versiegelung24.com\\\/pl\\\/?s={search_term_string}\"},\"query-input\":{\"@type\":\"PropertyValueSpecification\",\"valueRequired\":true,\"valueName\":\"search_term_string\"}}],\"inLanguage\":\"pl-PL\"},{\"@type\":\"Organization\",\"@id\":\"https:\\\/\\\/www.versiegelung24.com\\\/pl\\\/#organization\",\"name\":\"versiegelung24\",\"url\":\"https:\\\/\\\/www.versiegelung24.com\\\/pl\\\/\",\"logo\":{\"@type\":\"ImageObject\",\"inLanguage\":\"pl-PL\",\"@id\":\"https:\\\/\\\/www.versiegelung24.com\\\/pl\\\/#\\\/schema\\\/logo\\\/image\\\/\",\"url\":\"https:\\\/\\\/www.versiegelung24.com\\\/wp-content\\\/uploads\\\/2020\\\/04\\\/versiegelung24.png\",\"contentUrl\":\"https:\\\/\\\/www.versiegelung24.com\\\/wp-content\\\/uploads\\\/2020\\\/04\\\/versiegelung24.png\",\"width\":470,\"height\":102,\"caption\":\"versiegelung24\"},\"image\":{\"@id\":\"https:\\\/\\\/www.versiegelung24.com\\\/pl\\\/#\\\/schema\\\/logo\\\/image\\\/\"}}]}<\/script>\n<meta property=\"product:price:amount\" content=\"1.39\" \/>\n<meta property=\"product:price:currency\" content=\"EUR\" \/>\n<meta property=\"og:availability\" content=\"out of stock\" \/>\n<meta property=\"product:availability\" content=\"out of stock\" \/>\n<meta property=\"product:retailer_item_id\" content=\"V24-262-11\" \/>\n<meta property=\"product:condition\" content=\"new\" \/>\n<!-- \/ Yoast SEO Premium plugin. -->","yoast_head_json":{"title":"Wa\u0142ek piankowy Colorus drobny CLASSIC K\u00d815 obustronnie prosty bia\u0142y 11cm - versiegelung24.com","robots":{"index":"index","follow":"follow","max-snippet":"max-snippet:-1","max-image-preview":"max-image-preview:large","max-video-preview":"max-video-preview:-1"},"canonical":"https:\/\/www.versiegelung24.com\/pl\/product\/walek-piankowy-colorus-superfine-plus-ko15-obustronnie-prosty-zielony-11cm-kopie\/","og_locale":"pl_PL","og_type":"article","og_title":"Wa\u0142ek piankowy Colorus drobny CLASSIC K\u00d815 obustronnie prosty bia\u0142y 11cm","og_description":"Wa\u0142ek z pianki: \u2713 PROSTE z obu stron do prostych prac malarskich \u2713 Z farbami wodorozcie\u0144czalnymi i lekko rozpuszczalnikowymi.","og_url":"https:\/\/www.versiegelung24.com\/pl\/product\/walek-piankowy-colorus-superfine-plus-ko15-obustronnie-prosty-zielony-11cm-kopie\/","og_site_name":"versiegelung24.com","article_modified_time":"2023-07-30T11:41:18+00:00","og_image":[{"width":2000,"height":2000,"url":"https:\/\/www.versiegelung24.com\/wp-content\/uploads\/2022\/02\/produkt-v24-262-11-Colorus-Lack-Schaumwalze-fein-CLASSIC-K15-beidseitig-gerade.jpg","type":"image\/jpeg"}],"twitter_card":"summary_large_image","twitter_misc":{"Cena":"1,39&euro;","Dost\u0119pno\u015b\u0107":"Brak w magazynie"},"schema":{"@context":"https:\/\/schema.org","@graph":[{"@type":"WebPage","@id":"https:\/\/www.versiegelung24.com\/pl\/product\/walek-piankowy-colorus-superfine-plus-ko15-obustronnie-prosty-zielony-11cm-kopie\/","url":"https:\/\/www.versiegelung24.com\/pl\/product\/walek-piankowy-colorus-superfine-plus-ko15-obustronnie-prosty-zielony-11cm-kopie\/","name":"Wa\u0142ek piankowy Colorus drobny CLASSIC K\u00d815 obustronnie prosty bia\u0142y 11cm - versiegelung24.com","isPartOf":{"@id":"https:\/\/www.versiegelung24.com\/pl\/#website"},"primaryImageOfPage":{"@id":"https:\/\/www.versiegelung24.com\/pl\/product\/walek-piankowy-colorus-superfine-plus-ko15-obustronnie-prosty-zielony-11cm-kopie\/#primaryimage"},"image":{"@id":"https:\/\/www.versiegelung24.com\/pl\/product\/walek-piankowy-colorus-superfine-plus-ko15-obustronnie-prosty-zielony-11cm-kopie\/#primaryimage"},"thumbnailUrl":"https:\/\/www.versiegelung24.com\/wp-content\/uploads\/2022\/02\/produkt-v24-262-11-Colorus-Lack-Schaumwalze-fein-CLASSIC-K15-beidseitig-gerade.jpg","datePublished":"2022-02-10T11:27:19+00:00","dateModified":"2023-07-30T11:41:18+00:00","breadcrumb":{"@id":"https:\/\/www.versiegelung24.com\/pl\/product\/walek-piankowy-colorus-superfine-plus-ko15-obustronnie-prosty-zielony-11cm-kopie\/#breadcrumb"},"inLanguage":"pl-PL","potentialAction":[{"@type":"ReadAction","target":["https:\/\/www.versiegelung24.com\/pl\/product\/walek-piankowy-colorus-superfine-plus-ko15-obustronnie-prosty-zielony-11cm-kopie\/"]}]},{"@type":"ImageObject","inLanguage":"pl-PL","@id":"https:\/\/www.versiegelung24.com\/pl\/product\/walek-piankowy-colorus-superfine-plus-ko15-obustronnie-prosty-zielony-11cm-kopie\/#primaryimage","url":"https:\/\/www.versiegelung24.com\/wp-content\/uploads\/2022\/02\/produkt-v24-262-11-Colorus-Lack-Schaumwalze-fein-CLASSIC-K15-beidseitig-gerade.jpg","contentUrl":"https:\/\/www.versiegelung24.com\/wp-content\/uploads\/2022\/02\/produkt-v24-262-11-Colorus-Lack-Schaumwalze-fein-CLASSIC-K15-beidseitig-gerade.jpg","width":2000,"height":2000},{"@type":"BreadcrumbList","@id":"https:\/\/www.versiegelung24.com\/pl\/product\/walek-piankowy-colorus-superfine-plus-ko15-obustronnie-prosty-zielony-11cm-kopie\/#breadcrumb","itemListElement":[{"@type":"ListItem","position":1,"name":"Strona g\u0142\u00f3wna","item":"https:\/\/www.versiegelung24.com\/pl\/przod\/"},{"@type":"ListItem","position":2,"name":"Sklep","item":"https:\/\/www.versiegelung24.com\/pl\/sklep\/"},{"@type":"ListItem","position":3,"name":"Wa\u0142ek piankowy Colorus drobny CLASSIC K\u00d815 obustronnie prosty bia\u0142y 11cm"}]},{"@type":"WebSite","@id":"https:\/\/www.versiegelung24.com\/pl\/#website","url":"https:\/\/www.versiegelung24.com\/pl\/","name":"versiegelung24.com","description":"Fl\u00fcssigglas-Versiegelung - Made in Germany","publisher":{"@id":"https:\/\/www.versiegelung24.com\/pl\/#organization"},"potentialAction":[{"@type":"SearchAction","target":{"@type":"EntryPoint","urlTemplate":"https:\/\/www.versiegelung24.com\/pl\/?s={search_term_string}"},"query-input":{"@type":"PropertyValueSpecification","valueRequired":true,"valueName":"search_term_string"}}],"inLanguage":"pl-PL"},{"@type":"Organization","@id":"https:\/\/www.versiegelung24.com\/pl\/#organization","name":"versiegelung24","url":"https:\/\/www.versiegelung24.com\/pl\/","logo":{"@type":"ImageObject","inLanguage":"pl-PL","@id":"https:\/\/www.versiegelung24.com\/pl\/#\/schema\/logo\/image\/","url":"https:\/\/www.versiegelung24.com\/wp-content\/uploads\/2020\/04\/versiegelung24.png","contentUrl":"https:\/\/www.versiegelung24.com\/wp-content\/uploads\/2020\/04\/versiegelung24.png","width":470,"height":102,"caption":"versiegelung24"},"image":{"@id":"https:\/\/www.versiegelung24.com\/pl\/#\/schema\/logo\/image\/"}}]},"product_price_amount":"1.39","product_price_currency":"EUR","og_availability":"out of stock","product_availability":"out of stock","product_retailer_item_id":"V24-262-11","product_condition":"new"},"_links":{"self":[{"href":"https:\/\/www.versiegelung24.com\/pl\/wp-json\/wp\/v2\/product\/64401","targetHints":{"allow":["GET"]}}],"collection":[{"href":"https:\/\/www.versiegelung24.com\/pl\/wp-json\/wp\/v2\/product"}],"about":[{"href":"https:\/\/www.versiegelung24.com\/pl\/wp-json\/wp\/v2\/types\/product"}],"version-history":[{"count":9,"href":"https:\/\/www.versiegelung24.com\/pl\/wp-json\/wp\/v2\/product\/64401\/revisions"}],"predecessor-version":[{"id":111558,"href":"https:\/\/www.versiegelung24.com\/pl\/wp-json\/wp\/v2\/product\/64401\/revisions\/111558"}],"wp:featuredmedia":[{"embeddable":true,"href":"https:\/\/www.versiegelung24.com\/pl\/wp-json\/wp\/v2\/media\/64423"}],"wp:attachment":[{"href":"https:\/\/www.versiegelung24.com\/pl\/wp-json\/wp\/v2\/media?parent=64401"}],"wp:term":[{"taxonomy":"product_brand","embeddable":true,"href":"https:\/\/www.versiegelung24.com\/pl\/wp-json\/wp\/v2\/product_brand?post=64401"},{"taxonomy":"product_cat","embeddable":true,"href":"https:\/\/www.versiegelung24.com\/pl\/wp-json\/wp\/v2\/product_cat?post=64401"},{"taxonomy":"product_tag","embeddable":true,"href":"https:\/\/www.versiegelung24.com\/pl\/wp-json\/wp\/v2\/product_tag?post=64401"}],"curies":[{"name":"wp","href":"https:\/\/api.w.org\/{rel}","templated":true}]}}