{"id":81795,"date":"2022-02-22T13:40:57","date_gmt":"2022-02-22T12:41:00","guid":{"rendered":"https:\/\/www.versiegelung24.com\/?post_type=product&#038;p=81795"},"modified":"2023-06-19T15:46:39","modified_gmt":"2023-06-19T13:46:39","slug":"walek-piankowy-colorus-drobny-classic-ko15-obustronnie-prosty-bialy-11cm-kopie","status":"publish","type":"product","link":"https:\/\/www.versiegelung24.com\/pl\/product\/walek-piankowy-colorus-drobny-classic-ko15-obustronnie-prosty-bialy-11cm-kopie\/","title":{"rendered":"Ochronniki s\u0142uchu SILENCE z uchwytem"},"content":{"rendered":"\n<h4 class=\"wp-block-heading\" id=\"h-beschreibung\">opis<\/h4>\n\n<p>S\u0142uchawki chroni\u0105ce przed ha\u0142asem zgodne z norm\u0105 EN 352 odpowiednie do wszystkich sytuacji zwi\u0105zanych z ha\u0142asem. Czy to w warsztacie, na budowie czy przy fajerwerkach. Dzi\u0119ki elastycznemu pa\u0142\u0105kowi i funkcji regulacji dopasowuje si\u0119 do niemal ka\u017cdego rozmiaru i kszta\u0142tu g\u0142owy.<\/p>\n\n<hr\/>\n<h4 class=\"wp-block-heading\" id=\"properties\">w\u0142a\u015bciwo\u015bci produktu<\/h4>\n\n<ul class=\"wp-block-list\"><li>Niska waga i wysoka stabilno\u015b\u0107<\/li><li>S\u0142uchawki zgodne z EN 352<\/li><li>Lekki, wygodny i wygodny<\/li><li>Idealny do wszystkich sytuacji zwi\u0105zanych z ha\u0142asem bez du\u017cych szczyt\u00f3w poziomu<\/li><li>Materia\u0142: tworzywo sztuczne;<\/li><li>Kolor: czerwony\/czarny<\/li><\/ul>","protected":false},"excerpt":{"rendered":"<p>\u2713 Niska waga i wysoka stabilno\u015b\u0107<\/p>\n<p>\u2713 S\u0142uchawki zgodne z EN 352<\/p>\n<p>\u2713 Lekki, wygodny i wygodny<\/p>\n<p>\u2713 Optymalne dla wszystkich sytuacji zwi\u0105zanych z ha\u0142asem bez du\u017cych szczyt\u00f3w poziomu<\/p>\n","protected":false},"featured_media":82190,"template":"","meta":{"_acf_changed":false,"neve_meta_sidebar":"","neve_meta_container":"","neve_meta_enable_content_width":"","neve_meta_content_width":0,"neve_meta_title_alignment":"","neve_meta_author_avatar":"","neve_post_elements_order":"","neve_meta_disable_header":"","neve_meta_disable_footer":"","neve_meta_disable_title":"","neve_meta_reading_time":"","_surfaces":[],"_ver_product_tabs":[],"footnotes":""},"product_brand":[],"product_cat":[3081],"product_tag":[],"class_list":{"0":"post-81795","1":"product","2":"type-product","3":"status-publish","4":"has-post-thumbnail","6":"product_cat-ekwipunek","8":"first","9":"instock","10":"taxable","11":"shipping-taxable","12":"purchasable","13":"product-type-simple"},"acf":[],"yoast_head":"<!-- This site is optimized with the Yoast SEO Premium plugin v22.8 (Yoast SEO v27.6) - https:\/\/yoast.com\/product\/yoast-seo-premium-wordpress\/ -->\n<title>Ochronniki s\u0142uchu SILENCE z uchwytem - versiegelung24.com<\/title>\n<meta name=\"robots\" content=\"index, follow, max-snippet:-1, max-image-preview:large, max-video-preview:-1\" \/>\n<link rel=\"canonical\" href=\"https:\/\/www.versiegelung24.com\/pl\/product\/walek-piankowy-colorus-drobny-classic-ko15-obustronnie-prosty-bialy-11cm-kopie\/\" \/>\n<meta property=\"og:locale\" content=\"pl_PL\" \/>\n<meta property=\"og:type\" content=\"article\" \/>\n<meta property=\"og:title\" content=\"Ochronniki s\u0142uchu SILENCE z uchwytem\" \/>\n<meta property=\"og:description\" content=\"\u2713 Niska waga i wysoka stabilno\u015b\u0107 \u2713 S\u0142uchawki zgodne z EN 352 \u2713 Lekki, wygodny i wygodny \u2713 Optymalne dla wszystkich sytuacji zwi\u0105zanych z ha\u0142asem bez du\u017cych szczyt\u00f3w poziomu\" \/>\n<meta property=\"og:url\" content=\"https:\/\/www.versiegelung24.com\/pl\/product\/walek-piankowy-colorus-drobny-classic-ko15-obustronnie-prosty-bialy-11cm-kopie\/\" \/>\n<meta property=\"og:site_name\" content=\"versiegelung24.com\" \/>\n<meta property=\"article:modified_time\" content=\"2023-06-19T13:46:39+00:00\" \/>\n<meta property=\"og:image\" content=\"https:\/\/www.versiegelung24.com\/wp-content\/uploads\/2022\/02\/produkt-v24-gs1-gehoerschutz-1.jpg\" \/>\n\t<meta property=\"og:image:width\" content=\"2000\" \/>\n\t<meta property=\"og:image:height\" content=\"2000\" \/>\n\t<meta property=\"og:image:type\" content=\"image\/jpeg\" \/>\n<meta name=\"twitter:card\" content=\"summary_large_image\" \/>\n<meta name=\"twitter:label1\" content=\"Cena\" \/>\n\t<meta name=\"twitter:data1\" content=\"4,49&euro;\" \/>\n\t<meta name=\"twitter:label2\" content=\"Dost\u0119pno\u015b\u0107\" \/>\n\t<meta name=\"twitter:data2\" content=\"Dost\u0119pny\" \/>\n<script type=\"application\/ld+json\" class=\"yoast-schema-graph\">{\"@context\":\"https:\\\/\\\/schema.org\",\"@graph\":[{\"@type\":\"WebPage\",\"@id\":\"https:\\\/\\\/www.versiegelung24.com\\\/pl\\\/product\\\/walek-piankowy-colorus-drobny-classic-ko15-obustronnie-prosty-bialy-11cm-kopie\\\/\",\"url\":\"https:\\\/\\\/www.versiegelung24.com\\\/pl\\\/product\\\/walek-piankowy-colorus-drobny-classic-ko15-obustronnie-prosty-bialy-11cm-kopie\\\/\",\"name\":\"Ochronniki s\u0142uchu SILENCE z uchwytem - versiegelung24.com\",\"isPartOf\":{\"@id\":\"https:\\\/\\\/www.versiegelung24.com\\\/pl\\\/#website\"},\"primaryImageOfPage\":{\"@id\":\"https:\\\/\\\/www.versiegelung24.com\\\/pl\\\/product\\\/walek-piankowy-colorus-drobny-classic-ko15-obustronnie-prosty-bialy-11cm-kopie\\\/#primaryimage\"},\"image\":{\"@id\":\"https:\\\/\\\/www.versiegelung24.com\\\/pl\\\/product\\\/walek-piankowy-colorus-drobny-classic-ko15-obustronnie-prosty-bialy-11cm-kopie\\\/#primaryimage\"},\"thumbnailUrl\":\"https:\\\/\\\/www.versiegelung24.com\\\/wp-content\\\/uploads\\\/2022\\\/02\\\/produkt-v24-gs1-gehoerschutz-1.jpg\",\"datePublished\":\"2022-02-22T12:41:00+00:00\",\"dateModified\":\"2023-06-19T13:46:39+00:00\",\"breadcrumb\":{\"@id\":\"https:\\\/\\\/www.versiegelung24.com\\\/pl\\\/product\\\/walek-piankowy-colorus-drobny-classic-ko15-obustronnie-prosty-bialy-11cm-kopie\\\/#breadcrumb\"},\"inLanguage\":\"pl-PL\",\"potentialAction\":[{\"@type\":\"ReadAction\",\"target\":[\"https:\\\/\\\/www.versiegelung24.com\\\/pl\\\/product\\\/walek-piankowy-colorus-drobny-classic-ko15-obustronnie-prosty-bialy-11cm-kopie\\\/\"]}]},{\"@type\":\"ImageObject\",\"inLanguage\":\"pl-PL\",\"@id\":\"https:\\\/\\\/www.versiegelung24.com\\\/pl\\\/product\\\/walek-piankowy-colorus-drobny-classic-ko15-obustronnie-prosty-bialy-11cm-kopie\\\/#primaryimage\",\"url\":\"https:\\\/\\\/www.versiegelung24.com\\\/wp-content\\\/uploads\\\/2022\\\/02\\\/produkt-v24-gs1-gehoerschutz-1.jpg\",\"contentUrl\":\"https:\\\/\\\/www.versiegelung24.com\\\/wp-content\\\/uploads\\\/2022\\\/02\\\/produkt-v24-gs1-gehoerschutz-1.jpg\",\"width\":2000,\"height\":2000},{\"@type\":\"BreadcrumbList\",\"@id\":\"https:\\\/\\\/www.versiegelung24.com\\\/pl\\\/product\\\/walek-piankowy-colorus-drobny-classic-ko15-obustronnie-prosty-bialy-11cm-kopie\\\/#breadcrumb\",\"itemListElement\":[{\"@type\":\"ListItem\",\"position\":1,\"name\":\"Strona g\u0142\u00f3wna\",\"item\":\"https:\\\/\\\/www.versiegelung24.com\\\/pl\\\/przod\\\/\"},{\"@type\":\"ListItem\",\"position\":2,\"name\":\"Sklep\",\"item\":\"https:\\\/\\\/www.versiegelung24.com\\\/pl\\\/sklep\\\/\"},{\"@type\":\"ListItem\",\"position\":3,\"name\":\"Ochronniki s\u0142uchu SILENCE z uchwytem\"}]},{\"@type\":\"WebSite\",\"@id\":\"https:\\\/\\\/www.versiegelung24.com\\\/pl\\\/#website\",\"url\":\"https:\\\/\\\/www.versiegelung24.com\\\/pl\\\/\",\"name\":\"versiegelung24.com\",\"description\":\"Fl\u00fcssigglas-Versiegelung - Made in Germany\",\"publisher\":{\"@id\":\"https:\\\/\\\/www.versiegelung24.com\\\/pl\\\/#organization\"},\"potentialAction\":[{\"@type\":\"SearchAction\",\"target\":{\"@type\":\"EntryPoint\",\"urlTemplate\":\"https:\\\/\\\/www.versiegelung24.com\\\/pl\\\/?s={search_term_string}\"},\"query-input\":{\"@type\":\"PropertyValueSpecification\",\"valueRequired\":true,\"valueName\":\"search_term_string\"}}],\"inLanguage\":\"pl-PL\"},{\"@type\":\"Organization\",\"@id\":\"https:\\\/\\\/www.versiegelung24.com\\\/pl\\\/#organization\",\"name\":\"versiegelung24\",\"url\":\"https:\\\/\\\/www.versiegelung24.com\\\/pl\\\/\",\"logo\":{\"@type\":\"ImageObject\",\"inLanguage\":\"pl-PL\",\"@id\":\"https:\\\/\\\/www.versiegelung24.com\\\/pl\\\/#\\\/schema\\\/logo\\\/image\\\/\",\"url\":\"https:\\\/\\\/www.versiegelung24.com\\\/wp-content\\\/uploads\\\/2020\\\/04\\\/versiegelung24.png\",\"contentUrl\":\"https:\\\/\\\/www.versiegelung24.com\\\/wp-content\\\/uploads\\\/2020\\\/04\\\/versiegelung24.png\",\"width\":470,\"height\":102,\"caption\":\"versiegelung24\"},\"image\":{\"@id\":\"https:\\\/\\\/www.versiegelung24.com\\\/pl\\\/#\\\/schema\\\/logo\\\/image\\\/\"}}]}<\/script>\n<meta property=\"product:price:amount\" content=\"4.49\" \/>\n<meta property=\"product:price:currency\" content=\"EUR\" \/>\n<meta property=\"og:availability\" content=\"instock\" \/>\n<meta property=\"product:availability\" content=\"instock\" \/>\n<meta property=\"product:retailer_item_id\" content=\"V24-GS1\" \/>\n<meta property=\"product:condition\" content=\"new\" \/>\n<!-- \/ Yoast SEO Premium plugin. -->","yoast_head_json":{"title":"Ochronniki s\u0142uchu SILENCE z uchwytem - versiegelung24.com","robots":{"index":"index","follow":"follow","max-snippet":"max-snippet:-1","max-image-preview":"max-image-preview:large","max-video-preview":"max-video-preview:-1"},"canonical":"https:\/\/www.versiegelung24.com\/pl\/product\/walek-piankowy-colorus-drobny-classic-ko15-obustronnie-prosty-bialy-11cm-kopie\/","og_locale":"pl_PL","og_type":"article","og_title":"Ochronniki s\u0142uchu SILENCE z uchwytem","og_description":"\u2713 Niska waga i wysoka stabilno\u015b\u0107 \u2713 S\u0142uchawki zgodne z EN 352 \u2713 Lekki, wygodny i wygodny \u2713 Optymalne dla wszystkich sytuacji zwi\u0105zanych z ha\u0142asem bez du\u017cych szczyt\u00f3w poziomu","og_url":"https:\/\/www.versiegelung24.com\/pl\/product\/walek-piankowy-colorus-drobny-classic-ko15-obustronnie-prosty-bialy-11cm-kopie\/","og_site_name":"versiegelung24.com","article_modified_time":"2023-06-19T13:46:39+00:00","og_image":[{"width":2000,"height":2000,"url":"https:\/\/www.versiegelung24.com\/wp-content\/uploads\/2022\/02\/produkt-v24-gs1-gehoerschutz-1.jpg","type":"image\/jpeg"}],"twitter_card":"summary_large_image","twitter_misc":{"Cena":"4,49&euro;","Dost\u0119pno\u015b\u0107":"Dost\u0119pny"},"schema":{"@context":"https:\/\/schema.org","@graph":[{"@type":"WebPage","@id":"https:\/\/www.versiegelung24.com\/pl\/product\/walek-piankowy-colorus-drobny-classic-ko15-obustronnie-prosty-bialy-11cm-kopie\/","url":"https:\/\/www.versiegelung24.com\/pl\/product\/walek-piankowy-colorus-drobny-classic-ko15-obustronnie-prosty-bialy-11cm-kopie\/","name":"Ochronniki s\u0142uchu SILENCE z uchwytem - versiegelung24.com","isPartOf":{"@id":"https:\/\/www.versiegelung24.com\/pl\/#website"},"primaryImageOfPage":{"@id":"https:\/\/www.versiegelung24.com\/pl\/product\/walek-piankowy-colorus-drobny-classic-ko15-obustronnie-prosty-bialy-11cm-kopie\/#primaryimage"},"image":{"@id":"https:\/\/www.versiegelung24.com\/pl\/product\/walek-piankowy-colorus-drobny-classic-ko15-obustronnie-prosty-bialy-11cm-kopie\/#primaryimage"},"thumbnailUrl":"https:\/\/www.versiegelung24.com\/wp-content\/uploads\/2022\/02\/produkt-v24-gs1-gehoerschutz-1.jpg","datePublished":"2022-02-22T12:41:00+00:00","dateModified":"2023-06-19T13:46:39+00:00","breadcrumb":{"@id":"https:\/\/www.versiegelung24.com\/pl\/product\/walek-piankowy-colorus-drobny-classic-ko15-obustronnie-prosty-bialy-11cm-kopie\/#breadcrumb"},"inLanguage":"pl-PL","potentialAction":[{"@type":"ReadAction","target":["https:\/\/www.versiegelung24.com\/pl\/product\/walek-piankowy-colorus-drobny-classic-ko15-obustronnie-prosty-bialy-11cm-kopie\/"]}]},{"@type":"ImageObject","inLanguage":"pl-PL","@id":"https:\/\/www.versiegelung24.com\/pl\/product\/walek-piankowy-colorus-drobny-classic-ko15-obustronnie-prosty-bialy-11cm-kopie\/#primaryimage","url":"https:\/\/www.versiegelung24.com\/wp-content\/uploads\/2022\/02\/produkt-v24-gs1-gehoerschutz-1.jpg","contentUrl":"https:\/\/www.versiegelung24.com\/wp-content\/uploads\/2022\/02\/produkt-v24-gs1-gehoerschutz-1.jpg","width":2000,"height":2000},{"@type":"BreadcrumbList","@id":"https:\/\/www.versiegelung24.com\/pl\/product\/walek-piankowy-colorus-drobny-classic-ko15-obustronnie-prosty-bialy-11cm-kopie\/#breadcrumb","itemListElement":[{"@type":"ListItem","position":1,"name":"Strona g\u0142\u00f3wna","item":"https:\/\/www.versiegelung24.com\/pl\/przod\/"},{"@type":"ListItem","position":2,"name":"Sklep","item":"https:\/\/www.versiegelung24.com\/pl\/sklep\/"},{"@type":"ListItem","position":3,"name":"Ochronniki s\u0142uchu SILENCE z uchwytem"}]},{"@type":"WebSite","@id":"https:\/\/www.versiegelung24.com\/pl\/#website","url":"https:\/\/www.versiegelung24.com\/pl\/","name":"versiegelung24.com","description":"Fl\u00fcssigglas-Versiegelung - Made in Germany","publisher":{"@id":"https:\/\/www.versiegelung24.com\/pl\/#organization"},"potentialAction":[{"@type":"SearchAction","target":{"@type":"EntryPoint","urlTemplate":"https:\/\/www.versiegelung24.com\/pl\/?s={search_term_string}"},"query-input":{"@type":"PropertyValueSpecification","valueRequired":true,"valueName":"search_term_string"}}],"inLanguage":"pl-PL"},{"@type":"Organization","@id":"https:\/\/www.versiegelung24.com\/pl\/#organization","name":"versiegelung24","url":"https:\/\/www.versiegelung24.com\/pl\/","logo":{"@type":"ImageObject","inLanguage":"pl-PL","@id":"https:\/\/www.versiegelung24.com\/pl\/#\/schema\/logo\/image\/","url":"https:\/\/www.versiegelung24.com\/wp-content\/uploads\/2020\/04\/versiegelung24.png","contentUrl":"https:\/\/www.versiegelung24.com\/wp-content\/uploads\/2020\/04\/versiegelung24.png","width":470,"height":102,"caption":"versiegelung24"},"image":{"@id":"https:\/\/www.versiegelung24.com\/pl\/#\/schema\/logo\/image\/"}}]},"product_price_amount":"4.49","product_price_currency":"EUR","og_availability":"instock","product_availability":"instock","product_retailer_item_id":"V24-GS1","product_condition":"new"},"_links":{"self":[{"href":"https:\/\/www.versiegelung24.com\/pl\/wp-json\/wp\/v2\/product\/81795","targetHints":{"allow":["GET"]}}],"collection":[{"href":"https:\/\/www.versiegelung24.com\/pl\/wp-json\/wp\/v2\/product"}],"about":[{"href":"https:\/\/www.versiegelung24.com\/pl\/wp-json\/wp\/v2\/types\/product"}],"version-history":[{"count":5,"href":"https:\/\/www.versiegelung24.com\/pl\/wp-json\/wp\/v2\/product\/81795\/revisions"}],"predecessor-version":[{"id":111679,"href":"https:\/\/www.versiegelung24.com\/pl\/wp-json\/wp\/v2\/product\/81795\/revisions\/111679"}],"wp:featuredmedia":[{"embeddable":true,"href":"https:\/\/www.versiegelung24.com\/pl\/wp-json\/wp\/v2\/media\/82190"}],"wp:attachment":[{"href":"https:\/\/www.versiegelung24.com\/pl\/wp-json\/wp\/v2\/media?parent=81795"}],"wp:term":[{"taxonomy":"product_brand","embeddable":true,"href":"https:\/\/www.versiegelung24.com\/pl\/wp-json\/wp\/v2\/product_brand?post=81795"},{"taxonomy":"product_cat","embeddable":true,"href":"https:\/\/www.versiegelung24.com\/pl\/wp-json\/wp\/v2\/product_cat?post=81795"},{"taxonomy":"product_tag","embeddable":true,"href":"https:\/\/www.versiegelung24.com\/pl\/wp-json\/wp\/v2\/product_tag?post=81795"}],"curies":[{"name":"wp","href":"https:\/\/api.w.org\/{rel}","templated":true}]}}