{"id":82336,"date":"2022-02-23T12:42:58","date_gmt":"2022-02-23T11:42:58","guid":{"rendered":"https:\/\/www.versiegelung24.com\/produkt\/zolte-rekawice-robocze-nitrylowe-z-dzianinowymi-mankietami\/"},"modified":"2025-12-19T14:35:45","modified_gmt":"2025-12-19T13:35:45","slug":"rekawice-robocze-nitrylowe-z-dzianinowymi-mankietami-zolte","status":"publish","type":"product","link":"https:\/\/www.versiegelung24.com\/pl\/zolte-rekawice-robocze-nitrylowe-z-dzianinowymi-mankietami.html","title":{"rendered":"\u017b\u00f3\u0142te r\u0119kawice robocze nitrylowe z dzianinowymi mankietami"},"content":{"rendered":"\n<h4 class=\"wp-block-heading\" id=\"h-beschreibung\">Opis<\/h4>\n\n<p>Uniwersalne r\u0119kawice nitrylowe do \u015brodowisk suchych lub mokrych. Nadaje si\u0119 do prac o \u015brednim ryzyku i wysokich wymaganiach dotycz\u0105cych \u015bcieralno\u015bci (rzemios\u0142o, budownictwo, budowa stoisk targowych, przemys\u0142 motoryzacyjny, przemys\u0142 maszynowy, hutnictwo, przemys\u0142 szklarski, przemys\u0142 spo\u017cywczy, rolnictwo itp.) EN 420 Kategoria II, EN 388<\/p>\n\n<hr \/>\n\n<h4 class=\"wp-block-heading\" id=\"properties\">Cechy produktu<\/h4>\n\n<div class=\"wp-block-columns is-layout-flex wp-container-core-columns-is-layout-9d6595d7 wp-block-columns-is-layout-flex\">\n<div class=\"wp-block-column is-layout-flow wp-block-column-is-layout-flow\">\n<p>\u2713 Pokryty \u017c\u00f3\u0142tym nitrylem<\/p>\n\n\n\n<p>\u2713 Oddychaj\u0105cy wierzch d\u0142oni<\/p>\n\n\n\n<p>\u2713 Niezwykle wygodny dzi\u0119ki idealnemu dopasowaniu<\/p>\n\n\n\n<p>\u2713 EN 420 kategoria II, EN 388<\/p>\n\n\n\n<p>\u2713 Odporno\u015b\u0107 na \u015bcieranie: poziom wydajno\u015bci 4<\/p>\n\n\n\n<p>\u2713 Odporno\u015b\u0107 na przeci\u0119cie: poziom wydajno\u015bci 1<\/p>\n\n\n\n<p>\u2713 Wytrzyma\u0142o\u015b\u0107 na rozdarcie: poziom wydajno\u015bci 1<\/p>\n\n\n\n<p>\u2713 Moc przebicia: poziom mocy 1<\/p>\n\n\n\n<p>Rozmiar: 9<\/p>\n<\/div>\n<\/div>\n","protected":false},"excerpt":{"rendered":"<div class=\"product_text_extra\">\n<p>\u2713 Pokryty \u017c\u00f3\u0142tym nitrylem<\/p>\n<p>\u2713 Oddychaj\u0105cy wierzch d\u0142oni<\/p>\n<p>\u2713 Niezwykle wygodny dzi\u0119ki idealnemu dopasowaniu<\/p>\n<p>\u2713 EN 420 kategoria II, EN 388<\/p>\n<p>\u2713 Odporno\u015b\u0107 na \u015bcieranie: poziom wydajno\u015bci 4<\/p>\n<\/div>\n","protected":false},"featured_media":82274,"template":"","meta":{"_acf_changed":false,"neve_meta_sidebar":"","neve_meta_container":"","neve_meta_enable_content_width":"","neve_meta_content_width":0,"neve_meta_title_alignment":"","neve_meta_author_avatar":"","neve_post_elements_order":"","neve_meta_disable_header":"","neve_meta_disable_footer":"","neve_meta_disable_title":"","neve_meta_reading_time":"","_surfaces":[],"_ver_product_tabs":[],"footnotes":""},"product_brand":[],"product_cat":[3081],"product_tag":[],"class_list":{"0":"post-82336","1":"product","2":"type-product","3":"status-publish","4":"has-post-thumbnail","6":"product_cat-ekwipunek","8":"first","9":"instock","10":"taxable","11":"shipping-taxable","12":"purchasable","13":"product-type-simple"},"acf":[],"yoast_head":"<!-- This site is optimized with the Yoast SEO Premium plugin v22.8 (Yoast SEO v27.5) - https:\/\/yoast.com\/product\/yoast-seo-premium-wordpress\/ -->\n<title>\u017b\u00f3\u0142te r\u0119kawice robocze nitrylowe z dzianinowymi mankietami - versiegelung24.com<\/title>\n<meta name=\"robots\" content=\"index, follow, max-snippet:-1, max-image-preview:large, max-video-preview:-1\" \/>\n<link rel=\"canonical\" href=\"https:\/\/www.versiegelung24.com\/pl\/zolte-rekawice-robocze-nitrylowe-z-dzianinowymi-mankietami.html\" \/>\n<meta property=\"og:locale\" content=\"pl_PL\" \/>\n<meta property=\"og:type\" content=\"article\" \/>\n<meta property=\"og:title\" content=\"\u017b\u00f3\u0142te r\u0119kawice robocze nitrylowe z dzianinowymi mankietami\" \/>\n<meta property=\"og:description\" content=\"\u2713 Pokryty \u017c\u00f3\u0142tym nitrylem \u2713 Oddychaj\u0105cy wierzch d\u0142oni \u2713 Niezwykle wygodny dzi\u0119ki idealnemu dopasowaniu \u2713 EN 420 kategoria II, EN 388 \u2713 Odporno\u015b\u0107 na \u015bcieranie: poziom wydajno\u015bci 4\" \/>\n<meta property=\"og:url\" content=\"https:\/\/www.versiegelung24.com\/pl\/zolte-rekawice-robocze-nitrylowe-z-dzianinowymi-mankietami.html\" \/>\n<meta property=\"og:site_name\" content=\"versiegelung24.com\" \/>\n<meta property=\"article:modified_time\" content=\"2025-12-19T13:35:45+00:00\" \/>\n<meta name=\"twitter:card\" content=\"summary_large_image\" \/>\n<meta name=\"twitter:label1\" content=\"Cena\" \/>\n\t<meta name=\"twitter:data1\" content=\"2,69&euro;\" \/>\n\t<meta name=\"twitter:label2\" content=\"Dost\u0119pno\u015b\u0107\" \/>\n\t<meta name=\"twitter:data2\" content=\"Dost\u0119pny\" \/>\n<script type=\"application\/ld+json\" class=\"yoast-schema-graph\">{\"@context\":\"https:\\\/\\\/schema.org\",\"@graph\":[{\"@type\":\"WebPage\",\"@id\":\"https:\\\/\\\/www.versiegelung24.com\\\/pl\\\/zolte-rekawice-robocze-nitrylowe-z-dzianinowymi-mankietami.html\",\"url\":\"https:\\\/\\\/www.versiegelung24.com\\\/pl\\\/zolte-rekawice-robocze-nitrylowe-z-dzianinowymi-mankietami.html\",\"name\":\"\u017b\u00f3\u0142te r\u0119kawice robocze nitrylowe z dzianinowymi mankietami - versiegelung24.com\",\"isPartOf\":{\"@id\":\"https:\\\/\\\/www.versiegelung24.com\\\/pl\\\/#website\"},\"primaryImageOfPage\":{\"@id\":\"https:\\\/\\\/www.versiegelung24.com\\\/pl\\\/zolte-rekawice-robocze-nitrylowe-z-dzianinowymi-mankietami.html#primaryimage\"},\"image\":{\"@id\":\"https:\\\/\\\/www.versiegelung24.com\\\/pl\\\/zolte-rekawice-robocze-nitrylowe-z-dzianinowymi-mankietami.html#primaryimage\"},\"thumbnailUrl\":\"https:\\\/\\\/www.versiegelung24.com\\\/wp-content\\\/uploads\\\/2022\\\/02\\\/produkt-v24-sb403-10-arbeitshandschuh.jpg\",\"datePublished\":\"2022-02-23T11:42:58+00:00\",\"dateModified\":\"2025-12-19T13:35:45+00:00\",\"breadcrumb\":{\"@id\":\"https:\\\/\\\/www.versiegelung24.com\\\/pl\\\/zolte-rekawice-robocze-nitrylowe-z-dzianinowymi-mankietami.html#breadcrumb\"},\"inLanguage\":\"pl-PL\",\"potentialAction\":[{\"@type\":\"ReadAction\",\"target\":[\"https:\\\/\\\/www.versiegelung24.com\\\/pl\\\/zolte-rekawice-robocze-nitrylowe-z-dzianinowymi-mankietami.html\"]}]},{\"@type\":\"ImageObject\",\"inLanguage\":\"pl-PL\",\"@id\":\"https:\\\/\\\/www.versiegelung24.com\\\/pl\\\/zolte-rekawice-robocze-nitrylowe-z-dzianinowymi-mankietami.html#primaryimage\",\"url\":\"https:\\\/\\\/www.versiegelung24.com\\\/wp-content\\\/uploads\\\/2022\\\/02\\\/produkt-v24-sb403-10-arbeitshandschuh.jpg\",\"contentUrl\":\"https:\\\/\\\/www.versiegelung24.com\\\/wp-content\\\/uploads\\\/2022\\\/02\\\/produkt-v24-sb403-10-arbeitshandschuh.jpg\",\"width\":2000,\"height\":2000},{\"@type\":\"BreadcrumbList\",\"@id\":\"https:\\\/\\\/www.versiegelung24.com\\\/pl\\\/zolte-rekawice-robocze-nitrylowe-z-dzianinowymi-mankietami.html#breadcrumb\",\"itemListElement\":[{\"@type\":\"ListItem\",\"position\":1,\"name\":\"Strona g\u0142\u00f3wna\",\"item\":\"https:\\\/\\\/www.versiegelung24.com\\\/pl\\\/przod\\\/\"},{\"@type\":\"ListItem\",\"position\":2,\"name\":\"Sklep\",\"item\":\"https:\\\/\\\/www.versiegelung24.com\\\/pl\\\/sklep\\\/\"},{\"@type\":\"ListItem\",\"position\":3,\"name\":\"\u017b\u00f3\u0142te r\u0119kawice robocze nitrylowe z dzianinowymi mankietami\"}]},{\"@type\":\"WebSite\",\"@id\":\"https:\\\/\\\/www.versiegelung24.com\\\/pl\\\/#website\",\"url\":\"https:\\\/\\\/www.versiegelung24.com\\\/pl\\\/\",\"name\":\"versiegelung24.com\",\"description\":\"Fl\u00fcssigglas-Versiegelung - Made in Germany\",\"publisher\":{\"@id\":\"https:\\\/\\\/www.versiegelung24.com\\\/pl\\\/#organization\"},\"potentialAction\":[{\"@type\":\"SearchAction\",\"target\":{\"@type\":\"EntryPoint\",\"urlTemplate\":\"https:\\\/\\\/www.versiegelung24.com\\\/pl\\\/?s={search_term_string}\"},\"query-input\":{\"@type\":\"PropertyValueSpecification\",\"valueRequired\":true,\"valueName\":\"search_term_string\"}}],\"inLanguage\":\"pl-PL\"},{\"@type\":\"Organization\",\"@id\":\"https:\\\/\\\/www.versiegelung24.com\\\/pl\\\/#organization\",\"name\":\"versiegelung24\",\"url\":\"https:\\\/\\\/www.versiegelung24.com\\\/pl\\\/\",\"logo\":{\"@type\":\"ImageObject\",\"inLanguage\":\"pl-PL\",\"@id\":\"https:\\\/\\\/www.versiegelung24.com\\\/pl\\\/#\\\/schema\\\/logo\\\/image\\\/\",\"url\":\"https:\\\/\\\/www.versiegelung24.com\\\/wp-content\\\/uploads\\\/2020\\\/04\\\/versiegelung24.png\",\"contentUrl\":\"https:\\\/\\\/www.versiegelung24.com\\\/wp-content\\\/uploads\\\/2020\\\/04\\\/versiegelung24.png\",\"width\":470,\"height\":102,\"caption\":\"versiegelung24\"},\"image\":{\"@id\":\"https:\\\/\\\/www.versiegelung24.com\\\/pl\\\/#\\\/schema\\\/logo\\\/image\\\/\"}}]}<\/script>\n<meta property=\"product:price:amount\" content=\"2.69\" \/>\n<meta property=\"product:price:currency\" content=\"EUR\" \/>\n<meta property=\"og:availability\" content=\"instock\" \/>\n<meta property=\"product:availability\" content=\"instock\" \/>\n<meta property=\"product:retailer_item_id\" content=\"V24-SB403-10\" \/>\n<meta property=\"product:condition\" content=\"new\" \/>\n<!-- \/ Yoast SEO Premium plugin. -->","yoast_head_json":{"title":"\u017b\u00f3\u0142te r\u0119kawice robocze nitrylowe z dzianinowymi mankietami - versiegelung24.com","robots":{"index":"index","follow":"follow","max-snippet":"max-snippet:-1","max-image-preview":"max-image-preview:large","max-video-preview":"max-video-preview:-1"},"canonical":"https:\/\/www.versiegelung24.com\/pl\/zolte-rekawice-robocze-nitrylowe-z-dzianinowymi-mankietami.html","og_locale":"pl_PL","og_type":"article","og_title":"\u017b\u00f3\u0142te r\u0119kawice robocze nitrylowe z dzianinowymi mankietami","og_description":"\u2713 Pokryty \u017c\u00f3\u0142tym nitrylem \u2713 Oddychaj\u0105cy wierzch d\u0142oni \u2713 Niezwykle wygodny dzi\u0119ki idealnemu dopasowaniu \u2713 EN 420 kategoria II, EN 388 \u2713 Odporno\u015b\u0107 na \u015bcieranie: poziom wydajno\u015bci 4","og_url":"https:\/\/www.versiegelung24.com\/pl\/zolte-rekawice-robocze-nitrylowe-z-dzianinowymi-mankietami.html","og_site_name":"versiegelung24.com","article_modified_time":"2025-12-19T13:35:45+00:00","twitter_card":"summary_large_image","twitter_misc":{"Cena":"2,69&euro;","Dost\u0119pno\u015b\u0107":"Dost\u0119pny"},"schema":{"@context":"https:\/\/schema.org","@graph":[{"@type":"WebPage","@id":"https:\/\/www.versiegelung24.com\/pl\/zolte-rekawice-robocze-nitrylowe-z-dzianinowymi-mankietami.html","url":"https:\/\/www.versiegelung24.com\/pl\/zolte-rekawice-robocze-nitrylowe-z-dzianinowymi-mankietami.html","name":"\u017b\u00f3\u0142te r\u0119kawice robocze nitrylowe z dzianinowymi mankietami - versiegelung24.com","isPartOf":{"@id":"https:\/\/www.versiegelung24.com\/pl\/#website"},"primaryImageOfPage":{"@id":"https:\/\/www.versiegelung24.com\/pl\/zolte-rekawice-robocze-nitrylowe-z-dzianinowymi-mankietami.html#primaryimage"},"image":{"@id":"https:\/\/www.versiegelung24.com\/pl\/zolte-rekawice-robocze-nitrylowe-z-dzianinowymi-mankietami.html#primaryimage"},"thumbnailUrl":"https:\/\/www.versiegelung24.com\/wp-content\/uploads\/2022\/02\/produkt-v24-sb403-10-arbeitshandschuh.jpg","datePublished":"2022-02-23T11:42:58+00:00","dateModified":"2025-12-19T13:35:45+00:00","breadcrumb":{"@id":"https:\/\/www.versiegelung24.com\/pl\/zolte-rekawice-robocze-nitrylowe-z-dzianinowymi-mankietami.html#breadcrumb"},"inLanguage":"pl-PL","potentialAction":[{"@type":"ReadAction","target":["https:\/\/www.versiegelung24.com\/pl\/zolte-rekawice-robocze-nitrylowe-z-dzianinowymi-mankietami.html"]}]},{"@type":"ImageObject","inLanguage":"pl-PL","@id":"https:\/\/www.versiegelung24.com\/pl\/zolte-rekawice-robocze-nitrylowe-z-dzianinowymi-mankietami.html#primaryimage","url":"https:\/\/www.versiegelung24.com\/wp-content\/uploads\/2022\/02\/produkt-v24-sb403-10-arbeitshandschuh.jpg","contentUrl":"https:\/\/www.versiegelung24.com\/wp-content\/uploads\/2022\/02\/produkt-v24-sb403-10-arbeitshandschuh.jpg","width":2000,"height":2000},{"@type":"BreadcrumbList","@id":"https:\/\/www.versiegelung24.com\/pl\/zolte-rekawice-robocze-nitrylowe-z-dzianinowymi-mankietami.html#breadcrumb","itemListElement":[{"@type":"ListItem","position":1,"name":"Strona g\u0142\u00f3wna","item":"https:\/\/www.versiegelung24.com\/pl\/przod\/"},{"@type":"ListItem","position":2,"name":"Sklep","item":"https:\/\/www.versiegelung24.com\/pl\/sklep\/"},{"@type":"ListItem","position":3,"name":"\u017b\u00f3\u0142te r\u0119kawice robocze nitrylowe z dzianinowymi mankietami"}]},{"@type":"WebSite","@id":"https:\/\/www.versiegelung24.com\/pl\/#website","url":"https:\/\/www.versiegelung24.com\/pl\/","name":"versiegelung24.com","description":"Fl\u00fcssigglas-Versiegelung - Made in Germany","publisher":{"@id":"https:\/\/www.versiegelung24.com\/pl\/#organization"},"potentialAction":[{"@type":"SearchAction","target":{"@type":"EntryPoint","urlTemplate":"https:\/\/www.versiegelung24.com\/pl\/?s={search_term_string}"},"query-input":{"@type":"PropertyValueSpecification","valueRequired":true,"valueName":"search_term_string"}}],"inLanguage":"pl-PL"},{"@type":"Organization","@id":"https:\/\/www.versiegelung24.com\/pl\/#organization","name":"versiegelung24","url":"https:\/\/www.versiegelung24.com\/pl\/","logo":{"@type":"ImageObject","inLanguage":"pl-PL","@id":"https:\/\/www.versiegelung24.com\/pl\/#\/schema\/logo\/image\/","url":"https:\/\/www.versiegelung24.com\/wp-content\/uploads\/2020\/04\/versiegelung24.png","contentUrl":"https:\/\/www.versiegelung24.com\/wp-content\/uploads\/2020\/04\/versiegelung24.png","width":470,"height":102,"caption":"versiegelung24"},"image":{"@id":"https:\/\/www.versiegelung24.com\/pl\/#\/schema\/logo\/image\/"}}]},"product_price_amount":"2.69","product_price_currency":"EUR","og_availability":"instock","product_availability":"instock","product_retailer_item_id":"V24-SB403-10","product_condition":"new"},"_links":{"self":[{"href":"https:\/\/www.versiegelung24.com\/pl\/wp-json\/wp\/v2\/product\/82336","targetHints":{"allow":["GET"]}}],"collection":[{"href":"https:\/\/www.versiegelung24.com\/pl\/wp-json\/wp\/v2\/product"}],"about":[{"href":"https:\/\/www.versiegelung24.com\/pl\/wp-json\/wp\/v2\/types\/product"}],"version-history":[{"count":10,"href":"https:\/\/www.versiegelung24.com\/pl\/wp-json\/wp\/v2\/product\/82336\/revisions"}],"predecessor-version":[{"id":180757,"href":"https:\/\/www.versiegelung24.com\/pl\/wp-json\/wp\/v2\/product\/82336\/revisions\/180757"}],"wp:featuredmedia":[{"embeddable":true,"href":"https:\/\/www.versiegelung24.com\/pl\/wp-json\/wp\/v2\/media\/82274"}],"wp:attachment":[{"href":"https:\/\/www.versiegelung24.com\/pl\/wp-json\/wp\/v2\/media?parent=82336"}],"wp:term":[{"taxonomy":"product_brand","embeddable":true,"href":"https:\/\/www.versiegelung24.com\/pl\/wp-json\/wp\/v2\/product_brand?post=82336"},{"taxonomy":"product_cat","embeddable":true,"href":"https:\/\/www.versiegelung24.com\/pl\/wp-json\/wp\/v2\/product_cat?post=82336"},{"taxonomy":"product_tag","embeddable":true,"href":"https:\/\/www.versiegelung24.com\/pl\/wp-json\/wp\/v2\/product_tag?post=82336"}],"curies":[{"name":"wp","href":"https:\/\/api.w.org\/{rel}","templated":true}]}}