{"id":82476,"date":"2022-02-23T13:57:07","date_gmt":"2022-02-23T12:57:10","guid":{"rendered":"https:\/\/www.versiegelung24.com\/?post_type=product&#038;p=82476"},"modified":"2025-01-13T17:10:25","modified_gmt":"2025-01-13T16:10:25","slug":"gogle-ochronne-ze-zintegrowanymi-oslonami-bocznymi-i-regulowanymi-ramkami","status":"publish","type":"product","link":"https:\/\/www.versiegelung24.com\/pl\/gogle-ochronne-ze-zintegrowanymi-oslonami-bocznymi-i-regulowanymi-ramkami.html","title":{"rendered":"Okulary ochronne ze zintegrowan\u0105 ochron\u0105 boczn\u0105 i regulowanymi zausznikami"},"content":{"rendered":"\n<h4 class=\"wp-block-heading\" id=\"h-beschreibung\">Opis<\/h4>\n\n<p>Mi\u0119kkie dwusk\u0142adnikowe okulary z zausznikami o regulowanej d\u0142ugo\u015bci, o uniwersalnym zastosowaniu. Okulary spe\u0142niaj\u0105 wymagania normy EN166. Mocowanie pask\u00f3w jest mo\u017cliwe dzi\u0119ki przewidzianej perforacji.<\/p>\n\n<p>Chroni oczy przed ma\u0142ymi drzazgami z energi\u0105 uderzenia do 45 m\/s (F) i ma optymaln\u0105 ochron\u0119 przedni\u0105 i boczn\u0105.<\/p>\n\n<hr \/>\n\n<h4 class=\"wp-block-heading\" id=\"properties\">Cechy produktu<\/h4>\n\n<div class=\"wp-block-columns is-layout-flex wp-container-core-columns-is-layout-9d6595d7 wp-block-columns-is-layout-flex\">\n<div class=\"wp-block-column is-layout-flow wp-block-column-is-layout-flow\">\n<p>\u2713 Optymalna ochrona przed uderzeniami i odpryskami<\/p>\n\n\n\n<p>\u2713 Regulowane rozmiary pask\u00f3w<\/p>\n\n\n\n<p>\u2713 Ochrona przednia i boczna<\/p>\n\n\n\n<p>\u2713 Miejsce na okulary z soczewkami optycznymi<\/p>\n\n\n\n<p>\u2713 Norma: EN166<\/p>\n\n\n\n<p>\u2713 Kolor: czarny<\/p>\n<\/div>\n<\/div>\n","protected":false},"excerpt":{"rendered":"<p>\u2713 Optymalna ochrona przed uderzeniami i odpryskami<\/p>\n<p>\u2713 Regulowane rozmiary pask\u00f3w<\/p>\n<p>\u2713 Ochrona przednia i boczna<\/p>\n<p>\u2713 Norma: EN166<\/p>\n","protected":false},"featured_media":82526,"template":"","meta":{"_acf_changed":false,"neve_meta_sidebar":"","neve_meta_container":"","neve_meta_enable_content_width":"","neve_meta_content_width":0,"neve_meta_title_alignment":"","neve_meta_author_avatar":"","neve_post_elements_order":"","neve_meta_disable_header":"","neve_meta_disable_footer":"","neve_meta_disable_title":"","neve_meta_reading_time":"","_surfaces":[],"_ver_product_tabs":[],"footnotes":""},"product_brand":[],"product_cat":[3081],"product_tag":[],"class_list":{"0":"post-82476","1":"product","2":"type-product","3":"status-publish","4":"has-post-thumbnail","6":"product_cat-ekwipunek","8":"first","9":"instock","10":"taxable","11":"shipping-taxable","12":"purchasable","13":"product-type-simple"},"acf":[],"yoast_head":"<!-- This site is optimized with the Yoast SEO Premium plugin v22.8 (Yoast SEO v27.5) - https:\/\/yoast.com\/product\/yoast-seo-premium-wordpress\/ -->\n<title>Okulary ochronne ze zintegrowan\u0105 ochron\u0105 boczn\u0105 i regulowanymi zausznikami - versiegelung24.com<\/title>\n<meta name=\"robots\" content=\"index, follow, max-snippet:-1, max-image-preview:large, max-video-preview:-1\" \/>\n<link rel=\"canonical\" href=\"https:\/\/www.versiegelung24.com\/pl\/gogle-ochronne-ze-zintegrowanymi-oslonami-bocznymi-i-regulowanymi-ramkami.html\" \/>\n<meta property=\"og:locale\" content=\"pl_PL\" \/>\n<meta property=\"og:type\" content=\"article\" \/>\n<meta property=\"og:title\" content=\"Okulary ochronne ze zintegrowan\u0105 ochron\u0105 boczn\u0105 i regulowanymi zausznikami\" \/>\n<meta property=\"og:description\" content=\"\u2713 Optymalna ochrona przed uderzeniami i odpryskami \u2713 Regulowane rozmiary pask\u00f3w \u2713 Ochrona przednia i boczna \u2713 Norma: EN166\" \/>\n<meta property=\"og:url\" content=\"https:\/\/www.versiegelung24.com\/pl\/gogle-ochronne-ze-zintegrowanymi-oslonami-bocznymi-i-regulowanymi-ramkami.html\" \/>\n<meta property=\"og:site_name\" content=\"versiegelung24.com\" \/>\n<meta property=\"article:modified_time\" content=\"2025-01-13T16:10:25+00:00\" \/>\n<meta name=\"twitter:card\" content=\"summary_large_image\" \/>\n<meta name=\"twitter:label1\" content=\"Cena\" \/>\n\t<meta name=\"twitter:data1\" content=\"4,99&euro;\" \/>\n\t<meta name=\"twitter:label2\" content=\"Dost\u0119pno\u015b\u0107\" \/>\n\t<meta name=\"twitter:data2\" content=\"Dost\u0119pny\" \/>\n<script type=\"application\/ld+json\" class=\"yoast-schema-graph\">{\"@context\":\"https:\\\/\\\/schema.org\",\"@graph\":[{\"@type\":\"WebPage\",\"@id\":\"https:\\\/\\\/www.versiegelung24.com\\\/pl\\\/gogle-ochronne-ze-zintegrowanymi-oslonami-bocznymi-i-regulowanymi-ramkami.html\",\"url\":\"https:\\\/\\\/www.versiegelung24.com\\\/pl\\\/gogle-ochronne-ze-zintegrowanymi-oslonami-bocznymi-i-regulowanymi-ramkami.html\",\"name\":\"Okulary ochronne ze zintegrowan\u0105 ochron\u0105 boczn\u0105 i regulowanymi zausznikami - versiegelung24.com\",\"isPartOf\":{\"@id\":\"https:\\\/\\\/www.versiegelung24.com\\\/pl\\\/#website\"},\"primaryImageOfPage\":{\"@id\":\"https:\\\/\\\/www.versiegelung24.com\\\/pl\\\/gogle-ochronne-ze-zintegrowanymi-oslonami-bocznymi-i-regulowanymi-ramkami.html#primaryimage\"},\"image\":{\"@id\":\"https:\\\/\\\/www.versiegelung24.com\\\/pl\\\/gogle-ochronne-ze-zintegrowanymi-oslonami-bocznymi-i-regulowanymi-ramkami.html#primaryimage\"},\"thumbnailUrl\":\"https:\\\/\\\/www.versiegelung24.com\\\/wp-content\\\/uploads\\\/2022\\\/02\\\/produkt-v24-sbvari1-schutzbrille.jpg\",\"datePublished\":\"2022-02-23T12:57:10+00:00\",\"dateModified\":\"2025-01-13T16:10:25+00:00\",\"breadcrumb\":{\"@id\":\"https:\\\/\\\/www.versiegelung24.com\\\/pl\\\/gogle-ochronne-ze-zintegrowanymi-oslonami-bocznymi-i-regulowanymi-ramkami.html#breadcrumb\"},\"inLanguage\":\"pl-PL\",\"potentialAction\":[{\"@type\":\"ReadAction\",\"target\":[\"https:\\\/\\\/www.versiegelung24.com\\\/pl\\\/gogle-ochronne-ze-zintegrowanymi-oslonami-bocznymi-i-regulowanymi-ramkami.html\"]}]},{\"@type\":\"ImageObject\",\"inLanguage\":\"pl-PL\",\"@id\":\"https:\\\/\\\/www.versiegelung24.com\\\/pl\\\/gogle-ochronne-ze-zintegrowanymi-oslonami-bocznymi-i-regulowanymi-ramkami.html#primaryimage\",\"url\":\"https:\\\/\\\/www.versiegelung24.com\\\/wp-content\\\/uploads\\\/2022\\\/02\\\/produkt-v24-sbvari1-schutzbrille.jpg\",\"contentUrl\":\"https:\\\/\\\/www.versiegelung24.com\\\/wp-content\\\/uploads\\\/2022\\\/02\\\/produkt-v24-sbvari1-schutzbrille.jpg\",\"width\":2000,\"height\":2000},{\"@type\":\"BreadcrumbList\",\"@id\":\"https:\\\/\\\/www.versiegelung24.com\\\/pl\\\/gogle-ochronne-ze-zintegrowanymi-oslonami-bocznymi-i-regulowanymi-ramkami.html#breadcrumb\",\"itemListElement\":[{\"@type\":\"ListItem\",\"position\":1,\"name\":\"Strona g\u0142\u00f3wna\",\"item\":\"https:\\\/\\\/www.versiegelung24.com\\\/pl\\\/przod\\\/\"},{\"@type\":\"ListItem\",\"position\":2,\"name\":\"Sklep\",\"item\":\"https:\\\/\\\/www.versiegelung24.com\\\/pl\\\/sklep\\\/\"},{\"@type\":\"ListItem\",\"position\":3,\"name\":\"Okulary ochronne ze zintegrowan\u0105 ochron\u0105 boczn\u0105 i regulowanymi zausznikami\"}]},{\"@type\":\"WebSite\",\"@id\":\"https:\\\/\\\/www.versiegelung24.com\\\/pl\\\/#website\",\"url\":\"https:\\\/\\\/www.versiegelung24.com\\\/pl\\\/\",\"name\":\"versiegelung24.com\",\"description\":\"Fl\u00fcssigglas-Versiegelung - Made in Germany\",\"publisher\":{\"@id\":\"https:\\\/\\\/www.versiegelung24.com\\\/pl\\\/#organization\"},\"potentialAction\":[{\"@type\":\"SearchAction\",\"target\":{\"@type\":\"EntryPoint\",\"urlTemplate\":\"https:\\\/\\\/www.versiegelung24.com\\\/pl\\\/?s={search_term_string}\"},\"query-input\":{\"@type\":\"PropertyValueSpecification\",\"valueRequired\":true,\"valueName\":\"search_term_string\"}}],\"inLanguage\":\"pl-PL\"},{\"@type\":\"Organization\",\"@id\":\"https:\\\/\\\/www.versiegelung24.com\\\/pl\\\/#organization\",\"name\":\"versiegelung24\",\"url\":\"https:\\\/\\\/www.versiegelung24.com\\\/pl\\\/\",\"logo\":{\"@type\":\"ImageObject\",\"inLanguage\":\"pl-PL\",\"@id\":\"https:\\\/\\\/www.versiegelung24.com\\\/pl\\\/#\\\/schema\\\/logo\\\/image\\\/\",\"url\":\"https:\\\/\\\/www.versiegelung24.com\\\/wp-content\\\/uploads\\\/2020\\\/04\\\/versiegelung24.png\",\"contentUrl\":\"https:\\\/\\\/www.versiegelung24.com\\\/wp-content\\\/uploads\\\/2020\\\/04\\\/versiegelung24.png\",\"width\":470,\"height\":102,\"caption\":\"versiegelung24\"},\"image\":{\"@id\":\"https:\\\/\\\/www.versiegelung24.com\\\/pl\\\/#\\\/schema\\\/logo\\\/image\\\/\"}}]}<\/script>\n<meta property=\"product:price:amount\" content=\"4.99\" \/>\n<meta property=\"product:price:currency\" content=\"EUR\" \/>\n<meta property=\"og:availability\" content=\"instock\" \/>\n<meta property=\"product:availability\" content=\"instock\" \/>\n<meta property=\"product:retailer_item_id\" content=\"V24-SBVARI1\" \/>\n<meta property=\"product:condition\" content=\"new\" \/>\n<!-- \/ Yoast SEO Premium plugin. -->","yoast_head_json":{"title":"Okulary ochronne ze zintegrowan\u0105 ochron\u0105 boczn\u0105 i regulowanymi zausznikami - versiegelung24.com","robots":{"index":"index","follow":"follow","max-snippet":"max-snippet:-1","max-image-preview":"max-image-preview:large","max-video-preview":"max-video-preview:-1"},"canonical":"https:\/\/www.versiegelung24.com\/pl\/gogle-ochronne-ze-zintegrowanymi-oslonami-bocznymi-i-regulowanymi-ramkami.html","og_locale":"pl_PL","og_type":"article","og_title":"Okulary ochronne ze zintegrowan\u0105 ochron\u0105 boczn\u0105 i regulowanymi zausznikami","og_description":"\u2713 Optymalna ochrona przed uderzeniami i odpryskami \u2713 Regulowane rozmiary pask\u00f3w \u2713 Ochrona przednia i boczna \u2713 Norma: EN166","og_url":"https:\/\/www.versiegelung24.com\/pl\/gogle-ochronne-ze-zintegrowanymi-oslonami-bocznymi-i-regulowanymi-ramkami.html","og_site_name":"versiegelung24.com","article_modified_time":"2025-01-13T16:10:25+00:00","twitter_card":"summary_large_image","twitter_misc":{"Cena":"4,99&euro;","Dost\u0119pno\u015b\u0107":"Dost\u0119pny"},"schema":{"@context":"https:\/\/schema.org","@graph":[{"@type":"WebPage","@id":"https:\/\/www.versiegelung24.com\/pl\/gogle-ochronne-ze-zintegrowanymi-oslonami-bocznymi-i-regulowanymi-ramkami.html","url":"https:\/\/www.versiegelung24.com\/pl\/gogle-ochronne-ze-zintegrowanymi-oslonami-bocznymi-i-regulowanymi-ramkami.html","name":"Okulary ochronne ze zintegrowan\u0105 ochron\u0105 boczn\u0105 i regulowanymi zausznikami - versiegelung24.com","isPartOf":{"@id":"https:\/\/www.versiegelung24.com\/pl\/#website"},"primaryImageOfPage":{"@id":"https:\/\/www.versiegelung24.com\/pl\/gogle-ochronne-ze-zintegrowanymi-oslonami-bocznymi-i-regulowanymi-ramkami.html#primaryimage"},"image":{"@id":"https:\/\/www.versiegelung24.com\/pl\/gogle-ochronne-ze-zintegrowanymi-oslonami-bocznymi-i-regulowanymi-ramkami.html#primaryimage"},"thumbnailUrl":"https:\/\/www.versiegelung24.com\/wp-content\/uploads\/2022\/02\/produkt-v24-sbvari1-schutzbrille.jpg","datePublished":"2022-02-23T12:57:10+00:00","dateModified":"2025-01-13T16:10:25+00:00","breadcrumb":{"@id":"https:\/\/www.versiegelung24.com\/pl\/gogle-ochronne-ze-zintegrowanymi-oslonami-bocznymi-i-regulowanymi-ramkami.html#breadcrumb"},"inLanguage":"pl-PL","potentialAction":[{"@type":"ReadAction","target":["https:\/\/www.versiegelung24.com\/pl\/gogle-ochronne-ze-zintegrowanymi-oslonami-bocznymi-i-regulowanymi-ramkami.html"]}]},{"@type":"ImageObject","inLanguage":"pl-PL","@id":"https:\/\/www.versiegelung24.com\/pl\/gogle-ochronne-ze-zintegrowanymi-oslonami-bocznymi-i-regulowanymi-ramkami.html#primaryimage","url":"https:\/\/www.versiegelung24.com\/wp-content\/uploads\/2022\/02\/produkt-v24-sbvari1-schutzbrille.jpg","contentUrl":"https:\/\/www.versiegelung24.com\/wp-content\/uploads\/2022\/02\/produkt-v24-sbvari1-schutzbrille.jpg","width":2000,"height":2000},{"@type":"BreadcrumbList","@id":"https:\/\/www.versiegelung24.com\/pl\/gogle-ochronne-ze-zintegrowanymi-oslonami-bocznymi-i-regulowanymi-ramkami.html#breadcrumb","itemListElement":[{"@type":"ListItem","position":1,"name":"Strona g\u0142\u00f3wna","item":"https:\/\/www.versiegelung24.com\/pl\/przod\/"},{"@type":"ListItem","position":2,"name":"Sklep","item":"https:\/\/www.versiegelung24.com\/pl\/sklep\/"},{"@type":"ListItem","position":3,"name":"Okulary ochronne ze zintegrowan\u0105 ochron\u0105 boczn\u0105 i regulowanymi zausznikami"}]},{"@type":"WebSite","@id":"https:\/\/www.versiegelung24.com\/pl\/#website","url":"https:\/\/www.versiegelung24.com\/pl\/","name":"versiegelung24.com","description":"Fl\u00fcssigglas-Versiegelung - Made in Germany","publisher":{"@id":"https:\/\/www.versiegelung24.com\/pl\/#organization"},"potentialAction":[{"@type":"SearchAction","target":{"@type":"EntryPoint","urlTemplate":"https:\/\/www.versiegelung24.com\/pl\/?s={search_term_string}"},"query-input":{"@type":"PropertyValueSpecification","valueRequired":true,"valueName":"search_term_string"}}],"inLanguage":"pl-PL"},{"@type":"Organization","@id":"https:\/\/www.versiegelung24.com\/pl\/#organization","name":"versiegelung24","url":"https:\/\/www.versiegelung24.com\/pl\/","logo":{"@type":"ImageObject","inLanguage":"pl-PL","@id":"https:\/\/www.versiegelung24.com\/pl\/#\/schema\/logo\/image\/","url":"https:\/\/www.versiegelung24.com\/wp-content\/uploads\/2020\/04\/versiegelung24.png","contentUrl":"https:\/\/www.versiegelung24.com\/wp-content\/uploads\/2020\/04\/versiegelung24.png","width":470,"height":102,"caption":"versiegelung24"},"image":{"@id":"https:\/\/www.versiegelung24.com\/pl\/#\/schema\/logo\/image\/"}}]},"product_price_amount":"4.99","product_price_currency":"EUR","og_availability":"instock","product_availability":"instock","product_retailer_item_id":"V24-SBVARI1","product_condition":"new"},"_links":{"self":[{"href":"https:\/\/www.versiegelung24.com\/pl\/wp-json\/wp\/v2\/product\/82476","targetHints":{"allow":["GET"]}}],"collection":[{"href":"https:\/\/www.versiegelung24.com\/pl\/wp-json\/wp\/v2\/product"}],"about":[{"href":"https:\/\/www.versiegelung24.com\/pl\/wp-json\/wp\/v2\/types\/product"}],"version-history":[{"count":9,"href":"https:\/\/www.versiegelung24.com\/pl\/wp-json\/wp\/v2\/product\/82476\/revisions"}],"predecessor-version":[{"id":180784,"href":"https:\/\/www.versiegelung24.com\/pl\/wp-json\/wp\/v2\/product\/82476\/revisions\/180784"}],"wp:featuredmedia":[{"embeddable":true,"href":"https:\/\/www.versiegelung24.com\/pl\/wp-json\/wp\/v2\/media\/82526"}],"wp:attachment":[{"href":"https:\/\/www.versiegelung24.com\/pl\/wp-json\/wp\/v2\/media?parent=82476"}],"wp:term":[{"taxonomy":"product_brand","embeddable":true,"href":"https:\/\/www.versiegelung24.com\/pl\/wp-json\/wp\/v2\/product_brand?post=82476"},{"taxonomy":"product_cat","embeddable":true,"href":"https:\/\/www.versiegelung24.com\/pl\/wp-json\/wp\/v2\/product_cat?post=82476"},{"taxonomy":"product_tag","embeddable":true,"href":"https:\/\/www.versiegelung24.com\/pl\/wp-json\/wp\/v2\/product_tag?post=82476"}],"curies":[{"name":"wp","href":"https:\/\/api.w.org\/{rel}","templated":true}]}}