{"id":93757,"date":"2022-10-21T16:49:10","date_gmt":"2022-10-21T14:49:10","guid":{"rendered":"https:\/\/www.versiegelung24.com\/?post_type=product&#038;p=93757"},"modified":"2025-03-31T14:58:29","modified_gmt":"2025-03-31T12:58:29","slug":"aplikacja-gabka-95x40x23mm","status":"publish","type":"product","link":"https:\/\/www.versiegelung24.com\/pl\/sciereczka-z-mikrofibry-40x40cm-do-wstepnego-czyszczenia-lub-polerowania-zolta-kopie.html","title":{"rendered":"G\u0105bka do aplikacji 95x40x23mm"},"content":{"rendered":"\n<p>G\u0105bka do nak\u0142adania  <\/p>\n\n<p>Idealny do stosowania w po\u0142\u0105czeniu z nasz\u0105 <a href=\"https:\/\/www.versiegelung24.com\/applikationstuch-20x20cm.html\">\u015bciereczk\u0105 z mikrofibry do aplikacji naszych p\u0142ynnych uszczelniaczy do szk\u0142a<\/a>.<\/p>\n\n<p>Zalecamy u\u017cywanie oddzielnej \u015bciereczki z mikrofibry do ka\u017cdego etapu aplikacji naszych uszczelniaczy i impregnat\u00f3w powierzchniowych.<\/p>\n\n<p>Dzi\u0119ki zastosowaniu g\u0105bki aplikacyjnej w po\u0142\u0105czeniu z naszymi \u015bciereczkami z mikrofibry mo\u017cliwe jest dozowanie i optymalizacja aplikacji lub polerowania w zale\u017cno\u015bci od strony g\u0105bki, stanu powierzchni i zastosowanego nacisku.<\/p>\n\n<hr \/>\n\n<h4 class=\"wp-block-heading\" id=\"properties\">Cechy produktu<\/h4>\n\n<div class=\"wp-block-columns is-layout-flex wp-container-core-columns-is-layout-9d6595d7 wp-block-columns-is-layout-flex\">\n<div class=\"wp-block-column is-layout-flow wp-block-column-is-layout-flow\">\n<p>G\u0105bka do nak\u0142adania i polerowania Rozmiar: 95 x 40 x 23mm  <\/p>\n<\/div>\n\n\n\n<div class=\"wp-block-column is-layout-flow wp-block-column-is-layout-flow\">\n<p>Warstwa g\u00f3rna twarda 5mm bia\u0142a XPE 3000-33 Warstwa \u015brodkowa mi\u0119kka 18mm S2145 niebieska<\/p>\n<\/div>\n<\/div>\n\n<hr \/>\n\n<h4 class=\"wp-block-heading\" id=\"application\">Zastosowanie<\/h4>\n\n<p>Aby zastosowa\u0107 nasze uszczelniacze na g\u0142adkich, niech\u0142onnych powierzchniach, zalecamy po\u0142\u0105czenie ich z nasz\u0105 <a href=\"https:\/\/www.versiegelung24.com\/applikationstuch-20x20cm.html\">\u015bciereczk\u0105 z mikrofibry do nak\u0142adania naszych p\u0142ynnych uszczelniaczy do szk\u0142a<\/a>. Umie\u015bci\u0107 \u015bciereczk\u0119 z mikrofibry na bia\u0142ej, twardej stronie do nak\u0142adania uszczelniacza i na\u0142o\u017cy\u0107 uszczelniacz zgodnie z odpowiedni\u0105 instrukcj\u0105 aplikacji.<\/p>\n\n<p>W przypadku polerowania za pomoc\u0105 naszej <a href=\"https:\/\/www.versiegelung24.com\/pl\/sciereczka-z-mikrofibry-30x30cm-do-preparowania-lub-polerowania.html\">\u015bciereczki z mikrofibry 30&#215;30 cm do czyszczenia wst\u0119pnego lub polerowania<\/a>, nale\u017cy r\u00f3wnie\u017c umie\u015bci\u0107 \u015bciereczk\u0119 na g\u0105bce i u\u017cy\u0107 twardej lub mi\u0119kkiej strony g\u0105bki, w zale\u017cno\u015bci od stanu powierzchni i wymaga\u0144, aby uzyska\u0107 r\u00f3wnomierny nacisk na powi\u0119kszon\u0105 powierzchni\u0119.<\/p>\n","protected":false},"excerpt":{"rendered":"<p><strong>G\u0105bka do nak\u0142adania mas uszczelniaj\u0105cych<\/strong><\/p>\n<p>Wielokrotnego u\u017cytku<\/p>\n<p>Przyjazny dla \u015brodowiska<\/p>\n<p>Por\u0119czny<\/p>\n<p>\u2713 Twarda i mi\u0119kka strona<\/p>\n<p>\u2713 95x40x23mm<\/p>\n<p>&nbsp;<\/p>\n","protected":false},"featured_media":13265,"template":"","meta":{"_acf_changed":false,"neve_meta_sidebar":"","neve_meta_container":"","neve_meta_enable_content_width":"","neve_meta_content_width":0,"neve_meta_title_alignment":"","neve_meta_author_avatar":"","neve_post_elements_order":"","neve_meta_disable_header":"","neve_meta_disable_footer":"","neve_meta_disable_title":"","neve_meta_reading_time":"","_surfaces":[],"_ver_product_tabs":[],"footnotes":""},"product_brand":[],"product_cat":[2418,2458,2484,3081,2170,2219,2408],"product_tag":[],"class_list":{"0":"post-93757","1":"product","2":"type-product","3":"status-publish","4":"has-post-thumbnail","6":"product_cat-srodki-czystosci","7":"product_cat-srodki-do-dezynfekcji-powierzchni","8":"product_cat-uszczelka-uniwersalna","9":"product_cat-ekwipunek","10":"product_cat-uszczelnianie-samochodu","11":"product_cat-uszczelnianie-do-szkla-i-ceramiki","12":"product_cat-uszczelnienie-metalowe-i-plastikowe","14":"first","15":"instock","16":"taxable","17":"shipping-taxable","18":"purchasable","19":"product-type-simple"},"acf":[],"yoast_head":"<!-- This site is optimized with the Yoast SEO Premium plugin v22.8 (Yoast SEO v27.5) - https:\/\/yoast.com\/product\/yoast-seo-premium-wordpress\/ -->\n<title>G\u0105bka do aplikacji 95x40x23mm - versiegelung24.com<\/title>\n<meta name=\"description\" content=\"G\u0105bka aplikacyjna - idealna do nak\u0142adania naszych uszczelniaczy. Uniwersalne rozwi\u0105zanie w po\u0142\u0105czeniu z naszymi \u015bciereczkami z mikrofibry.\" \/>\n<meta name=\"robots\" content=\"index, follow, max-snippet:-1, max-image-preview:large, max-video-preview:-1\" \/>\n<link rel=\"canonical\" href=\"https:\/\/www.versiegelung24.com\/pl\/sciereczka-z-mikrofibry-40x40cm-do-wstepnego-czyszczenia-lub-polerowania-zolta-kopie.html\" \/>\n<meta property=\"og:locale\" content=\"pl_PL\" \/>\n<meta property=\"og:type\" content=\"article\" \/>\n<meta property=\"og:title\" content=\"G\u0105bka do aplikacji 95x40x23mm\" \/>\n<meta property=\"og:description\" content=\"G\u0105bka aplikacyjna - idealna do nak\u0142adania naszych uszczelniaczy. Uniwersalne rozwi\u0105zanie w po\u0142\u0105czeniu z naszymi \u015bciereczkami z mikrofibry.\" \/>\n<meta property=\"og:url\" content=\"https:\/\/www.versiegelung24.com\/pl\/sciereczka-z-mikrofibry-40x40cm-do-wstepnego-czyszczenia-lub-polerowania-zolta-kopie.html\" \/>\n<meta property=\"og:site_name\" content=\"versiegelung24.com\" \/>\n<meta property=\"article:modified_time\" content=\"2025-03-31T12:58:29+00:00\" \/>\n<meta property=\"og:image\" content=\"https:\/\/www.versiegelung24.com\/wp-content\/uploads\/2020\/04\/mikrofasertuch.png\" \/>\n\t<meta property=\"og:image:width\" content=\"1000\" \/>\n\t<meta property=\"og:image:height\" content=\"1000\" \/>\n\t<meta property=\"og:image:type\" content=\"image\/png\" \/>\n<meta name=\"twitter:card\" content=\"summary_large_image\" \/>\n<meta name=\"twitter:label1\" content=\"Cena\" \/>\n\t<meta name=\"twitter:data1\" content=\"1,99&euro;\" \/>\n\t<meta name=\"twitter:label2\" content=\"Dost\u0119pno\u015b\u0107\" \/>\n\t<meta name=\"twitter:data2\" content=\"Dost\u0119pny\" \/>\n<script type=\"application\/ld+json\" class=\"yoast-schema-graph\">{\"@context\":\"https:\\\/\\\/schema.org\",\"@graph\":[{\"@type\":\"WebPage\",\"@id\":\"https:\\\/\\\/www.versiegelung24.com\\\/pl\\\/sciereczka-z-mikrofibry-40x40cm-do-wstepnego-czyszczenia-lub-polerowania-zolta-kopie.html\",\"url\":\"https:\\\/\\\/www.versiegelung24.com\\\/pl\\\/sciereczka-z-mikrofibry-40x40cm-do-wstepnego-czyszczenia-lub-polerowania-zolta-kopie.html\",\"name\":\"G\u0105bka do aplikacji 95x40x23mm - versiegelung24.com\",\"isPartOf\":{\"@id\":\"https:\\\/\\\/www.versiegelung24.com\\\/pl\\\/#website\"},\"primaryImageOfPage\":{\"@id\":\"https:\\\/\\\/www.versiegelung24.com\\\/pl\\\/sciereczka-z-mikrofibry-40x40cm-do-wstepnego-czyszczenia-lub-polerowania-zolta-kopie.html#primaryimage\"},\"image\":{\"@id\":\"https:\\\/\\\/www.versiegelung24.com\\\/pl\\\/sciereczka-z-mikrofibry-40x40cm-do-wstepnego-czyszczenia-lub-polerowania-zolta-kopie.html#primaryimage\"},\"thumbnailUrl\":\"https:\\\/\\\/www.versiegelung24.com\\\/wp-content\\\/uploads\\\/2020\\\/04\\\/mikrofasertuch.png\",\"datePublished\":\"2022-10-21T14:49:10+00:00\",\"dateModified\":\"2025-03-31T12:58:29+00:00\",\"description\":\"G\u0105bka aplikacyjna - idealna do nak\u0142adania naszych uszczelniaczy. Uniwersalne rozwi\u0105zanie w po\u0142\u0105czeniu z naszymi \u015bciereczkami z mikrofibry.\",\"breadcrumb\":{\"@id\":\"https:\\\/\\\/www.versiegelung24.com\\\/pl\\\/sciereczka-z-mikrofibry-40x40cm-do-wstepnego-czyszczenia-lub-polerowania-zolta-kopie.html#breadcrumb\"},\"inLanguage\":\"pl-PL\",\"potentialAction\":[{\"@type\":\"ReadAction\",\"target\":[\"https:\\\/\\\/www.versiegelung24.com\\\/pl\\\/sciereczka-z-mikrofibry-40x40cm-do-wstepnego-czyszczenia-lub-polerowania-zolta-kopie.html\"]}]},{\"@type\":\"ImageObject\",\"inLanguage\":\"pl-PL\",\"@id\":\"https:\\\/\\\/www.versiegelung24.com\\\/pl\\\/sciereczka-z-mikrofibry-40x40cm-do-wstepnego-czyszczenia-lub-polerowania-zolta-kopie.html#primaryimage\",\"url\":\"https:\\\/\\\/www.versiegelung24.com\\\/wp-content\\\/uploads\\\/2020\\\/04\\\/mikrofasertuch.png\",\"contentUrl\":\"https:\\\/\\\/www.versiegelung24.com\\\/wp-content\\\/uploads\\\/2020\\\/04\\\/mikrofasertuch.png\",\"width\":1000,\"height\":1000},{\"@type\":\"BreadcrumbList\",\"@id\":\"https:\\\/\\\/www.versiegelung24.com\\\/pl\\\/sciereczka-z-mikrofibry-40x40cm-do-wstepnego-czyszczenia-lub-polerowania-zolta-kopie.html#breadcrumb\",\"itemListElement\":[{\"@type\":\"ListItem\",\"position\":1,\"name\":\"Strona g\u0142\u00f3wna\",\"item\":\"https:\\\/\\\/www.versiegelung24.com\\\/pl\\\/przod\\\/\"},{\"@type\":\"ListItem\",\"position\":2,\"name\":\"Sklep\",\"item\":\"https:\\\/\\\/www.versiegelung24.com\\\/pl\\\/sklep\\\/\"},{\"@type\":\"ListItem\",\"position\":3,\"name\":\"G\u0105bka do aplikacji 95x40x23mm\"}]},{\"@type\":\"WebSite\",\"@id\":\"https:\\\/\\\/www.versiegelung24.com\\\/pl\\\/#website\",\"url\":\"https:\\\/\\\/www.versiegelung24.com\\\/pl\\\/\",\"name\":\"versiegelung24.com\",\"description\":\"Fl\u00fcssigglas-Versiegelung - Made in Germany\",\"publisher\":{\"@id\":\"https:\\\/\\\/www.versiegelung24.com\\\/pl\\\/#organization\"},\"potentialAction\":[{\"@type\":\"SearchAction\",\"target\":{\"@type\":\"EntryPoint\",\"urlTemplate\":\"https:\\\/\\\/www.versiegelung24.com\\\/pl\\\/?s={search_term_string}\"},\"query-input\":{\"@type\":\"PropertyValueSpecification\",\"valueRequired\":true,\"valueName\":\"search_term_string\"}}],\"inLanguage\":\"pl-PL\"},{\"@type\":\"Organization\",\"@id\":\"https:\\\/\\\/www.versiegelung24.com\\\/pl\\\/#organization\",\"name\":\"versiegelung24\",\"url\":\"https:\\\/\\\/www.versiegelung24.com\\\/pl\\\/\",\"logo\":{\"@type\":\"ImageObject\",\"inLanguage\":\"pl-PL\",\"@id\":\"https:\\\/\\\/www.versiegelung24.com\\\/pl\\\/#\\\/schema\\\/logo\\\/image\\\/\",\"url\":\"https:\\\/\\\/www.versiegelung24.com\\\/wp-content\\\/uploads\\\/2020\\\/04\\\/versiegelung24.png\",\"contentUrl\":\"https:\\\/\\\/www.versiegelung24.com\\\/wp-content\\\/uploads\\\/2020\\\/04\\\/versiegelung24.png\",\"width\":470,\"height\":102,\"caption\":\"versiegelung24\"},\"image\":{\"@id\":\"https:\\\/\\\/www.versiegelung24.com\\\/pl\\\/#\\\/schema\\\/logo\\\/image\\\/\"}}]}<\/script>\n<meta property=\"product:price:amount\" content=\"1.99\" \/>\n<meta property=\"product:price:currency\" content=\"EUR\" \/>\n<meta property=\"og:availability\" content=\"instock\" \/>\n<meta property=\"product:availability\" content=\"instock\" \/>\n<meta property=\"product:retailer_item_id\" content=\"V24-9010-1\" \/>\n<meta property=\"product:condition\" content=\"new\" \/>\n<!-- \/ Yoast SEO Premium plugin. -->","yoast_head_json":{"title":"G\u0105bka do aplikacji 95x40x23mm - versiegelung24.com","description":"G\u0105bka aplikacyjna - idealna do nak\u0142adania naszych uszczelniaczy. Uniwersalne rozwi\u0105zanie w po\u0142\u0105czeniu z naszymi \u015bciereczkami z mikrofibry.","robots":{"index":"index","follow":"follow","max-snippet":"max-snippet:-1","max-image-preview":"max-image-preview:large","max-video-preview":"max-video-preview:-1"},"canonical":"https:\/\/www.versiegelung24.com\/pl\/sciereczka-z-mikrofibry-40x40cm-do-wstepnego-czyszczenia-lub-polerowania-zolta-kopie.html","og_locale":"pl_PL","og_type":"article","og_title":"G\u0105bka do aplikacji 95x40x23mm","og_description":"G\u0105bka aplikacyjna - idealna do nak\u0142adania naszych uszczelniaczy. Uniwersalne rozwi\u0105zanie w po\u0142\u0105czeniu z naszymi \u015bciereczkami z mikrofibry.","og_url":"https:\/\/www.versiegelung24.com\/pl\/sciereczka-z-mikrofibry-40x40cm-do-wstepnego-czyszczenia-lub-polerowania-zolta-kopie.html","og_site_name":"versiegelung24.com","article_modified_time":"2025-03-31T12:58:29+00:00","og_image":[{"width":1000,"height":1000,"url":"https:\/\/www.versiegelung24.com\/wp-content\/uploads\/2020\/04\/mikrofasertuch.png","type":"image\/png"}],"twitter_card":"summary_large_image","twitter_misc":{"Cena":"1,99&euro;","Dost\u0119pno\u015b\u0107":"Dost\u0119pny"},"schema":{"@context":"https:\/\/schema.org","@graph":[{"@type":"WebPage","@id":"https:\/\/www.versiegelung24.com\/pl\/sciereczka-z-mikrofibry-40x40cm-do-wstepnego-czyszczenia-lub-polerowania-zolta-kopie.html","url":"https:\/\/www.versiegelung24.com\/pl\/sciereczka-z-mikrofibry-40x40cm-do-wstepnego-czyszczenia-lub-polerowania-zolta-kopie.html","name":"G\u0105bka do aplikacji 95x40x23mm - versiegelung24.com","isPartOf":{"@id":"https:\/\/www.versiegelung24.com\/pl\/#website"},"primaryImageOfPage":{"@id":"https:\/\/www.versiegelung24.com\/pl\/sciereczka-z-mikrofibry-40x40cm-do-wstepnego-czyszczenia-lub-polerowania-zolta-kopie.html#primaryimage"},"image":{"@id":"https:\/\/www.versiegelung24.com\/pl\/sciereczka-z-mikrofibry-40x40cm-do-wstepnego-czyszczenia-lub-polerowania-zolta-kopie.html#primaryimage"},"thumbnailUrl":"https:\/\/www.versiegelung24.com\/wp-content\/uploads\/2020\/04\/mikrofasertuch.png","datePublished":"2022-10-21T14:49:10+00:00","dateModified":"2025-03-31T12:58:29+00:00","description":"G\u0105bka aplikacyjna - idealna do nak\u0142adania naszych uszczelniaczy. Uniwersalne rozwi\u0105zanie w po\u0142\u0105czeniu z naszymi \u015bciereczkami z mikrofibry.","breadcrumb":{"@id":"https:\/\/www.versiegelung24.com\/pl\/sciereczka-z-mikrofibry-40x40cm-do-wstepnego-czyszczenia-lub-polerowania-zolta-kopie.html#breadcrumb"},"inLanguage":"pl-PL","potentialAction":[{"@type":"ReadAction","target":["https:\/\/www.versiegelung24.com\/pl\/sciereczka-z-mikrofibry-40x40cm-do-wstepnego-czyszczenia-lub-polerowania-zolta-kopie.html"]}]},{"@type":"ImageObject","inLanguage":"pl-PL","@id":"https:\/\/www.versiegelung24.com\/pl\/sciereczka-z-mikrofibry-40x40cm-do-wstepnego-czyszczenia-lub-polerowania-zolta-kopie.html#primaryimage","url":"https:\/\/www.versiegelung24.com\/wp-content\/uploads\/2020\/04\/mikrofasertuch.png","contentUrl":"https:\/\/www.versiegelung24.com\/wp-content\/uploads\/2020\/04\/mikrofasertuch.png","width":1000,"height":1000},{"@type":"BreadcrumbList","@id":"https:\/\/www.versiegelung24.com\/pl\/sciereczka-z-mikrofibry-40x40cm-do-wstepnego-czyszczenia-lub-polerowania-zolta-kopie.html#breadcrumb","itemListElement":[{"@type":"ListItem","position":1,"name":"Strona g\u0142\u00f3wna","item":"https:\/\/www.versiegelung24.com\/pl\/przod\/"},{"@type":"ListItem","position":2,"name":"Sklep","item":"https:\/\/www.versiegelung24.com\/pl\/sklep\/"},{"@type":"ListItem","position":3,"name":"G\u0105bka do aplikacji 95x40x23mm"}]},{"@type":"WebSite","@id":"https:\/\/www.versiegelung24.com\/pl\/#website","url":"https:\/\/www.versiegelung24.com\/pl\/","name":"versiegelung24.com","description":"Fl\u00fcssigglas-Versiegelung - Made in Germany","publisher":{"@id":"https:\/\/www.versiegelung24.com\/pl\/#organization"},"potentialAction":[{"@type":"SearchAction","target":{"@type":"EntryPoint","urlTemplate":"https:\/\/www.versiegelung24.com\/pl\/?s={search_term_string}"},"query-input":{"@type":"PropertyValueSpecification","valueRequired":true,"valueName":"search_term_string"}}],"inLanguage":"pl-PL"},{"@type":"Organization","@id":"https:\/\/www.versiegelung24.com\/pl\/#organization","name":"versiegelung24","url":"https:\/\/www.versiegelung24.com\/pl\/","logo":{"@type":"ImageObject","inLanguage":"pl-PL","@id":"https:\/\/www.versiegelung24.com\/pl\/#\/schema\/logo\/image\/","url":"https:\/\/www.versiegelung24.com\/wp-content\/uploads\/2020\/04\/versiegelung24.png","contentUrl":"https:\/\/www.versiegelung24.com\/wp-content\/uploads\/2020\/04\/versiegelung24.png","width":470,"height":102,"caption":"versiegelung24"},"image":{"@id":"https:\/\/www.versiegelung24.com\/pl\/#\/schema\/logo\/image\/"}}]},"product_price_amount":"1.99","product_price_currency":"EUR","og_availability":"instock","product_availability":"instock","product_retailer_item_id":"V24-9010-1","product_condition":"new"},"_links":{"self":[{"href":"https:\/\/www.versiegelung24.com\/pl\/wp-json\/wp\/v2\/product\/93757","targetHints":{"allow":["GET"]}}],"collection":[{"href":"https:\/\/www.versiegelung24.com\/pl\/wp-json\/wp\/v2\/product"}],"about":[{"href":"https:\/\/www.versiegelung24.com\/pl\/wp-json\/wp\/v2\/types\/product"}],"version-history":[{"count":11,"href":"https:\/\/www.versiegelung24.com\/pl\/wp-json\/wp\/v2\/product\/93757\/revisions"}],"predecessor-version":[{"id":180675,"href":"https:\/\/www.versiegelung24.com\/pl\/wp-json\/wp\/v2\/product\/93757\/revisions\/180675"}],"wp:featuredmedia":[{"embeddable":true,"href":"https:\/\/www.versiegelung24.com\/pl\/wp-json\/wp\/v2\/media\/13265"}],"wp:attachment":[{"href":"https:\/\/www.versiegelung24.com\/pl\/wp-json\/wp\/v2\/media?parent=93757"}],"wp:term":[{"taxonomy":"product_brand","embeddable":true,"href":"https:\/\/www.versiegelung24.com\/pl\/wp-json\/wp\/v2\/product_brand?post=93757"},{"taxonomy":"product_cat","embeddable":true,"href":"https:\/\/www.versiegelung24.com\/pl\/wp-json\/wp\/v2\/product_cat?post=93757"},{"taxonomy":"product_tag","embeddable":true,"href":"https:\/\/www.versiegelung24.com\/pl\/wp-json\/wp\/v2\/product_tag?post=93757"}],"curies":[{"name":"wp","href":"https:\/\/api.w.org\/{rel}","templated":true}]}}