{"id":95203,"date":"2022-12-01T15:45:36","date_gmt":"2022-12-01T14:45:40","guid":{"rendered":"https:\/\/www.versiegelung24.com\/?post_type=product&#038;p=95203"},"modified":"2023-06-19T16:33:14","modified_gmt":"2023-06-19T14:33:14","slug":"tiosept-sg-55-dlugotrwala-ochrona-powierzchni-20-zestawow-na-1m%c2%b2-kazdy-kopie","status":"publish","type":"product","link":"https:\/\/www.versiegelung24.com\/pl\/product\/tiosept-sg-55-dlugotrwala-ochrona-powierzchni-20-zestawow-na-1m%c2%b2-kazdy-kopie\/","title":{"rendered":"TiOSEPT\u00ae SG-55 D\u0142ugotrwa\u0142a ochrona powierzchni, 10 zestaw\u00f3w na 2m\u00b2 ka\u017cdy"},"content":{"rendered":"\n<p><strong>Antybakteryjny p\u0142ynny uszczelniacz do szk\u0142a<\/strong> <strong>skuteczny do 18 miesi\u0119cy<\/strong> &#8211; 10 gotowych do u\u017cycia zestaw\u00f3w saszetek na 2m\u00b2 powierzchni ka\u017cda.  <\/p>\n\n<p><strong>D\u0142ugotrwa\u0142a ochrona powierzchni odpowiednia dla g\u0142adkich powierzchni<\/strong>: Szk\u0142o, stal nierdzewna, aluminium i impregnowane drewno<\/p>\n\n<hr\/>\n<h4 class=\"wp-block-heading\" id=\"properties\">w\u0142a\u015bciwo\u015bci produktu<\/h4>\n\n<div class=\"wp-block-columns is-layout-flex wp-container-core-columns-is-layout-9d6595d7 wp-block-columns-is-layout-flex\">\n<div class=\"wp-block-column is-layout-flow wp-block-column-is-layout-flow\">\n<ul class=\"wp-block-list\"><li>Eliminuje bakterie (E.coli, S. aureus) i wirusy otoczkowe (wirus Corona, Ebola, Rota) do 99,99%.<\/li><li>Zapobiega kolonizacji dro\u017cd\u017cy i grzyb\u00f3w ple\u015bniowych<\/li><li>Testowany dermatologicznie &#8220;bardzo dobry<\/li><li>Powierzchnie staj\u0105 si\u0119 \u0142atwiejsze i szybsze do czyszczenia (&#8220;easy-to-clean&#8221;)<\/li><li>Do u\u017cytku wewn\u0105trz i na zewn\u0105trz<\/li><li>Odporny na \u015bcieranie (zwi\u0119kszona odporno\u015b\u0107 na zarysowania)<\/li><li>Prosta i szybka aplikacja<\/li><li>Twardo\u015b\u0107 powierzchni na szkle 9H (test T\u00dcV wg MSZ EN ISO 15184:2013)<\/li><li>Twardo\u015b\u0107 na zarysowania na szkle 10N (test T\u00dcV wg MSZ 9640\/41:1983)<\/li><li>K\u0105t kontaktu 95\u00b0 na szkle i 91\u00b0 na stali nierdzewnej, po 10.000 cykli mycia 92\u00b0 + 85\u00b0 (testowane przez T\u00dcV z wod\u0105)<\/li><\/ul><\/div>\n\n\n\n<div class=\"wp-block-column is-layout-flow wp-block-column-is-layout-flow\">\n<ul class=\"wp-block-list\"><li>Grubo\u015b\u0107 warstwy ok. 20 nm (nanometr\u00f3w)<\/li><li>Chropowato\u015b\u0107: 6 nm na powierzchni<\/li><li>Saszetki (indywidualnie pakowane chusteczki nawil\u017cane)<\/li><li>Saszetka 1: \u015aciereczka do czyszczenia wst\u0119pnego, nas\u0105czona IPA (izopropanol) 99%.<\/li><li>Saszetka 2: Szmatka uszczelniaj\u0105ca nas\u0105czona TiOSEPT\u00ae SG-55<\/li><li>W\u0142\u00f3knina wiskozowa, nie zawieraj\u0105ca tworzyw sztucznych, 60 g\/m\u00b2<\/li><li>Rozmiar tkaniny 150 x 240 mm<\/li><li>Jedna \u015bciereczka wystarcza na ok. 2 m\u00b2<\/li><li>BAUA-Reg.No. N-104947<\/li><\/ul><\/div>\n<\/div>\n\n<hr\/>\n<h4 class=\"wp-block-heading\" id=\"application\">aplikacja<\/h4>\n\n<p><strong>TiOSEPT\u00ae SG-55 <\/strong>zestaw gotowych do u\u017cycia saszetek do g\u0142adkich powierzchni szk\u0142o, stal nierdzewna, stal, tworzywo sztuczne aluminium i impregnowane drewno<\/p>\n\n<h5 class=\"wp-block-heading\">Wst\u0119pne czyszczenie<\/h5>\n\n<p>Zaleca si\u0119 stosowanie jednorazowych r\u0119kawic ochronnych. Temperatura stosowania 5 &#8211; 35\u00b0C.<\/p>\n\n<ol class=\"wp-block-list\"><li>Szczeg\u00f3lnie dok\u0142adnie oczy\u015bci\u0107 powierzchni\u0119 za pomoc\u0105 dost\u0119pnych w handlu \u015brodk\u00f3w czyszcz\u0105cych. Im lepsze czyszczenie, tym d\u0142u\u017cej b\u0119dzie trwa\u0142a uszczelka. Nast\u0119pnie wysuszy\u0107 powierzchni\u0119.<\/li><li>Wyjmij z saszetki \u015bciereczk\u0119 do wst\u0119pnego czyszczenia alkoholem i dok\u0142adnie odt\u0142u\u015b\u0107 ni\u0105 powierzchni\u0119.<\/li><li>Powierzchnia min. Pozostawi\u0107 do wyschni\u0119cia na 1 minut\u0119.<\/li><\/ol>\n<h5 class=\"wp-block-heading\">Uszczelnianie<\/h5>\n\n<p>Zaleca si\u0119 stosowanie jednorazowych r\u0119kawic ochronnych. Temperatura stosowania 5 &#8211; 35\u00b0C.<\/p>\n\n<ol class=\"wp-block-list\"><li>Wyj\u0105\u0107 \u015bciereczk\u0119 uszczelniaj\u0105c\u0105 z saszetki i przetrze\u0107 powierzchni\u0119 raz w pionie, raz w poziomie. \u015aciereczka wystarcza na ok. 2m\u00b2. Wa\u017cne jest, aby pracowa\u0107 szybko, poniewa\u017c \u015bciereczka jest sucha po oko\u0142o 90 sekundach.<\/li><li>Pozostawi\u0107 powierzchni\u0119 do wyschni\u0119cia na co najmniej 2 minuty (poni\u017cej 15\u00b0C = 10 minut), nie dotyka\u0107 przez 10 minut. Pe\u0142ne utwardzenie po 10 godzinach. W razie potrzeby powt\u00f3rzy\u0107 aplikacj\u0119. W przypadku lekkiego szarego nalotu mo\u017cna go ostro\u017cnie wypolerowa\u0107 \u015bciereczk\u0105 z mikrofibry.<\/li><\/ol>\n<p>Powierzchnie plastikowe staj\u0105 si\u0119 antybakteryjne i uzyskuj\u0105 zwi\u0119kszon\u0105 hydrofobowo\u015b\u0107, odporno\u015b\u0107 na zarysowania nie ulega zmianie. Nie zaleca si\u0119 stosowania na poliw\u0119glanie i pleksiglasie\u00ae.<\/p>\n\n<h5 class=\"wp-block-heading\" id=\"gebrauch\">magazynowanie<\/h5>\n\n<p>TiOSEPT\u00ae SG-55 Przechowywa\u0107 w temperaturze od +5 do +25\u00b0C. Chroni\u0107 przed mrozem i bezpo\u015brednim dzia\u0142aniem promieni s\u0142onecznych.<\/p>\n","protected":false},"excerpt":{"rendered":"<p><strong>Antybakteryjna d\u0142ugotrwa\u0142a ochrona do 18 miesi\u0119cy<\/strong> <strong>do g\u0142adkich powierzchni<\/strong><\/p>\n<p>\u2713 Przezroczysty i niewidoczny<\/p>\n<p>\u2713 Wodoodporny<\/p>\n<p>Testowane przez niezale\u017cne instytuty badawcze<\/p>\n<p>\u2713 Gotowe do u\u017cycia zestawy saszetek do wst\u0119pnego czyszczenia i zgrzewania<\/p>\n","protected":false},"featured_media":94930,"template":"","meta":{"_acf_changed":false,"neve_meta_sidebar":"","neve_meta_container":"","neve_meta_enable_content_width":"","neve_meta_content_width":0,"neve_meta_title_alignment":"","neve_meta_author_avatar":"","neve_post_elements_order":"","neve_meta_disable_header":"","neve_meta_disable_footer":"","neve_meta_disable_title":"","neve_meta_reading_time":"","_surfaces":[],"_ver_product_tabs":[],"footnotes":""},"product_brand":[],"product_cat":[2219,2407,2408,2458,2484,3008],"product_tag":[],"class_list":{"0":"post-95203","1":"product","2":"type-product","3":"status-publish","4":"has-post-thumbnail","6":"product_cat-uszczelnianie-do-szkla-i-ceramiki","7":"product_cat-srodki-dezynfekujace","8":"product_cat-uszczelnienie-metalowe-i-plastikowe","9":"product_cat-srodki-do-dezynfekcji-powierzchni","10":"product_cat-uszczelka-uniwersalna","11":"product_cat-srodek-dezynfekujacy-do-telefonow-komorkowych","13":"first","14":"onbackorder","15":"taxable","16":"shipping-taxable","17":"purchasable","18":"product-type-simple"},"acf":[],"yoast_head":"<!-- This site is optimized with the Yoast SEO Premium plugin v22.8 (Yoast SEO v27.5) - https:\/\/yoast.com\/product\/yoast-seo-premium-wordpress\/ -->\n<title>TiOSEPT\u00ae SG-55 D\u0142ugotrwa\u0142a ochrona powierzchni, 10 zestaw\u00f3w na 2m\u00b2 ka\u017cdy - versiegelung24.com<\/title>\n<meta name=\"robots\" content=\"index, follow, max-snippet:-1, max-image-preview:large, max-video-preview:-1\" \/>\n<link rel=\"canonical\" href=\"https:\/\/www.versiegelung24.com\/pl\/product\/tiosept-sg-55-dlugotrwala-ochrona-powierzchni-20-zestawow-na-1m%c2%b2-kazdy-kopie\/\" \/>\n<meta property=\"og:locale\" content=\"pl_PL\" \/>\n<meta property=\"og:type\" content=\"article\" \/>\n<meta property=\"og:title\" content=\"TiOSEPT\u00ae SG-55 D\u0142ugotrwa\u0142a ochrona powierzchni, 10 zestaw\u00f3w na 2m\u00b2 ka\u017cdy\" \/>\n<meta property=\"og:description\" content=\"Antybakteryjna d\u0142ugotrwa\u0142a ochrona do 18 miesi\u0119cy do g\u0142adkich powierzchni \u2713 Przezroczysty i niewidoczny \u2713 Wodoodporny Testowane przez niezale\u017cne instytuty badawcze \u2713 Gotowe do u\u017cycia zestawy saszetek do wst\u0119pnego czyszczenia i zgrzewania\" \/>\n<meta property=\"og:url\" content=\"https:\/\/www.versiegelung24.com\/pl\/product\/tiosept-sg-55-dlugotrwala-ochrona-powierzchni-20-zestawow-na-1m%c2%b2-kazdy-kopie\/\" \/>\n<meta property=\"og:site_name\" content=\"versiegelung24.com\" \/>\n<meta property=\"article:modified_time\" content=\"2023-06-19T14:33:14+00:00\" \/>\n<meta property=\"og:image\" content=\"https:\/\/www.versiegelung24.com\/wp-content\/uploads\/2020\/04\/produkt-BACTUE-bacoban-front.jpg\" \/>\n\t<meta property=\"og:image:width\" content=\"2000\" \/>\n\t<meta property=\"og:image:height\" content=\"2000\" \/>\n\t<meta property=\"og:image:type\" content=\"image\/jpeg\" \/>\n<meta name=\"twitter:card\" content=\"summary_large_image\" \/>\n<meta name=\"twitter:label1\" content=\"Cena\" \/>\n\t<meta name=\"twitter:data1\" content=\"78,99&euro;\" \/>\n\t<meta name=\"twitter:label2\" content=\"Dost\u0119pno\u015b\u0107\" \/>\n\t<meta name=\"twitter:data2\" content=\"Na zam\u00f3wienie\" \/>\n<script type=\"application\/ld+json\" class=\"yoast-schema-graph\">{\"@context\":\"https:\\\/\\\/schema.org\",\"@graph\":[{\"@type\":\"WebPage\",\"@id\":\"https:\\\/\\\/www.versiegelung24.com\\\/pl\\\/product\\\/tiosept-sg-55-dlugotrwala-ochrona-powierzchni-20-zestawow-na-1m%c2%b2-kazdy-kopie\\\/\",\"url\":\"https:\\\/\\\/www.versiegelung24.com\\\/pl\\\/product\\\/tiosept-sg-55-dlugotrwala-ochrona-powierzchni-20-zestawow-na-1m%c2%b2-kazdy-kopie\\\/\",\"name\":\"TiOSEPT\u00ae SG-55 D\u0142ugotrwa\u0142a ochrona powierzchni, 10 zestaw\u00f3w na 2m\u00b2 ka\u017cdy - versiegelung24.com\",\"isPartOf\":{\"@id\":\"https:\\\/\\\/www.versiegelung24.com\\\/pl\\\/#website\"},\"primaryImageOfPage\":{\"@id\":\"https:\\\/\\\/www.versiegelung24.com\\\/pl\\\/product\\\/tiosept-sg-55-dlugotrwala-ochrona-powierzchni-20-zestawow-na-1m%c2%b2-kazdy-kopie\\\/#primaryimage\"},\"image\":{\"@id\":\"https:\\\/\\\/www.versiegelung24.com\\\/pl\\\/product\\\/tiosept-sg-55-dlugotrwala-ochrona-powierzchni-20-zestawow-na-1m%c2%b2-kazdy-kopie\\\/#primaryimage\"},\"thumbnailUrl\":\"https:\\\/\\\/www.versiegelung24.com\\\/wp-content\\\/uploads\\\/2022\\\/11\\\/Tiosept-Schachtel-rechts.jpg\",\"datePublished\":\"2022-12-01T14:45:40+00:00\",\"dateModified\":\"2023-06-19T14:33:14+00:00\",\"breadcrumb\":{\"@id\":\"https:\\\/\\\/www.versiegelung24.com\\\/pl\\\/product\\\/tiosept-sg-55-dlugotrwala-ochrona-powierzchni-20-zestawow-na-1m%c2%b2-kazdy-kopie\\\/#breadcrumb\"},\"inLanguage\":\"pl-PL\",\"potentialAction\":[{\"@type\":\"ReadAction\",\"target\":[\"https:\\\/\\\/www.versiegelung24.com\\\/pl\\\/product\\\/tiosept-sg-55-dlugotrwala-ochrona-powierzchni-20-zestawow-na-1m%c2%b2-kazdy-kopie\\\/\"]}]},{\"@type\":\"ImageObject\",\"inLanguage\":\"pl-PL\",\"@id\":\"https:\\\/\\\/www.versiegelung24.com\\\/pl\\\/product\\\/tiosept-sg-55-dlugotrwala-ochrona-powierzchni-20-zestawow-na-1m%c2%b2-kazdy-kopie\\\/#primaryimage\",\"url\":\"https:\\\/\\\/www.versiegelung24.com\\\/wp-content\\\/uploads\\\/2022\\\/11\\\/Tiosept-Schachtel-rechts.jpg\",\"contentUrl\":\"https:\\\/\\\/www.versiegelung24.com\\\/wp-content\\\/uploads\\\/2022\\\/11\\\/Tiosept-Schachtel-rechts.jpg\",\"width\":1668,\"height\":1568},{\"@type\":\"BreadcrumbList\",\"@id\":\"https:\\\/\\\/www.versiegelung24.com\\\/pl\\\/product\\\/tiosept-sg-55-dlugotrwala-ochrona-powierzchni-20-zestawow-na-1m%c2%b2-kazdy-kopie\\\/#breadcrumb\",\"itemListElement\":[{\"@type\":\"ListItem\",\"position\":1,\"name\":\"Strona g\u0142\u00f3wna\",\"item\":\"https:\\\/\\\/www.versiegelung24.com\\\/pl\\\/przod\\\/\"},{\"@type\":\"ListItem\",\"position\":2,\"name\":\"Sklep\",\"item\":\"https:\\\/\\\/www.versiegelung24.com\\\/pl\\\/sklep\\\/\"},{\"@type\":\"ListItem\",\"position\":3,\"name\":\"TiOSEPT\u00ae SG-55 D\u0142ugotrwa\u0142a ochrona powierzchni, 10 zestaw\u00f3w na 2m\u00b2 ka\u017cdy\"}]},{\"@type\":\"WebSite\",\"@id\":\"https:\\\/\\\/www.versiegelung24.com\\\/pl\\\/#website\",\"url\":\"https:\\\/\\\/www.versiegelung24.com\\\/pl\\\/\",\"name\":\"versiegelung24.com\",\"description\":\"Fl\u00fcssigglas-Versiegelung - Made in Germany\",\"publisher\":{\"@id\":\"https:\\\/\\\/www.versiegelung24.com\\\/pl\\\/#organization\"},\"potentialAction\":[{\"@type\":\"SearchAction\",\"target\":{\"@type\":\"EntryPoint\",\"urlTemplate\":\"https:\\\/\\\/www.versiegelung24.com\\\/pl\\\/?s={search_term_string}\"},\"query-input\":{\"@type\":\"PropertyValueSpecification\",\"valueRequired\":true,\"valueName\":\"search_term_string\"}}],\"inLanguage\":\"pl-PL\"},{\"@type\":\"Organization\",\"@id\":\"https:\\\/\\\/www.versiegelung24.com\\\/pl\\\/#organization\",\"name\":\"versiegelung24\",\"url\":\"https:\\\/\\\/www.versiegelung24.com\\\/pl\\\/\",\"logo\":{\"@type\":\"ImageObject\",\"inLanguage\":\"pl-PL\",\"@id\":\"https:\\\/\\\/www.versiegelung24.com\\\/pl\\\/#\\\/schema\\\/logo\\\/image\\\/\",\"url\":\"https:\\\/\\\/www.versiegelung24.com\\\/wp-content\\\/uploads\\\/2020\\\/04\\\/versiegelung24.png\",\"contentUrl\":\"https:\\\/\\\/www.versiegelung24.com\\\/wp-content\\\/uploads\\\/2020\\\/04\\\/versiegelung24.png\",\"width\":470,\"height\":102,\"caption\":\"versiegelung24\"},\"image\":{\"@id\":\"https:\\\/\\\/www.versiegelung24.com\\\/pl\\\/#\\\/schema\\\/logo\\\/image\\\/\"}}]}<\/script>\n<meta property=\"product:price:amount\" content=\"78.99\" \/>\n<meta property=\"product:price:currency\" content=\"EUR\" \/>\n<meta property=\"og:availability\" content=\"backorder\" \/>\n<meta property=\"product:availability\" content=\"available for order\" \/>\n<meta property=\"product:retailer_item_id\" content=\"TiOS-SG55-SA2-10\" \/>\n<meta property=\"product:condition\" content=\"new\" \/>\n<!-- \/ Yoast SEO Premium plugin. -->","yoast_head_json":{"title":"TiOSEPT\u00ae SG-55 D\u0142ugotrwa\u0142a ochrona powierzchni, 10 zestaw\u00f3w na 2m\u00b2 ka\u017cdy - versiegelung24.com","robots":{"index":"index","follow":"follow","max-snippet":"max-snippet:-1","max-image-preview":"max-image-preview:large","max-video-preview":"max-video-preview:-1"},"canonical":"https:\/\/www.versiegelung24.com\/pl\/product\/tiosept-sg-55-dlugotrwala-ochrona-powierzchni-20-zestawow-na-1m%c2%b2-kazdy-kopie\/","og_locale":"pl_PL","og_type":"article","og_title":"TiOSEPT\u00ae SG-55 D\u0142ugotrwa\u0142a ochrona powierzchni, 10 zestaw\u00f3w na 2m\u00b2 ka\u017cdy","og_description":"Antybakteryjna d\u0142ugotrwa\u0142a ochrona do 18 miesi\u0119cy do g\u0142adkich powierzchni \u2713 Przezroczysty i niewidoczny \u2713 Wodoodporny Testowane przez niezale\u017cne instytuty badawcze \u2713 Gotowe do u\u017cycia zestawy saszetek do wst\u0119pnego czyszczenia i zgrzewania","og_url":"https:\/\/www.versiegelung24.com\/pl\/product\/tiosept-sg-55-dlugotrwala-ochrona-powierzchni-20-zestawow-na-1m%c2%b2-kazdy-kopie\/","og_site_name":"versiegelung24.com","article_modified_time":"2023-06-19T14:33:14+00:00","og_image":[{"width":2000,"height":2000,"url":"https:\/\/www.versiegelung24.com\/wp-content\/uploads\/2020\/04\/produkt-BACTUE-bacoban-front.jpg","type":"image\/jpeg"}],"twitter_card":"summary_large_image","twitter_misc":{"Cena":"78,99&euro;","Dost\u0119pno\u015b\u0107":"Na zam\u00f3wienie"},"schema":{"@context":"https:\/\/schema.org","@graph":[{"@type":"WebPage","@id":"https:\/\/www.versiegelung24.com\/pl\/product\/tiosept-sg-55-dlugotrwala-ochrona-powierzchni-20-zestawow-na-1m%c2%b2-kazdy-kopie\/","url":"https:\/\/www.versiegelung24.com\/pl\/product\/tiosept-sg-55-dlugotrwala-ochrona-powierzchni-20-zestawow-na-1m%c2%b2-kazdy-kopie\/","name":"TiOSEPT\u00ae SG-55 D\u0142ugotrwa\u0142a ochrona powierzchni, 10 zestaw\u00f3w na 2m\u00b2 ka\u017cdy - versiegelung24.com","isPartOf":{"@id":"https:\/\/www.versiegelung24.com\/pl\/#website"},"primaryImageOfPage":{"@id":"https:\/\/www.versiegelung24.com\/pl\/product\/tiosept-sg-55-dlugotrwala-ochrona-powierzchni-20-zestawow-na-1m%c2%b2-kazdy-kopie\/#primaryimage"},"image":{"@id":"https:\/\/www.versiegelung24.com\/pl\/product\/tiosept-sg-55-dlugotrwala-ochrona-powierzchni-20-zestawow-na-1m%c2%b2-kazdy-kopie\/#primaryimage"},"thumbnailUrl":"https:\/\/www.versiegelung24.com\/wp-content\/uploads\/2022\/11\/Tiosept-Schachtel-rechts.jpg","datePublished":"2022-12-01T14:45:40+00:00","dateModified":"2023-06-19T14:33:14+00:00","breadcrumb":{"@id":"https:\/\/www.versiegelung24.com\/pl\/product\/tiosept-sg-55-dlugotrwala-ochrona-powierzchni-20-zestawow-na-1m%c2%b2-kazdy-kopie\/#breadcrumb"},"inLanguage":"pl-PL","potentialAction":[{"@type":"ReadAction","target":["https:\/\/www.versiegelung24.com\/pl\/product\/tiosept-sg-55-dlugotrwala-ochrona-powierzchni-20-zestawow-na-1m%c2%b2-kazdy-kopie\/"]}]},{"@type":"ImageObject","inLanguage":"pl-PL","@id":"https:\/\/www.versiegelung24.com\/pl\/product\/tiosept-sg-55-dlugotrwala-ochrona-powierzchni-20-zestawow-na-1m%c2%b2-kazdy-kopie\/#primaryimage","url":"https:\/\/www.versiegelung24.com\/wp-content\/uploads\/2022\/11\/Tiosept-Schachtel-rechts.jpg","contentUrl":"https:\/\/www.versiegelung24.com\/wp-content\/uploads\/2022\/11\/Tiosept-Schachtel-rechts.jpg","width":1668,"height":1568},{"@type":"BreadcrumbList","@id":"https:\/\/www.versiegelung24.com\/pl\/product\/tiosept-sg-55-dlugotrwala-ochrona-powierzchni-20-zestawow-na-1m%c2%b2-kazdy-kopie\/#breadcrumb","itemListElement":[{"@type":"ListItem","position":1,"name":"Strona g\u0142\u00f3wna","item":"https:\/\/www.versiegelung24.com\/pl\/przod\/"},{"@type":"ListItem","position":2,"name":"Sklep","item":"https:\/\/www.versiegelung24.com\/pl\/sklep\/"},{"@type":"ListItem","position":3,"name":"TiOSEPT\u00ae SG-55 D\u0142ugotrwa\u0142a ochrona powierzchni, 10 zestaw\u00f3w na 2m\u00b2 ka\u017cdy"}]},{"@type":"WebSite","@id":"https:\/\/www.versiegelung24.com\/pl\/#website","url":"https:\/\/www.versiegelung24.com\/pl\/","name":"versiegelung24.com","description":"Fl\u00fcssigglas-Versiegelung - Made in Germany","publisher":{"@id":"https:\/\/www.versiegelung24.com\/pl\/#organization"},"potentialAction":[{"@type":"SearchAction","target":{"@type":"EntryPoint","urlTemplate":"https:\/\/www.versiegelung24.com\/pl\/?s={search_term_string}"},"query-input":{"@type":"PropertyValueSpecification","valueRequired":true,"valueName":"search_term_string"}}],"inLanguage":"pl-PL"},{"@type":"Organization","@id":"https:\/\/www.versiegelung24.com\/pl\/#organization","name":"versiegelung24","url":"https:\/\/www.versiegelung24.com\/pl\/","logo":{"@type":"ImageObject","inLanguage":"pl-PL","@id":"https:\/\/www.versiegelung24.com\/pl\/#\/schema\/logo\/image\/","url":"https:\/\/www.versiegelung24.com\/wp-content\/uploads\/2020\/04\/versiegelung24.png","contentUrl":"https:\/\/www.versiegelung24.com\/wp-content\/uploads\/2020\/04\/versiegelung24.png","width":470,"height":102,"caption":"versiegelung24"},"image":{"@id":"https:\/\/www.versiegelung24.com\/pl\/#\/schema\/logo\/image\/"}}]},"product_price_amount":"78.99","product_price_currency":"EUR","og_availability":"backorder","product_availability":"available for order","product_retailer_item_id":"TiOS-SG55-SA2-10","product_condition":"new"},"_links":{"self":[{"href":"https:\/\/www.versiegelung24.com\/pl\/wp-json\/wp\/v2\/product\/95203","targetHints":{"allow":["GET"]}}],"collection":[{"href":"https:\/\/www.versiegelung24.com\/pl\/wp-json\/wp\/v2\/product"}],"about":[{"href":"https:\/\/www.versiegelung24.com\/pl\/wp-json\/wp\/v2\/types\/product"}],"version-history":[{"count":7,"href":"https:\/\/www.versiegelung24.com\/pl\/wp-json\/wp\/v2\/product\/95203\/revisions"}],"predecessor-version":[{"id":96487,"href":"https:\/\/www.versiegelung24.com\/pl\/wp-json\/wp\/v2\/product\/95203\/revisions\/96487"}],"wp:featuredmedia":[{"embeddable":true,"href":"https:\/\/www.versiegelung24.com\/pl\/wp-json\/wp\/v2\/media\/94930"}],"wp:attachment":[{"href":"https:\/\/www.versiegelung24.com\/pl\/wp-json\/wp\/v2\/media?parent=95203"}],"wp:term":[{"taxonomy":"product_brand","embeddable":true,"href":"https:\/\/www.versiegelung24.com\/pl\/wp-json\/wp\/v2\/product_brand?post=95203"},{"taxonomy":"product_cat","embeddable":true,"href":"https:\/\/www.versiegelung24.com\/pl\/wp-json\/wp\/v2\/product_cat?post=95203"},{"taxonomy":"product_tag","embeddable":true,"href":"https:\/\/www.versiegelung24.com\/pl\/wp-json\/wp\/v2\/product_tag?post=95203"}],"curies":[{"name":"wp","href":"https:\/\/api.w.org\/{rel}","templated":true}]}}