{"id":22146,"date":"2021-08-02T20:22:40","date_gmt":"2021-08-02T18:22:40","guid":{"rendered":"https:\/\/www.versiegelung24.com\/impressao"},"modified":"2024-05-05T11:01:02","modified_gmt":"2024-05-05T09:01:02","slug":"impressao","status":"publish","type":"page","link":"https:\/\/www.versiegelung24.com\/pt-pt\/impressao\/","title":{"rendered":"Impress\u00e3o"},"content":{"rendered":"\n<p><strong>Processamento de encomendas e pagamentos<\/strong><\/p>\n\n<p>Holger K\u00e4ding<br\/>An den Ellmen 14<br\/>53773 Hennef<br\/>Alemanha<\/p>\n\n<p>Tel.: 02242-9695650<br\/>E-mail: info@versiegelung24.com<br\/>N\u00famero de identifica\u00e7\u00e3o fiscal de acordo com o \u00a7 27 a da lei relativa ao imposto sobre as vendas: DE213785156<\/p>\n\n<p><strong>Detalhes da conta<\/strong><\/p>\n\n<p>Benefici\u00e1rio: Holger K\u00e4ding<br\/>IBAN: DE30370502990011006269<br\/>BIC\/SWIFT: COKSDE33<br\/>Caixa Econ\u00f3mica Distrital de Col\u00f3nia<\/p>\n\n<p><strong>Propriet\u00e1rio e respons\u00e1vel pelo conte\u00fado de acordo com o \u00a7 6 MDStV:<\/strong><\/p>\n\n<p>Bastian Walger &#8211; Marketing digital<br\/>Estaleiro Agrippina 6<br\/>50678 Col\u00f3nia<\/p>\n\n<p>N\u00famero de identifica\u00e7\u00e3o fiscal de acordo com o \u00a7 27 da lei relativa ao imposto sobre as vendas:<br\/>DE241077366<\/p>\n\n<p>Plataforma da Comiss\u00e3o Europeia para a resolu\u00e7\u00e3o de lit\u00edgios em linha: <a href=\"https:\/\/ec.europa.eu\/consumers\/odr\" target=\"_blank\" rel=\"noreferrer noopener\">www.ec.europa.eu\/consumers\/odr<\/a><\/p>\n\n<p>N\u00e3o somos obrigados nem dispostos a participar num processo de resolu\u00e7\u00e3o de lit\u00edgios perante um conselho de arbitragem de consumidores.<\/p>\n\n<p><strong>Cr\u00e9ditos da imagem<\/strong><\/p>\n\n<p>Removedor de graffiti -&gt; istockphoto \/ schfer<br\/>Revestimento protetor anti-graffiti -&gt; istockphoto \/ MachineHeadz<\/p>\n\n<p>Bykfa\/Depositphotos.com<br\/>iulal\/Depositphotos.com<br\/>hodim\/Depositphotos.com<br\/>sergiibaibak\/Depositphotos.com<br\/>HunterBliss\/Depositphotos.com<\/p>\n","protected":false},"excerpt":{"rendered":"<p>Processamento de encomendas e pagamentos Holger K\u00e4dingAn den Ellmen 1453773 HennefAlemanha Tel.: 02242-9695650E-mail: info@versiegelung24.comN\u00famero de identifica\u00e7\u00e3o fiscal de acordo com o \u00a7 27 a da lei relativa ao imposto sobre as vendas: DE213785156 Detalhes da conta Benefici\u00e1rio: Holger K\u00e4dingIBAN: DE30370502990011006269BIC\/SWIFT: COKSDE33Caixa Econ\u00f3mica Distrital de Col\u00f3nia Propriet\u00e1rio e respons\u00e1vel pelo conte\u00fado de acordo com o \u00a7&hellip;&nbsp;<a href=\"https:\/\/www.versiegelung24.com\/pt-pt\/impressao\/\" rel=\"bookmark\">Read More &raquo;<span class=\"screen-reader-text\">Impress\u00e3o<\/span><\/a><\/p>\n","protected":false},"author":932,"featured_media":70720,"parent":0,"menu_order":0,"comment_status":"closed","ping_status":"closed","template":"","meta":{"_acf_changed":false,"neve_meta_sidebar":"","neve_meta_container":"","neve_meta_enable_content_width":"","neve_meta_content_width":0,"neve_meta_title_alignment":"","neve_meta_author_avatar":"","neve_post_elements_order":"","neve_meta_disable_header":"","neve_meta_disable_footer":"","neve_meta_disable_title":"","neve_meta_reading_time":"","footnotes":""},"categories":[],"seiten_kategorie":[],"class_list":["post-22146","page","type-page","status-publish","has-post-thumbnail","hentry"],"acf":[],"yoast_head":"<!-- This site is optimized with the Yoast SEO Premium plugin v22.8 (Yoast SEO v27.5) - https:\/\/yoast.com\/product\/yoast-seo-premium-wordpress\/ -->\n<title>Impress\u00e3o - versiegelung24.com<\/title>\n<meta name=\"robots\" content=\"index, follow, max-snippet:-1, max-image-preview:large, max-video-preview:-1\" \/>\n<link rel=\"canonical\" href=\"https:\/\/www.versiegelung24.com\/pt-pt\/impressao\/\" \/>\n<meta property=\"og:locale\" content=\"pt_PT\" \/>\n<meta property=\"og:type\" content=\"article\" \/>\n<meta property=\"og:title\" content=\"Impress\u00e3o\" \/>\n<meta property=\"og:description\" content=\"Processamento de encomendas e pagamentos Holger K\u00e4dingAn den Ellmen 1453773 HennefAlemanha Tel.: 02242-9695650E-mail: info@versiegelung24.comN\u00famero de identifica\u00e7\u00e3o fiscal de acordo com o \u00a7 27 a da lei relativa ao imposto sobre as vendas: DE213785156 Detalhes da conta Benefici\u00e1rio: Holger K\u00e4dingIBAN: DE30370502990011006269BIC\/SWIFT: COKSDE33Caixa Econ\u00f3mica Distrital de Col\u00f3nia Propriet\u00e1rio e respons\u00e1vel pelo conte\u00fado de acordo com o \u00a7&hellip;&nbsp;Read More &raquo;Impress\u00e3o\" \/>\n<meta property=\"og:url\" content=\"https:\/\/www.versiegelung24.com\/pt-pt\/impressao\/\" \/>\n<meta property=\"og:site_name\" content=\"versiegelung24.com\" \/>\n<meta property=\"article:modified_time\" content=\"2024-05-05T09:01:02+00:00\" \/>\n<meta property=\"og:image\" content=\"https:\/\/www.versiegelung24.com\/wp-content\/uploads\/2022\/02\/Impressum.png\" \/>\n\t<meta property=\"og:image:width\" content=\"2000\" \/>\n\t<meta property=\"og:image:height\" content=\"2000\" \/>\n\t<meta property=\"og:image:type\" content=\"image\/png\" \/>\n<meta name=\"twitter:card\" content=\"summary_large_image\" \/>\n<meta name=\"twitter:label1\" content=\"Tempo estimado de leitura\" \/>\n\t<meta name=\"twitter:data1\" content=\"1 minuto\" \/>\n<script type=\"application\/ld+json\" class=\"yoast-schema-graph\">{\"@context\":\"https:\\\/\\\/schema.org\",\"@graph\":[{\"@type\":\"WebPage\",\"@id\":\"https:\\\/\\\/www.versiegelung24.com\\\/pt-pt\\\/impressao\\\/\",\"url\":\"https:\\\/\\\/www.versiegelung24.com\\\/pt-pt\\\/impressao\\\/\",\"name\":\"Impress\u00e3o - versiegelung24.com\",\"isPartOf\":{\"@id\":\"https:\\\/\\\/www.versiegelung24.com\\\/pt-pt\\\/#website\"},\"primaryImageOfPage\":{\"@id\":\"https:\\\/\\\/www.versiegelung24.com\\\/pt-pt\\\/impressao\\\/#primaryimage\"},\"image\":{\"@id\":\"https:\\\/\\\/www.versiegelung24.com\\\/pt-pt\\\/impressao\\\/#primaryimage\"},\"thumbnailUrl\":\"https:\\\/\\\/www.versiegelung24.com\\\/wp-content\\\/uploads\\\/2022\\\/02\\\/Impressum.png\",\"datePublished\":\"2021-08-02T18:22:40+00:00\",\"dateModified\":\"2024-05-05T09:01:02+00:00\",\"breadcrumb\":{\"@id\":\"https:\\\/\\\/www.versiegelung24.com\\\/pt-pt\\\/impressao\\\/#breadcrumb\"},\"inLanguage\":\"pt-PT\",\"potentialAction\":[{\"@type\":\"ReadAction\",\"target\":[\"https:\\\/\\\/www.versiegelung24.com\\\/pt-pt\\\/impressao\\\/\"]}]},{\"@type\":\"ImageObject\",\"inLanguage\":\"pt-PT\",\"@id\":\"https:\\\/\\\/www.versiegelung24.com\\\/pt-pt\\\/impressao\\\/#primaryimage\",\"url\":\"https:\\\/\\\/www.versiegelung24.com\\\/wp-content\\\/uploads\\\/2022\\\/02\\\/Impressum.png\",\"contentUrl\":\"https:\\\/\\\/www.versiegelung24.com\\\/wp-content\\\/uploads\\\/2022\\\/02\\\/Impressum.png\",\"width\":2000,\"height\":2000},{\"@type\":\"BreadcrumbList\",\"@id\":\"https:\\\/\\\/www.versiegelung24.com\\\/pt-pt\\\/impressao\\\/#breadcrumb\",\"itemListElement\":[{\"@type\":\"ListItem\",\"position\":1,\"name\":\"P\u00e1gina inicial\",\"item\":\"https:\\\/\\\/www.versiegelung24.com\\\/pt-pt\\\/frente\\\/\"},{\"@type\":\"ListItem\",\"position\":2,\"name\":\"Impress\u00e3o\"}]},{\"@type\":\"WebSite\",\"@id\":\"https:\\\/\\\/www.versiegelung24.com\\\/pt-pt\\\/#website\",\"url\":\"https:\\\/\\\/www.versiegelung24.com\\\/pt-pt\\\/\",\"name\":\"versiegelung24.com\",\"description\":\"Fl\u00fcssigglas-Versiegelung - Made in Germany\",\"publisher\":{\"@id\":\"https:\\\/\\\/www.versiegelung24.com\\\/pt-pt\\\/#organization\"},\"potentialAction\":[{\"@type\":\"SearchAction\",\"target\":{\"@type\":\"EntryPoint\",\"urlTemplate\":\"https:\\\/\\\/www.versiegelung24.com\\\/pt-pt\\\/?s={search_term_string}\"},\"query-input\":{\"@type\":\"PropertyValueSpecification\",\"valueRequired\":true,\"valueName\":\"search_term_string\"}}],\"inLanguage\":\"pt-PT\"},{\"@type\":\"Organization\",\"@id\":\"https:\\\/\\\/www.versiegelung24.com\\\/pt-pt\\\/#organization\",\"name\":\"versiegelung24\",\"url\":\"https:\\\/\\\/www.versiegelung24.com\\\/pt-pt\\\/\",\"logo\":{\"@type\":\"ImageObject\",\"inLanguage\":\"pt-PT\",\"@id\":\"https:\\\/\\\/www.versiegelung24.com\\\/pt-pt\\\/#\\\/schema\\\/logo\\\/image\\\/\",\"url\":\"https:\\\/\\\/www.versiegelung24.com\\\/wp-content\\\/uploads\\\/2020\\\/04\\\/versiegelung24.png\",\"contentUrl\":\"https:\\\/\\\/www.versiegelung24.com\\\/wp-content\\\/uploads\\\/2020\\\/04\\\/versiegelung24.png\",\"width\":470,\"height\":102,\"caption\":\"versiegelung24\"},\"image\":{\"@id\":\"https:\\\/\\\/www.versiegelung24.com\\\/pt-pt\\\/#\\\/schema\\\/logo\\\/image\\\/\"}}]}<\/script>\n<!-- \/ Yoast SEO Premium plugin. -->","yoast_head_json":{"title":"Impress\u00e3o - versiegelung24.com","robots":{"index":"index","follow":"follow","max-snippet":"max-snippet:-1","max-image-preview":"max-image-preview:large","max-video-preview":"max-video-preview:-1"},"canonical":"https:\/\/www.versiegelung24.com\/pt-pt\/impressao\/","og_locale":"pt_PT","og_type":"article","og_title":"Impress\u00e3o","og_description":"Processamento de encomendas e pagamentos Holger K\u00e4dingAn den Ellmen 1453773 HennefAlemanha Tel.: 02242-9695650E-mail: info@versiegelung24.comN\u00famero de identifica\u00e7\u00e3o fiscal de acordo com o \u00a7 27 a da lei relativa ao imposto sobre as vendas: DE213785156 Detalhes da conta Benefici\u00e1rio: Holger K\u00e4dingIBAN: DE30370502990011006269BIC\/SWIFT: COKSDE33Caixa Econ\u00f3mica Distrital de Col\u00f3nia Propriet\u00e1rio e respons\u00e1vel pelo conte\u00fado de acordo com o \u00a7&hellip;&nbsp;Read More &raquo;Impress\u00e3o","og_url":"https:\/\/www.versiegelung24.com\/pt-pt\/impressao\/","og_site_name":"versiegelung24.com","article_modified_time":"2024-05-05T09:01:02+00:00","og_image":[{"width":2000,"height":2000,"url":"https:\/\/www.versiegelung24.com\/wp-content\/uploads\/2022\/02\/Impressum.png","type":"image\/png"}],"twitter_card":"summary_large_image","twitter_misc":{"Tempo estimado de leitura":"1 minuto"},"schema":{"@context":"https:\/\/schema.org","@graph":[{"@type":"WebPage","@id":"https:\/\/www.versiegelung24.com\/pt-pt\/impressao\/","url":"https:\/\/www.versiegelung24.com\/pt-pt\/impressao\/","name":"Impress\u00e3o - versiegelung24.com","isPartOf":{"@id":"https:\/\/www.versiegelung24.com\/pt-pt\/#website"},"primaryImageOfPage":{"@id":"https:\/\/www.versiegelung24.com\/pt-pt\/impressao\/#primaryimage"},"image":{"@id":"https:\/\/www.versiegelung24.com\/pt-pt\/impressao\/#primaryimage"},"thumbnailUrl":"https:\/\/www.versiegelung24.com\/wp-content\/uploads\/2022\/02\/Impressum.png","datePublished":"2021-08-02T18:22:40+00:00","dateModified":"2024-05-05T09:01:02+00:00","breadcrumb":{"@id":"https:\/\/www.versiegelung24.com\/pt-pt\/impressao\/#breadcrumb"},"inLanguage":"pt-PT","potentialAction":[{"@type":"ReadAction","target":["https:\/\/www.versiegelung24.com\/pt-pt\/impressao\/"]}]},{"@type":"ImageObject","inLanguage":"pt-PT","@id":"https:\/\/www.versiegelung24.com\/pt-pt\/impressao\/#primaryimage","url":"https:\/\/www.versiegelung24.com\/wp-content\/uploads\/2022\/02\/Impressum.png","contentUrl":"https:\/\/www.versiegelung24.com\/wp-content\/uploads\/2022\/02\/Impressum.png","width":2000,"height":2000},{"@type":"BreadcrumbList","@id":"https:\/\/www.versiegelung24.com\/pt-pt\/impressao\/#breadcrumb","itemListElement":[{"@type":"ListItem","position":1,"name":"P\u00e1gina inicial","item":"https:\/\/www.versiegelung24.com\/pt-pt\/frente\/"},{"@type":"ListItem","position":2,"name":"Impress\u00e3o"}]},{"@type":"WebSite","@id":"https:\/\/www.versiegelung24.com\/pt-pt\/#website","url":"https:\/\/www.versiegelung24.com\/pt-pt\/","name":"versiegelung24.com","description":"Fl\u00fcssigglas-Versiegelung - Made in Germany","publisher":{"@id":"https:\/\/www.versiegelung24.com\/pt-pt\/#organization"},"potentialAction":[{"@type":"SearchAction","target":{"@type":"EntryPoint","urlTemplate":"https:\/\/www.versiegelung24.com\/pt-pt\/?s={search_term_string}"},"query-input":{"@type":"PropertyValueSpecification","valueRequired":true,"valueName":"search_term_string"}}],"inLanguage":"pt-PT"},{"@type":"Organization","@id":"https:\/\/www.versiegelung24.com\/pt-pt\/#organization","name":"versiegelung24","url":"https:\/\/www.versiegelung24.com\/pt-pt\/","logo":{"@type":"ImageObject","inLanguage":"pt-PT","@id":"https:\/\/www.versiegelung24.com\/pt-pt\/#\/schema\/logo\/image\/","url":"https:\/\/www.versiegelung24.com\/wp-content\/uploads\/2020\/04\/versiegelung24.png","contentUrl":"https:\/\/www.versiegelung24.com\/wp-content\/uploads\/2020\/04\/versiegelung24.png","width":470,"height":102,"caption":"versiegelung24"},"image":{"@id":"https:\/\/www.versiegelung24.com\/pt-pt\/#\/schema\/logo\/image\/"}}]}},"_links":{"self":[{"href":"https:\/\/www.versiegelung24.com\/pt-pt\/wp-json\/wp\/v2\/pages\/22146","targetHints":{"allow":["GET"]}}],"collection":[{"href":"https:\/\/www.versiegelung24.com\/pt-pt\/wp-json\/wp\/v2\/pages"}],"about":[{"href":"https:\/\/www.versiegelung24.com\/pt-pt\/wp-json\/wp\/v2\/types\/page"}],"author":[{"embeddable":true,"href":"https:\/\/www.versiegelung24.com\/pt-pt\/wp-json\/wp\/v2\/users\/932"}],"replies":[{"embeddable":true,"href":"https:\/\/www.versiegelung24.com\/pt-pt\/wp-json\/wp\/v2\/comments?post=22146"}],"version-history":[{"count":7,"href":"https:\/\/www.versiegelung24.com\/pt-pt\/wp-json\/wp\/v2\/pages\/22146\/revisions"}],"predecessor-version":[{"id":160708,"href":"https:\/\/www.versiegelung24.com\/pt-pt\/wp-json\/wp\/v2\/pages\/22146\/revisions\/160708"}],"wp:featuredmedia":[{"embeddable":true,"href":"https:\/\/www.versiegelung24.com\/pt-pt\/wp-json\/wp\/v2\/media\/70720"}],"wp:attachment":[{"href":"https:\/\/www.versiegelung24.com\/pt-pt\/wp-json\/wp\/v2\/media?parent=22146"}],"wp:term":[{"taxonomy":"category","embeddable":true,"href":"https:\/\/www.versiegelung24.com\/pt-pt\/wp-json\/wp\/v2\/categories?post=22146"},{"taxonomy":"seiten_kategorie","embeddable":true,"href":"https:\/\/www.versiegelung24.com\/pt-pt\/wp-json\/wp\/v2\/seiten_kategorie?post=22146"}],"curies":[{"name":"wp","href":"https:\/\/api.w.org\/{rel}","templated":true}]}}