{"id":22499,"date":"2021-08-02T20:44:56","date_gmt":"2021-08-02T18:44:56","guid":{"rendered":"https:\/\/www.versiegelung24.com\/termos-e-condicoes-gerais-com-informacao-do-cliente"},"modified":"2024-06-25T20:50:45","modified_gmt":"2024-06-25T18:50:45","slug":"termos-e-condicoes-gerais","status":"publish","type":"page","link":"https:\/\/www.versiegelung24.com\/pt-pt\/termos-e-condicoes-gerais\/","title":{"rendered":"Termos e condi\u00e7\u00f5es gerais com informa\u00e7\u00f5es ao cliente"},"content":{"rendered":"<h2>\u00cdndice<\/h2>\n<ol>\n<li>\u00c2mbito de aplica\u00e7\u00e3o<\/li>\n<li>Celebra\u00e7\u00e3o do contrato<\/li>\n<li>Direito de anula\u00e7\u00e3o<\/li>\n<li>Pre\u00e7os e condi\u00e7\u00f5es de pagamento<\/li>\n<li>Condi\u00e7\u00f5es de entrega e expedi\u00e7\u00e3o<\/li>\n<li>Reten\u00e7\u00e3o do t\u00edtulo<\/li>\n<li>Responsabilidade por defeitos (garantia)<\/li>\n<li>Resgate de cup\u00f5es promocionais<\/li>\n<li>Direito aplic\u00e1vel<\/li>\n<li>Resolu\u00e7\u00e3o alternativa de lit\u00edgios<\/li>\n<\/ol>\n<h2>1) \u00c2mbito de aplica\u00e7\u00e3o<\/h2>\n<p><strong>1.1<\/strong> Os presentes Termos e Condi\u00e7\u00f5es Gerais da empresa Holger K\u00e4ding, que opera sob a designa\u00e7\u00e3o &#8220;versiegelung24.com&#8221; (doravante designada por &#8220;Vendedor&#8221;) aplicam-se a todos os contratos celebrados entre um consumidor ou um comerciante (doravante designado por &#8220;Cliente&#8221;) e o Vendedor relativamente a todos os bens e\/ou servi\u00e7os apresentados na loja online do Vendedor. Salvo acordo em contr\u00e1rio, rejeita-se a inclus\u00e3o das condi\u00e7\u00f5es pr\u00f3prias do cliente.<\/p>\n<p>&nbsp;1<strong>.2<\/strong> Um consumidor, na ace\u00e7\u00e3o das presentes CGV, \u00e9 qualquer pessoa singular que efectue um neg\u00f3cio jur\u00eddico para fins que n\u00e3o se enquadrem predominantemente na sua atividade comercial ou profissional. Um empres\u00e1rio, na ace\u00e7\u00e3o das presentes CGV, \u00e9 uma pessoa singular ou colectiva ou uma sociedade com capacidade jur\u00eddica que, ao concluir um neg\u00f3cio jur\u00eddico, actua no exerc\u00edcio da sua atividade comercial ou profissional independente.<\/p>\n<h2>2) Celebra\u00e7\u00e3o do contrato<\/h2>\n<p>&nbsp;2<strong>.1<\/strong> As descri\u00e7\u00f5es dos produtos contidas na loja online do vendedor n\u00e3o constituem ofertas vinculativas por parte do vendedor, mas servem para apresentar uma oferta vinculativa por parte do cliente.<\/p>\n<p>&nbsp;2<strong>.2<\/strong> O cliente pode apresentar a sua oferta atrav\u00e9s do formul\u00e1rio de encomenda online integrado na loja online do vendedor. Depois de colocar os produtos seleccionados no cesto de compras virtual e de passar pelo processo de encomenda eletr\u00f3nica, o cliente apresenta uma proposta contratual juridicamente vinculativa relativamente aos produtos contidos no cesto de compras, clicando no bot\u00e3o que conclui o processo de encomenda. Al\u00e9m disso, o cliente tamb\u00e9m pode apresentar a sua proposta ao vendedor por telefone ou por correio eletr\u00f3nico.<\/p>\n<p>&nbsp;2<strong>.3<\/strong> O vendedor pode aceitar a oferta do cliente no prazo de cinco dias,<\/p>\n<ul>\n<li>enviando ao cliente uma confirma\u00e7\u00e3o de encomenda por escrito ou uma confirma\u00e7\u00e3o de encomenda sob a forma de texto (fax ou correio eletr\u00f3nico), sendo que a rece\u00e7\u00e3o da confirma\u00e7\u00e3o de encomenda pelo cliente \u00e9 decisiva a este respeito, ou<\/li>\n<li>entregando os bens encomendados ao cliente, sendo decisiva a rece\u00e7\u00e3o dos bens pelo cliente, ou<\/li>\n<li>solicitando o pagamento ao cliente depois de a encomenda ter sido efectuada.<\/li>\n<\/ul>\n<p>Se existirem v\u00e1rias das alternativas supramencionadas, o contrato \u00e9 celebrado no momento em que uma das alternativas supramencionadas ocorrer em primeiro lugar. O prazo de aceita\u00e7\u00e3o da oferta come\u00e7a no dia seguinte ao do envio da oferta pelo cliente e termina no final do quinto dia seguinte ao do envio da oferta. Se o vendedor n\u00e3o aceitar a proposta do cliente no prazo acima referido, tal ser\u00e1 considerado como uma rejei\u00e7\u00e3o da proposta, pelo que o cliente deixa de estar vinculado \u00e0 sua declara\u00e7\u00e3o de inten\u00e7\u00f5es.<\/p>\n<p>&nbsp;2<strong>.4<\/strong> Quando uma oferta \u00e9 apresentada atrav\u00e9s do formul\u00e1rio de encomenda em linha do vendedor, o texto do contrato \u00e9 guardado pelo vendedor e enviado ao cliente sob a forma de texto (por exemplo, e-mail, fax ou carta) ap\u00f3s o envio da encomenda, juntamente com as presentes CGV. Al\u00e9m disso, o texto do contrato \u00e9 arquivado no s\u00edtio Web do vendedor e pode ser acedido gratuitamente pelo cliente atrav\u00e9s da sua conta de cliente protegida por palavra-passe, introduzindo os dados de in\u00edcio de sess\u00e3o correspondentes, desde que o cliente tenha criado uma conta de cliente na loja em linha do vendedor antes de enviar a sua encomenda.<\/p>\n<p>&nbsp;2<strong>.5<\/strong> Antes de submeter uma encomenda vinculativa atrav\u00e9s do formul\u00e1rio de encomenda em linha do vendedor, o cliente pode reconhecer poss\u00edveis erros de introdu\u00e7\u00e3o lendo atentamente as informa\u00e7\u00f5es apresentadas no ecr\u00e3. Um meio t\u00e9cnico eficaz para reconhecer melhor os erros de introdu\u00e7\u00e3o pode ser a fun\u00e7\u00e3o de amplia\u00e7\u00e3o do navegador, que aumenta a visualiza\u00e7\u00e3o no ecr\u00e3. O cliente pode corrigir as suas entradas durante o processo de encomenda eletr\u00f3nica utilizando as fun\u00e7\u00f5es habituais do teclado e do rato at\u00e9 clicar no bot\u00e3o que conclui o processo de encomenda.<\/p>\n<p>&nbsp;2<strong>.6<\/strong> Para a celebra\u00e7\u00e3o do contrato, apenas est\u00e1 dispon\u00edvel a l\u00edngua alem\u00e3.<\/p>\n<p>&nbsp;2<strong>.7<\/strong> O processamento de encomendas e o contacto s\u00e3o geralmente efectuados por correio eletr\u00f3nico e processamento autom\u00e1tico de encomendas. O cliente deve certificar-se de que o endere\u00e7o de correio eletr\u00f3nico por ele fornecido para o processamento da encomenda est\u00e1 correto, de modo a que as mensagens de correio eletr\u00f3nico enviadas pelo vendedor possam ser recebidas nesse endere\u00e7o. Em particular, ao utilizar filtros de SPAM, o cliente deve garantir que todas as mensagens de correio eletr\u00f3nico enviadas pelo vendedor ou por terceiros encarregados pelo vendedor de processar a encomenda possam ser entregues.<\/p>\n<h2>3) Direito de anula\u00e7\u00e3o<\/h2>\n<p>&nbsp;3<strong>.1<\/strong> Em geral, os consumidores t\u00eam o direito de rescindir o contrato.<\/p>\n<p>&nbsp;3<strong>.2<\/strong> Para mais informa\u00e7\u00f5es sobre o direito de cancelamento, consulta a pol\u00edtica de cancelamento do vendedor.<\/p>\n<h2>4) Pre\u00e7os e condi\u00e7\u00f5es de pagamento<\/h2>\n<p>&nbsp;4<strong>.1<\/strong> Salvo indica\u00e7\u00e3o em contr\u00e1rio na descri\u00e7\u00e3o do produto pelo vendedor, os pre\u00e7os indicados s\u00e3o pre\u00e7os totais que incluem o IVA legal. Quaisquer custos adicionais de entrega e envio ser\u00e3o indicados separadamente na respectiva descri\u00e7\u00e3o do produto.<\/p>\n<p>&nbsp;4<strong>.2<\/strong> A(s) op\u00e7\u00e3o(\u00f5es) de pagamento ser\u00e1(\u00e3o) comunicada(s) ao cliente na loja online do vendedor.<\/p>\n<p>&nbsp;4<strong>.3<\/strong> Se tiver sido acordado um adiantamento por transfer\u00eancia banc\u00e1ria, o pagamento \u00e9 devido imediatamente ap\u00f3s a celebra\u00e7\u00e3o do contrato, exceto se as partes tiverem acordado uma data de vencimento posterior.<\/p>\n<p>&nbsp;4<strong>.4<\/strong> Se o pagamento for efectuado atrav\u00e9s de um m\u00e9todo de pagamento oferecido por PayPal, o pagamento \u00e9 processado atrav\u00e9s do prestador de servi\u00e7os de pagamento PayPal (Europe) S.\u00e0 r.l. et Cie, S.C.A., 22-24 Boulevard Royal, L-2449 Luxembourg (doravante: &#8220;PayPal&#8221;), sujeito aos Termos de Utiliza\u00e7\u00e3o de PayPal, que podem ser consultados em&nbsp;&nbsp;https:\/\/www.paypal.com\/de\/webapps\/mpp\/ua\/useragreement-full ou &#8211; se o cliente n\u00e3o tiver uma conta PayPal &#8211; sujeito aos termos e condi\u00e7\u00f5es para pagamentos sem uma conta PayPal, dispon\u00edvel em&nbsp;<a href=\"https:\/\/www.paypal.com\/de\/webapps\/mpp\/ua\/privacywax-full\">https:\/\/www.paypal.com\/de\/webapps\/mpp\/ua\/privacywax-full.<\/a><\/p>\n<h2>5) Condi\u00e7\u00f5es de entrega e expedi\u00e7\u00e3o<\/h2>\n<p>&nbsp;5<strong>.1<\/strong> Salvo acordo em contr\u00e1rio, os bens ser\u00e3o entregues por expedi\u00e7\u00e3o para o endere\u00e7o de entrega especificado pelo cliente. O endere\u00e7o de entrega especificado no processamento da encomenda do vendedor \u00e9 decisivo para o processamento da transa\u00e7\u00e3o. N\u00e3o obstante, se o m\u00e9todo de pagamento PayPal for selecionado, o endere\u00e7o de entrega armazenado pelo cliente no PayPal no momento do pagamento ser\u00e1 decisivo.<\/p>\n<p>&nbsp;5<strong>.2<\/strong> Se a empresa de transportes devolver a mercadoria expedida ao vendedor por n\u00e3o ter sido poss\u00edvel efetuar a entrega ao cliente, o cliente suportar\u00e1 os custos da expedi\u00e7\u00e3o mal sucedida. Isto n\u00e3o se aplica se o cliente exercer efetivamente o seu direito de rescis\u00e3o, se n\u00e3o for respons\u00e1vel pela circunst\u00e2ncia que levou \u00e0 impossibilidade de entrega ou se tiver sido temporariamente impedido de aceitar o servi\u00e7o oferecido, a menos que o vendedor o tenha notificado do servi\u00e7o com uma anteced\u00eancia razo\u00e1vel.<\/p>\n<p>&nbsp;5<strong>.3<\/strong> A auto-recolha n\u00e3o \u00e9 poss\u00edvel por raz\u00f5es log\u00edsticas.<\/p>\n<h2>6) Reten\u00e7\u00e3o do t\u00edtulo<\/h2>\n<p>Se o vendedor efetuar um pagamento antecipado, conservar\u00e1 a propriedade das mercadorias entregues at\u00e9 que o pre\u00e7o de compra devido tenha sido pago na totalidade.<\/p>\n<h2>7) Responsabilidade por defeitos (garantia)<\/h2>\n<p>&nbsp;7<strong>.1<\/strong> Se o artigo comprado estiver defeituoso, aplicam-se as disposi\u00e7\u00f5es da responsabilidade legal por defeitos.<\/p>\n<p>&nbsp;7<strong>.2<\/strong> O cliente \u00e9 convidado a reclamar junto do expedidor sobre a mercadoria entregue com danos de transporte evidentes e a informar o vendedor desse facto. Se o cliente n\u00e3o o fizer, tal n\u00e3o ter\u00e1 qualquer efeito nas suas reivindica\u00e7\u00f5es legais ou contratuais por defeitos.<\/p>\n<h2>8) Resgate de cup\u00f5es promocionais<\/h2>\n<p>&nbsp;8<strong>.1<\/strong> Os cup\u00f5es que s\u00e3o emitidos gratuitamente pelo vendedor no \u00e2mbito de promo\u00e7\u00f5es com um per\u00edodo de validade espec\u00edfico e que n\u00e3o podem ser adquiridos pelo cliente (a seguir designados por &#8220;cup\u00f5es promocionais&#8221;) s\u00f3 podem ser resgatados na loja online do vendedor e apenas durante o per\u00edodo especificado.<\/p>\n<p>&nbsp;8<strong>.2<\/strong> Os produtos individuais podem ser exclu\u00eddos da promo\u00e7\u00e3o do vale se uma restri\u00e7\u00e3o correspondente resultar do conte\u00fado do vale promocional.<\/p>\n<p>&nbsp;8<strong>.3<\/strong> os vales promocionais s\u00f3 podem ser resgatados antes de completares o processo de encomenda. N\u00e3o \u00e9 poss\u00edvel uma compensa\u00e7\u00e3o posterior.<\/p>\n<p>&nbsp;8<strong>.4<\/strong> S\u00f3 pode ser utilizado um vale promocional por encomenda.<\/p>\n<p>&nbsp;8<strong>.5<\/strong> O valor das mercadorias deve ser pelo menos igual ao montante do vale de promo\u00e7\u00e3o. O vendedor n\u00e3o reembolsar\u00e1 o cr\u00e9dito remanescente.<\/p>\n<p>&nbsp;8<strong>.6<\/strong> Se o valor do vale promocional n\u00e3o for suficiente para cobrir a encomenda, pode selecionar um dos outros m\u00e9todos de pagamento oferecidos pelo vendedor para liquidar a diferen\u00e7a.<\/p>\n<p>&nbsp;8<strong>.7<\/strong> O saldo de um vale de promo\u00e7\u00e3o n\u00e3o \u00e9 pago em dinheiro nem vence juros.<\/p>\n<p>&nbsp;8<strong>.8<\/strong> O vale de promo\u00e7\u00e3o n\u00e3o ser\u00e1 reembolsado se o cliente devolver a mercadoria paga, no todo ou em parte, com o vale de promo\u00e7\u00e3o, no \u00e2mbito do seu direito legal de rescis\u00e3o.<\/p>\n<p>&nbsp;8<strong>.9<\/strong> O vale de promo\u00e7\u00e3o \u00e9 transmiss\u00edvel. O vendedor pode efetuar o pagamento com efeito liberat\u00f3rio ao respetivo titular que resgatar o voucher promocional na loja online do vendedor. Isto n\u00e3o se aplica se o vendedor tiver conhecimento ou ignor\u00e2ncia grosseira da n\u00e3o autoriza\u00e7\u00e3o, incapacidade legal ou falta de poder de representa\u00e7\u00e3o do respetivo titular.<\/p>\n<h2>9) Direito aplic\u00e1vel<\/h2>\n<p>A todas as rela\u00e7\u00f5es jur\u00eddicas entre as partes aplica-se o direito da Rep\u00fablica Federal da Alemanha, com exce\u00e7\u00e3o das leis relativas \u00e0 compra internacional de bens m\u00f3veis. No caso dos consumidores, esta escolha de lei s\u00f3 se aplica na medida em que a prote\u00e7\u00e3o concedida n\u00e3o seja retirada por disposi\u00e7\u00f5es imperativas da lei do pa\u00eds em que o consumidor tem a sua resid\u00eancia habitual.<\/p>\n<h2>10) Resolu\u00e7\u00e3o alternativa de lit\u00edgios<\/h2>\n<p>&nbsp;1<strong>0.1<\/strong> A Comiss\u00e3o Europeia disponibiliza uma plataforma para a resolu\u00e7\u00e3o de lit\u00edgios em linha na Internet, atrav\u00e9s da seguinte liga\u00e7\u00e3o:&nbsp;<a href=\"http:\/\/ec.europa.eu\/consumers\/odr\">http:\/\/ec.europa.eu\/consumers\/odr<\/a><\/p>\n<p>Esta plataforma serve de ponto de contacto para a resolu\u00e7\u00e3o extrajudicial de lit\u00edgios decorrentes de contratos de compra ou de presta\u00e7\u00e3o de servi\u00e7os em linha em que um consumidor esteja envolvido.<\/p>\n<p>&nbsp;1<strong>0.2<\/strong> O vendedor n\u00e3o \u00e9 obrigado nem est\u00e1 disposto a participar num processo de resolu\u00e7\u00e3o de lit\u00edgios perante uma comiss\u00e3o de arbitragem de consumidores.<\/p>\n","protected":false},"excerpt":{"rendered":"<p>\u00cdndice \u00c2mbito de aplica\u00e7\u00e3o Celebra\u00e7\u00e3o do contrato Direito de anula\u00e7\u00e3o Pre\u00e7os e condi\u00e7\u00f5es de pagamento Condi\u00e7\u00f5es de entrega e expedi\u00e7\u00e3o Reten\u00e7\u00e3o do t\u00edtulo Responsabilidade por defeitos (garantia) Resgate de cup\u00f5es promocionais Direito aplic\u00e1vel Resolu\u00e7\u00e3o alternativa de lit\u00edgios 1) \u00c2mbito de aplica\u00e7\u00e3o 1.1 Os presentes Termos e Condi\u00e7\u00f5es Gerais da empresa Holger K\u00e4ding, que opera sob&hellip;&nbsp;<a href=\"https:\/\/www.versiegelung24.com\/pt-pt\/termos-e-condicoes-gerais\/\" rel=\"bookmark\">Read More &raquo;<span class=\"screen-reader-text\">Termos e condi\u00e7\u00f5es gerais com informa\u00e7\u00f5es ao cliente<\/span><\/a><\/p>\n","protected":false},"author":932,"featured_media":70720,"parent":0,"menu_order":0,"comment_status":"closed","ping_status":"closed","template":"","meta":{"_acf_changed":false,"neve_meta_sidebar":"","neve_meta_container":"","neve_meta_enable_content_width":"","neve_meta_content_width":0,"neve_meta_title_alignment":"","neve_meta_author_avatar":"","neve_post_elements_order":"","neve_meta_disable_header":"","neve_meta_disable_footer":"","neve_meta_disable_title":"","neve_meta_reading_time":"","footnotes":""},"categories":[],"seiten_kategorie":[],"class_list":["post-22499","page","type-page","status-publish","has-post-thumbnail","hentry"],"acf":[],"yoast_head":"<!-- This site is optimized with the Yoast SEO Premium plugin v22.8 (Yoast SEO v27.5) - https:\/\/yoast.com\/product\/yoast-seo-premium-wordpress\/ -->\n<title>Termos e condi\u00e7\u00f5es gerais com informa\u00e7\u00f5es ao cliente - versiegelung24.com<\/title>\n<meta name=\"robots\" content=\"index, follow, max-snippet:-1, max-image-preview:large, max-video-preview:-1\" \/>\n<link rel=\"canonical\" href=\"https:\/\/www.versiegelung24.com\/pt-pt\/termos-e-condicoes-gerais\/\" \/>\n<meta property=\"og:locale\" content=\"pt_PT\" \/>\n<meta property=\"og:type\" content=\"article\" \/>\n<meta property=\"og:title\" content=\"Termos e condi\u00e7\u00f5es gerais com informa\u00e7\u00f5es ao cliente\" \/>\n<meta property=\"og:description\" content=\"\u00cdndice \u00c2mbito de aplica\u00e7\u00e3o Celebra\u00e7\u00e3o do contrato Direito de anula\u00e7\u00e3o Pre\u00e7os e condi\u00e7\u00f5es de pagamento Condi\u00e7\u00f5es de entrega e expedi\u00e7\u00e3o Reten\u00e7\u00e3o do t\u00edtulo Responsabilidade por defeitos (garantia) Resgate de cup\u00f5es promocionais Direito aplic\u00e1vel Resolu\u00e7\u00e3o alternativa de lit\u00edgios 1) \u00c2mbito de aplica\u00e7\u00e3o 1.1 Os presentes Termos e Condi\u00e7\u00f5es Gerais da empresa Holger K\u00e4ding, que opera sob&hellip;&nbsp;Read More &raquo;Termos e condi\u00e7\u00f5es gerais com informa\u00e7\u00f5es ao cliente\" \/>\n<meta property=\"og:url\" content=\"https:\/\/www.versiegelung24.com\/pt-pt\/termos-e-condicoes-gerais\/\" \/>\n<meta property=\"og:site_name\" content=\"versiegelung24.com\" \/>\n<meta property=\"article:modified_time\" content=\"2024-06-25T18:50:45+00:00\" \/>\n<meta property=\"og:image\" content=\"https:\/\/www.versiegelung24.com\/wp-content\/uploads\/2022\/02\/Impressum.png\" \/>\n\t<meta property=\"og:image:width\" content=\"2000\" \/>\n\t<meta property=\"og:image:height\" content=\"2000\" \/>\n\t<meta property=\"og:image:type\" content=\"image\/png\" \/>\n<meta name=\"twitter:card\" content=\"summary_large_image\" \/>\n<meta name=\"twitter:label1\" content=\"Tempo estimado de leitura\" \/>\n\t<meta name=\"twitter:data1\" content=\"9 minutos\" \/>\n<script type=\"application\/ld+json\" class=\"yoast-schema-graph\">{\"@context\":\"https:\\\/\\\/schema.org\",\"@graph\":[{\"@type\":\"WebPage\",\"@id\":\"https:\\\/\\\/www.versiegelung24.com\\\/pt-pt\\\/termos-e-condicoes-gerais\\\/\",\"url\":\"https:\\\/\\\/www.versiegelung24.com\\\/pt-pt\\\/termos-e-condicoes-gerais\\\/\",\"name\":\"Termos e condi\u00e7\u00f5es gerais com informa\u00e7\u00f5es ao cliente - versiegelung24.com\",\"isPartOf\":{\"@id\":\"https:\\\/\\\/www.versiegelung24.com\\\/pt-pt\\\/#website\"},\"primaryImageOfPage\":{\"@id\":\"https:\\\/\\\/www.versiegelung24.com\\\/pt-pt\\\/termos-e-condicoes-gerais\\\/#primaryimage\"},\"image\":{\"@id\":\"https:\\\/\\\/www.versiegelung24.com\\\/pt-pt\\\/termos-e-condicoes-gerais\\\/#primaryimage\"},\"thumbnailUrl\":\"https:\\\/\\\/www.versiegelung24.com\\\/wp-content\\\/uploads\\\/2022\\\/02\\\/Impressum.png\",\"datePublished\":\"2021-08-02T18:44:56+00:00\",\"dateModified\":\"2024-06-25T18:50:45+00:00\",\"breadcrumb\":{\"@id\":\"https:\\\/\\\/www.versiegelung24.com\\\/pt-pt\\\/termos-e-condicoes-gerais\\\/#breadcrumb\"},\"inLanguage\":\"pt-PT\",\"potentialAction\":[{\"@type\":\"ReadAction\",\"target\":[\"https:\\\/\\\/www.versiegelung24.com\\\/pt-pt\\\/termos-e-condicoes-gerais\\\/\"]}]},{\"@type\":\"ImageObject\",\"inLanguage\":\"pt-PT\",\"@id\":\"https:\\\/\\\/www.versiegelung24.com\\\/pt-pt\\\/termos-e-condicoes-gerais\\\/#primaryimage\",\"url\":\"https:\\\/\\\/www.versiegelung24.com\\\/wp-content\\\/uploads\\\/2022\\\/02\\\/Impressum.png\",\"contentUrl\":\"https:\\\/\\\/www.versiegelung24.com\\\/wp-content\\\/uploads\\\/2022\\\/02\\\/Impressum.png\",\"width\":2000,\"height\":2000},{\"@type\":\"BreadcrumbList\",\"@id\":\"https:\\\/\\\/www.versiegelung24.com\\\/pt-pt\\\/termos-e-condicoes-gerais\\\/#breadcrumb\",\"itemListElement\":[{\"@type\":\"ListItem\",\"position\":1,\"name\":\"P\u00e1gina inicial\",\"item\":\"https:\\\/\\\/www.versiegelung24.com\\\/pt-pt\\\/frente\\\/\"},{\"@type\":\"ListItem\",\"position\":2,\"name\":\"Termos e condi\u00e7\u00f5es gerais com informa\u00e7\u00f5es ao cliente\"}]},{\"@type\":\"WebSite\",\"@id\":\"https:\\\/\\\/www.versiegelung24.com\\\/pt-pt\\\/#website\",\"url\":\"https:\\\/\\\/www.versiegelung24.com\\\/pt-pt\\\/\",\"name\":\"versiegelung24.com\",\"description\":\"Fl\u00fcssigglas-Versiegelung - Made in Germany\",\"publisher\":{\"@id\":\"https:\\\/\\\/www.versiegelung24.com\\\/pt-pt\\\/#organization\"},\"potentialAction\":[{\"@type\":\"SearchAction\",\"target\":{\"@type\":\"EntryPoint\",\"urlTemplate\":\"https:\\\/\\\/www.versiegelung24.com\\\/pt-pt\\\/?s={search_term_string}\"},\"query-input\":{\"@type\":\"PropertyValueSpecification\",\"valueRequired\":true,\"valueName\":\"search_term_string\"}}],\"inLanguage\":\"pt-PT\"},{\"@type\":\"Organization\",\"@id\":\"https:\\\/\\\/www.versiegelung24.com\\\/pt-pt\\\/#organization\",\"name\":\"versiegelung24\",\"url\":\"https:\\\/\\\/www.versiegelung24.com\\\/pt-pt\\\/\",\"logo\":{\"@type\":\"ImageObject\",\"inLanguage\":\"pt-PT\",\"@id\":\"https:\\\/\\\/www.versiegelung24.com\\\/pt-pt\\\/#\\\/schema\\\/logo\\\/image\\\/\",\"url\":\"https:\\\/\\\/www.versiegelung24.com\\\/wp-content\\\/uploads\\\/2020\\\/04\\\/versiegelung24.png\",\"contentUrl\":\"https:\\\/\\\/www.versiegelung24.com\\\/wp-content\\\/uploads\\\/2020\\\/04\\\/versiegelung24.png\",\"width\":470,\"height\":102,\"caption\":\"versiegelung24\"},\"image\":{\"@id\":\"https:\\\/\\\/www.versiegelung24.com\\\/pt-pt\\\/#\\\/schema\\\/logo\\\/image\\\/\"}}]}<\/script>\n<!-- \/ Yoast SEO Premium plugin. -->","yoast_head_json":{"title":"Termos e condi\u00e7\u00f5es gerais com informa\u00e7\u00f5es ao cliente - versiegelung24.com","robots":{"index":"index","follow":"follow","max-snippet":"max-snippet:-1","max-image-preview":"max-image-preview:large","max-video-preview":"max-video-preview:-1"},"canonical":"https:\/\/www.versiegelung24.com\/pt-pt\/termos-e-condicoes-gerais\/","og_locale":"pt_PT","og_type":"article","og_title":"Termos e condi\u00e7\u00f5es gerais com informa\u00e7\u00f5es ao cliente","og_description":"\u00cdndice \u00c2mbito de aplica\u00e7\u00e3o Celebra\u00e7\u00e3o do contrato Direito de anula\u00e7\u00e3o Pre\u00e7os e condi\u00e7\u00f5es de pagamento Condi\u00e7\u00f5es de entrega e expedi\u00e7\u00e3o Reten\u00e7\u00e3o do t\u00edtulo Responsabilidade por defeitos (garantia) Resgate de cup\u00f5es promocionais Direito aplic\u00e1vel Resolu\u00e7\u00e3o alternativa de lit\u00edgios 1) \u00c2mbito de aplica\u00e7\u00e3o 1.1 Os presentes Termos e Condi\u00e7\u00f5es Gerais da empresa Holger K\u00e4ding, que opera sob&hellip;&nbsp;Read More &raquo;Termos e condi\u00e7\u00f5es gerais com informa\u00e7\u00f5es ao cliente","og_url":"https:\/\/www.versiegelung24.com\/pt-pt\/termos-e-condicoes-gerais\/","og_site_name":"versiegelung24.com","article_modified_time":"2024-06-25T18:50:45+00:00","og_image":[{"width":2000,"height":2000,"url":"https:\/\/www.versiegelung24.com\/wp-content\/uploads\/2022\/02\/Impressum.png","type":"image\/png"}],"twitter_card":"summary_large_image","twitter_misc":{"Tempo estimado de leitura":"9 minutos"},"schema":{"@context":"https:\/\/schema.org","@graph":[{"@type":"WebPage","@id":"https:\/\/www.versiegelung24.com\/pt-pt\/termos-e-condicoes-gerais\/","url":"https:\/\/www.versiegelung24.com\/pt-pt\/termos-e-condicoes-gerais\/","name":"Termos e condi\u00e7\u00f5es gerais com informa\u00e7\u00f5es ao cliente - versiegelung24.com","isPartOf":{"@id":"https:\/\/www.versiegelung24.com\/pt-pt\/#website"},"primaryImageOfPage":{"@id":"https:\/\/www.versiegelung24.com\/pt-pt\/termos-e-condicoes-gerais\/#primaryimage"},"image":{"@id":"https:\/\/www.versiegelung24.com\/pt-pt\/termos-e-condicoes-gerais\/#primaryimage"},"thumbnailUrl":"https:\/\/www.versiegelung24.com\/wp-content\/uploads\/2022\/02\/Impressum.png","datePublished":"2021-08-02T18:44:56+00:00","dateModified":"2024-06-25T18:50:45+00:00","breadcrumb":{"@id":"https:\/\/www.versiegelung24.com\/pt-pt\/termos-e-condicoes-gerais\/#breadcrumb"},"inLanguage":"pt-PT","potentialAction":[{"@type":"ReadAction","target":["https:\/\/www.versiegelung24.com\/pt-pt\/termos-e-condicoes-gerais\/"]}]},{"@type":"ImageObject","inLanguage":"pt-PT","@id":"https:\/\/www.versiegelung24.com\/pt-pt\/termos-e-condicoes-gerais\/#primaryimage","url":"https:\/\/www.versiegelung24.com\/wp-content\/uploads\/2022\/02\/Impressum.png","contentUrl":"https:\/\/www.versiegelung24.com\/wp-content\/uploads\/2022\/02\/Impressum.png","width":2000,"height":2000},{"@type":"BreadcrumbList","@id":"https:\/\/www.versiegelung24.com\/pt-pt\/termos-e-condicoes-gerais\/#breadcrumb","itemListElement":[{"@type":"ListItem","position":1,"name":"P\u00e1gina inicial","item":"https:\/\/www.versiegelung24.com\/pt-pt\/frente\/"},{"@type":"ListItem","position":2,"name":"Termos e condi\u00e7\u00f5es gerais com informa\u00e7\u00f5es ao cliente"}]},{"@type":"WebSite","@id":"https:\/\/www.versiegelung24.com\/pt-pt\/#website","url":"https:\/\/www.versiegelung24.com\/pt-pt\/","name":"versiegelung24.com","description":"Fl\u00fcssigglas-Versiegelung - Made in Germany","publisher":{"@id":"https:\/\/www.versiegelung24.com\/pt-pt\/#organization"},"potentialAction":[{"@type":"SearchAction","target":{"@type":"EntryPoint","urlTemplate":"https:\/\/www.versiegelung24.com\/pt-pt\/?s={search_term_string}"},"query-input":{"@type":"PropertyValueSpecification","valueRequired":true,"valueName":"search_term_string"}}],"inLanguage":"pt-PT"},{"@type":"Organization","@id":"https:\/\/www.versiegelung24.com\/pt-pt\/#organization","name":"versiegelung24","url":"https:\/\/www.versiegelung24.com\/pt-pt\/","logo":{"@type":"ImageObject","inLanguage":"pt-PT","@id":"https:\/\/www.versiegelung24.com\/pt-pt\/#\/schema\/logo\/image\/","url":"https:\/\/www.versiegelung24.com\/wp-content\/uploads\/2020\/04\/versiegelung24.png","contentUrl":"https:\/\/www.versiegelung24.com\/wp-content\/uploads\/2020\/04\/versiegelung24.png","width":470,"height":102,"caption":"versiegelung24"},"image":{"@id":"https:\/\/www.versiegelung24.com\/pt-pt\/#\/schema\/logo\/image\/"}}]}},"_links":{"self":[{"href":"https:\/\/www.versiegelung24.com\/pt-pt\/wp-json\/wp\/v2\/pages\/22499","targetHints":{"allow":["GET"]}}],"collection":[{"href":"https:\/\/www.versiegelung24.com\/pt-pt\/wp-json\/wp\/v2\/pages"}],"about":[{"href":"https:\/\/www.versiegelung24.com\/pt-pt\/wp-json\/wp\/v2\/types\/page"}],"author":[{"embeddable":true,"href":"https:\/\/www.versiegelung24.com\/pt-pt\/wp-json\/wp\/v2\/users\/932"}],"replies":[{"embeddable":true,"href":"https:\/\/www.versiegelung24.com\/pt-pt\/wp-json\/wp\/v2\/comments?post=22499"}],"version-history":[{"count":3,"href":"https:\/\/www.versiegelung24.com\/pt-pt\/wp-json\/wp\/v2\/pages\/22499\/revisions"}],"predecessor-version":[{"id":167629,"href":"https:\/\/www.versiegelung24.com\/pt-pt\/wp-json\/wp\/v2\/pages\/22499\/revisions\/167629"}],"wp:featuredmedia":[{"embeddable":true,"href":"https:\/\/www.versiegelung24.com\/pt-pt\/wp-json\/wp\/v2\/media\/70720"}],"wp:attachment":[{"href":"https:\/\/www.versiegelung24.com\/pt-pt\/wp-json\/wp\/v2\/media?parent=22499"}],"wp:term":[{"taxonomy":"category","embeddable":true,"href":"https:\/\/www.versiegelung24.com\/pt-pt\/wp-json\/wp\/v2\/categories?post=22499"},{"taxonomy":"seiten_kategorie","embeddable":true,"href":"https:\/\/www.versiegelung24.com\/pt-pt\/wp-json\/wp\/v2\/seiten_kategorie?post=22499"}],"curies":[{"name":"wp","href":"https:\/\/api.w.org\/{rel}","templated":true}]}}