{"id":22684,"date":"2021-08-02T20:53:13","date_gmt":"2021-08-02T18:53:13","guid":{"rendered":"https:\/\/www.versiegelung24.com\/politica-de-cancelamento-formulario-de-cancelamento"},"modified":"2024-06-25T20:51:09","modified_gmt":"2024-06-25T18:51:09","slug":"politica-de-cancelamento","status":"publish","type":"page","link":"https:\/\/www.versiegelung24.com\/pt-pt\/politica-de-cancelamento-formulario-de-cancelamento\/","title":{"rendered":"Pol\u00edtica de cancelamento &amp; formul\u00e1rio de cancelamento"},"content":{"rendered":"<div class=\"main-container col1-layout\">\n<div class=\"main container\">\n<div class=\"inner-container\">\n<div class=\"col-main\">\n<div class=\"std\">\n<p>Os consumidores t\u00eam o direito de rescis\u00e3o de acordo com as seguintes disposi\u00e7\u00f5es, segundo as quais um consumidor \u00e9 qualquer pessoa singular que conclui uma transac\u00e7\u00e3o legal para fins que n\u00e3o podem ser predominantemente atribu\u00eddos nem \u00e0 sua actividade comercial nem \u00e0 sua actividade profissional independente:<\/p>\n<p><strong>A. Pol\u00edtica de cancelamento<\/strong><\/p>\n<p><strong>Direito de rescis\u00e3o<br \/>\n<\/strong>Tem o direito de rescindir este contrato no prazo de 14 dias sem indicar qualquer motivo.<\/p>\n<p>O prazo de retirada \u00e9 de 14 dias a partir do dia em que o cliente ou um terceiro por si indicado, que n\u00e3o seja o transportador, tomou ou tomou posse da \u00faltima mercadoria.<\/p>\n<p>Para exercer o seu direito de rescis\u00e3o, deve informar-nos (Holger K\u00e4ding, An den Ellmen 14, 53773 Hennef, Tel.: 02242-9695650, e-mail: info@versiegelung24.com) atrav\u00e9s de uma declara\u00e7\u00e3o clara (por exemplo, uma carta ou e-mail enviado por correio) da sua decis\u00e3o de rescis\u00e3o do presente contrato. Pode utilizar o modelo de formul\u00e1rio de retirada em anexo para este fim, o qual, no entanto, n\u00e3o \u00e9 obrigat\u00f3rio.<\/p>\n<p>Para cumprir o per\u00edodo de cancelamento, \u00e9 suficiente que envie a notifica\u00e7\u00e3o do exerc\u00edcio do direito de cancelamento antes do fim do per\u00edodo de cancelamento.<\/p>\n<p><strong><br \/>\nConsequ\u00eancias da rescis\u00e3o<\/strong>Em caso de rescis\u00e3o do contrato, reembolsaremos todos os pagamentos recebidos do cliente, incluindo os custos de entrega (com exce\u00e7\u00e3o dos custos suplementares resultantes da escolha de um tipo de entrega diferente do tipo de entrega normal menos dispendioso por n\u00f3s oferecido), sem demora injustificada e, em qualquer caso, o mais tardar 14 dias a contar do dia em que formos informados da sua decis\u00e3o de rescindir o contrato.<strong><\/strong> Para este reembolso, utilizaremos os mesmos meios de pagamento que utilizou para a transac\u00e7\u00e3o original, salvo acordo expresso em contr\u00e1rio consigo; em caso algum lhe ser\u00e1 cobrado por este reembolso. Podemos recusar o reembolso at\u00e9 termos recebido a mercadoria de volta ou at\u00e9 o cliente ter fornecido prova de que devolveu a mercadoria, o que ocorrer primeiro.<\/p>\n<p>O cliente deve devolver-nos ou entregar os bens imediatamente e, em qualquer caso, o mais tardar catorze dias a partir do dia em que nos notificar da rescis\u00e3o deste contrato. O prazo \u00e9 cumprido se enviar a mercadoria antes do termo do prazo de catorze dias.<\/p>\n<p>Os custos directos da devolu\u00e7\u00e3o dos bens s\u00e3o suportados por si.<\/p>\n<p>S\u00f3 tem de pagar por qualquer perda de valor da mercadoria se essa perda de valor se dever \u00e0 manipula\u00e7\u00e3o da mercadoria que n\u00e3o \u00e9 necess\u00e1ria para testar a qualidade, caracter\u00edsticas e funcionamento da mercadoria.<\/p>\n<p>Exclus\u00e3o ou expira\u00e7\u00e3o prematura do direito de retracta\u00e7\u00e3o<\/p>\n<p>O direito de rescis\u00e3o expira prematuramente para contratos de entrega de grava\u00e7\u00f5es de som ou v\u00eddeo ou software inform\u00e1tico numa embalagem selada, se o selo tiver sido removido ap\u00f3s a entrega.<\/p>\n<p><strong>B. Formul\u00e1rio de retirada<\/strong><\/p>\n<p>Se desejar cancelar o contrato, queira preencher e devolver este formul\u00e1rio.<\/p>\n<p>Para<\/p>\n<p>samstore.de<\/p>\n<p>Holger K\u00e4ding<br \/>\nAn den Ellmen 14<br \/>\n53773 Hennef<br \/>\nAlemanha<br \/>\nE-mail: info@versiegelung24.com<\/p>\n<p>Eu\/N\u00f3s (*) revogo o contrato por mim\/n\u00f3s (*) para a compra dos seguintes bens (*)\/a presta\u00e7\u00e3o do seguinte servi\u00e7o (*)<\/p>\n<p>_______________________________________________________<\/p>\n<p>_______________________________________________________<\/p>\n<p>Encomendado em (*) ____________ \/ recebido em (*) __________________<\/p>\n<p>________________________________________________________<\/p>\n<p>Nome do(s) consumidor(es)<\/p>\n<p>________________________________________________________<\/p>\n<p>Endere\u00e7o do(s) consumidor(es)<\/p>\n<p>________________________________________________________<\/p>\n<p>Assinatura do(s) consumidor(es) (apenas em caso de notifica\u00e7\u00e3o em papel)<\/p>\n<p>_________________________<\/p>\n<p>Data<\/p>\n<p>(*) Eliminar como aplic\u00e1vel<\/p>\n<\/div>\n<\/div>\n<div class=\"postscript\"><\/div>\n<\/div>\n<\/div>\n<div class=\"main-bottom-container\"><\/div>\n<\/div>\n<div class=\"footer-container\">\n<div class=\"footer-container2\">\n<div class=\"footer-container3\">\n<div class=\"footer-primary-container section-container\">\n<div class=\"footer-primary footer container\">\n<div class=\"inner-container\">\n<div class=\"clearer\">\n<div class=\"grid12-3\">\n<div class=\"std\">\n<div class=\"collapsible mobile-collapsible\"><\/div>\n<\/div>\n<\/div>\n<\/div>\n<\/div>\n<\/div>\n<\/div>\n<\/div>\n<\/div>\n<\/div>\n","protected":false},"excerpt":{"rendered":"<p>Os consumidores t\u00eam o direito de rescis\u00e3o de acordo com as seguintes disposi\u00e7\u00f5es, segundo as quais um consumidor \u00e9 qualquer pessoa singular que conclui uma transac\u00e7\u00e3o legal para fins que n\u00e3o podem ser predominantemente atribu\u00eddos nem \u00e0 sua actividade comercial nem \u00e0 sua actividade profissional independente: A. Pol\u00edtica de cancelamento Direito de rescis\u00e3o Tem o&hellip;&nbsp;<a href=\"https:\/\/www.versiegelung24.com\/pt-pt\/politica-de-cancelamento-formulario-de-cancelamento\/\" rel=\"bookmark\">Read More &raquo;<span class=\"screen-reader-text\">Pol\u00edtica de cancelamento &amp; formul\u00e1rio de cancelamento<\/span><\/a><\/p>\n","protected":false},"author":932,"featured_media":71030,"parent":0,"menu_order":0,"comment_status":"closed","ping_status":"closed","template":"","meta":{"_acf_changed":false,"neve_meta_sidebar":"","neve_meta_container":"","neve_meta_enable_content_width":"","neve_meta_content_width":0,"neve_meta_title_alignment":"","neve_meta_author_avatar":"","neve_post_elements_order":"","neve_meta_disable_header":"","neve_meta_disable_footer":"","neve_meta_disable_title":"","neve_meta_reading_time":"","footnotes":""},"categories":[],"seiten_kategorie":[],"class_list":["post-22684","page","type-page","status-publish","has-post-thumbnail","hentry"],"acf":[],"yoast_head":"<!-- This site is optimized with the Yoast SEO Premium plugin v22.8 (Yoast SEO v27.5) - https:\/\/yoast.com\/product\/yoast-seo-premium-wordpress\/ -->\n<title>Pol\u00edtica de cancelamento &amp; formul\u00e1rio de cancelamento - versiegelung24.com<\/title>\n<meta name=\"robots\" content=\"index, follow, max-snippet:-1, max-image-preview:large, max-video-preview:-1\" \/>\n<link rel=\"canonical\" href=\"https:\/\/www.versiegelung24.com\/pt-pt\/politica-de-cancelamento-formulario-de-cancelamento\/\" \/>\n<meta property=\"og:locale\" content=\"pt_PT\" \/>\n<meta property=\"og:type\" content=\"article\" \/>\n<meta property=\"og:title\" content=\"Pol\u00edtica de cancelamento &amp; formul\u00e1rio de cancelamento\" \/>\n<meta property=\"og:description\" content=\"Os consumidores t\u00eam o direito de rescis\u00e3o de acordo com as seguintes disposi\u00e7\u00f5es, segundo as quais um consumidor \u00e9 qualquer pessoa singular que conclui uma transac\u00e7\u00e3o legal para fins que n\u00e3o podem ser predominantemente atribu\u00eddos nem \u00e0 sua actividade comercial nem \u00e0 sua actividade profissional independente: A. Pol\u00edtica de cancelamento Direito de rescis\u00e3o Tem o&hellip;&nbsp;Read More &raquo;Pol\u00edtica de cancelamento &amp; formul\u00e1rio de cancelamento\" \/>\n<meta property=\"og:url\" content=\"https:\/\/www.versiegelung24.com\/pt-pt\/politica-de-cancelamento-formulario-de-cancelamento\/\" \/>\n<meta property=\"og:site_name\" content=\"versiegelung24.com\" \/>\n<meta property=\"article:modified_time\" content=\"2024-06-25T18:51:09+00:00\" \/>\n<meta property=\"og:image\" content=\"https:\/\/www.versiegelung24.com\/wp-content\/uploads\/2022\/02\/Widerruf.png\" \/>\n\t<meta property=\"og:image:width\" content=\"2000\" \/>\n\t<meta property=\"og:image:height\" content=\"2000\" \/>\n\t<meta property=\"og:image:type\" content=\"image\/png\" \/>\n<meta name=\"twitter:card\" content=\"summary_large_image\" \/>\n<meta name=\"twitter:label1\" content=\"Tempo estimado de leitura\" \/>\n\t<meta name=\"twitter:data1\" content=\"3 minutos\" \/>\n<script type=\"application\/ld+json\" class=\"yoast-schema-graph\">{\"@context\":\"https:\\\/\\\/schema.org\",\"@graph\":[{\"@type\":\"WebPage\",\"@id\":\"https:\\\/\\\/www.versiegelung24.com\\\/pt-pt\\\/politica-de-cancelamento-formulario-de-cancelamento\\\/\",\"url\":\"https:\\\/\\\/www.versiegelung24.com\\\/pt-pt\\\/politica-de-cancelamento-formulario-de-cancelamento\\\/\",\"name\":\"Pol\u00edtica de cancelamento &amp; formul\u00e1rio de cancelamento - versiegelung24.com\",\"isPartOf\":{\"@id\":\"https:\\\/\\\/www.versiegelung24.com\\\/pt-pt\\\/#website\"},\"primaryImageOfPage\":{\"@id\":\"https:\\\/\\\/www.versiegelung24.com\\\/pt-pt\\\/politica-de-cancelamento-formulario-de-cancelamento\\\/#primaryimage\"},\"image\":{\"@id\":\"https:\\\/\\\/www.versiegelung24.com\\\/pt-pt\\\/politica-de-cancelamento-formulario-de-cancelamento\\\/#primaryimage\"},\"thumbnailUrl\":\"https:\\\/\\\/www.versiegelung24.com\\\/wp-content\\\/uploads\\\/2022\\\/02\\\/Widerruf.png\",\"datePublished\":\"2021-08-02T18:53:13+00:00\",\"dateModified\":\"2024-06-25T18:51:09+00:00\",\"breadcrumb\":{\"@id\":\"https:\\\/\\\/www.versiegelung24.com\\\/pt-pt\\\/politica-de-cancelamento-formulario-de-cancelamento\\\/#breadcrumb\"},\"inLanguage\":\"pt-PT\",\"potentialAction\":[{\"@type\":\"ReadAction\",\"target\":[\"https:\\\/\\\/www.versiegelung24.com\\\/pt-pt\\\/politica-de-cancelamento-formulario-de-cancelamento\\\/\"]}]},{\"@type\":\"ImageObject\",\"inLanguage\":\"pt-PT\",\"@id\":\"https:\\\/\\\/www.versiegelung24.com\\\/pt-pt\\\/politica-de-cancelamento-formulario-de-cancelamento\\\/#primaryimage\",\"url\":\"https:\\\/\\\/www.versiegelung24.com\\\/wp-content\\\/uploads\\\/2022\\\/02\\\/Widerruf.png\",\"contentUrl\":\"https:\\\/\\\/www.versiegelung24.com\\\/wp-content\\\/uploads\\\/2022\\\/02\\\/Widerruf.png\",\"width\":2000,\"height\":2000},{\"@type\":\"BreadcrumbList\",\"@id\":\"https:\\\/\\\/www.versiegelung24.com\\\/pt-pt\\\/politica-de-cancelamento-formulario-de-cancelamento\\\/#breadcrumb\",\"itemListElement\":[{\"@type\":\"ListItem\",\"position\":1,\"name\":\"P\u00e1gina inicial\",\"item\":\"https:\\\/\\\/www.versiegelung24.com\\\/pt-pt\\\/frente\\\/\"},{\"@type\":\"ListItem\",\"position\":2,\"name\":\"Pol\u00edtica de cancelamento &amp; formul\u00e1rio de cancelamento\"}]},{\"@type\":\"WebSite\",\"@id\":\"https:\\\/\\\/www.versiegelung24.com\\\/pt-pt\\\/#website\",\"url\":\"https:\\\/\\\/www.versiegelung24.com\\\/pt-pt\\\/\",\"name\":\"versiegelung24.com\",\"description\":\"Fl\u00fcssigglas-Versiegelung - Made in Germany\",\"publisher\":{\"@id\":\"https:\\\/\\\/www.versiegelung24.com\\\/pt-pt\\\/#organization\"},\"potentialAction\":[{\"@type\":\"SearchAction\",\"target\":{\"@type\":\"EntryPoint\",\"urlTemplate\":\"https:\\\/\\\/www.versiegelung24.com\\\/pt-pt\\\/?s={search_term_string}\"},\"query-input\":{\"@type\":\"PropertyValueSpecification\",\"valueRequired\":true,\"valueName\":\"search_term_string\"}}],\"inLanguage\":\"pt-PT\"},{\"@type\":\"Organization\",\"@id\":\"https:\\\/\\\/www.versiegelung24.com\\\/pt-pt\\\/#organization\",\"name\":\"versiegelung24\",\"url\":\"https:\\\/\\\/www.versiegelung24.com\\\/pt-pt\\\/\",\"logo\":{\"@type\":\"ImageObject\",\"inLanguage\":\"pt-PT\",\"@id\":\"https:\\\/\\\/www.versiegelung24.com\\\/pt-pt\\\/#\\\/schema\\\/logo\\\/image\\\/\",\"url\":\"https:\\\/\\\/www.versiegelung24.com\\\/wp-content\\\/uploads\\\/2020\\\/04\\\/versiegelung24.png\",\"contentUrl\":\"https:\\\/\\\/www.versiegelung24.com\\\/wp-content\\\/uploads\\\/2020\\\/04\\\/versiegelung24.png\",\"width\":470,\"height\":102,\"caption\":\"versiegelung24\"},\"image\":{\"@id\":\"https:\\\/\\\/www.versiegelung24.com\\\/pt-pt\\\/#\\\/schema\\\/logo\\\/image\\\/\"}}]}<\/script>\n<!-- \/ Yoast SEO Premium plugin. -->","yoast_head_json":{"title":"Pol\u00edtica de cancelamento &amp; formul\u00e1rio de cancelamento - versiegelung24.com","robots":{"index":"index","follow":"follow","max-snippet":"max-snippet:-1","max-image-preview":"max-image-preview:large","max-video-preview":"max-video-preview:-1"},"canonical":"https:\/\/www.versiegelung24.com\/pt-pt\/politica-de-cancelamento-formulario-de-cancelamento\/","og_locale":"pt_PT","og_type":"article","og_title":"Pol\u00edtica de cancelamento &amp; formul\u00e1rio de cancelamento","og_description":"Os consumidores t\u00eam o direito de rescis\u00e3o de acordo com as seguintes disposi\u00e7\u00f5es, segundo as quais um consumidor \u00e9 qualquer pessoa singular que conclui uma transac\u00e7\u00e3o legal para fins que n\u00e3o podem ser predominantemente atribu\u00eddos nem \u00e0 sua actividade comercial nem \u00e0 sua actividade profissional independente: A. Pol\u00edtica de cancelamento Direito de rescis\u00e3o Tem o&hellip;&nbsp;Read More &raquo;Pol\u00edtica de cancelamento &amp; formul\u00e1rio de cancelamento","og_url":"https:\/\/www.versiegelung24.com\/pt-pt\/politica-de-cancelamento-formulario-de-cancelamento\/","og_site_name":"versiegelung24.com","article_modified_time":"2024-06-25T18:51:09+00:00","og_image":[{"width":2000,"height":2000,"url":"https:\/\/www.versiegelung24.com\/wp-content\/uploads\/2022\/02\/Widerruf.png","type":"image\/png"}],"twitter_card":"summary_large_image","twitter_misc":{"Tempo estimado de leitura":"3 minutos"},"schema":{"@context":"https:\/\/schema.org","@graph":[{"@type":"WebPage","@id":"https:\/\/www.versiegelung24.com\/pt-pt\/politica-de-cancelamento-formulario-de-cancelamento\/","url":"https:\/\/www.versiegelung24.com\/pt-pt\/politica-de-cancelamento-formulario-de-cancelamento\/","name":"Pol\u00edtica de cancelamento &amp; formul\u00e1rio de cancelamento - versiegelung24.com","isPartOf":{"@id":"https:\/\/www.versiegelung24.com\/pt-pt\/#website"},"primaryImageOfPage":{"@id":"https:\/\/www.versiegelung24.com\/pt-pt\/politica-de-cancelamento-formulario-de-cancelamento\/#primaryimage"},"image":{"@id":"https:\/\/www.versiegelung24.com\/pt-pt\/politica-de-cancelamento-formulario-de-cancelamento\/#primaryimage"},"thumbnailUrl":"https:\/\/www.versiegelung24.com\/wp-content\/uploads\/2022\/02\/Widerruf.png","datePublished":"2021-08-02T18:53:13+00:00","dateModified":"2024-06-25T18:51:09+00:00","breadcrumb":{"@id":"https:\/\/www.versiegelung24.com\/pt-pt\/politica-de-cancelamento-formulario-de-cancelamento\/#breadcrumb"},"inLanguage":"pt-PT","potentialAction":[{"@type":"ReadAction","target":["https:\/\/www.versiegelung24.com\/pt-pt\/politica-de-cancelamento-formulario-de-cancelamento\/"]}]},{"@type":"ImageObject","inLanguage":"pt-PT","@id":"https:\/\/www.versiegelung24.com\/pt-pt\/politica-de-cancelamento-formulario-de-cancelamento\/#primaryimage","url":"https:\/\/www.versiegelung24.com\/wp-content\/uploads\/2022\/02\/Widerruf.png","contentUrl":"https:\/\/www.versiegelung24.com\/wp-content\/uploads\/2022\/02\/Widerruf.png","width":2000,"height":2000},{"@type":"BreadcrumbList","@id":"https:\/\/www.versiegelung24.com\/pt-pt\/politica-de-cancelamento-formulario-de-cancelamento\/#breadcrumb","itemListElement":[{"@type":"ListItem","position":1,"name":"P\u00e1gina inicial","item":"https:\/\/www.versiegelung24.com\/pt-pt\/frente\/"},{"@type":"ListItem","position":2,"name":"Pol\u00edtica de cancelamento &amp; formul\u00e1rio de cancelamento"}]},{"@type":"WebSite","@id":"https:\/\/www.versiegelung24.com\/pt-pt\/#website","url":"https:\/\/www.versiegelung24.com\/pt-pt\/","name":"versiegelung24.com","description":"Fl\u00fcssigglas-Versiegelung - Made in Germany","publisher":{"@id":"https:\/\/www.versiegelung24.com\/pt-pt\/#organization"},"potentialAction":[{"@type":"SearchAction","target":{"@type":"EntryPoint","urlTemplate":"https:\/\/www.versiegelung24.com\/pt-pt\/?s={search_term_string}"},"query-input":{"@type":"PropertyValueSpecification","valueRequired":true,"valueName":"search_term_string"}}],"inLanguage":"pt-PT"},{"@type":"Organization","@id":"https:\/\/www.versiegelung24.com\/pt-pt\/#organization","name":"versiegelung24","url":"https:\/\/www.versiegelung24.com\/pt-pt\/","logo":{"@type":"ImageObject","inLanguage":"pt-PT","@id":"https:\/\/www.versiegelung24.com\/pt-pt\/#\/schema\/logo\/image\/","url":"https:\/\/www.versiegelung24.com\/wp-content\/uploads\/2020\/04\/versiegelung24.png","contentUrl":"https:\/\/www.versiegelung24.com\/wp-content\/uploads\/2020\/04\/versiegelung24.png","width":470,"height":102,"caption":"versiegelung24"},"image":{"@id":"https:\/\/www.versiegelung24.com\/pt-pt\/#\/schema\/logo\/image\/"}}]}},"_links":{"self":[{"href":"https:\/\/www.versiegelung24.com\/pt-pt\/wp-json\/wp\/v2\/pages\/22684","targetHints":{"allow":["GET"]}}],"collection":[{"href":"https:\/\/www.versiegelung24.com\/pt-pt\/wp-json\/wp\/v2\/pages"}],"about":[{"href":"https:\/\/www.versiegelung24.com\/pt-pt\/wp-json\/wp\/v2\/types\/page"}],"author":[{"embeddable":true,"href":"https:\/\/www.versiegelung24.com\/pt-pt\/wp-json\/wp\/v2\/users\/932"}],"replies":[{"embeddable":true,"href":"https:\/\/www.versiegelung24.com\/pt-pt\/wp-json\/wp\/v2\/comments?post=22684"}],"version-history":[{"count":3,"href":"https:\/\/www.versiegelung24.com\/pt-pt\/wp-json\/wp\/v2\/pages\/22684\/revisions"}],"predecessor-version":[{"id":167644,"href":"https:\/\/www.versiegelung24.com\/pt-pt\/wp-json\/wp\/v2\/pages\/22684\/revisions\/167644"}],"wp:featuredmedia":[{"embeddable":true,"href":"https:\/\/www.versiegelung24.com\/pt-pt\/wp-json\/wp\/v2\/media\/71030"}],"wp:attachment":[{"href":"https:\/\/www.versiegelung24.com\/pt-pt\/wp-json\/wp\/v2\/media?parent=22684"}],"wp:term":[{"taxonomy":"category","embeddable":true,"href":"https:\/\/www.versiegelung24.com\/pt-pt\/wp-json\/wp\/v2\/categories?post=22684"},{"taxonomy":"seiten_kategorie","embeddable":true,"href":"https:\/\/www.versiegelung24.com\/pt-pt\/wp-json\/wp\/v2\/seiten_kategorie?post=22684"}],"curies":[{"name":"wp","href":"https:\/\/api.w.org\/{rel}","templated":true}]}}