{"id":41105,"date":"2021-12-14T14:16:07","date_gmt":"2021-12-14T13:16:07","guid":{"rendered":"https:\/\/www.versiegelung24.com\/guia-para-os-produtos-da-versiegelung24\/know-how\/protecao-de-graffiti"},"modified":"2024-09-01T18:17:00","modified_gmt":"2024-09-01T16:17:00","slug":"protecao-contra-graffiti-com-vidro-liquido","status":"publish","type":"page","link":"https:\/\/www.versiegelung24.com\/pt-pt\/guia-para-os-produtos-da-versiegelung24\/know-how\/protecao-de-graffiti\/","title":{"rendered":"Protec\u00e7\u00e3o da fachada contra graffiti"},"content":{"rendered":"\n<h1 class=\"wp-block-heading\" id=\"h-graffiti-schutz-mit-flussigglas\">Protec\u00e7\u00e3o contra graffiti com vidro l\u00edquido<\/h1>\n\n<p>Este v\u00eddeo deve ser particularmente interessante para as cidades e munic\u00edpios ou tamb\u00e9m para os propriet\u00e1rios de im\u00f3veis lesados que j\u00e1 tiveram de sofrer contamina\u00e7\u00e3o por pulverizadores de graffiti. As cores dos &#8220;artistas&#8221; s\u00e3o persistentes e penetram no bet\u00e3o ou na pedra quando pulverizadas. Consequentemente, a remo\u00e7\u00e3o dos graffiti \u00e9 muito dispendiosa e morosa, sendo geralmente efectuada por profissionais.<\/p>\n\n<figure class=\"wp-block-embed aligncenter is-type-video is-provider-youtube wp-block-embed-youtube wp-embed-aspect-16-9 wp-has-aspect-ratio\"><div class=\"wp-block-embed__wrapper\"> \n<div class=\"nv-iframe-embed\"><iframe title=\"Graffiti Protection Pro 626 - How does it work?\" width=\"1200\" height=\"675\" src=\"https:\/\/www.youtube.com\/embed\/dP9jGmUvoek?feature=oembed\" frameborder=\"0\" allow=\"accelerometer; autoplay; clipboard-write; encrypted-media; gyroscope; picture-in-picture\" allowfullscreen><\/iframe><\/div>\n <\/div><\/figure>\n\n<div class=\"wp-block-columns is-layout-flex wp-container-core-columns-is-layout-9d6595d7 wp-block-columns-is-layout-flex\">\n<div class=\"wp-block-column is-layout-flow wp-block-column-is-layout-flow\" style=\"flex-basis:66.66%\">\n<p>O v\u00eddeo mostra a compara\u00e7\u00e3o com dois tijolos de bet\u00e3o:<\/p>\n\n\n\n<p><a href=\"https:\/\/www.versiegelung24.com\/pt-pt\/anti-graffiti-protetor-de-pintura-fachada-altamente-eficaz.html\">Uma pedra est\u00e1 completamente selada com vidro l\u00edquido<\/a>, a outra n\u00e3o. Agora, como contrapartida ao spray de cor, desenhe uma cruz na respectiva pedra com um marcador. Tamb\u00e9m aqui se pode ver imediatamente &#8211; com a pedra n\u00e3o tratada, a cor preta impregna-se imediatamente, a cruz \u00e9 claramente vis\u00edvel. Com a pedra selada, a tinta n\u00e3o consegue penetrar no <a href=\"https:\/\/www.versiegelung24.com\/pt-pt\/anti-graffiti-protetor-de-pintura-fachada-altamente-eficaz.html\" target=\"_blank\" rel=\"noreferrer noopener\">vidro l\u00edquido<\/a>, o que significa que n\u00e3o h\u00e1 ader\u00eancia. Por conseguinte, a cruz \u00e9 apenas ligeiramente vis\u00edvel e s\u00f3 pode ser removida com \u00e1gua sem deixar res\u00edduos. No v\u00eddeo, tenta-se em v\u00e3o com o tijolo n\u00e3o tratado. Em muitos casos, a limpeza pode ser feita apenas com \u00e1gua, mas a efic\u00e1cia pode variar consoante o tipo de graffiti.<\/p>\n\n\n\n<p>O revestimento l\u00edquido de vidro pode ser utilizado para proteger a superf\u00edcie dos graffiti.\nQuando aplicado corretamente e em condi\u00e7\u00f5es favor\u00e1veis, o efeito protetor pode durar at\u00e9 20 anos. <\/p>\n\n\n\n<p>V\u00ea o v\u00eddeo para ver como \u00e9 f\u00e1cil selar o bet\u00e3o: Antes de aplicar o revestimento de vidro l\u00edquido, a superf\u00edcie deve ser cuidadosamente limpa e seca para garantir que o selante adere da melhor forma e \u00e9 distribu\u00eddo uniformemente.<\/p>\n<\/div>\n\n\n\n<div class=\"wp-block-column is-layout-flow wp-block-column-is-layout-flow\" style=\"flex-basis:33.33%\"><div class=\"wp-block-image\">\n<figure class=\"alignright size-full is-resized\"><img fetchpriority=\"high\" decoding=\"async\" width=\"1000\" height=\"1000\" src=\"https:\/\/www.versiegelung24.com\/wp-content\/uploads\/2021\/12\/graf-1.jpg\" alt=\"\" class=\"wp-image-40868\" style=\"width:313px;height:313px\" srcset=\"https:\/\/www.versiegelung24.com\/wp-content\/uploads\/2021\/12\/graf-1.jpg 1000w, https:\/\/www.versiegelung24.com\/wp-content\/uploads\/2021\/12\/graf-1-400x400.jpg 400w, https:\/\/www.versiegelung24.com\/wp-content\/uploads\/2021\/12\/graf-1-100x100.jpg 100w, https:\/\/www.versiegelung24.com\/wp-content\/uploads\/2021\/12\/graf-1-600x600.jpg 600w, https:\/\/www.versiegelung24.com\/wp-content\/uploads\/2021\/12\/graf-1-300x300.jpg 300w, https:\/\/www.versiegelung24.com\/wp-content\/uploads\/2021\/12\/graf-1-80x80.jpg 80w, https:\/\/www.versiegelung24.com\/wp-content\/uploads\/2021\/12\/graf-1-768x768.jpg 768w\" sizes=\"(max-width: 1000px) 100vw, 1000px\" \/><\/figure>\n<\/div><\/div>\n<\/div>\n<div class=\"woocommerce columns-4 \"><ul class=\"products columns-4\">\n<li class=\"product type-product post-23943 status-publish first instock product_cat-selo-de-pedra-e-concreto has-post-thumbnail taxable shipping-taxable purchasable product-type-variable has-default-attributes\">\n\t<div class=\"nv-card-content-wrapper\"><a href=\"https:\/\/www.versiegelung24.com\/pt-pt\/anti-graffiti-protetor-de-pintura-fachada-altamente-eficaz.html\" class=\"woocommerce-LoopProduct-link woocommerce-loop-product__link\"><div class=\"sp-product-image \"><div class=\"img-wrap\"><img decoding=\"async\" width=\"400\" height=\"400\" src=\"https:\/\/www.versiegelung24.com\/wp-content\/uploads\/2020\/04\/7626-anti-graffiti-400x400.webp\" class=\"attachment-woocommerce_thumbnail size-woocommerce_thumbnail\" alt=\"Revestimento de prote\u00e7\u00e3o contra graffiti - Revestimento anti graffiti\" srcset=\"https:\/\/www.versiegelung24.com\/wp-content\/uploads\/2020\/04\/7626-anti-graffiti-400x400.webp 400w, https:\/\/www.versiegelung24.com\/wp-content\/uploads\/2020\/04\/7626-anti-graffiti-300x300.webp 300w, https:\/\/www.versiegelung24.com\/wp-content\/uploads\/2020\/04\/7626-anti-graffiti-1300x1300.webp 1300w, https:\/\/www.versiegelung24.com\/wp-content\/uploads\/2020\/04\/7626-anti-graffiti-80x80.webp 80w, https:\/\/www.versiegelung24.com\/wp-content\/uploads\/2020\/04\/7626-anti-graffiti-768x768.webp 768w, https:\/\/www.versiegelung24.com\/wp-content\/uploads\/2020\/04\/7626-anti-graffiti-1536x1536.webp 1536w, https:\/\/www.versiegelung24.com\/wp-content\/uploads\/2020\/04\/7626-anti-graffiti-2048x2048.webp 2048w, https:\/\/www.versiegelung24.com\/wp-content\/uploads\/2020\/04\/7626-anti-graffiti-70x70.webp 70w, https:\/\/www.versiegelung24.com\/wp-content\/uploads\/2020\/04\/7626-anti-graffiti-600x600.webp 600w, https:\/\/www.versiegelung24.com\/wp-content\/uploads\/2020\/04\/7626-anti-graffiti-100x100.webp 100w\" sizes=\"(max-width: 400px) 100vw, 400px\" \/><\/div><\/div><h2 class=\"woocommerce-loop-product__title\">Revestimento de prote\u00e7\u00e3o contra graffiti &#8211; Revestimento anti graffiti<\/h2>\n\t<span class=\"price\"><span class=\"woocommerce-Price-amount amount\"><bdi>359,00<span class=\"woocommerce-Price-currencySymbol\">&euro;<\/span><\/bdi><\/span><\/span>\n\n\n\t<p class=\"price price-unit smaller wc-gzd-additional-info wc-gzd-additional-info-loop\">(<span class=\"woocommerce-Price-amount amount\">71,80<span class=\"woocommerce-Price-currencySymbol\">&euro;<\/span><\/span> \/ <span class=\"unit\">l<\/span>)<\/p>\n\n<\/a>\t\t<p class=\"artikelnummer wc-gzd-additional-info\">\n\t\t\tREF: 9201-7626-5000\t\t<\/p>\n\t\t\n\t<p class=\"wc-gzd-additional-info wc-gzd-additional-info-loop product-units-wrapper product-units\">Conte\u00fado: 5 <span class=\"unit\">l<\/span><\/p>\n\t\t<p class=\"lagerbestand wc-gzd-additional-info\">\n\t\t\t<strong>\n\t\t\t\tInvent\u00e1rio\t\t\t\t:\n\t\t\t<\/strong>\n\t\t\tEm stock\t\t<\/p>\n\t\t\n\t<p class=\"wc-gzd-additional-info delivery-time-info wc-gzd-additional-info-loop\"><span class=\"delivery-time-inner delivery-time-7-dias-teis\">Prazo de entrega:  <span class=\"delivery-time-data\">7 dias \u00fateis<\/span><\/span><\/p>\n\n\t<p class=\"wc-gzd-additional-info wc-gzd-additional-info-loop tax-info\">incl. VAT<\/p>\n\n\t<p class=\"wc-gzd-additional-info wc-gzd-additional-info-loop shipping-costs-info\">mais  <a href=\"https:\/\/www.versiegelung24.com\/pt-pt\/guia-para-os-produtos-da-versiegelung24\/custos-de-envio\/\" target=\"_blank\">Custos de envio<\/a><\/p>\n<a href=\"https:\/\/www.versiegelung24.com\/pt-pt\/anti-graffiti-protetor-de-pintura-fachada-altamente-eficaz.html\" aria-describedby=\"woocommerce_loop_add_to_cart_link_describedby_23943\" data-quantity=\"1\" class=\"button product_type_variable add_to_cart_button\" data-product_id=\"23943\" data-product_sku=\"9201-7626-5000\" aria-label=\"Seleccione as op\u00e7\u00f5es para &ldquo;Revestimento de prote\u00e7\u00e3o contra graffiti - Revestimento anti graffiti&rdquo;\" rel=\"nofollow\">Ver op\u00e7\u00f5es<\/a>\t<span id=\"woocommerce_loop_add_to_cart_link_describedby_23943\" class=\"screen-reader-text\">\n\t\tThis product has multiple variants. The options may be chosen on the product page\t<\/span>\n<\/div><\/li>\n<\/ul>\n<\/div>\n\n","protected":false},"excerpt":{"rendered":"<p>Declarar guerra aos graffiti &#8211; prote\u00e7\u00e3o eficaz para a sua fachada com vidro l\u00edquido.<\/p>\n","protected":false},"author":932,"featured_media":40886,"parent":34643,"menu_order":0,"comment_status":"closed","ping_status":"closed","template":"","meta":{"_acf_changed":false,"neve_meta_sidebar":"full-width","neve_meta_container":"","neve_meta_enable_content_width":"on","neve_meta_content_width":100,"neve_meta_title_alignment":"","neve_meta_author_avatar":"","neve_post_elements_order":"","neve_meta_disable_header":"","neve_meta_disable_footer":"","neve_meta_disable_title":"","neve_meta_reading_time":"","footnotes":""},"categories":[3600,3499],"seiten_kategorie":[3843],"class_list":["post-41105","page","type-page","status-publish","has-post-thumbnail","hentry","category-casa-e-jardim","category-artigo-de-aconselhamento-revista"],"acf":[],"yoast_head":"<!-- This site is optimized with the Yoast SEO Premium plugin v22.8 (Yoast SEO v27.5) - https:\/\/yoast.com\/product\/yoast-seo-premium-wordpress\/ -->\n<title>Liquid Gals Sealer - Protec\u00e7\u00e3o da fachada contra graffiti - versiegelung24.com<\/title>\n<meta name=\"description\" content=\"Selante l\u00edquido para protec\u00e7\u00e3o contra graffiti. Descubra connosco como pode proteger os seus bens.\" \/>\n<meta name=\"robots\" content=\"index, follow, max-snippet:-1, max-image-preview:large, max-video-preview:-1\" \/>\n<link rel=\"canonical\" href=\"https:\/\/www.versiegelung24.com\/pt-pt\/guia-para-os-produtos-da-versiegelung24\/know-how\/protecao-de-graffiti\/\" \/>\n<meta property=\"og:locale\" content=\"pt_PT\" \/>\n<meta property=\"og:type\" content=\"article\" \/>\n<meta property=\"og:title\" content=\"Protec\u00e7\u00e3o da fachada contra graffiti\" \/>\n<meta property=\"og:description\" content=\"Selante l\u00edquido para protec\u00e7\u00e3o contra graffiti. Descubra connosco como pode proteger os seus bens.\" \/>\n<meta property=\"og:url\" content=\"https:\/\/www.versiegelung24.com\/pt-pt\/guia-para-os-produtos-da-versiegelung24\/know-how\/protecao-de-graffiti\/\" \/>\n<meta property=\"og:site_name\" content=\"versiegelung24.com\" \/>\n<meta property=\"article:modified_time\" content=\"2024-09-01T16:17:00+00:00\" \/>\n<meta property=\"og:image\" content=\"https:\/\/www.versiegelung24.com\/wp-content\/uploads\/2021\/12\/graf-1.jpg\" \/>\n\t<meta property=\"og:image:width\" content=\"1000\" \/>\n\t<meta property=\"og:image:height\" content=\"1000\" \/>\n\t<meta property=\"og:image:type\" content=\"image\/jpeg\" \/>\n<meta name=\"twitter:card\" content=\"summary_large_image\" \/>\n<meta name=\"twitter:label1\" content=\"Tempo estimado de leitura\" \/>\n\t<meta name=\"twitter:data1\" content=\"2 minutos\" \/>\n<script type=\"application\/ld+json\" class=\"yoast-schema-graph\">{\"@context\":\"https:\\\/\\\/schema.org\",\"@graph\":[{\"@type\":\"WebPage\",\"@id\":\"https:\\\/\\\/www.versiegelung24.com\\\/pt-pt\\\/guia-para-os-produtos-da-versiegelung24\\\/know-how\\\/protecao-de-graffiti\\\/\",\"url\":\"https:\\\/\\\/www.versiegelung24.com\\\/pt-pt\\\/guia-para-os-produtos-da-versiegelung24\\\/know-how\\\/protecao-de-graffiti\\\/\",\"name\":\"Liquid Gals Sealer - Protec\u00e7\u00e3o da fachada contra graffiti - versiegelung24.com\",\"isPartOf\":{\"@id\":\"https:\\\/\\\/www.versiegelung24.com\\\/pt-pt\\\/#website\"},\"primaryImageOfPage\":{\"@id\":\"https:\\\/\\\/www.versiegelung24.com\\\/pt-pt\\\/guia-para-os-produtos-da-versiegelung24\\\/know-how\\\/protecao-de-graffiti\\\/#primaryimage\"},\"image\":{\"@id\":\"https:\\\/\\\/www.versiegelung24.com\\\/pt-pt\\\/guia-para-os-produtos-da-versiegelung24\\\/know-how\\\/protecao-de-graffiti\\\/#primaryimage\"},\"thumbnailUrl\":\"https:\\\/\\\/www.versiegelung24.com\\\/wp-content\\\/uploads\\\/2021\\\/12\\\/graf-1.jpg\",\"datePublished\":\"2021-12-14T13:16:07+00:00\",\"dateModified\":\"2024-09-01T16:17:00+00:00\",\"description\":\"Selante l\u00edquido para protec\u00e7\u00e3o contra graffiti. Descubra connosco como pode proteger os seus bens.\",\"breadcrumb\":{\"@id\":\"https:\\\/\\\/www.versiegelung24.com\\\/pt-pt\\\/guia-para-os-produtos-da-versiegelung24\\\/know-how\\\/protecao-de-graffiti\\\/#breadcrumb\"},\"inLanguage\":\"pt-PT\",\"potentialAction\":[{\"@type\":\"ReadAction\",\"target\":[\"https:\\\/\\\/www.versiegelung24.com\\\/pt-pt\\\/guia-para-os-produtos-da-versiegelung24\\\/know-how\\\/protecao-de-graffiti\\\/\"]}]},{\"@type\":\"ImageObject\",\"inLanguage\":\"pt-PT\",\"@id\":\"https:\\\/\\\/www.versiegelung24.com\\\/pt-pt\\\/guia-para-os-produtos-da-versiegelung24\\\/know-how\\\/protecao-de-graffiti\\\/#primaryimage\",\"url\":\"https:\\\/\\\/www.versiegelung24.com\\\/wp-content\\\/uploads\\\/2021\\\/12\\\/graf-1.jpg\",\"contentUrl\":\"https:\\\/\\\/www.versiegelung24.com\\\/wp-content\\\/uploads\\\/2021\\\/12\\\/graf-1.jpg\",\"width\":1000,\"height\":1000},{\"@type\":\"BreadcrumbList\",\"@id\":\"https:\\\/\\\/www.versiegelung24.com\\\/pt-pt\\\/guia-para-os-produtos-da-versiegelung24\\\/know-how\\\/protecao-de-graffiti\\\/#breadcrumb\",\"itemListElement\":[{\"@type\":\"ListItem\",\"position\":1,\"name\":\"P\u00e1gina inicial\",\"item\":\"https:\\\/\\\/www.versiegelung24.com\\\/pt-pt\\\/frente\\\/\"},{\"@type\":\"ListItem\",\"position\":2,\"name\":\"Conselheiro\",\"item\":\"https:\\\/\\\/www.versiegelung24.com\\\/pt-pt\\\/ratgeber\\\/\"},{\"@type\":\"ListItem\",\"position\":3,\"name\":\"Revista\",\"item\":\"https:\\\/\\\/www.versiegelung24.com\\\/pt-pt\\\/ratgeber\\\/magazin\\\/\"},{\"@type\":\"ListItem\",\"position\":4,\"name\":\"Protec\u00e7\u00e3o da fachada contra graffiti\"}]},{\"@type\":\"WebSite\",\"@id\":\"https:\\\/\\\/www.versiegelung24.com\\\/pt-pt\\\/#website\",\"url\":\"https:\\\/\\\/www.versiegelung24.com\\\/pt-pt\\\/\",\"name\":\"versiegelung24.com\",\"description\":\"Fl\u00fcssigglas-Versiegelung - Made in Germany\",\"publisher\":{\"@id\":\"https:\\\/\\\/www.versiegelung24.com\\\/pt-pt\\\/#organization\"},\"potentialAction\":[{\"@type\":\"SearchAction\",\"target\":{\"@type\":\"EntryPoint\",\"urlTemplate\":\"https:\\\/\\\/www.versiegelung24.com\\\/pt-pt\\\/?s={search_term_string}\"},\"query-input\":{\"@type\":\"PropertyValueSpecification\",\"valueRequired\":true,\"valueName\":\"search_term_string\"}}],\"inLanguage\":\"pt-PT\"},{\"@type\":\"Organization\",\"@id\":\"https:\\\/\\\/www.versiegelung24.com\\\/pt-pt\\\/#organization\",\"name\":\"versiegelung24\",\"url\":\"https:\\\/\\\/www.versiegelung24.com\\\/pt-pt\\\/\",\"logo\":{\"@type\":\"ImageObject\",\"inLanguage\":\"pt-PT\",\"@id\":\"https:\\\/\\\/www.versiegelung24.com\\\/pt-pt\\\/#\\\/schema\\\/logo\\\/image\\\/\",\"url\":\"https:\\\/\\\/www.versiegelung24.com\\\/wp-content\\\/uploads\\\/2020\\\/04\\\/versiegelung24.png\",\"contentUrl\":\"https:\\\/\\\/www.versiegelung24.com\\\/wp-content\\\/uploads\\\/2020\\\/04\\\/versiegelung24.png\",\"width\":470,\"height\":102,\"caption\":\"versiegelung24\"},\"image\":{\"@id\":\"https:\\\/\\\/www.versiegelung24.com\\\/pt-pt\\\/#\\\/schema\\\/logo\\\/image\\\/\"}}]}<\/script>\n<!-- \/ Yoast SEO Premium plugin. -->","yoast_head_json":{"title":"Liquid Gals Sealer - Protec\u00e7\u00e3o da fachada contra graffiti - versiegelung24.com","description":"Selante l\u00edquido para protec\u00e7\u00e3o contra graffiti. Descubra connosco como pode proteger os seus bens.","robots":{"index":"index","follow":"follow","max-snippet":"max-snippet:-1","max-image-preview":"max-image-preview:large","max-video-preview":"max-video-preview:-1"},"canonical":"https:\/\/www.versiegelung24.com\/pt-pt\/guia-para-os-produtos-da-versiegelung24\/know-how\/protecao-de-graffiti\/","og_locale":"pt_PT","og_type":"article","og_title":"Protec\u00e7\u00e3o da fachada contra graffiti","og_description":"Selante l\u00edquido para protec\u00e7\u00e3o contra graffiti. Descubra connosco como pode proteger os seus bens.","og_url":"https:\/\/www.versiegelung24.com\/pt-pt\/guia-para-os-produtos-da-versiegelung24\/know-how\/protecao-de-graffiti\/","og_site_name":"versiegelung24.com","article_modified_time":"2024-09-01T16:17:00+00:00","og_image":[{"width":1000,"height":1000,"url":"https:\/\/www.versiegelung24.com\/wp-content\/uploads\/2021\/12\/graf-1.jpg","type":"image\/jpeg"}],"twitter_card":"summary_large_image","twitter_misc":{"Tempo estimado de leitura":"2 minutos"},"schema":{"@context":"https:\/\/schema.org","@graph":[{"@type":"WebPage","@id":"https:\/\/www.versiegelung24.com\/pt-pt\/guia-para-os-produtos-da-versiegelung24\/know-how\/protecao-de-graffiti\/","url":"https:\/\/www.versiegelung24.com\/pt-pt\/guia-para-os-produtos-da-versiegelung24\/know-how\/protecao-de-graffiti\/","name":"Liquid Gals Sealer - Protec\u00e7\u00e3o da fachada contra graffiti - versiegelung24.com","isPartOf":{"@id":"https:\/\/www.versiegelung24.com\/pt-pt\/#website"},"primaryImageOfPage":{"@id":"https:\/\/www.versiegelung24.com\/pt-pt\/guia-para-os-produtos-da-versiegelung24\/know-how\/protecao-de-graffiti\/#primaryimage"},"image":{"@id":"https:\/\/www.versiegelung24.com\/pt-pt\/guia-para-os-produtos-da-versiegelung24\/know-how\/protecao-de-graffiti\/#primaryimage"},"thumbnailUrl":"https:\/\/www.versiegelung24.com\/wp-content\/uploads\/2021\/12\/graf-1.jpg","datePublished":"2021-12-14T13:16:07+00:00","dateModified":"2024-09-01T16:17:00+00:00","description":"Selante l\u00edquido para protec\u00e7\u00e3o contra graffiti. Descubra connosco como pode proteger os seus bens.","breadcrumb":{"@id":"https:\/\/www.versiegelung24.com\/pt-pt\/guia-para-os-produtos-da-versiegelung24\/know-how\/protecao-de-graffiti\/#breadcrumb"},"inLanguage":"pt-PT","potentialAction":[{"@type":"ReadAction","target":["https:\/\/www.versiegelung24.com\/pt-pt\/guia-para-os-produtos-da-versiegelung24\/know-how\/protecao-de-graffiti\/"]}]},{"@type":"ImageObject","inLanguage":"pt-PT","@id":"https:\/\/www.versiegelung24.com\/pt-pt\/guia-para-os-produtos-da-versiegelung24\/know-how\/protecao-de-graffiti\/#primaryimage","url":"https:\/\/www.versiegelung24.com\/wp-content\/uploads\/2021\/12\/graf-1.jpg","contentUrl":"https:\/\/www.versiegelung24.com\/wp-content\/uploads\/2021\/12\/graf-1.jpg","width":1000,"height":1000},{"@type":"BreadcrumbList","@id":"https:\/\/www.versiegelung24.com\/pt-pt\/guia-para-os-produtos-da-versiegelung24\/know-how\/protecao-de-graffiti\/#breadcrumb","itemListElement":[{"@type":"ListItem","position":1,"name":"P\u00e1gina inicial","item":"https:\/\/www.versiegelung24.com\/pt-pt\/frente\/"},{"@type":"ListItem","position":2,"name":"Conselheiro","item":"https:\/\/www.versiegelung24.com\/pt-pt\/ratgeber\/"},{"@type":"ListItem","position":3,"name":"Revista","item":"https:\/\/www.versiegelung24.com\/pt-pt\/ratgeber\/magazin\/"},{"@type":"ListItem","position":4,"name":"Protec\u00e7\u00e3o da fachada contra graffiti"}]},{"@type":"WebSite","@id":"https:\/\/www.versiegelung24.com\/pt-pt\/#website","url":"https:\/\/www.versiegelung24.com\/pt-pt\/","name":"versiegelung24.com","description":"Fl\u00fcssigglas-Versiegelung - Made in Germany","publisher":{"@id":"https:\/\/www.versiegelung24.com\/pt-pt\/#organization"},"potentialAction":[{"@type":"SearchAction","target":{"@type":"EntryPoint","urlTemplate":"https:\/\/www.versiegelung24.com\/pt-pt\/?s={search_term_string}"},"query-input":{"@type":"PropertyValueSpecification","valueRequired":true,"valueName":"search_term_string"}}],"inLanguage":"pt-PT"},{"@type":"Organization","@id":"https:\/\/www.versiegelung24.com\/pt-pt\/#organization","name":"versiegelung24","url":"https:\/\/www.versiegelung24.com\/pt-pt\/","logo":{"@type":"ImageObject","inLanguage":"pt-PT","@id":"https:\/\/www.versiegelung24.com\/pt-pt\/#\/schema\/logo\/image\/","url":"https:\/\/www.versiegelung24.com\/wp-content\/uploads\/2020\/04\/versiegelung24.png","contentUrl":"https:\/\/www.versiegelung24.com\/wp-content\/uploads\/2020\/04\/versiegelung24.png","width":470,"height":102,"caption":"versiegelung24"},"image":{"@id":"https:\/\/www.versiegelung24.com\/pt-pt\/#\/schema\/logo\/image\/"}}]}},"_links":{"self":[{"href":"https:\/\/www.versiegelung24.com\/pt-pt\/wp-json\/wp\/v2\/pages\/41105","targetHints":{"allow":["GET"]}}],"collection":[{"href":"https:\/\/www.versiegelung24.com\/pt-pt\/wp-json\/wp\/v2\/pages"}],"about":[{"href":"https:\/\/www.versiegelung24.com\/pt-pt\/wp-json\/wp\/v2\/types\/page"}],"author":[{"embeddable":true,"href":"https:\/\/www.versiegelung24.com\/pt-pt\/wp-json\/wp\/v2\/users\/932"}],"replies":[{"embeddable":true,"href":"https:\/\/www.versiegelung24.com\/pt-pt\/wp-json\/wp\/v2\/comments?post=41105"}],"version-history":[{"count":18,"href":"https:\/\/www.versiegelung24.com\/pt-pt\/wp-json\/wp\/v2\/pages\/41105\/revisions"}],"predecessor-version":[{"id":172657,"href":"https:\/\/www.versiegelung24.com\/pt-pt\/wp-json\/wp\/v2\/pages\/41105\/revisions\/172657"}],"up":[{"embeddable":true,"href":"https:\/\/www.versiegelung24.com\/pt-pt\/wp-json\/wp\/v2\/pages\/34643"}],"wp:featuredmedia":[{"embeddable":true,"href":"https:\/\/www.versiegelung24.com\/pt-pt\/wp-json\/wp\/v2\/media\/40886"}],"wp:attachment":[{"href":"https:\/\/www.versiegelung24.com\/pt-pt\/wp-json\/wp\/v2\/media?parent=41105"}],"wp:term":[{"taxonomy":"category","embeddable":true,"href":"https:\/\/www.versiegelung24.com\/pt-pt\/wp-json\/wp\/v2\/categories?post=41105"},{"taxonomy":"seiten_kategorie","embeddable":true,"href":"https:\/\/www.versiegelung24.com\/pt-pt\/wp-json\/wp\/v2\/seiten_kategorie?post=41105"}],"curies":[{"name":"wp","href":"https:\/\/api.w.org\/{rel}","templated":true}]}}