{"id":41186,"date":"2021-12-14T14:16:43","date_gmt":"2021-12-14T13:16:43","guid":{"rendered":"https:\/\/www.versiegelung24.com\/guia-para-os-produtos-da-versiegelung24\/know-how\/smartphone"},"modified":"2024-09-01T22:43:02","modified_gmt":"2024-09-01T20:43:02","slug":"vedacao-de-vidro-liquido-dos-smartphones","status":"publish","type":"page","link":"https:\/\/www.versiegelung24.com\/pt-pt\/guia-para-os-produtos-da-versiegelung24\/know-how\/vedacao-de-vidro-liquido-dos-smartphones\/","title":{"rendered":"Vedante de vidro l\u00edquido para smartphones e tablets &#8211; protege os ecr\u00e3s e aumenta a sua longevidade"},"content":{"rendered":"\n<h1 class=\"wp-block-heading\" id=\"h-smartphone-flussigglas-versiegelung\">Veda\u00e7\u00e3o de vidro l\u00edquido para smartphones<\/h1>\n\n<p>Hoje em dia, quase toda a gente tem um smartphone. Infelizmente, estas pequenas m\u00e1quinas milagrosas s\u00e3o muito sens\u00edveis. A utiliza\u00e7\u00e3o di\u00e1ria deixa rapidamente vest\u00edgios de utiliza\u00e7\u00e3o, como riscos ou impress\u00f5es digitais que permanecem teimosamente no ecr\u00e3. O v\u00eddeo seguinte aborda este problema e mostra como evitar estes sinais de utiliza\u00e7\u00e3o.  <\/p>\n\n<figure class=\"wp-block-embed aligncenter is-type-video is-provider-youtube wp-block-embed-youtube wp-embed-aspect-16-9 wp-has-aspect-ratio\"><div class=\"wp-block-embed__wrapper\"> \n<div class=\"nv-iframe-embed\"><iframe title=\"901 LiquiGlas Mobile Phone Coating   Preparation + application process\" width=\"1200\" height=\"675\" src=\"https:\/\/www.youtube.com\/embed\/8JLSZ1KA-yU?feature=oembed\" frameborder=\"0\" allow=\"accelerometer; autoplay; clipboard-write; encrypted-media; gyroscope; picture-in-picture\" allowfullscreen><\/iframe><\/div>\n <\/div><\/figure>\n\n<br\/>\n<br\/>\n\n<div class=\"wp-block-columns is-layout-flex wp-container-core-columns-is-layout-9d6595d7 wp-block-columns-is-layout-flex\">\n<div class=\"wp-block-column is-layout-flow wp-block-column-is-layout-flow\" style=\"flex-basis:33.33%\">\n<h2 class=\"wp-block-heading\" id=\"h-anleitung-smartphone-display-einfach-versiegeln\">Instru\u00e7\u00f5es &#8211; Sela simplesmente o ecr\u00e3 do smartphone<\/h2>\n\n\n\n<ul class=\"wp-block-list\">\n<li>Logo no in\u00edcio do v\u00eddeo, ver\u00e1 que tudo o que precisa para <a href=\"https:\/\/www.versiegelung24.com\/pt-pt\/protetor-de-vedacao-de-telefone-liquido-vidro-movel-protetor-de-tela-liquida.html\" target=\"_blank\" rel=\"noreferrer noopener\">selar o seu telem\u00f3vel<\/a> est\u00e1 inclu\u00eddo num conjunto pr\u00e1tico. Isto inclui:<\/li>\n\n\n\n<li><strong>Luva<\/strong> para evitar impress\u00f5es digitais<\/li>\n\n\n\n<li>Um <strong>pano de limpeza<a href=\"https:\/\/www.versiegelung24.com\/reinigung\/bioethanol\/\">embebido em etanol<\/a><\/strong><\/li>\n\n\n\n<li><strong>Pano de polimento<\/strong><\/li>\n\n\n\n<li>A <strong><a href=\"https:\/\/www.versiegelung24.com\/pt-pt\/microfibra-de-pano-10x10cm-para-profissional-liquido-vidro-aplicacao.html\" target=\"_blank\" rel=\"noreferrer noopener\">pano de vidro l\u00edquido<\/a><\/strong> para selar<\/li>\n<\/ul>\n\n\n\n<p><\/p>\n\n\n\n<p>O smartphone s\u00f3 \u00e9 segurado pela m\u00e3o onde se encontra a luva durante a utiliza\u00e7\u00e3o para evitar novas impress\u00f5es digitais &#8211; estas s\u00e3o mais espessas do que o revestimento de vidro l\u00edquido e impediriam a veda\u00e7\u00e3o correcta.<\/p>\n<\/div>\n\n\n\n<div class=\"wp-block-column is-layout-flow wp-block-column-is-layout-flow\" style=\"flex-basis:66.66%\">\n<figure class=\"wp-block-image size-large\"><img fetchpriority=\"high\" decoding=\"async\" width=\"1300\" height=\"867\" src=\"https:\/\/www.versiegelung24.com\/wp-content\/uploads\/2021\/12\/smart_liq-1300x867.jpg\" alt=\"\" class=\"wp-image-40898\" srcset=\"https:\/\/www.versiegelung24.com\/wp-content\/uploads\/2021\/12\/smart_liq-1300x867.jpg 1300w, https:\/\/www.versiegelung24.com\/wp-content\/uploads\/2021\/12\/smart_liq-scaled-600x400.jpg 600w, https:\/\/www.versiegelung24.com\/wp-content\/uploads\/2021\/12\/smart_liq-300x200.jpg 300w, https:\/\/www.versiegelung24.com\/wp-content\/uploads\/2021\/12\/smart_liq-768x512.jpg 768w, https:\/\/www.versiegelung24.com\/wp-content\/uploads\/2021\/12\/smart_liq-1536x1024.jpg 1536w, https:\/\/www.versiegelung24.com\/wp-content\/uploads\/2021\/12\/smart_liq-2048x1366.jpg 2048w, https:\/\/www.versiegelung24.com\/wp-content\/uploads\/2021\/12\/smart_liq-930x620.jpg 930w\" sizes=\"(max-width: 1300px) 100vw, 1300px\" \/><\/figure>\n<\/div>\n<\/div>\n\n<p>Ap\u00f3s a pr\u00e9-limpeza, o ecr\u00e3 \u00e9 esfregado a seco e os eventuais res\u00edduos de marcas ou gorduras s\u00e3o removidos desta forma. <strong>S\u00f3 deves utilizar um lado<\/strong> do <strong>pano de microfibras<\/strong> &#8211; <strong>o outro lado ser\u00e1 necess\u00e1rio mais tarde<\/strong> para polir o vedante. No passo seguinte, o pano embebido em vidro l\u00edquido \u00e9 desembrulhado e &#8211; tal como na pr\u00e9-limpeza &#8211; todo o smartphone \u00e9 esfregado com ele. Pode ser selado a toda a volta com vidro l\u00edquido. Actualmente, a parte de tr\u00e1s dos telem\u00f3veis \u00e9 frequentemente feita de vidro.<\/p>\n\n<p>Depois de min. A superf\u00edcie do smartphone \u00e9 polida durante 30 minutos &#8211; o selo est\u00e1 pronto. No v\u00eddeo, ver\u00e1 que \u00e9 vantajoso deixar o vidro l\u00edquido endurecer durante a noite &#8211; siga esta recomenda\u00e7\u00e3o, porque quanto mais resistente for a camada protectora, mais tempo ficar\u00e1. Recomenda-se a reaplica\u00e7\u00e3o do selante em intervalos regulares para manter a prote\u00e7\u00e3o.<\/p>\n\n","protected":false},"excerpt":{"rendered":"<p>M\u00e1xima prote\u00e7\u00e3o para o seu smartphone com a inovadora veda\u00e7\u00e3o de vidro l\u00edquido.<\/p>\n","protected":false},"author":932,"featured_media":41499,"parent":34643,"menu_order":0,"comment_status":"closed","ping_status":"closed","template":"","meta":{"_acf_changed":false,"neve_meta_sidebar":"full-width","neve_meta_container":"","neve_meta_enable_content_width":"on","neve_meta_content_width":100,"neve_meta_title_alignment":"","neve_meta_author_avatar":"","neve_post_elements_order":"","neve_meta_disable_header":"","neve_meta_disable_footer":"","neve_meta_disable_title":"","neve_meta_reading_time":"","footnotes":""},"categories":[3499,3605],"seiten_kategorie":[3843],"class_list":["post-41186","page","type-page","status-publish","has-post-thumbnail","hentry","category-artigo-de-aconselhamento-revista","category-estilo-de-vida"],"acf":[],"yoast_head":"<!-- This site is optimized with the Yoast SEO Premium plugin v22.8 (Yoast SEO v27.5) - https:\/\/yoast.com\/product\/yoast-seo-premium-wordpress\/ -->\n<title>Protege o teu smartphone e tablet com o vedante l\u00edquido para vidros!<\/title>\n<meta name=\"description\" content=\"Protege o teu smartphone e tablet com o nosso selante! Vedante de vidro l\u00edquido para uma prote\u00e7\u00e3o \u00f3ptima do ecr\u00e3 do teu smartphone!\" \/>\n<meta name=\"robots\" content=\"index, follow, max-snippet:-1, max-image-preview:large, max-video-preview:-1\" \/>\n<link rel=\"canonical\" href=\"https:\/\/www.versiegelung24.com\/pt-pt\/guia-para-os-produtos-da-versiegelung24\/know-how\/vedacao-de-vidro-liquido-dos-smartphones\/\" \/>\n<meta property=\"og:locale\" content=\"pt_PT\" \/>\n<meta property=\"og:type\" content=\"article\" \/>\n<meta property=\"og:title\" content=\"Vedante de vidro l\u00edquido para smartphones e tablets - protege os ecr\u00e3s e aumenta a sua longevidade\" \/>\n<meta property=\"og:description\" content=\"Protege o teu smartphone e tablet com o nosso selante! Vedante de vidro l\u00edquido para uma prote\u00e7\u00e3o \u00f3ptima do ecr\u00e3 do teu smartphone!\" \/>\n<meta property=\"og:url\" content=\"https:\/\/www.versiegelung24.com\/pt-pt\/guia-para-os-produtos-da-versiegelung24\/know-how\/vedacao-de-vidro-liquido-dos-smartphones\/\" \/>\n<meta property=\"og:site_name\" content=\"versiegelung24.com\" \/>\n<meta property=\"article:modified_time\" content=\"2024-09-01T20:43:02+00:00\" \/>\n<meta property=\"og:image\" content=\"https:\/\/www.versiegelung24.com\/wp-content\/uploads\/2021\/12\/smart_liq-1-scaled.jpg\" \/>\n\t<meta property=\"og:image:width\" content=\"2560\" \/>\n\t<meta property=\"og:image:height\" content=\"2560\" \/>\n\t<meta property=\"og:image:type\" content=\"image\/jpeg\" \/>\n<meta name=\"twitter:card\" content=\"summary_large_image\" \/>\n<meta name=\"twitter:label1\" content=\"Tempo estimado de leitura\" \/>\n\t<meta name=\"twitter:data1\" content=\"2 minutos\" \/>\n<script type=\"application\/ld+json\" class=\"yoast-schema-graph\">{\"@context\":\"https:\\\/\\\/schema.org\",\"@graph\":[{\"@type\":\"WebPage\",\"@id\":\"https:\\\/\\\/www.versiegelung24.com\\\/pt-pt\\\/guia-para-os-produtos-da-versiegelung24\\\/know-how\\\/vedacao-de-vidro-liquido-dos-smartphones\\\/\",\"url\":\"https:\\\/\\\/www.versiegelung24.com\\\/pt-pt\\\/guia-para-os-produtos-da-versiegelung24\\\/know-how\\\/vedacao-de-vidro-liquido-dos-smartphones\\\/\",\"name\":\"Protege o teu smartphone e tablet com o vedante l\u00edquido para vidros!\",\"isPartOf\":{\"@id\":\"https:\\\/\\\/www.versiegelung24.com\\\/pt-pt\\\/#website\"},\"primaryImageOfPage\":{\"@id\":\"https:\\\/\\\/www.versiegelung24.com\\\/pt-pt\\\/guia-para-os-produtos-da-versiegelung24\\\/know-how\\\/vedacao-de-vidro-liquido-dos-smartphones\\\/#primaryimage\"},\"image\":{\"@id\":\"https:\\\/\\\/www.versiegelung24.com\\\/pt-pt\\\/guia-para-os-produtos-da-versiegelung24\\\/know-how\\\/vedacao-de-vidro-liquido-dos-smartphones\\\/#primaryimage\"},\"thumbnailUrl\":\"https:\\\/\\\/www.versiegelung24.com\\\/wp-content\\\/uploads\\\/2021\\\/12\\\/smart_liq-1-scaled.jpg\",\"datePublished\":\"2021-12-14T13:16:43+00:00\",\"dateModified\":\"2024-09-01T20:43:02+00:00\",\"description\":\"Protege o teu smartphone e tablet com o nosso selante! Vedante de vidro l\u00edquido para uma prote\u00e7\u00e3o \u00f3ptima do ecr\u00e3 do teu smartphone!\",\"breadcrumb\":{\"@id\":\"https:\\\/\\\/www.versiegelung24.com\\\/pt-pt\\\/guia-para-os-produtos-da-versiegelung24\\\/know-how\\\/vedacao-de-vidro-liquido-dos-smartphones\\\/#breadcrumb\"},\"inLanguage\":\"pt-PT\",\"potentialAction\":[{\"@type\":\"ReadAction\",\"target\":[\"https:\\\/\\\/www.versiegelung24.com\\\/pt-pt\\\/guia-para-os-produtos-da-versiegelung24\\\/know-how\\\/vedacao-de-vidro-liquido-dos-smartphones\\\/\"]}]},{\"@type\":\"ImageObject\",\"inLanguage\":\"pt-PT\",\"@id\":\"https:\\\/\\\/www.versiegelung24.com\\\/pt-pt\\\/guia-para-os-produtos-da-versiegelung24\\\/know-how\\\/vedacao-de-vidro-liquido-dos-smartphones\\\/#primaryimage\",\"url\":\"https:\\\/\\\/www.versiegelung24.com\\\/wp-content\\\/uploads\\\/2021\\\/12\\\/smart_liq-1-scaled.jpg\",\"contentUrl\":\"https:\\\/\\\/www.versiegelung24.com\\\/wp-content\\\/uploads\\\/2021\\\/12\\\/smart_liq-1-scaled.jpg\",\"width\":2560,\"height\":2560},{\"@type\":\"BreadcrumbList\",\"@id\":\"https:\\\/\\\/www.versiegelung24.com\\\/pt-pt\\\/guia-para-os-produtos-da-versiegelung24\\\/know-how\\\/vedacao-de-vidro-liquido-dos-smartphones\\\/#breadcrumb\",\"itemListElement\":[{\"@type\":\"ListItem\",\"position\":1,\"name\":\"P\u00e1gina inicial\",\"item\":\"https:\\\/\\\/www.versiegelung24.com\\\/pt-pt\\\/frente\\\/\"},{\"@type\":\"ListItem\",\"position\":2,\"name\":\"Conselheiro\",\"item\":\"https:\\\/\\\/www.versiegelung24.com\\\/pt-pt\\\/ratgeber\\\/\"},{\"@type\":\"ListItem\",\"position\":3,\"name\":\"Revista\",\"item\":\"https:\\\/\\\/www.versiegelung24.com\\\/pt-pt\\\/ratgeber\\\/magazin\\\/\"},{\"@type\":\"ListItem\",\"position\":4,\"name\":\"Vedante de vidro l\u00edquido para smartphones e tablets &#8211; protege os ecr\u00e3s e aumenta a sua longevidade\"}]},{\"@type\":\"WebSite\",\"@id\":\"https:\\\/\\\/www.versiegelung24.com\\\/pt-pt\\\/#website\",\"url\":\"https:\\\/\\\/www.versiegelung24.com\\\/pt-pt\\\/\",\"name\":\"versiegelung24.com\",\"description\":\"Fl\u00fcssigglas-Versiegelung - Made in Germany\",\"publisher\":{\"@id\":\"https:\\\/\\\/www.versiegelung24.com\\\/pt-pt\\\/#organization\"},\"potentialAction\":[{\"@type\":\"SearchAction\",\"target\":{\"@type\":\"EntryPoint\",\"urlTemplate\":\"https:\\\/\\\/www.versiegelung24.com\\\/pt-pt\\\/?s={search_term_string}\"},\"query-input\":{\"@type\":\"PropertyValueSpecification\",\"valueRequired\":true,\"valueName\":\"search_term_string\"}}],\"inLanguage\":\"pt-PT\"},{\"@type\":\"Organization\",\"@id\":\"https:\\\/\\\/www.versiegelung24.com\\\/pt-pt\\\/#organization\",\"name\":\"versiegelung24\",\"url\":\"https:\\\/\\\/www.versiegelung24.com\\\/pt-pt\\\/\",\"logo\":{\"@type\":\"ImageObject\",\"inLanguage\":\"pt-PT\",\"@id\":\"https:\\\/\\\/www.versiegelung24.com\\\/pt-pt\\\/#\\\/schema\\\/logo\\\/image\\\/\",\"url\":\"https:\\\/\\\/www.versiegelung24.com\\\/wp-content\\\/uploads\\\/2020\\\/04\\\/versiegelung24.png\",\"contentUrl\":\"https:\\\/\\\/www.versiegelung24.com\\\/wp-content\\\/uploads\\\/2020\\\/04\\\/versiegelung24.png\",\"width\":470,\"height\":102,\"caption\":\"versiegelung24\"},\"image\":{\"@id\":\"https:\\\/\\\/www.versiegelung24.com\\\/pt-pt\\\/#\\\/schema\\\/logo\\\/image\\\/\"}}]}<\/script>\n<!-- \/ Yoast SEO Premium plugin. -->","yoast_head_json":{"title":"Protege o teu smartphone e tablet com o vedante l\u00edquido para vidros!","description":"Protege o teu smartphone e tablet com o nosso selante! Vedante de vidro l\u00edquido para uma prote\u00e7\u00e3o \u00f3ptima do ecr\u00e3 do teu smartphone!","robots":{"index":"index","follow":"follow","max-snippet":"max-snippet:-1","max-image-preview":"max-image-preview:large","max-video-preview":"max-video-preview:-1"},"canonical":"https:\/\/www.versiegelung24.com\/pt-pt\/guia-para-os-produtos-da-versiegelung24\/know-how\/vedacao-de-vidro-liquido-dos-smartphones\/","og_locale":"pt_PT","og_type":"article","og_title":"Vedante de vidro l\u00edquido para smartphones e tablets - protege os ecr\u00e3s e aumenta a sua longevidade","og_description":"Protege o teu smartphone e tablet com o nosso selante! Vedante de vidro l\u00edquido para uma prote\u00e7\u00e3o \u00f3ptima do ecr\u00e3 do teu smartphone!","og_url":"https:\/\/www.versiegelung24.com\/pt-pt\/guia-para-os-produtos-da-versiegelung24\/know-how\/vedacao-de-vidro-liquido-dos-smartphones\/","og_site_name":"versiegelung24.com","article_modified_time":"2024-09-01T20:43:02+00:00","og_image":[{"width":2560,"height":2560,"url":"https:\/\/www.versiegelung24.com\/wp-content\/uploads\/2021\/12\/smart_liq-1-scaled.jpg","type":"image\/jpeg"}],"twitter_card":"summary_large_image","twitter_misc":{"Tempo estimado de leitura":"2 minutos"},"schema":{"@context":"https:\/\/schema.org","@graph":[{"@type":"WebPage","@id":"https:\/\/www.versiegelung24.com\/pt-pt\/guia-para-os-produtos-da-versiegelung24\/know-how\/vedacao-de-vidro-liquido-dos-smartphones\/","url":"https:\/\/www.versiegelung24.com\/pt-pt\/guia-para-os-produtos-da-versiegelung24\/know-how\/vedacao-de-vidro-liquido-dos-smartphones\/","name":"Protege o teu smartphone e tablet com o vedante l\u00edquido para vidros!","isPartOf":{"@id":"https:\/\/www.versiegelung24.com\/pt-pt\/#website"},"primaryImageOfPage":{"@id":"https:\/\/www.versiegelung24.com\/pt-pt\/guia-para-os-produtos-da-versiegelung24\/know-how\/vedacao-de-vidro-liquido-dos-smartphones\/#primaryimage"},"image":{"@id":"https:\/\/www.versiegelung24.com\/pt-pt\/guia-para-os-produtos-da-versiegelung24\/know-how\/vedacao-de-vidro-liquido-dos-smartphones\/#primaryimage"},"thumbnailUrl":"https:\/\/www.versiegelung24.com\/wp-content\/uploads\/2021\/12\/smart_liq-1-scaled.jpg","datePublished":"2021-12-14T13:16:43+00:00","dateModified":"2024-09-01T20:43:02+00:00","description":"Protege o teu smartphone e tablet com o nosso selante! Vedante de vidro l\u00edquido para uma prote\u00e7\u00e3o \u00f3ptima do ecr\u00e3 do teu smartphone!","breadcrumb":{"@id":"https:\/\/www.versiegelung24.com\/pt-pt\/guia-para-os-produtos-da-versiegelung24\/know-how\/vedacao-de-vidro-liquido-dos-smartphones\/#breadcrumb"},"inLanguage":"pt-PT","potentialAction":[{"@type":"ReadAction","target":["https:\/\/www.versiegelung24.com\/pt-pt\/guia-para-os-produtos-da-versiegelung24\/know-how\/vedacao-de-vidro-liquido-dos-smartphones\/"]}]},{"@type":"ImageObject","inLanguage":"pt-PT","@id":"https:\/\/www.versiegelung24.com\/pt-pt\/guia-para-os-produtos-da-versiegelung24\/know-how\/vedacao-de-vidro-liquido-dos-smartphones\/#primaryimage","url":"https:\/\/www.versiegelung24.com\/wp-content\/uploads\/2021\/12\/smart_liq-1-scaled.jpg","contentUrl":"https:\/\/www.versiegelung24.com\/wp-content\/uploads\/2021\/12\/smart_liq-1-scaled.jpg","width":2560,"height":2560},{"@type":"BreadcrumbList","@id":"https:\/\/www.versiegelung24.com\/pt-pt\/guia-para-os-produtos-da-versiegelung24\/know-how\/vedacao-de-vidro-liquido-dos-smartphones\/#breadcrumb","itemListElement":[{"@type":"ListItem","position":1,"name":"P\u00e1gina inicial","item":"https:\/\/www.versiegelung24.com\/pt-pt\/frente\/"},{"@type":"ListItem","position":2,"name":"Conselheiro","item":"https:\/\/www.versiegelung24.com\/pt-pt\/ratgeber\/"},{"@type":"ListItem","position":3,"name":"Revista","item":"https:\/\/www.versiegelung24.com\/pt-pt\/ratgeber\/magazin\/"},{"@type":"ListItem","position":4,"name":"Vedante de vidro l\u00edquido para smartphones e tablets &#8211; protege os ecr\u00e3s e aumenta a sua longevidade"}]},{"@type":"WebSite","@id":"https:\/\/www.versiegelung24.com\/pt-pt\/#website","url":"https:\/\/www.versiegelung24.com\/pt-pt\/","name":"versiegelung24.com","description":"Fl\u00fcssigglas-Versiegelung - Made in Germany","publisher":{"@id":"https:\/\/www.versiegelung24.com\/pt-pt\/#organization"},"potentialAction":[{"@type":"SearchAction","target":{"@type":"EntryPoint","urlTemplate":"https:\/\/www.versiegelung24.com\/pt-pt\/?s={search_term_string}"},"query-input":{"@type":"PropertyValueSpecification","valueRequired":true,"valueName":"search_term_string"}}],"inLanguage":"pt-PT"},{"@type":"Organization","@id":"https:\/\/www.versiegelung24.com\/pt-pt\/#organization","name":"versiegelung24","url":"https:\/\/www.versiegelung24.com\/pt-pt\/","logo":{"@type":"ImageObject","inLanguage":"pt-PT","@id":"https:\/\/www.versiegelung24.com\/pt-pt\/#\/schema\/logo\/image\/","url":"https:\/\/www.versiegelung24.com\/wp-content\/uploads\/2020\/04\/versiegelung24.png","contentUrl":"https:\/\/www.versiegelung24.com\/wp-content\/uploads\/2020\/04\/versiegelung24.png","width":470,"height":102,"caption":"versiegelung24"},"image":{"@id":"https:\/\/www.versiegelung24.com\/pt-pt\/#\/schema\/logo\/image\/"}}]}},"_links":{"self":[{"href":"https:\/\/www.versiegelung24.com\/pt-pt\/wp-json\/wp\/v2\/pages\/41186","targetHints":{"allow":["GET"]}}],"collection":[{"href":"https:\/\/www.versiegelung24.com\/pt-pt\/wp-json\/wp\/v2\/pages"}],"about":[{"href":"https:\/\/www.versiegelung24.com\/pt-pt\/wp-json\/wp\/v2\/types\/page"}],"author":[{"embeddable":true,"href":"https:\/\/www.versiegelung24.com\/pt-pt\/wp-json\/wp\/v2\/users\/932"}],"replies":[{"embeddable":true,"href":"https:\/\/www.versiegelung24.com\/pt-pt\/wp-json\/wp\/v2\/comments?post=41186"}],"version-history":[{"count":17,"href":"https:\/\/www.versiegelung24.com\/pt-pt\/wp-json\/wp\/v2\/pages\/41186\/revisions"}],"predecessor-version":[{"id":173414,"href":"https:\/\/www.versiegelung24.com\/pt-pt\/wp-json\/wp\/v2\/pages\/41186\/revisions\/173414"}],"up":[{"embeddable":true,"href":"https:\/\/www.versiegelung24.com\/pt-pt\/wp-json\/wp\/v2\/pages\/34643"}],"wp:featuredmedia":[{"embeddable":true,"href":"https:\/\/www.versiegelung24.com\/pt-pt\/wp-json\/wp\/v2\/media\/41499"}],"wp:attachment":[{"href":"https:\/\/www.versiegelung24.com\/pt-pt\/wp-json\/wp\/v2\/media?parent=41186"}],"wp:term":[{"taxonomy":"category","embeddable":true,"href":"https:\/\/www.versiegelung24.com\/pt-pt\/wp-json\/wp\/v2\/categories?post=41186"},{"taxonomy":"seiten_kategorie","embeddable":true,"href":"https:\/\/www.versiegelung24.com\/pt-pt\/wp-json\/wp\/v2\/seiten_kategorie?post=41186"}],"curies":[{"name":"wp","href":"https:\/\/api.w.org\/{rel}","templated":true}]}}