{"id":126089,"date":"2023-09-01T15:04:03","date_gmt":"2023-09-01T13:04:47","guid":{"rendered":"https:\/\/www.versiegelung24.com\/product\/selante-para-para-brisas-406\/"},"modified":"2025-01-05T17:35:41","modified_gmt":"2025-01-05T16:35:41","slug":"vedante-de-para-brisas-406","status":"publish","type":"product","link":"https:\/\/www.versiegelung24.com\/pt-pt\/vedante-de-para-brisas-406.html","title":{"rendered":"Veda\u00e7\u00e3o do para-brisas"},"content":{"rendered":"\n<p>Entre numa <strong>nova era de seguran\u00e7a e conforto de condu\u00e7\u00e3o com o nosso vedante de para-brisas aprovado pela T\u00dcV<\/strong>. A nossa f\u00f3rmula avan\u00e7ada n\u00e3o s\u00f3 \u00e9 incrivelmente dur\u00e1vel, como tamb\u00e9m vers\u00e1til &#8211; de autom\u00f3veis a cami\u00f5es, barcos e caravanas. Experimente a diferen\u00e7a de at\u00e9 20.000 km de condu\u00e7\u00e3o sem preocupa\u00e7\u00f5es com apenas uma aplica\u00e7\u00e3o. Basta reaplicar a cada seis meses e desfrutar\u00e1 de um ano inteiro de vis\u00e3o inigual\u00e1vel.<\/p>\n\n<p>Mas isso n\u00e3o \u00e9 tudo. O nosso vedante assegura que a \u00e1gua escorre simplesmente a velocidades superiores a 60 km\/h, de modo a que os limpa para-brisas sejam poupados e a que se mantenha uma vis\u00e3o clara mesmo com mau tempo. Conduz frequentemente \u00e0 noite? O nosso selante reduz o brilho e a distor\u00e7\u00e3o da luz para que possa estar seguro e confiante na estrada.<\/p>\n\n<h2 class=\"wp-block-heading\" id=\"video\">V\u00eddeo<\/h2>\n\n<figure class=\"wp-block-embed is-type-video is-provider-youtube wp-block-embed-youtube wp-embed-aspect-16-9 wp-has-aspect-ratio\"><div class=\"wp-block-embed__wrapper\">\n<div class=\"nv-iframe-embed\"><iframe title=\"Windschutzscheiben Versiegelung - Versiegelung24.com\" width=\"1200\" height=\"675\" src=\"https:\/\/www.youtube.com\/embed\/5cu8smLIMD0?feature=oembed\" frameborder=\"0\" allow=\"accelerometer; autoplay; clipboard-write; encrypted-media; gyroscope; picture-in-picture; web-share\" allowfullscreen><\/iframe><\/div>\n<\/div><\/figure>\n\n<hr class=\"wp-block-separator has-alpha-channel-opacity\"\/>\n\n<h2 class=\"wp-block-heading\" id=\"properties\">Propriedades<\/h2>\n\n<p><\/p>\n\n<p>Conte\u00fado: 2 panos de pr\u00e9-limpeza, 2 panos de selagem (cada um para 2m\u00b2), 1 pano de microfibra, 2 luvas descart\u00e1veis<\/p>\n\n<ul class=\"wp-block-list\">\n<li>Longa durabilidade &#8211; at\u00e9 20.000 km<\/li>\n\n\n\n<li>Reduz o encandeamento e a distor\u00e7\u00e3o da luz durante a noite<\/li>\n\n\n\n<li>A \u00e1gua n\u00e3o entra (a mais de 60 km\/h), ou seja, vis\u00e3o clara mesmo sem limpa para-brisas<\/li>\n\n\n\n<li>Protege as escovas do para-brisas<\/li>\n\n\n\n<li>F\u00e1cil de utilizar<\/li>\n\n\n\n<li>Fortes propriedades anti-aderentes e menor ader\u00eancia de insectos<\/li>\n\n\n\n<li>Reduz os micro riscos<\/li>\n\n\n\n<li>Janela mais f\u00e1cil de limpar e gelo mais f\u00e1cil de remover<\/li>\n\n\n\n<li>Camada protetora invis\u00edvel &#8211; 500 vezes mais fina do que um cabelo humano<\/li>\n\n\n\n<li>Est\u00e1vel aos raios UV com elevada resist\u00eancia \u00e0 abras\u00e3o<\/li>\n\n\n\n<li>Resistente \u00e0s varia\u00e7\u00f5es de temperatura<\/li>\n\n\n\n<li>Resistente a produtos qu\u00edmicos (ph 2 a 13)<\/li>\n\n\n\n<li>Resistente \u00e0 m\u00e1quina de lavar roupa e \u00e0 m\u00e1quina de limpeza a alta press\u00e3o<\/li>\n\n\n\n<li>Para vidros frontais e laterais de autom\u00f3veis, carrinhas, cami\u00f5es, barcos e caravanas<\/li>\n\n\n\n<li>Aplica no para-brisas e repete ap\u00f3s 6 meses = dura at\u00e9 1 ano<\/li>\n\n\n\n<li>Testado pela T\u00dcV<\/li>\n<\/ul>\n","protected":false},"excerpt":{"rendered":"<p>Longa durabilidade &#8211; at\u00e9 20.000 km<\/p>\n<p>A \u00e1gua escorre (a mais de 60 km\/h), ou seja, uma vis\u00e3o clara mesmo sem limpa para-brisas<\/p>\n<p>Fortes propriedades anti-aderentes e menor ader\u00eancia de insectos<\/p>\n","protected":false},"featured_media":132064,"template":"","meta":{"_acf_changed":false,"neve_meta_sidebar":"","neve_meta_container":"","neve_meta_enable_content_width":"","neve_meta_content_width":0,"neve_meta_title_alignment":"","neve_meta_author_avatar":"","neve_post_elements_order":"","neve_meta_disable_header":"","neve_meta_disable_footer":"","neve_meta_disable_title":"","neve_meta_reading_time":"","_surfaces":[],"_ver_product_tabs":[],"footnotes":""},"product_brand":[],"product_cat":[2996,2152,2290],"product_tag":[],"class_list":{"0":"post-126089","1":"product","2":"type-product","3":"status-publish","4":"has-post-thumbnail","6":"product_cat-vedacao-de-vidro-liquido","7":"product_cat-vedacao-automatica","8":"product_cat-vedacao-para-vidro-ceramica","10":"first","11":"instock","12":"taxable","13":"shipping-taxable","14":"purchasable","15":"product-type-simple"},"acf":[],"yoast_head":"<!-- This site is optimized with the Yoast SEO Premium plugin v22.8 (Yoast SEO v27.5) - https:\/\/yoast.com\/product\/yoast-seo-premium-wordpress\/ -->\n<title>Veda\u00e7\u00e3o do para-brisas - versiegelung24.com<\/title>\n<meta name=\"robots\" content=\"index, follow, max-snippet:-1, max-image-preview:large, max-video-preview:-1\" \/>\n<link rel=\"canonical\" href=\"https:\/\/www.versiegelung24.com\/pt-pt\/vedante-de-para-brisas-406.html\" \/>\n<meta property=\"og:locale\" content=\"pt_PT\" \/>\n<meta property=\"og:type\" content=\"article\" \/>\n<meta property=\"og:title\" content=\"Veda\u00e7\u00e3o do para-brisas\" \/>\n<meta property=\"og:description\" content=\"Longa durabilidade - at\u00e9 20.000 km A \u00e1gua escorre (a mais de 60 km\/h), ou seja, uma vis\u00e3o clara mesmo sem limpa para-brisas Fortes propriedades anti-aderentes e menor ader\u00eancia de insectos\" \/>\n<meta property=\"og:url\" content=\"https:\/\/www.versiegelung24.com\/pt-pt\/vedante-de-para-brisas-406.html\" \/>\n<meta property=\"og:site_name\" content=\"versiegelung24.com\" \/>\n<meta property=\"article:modified_time\" content=\"2025-01-05T16:35:41+00:00\" \/>\n<meta property=\"og:image\" content=\"https:\/\/www.versiegelung24.com\/wp-content\/uploads\/2023\/09\/windschutz-1-1.webp\" \/>\n\t<meta property=\"og:image:width\" content=\"2560\" \/>\n\t<meta property=\"og:image:height\" content=\"2560\" \/>\n\t<meta property=\"og:image:type\" content=\"image\/webp\" \/>\n<meta name=\"twitter:card\" content=\"summary_large_image\" \/>\n<meta name=\"twitter:label1\" content=\"pre\u00e7o\" \/>\n\t<meta name=\"twitter:data1\" content=\"17,99&euro;\" \/>\n\t<meta name=\"twitter:label2\" content=\"Disponibilidade\" \/>\n\t<meta name=\"twitter:data2\" content=\"Em stock\" \/>\n<script type=\"application\/ld+json\" class=\"yoast-schema-graph\">{\"@context\":\"https:\\\/\\\/schema.org\",\"@graph\":[{\"@type\":\"WebPage\",\"@id\":\"https:\\\/\\\/www.versiegelung24.com\\\/pt-pt\\\/vedante-de-para-brisas-406.html\",\"url\":\"https:\\\/\\\/www.versiegelung24.com\\\/pt-pt\\\/vedante-de-para-brisas-406.html\",\"name\":\"Veda\u00e7\u00e3o do para-brisas - versiegelung24.com\",\"isPartOf\":{\"@id\":\"https:\\\/\\\/www.versiegelung24.com\\\/pt-pt\\\/#website\"},\"primaryImageOfPage\":{\"@id\":\"https:\\\/\\\/www.versiegelung24.com\\\/pt-pt\\\/vedante-de-para-brisas-406.html#primaryimage\"},\"image\":{\"@id\":\"https:\\\/\\\/www.versiegelung24.com\\\/pt-pt\\\/vedante-de-para-brisas-406.html#primaryimage\"},\"thumbnailUrl\":\"https:\\\/\\\/www.versiegelung24.com\\\/wp-content\\\/uploads\\\/2023\\\/09\\\/windschutz-1-1.webp\",\"datePublished\":\"2023-09-01T13:04:47+00:00\",\"dateModified\":\"2025-01-05T16:35:41+00:00\",\"breadcrumb\":{\"@id\":\"https:\\\/\\\/www.versiegelung24.com\\\/pt-pt\\\/vedante-de-para-brisas-406.html#breadcrumb\"},\"inLanguage\":\"pt-PT\",\"potentialAction\":[{\"@type\":\"ReadAction\",\"target\":[\"https:\\\/\\\/www.versiegelung24.com\\\/pt-pt\\\/vedante-de-para-brisas-406.html\"]}]},{\"@type\":\"ImageObject\",\"inLanguage\":\"pt-PT\",\"@id\":\"https:\\\/\\\/www.versiegelung24.com\\\/pt-pt\\\/vedante-de-para-brisas-406.html#primaryimage\",\"url\":\"https:\\\/\\\/www.versiegelung24.com\\\/wp-content\\\/uploads\\\/2023\\\/09\\\/windschutz-1-1.webp\",\"contentUrl\":\"https:\\\/\\\/www.versiegelung24.com\\\/wp-content\\\/uploads\\\/2023\\\/09\\\/windschutz-1-1.webp\",\"width\":2560,\"height\":2560},{\"@type\":\"BreadcrumbList\",\"@id\":\"https:\\\/\\\/www.versiegelung24.com\\\/pt-pt\\\/vedante-de-para-brisas-406.html#breadcrumb\",\"itemListElement\":[{\"@type\":\"ListItem\",\"position\":1,\"name\":\"P\u00e1gina inicial\",\"item\":\"https:\\\/\\\/www.versiegelung24.com\\\/pt-pt\\\/frente\\\/\"},{\"@type\":\"ListItem\",\"position\":2,\"name\":\"Loja\",\"item\":\"https:\\\/\\\/www.versiegelung24.com\\\/pt-pt\\\/loja\\\/\"},{\"@type\":\"ListItem\",\"position\":3,\"name\":\"Veda\u00e7\u00e3o do para-brisas\"}]},{\"@type\":\"WebSite\",\"@id\":\"https:\\\/\\\/www.versiegelung24.com\\\/pt-pt\\\/#website\",\"url\":\"https:\\\/\\\/www.versiegelung24.com\\\/pt-pt\\\/\",\"name\":\"versiegelung24.com\",\"description\":\"Fl\u00fcssigglas-Versiegelung - Made in Germany\",\"publisher\":{\"@id\":\"https:\\\/\\\/www.versiegelung24.com\\\/pt-pt\\\/#organization\"},\"potentialAction\":[{\"@type\":\"SearchAction\",\"target\":{\"@type\":\"EntryPoint\",\"urlTemplate\":\"https:\\\/\\\/www.versiegelung24.com\\\/pt-pt\\\/?s={search_term_string}\"},\"query-input\":{\"@type\":\"PropertyValueSpecification\",\"valueRequired\":true,\"valueName\":\"search_term_string\"}}],\"inLanguage\":\"pt-PT\"},{\"@type\":\"Organization\",\"@id\":\"https:\\\/\\\/www.versiegelung24.com\\\/pt-pt\\\/#organization\",\"name\":\"versiegelung24\",\"url\":\"https:\\\/\\\/www.versiegelung24.com\\\/pt-pt\\\/\",\"logo\":{\"@type\":\"ImageObject\",\"inLanguage\":\"pt-PT\",\"@id\":\"https:\\\/\\\/www.versiegelung24.com\\\/pt-pt\\\/#\\\/schema\\\/logo\\\/image\\\/\",\"url\":\"https:\\\/\\\/www.versiegelung24.com\\\/wp-content\\\/uploads\\\/2020\\\/04\\\/versiegelung24.png\",\"contentUrl\":\"https:\\\/\\\/www.versiegelung24.com\\\/wp-content\\\/uploads\\\/2020\\\/04\\\/versiegelung24.png\",\"width\":470,\"height\":102,\"caption\":\"versiegelung24\"},\"image\":{\"@id\":\"https:\\\/\\\/www.versiegelung24.com\\\/pt-pt\\\/#\\\/schema\\\/logo\\\/image\\\/\"}}]}<\/script>\n<meta property=\"product:price:amount\" content=\"17.99\" \/>\n<meta property=\"product:price:currency\" content=\"EUR\" \/>\n<meta property=\"og:availability\" content=\"instock\" \/>\n<meta property=\"product:availability\" content=\"instock\" \/>\n<meta property=\"product:retailer_item_id\" content=\"4040-406\" \/>\n<meta property=\"product:condition\" content=\"new\" \/>\n<!-- \/ Yoast SEO Premium plugin. -->","yoast_head_json":{"title":"Veda\u00e7\u00e3o do para-brisas - versiegelung24.com","robots":{"index":"index","follow":"follow","max-snippet":"max-snippet:-1","max-image-preview":"max-image-preview:large","max-video-preview":"max-video-preview:-1"},"canonical":"https:\/\/www.versiegelung24.com\/pt-pt\/vedante-de-para-brisas-406.html","og_locale":"pt_PT","og_type":"article","og_title":"Veda\u00e7\u00e3o do para-brisas","og_description":"Longa durabilidade - at\u00e9 20.000 km A \u00e1gua escorre (a mais de 60 km\/h), ou seja, uma vis\u00e3o clara mesmo sem limpa para-brisas Fortes propriedades anti-aderentes e menor ader\u00eancia de insectos","og_url":"https:\/\/www.versiegelung24.com\/pt-pt\/vedante-de-para-brisas-406.html","og_site_name":"versiegelung24.com","article_modified_time":"2025-01-05T16:35:41+00:00","og_image":[{"width":2560,"height":2560,"url":"https:\/\/www.versiegelung24.com\/wp-content\/uploads\/2023\/09\/windschutz-1-1.webp","type":"image\/webp"}],"twitter_card":"summary_large_image","twitter_misc":{"pre\u00e7o":"17,99&euro;","Disponibilidade":"Em stock"},"schema":{"@context":"https:\/\/schema.org","@graph":[{"@type":"WebPage","@id":"https:\/\/www.versiegelung24.com\/pt-pt\/vedante-de-para-brisas-406.html","url":"https:\/\/www.versiegelung24.com\/pt-pt\/vedante-de-para-brisas-406.html","name":"Veda\u00e7\u00e3o do para-brisas - versiegelung24.com","isPartOf":{"@id":"https:\/\/www.versiegelung24.com\/pt-pt\/#website"},"primaryImageOfPage":{"@id":"https:\/\/www.versiegelung24.com\/pt-pt\/vedante-de-para-brisas-406.html#primaryimage"},"image":{"@id":"https:\/\/www.versiegelung24.com\/pt-pt\/vedante-de-para-brisas-406.html#primaryimage"},"thumbnailUrl":"https:\/\/www.versiegelung24.com\/wp-content\/uploads\/2023\/09\/windschutz-1-1.webp","datePublished":"2023-09-01T13:04:47+00:00","dateModified":"2025-01-05T16:35:41+00:00","breadcrumb":{"@id":"https:\/\/www.versiegelung24.com\/pt-pt\/vedante-de-para-brisas-406.html#breadcrumb"},"inLanguage":"pt-PT","potentialAction":[{"@type":"ReadAction","target":["https:\/\/www.versiegelung24.com\/pt-pt\/vedante-de-para-brisas-406.html"]}]},{"@type":"ImageObject","inLanguage":"pt-PT","@id":"https:\/\/www.versiegelung24.com\/pt-pt\/vedante-de-para-brisas-406.html#primaryimage","url":"https:\/\/www.versiegelung24.com\/wp-content\/uploads\/2023\/09\/windschutz-1-1.webp","contentUrl":"https:\/\/www.versiegelung24.com\/wp-content\/uploads\/2023\/09\/windschutz-1-1.webp","width":2560,"height":2560},{"@type":"BreadcrumbList","@id":"https:\/\/www.versiegelung24.com\/pt-pt\/vedante-de-para-brisas-406.html#breadcrumb","itemListElement":[{"@type":"ListItem","position":1,"name":"P\u00e1gina inicial","item":"https:\/\/www.versiegelung24.com\/pt-pt\/frente\/"},{"@type":"ListItem","position":2,"name":"Loja","item":"https:\/\/www.versiegelung24.com\/pt-pt\/loja\/"},{"@type":"ListItem","position":3,"name":"Veda\u00e7\u00e3o do para-brisas"}]},{"@type":"WebSite","@id":"https:\/\/www.versiegelung24.com\/pt-pt\/#website","url":"https:\/\/www.versiegelung24.com\/pt-pt\/","name":"versiegelung24.com","description":"Fl\u00fcssigglas-Versiegelung - Made in Germany","publisher":{"@id":"https:\/\/www.versiegelung24.com\/pt-pt\/#organization"},"potentialAction":[{"@type":"SearchAction","target":{"@type":"EntryPoint","urlTemplate":"https:\/\/www.versiegelung24.com\/pt-pt\/?s={search_term_string}"},"query-input":{"@type":"PropertyValueSpecification","valueRequired":true,"valueName":"search_term_string"}}],"inLanguage":"pt-PT"},{"@type":"Organization","@id":"https:\/\/www.versiegelung24.com\/pt-pt\/#organization","name":"versiegelung24","url":"https:\/\/www.versiegelung24.com\/pt-pt\/","logo":{"@type":"ImageObject","inLanguage":"pt-PT","@id":"https:\/\/www.versiegelung24.com\/pt-pt\/#\/schema\/logo\/image\/","url":"https:\/\/www.versiegelung24.com\/wp-content\/uploads\/2020\/04\/versiegelung24.png","contentUrl":"https:\/\/www.versiegelung24.com\/wp-content\/uploads\/2020\/04\/versiegelung24.png","width":470,"height":102,"caption":"versiegelung24"},"image":{"@id":"https:\/\/www.versiegelung24.com\/pt-pt\/#\/schema\/logo\/image\/"}}]},"product_price_amount":"17.99","product_price_currency":"EUR","og_availability":"instock","product_availability":"instock","product_retailer_item_id":"4040-406","product_condition":"new"},"_links":{"self":[{"href":"https:\/\/www.versiegelung24.com\/pt-pt\/wp-json\/wp\/v2\/product\/126089","targetHints":{"allow":["GET"]}}],"collection":[{"href":"https:\/\/www.versiegelung24.com\/pt-pt\/wp-json\/wp\/v2\/product"}],"about":[{"href":"https:\/\/www.versiegelung24.com\/pt-pt\/wp-json\/wp\/v2\/types\/product"}],"version-history":[{"count":8,"href":"https:\/\/www.versiegelung24.com\/pt-pt\/wp-json\/wp\/v2\/product\/126089\/revisions"}],"predecessor-version":[{"id":178326,"href":"https:\/\/www.versiegelung24.com\/pt-pt\/wp-json\/wp\/v2\/product\/126089\/revisions\/178326"}],"wp:featuredmedia":[{"embeddable":true,"href":"https:\/\/www.versiegelung24.com\/pt-pt\/wp-json\/wp\/v2\/media\/132064"}],"wp:attachment":[{"href":"https:\/\/www.versiegelung24.com\/pt-pt\/wp-json\/wp\/v2\/media?parent=126089"}],"wp:term":[{"taxonomy":"product_brand","embeddable":true,"href":"https:\/\/www.versiegelung24.com\/pt-pt\/wp-json\/wp\/v2\/product_brand?post=126089"},{"taxonomy":"product_cat","embeddable":true,"href":"https:\/\/www.versiegelung24.com\/pt-pt\/wp-json\/wp\/v2\/product_cat?post=126089"},{"taxonomy":"product_tag","embeddable":true,"href":"https:\/\/www.versiegelung24.com\/pt-pt\/wp-json\/wp\/v2\/product_tag?post=126089"}],"curies":[{"name":"wp","href":"https:\/\/api.w.org\/{rel}","templated":true}]}}