{"id":145277,"date":"2024-01-07T15:15:48","date_gmt":"2024-01-13T10:21:43","guid":{"rendered":"https:\/\/www.versiegelung24.com\/product\/v24-apagador-de-sujidade-100x70x30mm\/"},"modified":"2025-01-05T18:36:59","modified_gmt":"2025-01-05T17:36:59","slug":"v24-schmutzradierer-100x70x30mm","status":"publish","type":"product","link":"https:\/\/www.versiegelung24.com\/pt-pt\/v24-schmutzradierer-100x70x30mm.html","title":{"rendered":"V24 Apagador de sujidade 100x70x30mm"},"content":{"rendered":"\n<h1 class=\"wp-block-heading\" id=\"h-v24-schmutzradierer-gegen-hartnackige-flecken-online-kaufen\">Comprar o apagador de n\u00f3doas V24 contra as n\u00f3doas mais dif\u00edceis online<\/h1>\n\n<h2 class=\"wp-block-heading\" id=\"h-muhelos-hartnackige-flecken-beseitigen-mit-dem-versiegelung24-com-schmutzradierer\">Remova sem esfor\u00e7o as n\u00f3doas dif\u00edceis com o apagador de n\u00f3doas Versiegelung24.com<\/h2>\n\n<p>Apenas as superf\u00edcies limpas podem ser seladas com os nossos <a href=\"https:\/\/www.versiegelung24.com\/fluessigglas-versiegelung\/\">selantes<\/a>, pelo que \u00e9 essencial remover as manchas ligeiras e persistentes. O nosso apagador de sujidade \u00e9 uma esponja de melamina de alta tecnologia que \u00e9 perfeita para limpar superf\u00edcies. Para manchas particularmente dif\u00edceis, recomendamos a utiliza\u00e7\u00e3o adicional do nosso produto de limpeza org\u00e2nico 100% biodegrad\u00e1vel <a href=\"https:\/\/www.versiegelung24.com\/pt-pt\/biosativa-biologico-pre-limpador.html\">BIOSATIVA\u00ae<\/a>, mas n\u00e3o s\u00e3o necess\u00e1rios produtos de limpeza qu\u00edmicos.<\/p>\n\n<div class=\"wp-block-columns is-layout-flex wp-container-core-columns-is-layout-9d6595d7 wp-block-columns-is-layout-flex\">\n<div class=\"wp-block-column is-layout-flow wp-block-column-is-layout-flow\">\n<h2 class=\"wp-block-heading\" id=\"properties\">Caracter\u00edsticas do produto<\/h2>\n\n\n\n<ul class=\"wp-block-list\">\n<li>Esponja de melamina de alta tecnologia<\/li>\n\n\n\n<li>Dimens\u00f5es: 100x70x30mm<\/li>\n\n\n\n<li>sem ingredientes qu\u00edmicos<\/li>\n\n\n\n<li>n\u00e3o t\u00f3xico<\/li>\n<\/ul>\n\n\n\n<h2 class=\"wp-block-heading\" id=\"application\">Como remover a sujidade de forma fi\u00e1vel com a nossa esponja de apagar<\/h2>\n\n\n\n<ol class=\"wp-block-list\">\n<li>Humedecer e espremer a esponja<\/li>\n\n\n\n<li>Esfregar sobre a sujidade com uma ligeira press\u00e3o<\/li>\n\n\n\n<li>Em seguida, enxaguar a esponja e utiliz\u00e1-la novamente<\/li>\n<\/ol>\n<\/div>\n\n\n\n<div class=\"wp-block-column is-layout-flow wp-block-column-is-layout-flow\">\n<figure class=\"wp-block-image size-full\"><img fetchpriority=\"high\" decoding=\"async\" width=\"1105\" height=\"1105\" src=\"https:\/\/www.versiegelung24.com\/wp-content\/uploads\/2024\/01\/v24-9020-content-1.webp\" alt=\"\" class=\"wp-image-138069\" srcset=\"https:\/\/www.versiegelung24.com\/wp-content\/uploads\/2024\/01\/v24-9020-content-1.webp 1105w, https:\/\/www.versiegelung24.com\/wp-content\/uploads\/2024\/01\/v24-9020-content-1-300x300.webp 300w, https:\/\/www.versiegelung24.com\/wp-content\/uploads\/2024\/01\/v24-9020-content-1-80x80.webp 80w, https:\/\/www.versiegelung24.com\/wp-content\/uploads\/2024\/01\/v24-9020-content-1-768x768.webp 768w, https:\/\/www.versiegelung24.com\/wp-content\/uploads\/2024\/01\/v24-9020-content-1-70x70.webp 70w, https:\/\/www.versiegelung24.com\/wp-content\/uploads\/2024\/01\/v24-9020-content-1-400x400.webp 400w, https:\/\/www.versiegelung24.com\/wp-content\/uploads\/2024\/01\/v24-9020-content-1-600x600.webp 600w, https:\/\/www.versiegelung24.com\/wp-content\/uploads\/2024\/01\/v24-9020-content-1-100x100.webp 100w\" sizes=\"(max-width: 1105px) 100vw, 1105px\" \/><\/figure>\n<\/div>\n<\/div>\n\n<h2 class=\"wp-block-heading\" id=\"h-vielfaltige-einsatzmoglichkeiten-des-schmutzradierers\"><strong>Vasta gama de aplica\u00e7\u00f5es para o apagador<\/strong><\/h2>\n\n<p>O apagador de sujidade da Versiegelung24.com \u00e9 um verdadeiro polivalente quando se trata de remover manchas e sujidade dif\u00edceis. A sua vasta gama de utiliza\u00e7\u00f5es torna-o um ajudante indispens\u00e1vel no lar. Eis alguns exemplos de utiliza\u00e7\u00e3o da nossa borracha:<\/p>\n\n<ol class=\"wp-block-list\">\n<li><strong>Remover manchas de parede:<\/strong> Ideal para remover marcas e manchas das paredes, tais como impress\u00f5es digitais ou riscos de sujidade.<\/li>\n\n\n\n<li><strong>Limpeza de aparelhos de cozinha:<\/strong> remove eficazmente a gordura e os res\u00edduos alimentares das superf\u00edcies da cozinha, fog\u00f5es e fornos.<\/li>\n\n\n\n<li><strong>Limpeza de casas de banho:<\/strong> Remove o calc\u00e1rio e as manchas de \u00e1gua nos acess\u00f3rios, azulejos e cabinas de duche.<\/li>\n\n\n\n<li><strong>Limpador de cal\u00e7ado:<\/strong> remove manchas dif\u00edceis e abras\u00f5es em sapatilhas e outros materiais de cal\u00e7ado.<\/li>\n\n\n\n<li><strong>Cuidados com os m\u00f3veis:<\/strong> Ideal para limpar superf\u00edcies de m\u00f3veis de pl\u00e1stico ou de madeira, remove impress\u00f5es digitais e manchas.<\/li>\n\n\n\n<li><strong>Manchas em t\u00eaxteis:<\/strong> Remove com seguran\u00e7a as manchas de sof\u00e1s, cadeiras ou outras superf\u00edcies de tecido.<\/li>\n\n\n\n<li><strong>Limpeza do interior do autom\u00f3vel:<\/strong> Perfeito para limpar pain\u00e9is de instrumentos, pain\u00e9is de portas e outras pe\u00e7as de pl\u00e1stico do autom\u00f3vel.<\/li>\n\n\n\n<li><strong>Computadores e eletr\u00f3nica:<\/strong> seguro para limpar teclados e outros dispositivos electr\u00f3nicos sens\u00edveis.<\/li>\n\n\n\n<li><strong>Limpador de brinquedos:<\/strong> Remove a sujidade e as manchas dos brinquedos de pl\u00e1stico sem produtos qu\u00edmicos nocivos.<\/li>\n\n\n\n<li><strong>Portas e puxadores:<\/strong> eficaz para remover impress\u00f5es digitais e sujidade dos puxadores e dos caixilhos das portas.<\/li>\n<\/ol>\n\n<h2 class=\"wp-block-heading\" id=\"h-was-sie-vor-dem-kauf-des-radierschwamms-beachten-sollten\">O que deve ter em conta antes de comprar a esponja de apagar<\/h2>\n\n<h3 class=\"wp-block-heading\" id=\"h-geeignete-oberflachen-fur-den-wunderschwamm\">Superf\u00edcies adequadas para a esponja milagrosa<\/h3>\n\n<p>A esponja milagrosa \u00e9 um utens\u00edlio de limpeza vers\u00e1til que pode ser utilizado em v\u00e1rias superf\u00edcies. As superf\u00edcies adequadas para a esponja milagrosa incluem <strong>pl\u00e1stico, a\u00e7o inoxid\u00e1vel, vidro, cer\u00e2mica, papel de parede, azulejos e muito mais<\/strong>. A esponja pode ser utilizada eficazmente nestes materiais para remover a sujidade, a gordura e os res\u00edduos. A esponja milagrosa tamb\u00e9m \u00e9 adequada para superf\u00edcies sens\u00edveis como a madeira, uma vez que n\u00e3o risca e n\u00e3o deixa marcas desagrad\u00e1veis. Pode ser utilizado para limpar suavemente as superf\u00edcies sem as danificar.  <\/p>\n\n<p><\/p><h3>O que deve ser observado<\/h3>A esponja pode ser cortada \u00e0 medida para alcan\u00e7ar \u00e1reas particularmente dif\u00edceis.  <strong>Aconselha-se cuidado com<\/strong> <strong>superf\u00edcies<\/strong><strong>particularmente sens\u00edveis<\/strong>, <strong>brilhantes<\/strong>, <strong>pintadas<\/strong> e <strong>polidas<\/strong>! \u00c9 aconselh\u00e1vel efetuar previamente um teste numa \u00e1rea discreta e observar que o produto se desgasta, especialmente em superf\u00edcies \u00e1speras. Ap\u00f3s a aplica\u00e7\u00e3o, as superf\u00edcies devem ser limpas com \u00e1gua limpa para remover quaisquer res\u00edduos.\n","protected":false},"excerpt":{"rendered":"<p class=\"MsoNormal\"><strong>Esponja de melamina para pr\u00e9-limpeza de superf\u00edcies<\/strong><\/p>\n<p>\u2713 Reutiliz\u00e1vel<\/p>\n<p>Amigo do ambiente<\/p>\n<p>Pr\u00e1tico<\/p>\n<p>Aplic\u00e1vel universalmente<\/p>\n<p>\u2713 100x70x30mm<\/p>\n<p>&nbsp;<\/p>\n","protected":false},"featured_media":138040,"template":"","meta":{"_acf_changed":false,"neve_meta_sidebar":"","neve_meta_container":"","neve_meta_enable_content_width":"","neve_meta_content_width":0,"neve_meta_title_alignment":"","neve_meta_author_avatar":"","neve_post_elements_order":"","neve_meta_disable_header":"","neve_meta_disable_footer":"","neve_meta_disable_title":"","neve_meta_reading_time":"","_surfaces":[],"_ver_product_tabs":[],"footnotes":""},"product_brand":[],"product_cat":[2152,2290,2380,2388,2482,3082],"product_tag":[],"class_list":{"0":"post-145277","1":"product","2":"type-product","3":"status-publish","4":"has-post-thumbnail","6":"product_cat-vedacao-automatica","7":"product_cat-vedacao-para-vidro-ceramica","8":"product_cat-selo-de-metal-plastico","9":"product_cat-detergente","10":"product_cat-vedacao-universal","11":"product_cat-acessorios","13":"first","14":"instock","15":"taxable","16":"shipping-taxable","17":"purchasable","18":"product-type-simple"},"acf":[],"yoast_head":"<!-- This site is optimized with the Yoast SEO Premium plugin v22.8 (Yoast SEO v27.5) - https:\/\/yoast.com\/product\/yoast-seo-premium-wordpress\/ -->\n<title>Comprar borrachas de sujidade baratas online - Versiegelung24.com<\/title>\n<meta name=\"description\" content=\"Compre o apagador de sujidade a baixo pre\u00e7o online em Versiegelung24.com e remova a sujidade persistente sem esfor\u00e7o de v\u00e1rias superf\u00edcies.\" \/>\n<meta name=\"robots\" content=\"index, follow, max-snippet:-1, max-image-preview:large, max-video-preview:-1\" \/>\n<link rel=\"canonical\" href=\"https:\/\/www.versiegelung24.com\/pt-pt\/v24-schmutzradierer-100x70x30mm.html\" \/>\n<meta property=\"og:locale\" content=\"pt_PT\" \/>\n<meta property=\"og:type\" content=\"article\" \/>\n<meta property=\"og:title\" content=\"V24 Apagador de sujidade 100x70x30mm\" \/>\n<meta property=\"og:description\" content=\"Compre o apagador de sujidade a baixo pre\u00e7o online em Versiegelung24.com e remova a sujidade persistente sem esfor\u00e7o de v\u00e1rias superf\u00edcies.\" \/>\n<meta property=\"og:url\" content=\"https:\/\/www.versiegelung24.com\/pt-pt\/v24-schmutzradierer-100x70x30mm.html\" \/>\n<meta property=\"og:site_name\" content=\"versiegelung24.com\" \/>\n<meta property=\"article:modified_time\" content=\"2025-01-05T17:36:59+00:00\" \/>\n<meta property=\"og:image\" content=\"https:\/\/www.versiegelung24.com\/wp-content\/uploads\/2024\/01\/V24-9020-3.webp\" \/>\n\t<meta property=\"og:image:width\" content=\"600\" \/>\n\t<meta property=\"og:image:height\" content=\"600\" \/>\n\t<meta property=\"og:image:type\" content=\"image\/webp\" \/>\n<meta name=\"twitter:card\" content=\"summary_large_image\" \/>\n<meta name=\"twitter:label1\" content=\"pre\u00e7o\" \/>\n\t<meta name=\"twitter:data1\" content=\"0,99&euro;\" \/>\n\t<meta name=\"twitter:label2\" content=\"Disponibilidade\" \/>\n\t<meta name=\"twitter:data2\" content=\"Em stock\" \/>\n<script type=\"application\/ld+json\" class=\"yoast-schema-graph\">{\"@context\":\"https:\\\/\\\/schema.org\",\"@graph\":[{\"@type\":\"WebPage\",\"@id\":\"https:\\\/\\\/www.versiegelung24.com\\\/pt-pt\\\/v24-schmutzradierer-100x70x30mm.html\",\"url\":\"https:\\\/\\\/www.versiegelung24.com\\\/pt-pt\\\/v24-schmutzradierer-100x70x30mm.html\",\"name\":\"Comprar borrachas de sujidade baratas online - Versiegelung24.com\",\"isPartOf\":{\"@id\":\"https:\\\/\\\/www.versiegelung24.com\\\/pt-pt\\\/#website\"},\"primaryImageOfPage\":{\"@id\":\"https:\\\/\\\/www.versiegelung24.com\\\/pt-pt\\\/v24-schmutzradierer-100x70x30mm.html#primaryimage\"},\"image\":{\"@id\":\"https:\\\/\\\/www.versiegelung24.com\\\/pt-pt\\\/v24-schmutzradierer-100x70x30mm.html#primaryimage\"},\"thumbnailUrl\":\"https:\\\/\\\/www.versiegelung24.com\\\/wp-content\\\/uploads\\\/2024\\\/01\\\/V24-9020-3.webp\",\"datePublished\":\"2024-01-13T10:21:43+00:00\",\"dateModified\":\"2025-01-05T17:36:59+00:00\",\"description\":\"Compre o apagador de sujidade a baixo pre\u00e7o online em Versiegelung24.com e remova a sujidade persistente sem esfor\u00e7o de v\u00e1rias superf\u00edcies.\",\"breadcrumb\":{\"@id\":\"https:\\\/\\\/www.versiegelung24.com\\\/pt-pt\\\/v24-schmutzradierer-100x70x30mm.html#breadcrumb\"},\"inLanguage\":\"pt-PT\",\"potentialAction\":[{\"@type\":\"ReadAction\",\"target\":[\"https:\\\/\\\/www.versiegelung24.com\\\/pt-pt\\\/v24-schmutzradierer-100x70x30mm.html\"]}]},{\"@type\":\"ImageObject\",\"inLanguage\":\"pt-PT\",\"@id\":\"https:\\\/\\\/www.versiegelung24.com\\\/pt-pt\\\/v24-schmutzradierer-100x70x30mm.html#primaryimage\",\"url\":\"https:\\\/\\\/www.versiegelung24.com\\\/wp-content\\\/uploads\\\/2024\\\/01\\\/V24-9020-3.webp\",\"contentUrl\":\"https:\\\/\\\/www.versiegelung24.com\\\/wp-content\\\/uploads\\\/2024\\\/01\\\/V24-9020-3.webp\",\"width\":600,\"height\":600},{\"@type\":\"BreadcrumbList\",\"@id\":\"https:\\\/\\\/www.versiegelung24.com\\\/pt-pt\\\/v24-schmutzradierer-100x70x30mm.html#breadcrumb\",\"itemListElement\":[{\"@type\":\"ListItem\",\"position\":1,\"name\":\"P\u00e1gina inicial\",\"item\":\"https:\\\/\\\/www.versiegelung24.com\\\/pt-pt\\\/frente\\\/\"},{\"@type\":\"ListItem\",\"position\":2,\"name\":\"Loja\",\"item\":\"https:\\\/\\\/www.versiegelung24.com\\\/pt-pt\\\/loja\\\/\"},{\"@type\":\"ListItem\",\"position\":3,\"name\":\"V24 Apagador de sujidade 100x70x30mm\"}]},{\"@type\":\"WebSite\",\"@id\":\"https:\\\/\\\/www.versiegelung24.com\\\/pt-pt\\\/#website\",\"url\":\"https:\\\/\\\/www.versiegelung24.com\\\/pt-pt\\\/\",\"name\":\"versiegelung24.com\",\"description\":\"Fl\u00fcssigglas-Versiegelung - Made in Germany\",\"publisher\":{\"@id\":\"https:\\\/\\\/www.versiegelung24.com\\\/pt-pt\\\/#organization\"},\"potentialAction\":[{\"@type\":\"SearchAction\",\"target\":{\"@type\":\"EntryPoint\",\"urlTemplate\":\"https:\\\/\\\/www.versiegelung24.com\\\/pt-pt\\\/?s={search_term_string}\"},\"query-input\":{\"@type\":\"PropertyValueSpecification\",\"valueRequired\":true,\"valueName\":\"search_term_string\"}}],\"inLanguage\":\"pt-PT\"},{\"@type\":\"Organization\",\"@id\":\"https:\\\/\\\/www.versiegelung24.com\\\/pt-pt\\\/#organization\",\"name\":\"versiegelung24\",\"url\":\"https:\\\/\\\/www.versiegelung24.com\\\/pt-pt\\\/\",\"logo\":{\"@type\":\"ImageObject\",\"inLanguage\":\"pt-PT\",\"@id\":\"https:\\\/\\\/www.versiegelung24.com\\\/pt-pt\\\/#\\\/schema\\\/logo\\\/image\\\/\",\"url\":\"https:\\\/\\\/www.versiegelung24.com\\\/wp-content\\\/uploads\\\/2020\\\/04\\\/versiegelung24.png\",\"contentUrl\":\"https:\\\/\\\/www.versiegelung24.com\\\/wp-content\\\/uploads\\\/2020\\\/04\\\/versiegelung24.png\",\"width\":470,\"height\":102,\"caption\":\"versiegelung24\"},\"image\":{\"@id\":\"https:\\\/\\\/www.versiegelung24.com\\\/pt-pt\\\/#\\\/schema\\\/logo\\\/image\\\/\"}}]}<\/script>\n<meta property=\"product:price:amount\" content=\"0.99\" \/>\n<meta property=\"product:price:currency\" content=\"EUR\" \/>\n<meta property=\"og:availability\" content=\"instock\" \/>\n<meta property=\"product:availability\" content=\"instock\" \/>\n<meta property=\"product:retailer_item_id\" content=\"V24-9020-1\" \/>\n<meta property=\"product:condition\" content=\"new\" \/>\n<!-- \/ Yoast SEO Premium plugin. -->","yoast_head_json":{"title":"Comprar borrachas de sujidade baratas online - Versiegelung24.com","description":"Compre o apagador de sujidade a baixo pre\u00e7o online em Versiegelung24.com e remova a sujidade persistente sem esfor\u00e7o de v\u00e1rias superf\u00edcies.","robots":{"index":"index","follow":"follow","max-snippet":"max-snippet:-1","max-image-preview":"max-image-preview:large","max-video-preview":"max-video-preview:-1"},"canonical":"https:\/\/www.versiegelung24.com\/pt-pt\/v24-schmutzradierer-100x70x30mm.html","og_locale":"pt_PT","og_type":"article","og_title":"V24 Apagador de sujidade 100x70x30mm","og_description":"Compre o apagador de sujidade a baixo pre\u00e7o online em Versiegelung24.com e remova a sujidade persistente sem esfor\u00e7o de v\u00e1rias superf\u00edcies.","og_url":"https:\/\/www.versiegelung24.com\/pt-pt\/v24-schmutzradierer-100x70x30mm.html","og_site_name":"versiegelung24.com","article_modified_time":"2025-01-05T17:36:59+00:00","og_image":[{"width":600,"height":600,"url":"https:\/\/www.versiegelung24.com\/wp-content\/uploads\/2024\/01\/V24-9020-3.webp","type":"image\/webp"}],"twitter_card":"summary_large_image","twitter_misc":{"pre\u00e7o":"0,99&euro;","Disponibilidade":"Em stock"},"schema":{"@context":"https:\/\/schema.org","@graph":[{"@type":"WebPage","@id":"https:\/\/www.versiegelung24.com\/pt-pt\/v24-schmutzradierer-100x70x30mm.html","url":"https:\/\/www.versiegelung24.com\/pt-pt\/v24-schmutzradierer-100x70x30mm.html","name":"Comprar borrachas de sujidade baratas online - Versiegelung24.com","isPartOf":{"@id":"https:\/\/www.versiegelung24.com\/pt-pt\/#website"},"primaryImageOfPage":{"@id":"https:\/\/www.versiegelung24.com\/pt-pt\/v24-schmutzradierer-100x70x30mm.html#primaryimage"},"image":{"@id":"https:\/\/www.versiegelung24.com\/pt-pt\/v24-schmutzradierer-100x70x30mm.html#primaryimage"},"thumbnailUrl":"https:\/\/www.versiegelung24.com\/wp-content\/uploads\/2024\/01\/V24-9020-3.webp","datePublished":"2024-01-13T10:21:43+00:00","dateModified":"2025-01-05T17:36:59+00:00","description":"Compre o apagador de sujidade a baixo pre\u00e7o online em Versiegelung24.com e remova a sujidade persistente sem esfor\u00e7o de v\u00e1rias superf\u00edcies.","breadcrumb":{"@id":"https:\/\/www.versiegelung24.com\/pt-pt\/v24-schmutzradierer-100x70x30mm.html#breadcrumb"},"inLanguage":"pt-PT","potentialAction":[{"@type":"ReadAction","target":["https:\/\/www.versiegelung24.com\/pt-pt\/v24-schmutzradierer-100x70x30mm.html"]}]},{"@type":"ImageObject","inLanguage":"pt-PT","@id":"https:\/\/www.versiegelung24.com\/pt-pt\/v24-schmutzradierer-100x70x30mm.html#primaryimage","url":"https:\/\/www.versiegelung24.com\/wp-content\/uploads\/2024\/01\/V24-9020-3.webp","contentUrl":"https:\/\/www.versiegelung24.com\/wp-content\/uploads\/2024\/01\/V24-9020-3.webp","width":600,"height":600},{"@type":"BreadcrumbList","@id":"https:\/\/www.versiegelung24.com\/pt-pt\/v24-schmutzradierer-100x70x30mm.html#breadcrumb","itemListElement":[{"@type":"ListItem","position":1,"name":"P\u00e1gina inicial","item":"https:\/\/www.versiegelung24.com\/pt-pt\/frente\/"},{"@type":"ListItem","position":2,"name":"Loja","item":"https:\/\/www.versiegelung24.com\/pt-pt\/loja\/"},{"@type":"ListItem","position":3,"name":"V24 Apagador de sujidade 100x70x30mm"}]},{"@type":"WebSite","@id":"https:\/\/www.versiegelung24.com\/pt-pt\/#website","url":"https:\/\/www.versiegelung24.com\/pt-pt\/","name":"versiegelung24.com","description":"Fl\u00fcssigglas-Versiegelung - Made in Germany","publisher":{"@id":"https:\/\/www.versiegelung24.com\/pt-pt\/#organization"},"potentialAction":[{"@type":"SearchAction","target":{"@type":"EntryPoint","urlTemplate":"https:\/\/www.versiegelung24.com\/pt-pt\/?s={search_term_string}"},"query-input":{"@type":"PropertyValueSpecification","valueRequired":true,"valueName":"search_term_string"}}],"inLanguage":"pt-PT"},{"@type":"Organization","@id":"https:\/\/www.versiegelung24.com\/pt-pt\/#organization","name":"versiegelung24","url":"https:\/\/www.versiegelung24.com\/pt-pt\/","logo":{"@type":"ImageObject","inLanguage":"pt-PT","@id":"https:\/\/www.versiegelung24.com\/pt-pt\/#\/schema\/logo\/image\/","url":"https:\/\/www.versiegelung24.com\/wp-content\/uploads\/2020\/04\/versiegelung24.png","contentUrl":"https:\/\/www.versiegelung24.com\/wp-content\/uploads\/2020\/04\/versiegelung24.png","width":470,"height":102,"caption":"versiegelung24"},"image":{"@id":"https:\/\/www.versiegelung24.com\/pt-pt\/#\/schema\/logo\/image\/"}}]},"product_price_amount":"0.99","product_price_currency":"EUR","og_availability":"instock","product_availability":"instock","product_retailer_item_id":"V24-9020-1","product_condition":"new"},"_links":{"self":[{"href":"https:\/\/www.versiegelung24.com\/pt-pt\/wp-json\/wp\/v2\/product\/145277","targetHints":{"allow":["GET"]}}],"collection":[{"href":"https:\/\/www.versiegelung24.com\/pt-pt\/wp-json\/wp\/v2\/product"}],"about":[{"href":"https:\/\/www.versiegelung24.com\/pt-pt\/wp-json\/wp\/v2\/types\/product"}],"version-history":[{"count":2,"href":"https:\/\/www.versiegelung24.com\/pt-pt\/wp-json\/wp\/v2\/product\/145277\/revisions"}],"predecessor-version":[{"id":178607,"href":"https:\/\/www.versiegelung24.com\/pt-pt\/wp-json\/wp\/v2\/product\/145277\/revisions\/178607"}],"wp:featuredmedia":[{"embeddable":true,"href":"https:\/\/www.versiegelung24.com\/pt-pt\/wp-json\/wp\/v2\/media\/138040"}],"wp:attachment":[{"href":"https:\/\/www.versiegelung24.com\/pt-pt\/wp-json\/wp\/v2\/media?parent=145277"}],"wp:term":[{"taxonomy":"product_brand","embeddable":true,"href":"https:\/\/www.versiegelung24.com\/pt-pt\/wp-json\/wp\/v2\/product_brand?post=145277"},{"taxonomy":"product_cat","embeddable":true,"href":"https:\/\/www.versiegelung24.com\/pt-pt\/wp-json\/wp\/v2\/product_cat?post=145277"},{"taxonomy":"product_tag","embeddable":true,"href":"https:\/\/www.versiegelung24.com\/pt-pt\/wp-json\/wp\/v2\/product_tag?post=145277"}],"curies":[{"name":"wp","href":"https:\/\/api.w.org\/{rel}","templated":true}]}}