{"id":149469,"date":"2022-02-11T08:49:15","date_gmt":"2024-01-29T19:42:35","guid":{"rendered":"https:\/\/www.versiegelung24.com\/product\/pano-de-microfibras-40x40cm-para-pre-limpeza-ou-polimento-amarelo\/"},"modified":"2025-01-05T15:32:50","modified_gmt":"2025-01-05T14:32:50","slug":"pano-de-microfibra-40x40cm-para-pre-limpeza-ou-polimento-amarelo","status":"publish","type":"product","link":"https:\/\/www.versiegelung24.com\/pt-pt\/pano-de-microfibra-40x40cm-para-pre-limpeza-ou-polimento-amarelo.html","title":{"rendered":"Pano de microfibras 40x40cm para pr\u00e9-limpeza ou polimento amarelo"},"content":{"rendered":"\n<p>Pano de microfibras para pr\u00e9-limpeza ou polimento final.<\/p>\n\n<p>Devido \u00e0 sua elevada capacidade de absor\u00e7\u00e3o, recomendamos tamb\u00e9m o <a href=\"https:\/\/www.versiegelung24.com\/applikationstuch-20x20cm.html\">pano de microfibras para aplicar os nossos vedantes l\u00edquidos para vidro<\/a><\/p>\n\n<p>Recomendamos a utiliza\u00e7\u00e3o de um pano de microfibras separado para cada passo da aplica\u00e7\u00e3o dos nossos vedantes e impregna\u00e7\u00f5es de superf\u00edcies.<\/p>\n\n<p>Se a sujidade permanecer no pano ap\u00f3s a limpeza, a superf\u00edcie ainda n\u00e3o foi completamente limpa e de forma \u00f3ptima. Um bom efeito de veda\u00e7\u00e3o s\u00f3 pode ser alcan\u00e7ado se n\u00e3o houver mais sujidade na superf\u00edcie.<\/p>\n\n<hr\/>\n\n<h4 class=\"wp-block-heading\" id=\"properties\">Caracter\u00edsticas do produto<\/h4>\n\n<div class=\"wp-block-columns is-layout-flex wp-container-core-columns-is-layout-9d6595d7 wp-block-columns-is-layout-flex\">\n<div class=\"wp-block-column is-layout-flow wp-block-column-is-layout-flow\">\n<p><br\/>Composi\u00e7\u00e3o: 80% poli\u00e9ster, 20% poliamida Tamanho: 40x40cm<\/p>\n<\/div>\n\n\n\n<div class=\"wp-block-column is-layout-flow wp-block-column-is-layout-flow\">\n<p>Alta qualidade com um peso seco de 280g\/m\u00b2.<\/p>\n<\/div>\n<\/div>\n\n<hr\/>\n\n<h4 class=\"wp-block-heading\" id=\"application\">Aplica\u00e7\u00e3o<\/h4>\n\n<p>Pode ser utilizado universalmente no interior e no exterior. Tamanho ideal para limpar vidros, cer\u00e2micas, barcos, autom\u00f3veis e autocaravanas.<\/p>\n\n<p>Limpeza sem p\u00ealos, sem riscos e de secagem r\u00e1pida. A sujidade e as part\u00edculas de p\u00f3 s\u00e3o absorvidas sem praticamente nenhum res\u00edduo.<\/p>\n\n<p>O material \u00e9 reutiliz\u00e1vel e, por conseguinte, muito amigo do ambiente. F\u00e1cil de lavar na m\u00e1quina de lavar roupa sem detergente.<\/p>\n","protected":false},"excerpt":{"rendered":"<p><strong>Pano de microfibras para pr\u00e9-limpeza ou polimento final:<\/strong><\/p>\n<p>\u2713 Reutiliz\u00e1vel<\/p>\n<p>Amigo do ambiente<\/p>\n<p>Extremamente absorvente<\/p>\n<p>Secagem r\u00e1pida<\/p>\n<p>Sem p\u00ealos<\/p>\n<p>Sem riscos<\/p>\n<p>80% poli\u00e9ster \/ 20% poliamida<\/p>\n<p>Peso seco 280g\/m\u00b2<\/p>\n","protected":false},"featured_media":64791,"template":"","meta":{"_acf_changed":false,"neve_meta_sidebar":"","neve_meta_container":"","neve_meta_enable_content_width":"","neve_meta_content_width":0,"neve_meta_title_alignment":"","neve_meta_author_avatar":"","neve_post_elements_order":"","neve_meta_disable_header":"","neve_meta_disable_footer":"","neve_meta_disable_title":"","neve_meta_reading_time":"","_surfaces":[],"_ver_product_tabs":[],"footnotes":""},"product_brand":[],"product_cat":[3082,2388,2424,2274,2423,2722,2482,2152,2380,2290],"product_tag":[],"class_list":{"0":"post-149469","1":"product","2":"type-product","3":"status-publish","4":"has-post-thumbnail","6":"product_cat-acessorios","7":"product_cat-detergente","8":"product_cat-concentrados-desinfetantes","9":"product_cat-desinfetante","10":"product_cat-desinfetantes-de-superficie","11":"product_cat-antissetico-para-as-maos","12":"product_cat-vedacao-universal","13":"product_cat-vedacao-automatica","14":"product_cat-selo-de-metal-plastico","15":"product_cat-vedacao-para-vidro-ceramica","16":"pa_farbe-azul","17":"pa_farbe-branco","19":"first","20":"instock","21":"taxable","22":"shipping-taxable","23":"purchasable","24":"product-type-simple"},"acf":[],"yoast_head":"<!-- This site is optimized with the Yoast SEO Premium plugin v22.8 (Yoast SEO v27.3) - https:\/\/yoast.com\/product\/yoast-seo-premium-wordpress\/ -->\n<title>Pano de microfibras 40x40cm para pr\u00e9-limpeza ou polimento amarelo - versiegelung24.com<\/title>\n<meta name=\"description\" content=\"Pano de microfibra &quot; Extremamente absorvente &quot; Secagem r\u00e1pida &quot; Sem p\u00ealos &quot; Sem riscos &quot; 80% poli\u00e9ster \/ 20% poliamida &quot; Peso seco 280g\/m2\" \/>\n<meta name=\"robots\" content=\"index, follow, max-snippet:-1, max-image-preview:large, max-video-preview:-1\" \/>\n<link rel=\"canonical\" href=\"https:\/\/www.versiegelung24.com\/pt-pt\/pano-de-microfibra-40x40cm-para-pre-limpeza-ou-polimento-amarelo.html\" \/>\n<meta property=\"og:locale\" content=\"pt_PT\" \/>\n<meta property=\"og:type\" content=\"article\" \/>\n<meta property=\"og:title\" content=\"Pano de microfibras 40x40cm para pr\u00e9-limpeza ou polimento amarelo\" \/>\n<meta property=\"og:description\" content=\"Pano de microfibra &quot; Extremamente absorvente &quot; Secagem r\u00e1pida &quot; Sem p\u00ealos &quot; Sem riscos &quot; 80% poli\u00e9ster \/ 20% poliamida &quot; Peso seco 280g\/m2\" \/>\n<meta property=\"og:url\" content=\"https:\/\/www.versiegelung24.com\/pt-pt\/pano-de-microfibra-40x40cm-para-pre-limpeza-ou-polimento-amarelo.html\" \/>\n<meta property=\"og:site_name\" content=\"versiegelung24.com\" \/>\n<meta property=\"article:modified_time\" content=\"2025-01-05T14:32:50+00:00\" \/>\n<meta property=\"og:image\" content=\"https:\/\/www.versiegelung24.com\/wp-content\/uploads\/2022\/02\/V24-9004-1-Mikrofaser-gelb-40x40cm-Custom.jpg\" \/>\n\t<meta property=\"og:image:width\" content=\"1024\" \/>\n\t<meta property=\"og:image:height\" content=\"1024\" \/>\n\t<meta property=\"og:image:type\" content=\"image\/jpeg\" \/>\n<meta name=\"twitter:card\" content=\"summary_large_image\" \/>\n<meta name=\"twitter:label1\" content=\"pre\u00e7o\" \/>\n\t<meta name=\"twitter:data1\" content=\"1,25&euro;\" \/>\n\t<meta name=\"twitter:label2\" content=\"Disponibilidade\" \/>\n\t<meta name=\"twitter:data2\" content=\"Em stock\" \/>\n<script type=\"application\/ld+json\" class=\"yoast-schema-graph\">{\"@context\":\"https:\\\/\\\/schema.org\",\"@graph\":[{\"@type\":\"WebPage\",\"@id\":\"https:\\\/\\\/www.versiegelung24.com\\\/pt-pt\\\/pano-de-microfibra-40x40cm-para-pre-limpeza-ou-polimento-amarelo.html\",\"url\":\"https:\\\/\\\/www.versiegelung24.com\\\/pt-pt\\\/pano-de-microfibra-40x40cm-para-pre-limpeza-ou-polimento-amarelo.html\",\"name\":\"Pano de microfibras 40x40cm para pr\u00e9-limpeza ou polimento amarelo - versiegelung24.com\",\"isPartOf\":{\"@id\":\"https:\\\/\\\/www.versiegelung24.com\\\/pt-pt\\\/#website\"},\"primaryImageOfPage\":{\"@id\":\"https:\\\/\\\/www.versiegelung24.com\\\/pt-pt\\\/pano-de-microfibra-40x40cm-para-pre-limpeza-ou-polimento-amarelo.html#primaryimage\"},\"image\":{\"@id\":\"https:\\\/\\\/www.versiegelung24.com\\\/pt-pt\\\/pano-de-microfibra-40x40cm-para-pre-limpeza-ou-polimento-amarelo.html#primaryimage\"},\"thumbnailUrl\":\"https:\\\/\\\/www.versiegelung24.com\\\/wp-content\\\/uploads\\\/2022\\\/02\\\/V24-9004-1-Mikrofaser-gelb-40x40cm-Custom.jpg\",\"datePublished\":\"2024-01-29T19:42:35+00:00\",\"dateModified\":\"2025-01-05T14:32:50+00:00\",\"description\":\"Pano de microfibra \\\" Extremamente absorvente \\\" Secagem r\u00e1pida \\\" Sem p\u00ealos \\\" Sem riscos \\\" 80% poli\u00e9ster \\\/ 20% poliamida \\\" Peso seco 280g\\\/m2\",\"breadcrumb\":{\"@id\":\"https:\\\/\\\/www.versiegelung24.com\\\/pt-pt\\\/pano-de-microfibra-40x40cm-para-pre-limpeza-ou-polimento-amarelo.html#breadcrumb\"},\"inLanguage\":\"pt-PT\",\"potentialAction\":[{\"@type\":\"ReadAction\",\"target\":[\"https:\\\/\\\/www.versiegelung24.com\\\/pt-pt\\\/pano-de-microfibra-40x40cm-para-pre-limpeza-ou-polimento-amarelo.html\"]}]},{\"@type\":\"ImageObject\",\"inLanguage\":\"pt-PT\",\"@id\":\"https:\\\/\\\/www.versiegelung24.com\\\/pt-pt\\\/pano-de-microfibra-40x40cm-para-pre-limpeza-ou-polimento-amarelo.html#primaryimage\",\"url\":\"https:\\\/\\\/www.versiegelung24.com\\\/wp-content\\\/uploads\\\/2022\\\/02\\\/V24-9004-1-Mikrofaser-gelb-40x40cm-Custom.jpg\",\"contentUrl\":\"https:\\\/\\\/www.versiegelung24.com\\\/wp-content\\\/uploads\\\/2022\\\/02\\\/V24-9004-1-Mikrofaser-gelb-40x40cm-Custom.jpg\",\"width\":1024,\"height\":1024},{\"@type\":\"BreadcrumbList\",\"@id\":\"https:\\\/\\\/www.versiegelung24.com\\\/pt-pt\\\/pano-de-microfibra-40x40cm-para-pre-limpeza-ou-polimento-amarelo.html#breadcrumb\",\"itemListElement\":[{\"@type\":\"ListItem\",\"position\":1,\"name\":\"P\u00e1gina inicial\",\"item\":\"https:\\\/\\\/www.versiegelung24.com\\\/pt-pt\\\/frente\\\/\"},{\"@type\":\"ListItem\",\"position\":2,\"name\":\"Loja\",\"item\":\"https:\\\/\\\/www.versiegelung24.com\\\/pt-pt\\\/loja\\\/\"},{\"@type\":\"ListItem\",\"position\":3,\"name\":\"Pano de microfibras 40x40cm para pr\u00e9-limpeza ou polimento amarelo\"}]},{\"@type\":\"WebSite\",\"@id\":\"https:\\\/\\\/www.versiegelung24.com\\\/pt-pt\\\/#website\",\"url\":\"https:\\\/\\\/www.versiegelung24.com\\\/pt-pt\\\/\",\"name\":\"versiegelung24.com\",\"description\":\"Fl\u00fcssigglas-Versiegelung - Made in Germany\",\"publisher\":{\"@id\":\"https:\\\/\\\/www.versiegelung24.com\\\/pt-pt\\\/#organization\"},\"potentialAction\":[{\"@type\":\"SearchAction\",\"target\":{\"@type\":\"EntryPoint\",\"urlTemplate\":\"https:\\\/\\\/www.versiegelung24.com\\\/pt-pt\\\/?s={search_term_string}\"},\"query-input\":{\"@type\":\"PropertyValueSpecification\",\"valueRequired\":true,\"valueName\":\"search_term_string\"}}],\"inLanguage\":\"pt-PT\"},{\"@type\":\"Organization\",\"@id\":\"https:\\\/\\\/www.versiegelung24.com\\\/pt-pt\\\/#organization\",\"name\":\"versiegelung24\",\"url\":\"https:\\\/\\\/www.versiegelung24.com\\\/pt-pt\\\/\",\"logo\":{\"@type\":\"ImageObject\",\"inLanguage\":\"pt-PT\",\"@id\":\"https:\\\/\\\/www.versiegelung24.com\\\/pt-pt\\\/#\\\/schema\\\/logo\\\/image\\\/\",\"url\":\"https:\\\/\\\/www.versiegelung24.com\\\/wp-content\\\/uploads\\\/2020\\\/04\\\/versiegelung24.png\",\"contentUrl\":\"https:\\\/\\\/www.versiegelung24.com\\\/wp-content\\\/uploads\\\/2020\\\/04\\\/versiegelung24.png\",\"width\":470,\"height\":102,\"caption\":\"versiegelung24\"},\"image\":{\"@id\":\"https:\\\/\\\/www.versiegelung24.com\\\/pt-pt\\\/#\\\/schema\\\/logo\\\/image\\\/\"}}]}<\/script>\n<meta property=\"product:price:amount\" content=\"1.25\" \/>\n<meta property=\"product:price:currency\" content=\"EUR\" \/>\n<meta property=\"og:availability\" content=\"instock\" \/>\n<meta property=\"product:availability\" content=\"instock\" \/>\n<meta property=\"product:retailer_item_id\" content=\"V24-9004\" \/>\n<meta property=\"product:condition\" content=\"new\" \/>\n<!-- \/ Yoast SEO Premium plugin. -->","yoast_head_json":{"title":"Pano de microfibras 40x40cm para pr\u00e9-limpeza ou polimento amarelo - versiegelung24.com","description":"Pano de microfibra \" Extremamente absorvente \" Secagem r\u00e1pida \" Sem p\u00ealos \" Sem riscos \" 80% poli\u00e9ster \/ 20% poliamida \" Peso seco 280g\/m2","robots":{"index":"index","follow":"follow","max-snippet":"max-snippet:-1","max-image-preview":"max-image-preview:large","max-video-preview":"max-video-preview:-1"},"canonical":"https:\/\/www.versiegelung24.com\/pt-pt\/pano-de-microfibra-40x40cm-para-pre-limpeza-ou-polimento-amarelo.html","og_locale":"pt_PT","og_type":"article","og_title":"Pano de microfibras 40x40cm para pr\u00e9-limpeza ou polimento amarelo","og_description":"Pano de microfibra \" Extremamente absorvente \" Secagem r\u00e1pida \" Sem p\u00ealos \" Sem riscos \" 80% poli\u00e9ster \/ 20% poliamida \" Peso seco 280g\/m2","og_url":"https:\/\/www.versiegelung24.com\/pt-pt\/pano-de-microfibra-40x40cm-para-pre-limpeza-ou-polimento-amarelo.html","og_site_name":"versiegelung24.com","article_modified_time":"2025-01-05T14:32:50+00:00","og_image":[{"width":1024,"height":1024,"url":"https:\/\/www.versiegelung24.com\/wp-content\/uploads\/2022\/02\/V24-9004-1-Mikrofaser-gelb-40x40cm-Custom.jpg","type":"image\/jpeg"}],"twitter_card":"summary_large_image","twitter_misc":{"pre\u00e7o":"1,25&euro;","Disponibilidade":"Em stock"},"schema":{"@context":"https:\/\/schema.org","@graph":[{"@type":"WebPage","@id":"https:\/\/www.versiegelung24.com\/pt-pt\/pano-de-microfibra-40x40cm-para-pre-limpeza-ou-polimento-amarelo.html","url":"https:\/\/www.versiegelung24.com\/pt-pt\/pano-de-microfibra-40x40cm-para-pre-limpeza-ou-polimento-amarelo.html","name":"Pano de microfibras 40x40cm para pr\u00e9-limpeza ou polimento amarelo - versiegelung24.com","isPartOf":{"@id":"https:\/\/www.versiegelung24.com\/pt-pt\/#website"},"primaryImageOfPage":{"@id":"https:\/\/www.versiegelung24.com\/pt-pt\/pano-de-microfibra-40x40cm-para-pre-limpeza-ou-polimento-amarelo.html#primaryimage"},"image":{"@id":"https:\/\/www.versiegelung24.com\/pt-pt\/pano-de-microfibra-40x40cm-para-pre-limpeza-ou-polimento-amarelo.html#primaryimage"},"thumbnailUrl":"https:\/\/www.versiegelung24.com\/wp-content\/uploads\/2022\/02\/V24-9004-1-Mikrofaser-gelb-40x40cm-Custom.jpg","datePublished":"2024-01-29T19:42:35+00:00","dateModified":"2025-01-05T14:32:50+00:00","description":"Pano de microfibra \" Extremamente absorvente \" Secagem r\u00e1pida \" Sem p\u00ealos \" Sem riscos \" 80% poli\u00e9ster \/ 20% poliamida \" Peso seco 280g\/m2","breadcrumb":{"@id":"https:\/\/www.versiegelung24.com\/pt-pt\/pano-de-microfibra-40x40cm-para-pre-limpeza-ou-polimento-amarelo.html#breadcrumb"},"inLanguage":"pt-PT","potentialAction":[{"@type":"ReadAction","target":["https:\/\/www.versiegelung24.com\/pt-pt\/pano-de-microfibra-40x40cm-para-pre-limpeza-ou-polimento-amarelo.html"]}]},{"@type":"ImageObject","inLanguage":"pt-PT","@id":"https:\/\/www.versiegelung24.com\/pt-pt\/pano-de-microfibra-40x40cm-para-pre-limpeza-ou-polimento-amarelo.html#primaryimage","url":"https:\/\/www.versiegelung24.com\/wp-content\/uploads\/2022\/02\/V24-9004-1-Mikrofaser-gelb-40x40cm-Custom.jpg","contentUrl":"https:\/\/www.versiegelung24.com\/wp-content\/uploads\/2022\/02\/V24-9004-1-Mikrofaser-gelb-40x40cm-Custom.jpg","width":1024,"height":1024},{"@type":"BreadcrumbList","@id":"https:\/\/www.versiegelung24.com\/pt-pt\/pano-de-microfibra-40x40cm-para-pre-limpeza-ou-polimento-amarelo.html#breadcrumb","itemListElement":[{"@type":"ListItem","position":1,"name":"P\u00e1gina inicial","item":"https:\/\/www.versiegelung24.com\/pt-pt\/frente\/"},{"@type":"ListItem","position":2,"name":"Loja","item":"https:\/\/www.versiegelung24.com\/pt-pt\/loja\/"},{"@type":"ListItem","position":3,"name":"Pano de microfibras 40x40cm para pr\u00e9-limpeza ou polimento amarelo"}]},{"@type":"WebSite","@id":"https:\/\/www.versiegelung24.com\/pt-pt\/#website","url":"https:\/\/www.versiegelung24.com\/pt-pt\/","name":"versiegelung24.com","description":"Fl\u00fcssigglas-Versiegelung - Made in Germany","publisher":{"@id":"https:\/\/www.versiegelung24.com\/pt-pt\/#organization"},"potentialAction":[{"@type":"SearchAction","target":{"@type":"EntryPoint","urlTemplate":"https:\/\/www.versiegelung24.com\/pt-pt\/?s={search_term_string}"},"query-input":{"@type":"PropertyValueSpecification","valueRequired":true,"valueName":"search_term_string"}}],"inLanguage":"pt-PT"},{"@type":"Organization","@id":"https:\/\/www.versiegelung24.com\/pt-pt\/#organization","name":"versiegelung24","url":"https:\/\/www.versiegelung24.com\/pt-pt\/","logo":{"@type":"ImageObject","inLanguage":"pt-PT","@id":"https:\/\/www.versiegelung24.com\/pt-pt\/#\/schema\/logo\/image\/","url":"https:\/\/www.versiegelung24.com\/wp-content\/uploads\/2020\/04\/versiegelung24.png","contentUrl":"https:\/\/www.versiegelung24.com\/wp-content\/uploads\/2020\/04\/versiegelung24.png","width":470,"height":102,"caption":"versiegelung24"},"image":{"@id":"https:\/\/www.versiegelung24.com\/pt-pt\/#\/schema\/logo\/image\/"}}]},"product_price_amount":"1.25","product_price_currency":"EUR","og_availability":"instock","product_availability":"instock","product_retailer_item_id":"V24-9004","product_condition":"new"},"_links":{"self":[{"href":"https:\/\/www.versiegelung24.com\/pt-pt\/wp-json\/wp\/v2\/product\/149469","targetHints":{"allow":["GET"]}}],"collection":[{"href":"https:\/\/www.versiegelung24.com\/pt-pt\/wp-json\/wp\/v2\/product"}],"about":[{"href":"https:\/\/www.versiegelung24.com\/pt-pt\/wp-json\/wp\/v2\/types\/product"}],"version-history":[{"count":7,"href":"https:\/\/www.versiegelung24.com\/pt-pt\/wp-json\/wp\/v2\/product\/149469\/revisions"}],"predecessor-version":[{"id":178230,"href":"https:\/\/www.versiegelung24.com\/pt-pt\/wp-json\/wp\/v2\/product\/149469\/revisions\/178230"}],"wp:featuredmedia":[{"embeddable":true,"href":"https:\/\/www.versiegelung24.com\/pt-pt\/wp-json\/wp\/v2\/media\/64791"}],"wp:attachment":[{"href":"https:\/\/www.versiegelung24.com\/pt-pt\/wp-json\/wp\/v2\/media?parent=149469"}],"wp:term":[{"taxonomy":"product_brand","embeddable":true,"href":"https:\/\/www.versiegelung24.com\/pt-pt\/wp-json\/wp\/v2\/product_brand?post=149469"},{"taxonomy":"product_cat","embeddable":true,"href":"https:\/\/www.versiegelung24.com\/pt-pt\/wp-json\/wp\/v2\/product_cat?post=149469"},{"taxonomy":"product_tag","embeddable":true,"href":"https:\/\/www.versiegelung24.com\/pt-pt\/wp-json\/wp\/v2\/product_tag?post=149469"}],"curies":[{"name":"wp","href":"https:\/\/api.w.org\/{rel}","templated":true}]}}