{"id":181870,"date":"2025-07-31T12:51:03","date_gmt":"2025-07-31T10:51:14","guid":{"rendered":"https:\/\/www.versiegelung24.com\/?post_type=product&#038;p=181870"},"modified":"2025-09-05T13:56:27","modified_gmt":"2025-09-05T11:56:27","slug":"holzimpragnierung-silanbasis","status":"publish","type":"product","link":"https:\/\/www.versiegelung24.com\/pt-pt\/holzimpragnierung-silanbasis.html","title":{"rendered":"Impregna\u00e7\u00e3o da madeira &#8211; prote\u00e7\u00e3o natural da madeira \u00e0 base de silano"},"content":{"rendered":"\n<h2 class=\"wp-block-heading\" id=\"h-holzschutz-naturimpragnierung-auf-silanbasis-wasserbasierend\"><strong>Prote\u00e7\u00e3o da madeira: impregna\u00e7\u00e3o natural \u00e0 base de silano (\u00e0 base de \u00e1gua)<\/strong><\/h2>\n\n<p>De alta qualidade Made in Germany.<\/p>\n\n<hr\/>\n\n<div class=\"wp-block-columns is-layout-flex wp-container-core-columns-is-layout-9d6595d7 wp-block-columns-is-layout-flex\">\n<div class=\"wp-block-column is-layout-flow wp-block-column-is-layout-flow\">\n<p>A nossa impregna\u00e7\u00e3o de madeira \u00e9 um sistema de impregna\u00e7\u00e3o \u00e0 base de silano pronto a usar. Estabiliza a lignina e, assim, protege significativamente a madeira do envelhecimento. As suas propriedades hidrof\u00f3bicas impedem que a humidade e a sujidade indesejadas penetrem na madeira.  <\/p>\n\n\n\n<p><strong>Adequado para:<\/strong> Madeira, passadi\u00e7os, carports, peitoris de janelas, telheiros de jardim, mobili\u00e1rio de jardim, madeira de constru\u00e7\u00e3o, fachadas, jardineiras, terra\u00e7os, veda\u00e7\u00f5es e muito mais.<\/p>\n<\/div>\n\n\n\n<div class=\"wp-block-column is-layout-flow wp-block-column-is-layout-flow\">\n<figure class=\"wp-block-image size-large\"><img fetchpriority=\"high\" decoding=\"async\" width=\"1300\" height=\"851\" src=\"https:\/\/www.versiegelung24.com\/wp-content\/uploads\/2025\/07\/image-1300x851.png\" alt=\"\" class=\"wp-image-181965\" srcset=\"https:\/\/www.versiegelung24.com\/wp-content\/uploads\/2025\/07\/image-1300x851.png 1300w, https:\/\/www.versiegelung24.com\/wp-content\/uploads\/2025\/07\/image-300x196.png 300w, https:\/\/www.versiegelung24.com\/wp-content\/uploads\/2025\/07\/image-768x503.png 768w, https:\/\/www.versiegelung24.com\/wp-content\/uploads\/2025\/07\/image-1536x1006.png 1536w, https:\/\/www.versiegelung24.com\/wp-content\/uploads\/2025\/07\/image-600x393.png 600w, https:\/\/www.versiegelung24.com\/wp-content\/uploads\/2025\/07\/image.png 1784w\" sizes=\"(max-width: 1300px) 100vw, 1300px\" \/><\/figure>\n<\/div>\n<\/div>\n\n<h4 class=\"wp-block-heading\" id=\"properties\">Caracter\u00edsticas do produto<\/h4>\n\n<div class=\"wp-block-columns is-layout-flex wp-container-core-columns-is-layout-9d6595d7 wp-block-columns-is-layout-flex\">\n<div class=\"wp-block-column is-layout-flow wp-block-column-is-layout-flow\">\n<ul class=\"wp-block-list\">\n<li><strong>Incolor<\/strong> &#8211; Prote\u00e7\u00e3o transparente para a preserva\u00e7\u00e3o da cor da madeira  <\/li>\n\n\n\n<li><strong>N\u00e3o cont\u00e9m produtos petrol\u00edferos<\/strong> &#8211; Formula\u00e7\u00e3o amiga do ambiente  <\/li>\n\n\n\n<li><strong>Prim\u00e1rio e fun\u00e7\u00e3o protetora num s\u00f3 passo<\/strong> &#8211; Aplica\u00e7\u00e3o f\u00e1cil  <\/li>\n\n\n\n<li><strong>Secagem muito r\u00e1pida<\/strong> &#8211; poupa tempo de processamento  <\/li>\n\n\n\n<li><strong>Durabilidade<\/strong> &#8211; 2-5 anos (significativamente mais tempo se for utilizado em interiores)<\/li>\n\n\n\n<li>A <strong>prote\u00e7\u00e3o da lenhina<\/strong> <strong>atrasa<\/strong> significativamente o <strong>processo de envelhecimento<\/strong> em <strong>v\u00e1rios meses<\/strong>.<\/li>\n<\/ul>\n<\/div>\n\n\n\n<div class=\"wp-block-column is-layout-flow wp-block-column-is-layout-flow\">\n<ul class=\"wp-block-list\">\n<li><strong>Sem PFAS, PFOA e PFOS<\/strong><\/li>\n\n\n\n<li><strong>Protege contra o envelhecimento devido \u00e0 luz solar<\/strong> &#8211; Prote\u00e7\u00e3o UV  <\/li>\n\n\n\n<li><strong>Repelente \u00e0 \u00e1gua e \u00e0 sujidade<\/strong> &#8211; Propriedades hidrof\u00f3bicas  <\/li>\n\n\n\n<li><strong>Evita o crescimento de algas, musgo e l\u00edquenes<\/strong> &#8211; Prote\u00e7\u00e3o duradoura  <\/li>\n\n\n\n<li><strong>Consumo: 1 litro \u00e9 suficiente para cerca de 30 &#8211; 40 m\u00b2<\/strong> (dependendo do substrato)<\/li>\n\n\n\n<li>A aplica\u00e7\u00e3o \u00e9 <strong>preferida para<\/strong> superf\u00edcies <strong>verticais<\/strong> de madeira acima (cercas de madeira, &#8230; ) e abaixo do relvado (postes de madeira)<\/li>\n<\/ul>\n<\/div>\n<\/div>\n\n<p>\u00c2mbito de fornecimento: 1 x garrafa de litro, 1 x cabe\u00e7a de pulveriza\u00e7\u00e3o da bomba<br\/><\/p>\n\n<hr\/>\n\n<h4 class=\"wp-block-heading\" id=\"application\">Aplica\u00e7\u00e3o<\/h4>\n\n<div class=\"wp-block-columns is-layout-flex wp-container-core-columns-is-layout-9d6595d7 wp-block-columns-is-layout-flex\">\n<div class=\"wp-block-column is-layout-flow wp-block-column-is-layout-flow\">\n<p><strong>Prepara\u00e7\u00e3o:<\/strong><\/p>\n\n\n\n<ul class=\"wp-block-list\">\n<li>Agita vigorosamente durante 1 minuto antes de utilizares.<\/li>\n\n\n\n<li>As superf\u00edcies a tratar devem estar limpas, completamente secas e sem p\u00f3 e n\u00e3o devem ter sido previamente tratadas com outros revestimentos.<\/li>\n\n\n\n<li>A contamina\u00e7\u00e3o causada por tinta, gordura, \u00f3leo ou crescimento org\u00e2nico (algas, l\u00edquenes, musgo) deve ser removida com anteced\u00eancia.<\/li>\n<\/ul>\n\n\n\n<p><strong>Aplica-te:<\/strong><\/p>\n\n\n\n<ul class=\"wp-block-list\">\n<li><strong>M\u00e9todo recomendado:<\/strong> O produto deve ser pulverizado de prefer\u00eancia com um pulverizador\/bomba de baixa press\u00e3o.<\/li>\n\n\n\n<li>Ajusta a dist\u00e2ncia \u00e0 superf\u00edcie de acordo com a pot\u00eancia do teu pulverizador.<\/li>\n\n\n\n<li>A superf\u00edcie deve dar uma impress\u00e3o uniforme e h\u00famida.<\/li>\n\n\n\n<li><strong>Alternativa:<\/strong> A aplica\u00e7\u00e3o com uma escova\/rolo \u00e9 poss\u00edvel, mas deve ser testada previamente numa pequena \u00e1rea. Evita a forma\u00e7\u00e3o de po\u00e7as! <\/li>\n<\/ul>\n\n\n\n<p><strong>Processa:<\/strong><\/p>\n\n\n\n<ul class=\"wp-block-list\">\n<li>Pulveriza pelo menos duas vezes sobre a superf\u00edcie a tratar para obter uma cobertura \u00f3ptima.<\/li>\n\n\n\n<li>Dependendo da absor\u00e7\u00e3o do substrato e dos requisitos, este processo pode ser repetido ap\u00f3s a secagem da primeira dem\u00e3o.<\/li>\n\n\n\n<li>Se tiver sido aplicado demasiado produto numa superf\u00edcie, este pode ser removido com um pano h\u00famido enquanto ainda est\u00e1 molhado.<\/li>\n\n\n\n<li>As ferramentas utilizadas devem ser limpas com \u00e1gua abundante ap\u00f3s a utiliza\u00e7\u00e3o.<\/li>\n<\/ul>\n\n\n\n<p><strong>Tempo de secagem:<\/strong><\/p>\n\n\n\n<ul class=\"wp-block-list\">\n<li>Deixa o produto atuar durante pelo menos 30 minutos.<\/li>\n\n\n\n<li>O tempo de cura completo \u00e9 de cerca de 6 a 12 horas.<\/li>\n\n\n\n<li>Durante este tempo, a superf\u00edcie deve permanecer seca e n\u00e3o deve ser sujeita a tens\u00f5es.<\/li>\n<\/ul>\n\n\n\n<p><strong>Cuidados e limpeza da superf\u00edcie impregnada:<\/strong><\/p>\n\n\n\n<ul class=\"wp-block-list\">\n<li>Limpa as superf\u00edcies apenas com \u00e1gua ou com um produto de limpeza org\u00e2nico ligeiro, por exemplo, o nosso produto de <a href=\"https:\/\/www.versiegelung24.com\/pt-pt\/biosativa-biologico-pre-limpador.html\">limpeza org\u00e2nico BIOSATIVA\u00ae &#8211; 100% natural &#8211; 100% org\u00e2nico.<\/a> <\/li>\n\n\n\n<li>Os agentes de limpeza agressivos (produtos de limpeza qu\u00edmicos, esfreg\u00f5es, etc.) n\u00e3o s\u00e3o necess\u00e1rios e prejudicariam a fun\u00e7\u00e3o de prote\u00e7\u00e3o.<\/li>\n\n\n\n<li>A limpeza e os cuidados regulares e delicados conduzem a uma maior durabilidade e a um aspeto bonito e duradouro.<\/li>\n<\/ul>\n\n\n\n<p><strong>Armazena:<\/strong><\/p>\n\n\n\n<ul class=\"wp-block-list\">\n<li>Armazena num local seco e isento de gelo, a uma temperatura de 5 &#8211; 25\u00b0C.<\/li>\n\n\n\n<li>Est\u00e1vel durante pelo menos 24 meses na embalagem original fechada, se for corretamente armazenado.<\/li>\n<\/ul>\n<\/div>\n<\/div>\n\n<h2 class=\"wp-block-heading\" id=\"h-galerie\">Galeria<\/h2>\n\n<div class=\"wp-block-getwid-images-slider gallery-wood has-arrows-inside has-dots-inside has-images-center has-fitted-images has-fixed-height\"><div class=\"wp-block-getwid-images-slider__wrapper\" data-effect=\"slide\" data-slides-show=\"1\" data-slides-show-laptop=\"1\" data-slides-show-tablet=\"1\" data-slides-show-mobile=\"1\" data-slides-scroll=\"1\" data-autoplay=\"true\" data-pause-hover=\"true\" data-autoplay-speed=\"3000\" data-infinite=\"true\" data-animation-speed=\"800\" data-center-mode=\"false\" data-variable-width=\"false\" data-arrows=\"inside\" data-dots=\"inside\" data-spacing=\"none\"><div class=\"wp-block-getwid-images-slider__item\" style=\"height:500px\"><figure><img decoding=\"async\" width=\"1634\" height=\"1620\" src=\"https:\/\/www.versiegelung24.com\/wp-content\/uploads\/2025\/07\/Holzimpraegnierung-pfloecke.png\" data-id=\"181994\" data-link=\"https:\/\/www.versiegelung24.com\/holzversiegelung-in-profi-qualitaet-kopie.html\/attachment\/holzimpraegnierung-pfloecke\/\" data-original-link=\"https:\/\/www.versiegelung24.com\/wp-content\/uploads\/2025\/07\/Holzimpraegnierung-pfloecke.png\" class=\"wp-block-getwid-images-slider__image wp-image-181994\" srcset=\"https:\/\/www.versiegelung24.com\/wp-content\/uploads\/2025\/07\/Holzimpraegnierung-pfloecke.png 1634w, https:\/\/www.versiegelung24.com\/wp-content\/uploads\/2025\/07\/Holzimpraegnierung-pfloecke-300x297.png 300w, https:\/\/www.versiegelung24.com\/wp-content\/uploads\/2025\/07\/Holzimpraegnierung-pfloecke-1300x1289.png 1300w, https:\/\/www.versiegelung24.com\/wp-content\/uploads\/2025\/07\/Holzimpraegnierung-pfloecke-80x80.png 80w, https:\/\/www.versiegelung24.com\/wp-content\/uploads\/2025\/07\/Holzimpraegnierung-pfloecke-768x761.png 768w, https:\/\/www.versiegelung24.com\/wp-content\/uploads\/2025\/07\/Holzimpraegnierung-pfloecke-1536x1523.png 1536w, https:\/\/www.versiegelung24.com\/wp-content\/uploads\/2025\/07\/Holzimpraegnierung-pfloecke-70x70.png 70w, https:\/\/www.versiegelung24.com\/wp-content\/uploads\/2025\/07\/Holzimpraegnierung-pfloecke-600x595.png 600w, https:\/\/www.versiegelung24.com\/wp-content\/uploads\/2025\/07\/Holzimpraegnierung-pfloecke-100x100.png 100w\" sizes=\"(max-width: 1634px) 100vw, 1634px\" \/><\/figure><\/div><div class=\"wp-block-getwid-images-slider__item\" style=\"height:500px\"><figure><img decoding=\"async\" width=\"1726\" height=\"1252\" src=\"https:\/\/www.versiegelung24.com\/wp-content\/uploads\/2025\/07\/Holzimpraegnierung-bank.png\" data-id=\"182022\" data-link=\"https:\/\/www.versiegelung24.com\/holzversiegelung-in-profi-qualitaet-kopie.html\/attachment\/holzimpraegnierung-bank\/\" data-original-link=\"https:\/\/www.versiegelung24.com\/wp-content\/uploads\/2025\/07\/Holzimpraegnierung-bank.png\" class=\"wp-block-getwid-images-slider__image wp-image-182022\" srcset=\"https:\/\/www.versiegelung24.com\/wp-content\/uploads\/2025\/07\/Holzimpraegnierung-bank.png 1726w, https:\/\/www.versiegelung24.com\/wp-content\/uploads\/2025\/07\/Holzimpraegnierung-bank-300x218.png 300w, https:\/\/www.versiegelung24.com\/wp-content\/uploads\/2025\/07\/Holzimpraegnierung-bank-1300x943.png 1300w, https:\/\/www.versiegelung24.com\/wp-content\/uploads\/2025\/07\/Holzimpraegnierung-bank-768x557.png 768w, https:\/\/www.versiegelung24.com\/wp-content\/uploads\/2025\/07\/Holzimpraegnierung-bank-1536x1114.png 1536w, https:\/\/www.versiegelung24.com\/wp-content\/uploads\/2025\/07\/Holzimpraegnierung-bank-600x435.png 600w\" sizes=\"(max-width: 1726px) 100vw, 1726px\" \/><\/figure><\/div><div class=\"wp-block-getwid-images-slider__item\" style=\"height:500px\"><figure><img loading=\"lazy\" decoding=\"async\" width=\"1982\" height=\"1274\" src=\"https:\/\/www.versiegelung24.com\/wp-content\/uploads\/2025\/07\/Holzimpraegnierung-eigenschaften.png\" data-id=\"182050\" data-link=\"https:\/\/www.versiegelung24.com\/holzversiegelung-in-profi-qualitaet-kopie.html\/attachment\/holzimpraegnierung-eigenschaften\/\" data-original-link=\"https:\/\/www.versiegelung24.com\/wp-content\/uploads\/2025\/07\/Holzimpraegnierung-eigenschaften.png\" class=\"wp-block-getwid-images-slider__image wp-image-182050\" srcset=\"https:\/\/www.versiegelung24.com\/wp-content\/uploads\/2025\/07\/Holzimpraegnierung-eigenschaften.png 1982w, https:\/\/www.versiegelung24.com\/wp-content\/uploads\/2025\/07\/Holzimpraegnierung-eigenschaften-300x193.png 300w, https:\/\/www.versiegelung24.com\/wp-content\/uploads\/2025\/07\/Holzimpraegnierung-eigenschaften-1300x836.png 1300w, https:\/\/www.versiegelung24.com\/wp-content\/uploads\/2025\/07\/Holzimpraegnierung-eigenschaften-768x494.png 768w, https:\/\/www.versiegelung24.com\/wp-content\/uploads\/2025\/07\/Holzimpraegnierung-eigenschaften-1536x987.png 1536w, https:\/\/www.versiegelung24.com\/wp-content\/uploads\/2025\/07\/Holzimpraegnierung-eigenschaften-600x386.png 600w\" sizes=\"(max-width: 1982px) 100vw, 1982px\" \/><\/figure><\/div><\/div><\/div>\n\n<p><\/p>\n","protected":false},"excerpt":{"rendered":"<p><strong>Selante altamente eficaz para superf\u00edcies de madeira interiores e exteriores<\/strong><\/p>\n<p>Resist\u00eancia \u00e0 cor e prote\u00e7\u00e3o contra o envelhecimento<\/p>\n<p>Repelente \u00e0 \u00e1gua e \u00e0 sujidade<\/p>\n<p>Prim\u00e1rio e prote\u00e7\u00e3o num s\u00f3 passo<\/p>\n<p>Sem PFAS, PFOA e PFOS<\/p>\n<p>&nbsp;<\/p>\n","protected":false},"featured_media":183272,"template":"","meta":{"_acf_changed":false,"neve_meta_sidebar":"","neve_meta_container":"","neve_meta_enable_content_width":"","neve_meta_content_width":0,"neve_meta_title_alignment":"","neve_meta_author_avatar":"","neve_post_elements_order":"","neve_meta_disable_header":"","neve_meta_disable_footer":"","neve_meta_disable_title":"","neve_meta_reading_time":"","_surfaces":[],"_ver_product_tabs":null,"footnotes":""},"product_brand":[],"product_cat":[2383],"product_tag":[],"class_list":{"0":"post-181870","1":"product","2":"type-product","3":"status-publish","4":"has-post-thumbnail","6":"product_cat-vedacao-de-madeira","7":"pa_gebinde-garrafa-de-500ml","8":"pa_gebinde-frasco-de-200ml","9":"pa_gebinde-garrafa-de-1000ml","10":"pa_gebinde-recipiente-de-5l","11":"pa_gebinde-garrafa-de-10ml","12":"pa_gebinde-garrafa-de-5ml","13":"pa_gebinde-garrafa-de-spray-de-bomba-de-125ml","14":"pa_gebinde-garrafa-de-recarga-de-1000ml","15":"pa_gebinde-20l-recipiente","16":"pa_gebinde-lata-de-10l","17":"pa_gebinde-conjunto-de-accao-com-frasco-de-100-ml","18":"pa_gebinde-garrafa-de-50ml","19":"pa_gebinde-conjunto-de-accao-com-frasco-de-50-ml","20":"pa_gebinde-garrafa-de-100ml","21":"pa_gebinde-frasco-de-150-ml","23":"first","24":"instock","25":"taxable","26":"shipping-taxable","27":"purchasable","28":"product-type-variable","29":"has-default-attributes"},"acf":[],"yoast_head":"<!-- This site is optimized with the Yoast SEO Premium plugin v22.8 (Yoast SEO v27.5) - https:\/\/yoast.com\/product\/yoast-seo-premium-wordpress\/ -->\n<title>Impregna\u00e7\u00e3o da madeira - prote\u00e7\u00e3o natural da madeira \u00e0 base de silano - versiegelung24.com<\/title>\n<meta name=\"robots\" content=\"index, follow, max-snippet:-1, max-image-preview:large, max-video-preview:-1\" \/>\n<link rel=\"canonical\" href=\"https:\/\/www.versiegelung24.com\/pt-pt\/holzimpragnierung-silanbasis.html\" \/>\n<meta property=\"og:locale\" content=\"pt_PT\" \/>\n<meta property=\"og:type\" content=\"article\" \/>\n<meta property=\"og:title\" content=\"Impregna\u00e7\u00e3o da madeira - prote\u00e7\u00e3o natural da madeira \u00e0 base de silano\" \/>\n<meta property=\"og:description\" content=\"Selante altamente eficaz para superf\u00edcies de madeira interiores e exteriores Resist\u00eancia \u00e0 cor e prote\u00e7\u00e3o contra o envelhecimento Repelente \u00e0 \u00e1gua e \u00e0 sujidade Prim\u00e1rio e prote\u00e7\u00e3o num s\u00f3 passo Sem PFAS, PFOA e PFOS &nbsp;\" \/>\n<meta property=\"og:url\" content=\"https:\/\/www.versiegelung24.com\/pt-pt\/holzimpragnierung-silanbasis.html\" \/>\n<meta property=\"og:site_name\" content=\"versiegelung24.com\" \/>\n<meta property=\"article:modified_time\" content=\"2025-09-05T11:56:27+00:00\" \/>\n<meta property=\"og:image\" content=\"https:\/\/www.versiegelung24.com\/wp-content\/uploads\/2025\/07\/V24-Holzimpraegnierung-4008-693.jpg\" \/>\n\t<meta property=\"og:image:width\" content=\"2560\" \/>\n\t<meta property=\"og:image:height\" content=\"2560\" \/>\n\t<meta property=\"og:image:type\" content=\"image\/jpeg\" \/>\n<meta name=\"twitter:card\" content=\"summary_large_image\" \/>\n<meta name=\"twitter:label1\" content=\"Disponibilidade\" \/>\n\t<meta name=\"twitter:data1\" content=\"Em stock\" \/>\n<script type=\"application\/ld+json\" class=\"yoast-schema-graph\">{\"@context\":\"https:\\\/\\\/schema.org\",\"@graph\":[{\"@type\":\"WebPage\",\"@id\":\"https:\\\/\\\/www.versiegelung24.com\\\/pt-pt\\\/holzimpragnierung-silanbasis.html\",\"url\":\"https:\\\/\\\/www.versiegelung24.com\\\/pt-pt\\\/holzimpragnierung-silanbasis.html\",\"name\":\"Impregna\u00e7\u00e3o da madeira - prote\u00e7\u00e3o natural da madeira \u00e0 base de silano - versiegelung24.com\",\"isPartOf\":{\"@id\":\"https:\\\/\\\/www.versiegelung24.com\\\/pt-pt\\\/#website\"},\"primaryImageOfPage\":{\"@id\":\"https:\\\/\\\/www.versiegelung24.com\\\/pt-pt\\\/holzimpragnierung-silanbasis.html#primaryimage\"},\"image\":{\"@id\":\"https:\\\/\\\/www.versiegelung24.com\\\/pt-pt\\\/holzimpragnierung-silanbasis.html#primaryimage\"},\"thumbnailUrl\":\"https:\\\/\\\/www.versiegelung24.com\\\/wp-content\\\/uploads\\\/2025\\\/07\\\/V24-Holzimpraegnierung-4008-693.jpg\",\"datePublished\":\"2025-07-31T10:51:14+00:00\",\"dateModified\":\"2025-09-05T11:56:27+00:00\",\"breadcrumb\":{\"@id\":\"https:\\\/\\\/www.versiegelung24.com\\\/pt-pt\\\/holzimpragnierung-silanbasis.html#breadcrumb\"},\"inLanguage\":\"pt-PT\",\"potentialAction\":[{\"@type\":\"ReadAction\",\"target\":[\"https:\\\/\\\/www.versiegelung24.com\\\/pt-pt\\\/holzimpragnierung-silanbasis.html\"]}]},{\"@type\":\"ImageObject\",\"inLanguage\":\"pt-PT\",\"@id\":\"https:\\\/\\\/www.versiegelung24.com\\\/pt-pt\\\/holzimpragnierung-silanbasis.html#primaryimage\",\"url\":\"https:\\\/\\\/www.versiegelung24.com\\\/wp-content\\\/uploads\\\/2025\\\/07\\\/V24-Holzimpraegnierung-4008-693.jpg\",\"contentUrl\":\"https:\\\/\\\/www.versiegelung24.com\\\/wp-content\\\/uploads\\\/2025\\\/07\\\/V24-Holzimpraegnierung-4008-693.jpg\",\"width\":2560,\"height\":2560},{\"@type\":\"BreadcrumbList\",\"@id\":\"https:\\\/\\\/www.versiegelung24.com\\\/pt-pt\\\/holzimpragnierung-silanbasis.html#breadcrumb\",\"itemListElement\":[{\"@type\":\"ListItem\",\"position\":1,\"name\":\"P\u00e1gina inicial\",\"item\":\"https:\\\/\\\/www.versiegelung24.com\\\/pt-pt\\\/frente\\\/\"},{\"@type\":\"ListItem\",\"position\":2,\"name\":\"Loja\",\"item\":\"https:\\\/\\\/www.versiegelung24.com\\\/pt-pt\\\/loja\\\/\"},{\"@type\":\"ListItem\",\"position\":3,\"name\":\"Impregna\u00e7\u00e3o da madeira &#8211; prote\u00e7\u00e3o natural da madeira \u00e0 base de silano\"}]},{\"@type\":\"WebSite\",\"@id\":\"https:\\\/\\\/www.versiegelung24.com\\\/pt-pt\\\/#website\",\"url\":\"https:\\\/\\\/www.versiegelung24.com\\\/pt-pt\\\/\",\"name\":\"versiegelung24.com\",\"description\":\"Fl\u00fcssigglas-Versiegelung - Made in Germany\",\"publisher\":{\"@id\":\"https:\\\/\\\/www.versiegelung24.com\\\/pt-pt\\\/#organization\"},\"potentialAction\":[{\"@type\":\"SearchAction\",\"target\":{\"@type\":\"EntryPoint\",\"urlTemplate\":\"https:\\\/\\\/www.versiegelung24.com\\\/pt-pt\\\/?s={search_term_string}\"},\"query-input\":{\"@type\":\"PropertyValueSpecification\",\"valueRequired\":true,\"valueName\":\"search_term_string\"}}],\"inLanguage\":\"pt-PT\"},{\"@type\":\"Organization\",\"@id\":\"https:\\\/\\\/www.versiegelung24.com\\\/pt-pt\\\/#organization\",\"name\":\"versiegelung24\",\"url\":\"https:\\\/\\\/www.versiegelung24.com\\\/pt-pt\\\/\",\"logo\":{\"@type\":\"ImageObject\",\"inLanguage\":\"pt-PT\",\"@id\":\"https:\\\/\\\/www.versiegelung24.com\\\/pt-pt\\\/#\\\/schema\\\/logo\\\/image\\\/\",\"url\":\"https:\\\/\\\/www.versiegelung24.com\\\/wp-content\\\/uploads\\\/2020\\\/04\\\/versiegelung24.png\",\"contentUrl\":\"https:\\\/\\\/www.versiegelung24.com\\\/wp-content\\\/uploads\\\/2020\\\/04\\\/versiegelung24.png\",\"width\":470,\"height\":102,\"caption\":\"versiegelung24\"},\"image\":{\"@id\":\"https:\\\/\\\/www.versiegelung24.com\\\/pt-pt\\\/#\\\/schema\\\/logo\\\/image\\\/\"}}]}<\/script>\n<meta property=\"og:availability\" content=\"instock\" \/>\n<meta property=\"product:availability\" content=\"instock\" \/>\n<meta property=\"product:retailer_item_id\" content=\"4008-693\" \/>\n<meta property=\"product:condition\" content=\"new\" \/>\n<!-- \/ Yoast SEO Premium plugin. -->","yoast_head_json":{"title":"Impregna\u00e7\u00e3o da madeira - prote\u00e7\u00e3o natural da madeira \u00e0 base de silano - versiegelung24.com","robots":{"index":"index","follow":"follow","max-snippet":"max-snippet:-1","max-image-preview":"max-image-preview:large","max-video-preview":"max-video-preview:-1"},"canonical":"https:\/\/www.versiegelung24.com\/pt-pt\/holzimpragnierung-silanbasis.html","og_locale":"pt_PT","og_type":"article","og_title":"Impregna\u00e7\u00e3o da madeira - prote\u00e7\u00e3o natural da madeira \u00e0 base de silano","og_description":"Selante altamente eficaz para superf\u00edcies de madeira interiores e exteriores Resist\u00eancia \u00e0 cor e prote\u00e7\u00e3o contra o envelhecimento Repelente \u00e0 \u00e1gua e \u00e0 sujidade Prim\u00e1rio e prote\u00e7\u00e3o num s\u00f3 passo Sem PFAS, PFOA e PFOS &nbsp;","og_url":"https:\/\/www.versiegelung24.com\/pt-pt\/holzimpragnierung-silanbasis.html","og_site_name":"versiegelung24.com","article_modified_time":"2025-09-05T11:56:27+00:00","og_image":[{"width":2560,"height":2560,"url":"https:\/\/www.versiegelung24.com\/wp-content\/uploads\/2025\/07\/V24-Holzimpraegnierung-4008-693.jpg","type":"image\/jpeg"}],"twitter_card":"summary_large_image","twitter_misc":{"Disponibilidade":"Em stock"},"schema":{"@context":"https:\/\/schema.org","@graph":[{"@type":"WebPage","@id":"https:\/\/www.versiegelung24.com\/pt-pt\/holzimpragnierung-silanbasis.html","url":"https:\/\/www.versiegelung24.com\/pt-pt\/holzimpragnierung-silanbasis.html","name":"Impregna\u00e7\u00e3o da madeira - prote\u00e7\u00e3o natural da madeira \u00e0 base de silano - versiegelung24.com","isPartOf":{"@id":"https:\/\/www.versiegelung24.com\/pt-pt\/#website"},"primaryImageOfPage":{"@id":"https:\/\/www.versiegelung24.com\/pt-pt\/holzimpragnierung-silanbasis.html#primaryimage"},"image":{"@id":"https:\/\/www.versiegelung24.com\/pt-pt\/holzimpragnierung-silanbasis.html#primaryimage"},"thumbnailUrl":"https:\/\/www.versiegelung24.com\/wp-content\/uploads\/2025\/07\/V24-Holzimpraegnierung-4008-693.jpg","datePublished":"2025-07-31T10:51:14+00:00","dateModified":"2025-09-05T11:56:27+00:00","breadcrumb":{"@id":"https:\/\/www.versiegelung24.com\/pt-pt\/holzimpragnierung-silanbasis.html#breadcrumb"},"inLanguage":"pt-PT","potentialAction":[{"@type":"ReadAction","target":["https:\/\/www.versiegelung24.com\/pt-pt\/holzimpragnierung-silanbasis.html"]}]},{"@type":"ImageObject","inLanguage":"pt-PT","@id":"https:\/\/www.versiegelung24.com\/pt-pt\/holzimpragnierung-silanbasis.html#primaryimage","url":"https:\/\/www.versiegelung24.com\/wp-content\/uploads\/2025\/07\/V24-Holzimpraegnierung-4008-693.jpg","contentUrl":"https:\/\/www.versiegelung24.com\/wp-content\/uploads\/2025\/07\/V24-Holzimpraegnierung-4008-693.jpg","width":2560,"height":2560},{"@type":"BreadcrumbList","@id":"https:\/\/www.versiegelung24.com\/pt-pt\/holzimpragnierung-silanbasis.html#breadcrumb","itemListElement":[{"@type":"ListItem","position":1,"name":"P\u00e1gina inicial","item":"https:\/\/www.versiegelung24.com\/pt-pt\/frente\/"},{"@type":"ListItem","position":2,"name":"Loja","item":"https:\/\/www.versiegelung24.com\/pt-pt\/loja\/"},{"@type":"ListItem","position":3,"name":"Impregna\u00e7\u00e3o da madeira &#8211; prote\u00e7\u00e3o natural da madeira \u00e0 base de silano"}]},{"@type":"WebSite","@id":"https:\/\/www.versiegelung24.com\/pt-pt\/#website","url":"https:\/\/www.versiegelung24.com\/pt-pt\/","name":"versiegelung24.com","description":"Fl\u00fcssigglas-Versiegelung - Made in Germany","publisher":{"@id":"https:\/\/www.versiegelung24.com\/pt-pt\/#organization"},"potentialAction":[{"@type":"SearchAction","target":{"@type":"EntryPoint","urlTemplate":"https:\/\/www.versiegelung24.com\/pt-pt\/?s={search_term_string}"},"query-input":{"@type":"PropertyValueSpecification","valueRequired":true,"valueName":"search_term_string"}}],"inLanguage":"pt-PT"},{"@type":"Organization","@id":"https:\/\/www.versiegelung24.com\/pt-pt\/#organization","name":"versiegelung24","url":"https:\/\/www.versiegelung24.com\/pt-pt\/","logo":{"@type":"ImageObject","inLanguage":"pt-PT","@id":"https:\/\/www.versiegelung24.com\/pt-pt\/#\/schema\/logo\/image\/","url":"https:\/\/www.versiegelung24.com\/wp-content\/uploads\/2020\/04\/versiegelung24.png","contentUrl":"https:\/\/www.versiegelung24.com\/wp-content\/uploads\/2020\/04\/versiegelung24.png","width":470,"height":102,"caption":"versiegelung24"},"image":{"@id":"https:\/\/www.versiegelung24.com\/pt-pt\/#\/schema\/logo\/image\/"}}]},"og_availability":"instock","product_availability":"instock","product_retailer_item_id":"4008-693","product_condition":"new"},"_links":{"self":[{"href":"https:\/\/www.versiegelung24.com\/pt-pt\/wp-json\/wp\/v2\/product\/181870","targetHints":{"allow":["GET"]}}],"collection":[{"href":"https:\/\/www.versiegelung24.com\/pt-pt\/wp-json\/wp\/v2\/product"}],"about":[{"href":"https:\/\/www.versiegelung24.com\/pt-pt\/wp-json\/wp\/v2\/types\/product"}],"version-history":[{"count":4,"href":"https:\/\/www.versiegelung24.com\/pt-pt\/wp-json\/wp\/v2\/product\/181870\/revisions"}],"predecessor-version":[{"id":182850,"href":"https:\/\/www.versiegelung24.com\/pt-pt\/wp-json\/wp\/v2\/product\/181870\/revisions\/182850"}],"wp:featuredmedia":[{"embeddable":true,"href":"https:\/\/www.versiegelung24.com\/pt-pt\/wp-json\/wp\/v2\/media\/183272"}],"wp:attachment":[{"href":"https:\/\/www.versiegelung24.com\/pt-pt\/wp-json\/wp\/v2\/media?parent=181870"}],"wp:term":[{"taxonomy":"product_brand","embeddable":true,"href":"https:\/\/www.versiegelung24.com\/pt-pt\/wp-json\/wp\/v2\/product_brand?post=181870"},{"taxonomy":"product_cat","embeddable":true,"href":"https:\/\/www.versiegelung24.com\/pt-pt\/wp-json\/wp\/v2\/product_cat?post=181870"},{"taxonomy":"product_tag","embeddable":true,"href":"https:\/\/www.versiegelung24.com\/pt-pt\/wp-json\/wp\/v2\/product_tag?post=181870"}],"curies":[{"name":"wp","href":"https:\/\/api.w.org\/{rel}","templated":true}]}}