{"id":182998,"date":"2025-08-28T14:07:51","date_gmt":"2025-08-28T12:07:51","guid":{"rendered":"https:\/\/www.versiegelung24.com\/?post_type=product&#038;p=182998"},"modified":"2025-09-08T16:04:15","modified_gmt":"2025-09-08T14:04:15","slug":"permanent-protector-646","status":"publish","type":"product","link":"https:\/\/www.versiegelung24.com\/pt-pt\/permanent-protector-646.html","title":{"rendered":"Prote\u00e7\u00e3o permanente 646 5M"},"content":{"rendered":"\n<p>O Permanent Protect 646 Ultra Thin \u00e9 um selante cer\u00e2mico de alta qualidade para o revestimento permanente de superf\u00edcies lisas, tais como metal, vidro, pl\u00e1stico ou materiais pintados. A camada protetora ultra-fina e transparente oferece uma resist\u00eancia excecional \u00e0 sujidade, produtos qu\u00edmicos, radia\u00e7\u00e3o UV e influ\u00eancias mec\u00e2nicas. Gra\u00e7as \u00e0s suas propriedades hidrof\u00f3bicas e oleof\u00f3bicas, o selante oferece um efeito duradouro e f\u00e1cil de limpar.  <\/p>\n\n<p>Ideal para aplica\u00e7\u00f5es autom\u00f3veis e mar\u00edtimas, como revestimento anti-graffiti ou para o acabamento de superf\u00edcies pintadas de alta qualidade &#8211; o Permanent Protect 646 Ultra Thin estabelece novos padr\u00f5es em termos de prote\u00e7\u00e3o e durabilidade da superf\u00edcie.<\/p>\n\n<hr class=\"wp-block-separator has-text-color has-css-opacity has-background is-style-wide\" style=\"background-color:#e1e1e1;color:#e1e1e1\"\/>\n\n<h2 class=\"wp-block-heading\" id=\"properties\">Caracter\u00edsticas do produto<\/h2>\n\n<div class=\"wp-block-columns is-layout-flex wp-container-core-columns-is-layout-9d6595d7 wp-block-columns-is-layout-flex\">\n<div class=\"wp-block-column is-layout-flow wp-block-column-is-layout-flow\">\n<ul id=\"block-5ec6b591-a82a-45bd-aa1b-599082db3ae8\" class=\"wp-block-list\">\n<li><strong>Efeito hidrof\u00f3bico e oleof\u00f3bico pronunciado<\/strong> &#8211; repelente de \u00e1gua e \u00f3leo<\/li>\n\n\n\n<li><strong>Efeito f\u00e1cil de limpar<\/strong> &#8211; a sujidade pode ser facilmente removida<\/li>\n\n\n\n<li><strong>Elevada resist\u00eancia \u00e0 abras\u00e3o<\/strong> &#8211; liga\u00e7\u00e3o qu\u00edmica permanente ao substrato<\/li>\n\n\n\n<li><strong>Resistente \u00e0 temperatura e aos raios UV<\/strong> &#8211; adequado para aplica\u00e7\u00f5es no exterior<\/li>\n\n\n\n<li><strong>Respir\u00e1vel<\/strong> &#8211; aberto \u00e0 difus\u00e3o<\/li>\n\n\n\n<li><strong>Durabilidade <\/strong>&#8211; 2-5 anos para utiliza\u00e7\u00e3o no exterior, bastante mais tempo para utiliza\u00e7\u00e3o no interior  <\/li>\n\n\n\n<li><strong>Consumo <\/strong>&#8211; 5-10ml\/m\u00b2 (=&gt; at\u00e9 200 m\u00b2 por litro)<\/li>\n\n\n\n<li><strong>Resistente a muitos produtos de limpeza dom\u00e9sticos comuns<\/strong> (exceto solu\u00e7\u00f5es alcalinas concentradas)<\/li>\n\n\n\n<li><strong>\u00c0 base de solvente<\/strong> (aprox. 60 % de ingrediente ativo)<\/li>\n<\/ul>\n<\/div>\n\n\n\n<div class=\"wp-block-column is-layout-flow wp-block-column-is-layout-flow\">\n<ul id=\"block-6091e271-3752-4132-9f5b-206019bd2d6b\" class=\"wp-block-list\">\n<li><strong>Muito boas propriedades anti-graffiti<\/strong> em superf\u00edcies n\u00e3o porosas<\/li>\n\n\n\n<li><strong>Estrutura da camada cer\u00e2mica<\/strong> &#8211; resistente ao calor at\u00e9 600 \u00b0C (integridade da pel\u00edcula), 300 \u00b0C sem descolora\u00e7\u00e3o<\/li>\n\n\n\n<li><strong>Espessura da camada fina<\/strong>: aprox. 0,5-2 \u03bcm<\/li>\n\n\n\n<li><strong>Cont\u00e9m COVs<\/strong> (propionato de butilo)<\/li>\n\n\n\n<li><strong>Efeito biost\u00e1tico<\/strong> &#8211; inibe extremamente o crescimento de microorganismos  <\/li>\n\n\n\n<li><strong>Cor<\/strong> &#8211; Incolor a ligeiramente amarelado<\/li>\n\n\n\n<li><strong>Nota sobre PFAS <\/strong>&#8211; sem PFOA e PFOS. O teor de fl\u00faor \u00e9 inferior aos valores-limite legais, de acordo com o Regulamento UE 2024\/2462. Os aditivos fluorados utilizados servem exclusivamente para otimizar a repel\u00eancia \u00e0 sujidade  <\/li>\n<\/ul>\n<\/div>\n<\/div>\n\n<hr class=\"wp-block-separator has-text-color has-background is-style-wide\" style=\"background-color:#e1e1e1;color:#e1e1e1\"\/>\n\n<h2 class=\"wp-block-heading\" id=\"application\">Dom\u00ednios de aplica\u00e7\u00e3o<\/h2>\n\n<div class=\"wp-block-columns is-layout-flex wp-container-core-columns-is-layout-9d6595d7 wp-block-columns-is-layout-flex\">\n<div class=\"wp-block-column is-layout-flow wp-block-column-is-layout-flow\">\n<ul id=\"block-6091e271-3752-4132-9f5b-206019bd2d6b\" class=\"wp-block-list\">\n<li>Revestimento de superf\u00edcies de ve\u00edculos (por exemplo, carro\u00e7arias de autom\u00f3veis, jantes)<\/li>\n\n\n\n<li>Revestimentos f\u00e1ceis de limpar para \u00e1reas interiores e exteriores<\/li>\n\n\n\n<li>Revestimentos de prote\u00e7\u00e3o duradouros no sector mar\u00edtimo<\/li>\n<\/ul>\n<\/div>\n\n\n\n<div class=\"wp-block-column is-layout-flow wp-block-column-is-layout-flow\">\n<ul class=\"wp-block-list\">\n<li>Refinamento de tintas para iates e barcos<\/li>\n\n\n\n<li>P\u00f3s-tratamento para autom\u00f3veis (veda\u00e7\u00e3o cer\u00e2mica)n<\/li>\n\n\n\n<li>Revestimentos anti-graffiti em superf\u00edcies n\u00e3o porosas<\/li>\n<\/ul>\n<\/div>\n<\/div>\n\n<h2 class=\"wp-block-heading\" id=\"h-anwendung\">Aplica\u00e7\u00e3o<\/h2>\n\n<p><strong>Geral  <\/strong><\/p>\n\n<ol class=\"wp-block-list\">\n<li><a href=\"https:\/\/www.versiegelung24.com\/pt-pt\/biosativa-biologico-pre-limpador.html\">Limpa<\/a> e desengordura bem a superf\u00edcie (por exemplo, com <a href=\"https:\/\/www.versiegelung24.com\/pt-pt\/bioetanol-100-de-alta-pureza-para-uma-pre-limpeza-profissional-kopie.html\">isopropanol<\/a>, acetato de etilo ou aguarr\u00e1s). <\/li>\n\n\n\n<li>A superf\u00edcie deve estar completamente seca e isenta de gordura.<\/li>\n\n\n\n<li>Temperatura de processamento: 15-30 \u00b0C, humidade relativa: 50-80 %. <\/li>\n\n\n\n<li>Evita a luz solar direta.<\/li>\n<\/ol>\n\n<p><strong>Aplica\u00e7\u00e3o por passagem de dedo  <\/strong><\/p>\n\n<ol class=\"wp-block-list\">\n<li>Aplica algumas gotas (5-10\/ml m\u00b2) num pano de microfibras.<\/li>\n\n\n\n<li>Aplica uniformemente com uma ligeira press\u00e3o em movimentos lineares.<\/li>\n\n\n\n<li>Lustra com um pano macio ap\u00f3s 30 minutos, no m\u00e1ximo. <\/li>\n\n\n\n<li>Repete o processo, se necess\u00e1rio.<\/li>\n<\/ol>\n\n<p><strong>Aplica\u00e7\u00e3o por pulveriza\u00e7\u00e3o  <\/strong><\/p>\n\n<ol class=\"wp-block-list\">\n<li>Tamanho do bico: 0,8-1,0 mm \/ press\u00e3o: 0,6-1,0 bar \/ dist\u00e2ncia: aprox. 20 cm<\/li>\n\n\n\n<li>Espessura da camada (seca): 2,5-25 \u03bcm (dependendo das passagens)<\/li>\n\n\n\n<li>Alternativa: camp\u00e2nula rotativa (30.000 rpm, 2 bar, 0,2-0,4 m\/s, 50-150 ml\/min)  <\/li>\n<\/ol>\n\n<h2 class=\"wp-block-heading\" id=\"h-reinigung-amp-pflege\">Limpeza e cuidados<\/h2>\n\n<p>A utiliza\u00e7\u00e3o de um produto de limpeza suave, como o nosso produto de limpeza <a href=\"https:\/\/www.versiegelung24.com\/pt-pt\/biosativa-biologico-pre-limpador.html\">V24 Biosativa\u00ae<\/a>, \u00e9 suficiente para limpar a superf\u00edcie. N\u00e3o \u00e9 necess\u00e1rio nem recomendado o uso de agentes de limpeza agressivos. <\/p>\n\n<hr class=\"wp-block-separator has-text-color has-css-opacity has-background is-style-wide\" style=\"background-color:#e1e1e1;color:#e1e1e1\"\/>\n\n<h2 class=\"wp-block-heading\" id=\"h-produktsicherheit-amp-lagerung\">Seguran\u00e7a e armazenamento de produtos<\/h2>\n\n<p>Informa\u00e7\u00f5es sobre a classifica\u00e7\u00e3o do produto no \u00e2mbito da Portaria sobre Subst\u00e2ncias Perigosas, dados de seguran\u00e7a e dados sobre toxicologia e armazenamento podem ser encontrados na nossa ficha de dados de seguran\u00e7a <a href=\"https:\/\/www.versiegelung24.com\/pt-pt\/contato\/\">, a pedido<\/a>.<\/p>\n\n<ul class=\"wp-block-list\">\n<li>O Permanent Protect 646 n\u00e3o deve entrar em contacto com a humidade.<\/li>\n\n\n\n<li>Temperatura de armazenamento do material: +5\u00b0C a +20\u00b0C.<\/li>\n\n\n\n<li>Equipamento de prote\u00e7\u00e3o individual: Luvas, \u00f3culos de prote\u00e7\u00e3o, vestu\u00e1rio de prote\u00e7\u00e3o adequado<\/li>\n\n\n\n<li>Primeiros socorros: Em caso de contacto com os olhos ou a pele, lavar imediatamente com \u00e1gua e consultar um m\u00e9dico<\/li>\n\n\n\n<li>Armazenamento: Fresco, seco e bem ventilado. Abre o recipiente uma vez por m\u00eas com ventila\u00e7\u00e3o para aliviar a press\u00e3o. <\/li>\n\n\n\n<li>Recomenda-se a pr\u00e9-purga de azoto para o reabastecimento.<\/li>\n<\/ul>\n\n<p><strong>O Permanent Protect 646 <\/strong>tem um prazo de validade de 12 meses se for conservado nas embalagens originais fechadas.<\/p>\n\n<hr class=\"wp-block-separator has-text-color has-css-opacity has-background is-style-wide\" style=\"background-color:#e1e1e1;color:#e1e1e1\"\/>\n\n<h2 class=\"wp-block-heading\">Ensaio de intemperismo<\/h2>\n\n<figure class=\"wp-block-table aligncenter\"><table class=\"has-fixed-layout\"><thead><tr><th class=\"has-text-align-left\" data-align=\"left\">\u00a0<\/th><th class=\"has-text-align-left\" data-align=\"left\">Ensaio de n\u00e9voa salina NSS<\/th><th>Atmosfera de condensa\u00e7\u00e3o,<br\/>humidade constante<\/th><th>Intemperismo artificial<br\/>com arco de x\u00e9non<\/th><\/tr><\/thead><tbody><tr><td class=\"has-text-align-left\" data-align=\"left\">DIN<\/td><td class=\"has-text-align-left\" data-align=\"left\">EN ISO 9227<\/td><td>EN ISO 6270-2<\/td><td>EN ISO 16474-2<\/td><\/tr><tr><td class=\"has-text-align-left\" data-align=\"left\">\u00a0<\/td><td class=\"has-text-align-left\" data-align=\"left\" colspan=\"3\"><strong>Ensaio de proje\u00e7\u00e3o salina a\u00e7o inoxid\u00e1vel 2,5 \u03bcm, revestido<\/strong><\/td><\/tr><tr><td class=\"has-text-align-left\" data-align=\"left\">Dura\u00e7\u00e3o<\/td><td class=\"has-text-align-left\" data-align=\"left\">1.500 h<\/td><td>1.400 h<\/td><td>1.400 h<\/td><\/tr><tr><td class=\"has-text-align-left\" data-align=\"left\">Resultado<\/td><td class=\"has-text-align-left\" data-align=\"left\">Forma\u00e7\u00e3o de bolhas: n\u00e3o<br\/>Ferrugem: n\u00e3o<br\/>Corros\u00e3o na ranhura &lt; 0,5 mm<\/td><td>Forma\u00e7\u00e3o de bolhas: n\u00e3o<br\/>Ferrugem: n\u00e3o<\/td><td>Perda de brilho: 5%<br\/>Fissura\u00e7\u00e3o: n\u00e3o<br\/>Diferen\u00e7a de cor \u0394E* = 0,40<\/td><\/tr><tr><td class=\"has-text-align-left\" data-align=\"left\">\u00a0<\/td><td class=\"has-text-align-left\" data-align=\"left\" colspan=\"3\"><strong>Ensaio de proje\u00e7\u00e3o salina alum\u00ednio 2,5 \u03bcm, revestido<\/strong><\/td><\/tr><tr><td class=\"has-text-align-left\" data-align=\"left\">Dura\u00e7\u00e3o<\/td><td class=\"has-text-align-left\" data-align=\"left\">1.500 h<\/td><td>1.400 h<\/td><td>1.400 h<\/td><\/tr><tr><td class=\"has-text-align-left\" data-align=\"left\">Resultado<\/td><td class=\"has-text-align-left\" data-align=\"left\">Forma\u00e7\u00e3o de bolhas: n\u00e3o<br\/>Ferrugem: n\u00e3o<br\/>Corros\u00e3o na ranhura &lt; 0,5 mm<\/td><td>Forma\u00e7\u00e3o de bolhas: n\u00e3o<br\/>Ferrugem: n\u00e3o<\/td><td>Perda de brilho: 5%<br\/>Fissura\u00e7\u00e3o: n\u00e3o<br\/>Diferen\u00e7a de cor \u0394E* = 0,17<\/td><\/tr><tr><td class=\"has-text-align-left\" data-align=\"left\">\u00a0<\/td><td class=\"has-text-align-left\" data-align=\"left\" colspan=\"3\"><strong>A\u00e7o jato de areia 2,5 \u03bcm, revestido<\/strong><\/td><\/tr><tr><td class=\"has-text-align-left\" data-align=\"left\">Dura\u00e7\u00e3o<\/td><td class=\"has-text-align-left\" data-align=\"left\">1.000 h<\/td><td>1.000 h<\/td><td>1.400 h<\/td><\/tr><tr><td class=\"has-text-align-left\" data-align=\"left\">Resultado<\/td><td class=\"has-text-align-left\" data-align=\"left\">Forma\u00e7\u00e3o de bolhas: n\u00e3o<br\/>Ferrugem: n\u00e3o<br\/>Corros\u00e3o na ranhura &lt; 0,5 mm<\/td><td>Forma\u00e7\u00e3o de bolhas: n\u00e3o<br\/>Ferrugem: n\u00e3o<\/td><td>Perda de brilho: 12%<br\/>Fissura\u00e7\u00e3o: n\u00e3o<br\/>Diferen\u00e7a de cor \u0394E* = 0,51<\/td><\/tr><\/tbody><\/table><\/figure>\n\n<hr class=\"wp-block-separator has-text-color has-css-opacity has-background is-style-wide\" style=\"background-color:#e1e1e1;color:#e1e1e1\"\/>\n","protected":false},"excerpt":{"rendered":"<p><strong>Revestimento cer\u00e2mico duradouro de alta qualidade para superf\u00edcies lisas<\/strong><\/p>\n<p>Espessura da camada ultra-fina<\/p>\n<p>Prazo de validade 2-5 anos<\/p>\n<p>Elevada resist\u00eancia \u00e0 abras\u00e3o<\/p>\n<p>Efeito bioest\u00e1tico<\/p>\n","protected":false},"featured_media":183066,"template":"","meta":{"_acf_changed":false,"neve_meta_sidebar":"","neve_meta_container":"","neve_meta_enable_content_width":"","neve_meta_content_width":0,"neve_meta_title_alignment":"","neve_meta_author_avatar":"","neve_post_elements_order":"","neve_meta_disable_header":"","neve_meta_disable_footer":"","neve_meta_disable_title":"","neve_meta_reading_time":"","_surfaces":[],"_ver_product_tabs":[],"footnotes":""},"product_brand":[],"product_cat":[2152,2380,2482,2996],"product_tag":[],"class_list":{"0":"post-182998","1":"product","2":"type-product","3":"status-publish","4":"has-post-thumbnail","6":"product_cat-vedacao-automatica","7":"product_cat-selo-de-metal-plastico","8":"product_cat-vedacao-universal","9":"product_cat-vedacao-de-vidro-liquido","10":"pa_gebinde-garrafa-de-100ml","11":"pa_gebinde-garrafa-de-1000ml","13":"first","14":"instock","15":"taxable","16":"shipping-taxable","17":"purchasable","18":"product-type-variable","19":"has-default-attributes"},"acf":[],"yoast_head":"<!-- This site is optimized with the Yoast SEO Premium plugin v22.8 (Yoast SEO v27.5) - https:\/\/yoast.com\/product\/yoast-seo-premium-wordpress\/ -->\n<title>Permanent Protetor 646 Ultra Thin - selante cer\u00e2mico 9H<\/title>\n<meta name=\"description\" content=\"Simples de utilizar, forte na prote\u00e7\u00e3o. O novo selante cer\u00e2mico Permanent Protetor 646 Ultra Thin - 9H oferece uma prote\u00e7\u00e3o fi\u00e1vel contra influ\u00eancias externas\" \/>\n<meta name=\"robots\" content=\"index, follow, max-snippet:-1, max-image-preview:large, max-video-preview:-1\" \/>\n<link rel=\"canonical\" href=\"https:\/\/www.versiegelung24.com\/pt-pt\/permanent-protector-646.html\" \/>\n<meta property=\"og:locale\" content=\"pt_PT\" \/>\n<meta property=\"og:type\" content=\"article\" \/>\n<meta property=\"og:title\" content=\"Prote\u00e7\u00e3o permanente 646 5M\" \/>\n<meta property=\"og:description\" content=\"Simples de utilizar, forte na prote\u00e7\u00e3o. O novo selante cer\u00e2mico Permanent Protetor 646 Ultra Thin - 9H oferece uma prote\u00e7\u00e3o fi\u00e1vel contra influ\u00eancias externas\" \/>\n<meta property=\"og:url\" content=\"https:\/\/www.versiegelung24.com\/pt-pt\/permanent-protector-646.html\" \/>\n<meta property=\"og:site_name\" content=\"versiegelung24.com\" \/>\n<meta property=\"article:modified_time\" content=\"2025-09-08T14:04:15+00:00\" \/>\n<meta property=\"og:image\" content=\"https:\/\/www.versiegelung24.com\/wp-content\/uploads\/2025\/08\/V24-Permanent-Protector-646-Keramikversiegelung-scaled-1.jpg\" \/>\n\t<meta property=\"og:image:width\" content=\"2560\" \/>\n\t<meta property=\"og:image:height\" content=\"2560\" \/>\n\t<meta property=\"og:image:type\" content=\"image\/jpeg\" \/>\n<meta name=\"twitter:card\" content=\"summary_large_image\" \/>\n<meta name=\"twitter:label1\" content=\"Disponibilidade\" \/>\n\t<meta name=\"twitter:data1\" content=\"Em stock\" \/>\n<script type=\"application\/ld+json\" class=\"yoast-schema-graph\">{\"@context\":\"https:\\\/\\\/schema.org\",\"@graph\":[{\"@type\":\"WebPage\",\"@id\":\"https:\\\/\\\/www.versiegelung24.com\\\/pt-pt\\\/permanent-protector-646.html\",\"url\":\"https:\\\/\\\/www.versiegelung24.com\\\/pt-pt\\\/permanent-protector-646.html\",\"name\":\"Permanent Protetor 646 Ultra Thin - selante cer\u00e2mico 9H\",\"isPartOf\":{\"@id\":\"https:\\\/\\\/www.versiegelung24.com\\\/pt-pt\\\/#website\"},\"primaryImageOfPage\":{\"@id\":\"https:\\\/\\\/www.versiegelung24.com\\\/pt-pt\\\/permanent-protector-646.html#primaryimage\"},\"image\":{\"@id\":\"https:\\\/\\\/www.versiegelung24.com\\\/pt-pt\\\/permanent-protector-646.html#primaryimage\"},\"thumbnailUrl\":\"https:\\\/\\\/www.versiegelung24.com\\\/wp-content\\\/uploads\\\/2025\\\/08\\\/V24-Permanent-Protector-646-Keramikversiegelung-scaled-1.jpg\",\"datePublished\":\"2025-08-28T12:07:51+00:00\",\"dateModified\":\"2025-09-08T14:04:15+00:00\",\"description\":\"Simples de utilizar, forte na prote\u00e7\u00e3o. O novo selante cer\u00e2mico Permanent Protetor 646 Ultra Thin - 9H oferece uma prote\u00e7\u00e3o fi\u00e1vel contra influ\u00eancias externas\",\"breadcrumb\":{\"@id\":\"https:\\\/\\\/www.versiegelung24.com\\\/pt-pt\\\/permanent-protector-646.html#breadcrumb\"},\"inLanguage\":\"pt-PT\",\"potentialAction\":[{\"@type\":\"ReadAction\",\"target\":[\"https:\\\/\\\/www.versiegelung24.com\\\/pt-pt\\\/permanent-protector-646.html\"]}]},{\"@type\":\"ImageObject\",\"inLanguage\":\"pt-PT\",\"@id\":\"https:\\\/\\\/www.versiegelung24.com\\\/pt-pt\\\/permanent-protector-646.html#primaryimage\",\"url\":\"https:\\\/\\\/www.versiegelung24.com\\\/wp-content\\\/uploads\\\/2025\\\/08\\\/V24-Permanent-Protector-646-Keramikversiegelung-scaled-1.jpg\",\"contentUrl\":\"https:\\\/\\\/www.versiegelung24.com\\\/wp-content\\\/uploads\\\/2025\\\/08\\\/V24-Permanent-Protector-646-Keramikversiegelung-scaled-1.jpg\",\"width\":2560,\"height\":2560},{\"@type\":\"BreadcrumbList\",\"@id\":\"https:\\\/\\\/www.versiegelung24.com\\\/pt-pt\\\/permanent-protector-646.html#breadcrumb\",\"itemListElement\":[{\"@type\":\"ListItem\",\"position\":1,\"name\":\"P\u00e1gina inicial\",\"item\":\"https:\\\/\\\/www.versiegelung24.com\\\/pt-pt\\\/frente\\\/\"},{\"@type\":\"ListItem\",\"position\":2,\"name\":\"Loja\",\"item\":\"https:\\\/\\\/www.versiegelung24.com\\\/pt-pt\\\/loja\\\/\"},{\"@type\":\"ListItem\",\"position\":3,\"name\":\"Prote\u00e7\u00e3o permanente 646 5M\"}]},{\"@type\":\"WebSite\",\"@id\":\"https:\\\/\\\/www.versiegelung24.com\\\/pt-pt\\\/#website\",\"url\":\"https:\\\/\\\/www.versiegelung24.com\\\/pt-pt\\\/\",\"name\":\"versiegelung24.com\",\"description\":\"Fl\u00fcssigglas-Versiegelung - Made in Germany\",\"publisher\":{\"@id\":\"https:\\\/\\\/www.versiegelung24.com\\\/pt-pt\\\/#organization\"},\"potentialAction\":[{\"@type\":\"SearchAction\",\"target\":{\"@type\":\"EntryPoint\",\"urlTemplate\":\"https:\\\/\\\/www.versiegelung24.com\\\/pt-pt\\\/?s={search_term_string}\"},\"query-input\":{\"@type\":\"PropertyValueSpecification\",\"valueRequired\":true,\"valueName\":\"search_term_string\"}}],\"inLanguage\":\"pt-PT\"},{\"@type\":\"Organization\",\"@id\":\"https:\\\/\\\/www.versiegelung24.com\\\/pt-pt\\\/#organization\",\"name\":\"versiegelung24\",\"url\":\"https:\\\/\\\/www.versiegelung24.com\\\/pt-pt\\\/\",\"logo\":{\"@type\":\"ImageObject\",\"inLanguage\":\"pt-PT\",\"@id\":\"https:\\\/\\\/www.versiegelung24.com\\\/pt-pt\\\/#\\\/schema\\\/logo\\\/image\\\/\",\"url\":\"https:\\\/\\\/www.versiegelung24.com\\\/wp-content\\\/uploads\\\/2020\\\/04\\\/versiegelung24.png\",\"contentUrl\":\"https:\\\/\\\/www.versiegelung24.com\\\/wp-content\\\/uploads\\\/2020\\\/04\\\/versiegelung24.png\",\"width\":470,\"height\":102,\"caption\":\"versiegelung24\"},\"image\":{\"@id\":\"https:\\\/\\\/www.versiegelung24.com\\\/pt-pt\\\/#\\\/schema\\\/logo\\\/image\\\/\"}}]}<\/script>\n<meta property=\"og:availability\" content=\"instock\" \/>\n<meta property=\"product:availability\" content=\"instock\" \/>\n<meta property=\"product:retailer_item_id\" content=\"8056-646\" \/>\n<meta property=\"product:condition\" content=\"new\" \/>\n<!-- \/ Yoast SEO Premium plugin. -->","yoast_head_json":{"title":"Permanent Protetor 646 Ultra Thin - selante cer\u00e2mico 9H","description":"Simples de utilizar, forte na prote\u00e7\u00e3o. O novo selante cer\u00e2mico Permanent Protetor 646 Ultra Thin - 9H oferece uma prote\u00e7\u00e3o fi\u00e1vel contra influ\u00eancias externas","robots":{"index":"index","follow":"follow","max-snippet":"max-snippet:-1","max-image-preview":"max-image-preview:large","max-video-preview":"max-video-preview:-1"},"canonical":"https:\/\/www.versiegelung24.com\/pt-pt\/permanent-protector-646.html","og_locale":"pt_PT","og_type":"article","og_title":"Prote\u00e7\u00e3o permanente 646 5M","og_description":"Simples de utilizar, forte na prote\u00e7\u00e3o. O novo selante cer\u00e2mico Permanent Protetor 646 Ultra Thin - 9H oferece uma prote\u00e7\u00e3o fi\u00e1vel contra influ\u00eancias externas","og_url":"https:\/\/www.versiegelung24.com\/pt-pt\/permanent-protector-646.html","og_site_name":"versiegelung24.com","article_modified_time":"2025-09-08T14:04:15+00:00","og_image":[{"width":2560,"height":2560,"url":"https:\/\/www.versiegelung24.com\/wp-content\/uploads\/2025\/08\/V24-Permanent-Protector-646-Keramikversiegelung-scaled-1.jpg","type":"image\/jpeg"}],"twitter_card":"summary_large_image","twitter_misc":{"Disponibilidade":"Em stock"},"schema":{"@context":"https:\/\/schema.org","@graph":[{"@type":"WebPage","@id":"https:\/\/www.versiegelung24.com\/pt-pt\/permanent-protector-646.html","url":"https:\/\/www.versiegelung24.com\/pt-pt\/permanent-protector-646.html","name":"Permanent Protetor 646 Ultra Thin - selante cer\u00e2mico 9H","isPartOf":{"@id":"https:\/\/www.versiegelung24.com\/pt-pt\/#website"},"primaryImageOfPage":{"@id":"https:\/\/www.versiegelung24.com\/pt-pt\/permanent-protector-646.html#primaryimage"},"image":{"@id":"https:\/\/www.versiegelung24.com\/pt-pt\/permanent-protector-646.html#primaryimage"},"thumbnailUrl":"https:\/\/www.versiegelung24.com\/wp-content\/uploads\/2025\/08\/V24-Permanent-Protector-646-Keramikversiegelung-scaled-1.jpg","datePublished":"2025-08-28T12:07:51+00:00","dateModified":"2025-09-08T14:04:15+00:00","description":"Simples de utilizar, forte na prote\u00e7\u00e3o. O novo selante cer\u00e2mico Permanent Protetor 646 Ultra Thin - 9H oferece uma prote\u00e7\u00e3o fi\u00e1vel contra influ\u00eancias externas","breadcrumb":{"@id":"https:\/\/www.versiegelung24.com\/pt-pt\/permanent-protector-646.html#breadcrumb"},"inLanguage":"pt-PT","potentialAction":[{"@type":"ReadAction","target":["https:\/\/www.versiegelung24.com\/pt-pt\/permanent-protector-646.html"]}]},{"@type":"ImageObject","inLanguage":"pt-PT","@id":"https:\/\/www.versiegelung24.com\/pt-pt\/permanent-protector-646.html#primaryimage","url":"https:\/\/www.versiegelung24.com\/wp-content\/uploads\/2025\/08\/V24-Permanent-Protector-646-Keramikversiegelung-scaled-1.jpg","contentUrl":"https:\/\/www.versiegelung24.com\/wp-content\/uploads\/2025\/08\/V24-Permanent-Protector-646-Keramikversiegelung-scaled-1.jpg","width":2560,"height":2560},{"@type":"BreadcrumbList","@id":"https:\/\/www.versiegelung24.com\/pt-pt\/permanent-protector-646.html#breadcrumb","itemListElement":[{"@type":"ListItem","position":1,"name":"P\u00e1gina inicial","item":"https:\/\/www.versiegelung24.com\/pt-pt\/frente\/"},{"@type":"ListItem","position":2,"name":"Loja","item":"https:\/\/www.versiegelung24.com\/pt-pt\/loja\/"},{"@type":"ListItem","position":3,"name":"Prote\u00e7\u00e3o permanente 646 5M"}]},{"@type":"WebSite","@id":"https:\/\/www.versiegelung24.com\/pt-pt\/#website","url":"https:\/\/www.versiegelung24.com\/pt-pt\/","name":"versiegelung24.com","description":"Fl\u00fcssigglas-Versiegelung - Made in Germany","publisher":{"@id":"https:\/\/www.versiegelung24.com\/pt-pt\/#organization"},"potentialAction":[{"@type":"SearchAction","target":{"@type":"EntryPoint","urlTemplate":"https:\/\/www.versiegelung24.com\/pt-pt\/?s={search_term_string}"},"query-input":{"@type":"PropertyValueSpecification","valueRequired":true,"valueName":"search_term_string"}}],"inLanguage":"pt-PT"},{"@type":"Organization","@id":"https:\/\/www.versiegelung24.com\/pt-pt\/#organization","name":"versiegelung24","url":"https:\/\/www.versiegelung24.com\/pt-pt\/","logo":{"@type":"ImageObject","inLanguage":"pt-PT","@id":"https:\/\/www.versiegelung24.com\/pt-pt\/#\/schema\/logo\/image\/","url":"https:\/\/www.versiegelung24.com\/wp-content\/uploads\/2020\/04\/versiegelung24.png","contentUrl":"https:\/\/www.versiegelung24.com\/wp-content\/uploads\/2020\/04\/versiegelung24.png","width":470,"height":102,"caption":"versiegelung24"},"image":{"@id":"https:\/\/www.versiegelung24.com\/pt-pt\/#\/schema\/logo\/image\/"}}]},"og_availability":"instock","product_availability":"instock","product_retailer_item_id":"8056-646","product_condition":"new"},"_links":{"self":[{"href":"https:\/\/www.versiegelung24.com\/pt-pt\/wp-json\/wp\/v2\/product\/182998","targetHints":{"allow":["GET"]}}],"collection":[{"href":"https:\/\/www.versiegelung24.com\/pt-pt\/wp-json\/wp\/v2\/product"}],"about":[{"href":"https:\/\/www.versiegelung24.com\/pt-pt\/wp-json\/wp\/v2\/types\/product"}],"version-history":[{"count":3,"href":"https:\/\/www.versiegelung24.com\/pt-pt\/wp-json\/wp\/v2\/product\/182998\/revisions"}],"predecessor-version":[{"id":183566,"href":"https:\/\/www.versiegelung24.com\/pt-pt\/wp-json\/wp\/v2\/product\/182998\/revisions\/183566"}],"wp:featuredmedia":[{"embeddable":true,"href":"https:\/\/www.versiegelung24.com\/pt-pt\/wp-json\/wp\/v2\/media\/183066"}],"wp:attachment":[{"href":"https:\/\/www.versiegelung24.com\/pt-pt\/wp-json\/wp\/v2\/media?parent=182998"}],"wp:term":[{"taxonomy":"product_brand","embeddable":true,"href":"https:\/\/www.versiegelung24.com\/pt-pt\/wp-json\/wp\/v2\/product_brand?post=182998"},{"taxonomy":"product_cat","embeddable":true,"href":"https:\/\/www.versiegelung24.com\/pt-pt\/wp-json\/wp\/v2\/product_cat?post=182998"},{"taxonomy":"product_tag","embeddable":true,"href":"https:\/\/www.versiegelung24.com\/pt-pt\/wp-json\/wp\/v2\/product_tag?post=182998"}],"curies":[{"name":"wp","href":"https:\/\/api.w.org\/{rel}","templated":true}]}}