{"id":22836,"date":"2020-04-04T18:53:13","date_gmt":"2020-04-04T16:53:13","guid":{"rendered":"https:\/\/www.versiegelung24.com\/produkt\/vedacao-de-vidro-de-carro-na-qualidade-profissional"},"modified":"2025-01-03T23:39:52","modified_gmt":"2025-01-03T22:39:52","slug":"vedacao-de-vidros-de-automoveis-de-qualidade-profissional","status":"publish","type":"product","link":"https:\/\/www.versiegelung24.com\/pt-pt\/autoglas-vedacao-in-profi-qualitaet.html","title":{"rendered":"Veda\u00e7\u00e3o de vidro autom\u00f3vel com qualidade profissional"},"content":{"rendered":"\n<p><strong>Selante altamente eficaz para vidros de autom\u00f3veis e caravanas, qualidade profissional, NOVO, passa o Inverno quase sem riscos, melhora significativamente a visibilidade com mau tempo.<\/strong><\/p>\n\n<p>De alta qualidade Made in Germany.<\/p>\n\n<hr\/>\n\n<h4 class=\"wp-block-heading\" id=\"properties\">Caracter\u00edsticas do produto<\/h4>\n\n<div class=\"wp-block-columns is-layout-flex wp-container-core-columns-is-layout-9d6595d7 wp-block-columns-is-layout-flex\">\n<div class=\"wp-block-column is-layout-flow wp-block-column-is-layout-flow\">\n<ul class=\"wp-block-list\">\n<li>L\u00edquido l\u00edmpido e incolor, invis\u00edvel e impalp\u00e1vel<\/li>\n\n\n\n<li>Excelente efeito F\u00e1cil de Limpar para a ades\u00e3o \u00e0 sujidade<\/li>\n\n\n\n<li>Repel\u00eancia \u00e0 \u00e1gua, ao \u00f3leo e \u00e0 sujidade, a chuva e a neve rolam para fora do vidro, a sujidade, os excrementos de p\u00e1ssaros, os insectos e o gelo j\u00e1 n\u00e3o conseguem aderir firmemente<\/li>\n\n\n\n<li>Torna a raspagem do gelo no Inverno muito mais f\u00e1cil<\/li>\n\n\n\n<li>A partir de cerca de 70 km\/h, a chuva escorre durante a condu\u00e7\u00e3o, mesmo sem limpa p\u00e1ra-brisas, garantindo uma vis\u00e3o clara<\/li>\n\n\n\n<li>Durabilidade de cerca de 25.000 km ou at\u00e9 um ano<\/li>\n\n\n\n<li>Reduz o crescimento de microorganismos e bact\u00e9rias, melhora a higiene<\/li>\n\n\n\n<li>Resistente ao gelo, ao calor extremo, \u00e0 radia\u00e7\u00e3o UV, \u00e0 \u00e1gua salgada e ao ar salgado, aos minerais da \u00e1gua dura e aos \u00e1lcalis, resistente ao sal da estrada<\/li>\n\n\n\n<li>Fisiologicamente inofensivo<\/li>\n<\/ul>\n<\/div>\n\n\n\n<div class=\"wp-block-column is-layout-flow wp-block-column-is-layout-flow\">\n<ul class=\"wp-block-list\" id=\"block-4d08488f-e4e2-46e9-af9b-8ca16197df33\">\n<li>As superf\u00edcies mant\u00eam-se limpas durante muito mais tempo, o que prolonga os ciclos de limpeza e reduz significativamente os custos, o tempo e a energia necess\u00e1rios para a limpeza e manuten\u00e7\u00e3o<\/li>\n\n\n\n<li>J\u00e1 n\u00e3o s\u00e3o necess\u00e1rios produtos qu\u00edmicos de limpeza (selante mas tamb\u00e9m resistente a produtos qu\u00edmicos de limpeza, at\u00e9 pH 12)<\/li>\n\n\n\n<li>UV-est\u00e1vel \/ resistente \u00e0 geada \/ resistente \u00e0 \u00e1gua salgada \/ invis\u00edvel (espessura da camada: 100-150nm)<\/li>\n\n\n\n<li>Pode ser reaplicado sem problemas se o efeito passar<\/li>\n<\/ul>\n\n\n\n<p><br\/><br\/>\u00c2mbito de fornecimento: 1 x garrafa de litro 1 x cabe\u00e7a de pulveriza\u00e7\u00e3o da bomba<br\/><\/p>\n<\/div>\n<\/div>\n\n<hr\/>\n\n<h4 class=\"wp-block-heading\" id=\"application\">Aplica\u00e7\u00e3o<\/h4>\n\n<ul class=\"wp-block-list\">\n<li>Todos os vidros e espelhos de autom\u00f3veis, caravanas, motociclos, etc.<\/li>\n<\/ul>\n\n<p>O consumo depende da estrutura da superf\u00edcie cerca de 100-200m\u00b2\/litro.<\/p>\n\n<p>Prazo de validade: Aprox. 12 meses<\/p>\n","protected":false},"excerpt":{"rendered":"<p><strong>Selante altamente eficaz para vidros de autom\u00f3veis e caravanas:<\/strong><\/p>\n<p>Qualidade profissional  <\/p>\n<p>Passar o Inverno quase sem arranh\u00f5es<\/p>\n<p>Visibilidade significativamente melhorada com mau tempo<\/p>\n<p>A partir de aprox. 70 km\/h, a chuva escorre durante a condu\u00e7\u00e3o, mesmo sem limpa p\u00e1ra-brisas, garantindo uma vis\u00e3o clara<\/p>\n","protected":false},"featured_media":17620,"template":"","meta":{"_acf_changed":false,"neve_meta_sidebar":"","neve_meta_container":"","neve_meta_enable_content_width":"","neve_meta_content_width":0,"neve_meta_title_alignment":"","neve_meta_author_avatar":"","neve_post_elements_order":"","neve_meta_disable_header":"","neve_meta_disable_footer":"","neve_meta_disable_title":"","neve_meta_reading_time":"","_surfaces":[],"_ver_product_tabs":[],"footnotes":""},"product_brand":[],"product_cat":[2152],"product_tag":[],"class_list":{"0":"post-22836","1":"product","2":"type-product","3":"status-publish","4":"has-post-thumbnail","6":"product_cat-vedacao-automatica","7":"pa_gebinde-garrafa-de-1000ml","8":"pa_gebinde-20l-recipiente","10":"first","11":"instock","12":"taxable","13":"shipping-taxable","14":"purchasable","15":"product-type-variable","16":"has-default-attributes"},"acf":[],"yoast_head":"<!-- This site is optimized with the Yoast SEO Premium plugin v22.8 (Yoast SEO v27.5) - https:\/\/yoast.com\/product\/yoast-seo-premium-wordpress\/ -->\n<title>Veda\u00e7\u00e3o de vidro autom\u00f3vel com qualidade profissional - versiegelung24.com<\/title>\n<meta name=\"robots\" content=\"index, follow, max-snippet:-1, max-image-preview:large, max-video-preview:-1\" \/>\n<link rel=\"canonical\" href=\"https:\/\/www.versiegelung24.com\/pt-pt\/autoglas-vedacao-in-profi-qualitaet.html\" \/>\n<meta property=\"og:locale\" content=\"pt_PT\" \/>\n<meta property=\"og:type\" content=\"article\" \/>\n<meta property=\"og:title\" content=\"Veda\u00e7\u00e3o de vidro autom\u00f3vel com qualidade profissional\" \/>\n<meta property=\"og:description\" content=\"Selante altamente eficaz para vidros de autom\u00f3veis e caravanas: Qualidade profissional  Passar o Inverno quase sem arranh\u00f5es Visibilidade significativamente melhorada com mau tempo A partir de aprox. 70 km\/h, a chuva escorre durante a condu\u00e7\u00e3o, mesmo sem limpa p\u00e1ra-brisas, garantindo uma vis\u00e3o clara\" \/>\n<meta property=\"og:url\" content=\"https:\/\/www.versiegelung24.com\/pt-pt\/autoglas-vedacao-in-profi-qualitaet.html\" \/>\n<meta property=\"og:site_name\" content=\"versiegelung24.com\" \/>\n<meta property=\"article:modified_time\" content=\"2025-01-03T22:39:52+00:00\" \/>\n<meta property=\"og:image\" content=\"https:\/\/www.versiegelung24.com\/wp-content\/uploads\/2020\/06\/produkt-1002-7601-1000-Autoglasversiegelung-scaled.jpg\" \/>\n\t<meta property=\"og:image:width\" content=\"2560\" \/>\n\t<meta property=\"og:image:height\" content=\"2560\" \/>\n\t<meta property=\"og:image:type\" content=\"image\/jpeg\" \/>\n<meta name=\"twitter:card\" content=\"summary_large_image\" \/>\n<meta name=\"twitter:label1\" content=\"Disponibilidade\" \/>\n\t<meta name=\"twitter:data1\" content=\"Em stock\" \/>\n<script type=\"application\/ld+json\" class=\"yoast-schema-graph\">{\"@context\":\"https:\\\/\\\/schema.org\",\"@graph\":[{\"@type\":\"WebPage\",\"@id\":\"https:\\\/\\\/www.versiegelung24.com\\\/pt-pt\\\/autoglas-vedacao-in-profi-qualitaet.html\",\"url\":\"https:\\\/\\\/www.versiegelung24.com\\\/pt-pt\\\/autoglas-vedacao-in-profi-qualitaet.html\",\"name\":\"Veda\u00e7\u00e3o de vidro autom\u00f3vel com qualidade profissional - versiegelung24.com\",\"isPartOf\":{\"@id\":\"https:\\\/\\\/www.versiegelung24.com\\\/pt-pt\\\/#website\"},\"primaryImageOfPage\":{\"@id\":\"https:\\\/\\\/www.versiegelung24.com\\\/pt-pt\\\/autoglas-vedacao-in-profi-qualitaet.html#primaryimage\"},\"image\":{\"@id\":\"https:\\\/\\\/www.versiegelung24.com\\\/pt-pt\\\/autoglas-vedacao-in-profi-qualitaet.html#primaryimage\"},\"thumbnailUrl\":\"https:\\\/\\\/www.versiegelung24.com\\\/wp-content\\\/uploads\\\/2020\\\/06\\\/produkt-1002-7601-1000-Autoglasversiegelung-scaled.jpg\",\"datePublished\":\"2020-04-04T16:53:13+00:00\",\"dateModified\":\"2025-01-03T22:39:52+00:00\",\"breadcrumb\":{\"@id\":\"https:\\\/\\\/www.versiegelung24.com\\\/pt-pt\\\/autoglas-vedacao-in-profi-qualitaet.html#breadcrumb\"},\"inLanguage\":\"pt-PT\",\"potentialAction\":[{\"@type\":\"ReadAction\",\"target\":[\"https:\\\/\\\/www.versiegelung24.com\\\/pt-pt\\\/autoglas-vedacao-in-profi-qualitaet.html\"]}]},{\"@type\":\"ImageObject\",\"inLanguage\":\"pt-PT\",\"@id\":\"https:\\\/\\\/www.versiegelung24.com\\\/pt-pt\\\/autoglas-vedacao-in-profi-qualitaet.html#primaryimage\",\"url\":\"https:\\\/\\\/www.versiegelung24.com\\\/wp-content\\\/uploads\\\/2020\\\/06\\\/produkt-1002-7601-1000-Autoglasversiegelung-scaled.jpg\",\"contentUrl\":\"https:\\\/\\\/www.versiegelung24.com\\\/wp-content\\\/uploads\\\/2020\\\/06\\\/produkt-1002-7601-1000-Autoglasversiegelung-scaled.jpg\",\"width\":2560,\"height\":2560},{\"@type\":\"BreadcrumbList\",\"@id\":\"https:\\\/\\\/www.versiegelung24.com\\\/pt-pt\\\/autoglas-vedacao-in-profi-qualitaet.html#breadcrumb\",\"itemListElement\":[{\"@type\":\"ListItem\",\"position\":1,\"name\":\"P\u00e1gina inicial\",\"item\":\"https:\\\/\\\/www.versiegelung24.com\\\/pt-pt\\\/frente\\\/\"},{\"@type\":\"ListItem\",\"position\":2,\"name\":\"Loja\",\"item\":\"https:\\\/\\\/www.versiegelung24.com\\\/pt-pt\\\/loja\\\/\"},{\"@type\":\"ListItem\",\"position\":3,\"name\":\"Veda\u00e7\u00e3o de vidro autom\u00f3vel com qualidade profissional\"}]},{\"@type\":\"WebSite\",\"@id\":\"https:\\\/\\\/www.versiegelung24.com\\\/pt-pt\\\/#website\",\"url\":\"https:\\\/\\\/www.versiegelung24.com\\\/pt-pt\\\/\",\"name\":\"versiegelung24.com\",\"description\":\"Fl\u00fcssigglas-Versiegelung - Made in Germany\",\"publisher\":{\"@id\":\"https:\\\/\\\/www.versiegelung24.com\\\/pt-pt\\\/#organization\"},\"potentialAction\":[{\"@type\":\"SearchAction\",\"target\":{\"@type\":\"EntryPoint\",\"urlTemplate\":\"https:\\\/\\\/www.versiegelung24.com\\\/pt-pt\\\/?s={search_term_string}\"},\"query-input\":{\"@type\":\"PropertyValueSpecification\",\"valueRequired\":true,\"valueName\":\"search_term_string\"}}],\"inLanguage\":\"pt-PT\"},{\"@type\":\"Organization\",\"@id\":\"https:\\\/\\\/www.versiegelung24.com\\\/pt-pt\\\/#organization\",\"name\":\"versiegelung24\",\"url\":\"https:\\\/\\\/www.versiegelung24.com\\\/pt-pt\\\/\",\"logo\":{\"@type\":\"ImageObject\",\"inLanguage\":\"pt-PT\",\"@id\":\"https:\\\/\\\/www.versiegelung24.com\\\/pt-pt\\\/#\\\/schema\\\/logo\\\/image\\\/\",\"url\":\"https:\\\/\\\/www.versiegelung24.com\\\/wp-content\\\/uploads\\\/2020\\\/04\\\/versiegelung24.png\",\"contentUrl\":\"https:\\\/\\\/www.versiegelung24.com\\\/wp-content\\\/uploads\\\/2020\\\/04\\\/versiegelung24.png\",\"width\":470,\"height\":102,\"caption\":\"versiegelung24\"},\"image\":{\"@id\":\"https:\\\/\\\/www.versiegelung24.com\\\/pt-pt\\\/#\\\/schema\\\/logo\\\/image\\\/\"}}]}<\/script>\n<meta property=\"og:availability\" content=\"instock\" \/>\n<meta property=\"product:availability\" content=\"instock\" \/>\n<meta property=\"product:retailer_item_id\" content=\"1002-7601\" \/>\n<meta property=\"product:condition\" content=\"new\" \/>\n<!-- \/ Yoast SEO Premium plugin. -->","yoast_head_json":{"title":"Veda\u00e7\u00e3o de vidro autom\u00f3vel com qualidade profissional - versiegelung24.com","robots":{"index":"index","follow":"follow","max-snippet":"max-snippet:-1","max-image-preview":"max-image-preview:large","max-video-preview":"max-video-preview:-1"},"canonical":"https:\/\/www.versiegelung24.com\/pt-pt\/autoglas-vedacao-in-profi-qualitaet.html","og_locale":"pt_PT","og_type":"article","og_title":"Veda\u00e7\u00e3o de vidro autom\u00f3vel com qualidade profissional","og_description":"Selante altamente eficaz para vidros de autom\u00f3veis e caravanas: Qualidade profissional  Passar o Inverno quase sem arranh\u00f5es Visibilidade significativamente melhorada com mau tempo A partir de aprox. 70 km\/h, a chuva escorre durante a condu\u00e7\u00e3o, mesmo sem limpa p\u00e1ra-brisas, garantindo uma vis\u00e3o clara","og_url":"https:\/\/www.versiegelung24.com\/pt-pt\/autoglas-vedacao-in-profi-qualitaet.html","og_site_name":"versiegelung24.com","article_modified_time":"2025-01-03T22:39:52+00:00","og_image":[{"width":2560,"height":2560,"url":"https:\/\/www.versiegelung24.com\/wp-content\/uploads\/2020\/06\/produkt-1002-7601-1000-Autoglasversiegelung-scaled.jpg","type":"image\/jpeg"}],"twitter_card":"summary_large_image","twitter_misc":{"Disponibilidade":"Em stock"},"schema":{"@context":"https:\/\/schema.org","@graph":[{"@type":"WebPage","@id":"https:\/\/www.versiegelung24.com\/pt-pt\/autoglas-vedacao-in-profi-qualitaet.html","url":"https:\/\/www.versiegelung24.com\/pt-pt\/autoglas-vedacao-in-profi-qualitaet.html","name":"Veda\u00e7\u00e3o de vidro autom\u00f3vel com qualidade profissional - versiegelung24.com","isPartOf":{"@id":"https:\/\/www.versiegelung24.com\/pt-pt\/#website"},"primaryImageOfPage":{"@id":"https:\/\/www.versiegelung24.com\/pt-pt\/autoglas-vedacao-in-profi-qualitaet.html#primaryimage"},"image":{"@id":"https:\/\/www.versiegelung24.com\/pt-pt\/autoglas-vedacao-in-profi-qualitaet.html#primaryimage"},"thumbnailUrl":"https:\/\/www.versiegelung24.com\/wp-content\/uploads\/2020\/06\/produkt-1002-7601-1000-Autoglasversiegelung-scaled.jpg","datePublished":"2020-04-04T16:53:13+00:00","dateModified":"2025-01-03T22:39:52+00:00","breadcrumb":{"@id":"https:\/\/www.versiegelung24.com\/pt-pt\/autoglas-vedacao-in-profi-qualitaet.html#breadcrumb"},"inLanguage":"pt-PT","potentialAction":[{"@type":"ReadAction","target":["https:\/\/www.versiegelung24.com\/pt-pt\/autoglas-vedacao-in-profi-qualitaet.html"]}]},{"@type":"ImageObject","inLanguage":"pt-PT","@id":"https:\/\/www.versiegelung24.com\/pt-pt\/autoglas-vedacao-in-profi-qualitaet.html#primaryimage","url":"https:\/\/www.versiegelung24.com\/wp-content\/uploads\/2020\/06\/produkt-1002-7601-1000-Autoglasversiegelung-scaled.jpg","contentUrl":"https:\/\/www.versiegelung24.com\/wp-content\/uploads\/2020\/06\/produkt-1002-7601-1000-Autoglasversiegelung-scaled.jpg","width":2560,"height":2560},{"@type":"BreadcrumbList","@id":"https:\/\/www.versiegelung24.com\/pt-pt\/autoglas-vedacao-in-profi-qualitaet.html#breadcrumb","itemListElement":[{"@type":"ListItem","position":1,"name":"P\u00e1gina inicial","item":"https:\/\/www.versiegelung24.com\/pt-pt\/frente\/"},{"@type":"ListItem","position":2,"name":"Loja","item":"https:\/\/www.versiegelung24.com\/pt-pt\/loja\/"},{"@type":"ListItem","position":3,"name":"Veda\u00e7\u00e3o de vidro autom\u00f3vel com qualidade profissional"}]},{"@type":"WebSite","@id":"https:\/\/www.versiegelung24.com\/pt-pt\/#website","url":"https:\/\/www.versiegelung24.com\/pt-pt\/","name":"versiegelung24.com","description":"Fl\u00fcssigglas-Versiegelung - Made in Germany","publisher":{"@id":"https:\/\/www.versiegelung24.com\/pt-pt\/#organization"},"potentialAction":[{"@type":"SearchAction","target":{"@type":"EntryPoint","urlTemplate":"https:\/\/www.versiegelung24.com\/pt-pt\/?s={search_term_string}"},"query-input":{"@type":"PropertyValueSpecification","valueRequired":true,"valueName":"search_term_string"}}],"inLanguage":"pt-PT"},{"@type":"Organization","@id":"https:\/\/www.versiegelung24.com\/pt-pt\/#organization","name":"versiegelung24","url":"https:\/\/www.versiegelung24.com\/pt-pt\/","logo":{"@type":"ImageObject","inLanguage":"pt-PT","@id":"https:\/\/www.versiegelung24.com\/pt-pt\/#\/schema\/logo\/image\/","url":"https:\/\/www.versiegelung24.com\/wp-content\/uploads\/2020\/04\/versiegelung24.png","contentUrl":"https:\/\/www.versiegelung24.com\/wp-content\/uploads\/2020\/04\/versiegelung24.png","width":470,"height":102,"caption":"versiegelung24"},"image":{"@id":"https:\/\/www.versiegelung24.com\/pt-pt\/#\/schema\/logo\/image\/"}}]},"og_availability":"instock","product_availability":"instock","product_retailer_item_id":"1002-7601","product_condition":"new"},"_links":{"self":[{"href":"https:\/\/www.versiegelung24.com\/pt-pt\/wp-json\/wp\/v2\/product\/22836","targetHints":{"allow":["GET"]}}],"collection":[{"href":"https:\/\/www.versiegelung24.com\/pt-pt\/wp-json\/wp\/v2\/product"}],"about":[{"href":"https:\/\/www.versiegelung24.com\/pt-pt\/wp-json\/wp\/v2\/types\/product"}],"version-history":[{"count":15,"href":"https:\/\/www.versiegelung24.com\/pt-pt\/wp-json\/wp\/v2\/product\/22836\/revisions"}],"predecessor-version":[{"id":177542,"href":"https:\/\/www.versiegelung24.com\/pt-pt\/wp-json\/wp\/v2\/product\/22836\/revisions\/177542"}],"wp:featuredmedia":[{"embeddable":true,"href":"https:\/\/www.versiegelung24.com\/pt-pt\/wp-json\/wp\/v2\/media\/17620"}],"wp:attachment":[{"href":"https:\/\/www.versiegelung24.com\/pt-pt\/wp-json\/wp\/v2\/media?parent=22836"}],"wp:term":[{"taxonomy":"product_brand","embeddable":true,"href":"https:\/\/www.versiegelung24.com\/pt-pt\/wp-json\/wp\/v2\/product_brand?post=22836"},{"taxonomy":"product_cat","embeddable":true,"href":"https:\/\/www.versiegelung24.com\/pt-pt\/wp-json\/wp\/v2\/product_cat?post=22836"},{"taxonomy":"product_tag","embeddable":true,"href":"https:\/\/www.versiegelung24.com\/pt-pt\/wp-json\/wp\/v2\/product_tag?post=22836"}],"curies":[{"name":"wp","href":"https:\/\/api.w.org\/{rel}","templated":true}]}}