{"id":22837,"date":"2020-04-04T18:53:18","date_gmt":"2021-08-02T19:04:07","guid":{"rendered":"https:\/\/www.versiegelung24.com\/produkt\/toalhetes-de-desinfetantes-de-superficie-de-longo-prazo-50-pecas-em-embalagem-plana"},"modified":"2025-01-13T16:38:01","modified_gmt":"2025-01-13T15:38:01","slug":"bacoban-long-term-flat-disinfection-towels-50-pecas-em-um-pack-flat-towel-size-180-x-200mm","status":"publish","type":"product","link":"https:\/\/www.versiegelung24.com\/pt-pt\/bacoban-long-term-flaech-desinfeccao-puecher-50-stueck-im-flachpack-tuchformat-180-x-200mm.html","title":{"rendered":"BACOBAN\u00ae Toalhetes de desinfec\u00e7\u00e3o de superf\u00edcies de longa dura\u00e7\u00e3o, 50 unidades numa embalagem plana"},"content":{"rendered":"\n<p>Toalhetes h\u00famidos prontos a usar para desinfec\u00e7\u00e3o de superf\u00edcies resistentes ao \u00e1lcool<\/p>\n\n<hr \/>\n\n<h4 class=\"wp-block-heading\" id=\"properties\">Caracter\u00edsticas do produto<\/h4>\n\n<div class=\"wp-block-columns is-layout-flex wp-container-core-columns-is-layout-9d6595d7 wp-block-columns-is-layout-flex\">\n<div class=\"wp-block-column is-layout-flow wp-block-column-is-layout-flow\">\n<ul class=\"wp-block-list\">\n<li><br \/>Efeito antimicrobiano duradouro (efeito de reman\u00eancia) at\u00e9 10 dias<\/li>\n\n\n\n<li>eficaz contra o coronav\u00edrus<\/li>\n\n\n\n<li>Muito boa compatibilidade com a pele<\/li>\n\n\n\n<li>elevado efeito de limpeza<\/li>\n\n\n\n<li>Aplica\u00e7\u00e3o pr\u00e1tica testada no ensaio de 4 campos<\/li>\n<\/ul>\n<\/div>\n\n\n\n<div class=\"wp-block-column is-layout-flow wp-block-column-is-layout-flow\">\n<h3 class=\"wp-block-heading\" id=\"zusammensetzung\">Composi\u00e7\u00e3o<\/h3>\n\n\n\n<p>100 g de solu\u00e7\u00e3o cont\u00e9m:<br \/><br \/>Cloreto de benzalc\u00f3nio 0,26 g, piritiona de s\u00f3dio 0,025 g, policondensados, fragr\u00e2ncias, \u00e1gua purificada. Ingredientes de acordo com o Regulamento (CE) n.\u00ba 648\/2004: menos de 5% de tensioactivos cati\u00f3nicos, desinfetante, fragr\u00e2ncia. Sem formalde\u00eddo, sem fenol.<\/p>\n<\/div>\n<\/div>\n\n<hr \/>\n\n<h4 class=\"wp-block-heading\" id=\"application\">Aplica\u00e7\u00e3o<\/h4>\n\n<p><strong>Bacoban\u00aeDL<\/strong> \u00e9 uma solu\u00e7\u00e3o \u00e0 base de \u00e1gua, pronta a usar, para a desinfe\u00e7\u00e3o e limpeza de superf\u00edcies com um efeito antimicrobiano duradouro (efeito de reman\u00eancia).<\/p>\n\n<h3 class=\"wp-block-heading\" id=\"gebrauch\">Utiliza\u00e7\u00e3o<\/h3>\n\n<p>Retira o pano <strong>Bacoban\u00aeDL <\/strong>pronto a usar e espalha o l\u00edquido uniformemente sobre a superf\u00edcie. Em seguida, deixar secar. N\u00e3o enxaguar nem esfregar para secar.<\/p>\n\n<figure class=\"wp-block-table\"><table><tbody><tr><td>Efic\u00e1cia<\/td><\/tr><tr><td>Testes de acordo com as directrizes DVV \/ RKI<\/td><td>Tempo de exposi\u00e7\u00e3o<\/td><\/tr><tr><td><br \/>Virucida limitada (v\u00edrus com envelope, incluindo <strong>coronav\u00edrus<\/strong>, VIH, VHB, VHC, gripe, herpes, v\u00edrus \u00c9bola &#8230;.)<\/td><td>5 min<\/td><\/tr><tr><td>Rotav\u00edrus<\/td><td>5 min<\/td><\/tr><tr><td>Norov\u00edrus<\/td><td>30 min<\/td><\/tr><tr><td>Papilomav\u00edrus (HPV)<\/td><td>60 min<\/td><\/tr><tr><td>Ensaio de acordo com as directrizes da DGHM (com mec\u00e2nica, carga elevada)<\/td><\/tr><tr><td>Bactericida e levurocida<\/td><td>5 min<\/td><\/tr><tr><td>Normas EN<\/td><\/tr><tr><td>PT 1040 (bactericida)<\/td><td>5 min<\/td><\/tr><tr><td>PT 1275 (levurocida)<\/td><td>5 min<\/td><\/tr><tr><td>EN 1276 (bactericida)<\/td><td>5 min<\/td><\/tr><tr><td>EN 13727 (bactericida)<\/td><td>5 min<\/td><\/tr><tr><td>EN 13624 (levurocida, fungicida)<\/td><td>5 min<\/td><\/tr><tr><td>PT 1650 (levurocida)<\/td><td>5 min<\/td><\/tr><tr><td>EN 13697 (bactericida)<\/td><td>5 min<\/td><\/tr><tr><td>EN 14561 (bactericida)<\/td><td>60 min<\/td><\/tr><tr><td>PT 14562 (levurocida)<\/td><td>60 min<\/td><\/tr><tr><td>EN 16615 (bactericida, levurocida) (ensaio de 4 campos)<\/td><td>5 min<\/td><\/tr><\/tbody><\/table><\/figure>\n\n<hr \/>\n\n<h4 class=\"wp-block-heading\" id=\"advisor\">Conselheiro<\/h4>\n\n<h3 class=\"wp-block-heading\" id=\"lagerung\">Armazenamento<\/h3>\n\n<p>Conserva <strong>o Bacoban\u00aeDL<\/strong> entre +5 e +25\u00b0C. Proteger do gelo e da luz solar directa.<\/p>\n\n<h3 class=\"wp-block-heading\" id=\"gutachten\">Opini\u00e3o de peritos<\/h3>\n\n<p>Os nossos produtos s\u00e3o testados exaustivamente. Teremos todo o gosto em fornecer-lhe os nossos relat\u00f3rios microbiol\u00f3gicos e dermatol\u00f3gicos a pedido.<\/p>\n\n<h3 class=\"wp-block-heading\" id=\"sicherheitshinweis\">Nota de seguran\u00e7a<\/h3>\n\n<p>Ficha de dados de seguran\u00e7a dispon\u00edvel a pedido.<\/p>\n\n<p><br \/>Efeito antimicrobiano duradouro <strong>(efeito de reman\u00eancia)<\/strong> at\u00e9 <strong>10 dias<\/strong> (testado em conformidade com a norma ASTM E 2180). Testado dermatologicamente (teste epicut\u00e2neo com 30 indiv\u00edduos): muito boa compatibilidade com a pele.<\/p>\n\n<p><strong>Importante<\/strong>! O efeito antimicrobiano remanescente do <strong>Bacoban\u00aeDL<\/strong> n\u00e3o deve levar \u00e0 omiss\u00e3o das medidas de desinfe\u00e7\u00e3o necess\u00e1rias em caso de contamina\u00e7\u00e3o vis\u00edvel e\/ou question\u00e1vel!<\/p>\n\n<p><strong>Utilizar desinfectantes com cuidado. Ler sempre o r\u00f3tulo e as informa\u00e7\u00f5es sobre o produto antes de o utilizar.<\/strong><\/p>\n\n<p>N.\u00ba de registo do biocida: N-34071 (D), 262\/17\/L (Lu), PT2<\/p>\n","protected":false},"excerpt":{"rendered":"<p><strong>Toalhetes h\u00famidos prontos a usar para a desinfec\u00e7\u00e3o de superf\u00edcies<\/strong><\/p>\n","protected":false},"featured_media":176470,"template":"","meta":{"_acf_changed":false,"neve_meta_sidebar":"","neve_meta_container":"","neve_meta_enable_content_width":"","neve_meta_content_width":0,"neve_meta_title_alignment":"","neve_meta_author_avatar":"","neve_post_elements_order":"","neve_meta_disable_header":"","neve_meta_disable_footer":"","neve_meta_disable_title":"","neve_meta_reading_time":"","_surfaces":[],"_ver_product_tabs":[],"footnotes":""},"product_brand":[],"product_cat":[2274,2423],"product_tag":[],"class_list":{"0":"post-22837","1":"product","2":"type-product","3":"status-publish","4":"has-post-thumbnail","6":"product_cat-desinfetante","7":"product_cat-desinfetantes-de-superficie","9":"first","10":"onbackorder","11":"taxable","12":"shipping-taxable","13":"purchasable","14":"product-type-simple"},"acf":[],"yoast_head":"<!-- This site is optimized with the Yoast SEO Premium plugin v22.8 (Yoast SEO v27.5) - https:\/\/yoast.com\/product\/yoast-seo-premium-wordpress\/ -->\n<title>BACOBAN\u00ae Toalhetes de desinfec\u00e7\u00e3o de superf\u00edcies de longa dura\u00e7\u00e3o, 50 unidades numa embalagem plana - versiegelung24.com<\/title>\n<meta name=\"robots\" content=\"index, follow, max-snippet:-1, max-image-preview:large, max-video-preview:-1\" \/>\n<link rel=\"canonical\" href=\"https:\/\/www.versiegelung24.com\/pt-pt\/bacoban-long-term-flaech-desinfeccao-puecher-50-stueck-im-flachpack-tuchformat-180-x-200mm.html\" \/>\n<meta property=\"og:locale\" content=\"pt_PT\" \/>\n<meta property=\"og:type\" content=\"article\" \/>\n<meta property=\"og:title\" content=\"BACOBAN\u00ae Toalhetes de desinfec\u00e7\u00e3o de superf\u00edcies de longa dura\u00e7\u00e3o, 50 unidades numa embalagem plana\" \/>\n<meta property=\"og:description\" content=\"Toalhetes h\u00famidos prontos a usar para a desinfec\u00e7\u00e3o de superf\u00edcies\" \/>\n<meta property=\"og:url\" content=\"https:\/\/www.versiegelung24.com\/pt-pt\/bacoban-long-term-flaech-desinfeccao-puecher-50-stueck-im-flachpack-tuchformat-180-x-200mm.html\" \/>\n<meta property=\"og:site_name\" content=\"versiegelung24.com\" \/>\n<meta property=\"article:modified_time\" content=\"2025-01-13T15:38:01+00:00\" \/>\n<meta property=\"og:image\" content=\"https:\/\/www.versiegelung24.com\/wp-content\/uploads\/2020\/04\/bacotue-produktbild-schraeg.webp\" \/>\n\t<meta property=\"og:image:width\" content=\"2000\" \/>\n\t<meta property=\"og:image:height\" content=\"2000\" \/>\n\t<meta property=\"og:image:type\" content=\"image\/webp\" \/>\n<meta name=\"twitter:card\" content=\"summary_large_image\" \/>\n<meta name=\"twitter:label1\" content=\"pre\u00e7o\" \/>\n\t<meta name=\"twitter:data1\" content=\"7,79&euro;\" \/>\n\t<meta name=\"twitter:label2\" content=\"Disponibilidade\" \/>\n\t<meta name=\"twitter:data2\" content=\"Por encomenda\" \/>\n<script type=\"application\/ld+json\" class=\"yoast-schema-graph\">{\"@context\":\"https:\\\/\\\/schema.org\",\"@graph\":[{\"@type\":\"WebPage\",\"@id\":\"https:\\\/\\\/www.versiegelung24.com\\\/pt-pt\\\/bacoban-long-term-flaech-desinfeccao-puecher-50-stueck-im-flachpack-tuchformat-180-x-200mm.html\",\"url\":\"https:\\\/\\\/www.versiegelung24.com\\\/pt-pt\\\/bacoban-long-term-flaech-desinfeccao-puecher-50-stueck-im-flachpack-tuchformat-180-x-200mm.html\",\"name\":\"BACOBAN\u00ae Toalhetes de desinfec\u00e7\u00e3o de superf\u00edcies de longa dura\u00e7\u00e3o, 50 unidades numa embalagem plana - versiegelung24.com\",\"isPartOf\":{\"@id\":\"https:\\\/\\\/www.versiegelung24.com\\\/pt-pt\\\/#website\"},\"primaryImageOfPage\":{\"@id\":\"https:\\\/\\\/www.versiegelung24.com\\\/pt-pt\\\/bacoban-long-term-flaech-desinfeccao-puecher-50-stueck-im-flachpack-tuchformat-180-x-200mm.html#primaryimage\"},\"image\":{\"@id\":\"https:\\\/\\\/www.versiegelung24.com\\\/pt-pt\\\/bacoban-long-term-flaech-desinfeccao-puecher-50-stueck-im-flachpack-tuchformat-180-x-200mm.html#primaryimage\"},\"thumbnailUrl\":\"https:\\\/\\\/www.versiegelung24.com\\\/wp-content\\\/uploads\\\/2020\\\/04\\\/bacotue-produktbild-schraeg.webp\",\"datePublished\":\"2021-08-02T19:04:07+00:00\",\"dateModified\":\"2025-01-13T15:38:01+00:00\",\"breadcrumb\":{\"@id\":\"https:\\\/\\\/www.versiegelung24.com\\\/pt-pt\\\/bacoban-long-term-flaech-desinfeccao-puecher-50-stueck-im-flachpack-tuchformat-180-x-200mm.html#breadcrumb\"},\"inLanguage\":\"pt-PT\",\"potentialAction\":[{\"@type\":\"ReadAction\",\"target\":[\"https:\\\/\\\/www.versiegelung24.com\\\/pt-pt\\\/bacoban-long-term-flaech-desinfeccao-puecher-50-stueck-im-flachpack-tuchformat-180-x-200mm.html\"]}]},{\"@type\":\"ImageObject\",\"inLanguage\":\"pt-PT\",\"@id\":\"https:\\\/\\\/www.versiegelung24.com\\\/pt-pt\\\/bacoban-long-term-flaech-desinfeccao-puecher-50-stueck-im-flachpack-tuchformat-180-x-200mm.html#primaryimage\",\"url\":\"https:\\\/\\\/www.versiegelung24.com\\\/wp-content\\\/uploads\\\/2020\\\/04\\\/bacotue-produktbild-schraeg.webp\",\"contentUrl\":\"https:\\\/\\\/www.versiegelung24.com\\\/wp-content\\\/uploads\\\/2020\\\/04\\\/bacotue-produktbild-schraeg.webp\",\"width\":2000,\"height\":2000},{\"@type\":\"BreadcrumbList\",\"@id\":\"https:\\\/\\\/www.versiegelung24.com\\\/pt-pt\\\/bacoban-long-term-flaech-desinfeccao-puecher-50-stueck-im-flachpack-tuchformat-180-x-200mm.html#breadcrumb\",\"itemListElement\":[{\"@type\":\"ListItem\",\"position\":1,\"name\":\"P\u00e1gina inicial\",\"item\":\"https:\\\/\\\/www.versiegelung24.com\\\/pt-pt\\\/frente\\\/\"},{\"@type\":\"ListItem\",\"position\":2,\"name\":\"Loja\",\"item\":\"https:\\\/\\\/www.versiegelung24.com\\\/pt-pt\\\/loja\\\/\"},{\"@type\":\"ListItem\",\"position\":3,\"name\":\"BACOBAN\u00ae Toalhetes de desinfec\u00e7\u00e3o de superf\u00edcies de longa dura\u00e7\u00e3o, 50 unidades numa embalagem plana\"}]},{\"@type\":\"WebSite\",\"@id\":\"https:\\\/\\\/www.versiegelung24.com\\\/pt-pt\\\/#website\",\"url\":\"https:\\\/\\\/www.versiegelung24.com\\\/pt-pt\\\/\",\"name\":\"versiegelung24.com\",\"description\":\"Fl\u00fcssigglas-Versiegelung - Made in Germany\",\"publisher\":{\"@id\":\"https:\\\/\\\/www.versiegelung24.com\\\/pt-pt\\\/#organization\"},\"potentialAction\":[{\"@type\":\"SearchAction\",\"target\":{\"@type\":\"EntryPoint\",\"urlTemplate\":\"https:\\\/\\\/www.versiegelung24.com\\\/pt-pt\\\/?s={search_term_string}\"},\"query-input\":{\"@type\":\"PropertyValueSpecification\",\"valueRequired\":true,\"valueName\":\"search_term_string\"}}],\"inLanguage\":\"pt-PT\"},{\"@type\":\"Organization\",\"@id\":\"https:\\\/\\\/www.versiegelung24.com\\\/pt-pt\\\/#organization\",\"name\":\"versiegelung24\",\"url\":\"https:\\\/\\\/www.versiegelung24.com\\\/pt-pt\\\/\",\"logo\":{\"@type\":\"ImageObject\",\"inLanguage\":\"pt-PT\",\"@id\":\"https:\\\/\\\/www.versiegelung24.com\\\/pt-pt\\\/#\\\/schema\\\/logo\\\/image\\\/\",\"url\":\"https:\\\/\\\/www.versiegelung24.com\\\/wp-content\\\/uploads\\\/2020\\\/04\\\/versiegelung24.png\",\"contentUrl\":\"https:\\\/\\\/www.versiegelung24.com\\\/wp-content\\\/uploads\\\/2020\\\/04\\\/versiegelung24.png\",\"width\":470,\"height\":102,\"caption\":\"versiegelung24\"},\"image\":{\"@id\":\"https:\\\/\\\/www.versiegelung24.com\\\/pt-pt\\\/#\\\/schema\\\/logo\\\/image\\\/\"}}]}<\/script>\n<meta property=\"product:price:amount\" content=\"7.79\" \/>\n<meta property=\"product:price:currency\" content=\"EUR\" \/>\n<meta property=\"og:availability\" content=\"backorder\" \/>\n<meta property=\"product:availability\" content=\"available for order\" \/>\n<meta property=\"product:retailer_item_id\" content=\"BACTUE\" \/>\n<meta property=\"product:condition\" content=\"new\" \/>\n<!-- \/ Yoast SEO Premium plugin. -->","yoast_head_json":{"title":"BACOBAN\u00ae Toalhetes de desinfec\u00e7\u00e3o de superf\u00edcies de longa dura\u00e7\u00e3o, 50 unidades numa embalagem plana - versiegelung24.com","robots":{"index":"index","follow":"follow","max-snippet":"max-snippet:-1","max-image-preview":"max-image-preview:large","max-video-preview":"max-video-preview:-1"},"canonical":"https:\/\/www.versiegelung24.com\/pt-pt\/bacoban-long-term-flaech-desinfeccao-puecher-50-stueck-im-flachpack-tuchformat-180-x-200mm.html","og_locale":"pt_PT","og_type":"article","og_title":"BACOBAN\u00ae Toalhetes de desinfec\u00e7\u00e3o de superf\u00edcies de longa dura\u00e7\u00e3o, 50 unidades numa embalagem plana","og_description":"Toalhetes h\u00famidos prontos a usar para a desinfec\u00e7\u00e3o de superf\u00edcies","og_url":"https:\/\/www.versiegelung24.com\/pt-pt\/bacoban-long-term-flaech-desinfeccao-puecher-50-stueck-im-flachpack-tuchformat-180-x-200mm.html","og_site_name":"versiegelung24.com","article_modified_time":"2025-01-13T15:38:01+00:00","og_image":[{"width":2000,"height":2000,"url":"https:\/\/www.versiegelung24.com\/wp-content\/uploads\/2020\/04\/bacotue-produktbild-schraeg.webp","type":"image\/webp"}],"twitter_card":"summary_large_image","twitter_misc":{"pre\u00e7o":"7,79&euro;","Disponibilidade":"Por encomenda"},"schema":{"@context":"https:\/\/schema.org","@graph":[{"@type":"WebPage","@id":"https:\/\/www.versiegelung24.com\/pt-pt\/bacoban-long-term-flaech-desinfeccao-puecher-50-stueck-im-flachpack-tuchformat-180-x-200mm.html","url":"https:\/\/www.versiegelung24.com\/pt-pt\/bacoban-long-term-flaech-desinfeccao-puecher-50-stueck-im-flachpack-tuchformat-180-x-200mm.html","name":"BACOBAN\u00ae Toalhetes de desinfec\u00e7\u00e3o de superf\u00edcies de longa dura\u00e7\u00e3o, 50 unidades numa embalagem plana - versiegelung24.com","isPartOf":{"@id":"https:\/\/www.versiegelung24.com\/pt-pt\/#website"},"primaryImageOfPage":{"@id":"https:\/\/www.versiegelung24.com\/pt-pt\/bacoban-long-term-flaech-desinfeccao-puecher-50-stueck-im-flachpack-tuchformat-180-x-200mm.html#primaryimage"},"image":{"@id":"https:\/\/www.versiegelung24.com\/pt-pt\/bacoban-long-term-flaech-desinfeccao-puecher-50-stueck-im-flachpack-tuchformat-180-x-200mm.html#primaryimage"},"thumbnailUrl":"https:\/\/www.versiegelung24.com\/wp-content\/uploads\/2020\/04\/bacotue-produktbild-schraeg.webp","datePublished":"2021-08-02T19:04:07+00:00","dateModified":"2025-01-13T15:38:01+00:00","breadcrumb":{"@id":"https:\/\/www.versiegelung24.com\/pt-pt\/bacoban-long-term-flaech-desinfeccao-puecher-50-stueck-im-flachpack-tuchformat-180-x-200mm.html#breadcrumb"},"inLanguage":"pt-PT","potentialAction":[{"@type":"ReadAction","target":["https:\/\/www.versiegelung24.com\/pt-pt\/bacoban-long-term-flaech-desinfeccao-puecher-50-stueck-im-flachpack-tuchformat-180-x-200mm.html"]}]},{"@type":"ImageObject","inLanguage":"pt-PT","@id":"https:\/\/www.versiegelung24.com\/pt-pt\/bacoban-long-term-flaech-desinfeccao-puecher-50-stueck-im-flachpack-tuchformat-180-x-200mm.html#primaryimage","url":"https:\/\/www.versiegelung24.com\/wp-content\/uploads\/2020\/04\/bacotue-produktbild-schraeg.webp","contentUrl":"https:\/\/www.versiegelung24.com\/wp-content\/uploads\/2020\/04\/bacotue-produktbild-schraeg.webp","width":2000,"height":2000},{"@type":"BreadcrumbList","@id":"https:\/\/www.versiegelung24.com\/pt-pt\/bacoban-long-term-flaech-desinfeccao-puecher-50-stueck-im-flachpack-tuchformat-180-x-200mm.html#breadcrumb","itemListElement":[{"@type":"ListItem","position":1,"name":"P\u00e1gina inicial","item":"https:\/\/www.versiegelung24.com\/pt-pt\/frente\/"},{"@type":"ListItem","position":2,"name":"Loja","item":"https:\/\/www.versiegelung24.com\/pt-pt\/loja\/"},{"@type":"ListItem","position":3,"name":"BACOBAN\u00ae Toalhetes de desinfec\u00e7\u00e3o de superf\u00edcies de longa dura\u00e7\u00e3o, 50 unidades numa embalagem plana"}]},{"@type":"WebSite","@id":"https:\/\/www.versiegelung24.com\/pt-pt\/#website","url":"https:\/\/www.versiegelung24.com\/pt-pt\/","name":"versiegelung24.com","description":"Fl\u00fcssigglas-Versiegelung - Made in Germany","publisher":{"@id":"https:\/\/www.versiegelung24.com\/pt-pt\/#organization"},"potentialAction":[{"@type":"SearchAction","target":{"@type":"EntryPoint","urlTemplate":"https:\/\/www.versiegelung24.com\/pt-pt\/?s={search_term_string}"},"query-input":{"@type":"PropertyValueSpecification","valueRequired":true,"valueName":"search_term_string"}}],"inLanguage":"pt-PT"},{"@type":"Organization","@id":"https:\/\/www.versiegelung24.com\/pt-pt\/#organization","name":"versiegelung24","url":"https:\/\/www.versiegelung24.com\/pt-pt\/","logo":{"@type":"ImageObject","inLanguage":"pt-PT","@id":"https:\/\/www.versiegelung24.com\/pt-pt\/#\/schema\/logo\/image\/","url":"https:\/\/www.versiegelung24.com\/wp-content\/uploads\/2020\/04\/versiegelung24.png","contentUrl":"https:\/\/www.versiegelung24.com\/wp-content\/uploads\/2020\/04\/versiegelung24.png","width":470,"height":102,"caption":"versiegelung24"},"image":{"@id":"https:\/\/www.versiegelung24.com\/pt-pt\/#\/schema\/logo\/image\/"}}]},"product_price_amount":"7.79","product_price_currency":"EUR","og_availability":"backorder","product_availability":"available for order","product_retailer_item_id":"BACTUE","product_condition":"new"},"_links":{"self":[{"href":"https:\/\/www.versiegelung24.com\/pt-pt\/wp-json\/wp\/v2\/product\/22837","targetHints":{"allow":["GET"]}}],"collection":[{"href":"https:\/\/www.versiegelung24.com\/pt-pt\/wp-json\/wp\/v2\/product"}],"about":[{"href":"https:\/\/www.versiegelung24.com\/pt-pt\/wp-json\/wp\/v2\/types\/product"}],"version-history":[{"count":17,"href":"https:\/\/www.versiegelung24.com\/pt-pt\/wp-json\/wp\/v2\/product\/22837\/revisions"}],"predecessor-version":[{"id":180567,"href":"https:\/\/www.versiegelung24.com\/pt-pt\/wp-json\/wp\/v2\/product\/22837\/revisions\/180567"}],"wp:featuredmedia":[{"embeddable":true,"href":"https:\/\/www.versiegelung24.com\/pt-pt\/wp-json\/wp\/v2\/media\/176470"}],"wp:attachment":[{"href":"https:\/\/www.versiegelung24.com\/pt-pt\/wp-json\/wp\/v2\/media?parent=22837"}],"wp:term":[{"taxonomy":"product_brand","embeddable":true,"href":"https:\/\/www.versiegelung24.com\/pt-pt\/wp-json\/wp\/v2\/product_brand?post=22837"},{"taxonomy":"product_cat","embeddable":true,"href":"https:\/\/www.versiegelung24.com\/pt-pt\/wp-json\/wp\/v2\/product_cat?post=22837"},{"taxonomy":"product_tag","embeddable":true,"href":"https:\/\/www.versiegelung24.com\/pt-pt\/wp-json\/wp\/v2\/product_tag?post=22837"}],"curies":[{"name":"wp","href":"https:\/\/api.w.org\/{rel}","templated":true}]}}