{"id":22862,"date":"2020-04-04T18:53:11","date_gmt":"2021-08-02T19:05:21","guid":{"rendered":"https:\/\/www.versiegelung24.com\/produkt\/vedacao-textil-em-qualidade-profissional"},"modified":"2025-01-03T23:26:02","modified_gmt":"2025-01-03T22:26:02","slug":"selagem-de-texteis-de-qualidade-profissional","status":"publish","type":"product","link":"https:\/\/www.versiegelung24.com\/pt-pt\/vedacao-textil-em-qualidade-profissional.html","title":{"rendered":"Rapid Tex &#8211; Selagem de t\u00eaxteis com qualidade profissional"},"content":{"rendered":"\n<p><strong>Selante t\u00eaxtil profissional com efeito l\u00f3tus (repelente de \u00e1gua) para utiliza\u00e7\u00e3o em interiores e exteriores.<\/strong><\/p>\n\n<p>De alta qualidade Made in Germany.<\/p>\n\n<hr\/>\n\n<h4 class=\"wp-block-heading\" id=\"properties\">Caracter\u00edsticas do produto<\/h4>\n\n<div class=\"wp-block-columns is-layout-flex wp-container-core-columns-is-layout-9d6595d7 wp-block-columns-is-layout-flex\">\n<div class=\"wp-block-column is-layout-flow wp-block-column-is-layout-flow\">\n<ul class=\"wp-block-list\">\n<li>Forte efeito hidrof\u00f3bico e oleof\u00f3bico (repel\u00eancia \u00e0 \u00e1gua e ao \u00f3leo)<\/li>\n\n\n\n<li>Excelente efeito de limpeza f\u00e1cil<\/li>\n\n\n\n<li>As impurezas podem ser facilmente removidas com um pano h\u00famido<\/li>\n\n\n\n<li>Respir\u00e1vel<\/li>\n\n\n\n<li>Invis\u00edvel (sem altera\u00e7\u00e3o do aspecto)<\/li>\n\n\n\n<li>Propriedades anti-aderentes fortes<\/li>\n\n\n\n<li>Protec\u00e7\u00e3o contra manchas<\/li>\n\n\n\n<li>Reduz a utiliza\u00e7\u00e3o de produtos de limpeza qu\u00edmicos<\/li>\n<\/ul>\n<\/div>\n\n\n\n<div class=\"wp-block-column is-layout-flow wp-block-column-is-layout-flow\">\n<ul id=\"block-f0be9b0c-a029-4c3c-a6e1-740fba50b471\" class=\"wp-block-list\">\n<li>Aumenta a resist\u00eancia ao desgaste<\/li>\n\n\n\n<li>N\u00e3o h\u00e1 comprometimento da apar\u00eancia<\/li>\n\n\n\n<li>Nano tecnologia SiO\u00b2<\/li>\n\n\n\n<li>Protec\u00e7\u00e3o das fibras contra a penetra\u00e7\u00e3o de part\u00edculas de sujidade<\/li>\n\n\n\n<li>F\u00e1cil de usar<\/li>\n\n\n\n<li>Longa durabilidade em fun\u00e7\u00e3o da carga mec\u00e2nica<\/li>\n<\/ul>\n\n\n\n<p><br\/><br\/>\u00c2mbito de fornecimento: 1 x garrafa de litro 1 x cabe\u00e7a de pulveriza\u00e7\u00e3o da bomba<br\/><\/p>\n<\/div>\n<\/div>\n\n<hr\/>\n\n<h4 class=\"wp-block-heading\" id=\"application\">Aplica\u00e7\u00e3o<\/h4>\n\n<div class=\"wp-block-columns is-layout-flex wp-container-core-columns-is-layout-9d6595d7 wp-block-columns-is-layout-flex\">\n<div class=\"wp-block-column is-layout-flow wp-block-column-is-layout-flow\">\n<ul class=\"wp-block-list\">\n<li>Roupa<\/li>\n\n\n\n<li>T\u00eaxteis-lar (estofos, mobili\u00e1rio, tapetes)<\/li>\n\n\n\n<li>Camur\u00e7a \/ Couro<\/li>\n\n\n\n<li>Papel, cart\u00e3o<\/li>\n<\/ul>\n\n\n\n<p>O consumo depende muito da estrutura, da absor\u00e7\u00e3o e da espessura do material a revestir, cerca de 10-50 m\u00b2 \/ litro (cerca de 10ml\/m\u00b2 por mm de espessura consoante a absor\u00e7\u00e3o).<\/p>\n<\/div>\n\n\n\n<div class=\"wp-block-column is-layout-flow wp-block-column-is-layout-flow\">\n<p><em>Aten\u00e7\u00e3o: O vedante foi desenvolvido para t\u00eaxteis que nunca ou raramente s\u00e3o lavados. A durabilidade do selo em pe\u00e7as de vestu\u00e1rio que s\u00e3o lavadas regularmente \u00e9 de at\u00e9 5 lavagens, no m\u00e1ximo. 30\u00b0C e lavagem apenas com \u00e1gua, sem detergente.<\/em><\/p>\n\n\n\n<p><br\/><br\/>F\u00e1cil de aplicar: 1. pulverizar sobre uma superf\u00edcie limpa. 3. deixar secar e absorver durante 12 horas &#8211; acabado<\/p>\n\n\n\n<p>Durabilidade: at\u00e9 1-5 anos (dependendo do tecido)<\/p>\n<\/div>\n<\/div>\n\n<p><strong>Adequado para:<\/strong><br\/>M\u00f3veis estofados, colch\u00f5es, coberturas de tecido, assentos de autom\u00f3veis, tendas, vestu\u00e1rio de lazer e de trabalho, fatos, camisas\/blusas, gravatas, toldos, t\u00eaxteis para o lar, casacos, camur\u00e7a (apenas se n\u00e3o for previamente revestida), vestu\u00e1rio de aventura, pastas, anoraques, Fato, capota de autom\u00f3vel, algod\u00e3o, cortinas, luvas de tecido, estores de tecido, cadeiras de crian\u00e7a, carrinhos de beb\u00e9, almofadas, fatos de tecido, ripas de tecido, pele napa, casacos, chap\u00e9us, peluches, mochilas, casacos, seda, guarda-s\u00f3is, brinquedos de tecido, toalhas de mesa e muito mais.<\/p>\n","protected":false},"excerpt":{"rendered":"<p><strong>Selante t\u00eaxtil profissional:<\/strong><\/p>\n<p>Com efeito l\u00f3tus (repel\u00eancia \u00e0 \u00e1gua)<\/p>\n<p>Para utiliza\u00e7\u00e3o no interior e no exterior<\/p>\n","protected":false},"featured_media":125357,"template":"","meta":{"_acf_changed":false,"neve_meta_sidebar":"","neve_meta_container":"","neve_meta_enable_content_width":"","neve_meta_content_width":0,"neve_meta_title_alignment":"","neve_meta_author_avatar":"","neve_post_elements_order":"","neve_meta_disable_header":"","neve_meta_disable_footer":"","neve_meta_disable_title":"","neve_meta_reading_time":"","_surfaces":[],"_ver_product_tabs":[],"footnotes":""},"product_brand":[],"product_cat":[2321],"product_tag":[],"class_list":{"0":"post-22862","1":"product","2":"type-product","3":"status-publish","4":"has-post-thumbnail","6":"product_cat-selo-de-couro-e-textil","8":"first","9":"instock","10":"taxable","11":"shipping-taxable","12":"purchasable","13":"product-type-simple"},"acf":[],"yoast_head":"<!-- This site is optimized with the Yoast SEO Premium plugin v22.8 (Yoast SEO v27.4) - https:\/\/yoast.com\/product\/yoast-seo-premium-wordpress\/ -->\n<title>Rapid Tex - Selagem de t\u00eaxteis com qualidade profissional - versiegelung24.com<\/title>\n<meta name=\"robots\" content=\"index, follow, max-snippet:-1, max-image-preview:large, max-video-preview:-1\" \/>\n<link rel=\"canonical\" href=\"https:\/\/www.versiegelung24.com\/pt-pt\/vedacao-textil-em-qualidade-profissional.html\" \/>\n<meta property=\"og:locale\" content=\"pt_PT\" \/>\n<meta property=\"og:type\" content=\"article\" \/>\n<meta property=\"og:title\" content=\"Rapid Tex - Selagem de t\u00eaxteis com qualidade profissional\" \/>\n<meta property=\"og:description\" content=\"Selante t\u00eaxtil profissional: Com efeito l\u00f3tus (repel\u00eancia \u00e0 \u00e1gua) Para utiliza\u00e7\u00e3o no interior e no exterior\" \/>\n<meta property=\"og:url\" content=\"https:\/\/www.versiegelung24.com\/pt-pt\/vedacao-textil-em-qualidade-profissional.html\" \/>\n<meta property=\"og:site_name\" content=\"versiegelung24.com\" \/>\n<meta property=\"article:modified_time\" content=\"2025-01-03T22:26:02+00:00\" \/>\n<meta property=\"og:image\" content=\"https:\/\/www.versiegelung24.com\/wp-content\/uploads\/2020\/04\/produkt-6000-689-1000-rapid-tex-Textilversiegelung-scaled.webp\" \/>\n\t<meta property=\"og:image:width\" content=\"2560\" \/>\n\t<meta property=\"og:image:height\" content=\"2560\" \/>\n\t<meta property=\"og:image:type\" content=\"image\/webp\" \/>\n<meta name=\"twitter:card\" content=\"summary_large_image\" \/>\n<meta name=\"twitter:label1\" content=\"pre\u00e7o\" \/>\n\t<meta name=\"twitter:data1\" content=\"49,00&euro;\" \/>\n\t<meta name=\"twitter:label2\" content=\"Disponibilidade\" \/>\n\t<meta name=\"twitter:data2\" content=\"Em stock\" \/>\n<script type=\"application\/ld+json\" class=\"yoast-schema-graph\">{\"@context\":\"https:\\\/\\\/schema.org\",\"@graph\":[{\"@type\":\"WebPage\",\"@id\":\"https:\\\/\\\/www.versiegelung24.com\\\/pt-pt\\\/vedacao-textil-em-qualidade-profissional.html\",\"url\":\"https:\\\/\\\/www.versiegelung24.com\\\/pt-pt\\\/vedacao-textil-em-qualidade-profissional.html\",\"name\":\"Rapid Tex - Selagem de t\u00eaxteis com qualidade profissional - versiegelung24.com\",\"isPartOf\":{\"@id\":\"https:\\\/\\\/www.versiegelung24.com\\\/pt-pt\\\/#website\"},\"primaryImageOfPage\":{\"@id\":\"https:\\\/\\\/www.versiegelung24.com\\\/pt-pt\\\/vedacao-textil-em-qualidade-profissional.html#primaryimage\"},\"image\":{\"@id\":\"https:\\\/\\\/www.versiegelung24.com\\\/pt-pt\\\/vedacao-textil-em-qualidade-profissional.html#primaryimage\"},\"thumbnailUrl\":\"https:\\\/\\\/www.versiegelung24.com\\\/wp-content\\\/uploads\\\/2020\\\/04\\\/produkt-6000-689-1000-rapid-tex-Textilversiegelung-scaled.webp\",\"datePublished\":\"2021-08-02T19:05:21+00:00\",\"dateModified\":\"2025-01-03T22:26:02+00:00\",\"breadcrumb\":{\"@id\":\"https:\\\/\\\/www.versiegelung24.com\\\/pt-pt\\\/vedacao-textil-em-qualidade-profissional.html#breadcrumb\"},\"inLanguage\":\"pt-PT\",\"potentialAction\":[{\"@type\":\"ReadAction\",\"target\":[\"https:\\\/\\\/www.versiegelung24.com\\\/pt-pt\\\/vedacao-textil-em-qualidade-profissional.html\"]}]},{\"@type\":\"ImageObject\",\"inLanguage\":\"pt-PT\",\"@id\":\"https:\\\/\\\/www.versiegelung24.com\\\/pt-pt\\\/vedacao-textil-em-qualidade-profissional.html#primaryimage\",\"url\":\"https:\\\/\\\/www.versiegelung24.com\\\/wp-content\\\/uploads\\\/2020\\\/04\\\/produkt-6000-689-1000-rapid-tex-Textilversiegelung-scaled.webp\",\"contentUrl\":\"https:\\\/\\\/www.versiegelung24.com\\\/wp-content\\\/uploads\\\/2020\\\/04\\\/produkt-6000-689-1000-rapid-tex-Textilversiegelung-scaled.webp\",\"width\":2560,\"height\":2560},{\"@type\":\"BreadcrumbList\",\"@id\":\"https:\\\/\\\/www.versiegelung24.com\\\/pt-pt\\\/vedacao-textil-em-qualidade-profissional.html#breadcrumb\",\"itemListElement\":[{\"@type\":\"ListItem\",\"position\":1,\"name\":\"P\u00e1gina inicial\",\"item\":\"https:\\\/\\\/www.versiegelung24.com\\\/pt-pt\\\/frente\\\/\"},{\"@type\":\"ListItem\",\"position\":2,\"name\":\"Loja\",\"item\":\"https:\\\/\\\/www.versiegelung24.com\\\/pt-pt\\\/loja\\\/\"},{\"@type\":\"ListItem\",\"position\":3,\"name\":\"Rapid Tex &#8211; Selagem de t\u00eaxteis com qualidade profissional\"}]},{\"@type\":\"WebSite\",\"@id\":\"https:\\\/\\\/www.versiegelung24.com\\\/pt-pt\\\/#website\",\"url\":\"https:\\\/\\\/www.versiegelung24.com\\\/pt-pt\\\/\",\"name\":\"versiegelung24.com\",\"description\":\"Fl\u00fcssigglas-Versiegelung - Made in Germany\",\"publisher\":{\"@id\":\"https:\\\/\\\/www.versiegelung24.com\\\/pt-pt\\\/#organization\"},\"potentialAction\":[{\"@type\":\"SearchAction\",\"target\":{\"@type\":\"EntryPoint\",\"urlTemplate\":\"https:\\\/\\\/www.versiegelung24.com\\\/pt-pt\\\/?s={search_term_string}\"},\"query-input\":{\"@type\":\"PropertyValueSpecification\",\"valueRequired\":true,\"valueName\":\"search_term_string\"}}],\"inLanguage\":\"pt-PT\"},{\"@type\":\"Organization\",\"@id\":\"https:\\\/\\\/www.versiegelung24.com\\\/pt-pt\\\/#organization\",\"name\":\"versiegelung24\",\"url\":\"https:\\\/\\\/www.versiegelung24.com\\\/pt-pt\\\/\",\"logo\":{\"@type\":\"ImageObject\",\"inLanguage\":\"pt-PT\",\"@id\":\"https:\\\/\\\/www.versiegelung24.com\\\/pt-pt\\\/#\\\/schema\\\/logo\\\/image\\\/\",\"url\":\"https:\\\/\\\/www.versiegelung24.com\\\/wp-content\\\/uploads\\\/2020\\\/04\\\/versiegelung24.png\",\"contentUrl\":\"https:\\\/\\\/www.versiegelung24.com\\\/wp-content\\\/uploads\\\/2020\\\/04\\\/versiegelung24.png\",\"width\":470,\"height\":102,\"caption\":\"versiegelung24\"},\"image\":{\"@id\":\"https:\\\/\\\/www.versiegelung24.com\\\/pt-pt\\\/#\\\/schema\\\/logo\\\/image\\\/\"}}]}<\/script>\n<meta property=\"product:price:amount\" content=\"49.00\" \/>\n<meta property=\"product:price:currency\" content=\"EUR\" \/>\n<meta property=\"og:availability\" content=\"instock\" \/>\n<meta property=\"product:availability\" content=\"instock\" \/>\n<meta property=\"product:retailer_item_id\" content=\"6000-689-1000\" \/>\n<meta property=\"product:condition\" content=\"new\" \/>\n<!-- \/ Yoast SEO Premium plugin. -->","yoast_head_json":{"title":"Rapid Tex - Selagem de t\u00eaxteis com qualidade profissional - versiegelung24.com","robots":{"index":"index","follow":"follow","max-snippet":"max-snippet:-1","max-image-preview":"max-image-preview:large","max-video-preview":"max-video-preview:-1"},"canonical":"https:\/\/www.versiegelung24.com\/pt-pt\/vedacao-textil-em-qualidade-profissional.html","og_locale":"pt_PT","og_type":"article","og_title":"Rapid Tex - Selagem de t\u00eaxteis com qualidade profissional","og_description":"Selante t\u00eaxtil profissional: Com efeito l\u00f3tus (repel\u00eancia \u00e0 \u00e1gua) Para utiliza\u00e7\u00e3o no interior e no exterior","og_url":"https:\/\/www.versiegelung24.com\/pt-pt\/vedacao-textil-em-qualidade-profissional.html","og_site_name":"versiegelung24.com","article_modified_time":"2025-01-03T22:26:02+00:00","og_image":[{"width":2560,"height":2560,"url":"https:\/\/www.versiegelung24.com\/wp-content\/uploads\/2020\/04\/produkt-6000-689-1000-rapid-tex-Textilversiegelung-scaled.webp","type":"image\/webp"}],"twitter_card":"summary_large_image","twitter_misc":{"pre\u00e7o":"49,00&euro;","Disponibilidade":"Em stock"},"schema":{"@context":"https:\/\/schema.org","@graph":[{"@type":"WebPage","@id":"https:\/\/www.versiegelung24.com\/pt-pt\/vedacao-textil-em-qualidade-profissional.html","url":"https:\/\/www.versiegelung24.com\/pt-pt\/vedacao-textil-em-qualidade-profissional.html","name":"Rapid Tex - Selagem de t\u00eaxteis com qualidade profissional - versiegelung24.com","isPartOf":{"@id":"https:\/\/www.versiegelung24.com\/pt-pt\/#website"},"primaryImageOfPage":{"@id":"https:\/\/www.versiegelung24.com\/pt-pt\/vedacao-textil-em-qualidade-profissional.html#primaryimage"},"image":{"@id":"https:\/\/www.versiegelung24.com\/pt-pt\/vedacao-textil-em-qualidade-profissional.html#primaryimage"},"thumbnailUrl":"https:\/\/www.versiegelung24.com\/wp-content\/uploads\/2020\/04\/produkt-6000-689-1000-rapid-tex-Textilversiegelung-scaled.webp","datePublished":"2021-08-02T19:05:21+00:00","dateModified":"2025-01-03T22:26:02+00:00","breadcrumb":{"@id":"https:\/\/www.versiegelung24.com\/pt-pt\/vedacao-textil-em-qualidade-profissional.html#breadcrumb"},"inLanguage":"pt-PT","potentialAction":[{"@type":"ReadAction","target":["https:\/\/www.versiegelung24.com\/pt-pt\/vedacao-textil-em-qualidade-profissional.html"]}]},{"@type":"ImageObject","inLanguage":"pt-PT","@id":"https:\/\/www.versiegelung24.com\/pt-pt\/vedacao-textil-em-qualidade-profissional.html#primaryimage","url":"https:\/\/www.versiegelung24.com\/wp-content\/uploads\/2020\/04\/produkt-6000-689-1000-rapid-tex-Textilversiegelung-scaled.webp","contentUrl":"https:\/\/www.versiegelung24.com\/wp-content\/uploads\/2020\/04\/produkt-6000-689-1000-rapid-tex-Textilversiegelung-scaled.webp","width":2560,"height":2560},{"@type":"BreadcrumbList","@id":"https:\/\/www.versiegelung24.com\/pt-pt\/vedacao-textil-em-qualidade-profissional.html#breadcrumb","itemListElement":[{"@type":"ListItem","position":1,"name":"P\u00e1gina inicial","item":"https:\/\/www.versiegelung24.com\/pt-pt\/frente\/"},{"@type":"ListItem","position":2,"name":"Loja","item":"https:\/\/www.versiegelung24.com\/pt-pt\/loja\/"},{"@type":"ListItem","position":3,"name":"Rapid Tex &#8211; Selagem de t\u00eaxteis com qualidade profissional"}]},{"@type":"WebSite","@id":"https:\/\/www.versiegelung24.com\/pt-pt\/#website","url":"https:\/\/www.versiegelung24.com\/pt-pt\/","name":"versiegelung24.com","description":"Fl\u00fcssigglas-Versiegelung - Made in Germany","publisher":{"@id":"https:\/\/www.versiegelung24.com\/pt-pt\/#organization"},"potentialAction":[{"@type":"SearchAction","target":{"@type":"EntryPoint","urlTemplate":"https:\/\/www.versiegelung24.com\/pt-pt\/?s={search_term_string}"},"query-input":{"@type":"PropertyValueSpecification","valueRequired":true,"valueName":"search_term_string"}}],"inLanguage":"pt-PT"},{"@type":"Organization","@id":"https:\/\/www.versiegelung24.com\/pt-pt\/#organization","name":"versiegelung24","url":"https:\/\/www.versiegelung24.com\/pt-pt\/","logo":{"@type":"ImageObject","inLanguage":"pt-PT","@id":"https:\/\/www.versiegelung24.com\/pt-pt\/#\/schema\/logo\/image\/","url":"https:\/\/www.versiegelung24.com\/wp-content\/uploads\/2020\/04\/versiegelung24.png","contentUrl":"https:\/\/www.versiegelung24.com\/wp-content\/uploads\/2020\/04\/versiegelung24.png","width":470,"height":102,"caption":"versiegelung24"},"image":{"@id":"https:\/\/www.versiegelung24.com\/pt-pt\/#\/schema\/logo\/image\/"}}]},"product_price_amount":"49.00","product_price_currency":"EUR","og_availability":"instock","product_availability":"instock","product_retailer_item_id":"6000-689-1000","product_condition":"new"},"_links":{"self":[{"href":"https:\/\/www.versiegelung24.com\/pt-pt\/wp-json\/wp\/v2\/product\/22862","targetHints":{"allow":["GET"]}}],"collection":[{"href":"https:\/\/www.versiegelung24.com\/pt-pt\/wp-json\/wp\/v2\/product"}],"about":[{"href":"https:\/\/www.versiegelung24.com\/pt-pt\/wp-json\/wp\/v2\/types\/product"}],"version-history":[{"count":14,"href":"https:\/\/www.versiegelung24.com\/pt-pt\/wp-json\/wp\/v2\/product\/22862\/revisions"}],"predecessor-version":[{"id":174344,"href":"https:\/\/www.versiegelung24.com\/pt-pt\/wp-json\/wp\/v2\/product\/22862\/revisions\/174344"}],"wp:featuredmedia":[{"embeddable":true,"href":"https:\/\/www.versiegelung24.com\/pt-pt\/wp-json\/wp\/v2\/media\/125357"}],"wp:attachment":[{"href":"https:\/\/www.versiegelung24.com\/pt-pt\/wp-json\/wp\/v2\/media?parent=22862"}],"wp:term":[{"taxonomy":"product_brand","embeddable":true,"href":"https:\/\/www.versiegelung24.com\/pt-pt\/wp-json\/wp\/v2\/product_brand?post=22862"},{"taxonomy":"product_cat","embeddable":true,"href":"https:\/\/www.versiegelung24.com\/pt-pt\/wp-json\/wp\/v2\/product_cat?post=22862"},{"taxonomy":"product_tag","embeddable":true,"href":"https:\/\/www.versiegelung24.com\/pt-pt\/wp-json\/wp\/v2\/product_tag?post=22862"}],"curies":[{"name":"wp","href":"https:\/\/api.w.org\/{rel}","templated":true}]}}