{"id":22941,"date":"2020-04-04T18:53:16","date_gmt":"2021-08-02T19:08:39","guid":{"rendered":"https:\/\/www.versiegelung24.com\/produkt\/1-litro-de-concentrado-bacoban-para-100-litros-de-desinfecao-superficial-a-longo-prazo"},"modified":"2025-01-13T16:36:06","modified_gmt":"2025-01-13T15:36:06","slug":"bacoban-langzeit-flaechendesinfektion-konzentrat","status":"publish","type":"product","link":"https:\/\/www.versiegelung24.com\/pt-pt\/concentrado-de-desinfecao-bacobana-a-longo-prazo.html","title":{"rendered":"1 litro de concentrado BACOBAN\u00ae para 100 litros de desinfe\u00e7\u00e3o de longa dura\u00e7\u00e3o de superf\u00edcies"},"content":{"rendered":"\n<h2 class=\"wp-block-heading\" id=\"1-liter-flasche-bacoban-langzeit-flachendesinfektion-konzentrat\">Garrafa de 1 litro de BACOBAN\u00ae concentrado desinfetante de longa dura\u00e7\u00e3o para superf\u00edcies<\/h2>\n\n<p><strong>Suficiente para 100 litros de desinfetante (dilu\u00eddo a 1:100 com \u00e1gua)<\/strong><\/p>\n\n<p><strong>Utilizar desinfectantes com cuidado. Ler sempre o r\u00f3tulo e as informa\u00e7\u00f5es sobre o produto antes de o utilizar.<\/strong><\/p>\n\n<hr \/>\n\n<h4 class=\"wp-block-heading\" id=\"properties\">Caracter\u00edsticas do produto<\/h4>\n\n<ul class=\"wp-block-list\"><li><br \/>Efeito antimicrobiano duradouro (efeito de reman\u00eancia) at\u00e9 10 dias<\/li><li>Lista VAH<\/li><li>eficaz contra o coronav\u00edrus<\/li><li>Muito boa compatibilidade com a pele<\/li><li>elevado efeito de limpeza<\/li><li>Aplica\u00e7\u00e3o pr\u00e1tica testada no ensaio de 4 campos<\/li><\/ul>\n\n<p><strong>Bacoban\u00aeWB<\/strong> \u00e9 um concentrado \u00e0 base de \u00e1gua para a desinfe\u00e7\u00e3o e limpeza combinadas de invent\u00e1rio e pavimentos com um efeito antimicrobiano duradouro (efeito de reman\u00eancia).<\/p>\n\n<hr \/>\n\n<h4 class=\"wp-block-heading\" id=\"application\">Aplica\u00e7\u00e3o<\/h4>\n\n<h3 class=\"wp-block-heading\" id=\"gebrauch\">Utiliza\u00e7\u00e3o<\/h3>\n\n<p>Prepara uma solu\u00e7\u00e3o pronta a usar de <strong>Bacoban\u00aeWB<\/strong> de acordo com a tabela de mistura e molha suficientemente as superf\u00edcies. N\u00e3o enxaguar nem esfregar para secar. Tempo de repouso da solu\u00e7\u00e3o de trabalho recentemente preparada: 8 horas<\/p>\n\n<figure class=\"wp-block-table\"><table><tbody><tr><td>Mesa de mistura<\/td><\/tr><tr><td>Volume final<\/td><td>0,5 %<\/td><td>1 %<\/td><td>2 %<\/td><td>3 %<\/td><\/tr><tr><td>1 litro<\/td><td>5 ml<\/td><td>10 ml<\/td><td>20 ml<\/td><td>30 ml<\/td><\/tr><tr><td>2 litros<\/td><td>10 ml<\/td><td>20 ml<\/td><td>40 ml<\/td><td>60 ml<\/td><\/tr><tr><td>4 litros<\/td><td>20 ml<\/td><td>40 ml<\/td><td>80 ml<\/td><td>120 ml<\/td><\/tr><tr><td>8 litros<\/td><td>40 ml<\/td><td>80 ml<\/td><td>160 ml<\/td><td>240 ml<\/td><\/tr><tr><td>10 litros<\/td><td>50 ml<\/td><td>100 ml<\/td><td>200 ml<\/td><td>300 ml<\/td><\/tr><\/tbody><\/table><\/figure>\n\n<p><br \/>Efeito antimicrobiano duradouro <strong>(efeito de reman\u00eancia)<\/strong> at\u00e9 <strong>10 dias<\/strong> (testado em conformidade com a norma ASTM E 2180). Testado dermatologicamente (*a 1%): muito boa compatibilidade com a pele.<\/p>\n\n<h3 class=\"wp-block-heading\" id=\"lagerung\">Armazenamento<\/h3>\n\n<p>Armazena <strong>o Bacoban\u00aeWB<\/strong> entre +5 e +25\u00b0C. Proteger do gelo e da luz solar directa.<\/p>\n\n<hr \/>\n\n<h4 class=\"wp-block-heading\" id=\"advisor\">Conselheiro<\/h4>\n\n<h3 class=\"wp-block-heading\" id=\"gutachten\">Opini\u00e3o de peritos<\/h3>\n\n<p>Os nossos produtos s\u00e3o testados exaustivamente. Teremos todo o gosto em fornecer-lhe os nossos relat\u00f3rios microbiol\u00f3gicos e dermatol\u00f3gicos a pedido.<\/p>\n\n<h3 class=\"wp-block-heading\" id=\"sicherheitshinweis\">Nota de seguran\u00e7a<\/h3>\n\n<p>Ficha de dados de seguran\u00e7a dispon\u00edvel a pedido.<\/p>\n\n<p><strong>Importante<\/strong>! O efeito antimicrobiano remanescente do <strong>Bacoban\u00aeWB<\/strong> n\u00e3o deve levar \u00e0 omiss\u00e3o das medidas de desinfe\u00e7\u00e3o necess\u00e1rias em caso de contamina\u00e7\u00e3o vis\u00edvel e\/ou question\u00e1vel!<\/p>\n\n<p>O seguro de responsabilidade civil das empresas prev\u00ea o uso de luvas para a manipula\u00e7\u00e3o de desinfectantes. Nocivo por ingest\u00e3o. Provoca queimaduras graves na pele e les\u00f5es oculares. Muito t\u00f3xico para os organismos aqu\u00e1ticos. T\u00f3xico para os organismos aqu\u00e1ticos, com efeitos duradouros. N\u00e3o comer, beber ou fumar durante a utiliza\u00e7\u00e3o do produto. EM CASO DE INGEST\u00c3O: Enxaguar a boca. N\u00c3O induzir o v\u00f3mito. EM CASO DE CONTACTO COM A PELE (ou o cabelo): Retirar imediatamente toda a roupa contaminada. Enxaguar a pele com \u00e1gua\/chuveiro. SE ENTRAR EM CONTACTO COM OS OLHOS: Enxaguar cuidadosamente com \u00e1gua durante v\u00e1rios minutos. Remover as lentes de contacto existentes, se poss\u00edvel. Continuar a enxaguar. Contactar imediatamente um CENTRO DE INFORMA\u00c7\u00c3O ANTIVENENOS ou um m\u00e9dico. Se for necess\u00e1rio aconselhamento m\u00e9dico, ter a embalagem ou o r\u00f3tulo \u00e0 m\u00e3o. <br \/>Mant\u00e9m fora do alcance das crian\u00e7as. Utiliza apenas com \u00e1gua e de acordo com a tabela de mistura. N\u00e3o utilizar com outros produtos de limpeza ou desinfectantes.<\/p>\n\n<p>Pode ser utilizado em todas as superf\u00edcies. Para superf\u00edcies questionavelmente sens\u00edveis, recomendamos um teste de resist\u00eancia numa \u00e1rea discreta. Conservar apenas num recipiente fechado. Conservar num local fresco e seco.<\/p>\n\n<p>O contentor s\u00f3 pode ser reciclado quando estiver completamente vazio. N\u00e3o utilizar ap\u00f3s o prazo de validade. Eliminar de acordo com os regulamentos locais e oficiais.<\/p>\n\n<p>N.\u00ba de registo do biocida: N-28795 (D). 263\/17\/L (Lu)<\/p>\n\n<p>A solu\u00e7\u00e3o <strong>pronta a usar<\/strong>, de acordo com a tabela de mistura, n\u00e3o requer um s\u00edmbolo de perigo.<\/p>\n\n<h3 class=\"wp-block-heading\" id=\"zusammensetzung\">Composi\u00e7\u00e3o<\/h3>\n\n<p>100 g de solu\u00e7\u00e3o cont\u00e9m: Cloreto de benzalc\u00f3nio 26 g, piritionato de s\u00f3dio 2,5 g, policondensados, fragr\u00e2ncias, \u00e1gua purificada. Ingredientes de acordo com o Regulamento (CE) n.\u00ba 648\/2004: 15% ou mais, mas menos de 30% de tensioactivos cati\u00f3nicos, desinfectantes, fragr\u00e2ncia (linalol, limoneno, citral, geraniol, citronelol).<br \/>Sem formalde\u00eddo, sem fenol.<\/p>\n\n<figure class=\"wp-block-table\"><table><tbody><tr><td>Efic\u00e1cia<\/td><\/tr><tr><td>Testes de acordo com as directrizes DVV \/ RKI<\/td><td>Dilui\u00e7\u00e3o<\/td><td>Tempo de exposi\u00e7\u00e3o<\/td><\/tr><tr><td><br \/>Virucida limitada (v\u00edrus com envelope, incluindo <strong>coronav\u00edrus<\/strong>, VIH, VHB, VHC, gripe, herpes, v\u00edrus \u00c9bola &#8230;.)<\/td><td>1,00 %<\/td><td>5 min<\/td><\/tr><tr><td>Adenov\u00edrus<\/td><td>2,00 %<\/td><td>240 min<\/td><\/tr><tr><td>Papilomav\u00edrus humano (HPV)<\/td><td>1,00 %<\/td><td>60 min<\/td><\/tr><tr><td>Norov\u00edrus<\/td><td>1,00 %<\/td><td>30 min<\/td><\/tr><tr><td>Ensaio de acordo com as directrizes da DGHM (com mec\u00e2nica, carga elevada)<\/td><\/tr><tr><td>bactericida e levuriocida<\/td><td>1,00 %<\/td><td>5 min<\/td><\/tr><tr><td>Normas EN<\/td><\/tr><tr><td>PT 1040 (bactericida)<\/td><td>0,25 %<\/td><td>5 min<\/td><\/tr><tr><td>PT 1275 (levurocida)<\/td><td>0,25 %<\/td><td>5 min<\/td><\/tr><tr><td>EN 1276 (bactericida)<\/td><td>0,75 %<\/td><td>5 min<\/td><\/tr><tr><td>\u00a0<\/td><td>0,50 %<\/td><td>15 min<\/td><\/tr><tr><td>EN 13727 (bactericida)<\/td><td>1,00 %<\/td><td>5 min<\/td><\/tr><tr><td>EN 13624 (levurocida, fungicida)<\/td><td>1,00 %<\/td><td>5 min<\/td><\/tr><tr><td>PT 1650 (levurocida)<\/td><td>0,50 %<\/td><td>5 min<\/td><\/tr><tr><td>\u00a0<\/td><td>0,25 %<\/td><td>15 min<\/td><\/tr><tr><td>EN 13697 (bactericida)<\/td><td>0,50 %<\/td><td>15 min<\/td><\/tr><tr><td>EN 14561 (bactericida)<\/td><td>0,50 %<\/td><td>15 min<\/td><\/tr><tr><td>\u00a0<\/td><td>0,50 %<\/td><td>60 min<\/td><\/tr><tr><td>PT 14562 (levurocida)<\/td><td>0,50 %<\/td><td>60 min<\/td><\/tr><tr><td>EN 16615 (bactericida, levurocida) (ensaio de 4 campos)<\/td><td>1,00 %<\/td><td>5 min<\/td><\/tr><\/tbody><\/table><\/figure>\n\n<p><strong>Utilizar desinfectantes com cuidado. Ler sempre o r\u00f3tulo e as informa\u00e7\u00f5es sobre o produto antes de o utilizar.<\/strong><\/p>\n","protected":false},"excerpt":{"rendered":"<p style=\"color: #545454;font-family: Verdana, sans-serif;font-size: 11px;line-height: 15.666666984558105px\"><strong>Desinfe\u00e7\u00e3o e limpeza de superf\u00edcies sem \u00e1lcool<\/strong><\/p>\n","protected":false},"featured_media":21960,"template":"","meta":{"_acf_changed":false,"neve_meta_sidebar":"","neve_meta_container":"","neve_meta_enable_content_width":"","neve_meta_content_width":0,"neve_meta_title_alignment":"","neve_meta_author_avatar":"","neve_post_elements_order":"","neve_meta_disable_header":"","neve_meta_disable_footer":"","neve_meta_disable_title":"","neve_meta_reading_time":"","_surfaces":[],"_ver_product_tabs":[],"footnotes":""},"product_brand":[],"product_cat":[2423,2424,2274],"product_tag":[],"class_list":{"0":"post-22941","1":"product","2":"type-product","3":"status-publish","4":"has-post-thumbnail","6":"product_cat-desinfetantes-de-superficie","7":"product_cat-concentrados-desinfetantes","8":"product_cat-desinfetante","10":"first","11":"instock","12":"taxable","13":"shipping-taxable","14":"purchasable","15":"product-type-simple"},"acf":[],"yoast_head":"<!-- This site is optimized with the Yoast SEO Premium plugin v22.8 (Yoast SEO v27.5) - https:\/\/yoast.com\/product\/yoast-seo-premium-wordpress\/ -->\n<title>1 litro de concentrado BACOBAN\u00ae para 100 litros de desinfe\u00e7\u00e3o de longa dura\u00e7\u00e3o de superf\u00edcies - versiegelung24.com<\/title>\n<meta name=\"robots\" content=\"index, follow, max-snippet:-1, max-image-preview:large, max-video-preview:-1\" \/>\n<link rel=\"canonical\" href=\"https:\/\/www.versiegelung24.com\/pt-pt\/concentrado-de-desinfecao-bacobana-a-longo-prazo.html\" \/>\n<meta property=\"og:locale\" content=\"pt_PT\" \/>\n<meta property=\"og:type\" content=\"article\" \/>\n<meta property=\"og:title\" content=\"1 litro de concentrado BACOBAN\u00ae para 100 litros de desinfe\u00e7\u00e3o de longa dura\u00e7\u00e3o de superf\u00edcies\" \/>\n<meta property=\"og:description\" content=\"Desinfe\u00e7\u00e3o e limpeza de superf\u00edcies sem \u00e1lcool\" \/>\n<meta property=\"og:url\" content=\"https:\/\/www.versiegelung24.com\/pt-pt\/concentrado-de-desinfecao-bacobana-a-longo-prazo.html\" \/>\n<meta property=\"og:site_name\" content=\"versiegelung24.com\" \/>\n<meta property=\"article:modified_time\" content=\"2025-01-13T15:36:06+00:00\" \/>\n<meta property=\"og:image\" content=\"https:\/\/www.versiegelung24.com\/wp-content\/uploads\/2020\/04\/bacwb1-bacoban-langzeitdesinfektion-konzentrat-1-liter.png\" \/>\n\t<meta property=\"og:image:width\" content=\"1000\" \/>\n\t<meta property=\"og:image:height\" content=\"1000\" \/>\n\t<meta property=\"og:image:type\" content=\"image\/png\" \/>\n<meta name=\"twitter:card\" content=\"summary_large_image\" \/>\n<meta name=\"twitter:label1\" content=\"pre\u00e7o\" \/>\n\t<meta name=\"twitter:data1\" content=\"89,90&euro;\" \/>\n\t<meta name=\"twitter:label2\" content=\"Disponibilidade\" \/>\n\t<meta name=\"twitter:data2\" content=\"Em stock\" \/>\n<script type=\"application\/ld+json\" class=\"yoast-schema-graph\">{\"@context\":\"https:\\\/\\\/schema.org\",\"@graph\":[{\"@type\":\"WebPage\",\"@id\":\"https:\\\/\\\/www.versiegelung24.com\\\/pt-pt\\\/concentrado-de-desinfecao-bacobana-a-longo-prazo.html\",\"url\":\"https:\\\/\\\/www.versiegelung24.com\\\/pt-pt\\\/concentrado-de-desinfecao-bacobana-a-longo-prazo.html\",\"name\":\"1 litro de concentrado BACOBAN\u00ae para 100 litros de desinfe\u00e7\u00e3o de longa dura\u00e7\u00e3o de superf\u00edcies - versiegelung24.com\",\"isPartOf\":{\"@id\":\"https:\\\/\\\/www.versiegelung24.com\\\/pt-pt\\\/#website\"},\"primaryImageOfPage\":{\"@id\":\"https:\\\/\\\/www.versiegelung24.com\\\/pt-pt\\\/concentrado-de-desinfecao-bacobana-a-longo-prazo.html#primaryimage\"},\"image\":{\"@id\":\"https:\\\/\\\/www.versiegelung24.com\\\/pt-pt\\\/concentrado-de-desinfecao-bacobana-a-longo-prazo.html#primaryimage\"},\"thumbnailUrl\":\"https:\\\/\\\/www.versiegelung24.com\\\/wp-content\\\/uploads\\\/2020\\\/04\\\/bacwb1-bacoban-langzeitdesinfektion-konzentrat-1-liter.png\",\"datePublished\":\"2021-08-02T19:08:39+00:00\",\"dateModified\":\"2025-01-13T15:36:06+00:00\",\"breadcrumb\":{\"@id\":\"https:\\\/\\\/www.versiegelung24.com\\\/pt-pt\\\/concentrado-de-desinfecao-bacobana-a-longo-prazo.html#breadcrumb\"},\"inLanguage\":\"pt-PT\",\"potentialAction\":[{\"@type\":\"ReadAction\",\"target\":[\"https:\\\/\\\/www.versiegelung24.com\\\/pt-pt\\\/concentrado-de-desinfecao-bacobana-a-longo-prazo.html\"]}]},{\"@type\":\"ImageObject\",\"inLanguage\":\"pt-PT\",\"@id\":\"https:\\\/\\\/www.versiegelung24.com\\\/pt-pt\\\/concentrado-de-desinfecao-bacobana-a-longo-prazo.html#primaryimage\",\"url\":\"https:\\\/\\\/www.versiegelung24.com\\\/wp-content\\\/uploads\\\/2020\\\/04\\\/bacwb1-bacoban-langzeitdesinfektion-konzentrat-1-liter.png\",\"contentUrl\":\"https:\\\/\\\/www.versiegelung24.com\\\/wp-content\\\/uploads\\\/2020\\\/04\\\/bacwb1-bacoban-langzeitdesinfektion-konzentrat-1-liter.png\",\"width\":1000,\"height\":1000},{\"@type\":\"BreadcrumbList\",\"@id\":\"https:\\\/\\\/www.versiegelung24.com\\\/pt-pt\\\/concentrado-de-desinfecao-bacobana-a-longo-prazo.html#breadcrumb\",\"itemListElement\":[{\"@type\":\"ListItem\",\"position\":1,\"name\":\"P\u00e1gina inicial\",\"item\":\"https:\\\/\\\/www.versiegelung24.com\\\/pt-pt\\\/frente\\\/\"},{\"@type\":\"ListItem\",\"position\":2,\"name\":\"Loja\",\"item\":\"https:\\\/\\\/www.versiegelung24.com\\\/pt-pt\\\/loja\\\/\"},{\"@type\":\"ListItem\",\"position\":3,\"name\":\"1 litro de concentrado BACOBAN\u00ae para 100 litros de desinfe\u00e7\u00e3o de longa dura\u00e7\u00e3o de superf\u00edcies\"}]},{\"@type\":\"WebSite\",\"@id\":\"https:\\\/\\\/www.versiegelung24.com\\\/pt-pt\\\/#website\",\"url\":\"https:\\\/\\\/www.versiegelung24.com\\\/pt-pt\\\/\",\"name\":\"versiegelung24.com\",\"description\":\"Fl\u00fcssigglas-Versiegelung - Made in Germany\",\"publisher\":{\"@id\":\"https:\\\/\\\/www.versiegelung24.com\\\/pt-pt\\\/#organization\"},\"potentialAction\":[{\"@type\":\"SearchAction\",\"target\":{\"@type\":\"EntryPoint\",\"urlTemplate\":\"https:\\\/\\\/www.versiegelung24.com\\\/pt-pt\\\/?s={search_term_string}\"},\"query-input\":{\"@type\":\"PropertyValueSpecification\",\"valueRequired\":true,\"valueName\":\"search_term_string\"}}],\"inLanguage\":\"pt-PT\"},{\"@type\":\"Organization\",\"@id\":\"https:\\\/\\\/www.versiegelung24.com\\\/pt-pt\\\/#organization\",\"name\":\"versiegelung24\",\"url\":\"https:\\\/\\\/www.versiegelung24.com\\\/pt-pt\\\/\",\"logo\":{\"@type\":\"ImageObject\",\"inLanguage\":\"pt-PT\",\"@id\":\"https:\\\/\\\/www.versiegelung24.com\\\/pt-pt\\\/#\\\/schema\\\/logo\\\/image\\\/\",\"url\":\"https:\\\/\\\/www.versiegelung24.com\\\/wp-content\\\/uploads\\\/2020\\\/04\\\/versiegelung24.png\",\"contentUrl\":\"https:\\\/\\\/www.versiegelung24.com\\\/wp-content\\\/uploads\\\/2020\\\/04\\\/versiegelung24.png\",\"width\":470,\"height\":102,\"caption\":\"versiegelung24\"},\"image\":{\"@id\":\"https:\\\/\\\/www.versiegelung24.com\\\/pt-pt\\\/#\\\/schema\\\/logo\\\/image\\\/\"}}]}<\/script>\n<meta property=\"product:price:amount\" content=\"89.90\" \/>\n<meta property=\"product:price:currency\" content=\"EUR\" \/>\n<meta property=\"og:availability\" content=\"instock\" \/>\n<meta property=\"product:availability\" content=\"instock\" \/>\n<meta property=\"product:retailer_item_id\" content=\"BACWB1D\" \/>\n<meta property=\"product:condition\" content=\"new\" \/>\n<!-- \/ Yoast SEO Premium plugin. -->","yoast_head_json":{"title":"1 litro de concentrado BACOBAN\u00ae para 100 litros de desinfe\u00e7\u00e3o de longa dura\u00e7\u00e3o de superf\u00edcies - versiegelung24.com","robots":{"index":"index","follow":"follow","max-snippet":"max-snippet:-1","max-image-preview":"max-image-preview:large","max-video-preview":"max-video-preview:-1"},"canonical":"https:\/\/www.versiegelung24.com\/pt-pt\/concentrado-de-desinfecao-bacobana-a-longo-prazo.html","og_locale":"pt_PT","og_type":"article","og_title":"1 litro de concentrado BACOBAN\u00ae para 100 litros de desinfe\u00e7\u00e3o de longa dura\u00e7\u00e3o de superf\u00edcies","og_description":"Desinfe\u00e7\u00e3o e limpeza de superf\u00edcies sem \u00e1lcool","og_url":"https:\/\/www.versiegelung24.com\/pt-pt\/concentrado-de-desinfecao-bacobana-a-longo-prazo.html","og_site_name":"versiegelung24.com","article_modified_time":"2025-01-13T15:36:06+00:00","og_image":[{"width":1000,"height":1000,"url":"https:\/\/www.versiegelung24.com\/wp-content\/uploads\/2020\/04\/bacwb1-bacoban-langzeitdesinfektion-konzentrat-1-liter.png","type":"image\/png"}],"twitter_card":"summary_large_image","twitter_misc":{"pre\u00e7o":"89,90&euro;","Disponibilidade":"Em stock"},"schema":{"@context":"https:\/\/schema.org","@graph":[{"@type":"WebPage","@id":"https:\/\/www.versiegelung24.com\/pt-pt\/concentrado-de-desinfecao-bacobana-a-longo-prazo.html","url":"https:\/\/www.versiegelung24.com\/pt-pt\/concentrado-de-desinfecao-bacobana-a-longo-prazo.html","name":"1 litro de concentrado BACOBAN\u00ae para 100 litros de desinfe\u00e7\u00e3o de longa dura\u00e7\u00e3o de superf\u00edcies - versiegelung24.com","isPartOf":{"@id":"https:\/\/www.versiegelung24.com\/pt-pt\/#website"},"primaryImageOfPage":{"@id":"https:\/\/www.versiegelung24.com\/pt-pt\/concentrado-de-desinfecao-bacobana-a-longo-prazo.html#primaryimage"},"image":{"@id":"https:\/\/www.versiegelung24.com\/pt-pt\/concentrado-de-desinfecao-bacobana-a-longo-prazo.html#primaryimage"},"thumbnailUrl":"https:\/\/www.versiegelung24.com\/wp-content\/uploads\/2020\/04\/bacwb1-bacoban-langzeitdesinfektion-konzentrat-1-liter.png","datePublished":"2021-08-02T19:08:39+00:00","dateModified":"2025-01-13T15:36:06+00:00","breadcrumb":{"@id":"https:\/\/www.versiegelung24.com\/pt-pt\/concentrado-de-desinfecao-bacobana-a-longo-prazo.html#breadcrumb"},"inLanguage":"pt-PT","potentialAction":[{"@type":"ReadAction","target":["https:\/\/www.versiegelung24.com\/pt-pt\/concentrado-de-desinfecao-bacobana-a-longo-prazo.html"]}]},{"@type":"ImageObject","inLanguage":"pt-PT","@id":"https:\/\/www.versiegelung24.com\/pt-pt\/concentrado-de-desinfecao-bacobana-a-longo-prazo.html#primaryimage","url":"https:\/\/www.versiegelung24.com\/wp-content\/uploads\/2020\/04\/bacwb1-bacoban-langzeitdesinfektion-konzentrat-1-liter.png","contentUrl":"https:\/\/www.versiegelung24.com\/wp-content\/uploads\/2020\/04\/bacwb1-bacoban-langzeitdesinfektion-konzentrat-1-liter.png","width":1000,"height":1000},{"@type":"BreadcrumbList","@id":"https:\/\/www.versiegelung24.com\/pt-pt\/concentrado-de-desinfecao-bacobana-a-longo-prazo.html#breadcrumb","itemListElement":[{"@type":"ListItem","position":1,"name":"P\u00e1gina inicial","item":"https:\/\/www.versiegelung24.com\/pt-pt\/frente\/"},{"@type":"ListItem","position":2,"name":"Loja","item":"https:\/\/www.versiegelung24.com\/pt-pt\/loja\/"},{"@type":"ListItem","position":3,"name":"1 litro de concentrado BACOBAN\u00ae para 100 litros de desinfe\u00e7\u00e3o de longa dura\u00e7\u00e3o de superf\u00edcies"}]},{"@type":"WebSite","@id":"https:\/\/www.versiegelung24.com\/pt-pt\/#website","url":"https:\/\/www.versiegelung24.com\/pt-pt\/","name":"versiegelung24.com","description":"Fl\u00fcssigglas-Versiegelung - Made in Germany","publisher":{"@id":"https:\/\/www.versiegelung24.com\/pt-pt\/#organization"},"potentialAction":[{"@type":"SearchAction","target":{"@type":"EntryPoint","urlTemplate":"https:\/\/www.versiegelung24.com\/pt-pt\/?s={search_term_string}"},"query-input":{"@type":"PropertyValueSpecification","valueRequired":true,"valueName":"search_term_string"}}],"inLanguage":"pt-PT"},{"@type":"Organization","@id":"https:\/\/www.versiegelung24.com\/pt-pt\/#organization","name":"versiegelung24","url":"https:\/\/www.versiegelung24.com\/pt-pt\/","logo":{"@type":"ImageObject","inLanguage":"pt-PT","@id":"https:\/\/www.versiegelung24.com\/pt-pt\/#\/schema\/logo\/image\/","url":"https:\/\/www.versiegelung24.com\/wp-content\/uploads\/2020\/04\/versiegelung24.png","contentUrl":"https:\/\/www.versiegelung24.com\/wp-content\/uploads\/2020\/04\/versiegelung24.png","width":470,"height":102,"caption":"versiegelung24"},"image":{"@id":"https:\/\/www.versiegelung24.com\/pt-pt\/#\/schema\/logo\/image\/"}}]},"product_price_amount":"89.90","product_price_currency":"EUR","og_availability":"instock","product_availability":"instock","product_retailer_item_id":"BACWB1D","product_condition":"new"},"_links":{"self":[{"href":"https:\/\/www.versiegelung24.com\/pt-pt\/wp-json\/wp\/v2\/product\/22941","targetHints":{"allow":["GET"]}}],"collection":[{"href":"https:\/\/www.versiegelung24.com\/pt-pt\/wp-json\/wp\/v2\/product"}],"about":[{"href":"https:\/\/www.versiegelung24.com\/pt-pt\/wp-json\/wp\/v2\/types\/product"}],"version-history":[{"count":18,"href":"https:\/\/www.versiegelung24.com\/pt-pt\/wp-json\/wp\/v2\/product\/22941\/revisions"}],"predecessor-version":[{"id":180486,"href":"https:\/\/www.versiegelung24.com\/pt-pt\/wp-json\/wp\/v2\/product\/22941\/revisions\/180486"}],"wp:featuredmedia":[{"embeddable":true,"href":"https:\/\/www.versiegelung24.com\/pt-pt\/wp-json\/wp\/v2\/media\/21960"}],"wp:attachment":[{"href":"https:\/\/www.versiegelung24.com\/pt-pt\/wp-json\/wp\/v2\/media?parent=22941"}],"wp:term":[{"taxonomy":"product_brand","embeddable":true,"href":"https:\/\/www.versiegelung24.com\/pt-pt\/wp-json\/wp\/v2\/product_brand?post=22941"},{"taxonomy":"product_cat","embeddable":true,"href":"https:\/\/www.versiegelung24.com\/pt-pt\/wp-json\/wp\/v2\/product_cat?post=22941"},{"taxonomy":"product_tag","embeddable":true,"href":"https:\/\/www.versiegelung24.com\/pt-pt\/wp-json\/wp\/v2\/product_tag?post=22941"}],"curies":[{"name":"wp","href":"https:\/\/api.w.org\/{rel}","templated":true}]}}