{"id":23006,"date":"2020-04-04T18:53:16","date_gmt":"2021-08-02T19:11:40","guid":{"rendered":"https:\/\/www.versiegelung24.com\/produkt\/polimento-especial-de-botas-e-vedacao-na-qualidade-profissional"},"modified":"2025-04-10T10:57:10","modified_gmt":"2025-04-10T08:57:10","slug":"polimento-e-selagem-especiais-para-barcos-em-qualidade-profissional","status":"publish","type":"product","link":"https:\/\/www.versiegelung24.com\/pt-pt\/boot-special-polish-and-sealing-in-profi-quality.html","title":{"rendered":"Navio \/ Iate \/ Barco Especial Polaco &amp; Selante em Qualidade Profissional"},"content":{"rendered":"\n<p><strong>Emuls\u00e3o altamente eficaz para polir e selar superf\u00edcies acima da linha de \u00e1gua,<\/strong><strong> com efeito l\u00f3tus (repel\u00eancia \u00e0 \u00e1gua), durabilidade at\u00e9 3 meses<\/strong><\/p>\n\n<p>De alta qualidade Made in Germany.<\/p>\n\n<hr \/>\n\n<h4 class=\"wp-block-heading\" id=\"properties\">Caracter\u00edsticas do produto<\/h4>\n\n<div class=\"wp-block-columns is-layout-flex wp-container-core-columns-is-layout-9d6595d7 wp-block-columns-is-layout-flex\">\n<div class=\"wp-block-column is-layout-flow wp-block-column-is-layout-flow\">\n<ul class=\"wp-block-list\"><li>Polimento de alta qualidade sem componentes abrasivos, as camadas de tinta n\u00e3o s\u00e3o atacadas<\/li><li>Emuls\u00e3o, muito f\u00e1cil de aplicar<\/li><li>Efeito de brilho e de refrescamento da cor<\/li><li>Limpa, d\u00e1 brilho e sela num s\u00f3 passo (remove res\u00edduos de alcatr\u00e3o, resina e insectos)<\/li><li>Revestimento antiaderente repelente de \u00e1gua e sujidade, brilhante<\/li><li>Evita a ader\u00eancia de res\u00edduos de alcatr\u00e3o e de insectos \u00e0 superf\u00edcie<\/li><li>Transparente \/ invis\u00edvel, o aspecto da superf\u00edcie mant\u00e9m-se inalterado<\/li><li>Reduz os riscos<\/li><\/ul>\n<\/div>\n\n\n\n<div class=\"wp-block-column is-layout-flow wp-block-column-is-layout-flow\">\n<ul class=\"wp-block-list\" id=\"block-f9534f4e-e312-4dfa-9828-0a3b34fc908e\"><li>Resistente ao gelo, \u00e0 limpeza (incluindo lavagem de autom\u00f3veis), aos raios UV (evita o embaciamento da pintura), aos \u00e1lcalis, \u00e0 \u00e1gua do mar, ao ar salgado, aos dejectos de insectos e a outras sujidades pesadas.<\/li><li>Reduz significativamente o arrastamento, proporcionando maior efici\u00eancia aos barcos<\/li><li>Efeito &#8220;easy-to-clean&#8221;, as superf\u00edcies revestidas mant\u00eam-se limpas durante mais tempo e s\u00e3o mais f\u00e1ceis de limpar.<\/li><li>Para interiores e exteriores<\/li><\/ul>\n\n\n\n<p><br \/>Conte\u00fado da entrega: 1 x garrafa de litro<br \/><\/p>\n<\/div>\n<\/div>\n\n<hr \/>\n\n<h4 class=\"wp-block-heading\" id=\"application\">Aplica\u00e7\u00e3o<\/h4>\n\n<div class=\"wp-block-columns is-layout-flex wp-container-core-columns-is-layout-9d6595d7 wp-block-columns-is-layout-flex\">\n<div class=\"wp-block-column is-layout-flow wp-block-column-is-layout-flow\">\n<ul class=\"wp-block-list\"><li>Ideal para o tratamento de superf\u00edcies de embarca\u00e7\u00f5es acima da linha de \u00e1gua (lacas, ploymer\/pl\u00e1sticos).<\/li><\/ul>\n\n\n\n<p>A quantidade necess\u00e1ria depende da superf\u00edcie a revestir (grau de desgaste e sujidade) e do pano utilizado. O rendimento \u00e9 de cerca de 20-40 ml \/m\u00b2.<\/p>\n<\/div>\n\n\n\n<div class=\"wp-block-column is-layout-flow wp-block-column-is-layout-flow\">\n<p><br \/><br \/>F\u00e1cil de aplicar: 1. Passa o selador e faz o polimento 2. Deixa endurecer durante 12 horas &#8211; est\u00e1 pronto<\/p>\n\n\n\n<p>Prazo de validade: At\u00e9 3 meses<\/p>\n<\/div>\n<\/div>\n","protected":false},"excerpt":{"rendered":"<p><strong>Selante profissional altamente eficaz para:<\/strong><\/p>\n<p>\u2713 Barcos<\/p>\n<p>Com efeito l\u00f3tus (repel\u00eancia \u00e0 \u00e1gua)<\/p>\n<p>Prazo de validade at\u00e9 3 meses<\/p>\n","protected":false},"featured_media":17835,"template":"","meta":{"_acf_changed":false,"neve_meta_sidebar":"","neve_meta_container":"","neve_meta_enable_content_width":"","neve_meta_content_width":0,"neve_meta_title_alignment":"","neve_meta_author_avatar":"","neve_post_elements_order":"","neve_meta_disable_header":"","neve_meta_disable_footer":"","neve_meta_disable_title":"","neve_meta_reading_time":"","_surfaces":[],"_ver_product_tabs":[],"footnotes":""},"product_brand":[],"product_cat":[2152],"product_tag":[],"class_list":{"0":"post-23006","1":"product","2":"type-product","3":"status-publish","4":"has-post-thumbnail","6":"product_cat-vedacao-automatica","8":"first","9":"instock","10":"taxable","11":"shipping-taxable","12":"purchasable","13":"product-type-simple"},"acf":[],"yoast_head":"<!-- This site is optimized with the Yoast SEO Premium plugin v22.8 (Yoast SEO v27.5) - https:\/\/yoast.com\/product\/yoast-seo-premium-wordpress\/ -->\n<title>Navio \/ Iate \/ Barco Especial Polaco &amp; Selante em Qualidade Profissional - versiegelung24.com<\/title>\n<meta name=\"robots\" content=\"index, follow, max-snippet:-1, max-image-preview:large, max-video-preview:-1\" \/>\n<link rel=\"canonical\" href=\"https:\/\/www.versiegelung24.com\/pt-pt\/boot-special-polish-and-sealing-in-profi-quality.html\" \/>\n<meta property=\"og:locale\" content=\"pt_PT\" \/>\n<meta property=\"og:type\" content=\"article\" \/>\n<meta property=\"og:title\" content=\"Navio \/ Iate \/ Barco Especial Polaco &amp; Selante em Qualidade Profissional\" \/>\n<meta property=\"og:description\" content=\"Selante profissional altamente eficaz para: \u2713 Barcos Com efeito l\u00f3tus (repel\u00eancia \u00e0 \u00e1gua) Prazo de validade at\u00e9 3 meses\" \/>\n<meta property=\"og:url\" content=\"https:\/\/www.versiegelung24.com\/pt-pt\/boot-special-polish-and-sealing-in-profi-quality.html\" \/>\n<meta property=\"og:site_name\" content=\"versiegelung24.com\" \/>\n<meta property=\"article:modified_time\" content=\"2025-04-10T08:57:10+00:00\" \/>\n<meta property=\"og:image\" content=\"https:\/\/www.versiegelung24.com\/wp-content\/uploads\/2020\/06\/produkt-2002-7660-1000-Boot-Spezial-Politur-Versiegelung-scaled.jpg\" \/>\n\t<meta property=\"og:image:width\" content=\"2560\" \/>\n\t<meta property=\"og:image:height\" content=\"2560\" \/>\n\t<meta property=\"og:image:type\" content=\"image\/jpeg\" \/>\n<meta name=\"twitter:card\" content=\"summary_large_image\" \/>\n<meta name=\"twitter:label1\" content=\"pre\u00e7o\" \/>\n\t<meta name=\"twitter:data1\" content=\"99,00&euro;\" \/>\n\t<meta name=\"twitter:label2\" content=\"Disponibilidade\" \/>\n\t<meta name=\"twitter:data2\" content=\"Em stock\" \/>\n<script type=\"application\/ld+json\" class=\"yoast-schema-graph\">{\"@context\":\"https:\\\/\\\/schema.org\",\"@graph\":[{\"@type\":\"WebPage\",\"@id\":\"https:\\\/\\\/www.versiegelung24.com\\\/pt-pt\\\/boot-special-polish-and-sealing-in-profi-quality.html\",\"url\":\"https:\\\/\\\/www.versiegelung24.com\\\/pt-pt\\\/boot-special-polish-and-sealing-in-profi-quality.html\",\"name\":\"Navio \\\/ Iate \\\/ Barco Especial Polaco &amp; Selante em Qualidade Profissional - versiegelung24.com\",\"isPartOf\":{\"@id\":\"https:\\\/\\\/www.versiegelung24.com\\\/pt-pt\\\/#website\"},\"primaryImageOfPage\":{\"@id\":\"https:\\\/\\\/www.versiegelung24.com\\\/pt-pt\\\/boot-special-polish-and-sealing-in-profi-quality.html#primaryimage\"},\"image\":{\"@id\":\"https:\\\/\\\/www.versiegelung24.com\\\/pt-pt\\\/boot-special-polish-and-sealing-in-profi-quality.html#primaryimage\"},\"thumbnailUrl\":\"https:\\\/\\\/www.versiegelung24.com\\\/wp-content\\\/uploads\\\/2020\\\/06\\\/produkt-2002-7660-1000-Boot-Spezial-Politur-Versiegelung-scaled.jpg\",\"datePublished\":\"2021-08-02T19:11:40+00:00\",\"dateModified\":\"2025-04-10T08:57:10+00:00\",\"breadcrumb\":{\"@id\":\"https:\\\/\\\/www.versiegelung24.com\\\/pt-pt\\\/boot-special-polish-and-sealing-in-profi-quality.html#breadcrumb\"},\"inLanguage\":\"pt-PT\",\"potentialAction\":[{\"@type\":\"ReadAction\",\"target\":[\"https:\\\/\\\/www.versiegelung24.com\\\/pt-pt\\\/boot-special-polish-and-sealing-in-profi-quality.html\"]}]},{\"@type\":\"ImageObject\",\"inLanguage\":\"pt-PT\",\"@id\":\"https:\\\/\\\/www.versiegelung24.com\\\/pt-pt\\\/boot-special-polish-and-sealing-in-profi-quality.html#primaryimage\",\"url\":\"https:\\\/\\\/www.versiegelung24.com\\\/wp-content\\\/uploads\\\/2020\\\/06\\\/produkt-2002-7660-1000-Boot-Spezial-Politur-Versiegelung-scaled.jpg\",\"contentUrl\":\"https:\\\/\\\/www.versiegelung24.com\\\/wp-content\\\/uploads\\\/2020\\\/06\\\/produkt-2002-7660-1000-Boot-Spezial-Politur-Versiegelung-scaled.jpg\",\"width\":2560,\"height\":2560},{\"@type\":\"BreadcrumbList\",\"@id\":\"https:\\\/\\\/www.versiegelung24.com\\\/pt-pt\\\/boot-special-polish-and-sealing-in-profi-quality.html#breadcrumb\",\"itemListElement\":[{\"@type\":\"ListItem\",\"position\":1,\"name\":\"P\u00e1gina inicial\",\"item\":\"https:\\\/\\\/www.versiegelung24.com\\\/pt-pt\\\/frente\\\/\"},{\"@type\":\"ListItem\",\"position\":2,\"name\":\"Loja\",\"item\":\"https:\\\/\\\/www.versiegelung24.com\\\/pt-pt\\\/loja\\\/\"},{\"@type\":\"ListItem\",\"position\":3,\"name\":\"Navio \\\/ Iate \\\/ Barco Especial Polaco &amp; Selante em Qualidade Profissional\"}]},{\"@type\":\"WebSite\",\"@id\":\"https:\\\/\\\/www.versiegelung24.com\\\/pt-pt\\\/#website\",\"url\":\"https:\\\/\\\/www.versiegelung24.com\\\/pt-pt\\\/\",\"name\":\"versiegelung24.com\",\"description\":\"Fl\u00fcssigglas-Versiegelung - Made in Germany\",\"publisher\":{\"@id\":\"https:\\\/\\\/www.versiegelung24.com\\\/pt-pt\\\/#organization\"},\"potentialAction\":[{\"@type\":\"SearchAction\",\"target\":{\"@type\":\"EntryPoint\",\"urlTemplate\":\"https:\\\/\\\/www.versiegelung24.com\\\/pt-pt\\\/?s={search_term_string}\"},\"query-input\":{\"@type\":\"PropertyValueSpecification\",\"valueRequired\":true,\"valueName\":\"search_term_string\"}}],\"inLanguage\":\"pt-PT\"},{\"@type\":\"Organization\",\"@id\":\"https:\\\/\\\/www.versiegelung24.com\\\/pt-pt\\\/#organization\",\"name\":\"versiegelung24\",\"url\":\"https:\\\/\\\/www.versiegelung24.com\\\/pt-pt\\\/\",\"logo\":{\"@type\":\"ImageObject\",\"inLanguage\":\"pt-PT\",\"@id\":\"https:\\\/\\\/www.versiegelung24.com\\\/pt-pt\\\/#\\\/schema\\\/logo\\\/image\\\/\",\"url\":\"https:\\\/\\\/www.versiegelung24.com\\\/wp-content\\\/uploads\\\/2020\\\/04\\\/versiegelung24.png\",\"contentUrl\":\"https:\\\/\\\/www.versiegelung24.com\\\/wp-content\\\/uploads\\\/2020\\\/04\\\/versiegelung24.png\",\"width\":470,\"height\":102,\"caption\":\"versiegelung24\"},\"image\":{\"@id\":\"https:\\\/\\\/www.versiegelung24.com\\\/pt-pt\\\/#\\\/schema\\\/logo\\\/image\\\/\"}}]}<\/script>\n<meta property=\"product:price:amount\" content=\"99.00\" \/>\n<meta property=\"product:price:currency\" content=\"EUR\" \/>\n<meta property=\"og:availability\" content=\"instock\" \/>\n<meta property=\"product:availability\" content=\"instock\" \/>\n<meta property=\"product:retailer_item_id\" content=\"2002-7660-1000\" \/>\n<meta property=\"product:condition\" content=\"new\" \/>\n<!-- \/ Yoast SEO Premium plugin. -->","yoast_head_json":{"title":"Navio \/ Iate \/ Barco Especial Polaco &amp; Selante em Qualidade Profissional - versiegelung24.com","robots":{"index":"index","follow":"follow","max-snippet":"max-snippet:-1","max-image-preview":"max-image-preview:large","max-video-preview":"max-video-preview:-1"},"canonical":"https:\/\/www.versiegelung24.com\/pt-pt\/boot-special-polish-and-sealing-in-profi-quality.html","og_locale":"pt_PT","og_type":"article","og_title":"Navio \/ Iate \/ Barco Especial Polaco &amp; Selante em Qualidade Profissional","og_description":"Selante profissional altamente eficaz para: \u2713 Barcos Com efeito l\u00f3tus (repel\u00eancia \u00e0 \u00e1gua) Prazo de validade at\u00e9 3 meses","og_url":"https:\/\/www.versiegelung24.com\/pt-pt\/boot-special-polish-and-sealing-in-profi-quality.html","og_site_name":"versiegelung24.com","article_modified_time":"2025-04-10T08:57:10+00:00","og_image":[{"width":2560,"height":2560,"url":"https:\/\/www.versiegelung24.com\/wp-content\/uploads\/2020\/06\/produkt-2002-7660-1000-Boot-Spezial-Politur-Versiegelung-scaled.jpg","type":"image\/jpeg"}],"twitter_card":"summary_large_image","twitter_misc":{"pre\u00e7o":"99,00&euro;","Disponibilidade":"Em stock"},"schema":{"@context":"https:\/\/schema.org","@graph":[{"@type":"WebPage","@id":"https:\/\/www.versiegelung24.com\/pt-pt\/boot-special-polish-and-sealing-in-profi-quality.html","url":"https:\/\/www.versiegelung24.com\/pt-pt\/boot-special-polish-and-sealing-in-profi-quality.html","name":"Navio \/ Iate \/ Barco Especial Polaco &amp; Selante em Qualidade Profissional - versiegelung24.com","isPartOf":{"@id":"https:\/\/www.versiegelung24.com\/pt-pt\/#website"},"primaryImageOfPage":{"@id":"https:\/\/www.versiegelung24.com\/pt-pt\/boot-special-polish-and-sealing-in-profi-quality.html#primaryimage"},"image":{"@id":"https:\/\/www.versiegelung24.com\/pt-pt\/boot-special-polish-and-sealing-in-profi-quality.html#primaryimage"},"thumbnailUrl":"https:\/\/www.versiegelung24.com\/wp-content\/uploads\/2020\/06\/produkt-2002-7660-1000-Boot-Spezial-Politur-Versiegelung-scaled.jpg","datePublished":"2021-08-02T19:11:40+00:00","dateModified":"2025-04-10T08:57:10+00:00","breadcrumb":{"@id":"https:\/\/www.versiegelung24.com\/pt-pt\/boot-special-polish-and-sealing-in-profi-quality.html#breadcrumb"},"inLanguage":"pt-PT","potentialAction":[{"@type":"ReadAction","target":["https:\/\/www.versiegelung24.com\/pt-pt\/boot-special-polish-and-sealing-in-profi-quality.html"]}]},{"@type":"ImageObject","inLanguage":"pt-PT","@id":"https:\/\/www.versiegelung24.com\/pt-pt\/boot-special-polish-and-sealing-in-profi-quality.html#primaryimage","url":"https:\/\/www.versiegelung24.com\/wp-content\/uploads\/2020\/06\/produkt-2002-7660-1000-Boot-Spezial-Politur-Versiegelung-scaled.jpg","contentUrl":"https:\/\/www.versiegelung24.com\/wp-content\/uploads\/2020\/06\/produkt-2002-7660-1000-Boot-Spezial-Politur-Versiegelung-scaled.jpg","width":2560,"height":2560},{"@type":"BreadcrumbList","@id":"https:\/\/www.versiegelung24.com\/pt-pt\/boot-special-polish-and-sealing-in-profi-quality.html#breadcrumb","itemListElement":[{"@type":"ListItem","position":1,"name":"P\u00e1gina inicial","item":"https:\/\/www.versiegelung24.com\/pt-pt\/frente\/"},{"@type":"ListItem","position":2,"name":"Loja","item":"https:\/\/www.versiegelung24.com\/pt-pt\/loja\/"},{"@type":"ListItem","position":3,"name":"Navio \/ Iate \/ Barco Especial Polaco &amp; Selante em Qualidade Profissional"}]},{"@type":"WebSite","@id":"https:\/\/www.versiegelung24.com\/pt-pt\/#website","url":"https:\/\/www.versiegelung24.com\/pt-pt\/","name":"versiegelung24.com","description":"Fl\u00fcssigglas-Versiegelung - Made in Germany","publisher":{"@id":"https:\/\/www.versiegelung24.com\/pt-pt\/#organization"},"potentialAction":[{"@type":"SearchAction","target":{"@type":"EntryPoint","urlTemplate":"https:\/\/www.versiegelung24.com\/pt-pt\/?s={search_term_string}"},"query-input":{"@type":"PropertyValueSpecification","valueRequired":true,"valueName":"search_term_string"}}],"inLanguage":"pt-PT"},{"@type":"Organization","@id":"https:\/\/www.versiegelung24.com\/pt-pt\/#organization","name":"versiegelung24","url":"https:\/\/www.versiegelung24.com\/pt-pt\/","logo":{"@type":"ImageObject","inLanguage":"pt-PT","@id":"https:\/\/www.versiegelung24.com\/pt-pt\/#\/schema\/logo\/image\/","url":"https:\/\/www.versiegelung24.com\/wp-content\/uploads\/2020\/04\/versiegelung24.png","contentUrl":"https:\/\/www.versiegelung24.com\/wp-content\/uploads\/2020\/04\/versiegelung24.png","width":470,"height":102,"caption":"versiegelung24"},"image":{"@id":"https:\/\/www.versiegelung24.com\/pt-pt\/#\/schema\/logo\/image\/"}}]},"product_price_amount":"99.00","product_price_currency":"EUR","og_availability":"instock","product_availability":"instock","product_retailer_item_id":"2002-7660-1000","product_condition":"new"},"_links":{"self":[{"href":"https:\/\/www.versiegelung24.com\/pt-pt\/wp-json\/wp\/v2\/product\/23006","targetHints":{"allow":["GET"]}}],"collection":[{"href":"https:\/\/www.versiegelung24.com\/pt-pt\/wp-json\/wp\/v2\/product"}],"about":[{"href":"https:\/\/www.versiegelung24.com\/pt-pt\/wp-json\/wp\/v2\/types\/product"}],"version-history":[{"count":12,"href":"https:\/\/www.versiegelung24.com\/pt-pt\/wp-json\/wp\/v2\/product\/23006\/revisions"}],"predecessor-version":[{"id":181410,"href":"https:\/\/www.versiegelung24.com\/pt-pt\/wp-json\/wp\/v2\/product\/23006\/revisions\/181410"}],"wp:featuredmedia":[{"embeddable":true,"href":"https:\/\/www.versiegelung24.com\/pt-pt\/wp-json\/wp\/v2\/media\/17835"}],"wp:attachment":[{"href":"https:\/\/www.versiegelung24.com\/pt-pt\/wp-json\/wp\/v2\/media?parent=23006"}],"wp:term":[{"taxonomy":"product_brand","embeddable":true,"href":"https:\/\/www.versiegelung24.com\/pt-pt\/wp-json\/wp\/v2\/product_brand?post=23006"},{"taxonomy":"product_cat","embeddable":true,"href":"https:\/\/www.versiegelung24.com\/pt-pt\/wp-json\/wp\/v2\/product_cat?post=23006"},{"taxonomy":"product_tag","embeddable":true,"href":"https:\/\/www.versiegelung24.com\/pt-pt\/wp-json\/wp\/v2\/product_tag?post=23006"}],"curies":[{"name":"wp","href":"https:\/\/api.w.org\/{rel}","templated":true}]}}