{"id":23197,"date":"2020-04-04T18:53:14","date_gmt":"2021-08-02T19:26:38","guid":{"rendered":"https:\/\/www.versiegelung24.com\/produkt\/vedacao-de-madeira-em-qualidade-profissional"},"modified":"2025-01-03T23:38:14","modified_gmt":"2025-01-03T22:38:14","slug":"vedacao-de-madeira-em-qualidade-profissional","status":"publish","type":"product","link":"https:\/\/www.versiegelung24.com\/pt-pt\/vedacao-de-madeira-em-profi-qualidade.html","title":{"rendered":"Selante de madeira de qualidade profissional"},"content":{"rendered":"\n<p><strong>Selante de madeira profissional altamente eficaz com efeito de profundidade e efeito l\u00f3tus (repel\u00eancia \u00e0 \u00e1gua), para interiores e exteriores, NOVO<\/strong><\/p>\n\n<p>De alta qualidade Made in Germany.<\/p>\n\n<hr\/>\n\n<h4 class=\"wp-block-heading\" id=\"properties\">Caracter\u00edsticas do produto<\/h4>\n\n<div class=\"wp-block-columns is-layout-flex wp-container-core-columns-is-layout-9d6595d7 wp-block-columns-is-layout-flex\">\n<div class=\"wp-block-column is-layout-flow wp-block-column-is-layout-flow\">\n<ul class=\"wp-block-list\">\n<li>forte efeito hidrof\u00f3bico e oleof\u00f3bico (repelente de \u00e1gua e \u00f3leo)<\/li>\n\n\n\n<li>Efeito de profundidade &#8211; penetra at\u00e9 10mm na madeira (dependendo da estrutura)<\/li>\n\n\n\n<li>Protege contra o bolor, as algas e as intemp\u00e9ries<\/li>\n\n\n\n<li>Custos, tempo e poupan\u00e7a de energia atrav\u00e9s de ciclos de limpeza alargados<\/li>\n\n\n\n<li>Redu\u00e7\u00e3o da taxa de penetra\u00e7\u00e3o da humidade quando exposta \u00e0 \u00e1gua<\/li>\n\n\n\n<li>Efeito f\u00e1cil de limpar<\/li>\n<\/ul>\n<\/div>\n\n\n\n<div class=\"wp-block-column is-layout-flow wp-block-column-is-layout-flow\">\n<ul class=\"wp-block-list\">\n<li>superf\u00edcies seladas permanecem respir\u00e1veis<\/li>\n\n\n\n<li>Redu\u00e7\u00e3o da descolora\u00e7\u00e3o das intemp\u00e9ries<\/li>\n\n\n\n<li>UV-est\u00e1vel, resistente \u00e0 geada e quase invis\u00edvel<\/li>\n\n\n\n<li>Aplica\u00e7\u00e3o f\u00e1cil (pode ser pulverizada sobre uma grande \u00e1rea)<\/li>\n\n\n\n<li>Prazo de validade: at\u00e9 3-10 anos<\/li>\n<\/ul>\n\n\n\n<p><br\/><br\/>\u00c2mbito de fornecimento: 1 x garrafa de litro 1 x cabe\u00e7a de pulveriza\u00e7\u00e3o da bomba<br\/><\/p>\n<\/div>\n<\/div>\n\n<hr\/>\n\n<h4 class=\"wp-block-heading\" id=\"application\">Aplica\u00e7\u00e3o<\/h4>\n\n<div class=\"wp-block-columns is-layout-flex wp-container-core-columns-is-layout-9d6595d7 wp-block-columns-is-layout-flex\">\n<div class=\"wp-block-column is-layout-flow wp-block-column-is-layout-flow\">\n<ul class=\"wp-block-list\">\n<li>Todos os bosques duros e macios<\/li>\n\n\n\n<li>Revestimento de madeira interior e exterior<\/li>\n\n\n\n<li>celeiros<\/li>\n\n\n\n<li>Tetos de madeira \/ pisos de madeira<\/li>\n\n\n\n<li>Madeira de constru\u00e7\u00e3o<\/li>\n\n\n\n<li>Janelas de madeira e molduras de porta<\/li>\n<\/ul>\n<\/div>\n\n\n\n<div class=\"wp-block-column is-layout-flow wp-block-column-is-layout-flow\">\n<ul class=\"wp-block-list\" id=\"block-bd0826c4-8c3a-4f56-9878-ce5fe93599ff\">\n<li>Vigas, purlins e pranchas<\/li>\n\n\n\n<li>Bosques antigos<\/li>\n\n\n\n<li>Revestimento de madeira na \u00e1rea sanit\u00e1ria<\/li>\n<\/ul>\n\n\n\n<p><strong>O consumo depende da absor\u00e7\u00e3o da superf\u00edcie cerca de 10-40m\u00b2 \/ litro.<\/strong><\/p>\n<\/div>\n<\/div>\n","protected":false},"excerpt":{"rendered":"<p><strong>**NEW** Selante altamente eficaz para superf\u00edcies de madeira absorventes:<\/strong><\/p>\n<p>Com efeito de profundidade<\/p>\n<p>Com efeito l\u00f3tus (repel\u00eancia \u00e0 \u00e1gua)<\/p>\n<p>Para interiores e exteriores<\/p>\n","protected":false},"featured_media":18190,"template":"","meta":{"_acf_changed":false,"neve_meta_sidebar":"","neve_meta_container":"","neve_meta_enable_content_width":"","neve_meta_content_width":0,"neve_meta_title_alignment":"","neve_meta_author_avatar":"","neve_post_elements_order":"","neve_meta_disable_header":"","neve_meta_disable_footer":"","neve_meta_disable_title":"","neve_meta_reading_time":"","_surfaces":[],"_ver_product_tabs":[],"footnotes":""},"product_brand":[],"product_cat":[2383],"product_tag":[],"class_list":{"0":"post-23197","1":"product","2":"type-product","3":"status-publish","4":"has-post-thumbnail","6":"product_cat-vedacao-de-madeira","7":"pa_gebinde-garrafa-de-500ml","8":"pa_gebinde-frasco-de-200ml","9":"pa_gebinde-garrafa-de-1000ml","10":"pa_gebinde-garrafa-de-10ml","11":"pa_gebinde-garrafa-de-5ml","12":"pa_gebinde-garrafa-de-spray-de-bomba-de-125ml","13":"pa_gebinde-garrafa-de-recarga-de-1000ml","14":"pa_gebinde-20l-recipiente","15":"pa_gebinde-lata-de-10l","16":"pa_gebinde-conjunto-de-accao-com-frasco-de-100-ml","17":"pa_gebinde-garrafa-de-50ml","18":"pa_gebinde-conjunto-de-accao-com-frasco-de-50-ml","19":"pa_gebinde-garrafa-de-100ml","20":"pa_gebinde-frasco-de-150-ml","22":"first","23":"instock","24":"taxable","25":"shipping-taxable","26":"purchasable","27":"product-type-variable","28":"has-default-attributes"},"acf":[],"yoast_head":"<!-- This site is optimized with the Yoast SEO Premium plugin v22.8 (Yoast SEO v27.5) - https:\/\/yoast.com\/product\/yoast-seo-premium-wordpress\/ -->\n<title>Selante de madeira de qualidade profissional - versiegelung24.com<\/title>\n<meta name=\"robots\" content=\"index, follow, max-snippet:-1, max-image-preview:large, max-video-preview:-1\" \/>\n<link rel=\"canonical\" href=\"https:\/\/www.versiegelung24.com\/pt-pt\/vedacao-de-madeira-em-profi-qualidade.html\" \/>\n<meta property=\"og:locale\" content=\"pt_PT\" \/>\n<meta property=\"og:type\" content=\"article\" \/>\n<meta property=\"og:title\" content=\"Selante de madeira de qualidade profissional\" \/>\n<meta property=\"og:description\" content=\"**NEW** Selante altamente eficaz para superf\u00edcies de madeira absorventes: Com efeito de profundidade Com efeito l\u00f3tus (repel\u00eancia \u00e0 \u00e1gua) Para interiores e exteriores\" \/>\n<meta property=\"og:url\" content=\"https:\/\/www.versiegelung24.com\/pt-pt\/vedacao-de-madeira-em-profi-qualidade.html\" \/>\n<meta property=\"og:site_name\" content=\"versiegelung24.com\" \/>\n<meta property=\"article:modified_time\" content=\"2025-01-03T22:38:14+00:00\" \/>\n<meta property=\"og:image\" content=\"https:\/\/www.versiegelung24.com\/wp-content\/uploads\/2020\/06\/produkt-4000-695-1000-Holzversiegelung-scaled.jpg\" \/>\n\t<meta property=\"og:image:width\" content=\"2560\" \/>\n\t<meta property=\"og:image:height\" content=\"2560\" \/>\n\t<meta property=\"og:image:type\" content=\"image\/jpeg\" \/>\n<meta name=\"twitter:card\" content=\"summary_large_image\" \/>\n<meta name=\"twitter:label1\" content=\"Disponibilidade\" \/>\n\t<meta name=\"twitter:data1\" content=\"Em stock\" \/>\n<script type=\"application\/ld+json\" class=\"yoast-schema-graph\">{\"@context\":\"https:\\\/\\\/schema.org\",\"@graph\":[{\"@type\":\"WebPage\",\"@id\":\"https:\\\/\\\/www.versiegelung24.com\\\/pt-pt\\\/vedacao-de-madeira-em-profi-qualidade.html\",\"url\":\"https:\\\/\\\/www.versiegelung24.com\\\/pt-pt\\\/vedacao-de-madeira-em-profi-qualidade.html\",\"name\":\"Selante de madeira de qualidade profissional - versiegelung24.com\",\"isPartOf\":{\"@id\":\"https:\\\/\\\/www.versiegelung24.com\\\/pt-pt\\\/#website\"},\"primaryImageOfPage\":{\"@id\":\"https:\\\/\\\/www.versiegelung24.com\\\/pt-pt\\\/vedacao-de-madeira-em-profi-qualidade.html#primaryimage\"},\"image\":{\"@id\":\"https:\\\/\\\/www.versiegelung24.com\\\/pt-pt\\\/vedacao-de-madeira-em-profi-qualidade.html#primaryimage\"},\"thumbnailUrl\":\"https:\\\/\\\/www.versiegelung24.com\\\/wp-content\\\/uploads\\\/2020\\\/06\\\/produkt-4000-695-1000-Holzversiegelung-scaled.jpg\",\"datePublished\":\"2021-08-02T19:26:38+00:00\",\"dateModified\":\"2025-01-03T22:38:14+00:00\",\"breadcrumb\":{\"@id\":\"https:\\\/\\\/www.versiegelung24.com\\\/pt-pt\\\/vedacao-de-madeira-em-profi-qualidade.html#breadcrumb\"},\"inLanguage\":\"pt-PT\",\"potentialAction\":[{\"@type\":\"ReadAction\",\"target\":[\"https:\\\/\\\/www.versiegelung24.com\\\/pt-pt\\\/vedacao-de-madeira-em-profi-qualidade.html\"]}]},{\"@type\":\"ImageObject\",\"inLanguage\":\"pt-PT\",\"@id\":\"https:\\\/\\\/www.versiegelung24.com\\\/pt-pt\\\/vedacao-de-madeira-em-profi-qualidade.html#primaryimage\",\"url\":\"https:\\\/\\\/www.versiegelung24.com\\\/wp-content\\\/uploads\\\/2020\\\/06\\\/produkt-4000-695-1000-Holzversiegelung-scaled.jpg\",\"contentUrl\":\"https:\\\/\\\/www.versiegelung24.com\\\/wp-content\\\/uploads\\\/2020\\\/06\\\/produkt-4000-695-1000-Holzversiegelung-scaled.jpg\",\"width\":2560,\"height\":2560},{\"@type\":\"BreadcrumbList\",\"@id\":\"https:\\\/\\\/www.versiegelung24.com\\\/pt-pt\\\/vedacao-de-madeira-em-profi-qualidade.html#breadcrumb\",\"itemListElement\":[{\"@type\":\"ListItem\",\"position\":1,\"name\":\"P\u00e1gina inicial\",\"item\":\"https:\\\/\\\/www.versiegelung24.com\\\/pt-pt\\\/frente\\\/\"},{\"@type\":\"ListItem\",\"position\":2,\"name\":\"Loja\",\"item\":\"https:\\\/\\\/www.versiegelung24.com\\\/pt-pt\\\/loja\\\/\"},{\"@type\":\"ListItem\",\"position\":3,\"name\":\"Selante de madeira de qualidade profissional\"}]},{\"@type\":\"WebSite\",\"@id\":\"https:\\\/\\\/www.versiegelung24.com\\\/pt-pt\\\/#website\",\"url\":\"https:\\\/\\\/www.versiegelung24.com\\\/pt-pt\\\/\",\"name\":\"versiegelung24.com\",\"description\":\"Fl\u00fcssigglas-Versiegelung - Made in Germany\",\"publisher\":{\"@id\":\"https:\\\/\\\/www.versiegelung24.com\\\/pt-pt\\\/#organization\"},\"potentialAction\":[{\"@type\":\"SearchAction\",\"target\":{\"@type\":\"EntryPoint\",\"urlTemplate\":\"https:\\\/\\\/www.versiegelung24.com\\\/pt-pt\\\/?s={search_term_string}\"},\"query-input\":{\"@type\":\"PropertyValueSpecification\",\"valueRequired\":true,\"valueName\":\"search_term_string\"}}],\"inLanguage\":\"pt-PT\"},{\"@type\":\"Organization\",\"@id\":\"https:\\\/\\\/www.versiegelung24.com\\\/pt-pt\\\/#organization\",\"name\":\"versiegelung24\",\"url\":\"https:\\\/\\\/www.versiegelung24.com\\\/pt-pt\\\/\",\"logo\":{\"@type\":\"ImageObject\",\"inLanguage\":\"pt-PT\",\"@id\":\"https:\\\/\\\/www.versiegelung24.com\\\/pt-pt\\\/#\\\/schema\\\/logo\\\/image\\\/\",\"url\":\"https:\\\/\\\/www.versiegelung24.com\\\/wp-content\\\/uploads\\\/2020\\\/04\\\/versiegelung24.png\",\"contentUrl\":\"https:\\\/\\\/www.versiegelung24.com\\\/wp-content\\\/uploads\\\/2020\\\/04\\\/versiegelung24.png\",\"width\":470,\"height\":102,\"caption\":\"versiegelung24\"},\"image\":{\"@id\":\"https:\\\/\\\/www.versiegelung24.com\\\/pt-pt\\\/#\\\/schema\\\/logo\\\/image\\\/\"}}]}<\/script>\n<meta property=\"og:availability\" content=\"instock\" \/>\n<meta property=\"product:availability\" content=\"instock\" \/>\n<meta property=\"product:retailer_item_id\" content=\"4000-695\" \/>\n<meta property=\"product:condition\" content=\"new\" \/>\n<!-- \/ Yoast SEO Premium plugin. -->","yoast_head_json":{"title":"Selante de madeira de qualidade profissional - versiegelung24.com","robots":{"index":"index","follow":"follow","max-snippet":"max-snippet:-1","max-image-preview":"max-image-preview:large","max-video-preview":"max-video-preview:-1"},"canonical":"https:\/\/www.versiegelung24.com\/pt-pt\/vedacao-de-madeira-em-profi-qualidade.html","og_locale":"pt_PT","og_type":"article","og_title":"Selante de madeira de qualidade profissional","og_description":"**NEW** Selante altamente eficaz para superf\u00edcies de madeira absorventes: Com efeito de profundidade Com efeito l\u00f3tus (repel\u00eancia \u00e0 \u00e1gua) Para interiores e exteriores","og_url":"https:\/\/www.versiegelung24.com\/pt-pt\/vedacao-de-madeira-em-profi-qualidade.html","og_site_name":"versiegelung24.com","article_modified_time":"2025-01-03T22:38:14+00:00","og_image":[{"width":2560,"height":2560,"url":"https:\/\/www.versiegelung24.com\/wp-content\/uploads\/2020\/06\/produkt-4000-695-1000-Holzversiegelung-scaled.jpg","type":"image\/jpeg"}],"twitter_card":"summary_large_image","twitter_misc":{"Disponibilidade":"Em stock"},"schema":{"@context":"https:\/\/schema.org","@graph":[{"@type":"WebPage","@id":"https:\/\/www.versiegelung24.com\/pt-pt\/vedacao-de-madeira-em-profi-qualidade.html","url":"https:\/\/www.versiegelung24.com\/pt-pt\/vedacao-de-madeira-em-profi-qualidade.html","name":"Selante de madeira de qualidade profissional - versiegelung24.com","isPartOf":{"@id":"https:\/\/www.versiegelung24.com\/pt-pt\/#website"},"primaryImageOfPage":{"@id":"https:\/\/www.versiegelung24.com\/pt-pt\/vedacao-de-madeira-em-profi-qualidade.html#primaryimage"},"image":{"@id":"https:\/\/www.versiegelung24.com\/pt-pt\/vedacao-de-madeira-em-profi-qualidade.html#primaryimage"},"thumbnailUrl":"https:\/\/www.versiegelung24.com\/wp-content\/uploads\/2020\/06\/produkt-4000-695-1000-Holzversiegelung-scaled.jpg","datePublished":"2021-08-02T19:26:38+00:00","dateModified":"2025-01-03T22:38:14+00:00","breadcrumb":{"@id":"https:\/\/www.versiegelung24.com\/pt-pt\/vedacao-de-madeira-em-profi-qualidade.html#breadcrumb"},"inLanguage":"pt-PT","potentialAction":[{"@type":"ReadAction","target":["https:\/\/www.versiegelung24.com\/pt-pt\/vedacao-de-madeira-em-profi-qualidade.html"]}]},{"@type":"ImageObject","inLanguage":"pt-PT","@id":"https:\/\/www.versiegelung24.com\/pt-pt\/vedacao-de-madeira-em-profi-qualidade.html#primaryimage","url":"https:\/\/www.versiegelung24.com\/wp-content\/uploads\/2020\/06\/produkt-4000-695-1000-Holzversiegelung-scaled.jpg","contentUrl":"https:\/\/www.versiegelung24.com\/wp-content\/uploads\/2020\/06\/produkt-4000-695-1000-Holzversiegelung-scaled.jpg","width":2560,"height":2560},{"@type":"BreadcrumbList","@id":"https:\/\/www.versiegelung24.com\/pt-pt\/vedacao-de-madeira-em-profi-qualidade.html#breadcrumb","itemListElement":[{"@type":"ListItem","position":1,"name":"P\u00e1gina inicial","item":"https:\/\/www.versiegelung24.com\/pt-pt\/frente\/"},{"@type":"ListItem","position":2,"name":"Loja","item":"https:\/\/www.versiegelung24.com\/pt-pt\/loja\/"},{"@type":"ListItem","position":3,"name":"Selante de madeira de qualidade profissional"}]},{"@type":"WebSite","@id":"https:\/\/www.versiegelung24.com\/pt-pt\/#website","url":"https:\/\/www.versiegelung24.com\/pt-pt\/","name":"versiegelung24.com","description":"Fl\u00fcssigglas-Versiegelung - Made in Germany","publisher":{"@id":"https:\/\/www.versiegelung24.com\/pt-pt\/#organization"},"potentialAction":[{"@type":"SearchAction","target":{"@type":"EntryPoint","urlTemplate":"https:\/\/www.versiegelung24.com\/pt-pt\/?s={search_term_string}"},"query-input":{"@type":"PropertyValueSpecification","valueRequired":true,"valueName":"search_term_string"}}],"inLanguage":"pt-PT"},{"@type":"Organization","@id":"https:\/\/www.versiegelung24.com\/pt-pt\/#organization","name":"versiegelung24","url":"https:\/\/www.versiegelung24.com\/pt-pt\/","logo":{"@type":"ImageObject","inLanguage":"pt-PT","@id":"https:\/\/www.versiegelung24.com\/pt-pt\/#\/schema\/logo\/image\/","url":"https:\/\/www.versiegelung24.com\/wp-content\/uploads\/2020\/04\/versiegelung24.png","contentUrl":"https:\/\/www.versiegelung24.com\/wp-content\/uploads\/2020\/04\/versiegelung24.png","width":470,"height":102,"caption":"versiegelung24"},"image":{"@id":"https:\/\/www.versiegelung24.com\/pt-pt\/#\/schema\/logo\/image\/"}}]},"og_availability":"instock","product_availability":"instock","product_retailer_item_id":"4000-695","product_condition":"new"},"_links":{"self":[{"href":"https:\/\/www.versiegelung24.com\/pt-pt\/wp-json\/wp\/v2\/product\/23197","targetHints":{"allow":["GET"]}}],"collection":[{"href":"https:\/\/www.versiegelung24.com\/pt-pt\/wp-json\/wp\/v2\/product"}],"about":[{"href":"https:\/\/www.versiegelung24.com\/pt-pt\/wp-json\/wp\/v2\/types\/product"}],"version-history":[{"count":17,"href":"https:\/\/www.versiegelung24.com\/pt-pt\/wp-json\/wp\/v2\/product\/23197\/revisions"}],"predecessor-version":[{"id":177510,"href":"https:\/\/www.versiegelung24.com\/pt-pt\/wp-json\/wp\/v2\/product\/23197\/revisions\/177510"}],"wp:featuredmedia":[{"embeddable":true,"href":"https:\/\/www.versiegelung24.com\/pt-pt\/wp-json\/wp\/v2\/media\/18190"}],"wp:attachment":[{"href":"https:\/\/www.versiegelung24.com\/pt-pt\/wp-json\/wp\/v2\/media?parent=23197"}],"wp:term":[{"taxonomy":"product_brand","embeddable":true,"href":"https:\/\/www.versiegelung24.com\/pt-pt\/wp-json\/wp\/v2\/product_brand?post=23197"},{"taxonomy":"product_cat","embeddable":true,"href":"https:\/\/www.versiegelung24.com\/pt-pt\/wp-json\/wp\/v2\/product_cat?post=23197"},{"taxonomy":"product_tag","embeddable":true,"href":"https:\/\/www.versiegelung24.com\/pt-pt\/wp-json\/wp\/v2\/product_tag?post=23197"}],"curies":[{"name":"wp","href":"https:\/\/api.w.org\/{rel}","templated":true}]}}