{"id":23230,"date":"2020-04-04T18:53:42","date_gmt":"2021-08-02T19:28:19","guid":{"rendered":"https:\/\/www.versiegelung24.com\/produkt\/vedacao-universal-7675-para-superficies-duras-nao-absorventes-vidro-ceramica-em-aco-inoxidavel-plastico-metal"},"modified":"2025-03-20T10:10:23","modified_gmt":"2025-03-20T09:10:23","slug":"universal-sealer-7675-for-hard-non-absorbent-surfaces-glass-ceramic-stainless-steel-plastic-metal","status":"publish","type":"product","link":"https:\/\/www.versiegelung24.com\/pt-pt\/vedacao-universal-7675-for-hard-non-suction-surface-glass-ceramic-ceramic-insy-steel-plastic-metal.html","title":{"rendered":"Selante universal 7675 para superf\u00edcies &#8220;duras&#8221;\/n\u00e3o absorventes (vidro\/cer\u00e2mica +++, a\u00e7o inoxid\u00e1vel +++, pl\u00e1stico\/metal ++)"},"content":{"rendered":"\n<p><strong>Selante profissional universal altamente eficaz para superf\u00edcies &#8220;duras&#8221;\/n\u00e3o absorventes, tais como vidro, cer\u00e2mica, pl\u00e1stico e superf\u00edcies met\u00e1licas com efeito de limpeza f\u00e1cil NOVO, para interiores e exteriores<\/strong><\/p>\n\n<p>Ideal para vidro\/cer\u00e2mica e a\u00e7o inoxid\u00e1vel, tamb\u00e9m aplic\u00e1vel em pl\u00e1sticos e metal<\/p>\n\n<p>De alta qualidade Made in Germany.<\/p>\n\n<p><strong>O V24 Universal Sealer 4005-7675<\/strong> \u00e9 um material de revestimento \u00e0 base de \u00e1lcool (IPA) que cria um efeito de limpeza f\u00e1cil em superf\u00edcies de vidro, pl\u00e1stico, cer\u00e2mica e metal (cromado, a\u00e7o inoxid\u00e1vel, alum\u00ednio). O material cria uma pel\u00edcula fina nas superf\u00edcies que reduz a ader\u00eancia da sujidade e de mat\u00e9rias estranhas e permite que a \u00e1gua se desloque melhor. A superf\u00edcie revestida \u00e9 particularmente f\u00e1cil de limpar<\/p>\n\n<hr \/>\n\n<h4 class=\"wp-block-heading\" id=\"properties\">Caracter\u00edsticas do produto<\/h4>\n\n<div class=\"wp-block-columns is-layout-flex wp-container-core-columns-is-layout-9d6595d7 wp-block-columns-is-layout-flex\">\n<div class=\"wp-block-column is-layout-flow wp-block-column-is-layout-flow\">\n<ul class=\"wp-block-list\">\n<li>Fornecido pronto a utilizar<\/li>\n\n\n\n<li>faz a \u00e1gua rolar melhor<\/li>\n\n\n\n<li>Efeito de limpeza f\u00e1cil em rela\u00e7\u00e3o \u00e0 sujidade e ao calc\u00e1rio<\/li>\n\n\n\n<li>l\u00edquido l\u00edmpido e incolor, invis\u00edvel e impalp\u00e1vel<\/li>\n\n\n\n<li>As superf\u00edcies mant\u00eam-se limpas durante muito mais tempo, o que prolonga os ciclos de limpeza e reduz significativamente os custos, o tempo e a energia necess\u00e1rios para a limpeza e manuten\u00e7\u00e3o<\/li>\n\n\n\n<li>Reduz o crescimento de microorganismos e bact\u00e9rias, melhorando assim a higiene<\/li>\n<\/ul>\n<\/div>\n\n\n\n<div class=\"wp-block-column is-layout-flow wp-block-column-is-layout-flow\">\n<ul class=\"wp-block-list\">\n<li>resistente ao gelo, ao calor extremo, \u00e0 radia\u00e7\u00e3o UV, \u00e0 \u00e1gua salgada e ao ar salgado, aos minerais da \u00e1gua dura e aos \u00e1lcalis<\/li>\n\n\n\n<li>As algas e os excrementos de aves j\u00e1 n\u00e3o podem aderir firmemente<\/li>\n\n\n\n<li>sem fl\u00faor<\/li>\n<\/ul>\n\n\n\n<p><br \/><br \/>\u00c2mbito de fornecimento: 1 x garrafa de litro 1 x cabe\u00e7a de pulveriza\u00e7\u00e3o da bomba<\/p>\n<\/div>\n<\/div>\n\n<hr \/>\n\n<h4 class=\"wp-block-heading\" id=\"application\">Aplica\u00e7\u00e3o<\/h4>\n\n<div class=\"wp-block-columns is-layout-flex wp-container-core-columns-is-layout-9d6595d7 wp-block-columns-is-layout-flex\">\n<div class=\"wp-block-column is-layout-flow wp-block-column-is-layout-flow\">\n<ul class=\"wp-block-list\">\n<li>Cer\u00e2mica sanit\u00e1ria (sanitas, bid\u00e9s, banheiras de cer\u00e2mica, chuveiros, lavat\u00f3rios, espelhos)<\/li>\n\n\n\n<li>Piscinas (cer\u00e2mica de exterior, n\u00e3o adequada para utiliza\u00e7\u00e3o subaqu\u00e1tica)<\/li>\n\n\n\n<li>Todos os tipos de azulejos de cer\u00e2mica, por exemplo, em cozinhas<\/li>\n\n\n\n<li>Vidro para janelas e constru\u00e7\u00e3o (estufas, edif\u00edcios altos, coberturas)<\/li>\n\n\n\n<li>Superf\u00edcies de pl\u00e1stico e metal<\/li>\n\n\n\n<li>Para os vidros de autom\u00f3veis, recomendamos o nosso <a href=\"https:\/\/www.versiegelung24.com\/autoglas-versiegelung\/\">selante premium para vidros<\/a> de autom\u00f3veis<\/li>\n<\/ul>\n<\/div>\n\n\n\n<div class=\"wp-block-column is-layout-flow wp-block-column-is-layout-flow\">\n<p><br \/><br \/><br \/><br \/>F\u00e1cil de aplicar: 1. Limpa muito bem a superf\u00edcie (quanto mais limpa estiver, maior ser\u00e1 a dura\u00e7\u00e3o do selante) 2. Limpa novamente com \u00e1lcool (por exemplo, isoprop\u00edlico) antes de utilizar 3. Pulveriza o selante num pano e aplica-o na superf\u00edcie 4.<br \/>Ap\u00f3s 5 minutos, polir cuidadosamente com um pano de microfibras sem aplicar press\u00e3o 5. Deixar endurecer durante 12 horas &#8211; terminado<\/p>\n\n\n\n<p>Prazo de validade: at\u00e9 3-10 anos<\/p>\n\n\n\n<p>At\u00e9 200m\u00b2 podem ser selados com 1 litro.<\/p>\n<\/div>\n<\/div>\n\n<hr \/>\n\n<h4 class=\"wp-block-heading\" id=\"h-ratgeber\">Conselheiro<\/h4>\n\n<p>Os nossos vedantes universais s\u00e3o particularmente adequados para o sector do &#8220;fa\u00e7a voc\u00ea mesmo&#8221;.<\/p>\n\n<p>Combinam um modo de ac\u00e7\u00e3o profissional em v\u00e1rias superf\u00edcies com um manuseamento f\u00e1cil durante a aplica\u00e7\u00e3o. E tudo isto sem ter de fazer grandes concess\u00f5es em termos de qualidade.<\/p>\n\n<p>Desta forma, \u00e9 poss\u00edvel efectuar aplica\u00e7\u00f5es em v\u00e1rios materiais com apenas um vedante universal e, al\u00e9m disso, \u00e9 poss\u00edvel obter um efeito de alta qualidade e uma longa durabilidade.<\/p>\n\n<p>No entanto, para aplica\u00e7\u00f5es comerciais e industriais em que \u00e9 necess\u00e1rio o mais elevado n\u00edvel de desempenho poss\u00edvel numa superf\u00edcie espec\u00edfica, recomendamos a utiliza\u00e7\u00e3o dos nossos vedantes especiais para a superf\u00edcie em quest\u00e3o.<\/p>\n","protected":false},"excerpt":{"rendered":"<p><strong>**NOVA** Selante profissional universal altamente eficaz para superf\u00edcies &#8220;duras&#8221;\/n\u00e3o absorventes, tais como:<\/strong><\/p>\n<p>Vidro<\/p>\n<p>Superf\u00edcies de cer\u00e2mica<\/p>\n<p>Superf\u00edcies de pl\u00e1stico<\/p>\n<p>Superf\u00edcies met\u00e1licas<\/p>\n<p>Com efeito f\u00e1cil de limpar<\/p>\n","protected":false},"featured_media":18261,"template":"","meta":{"_acf_changed":false,"neve_meta_sidebar":"","neve_meta_container":"","neve_meta_enable_content_width":"","neve_meta_content_width":0,"neve_meta_title_alignment":"","neve_meta_author_avatar":"","neve_post_elements_order":"","neve_meta_disable_header":"","neve_meta_disable_footer":"","neve_meta_disable_title":"","neve_meta_reading_time":"","_surfaces":[],"_ver_product_tabs":[],"footnotes":""},"product_brand":[],"product_cat":[2482],"product_tag":[],"class_list":{"0":"post-23230","1":"product","2":"type-product","3":"status-publish","4":"has-post-thumbnail","6":"product_cat-vedacao-universal","8":"first","9":"instock","10":"taxable","11":"shipping-taxable","12":"purchasable","13":"product-type-simple"},"acf":[],"yoast_head":"<!-- This site is optimized with the Yoast SEO Premium plugin v22.8 (Yoast SEO v27.5) - https:\/\/yoast.com\/product\/yoast-seo-premium-wordpress\/ -->\n<title>Selante universal 7675 para superf\u00edcies &quot;duras&quot;\/n\u00e3o absorventes (vidro\/cer\u00e2mica +++, a\u00e7o inoxid\u00e1vel +++, pl\u00e1stico\/metal ++) - versiegelung24.com<\/title>\n<meta name=\"robots\" content=\"index, follow, max-snippet:-1, max-image-preview:large, max-video-preview:-1\" \/>\n<link rel=\"canonical\" href=\"https:\/\/www.versiegelung24.com\/pt-pt\/vedacao-universal-7675-for-hard-non-suction-surface-glass-ceramic-ceramic-insy-steel-plastic-metal.html\" \/>\n<meta property=\"og:locale\" content=\"pt_PT\" \/>\n<meta property=\"og:type\" content=\"article\" \/>\n<meta property=\"og:title\" content=\"Selante universal 7675 para superf\u00edcies &quot;duras&quot;\/n\u00e3o absorventes (vidro\/cer\u00e2mica +++, a\u00e7o inoxid\u00e1vel +++, pl\u00e1stico\/metal ++)\" \/>\n<meta property=\"og:description\" content=\"**NOVA** Selante profissional universal altamente eficaz para superf\u00edcies &quot;duras&quot;\/n\u00e3o absorventes, tais como: Vidro Superf\u00edcies de cer\u00e2mica Superf\u00edcies de pl\u00e1stico Superf\u00edcies met\u00e1licas Com efeito f\u00e1cil de limpar\" \/>\n<meta property=\"og:url\" content=\"https:\/\/www.versiegelung24.com\/pt-pt\/vedacao-universal-7675-for-hard-non-suction-surface-glass-ceramic-ceramic-insy-steel-plastic-metal.html\" \/>\n<meta property=\"og:site_name\" content=\"versiegelung24.com\" \/>\n<meta property=\"article:modified_time\" content=\"2025-03-20T09:10:23+00:00\" \/>\n<meta property=\"og:image\" content=\"https:\/\/www.versiegelung24.com\/wp-content\/uploads\/2020\/06\/produkt-4005-7675-1000-Universalversiegelung-7675-scaled.jpg\" \/>\n\t<meta property=\"og:image:width\" content=\"2560\" \/>\n\t<meta property=\"og:image:height\" content=\"2560\" \/>\n\t<meta property=\"og:image:type\" content=\"image\/jpeg\" \/>\n<meta name=\"twitter:card\" content=\"summary_large_image\" \/>\n<meta name=\"twitter:label1\" content=\"pre\u00e7o\" \/>\n\t<meta name=\"twitter:data1\" content=\"89,99&euro;\" \/>\n\t<meta name=\"twitter:label2\" content=\"Disponibilidade\" \/>\n\t<meta name=\"twitter:data2\" content=\"Em stock\" \/>\n<script type=\"application\/ld+json\" class=\"yoast-schema-graph\">{\"@context\":\"https:\\\/\\\/schema.org\",\"@graph\":[{\"@type\":\"WebPage\",\"@id\":\"https:\\\/\\\/www.versiegelung24.com\\\/pt-pt\\\/vedacao-universal-7675-for-hard-non-suction-surface-glass-ceramic-ceramic-insy-steel-plastic-metal.html\",\"url\":\"https:\\\/\\\/www.versiegelung24.com\\\/pt-pt\\\/vedacao-universal-7675-for-hard-non-suction-surface-glass-ceramic-ceramic-insy-steel-plastic-metal.html\",\"name\":\"Selante universal 7675 para superf\u00edcies \\\"duras\\\"\\\/n\u00e3o absorventes (vidro\\\/cer\u00e2mica +++, a\u00e7o inoxid\u00e1vel +++, pl\u00e1stico\\\/metal ++) - versiegelung24.com\",\"isPartOf\":{\"@id\":\"https:\\\/\\\/www.versiegelung24.com\\\/pt-pt\\\/#website\"},\"primaryImageOfPage\":{\"@id\":\"https:\\\/\\\/www.versiegelung24.com\\\/pt-pt\\\/vedacao-universal-7675-for-hard-non-suction-surface-glass-ceramic-ceramic-insy-steel-plastic-metal.html#primaryimage\"},\"image\":{\"@id\":\"https:\\\/\\\/www.versiegelung24.com\\\/pt-pt\\\/vedacao-universal-7675-for-hard-non-suction-surface-glass-ceramic-ceramic-insy-steel-plastic-metal.html#primaryimage\"},\"thumbnailUrl\":\"https:\\\/\\\/www.versiegelung24.com\\\/wp-content\\\/uploads\\\/2020\\\/06\\\/produkt-4005-7675-1000-Universalversiegelung-7675-scaled.jpg\",\"datePublished\":\"2021-08-02T19:28:19+00:00\",\"dateModified\":\"2025-03-20T09:10:23+00:00\",\"breadcrumb\":{\"@id\":\"https:\\\/\\\/www.versiegelung24.com\\\/pt-pt\\\/vedacao-universal-7675-for-hard-non-suction-surface-glass-ceramic-ceramic-insy-steel-plastic-metal.html#breadcrumb\"},\"inLanguage\":\"pt-PT\",\"potentialAction\":[{\"@type\":\"ReadAction\",\"target\":[\"https:\\\/\\\/www.versiegelung24.com\\\/pt-pt\\\/vedacao-universal-7675-for-hard-non-suction-surface-glass-ceramic-ceramic-insy-steel-plastic-metal.html\"]}]},{\"@type\":\"ImageObject\",\"inLanguage\":\"pt-PT\",\"@id\":\"https:\\\/\\\/www.versiegelung24.com\\\/pt-pt\\\/vedacao-universal-7675-for-hard-non-suction-surface-glass-ceramic-ceramic-insy-steel-plastic-metal.html#primaryimage\",\"url\":\"https:\\\/\\\/www.versiegelung24.com\\\/wp-content\\\/uploads\\\/2020\\\/06\\\/produkt-4005-7675-1000-Universalversiegelung-7675-scaled.jpg\",\"contentUrl\":\"https:\\\/\\\/www.versiegelung24.com\\\/wp-content\\\/uploads\\\/2020\\\/06\\\/produkt-4005-7675-1000-Universalversiegelung-7675-scaled.jpg\",\"width\":2560,\"height\":2560},{\"@type\":\"BreadcrumbList\",\"@id\":\"https:\\\/\\\/www.versiegelung24.com\\\/pt-pt\\\/vedacao-universal-7675-for-hard-non-suction-surface-glass-ceramic-ceramic-insy-steel-plastic-metal.html#breadcrumb\",\"itemListElement\":[{\"@type\":\"ListItem\",\"position\":1,\"name\":\"P\u00e1gina inicial\",\"item\":\"https:\\\/\\\/www.versiegelung24.com\\\/pt-pt\\\/frente\\\/\"},{\"@type\":\"ListItem\",\"position\":2,\"name\":\"Loja\",\"item\":\"https:\\\/\\\/www.versiegelung24.com\\\/pt-pt\\\/loja\\\/\"},{\"@type\":\"ListItem\",\"position\":3,\"name\":\"Selante universal 7675 para superf\u00edcies &#8220;duras&#8221;\\\/n\u00e3o absorventes (vidro\\\/cer\u00e2mica +++, a\u00e7o inoxid\u00e1vel +++, pl\u00e1stico\\\/metal ++)\"}]},{\"@type\":\"WebSite\",\"@id\":\"https:\\\/\\\/www.versiegelung24.com\\\/pt-pt\\\/#website\",\"url\":\"https:\\\/\\\/www.versiegelung24.com\\\/pt-pt\\\/\",\"name\":\"versiegelung24.com\",\"description\":\"Fl\u00fcssigglas-Versiegelung - Made in Germany\",\"publisher\":{\"@id\":\"https:\\\/\\\/www.versiegelung24.com\\\/pt-pt\\\/#organization\"},\"potentialAction\":[{\"@type\":\"SearchAction\",\"target\":{\"@type\":\"EntryPoint\",\"urlTemplate\":\"https:\\\/\\\/www.versiegelung24.com\\\/pt-pt\\\/?s={search_term_string}\"},\"query-input\":{\"@type\":\"PropertyValueSpecification\",\"valueRequired\":true,\"valueName\":\"search_term_string\"}}],\"inLanguage\":\"pt-PT\"},{\"@type\":\"Organization\",\"@id\":\"https:\\\/\\\/www.versiegelung24.com\\\/pt-pt\\\/#organization\",\"name\":\"versiegelung24\",\"url\":\"https:\\\/\\\/www.versiegelung24.com\\\/pt-pt\\\/\",\"logo\":{\"@type\":\"ImageObject\",\"inLanguage\":\"pt-PT\",\"@id\":\"https:\\\/\\\/www.versiegelung24.com\\\/pt-pt\\\/#\\\/schema\\\/logo\\\/image\\\/\",\"url\":\"https:\\\/\\\/www.versiegelung24.com\\\/wp-content\\\/uploads\\\/2020\\\/04\\\/versiegelung24.png\",\"contentUrl\":\"https:\\\/\\\/www.versiegelung24.com\\\/wp-content\\\/uploads\\\/2020\\\/04\\\/versiegelung24.png\",\"width\":470,\"height\":102,\"caption\":\"versiegelung24\"},\"image\":{\"@id\":\"https:\\\/\\\/www.versiegelung24.com\\\/pt-pt\\\/#\\\/schema\\\/logo\\\/image\\\/\"}}]}<\/script>\n<meta property=\"product:price:amount\" content=\"89.99\" \/>\n<meta property=\"product:price:currency\" content=\"EUR\" \/>\n<meta property=\"og:availability\" content=\"instock\" \/>\n<meta property=\"product:availability\" content=\"instock\" \/>\n<meta property=\"product:retailer_item_id\" content=\"4005-7675\" \/>\n<meta property=\"product:condition\" content=\"new\" \/>\n<!-- \/ Yoast SEO Premium plugin. -->","yoast_head_json":{"title":"Selante universal 7675 para superf\u00edcies \"duras\"\/n\u00e3o absorventes (vidro\/cer\u00e2mica +++, a\u00e7o inoxid\u00e1vel +++, pl\u00e1stico\/metal ++) - versiegelung24.com","robots":{"index":"index","follow":"follow","max-snippet":"max-snippet:-1","max-image-preview":"max-image-preview:large","max-video-preview":"max-video-preview:-1"},"canonical":"https:\/\/www.versiegelung24.com\/pt-pt\/vedacao-universal-7675-for-hard-non-suction-surface-glass-ceramic-ceramic-insy-steel-plastic-metal.html","og_locale":"pt_PT","og_type":"article","og_title":"Selante universal 7675 para superf\u00edcies \"duras\"\/n\u00e3o absorventes (vidro\/cer\u00e2mica +++, a\u00e7o inoxid\u00e1vel +++, pl\u00e1stico\/metal ++)","og_description":"**NOVA** Selante profissional universal altamente eficaz para superf\u00edcies \"duras\"\/n\u00e3o absorventes, tais como: Vidro Superf\u00edcies de cer\u00e2mica Superf\u00edcies de pl\u00e1stico Superf\u00edcies met\u00e1licas Com efeito f\u00e1cil de limpar","og_url":"https:\/\/www.versiegelung24.com\/pt-pt\/vedacao-universal-7675-for-hard-non-suction-surface-glass-ceramic-ceramic-insy-steel-plastic-metal.html","og_site_name":"versiegelung24.com","article_modified_time":"2025-03-20T09:10:23+00:00","og_image":[{"width":2560,"height":2560,"url":"https:\/\/www.versiegelung24.com\/wp-content\/uploads\/2020\/06\/produkt-4005-7675-1000-Universalversiegelung-7675-scaled.jpg","type":"image\/jpeg"}],"twitter_card":"summary_large_image","twitter_misc":{"pre\u00e7o":"89,99&euro;","Disponibilidade":"Em stock"},"schema":{"@context":"https:\/\/schema.org","@graph":[{"@type":"WebPage","@id":"https:\/\/www.versiegelung24.com\/pt-pt\/vedacao-universal-7675-for-hard-non-suction-surface-glass-ceramic-ceramic-insy-steel-plastic-metal.html","url":"https:\/\/www.versiegelung24.com\/pt-pt\/vedacao-universal-7675-for-hard-non-suction-surface-glass-ceramic-ceramic-insy-steel-plastic-metal.html","name":"Selante universal 7675 para superf\u00edcies \"duras\"\/n\u00e3o absorventes (vidro\/cer\u00e2mica +++, a\u00e7o inoxid\u00e1vel +++, pl\u00e1stico\/metal ++) - versiegelung24.com","isPartOf":{"@id":"https:\/\/www.versiegelung24.com\/pt-pt\/#website"},"primaryImageOfPage":{"@id":"https:\/\/www.versiegelung24.com\/pt-pt\/vedacao-universal-7675-for-hard-non-suction-surface-glass-ceramic-ceramic-insy-steel-plastic-metal.html#primaryimage"},"image":{"@id":"https:\/\/www.versiegelung24.com\/pt-pt\/vedacao-universal-7675-for-hard-non-suction-surface-glass-ceramic-ceramic-insy-steel-plastic-metal.html#primaryimage"},"thumbnailUrl":"https:\/\/www.versiegelung24.com\/wp-content\/uploads\/2020\/06\/produkt-4005-7675-1000-Universalversiegelung-7675-scaled.jpg","datePublished":"2021-08-02T19:28:19+00:00","dateModified":"2025-03-20T09:10:23+00:00","breadcrumb":{"@id":"https:\/\/www.versiegelung24.com\/pt-pt\/vedacao-universal-7675-for-hard-non-suction-surface-glass-ceramic-ceramic-insy-steel-plastic-metal.html#breadcrumb"},"inLanguage":"pt-PT","potentialAction":[{"@type":"ReadAction","target":["https:\/\/www.versiegelung24.com\/pt-pt\/vedacao-universal-7675-for-hard-non-suction-surface-glass-ceramic-ceramic-insy-steel-plastic-metal.html"]}]},{"@type":"ImageObject","inLanguage":"pt-PT","@id":"https:\/\/www.versiegelung24.com\/pt-pt\/vedacao-universal-7675-for-hard-non-suction-surface-glass-ceramic-ceramic-insy-steel-plastic-metal.html#primaryimage","url":"https:\/\/www.versiegelung24.com\/wp-content\/uploads\/2020\/06\/produkt-4005-7675-1000-Universalversiegelung-7675-scaled.jpg","contentUrl":"https:\/\/www.versiegelung24.com\/wp-content\/uploads\/2020\/06\/produkt-4005-7675-1000-Universalversiegelung-7675-scaled.jpg","width":2560,"height":2560},{"@type":"BreadcrumbList","@id":"https:\/\/www.versiegelung24.com\/pt-pt\/vedacao-universal-7675-for-hard-non-suction-surface-glass-ceramic-ceramic-insy-steel-plastic-metal.html#breadcrumb","itemListElement":[{"@type":"ListItem","position":1,"name":"P\u00e1gina inicial","item":"https:\/\/www.versiegelung24.com\/pt-pt\/frente\/"},{"@type":"ListItem","position":2,"name":"Loja","item":"https:\/\/www.versiegelung24.com\/pt-pt\/loja\/"},{"@type":"ListItem","position":3,"name":"Selante universal 7675 para superf\u00edcies &#8220;duras&#8221;\/n\u00e3o absorventes (vidro\/cer\u00e2mica +++, a\u00e7o inoxid\u00e1vel +++, pl\u00e1stico\/metal ++)"}]},{"@type":"WebSite","@id":"https:\/\/www.versiegelung24.com\/pt-pt\/#website","url":"https:\/\/www.versiegelung24.com\/pt-pt\/","name":"versiegelung24.com","description":"Fl\u00fcssigglas-Versiegelung - Made in Germany","publisher":{"@id":"https:\/\/www.versiegelung24.com\/pt-pt\/#organization"},"potentialAction":[{"@type":"SearchAction","target":{"@type":"EntryPoint","urlTemplate":"https:\/\/www.versiegelung24.com\/pt-pt\/?s={search_term_string}"},"query-input":{"@type":"PropertyValueSpecification","valueRequired":true,"valueName":"search_term_string"}}],"inLanguage":"pt-PT"},{"@type":"Organization","@id":"https:\/\/www.versiegelung24.com\/pt-pt\/#organization","name":"versiegelung24","url":"https:\/\/www.versiegelung24.com\/pt-pt\/","logo":{"@type":"ImageObject","inLanguage":"pt-PT","@id":"https:\/\/www.versiegelung24.com\/pt-pt\/#\/schema\/logo\/image\/","url":"https:\/\/www.versiegelung24.com\/wp-content\/uploads\/2020\/04\/versiegelung24.png","contentUrl":"https:\/\/www.versiegelung24.com\/wp-content\/uploads\/2020\/04\/versiegelung24.png","width":470,"height":102,"caption":"versiegelung24"},"image":{"@id":"https:\/\/www.versiegelung24.com\/pt-pt\/#\/schema\/logo\/image\/"}}]},"product_price_amount":"89.99","product_price_currency":"EUR","og_availability":"instock","product_availability":"instock","product_retailer_item_id":"4005-7675","product_condition":"new"},"_links":{"self":[{"href":"https:\/\/www.versiegelung24.com\/pt-pt\/wp-json\/wp\/v2\/product\/23230","targetHints":{"allow":["GET"]}}],"collection":[{"href":"https:\/\/www.versiegelung24.com\/pt-pt\/wp-json\/wp\/v2\/product"}],"about":[{"href":"https:\/\/www.versiegelung24.com\/pt-pt\/wp-json\/wp\/v2\/types\/product"}],"version-history":[{"count":17,"href":"https:\/\/www.versiegelung24.com\/pt-pt\/wp-json\/wp\/v2\/product\/23230\/revisions"}],"predecessor-version":[{"id":181102,"href":"https:\/\/www.versiegelung24.com\/pt-pt\/wp-json\/wp\/v2\/product\/23230\/revisions\/181102"}],"wp:featuredmedia":[{"embeddable":true,"href":"https:\/\/www.versiegelung24.com\/pt-pt\/wp-json\/wp\/v2\/media\/18261"}],"wp:attachment":[{"href":"https:\/\/www.versiegelung24.com\/pt-pt\/wp-json\/wp\/v2\/media?parent=23230"}],"wp:term":[{"taxonomy":"product_brand","embeddable":true,"href":"https:\/\/www.versiegelung24.com\/pt-pt\/wp-json\/wp\/v2\/product_brand?post=23230"},{"taxonomy":"product_cat","embeddable":true,"href":"https:\/\/www.versiegelung24.com\/pt-pt\/wp-json\/wp\/v2\/product_cat?post=23230"},{"taxonomy":"product_tag","embeddable":true,"href":"https:\/\/www.versiegelung24.com\/pt-pt\/wp-json\/wp\/v2\/product_tag?post=23230"}],"curies":[{"name":"wp","href":"https:\/\/api.w.org\/{rel}","templated":true}]}}