{"id":23276,"date":"2020-04-04T18:53:12","date_gmt":"2021-08-02T19:30:15","guid":{"rendered":"https:\/\/www.versiegelung24.com\/produkt\/plastico-vedacao-metalica-em-qualidade-profissional"},"modified":"2025-01-03T23:28:31","modified_gmt":"2025-01-03T22:28:31","slug":"vedacao-de-plastico-metal-em-qualidade-profissional","status":"publish","type":"product","link":"https:\/\/www.versiegelung24.com\/pt-pt\/plastico-metal-vedacao-em-profi-qualidade.html","title":{"rendered":"Veda\u00e7\u00e3o pl\u00e1stica + met\u00e1lica em qualidade profissional"},"content":{"rendered":"\n<p><strong>*** Nova vers\u00e3o do produto com efeito melhorado ***  <\/strong><\/p>\n\n<p><strong>Selante protector profissional altamente eficaz para pl\u00e1stico e metal (por exemplo, a\u00e7o inoxid\u00e1vel), com efeito l\u00f3tus (repel\u00eancia \u00e0 \u00e1gua), para uso interior e exterior. NOVO<\/strong><\/p>\n\n<p>De alta qualidade Made in Germany.<\/p>\n\n<hr\/>\n\n<h4 class=\"wp-block-heading\" id=\"properties\">Caracter\u00edsticas do produto<\/h4>\n\n<div class=\"wp-block-columns is-layout-flex wp-container-core-columns-is-layout-9d6595d7 wp-block-columns-is-layout-flex\">\n<div class=\"wp-block-column is-layout-flow wp-block-column-is-layout-flow\">\n<ul class=\"wp-block-list\">\n<li>Excelente efeito F\u00e1cil de Limpar para a ades\u00e3o \u00e0 sujidade<\/li>\n\n\n\n<li>Efeito hidrof\u00f3bico e oleof\u00f3bico (repelente de \u00e1gua e \u00f3leo)<\/li>\n\n\n\n<li>Resist\u00eancia \u00e0 abras\u00e3o muito elevada gra\u00e7as \u00e0 nano tecnologia SiO\u00b2<\/li>\n\n\n\n<li>Resistente a produtos qu\u00edmicos de limpeza (at\u00e9 ao valor de pH 12)<\/li>\n\n\n\n<li>UV-est\u00e1vel \/ resistente \u00e0 geada \/ resistente \u00e0 \u00e1gua salgada \/ invis\u00edvel (espessura da camada: 100-150nm)<\/li>\n<\/ul>\n<\/div>\n\n\n\n<div class=\"wp-block-column is-layout-flow wp-block-column-is-layout-flow\">\n<ul class=\"wp-block-list\">\n<li>Custos, tempo e poupan\u00e7a de energia atrav\u00e9s de ciclos de limpeza alargados<\/li>\n\n\n\n<li>F\u00e1cil de usar<\/li>\n\n\n\n<li>Respir\u00e1vel<\/li>\n\n\n\n<li>Propriedades anti-aderentes fortes<\/li>\n\n\n\n<li>Prazo de validade: at\u00e9 1 ano (dependendo da carga)<\/li>\n<\/ul>\n\n\n\n<p><br\/><br\/>\u00c2mbito da entrega: 1 x garrafa de litro 1 x descri\u00e7\u00e3o do produto<\/p>\n<\/div>\n<\/div>\n\n<hr\/>\n\n<h4 class=\"wp-block-heading\" id=\"application\">Aplica\u00e7\u00e3o<\/h4>\n\n<div class=\"wp-block-columns is-layout-flex wp-container-core-columns-is-layout-9d6595d7 wp-block-columns-is-layout-flex\">\n<div class=\"wp-block-column is-layout-flow wp-block-column-is-layout-flow\">\n<ul class=\"wp-block-list\">\n<li>Superf\u00edcies de a\u00e7o inoxid\u00e1vel<\/li>\n\n\n\n<li>Tinta de carro<\/li>\n\n\n\n<li>Jantes de alum\u00ednio<\/li>\n\n\n\n<li>Superf\u00edcies lacadas<\/li>\n\n\n\n<li>Superf\u00edcies pl\u00e1sticas lisas<\/li>\n\n\n\n<li>Plexiglas<\/li>\n\n\n\n<li>Superf\u00edcies met\u00e1licas<\/li>\n<\/ul>\n\n\n\n<p>O consumo depende da estrutura da superf\u00edcie, cerca de 100-200m\u00b2\/litro.<\/p>\n<\/div>\n\n\n\n<div class=\"wp-block-column is-layout-flow wp-block-column-is-layout-flow\">\n<p>F\u00e1cil de aplicar: <\/p>\n\n\n\n<p><br\/>1.manual: Aplica\u00e7\u00e3o por movimentos circulares com um pano limpo de papel, linho ou microfibra. 2.industrial: Pode ser utilizado tanto em sistemas de polimento como de revestimento por pulveriza\u00e7\u00e3o.<\/p>\n\n\n\n<p>Este revestimento SiO2 \u00e9 totalmente cruzado e curado ap\u00f3s 24 horas. O efeito f\u00e1cil de limpar pode ser testado pela primeira vez ap\u00f3s esta fase de cura.<\/p>\n\n\n\n<p><br\/><br\/><br\/><br\/>Consumo: At\u00e9 200 m\u00b2 podem ser selados com 1 litro Manual: 5-10 ml\/m\u00b2 Industrial: 10-15 ml\/m\u00b2<\/p>\n<\/div>\n<\/div>\n","protected":false},"excerpt":{"rendered":"<p><strong>Selante protector profissional altamente eficaz para pl\u00e1stico e metal (por exemplo, a\u00e7o inoxid\u00e1vel):<\/strong><\/p>\n<p>Com efeito l\u00f3tus (repel\u00eancia \u00e0 \u00e1gua)<\/p>\n<p>Para interiores e exteriores. NOVO<\/p>\n","protected":false},"featured_media":18363,"template":"","meta":{"_acf_changed":false,"neve_meta_sidebar":"","neve_meta_container":"","neve_meta_enable_content_width":"","neve_meta_content_width":0,"neve_meta_title_alignment":"","neve_meta_author_avatar":"","neve_post_elements_order":"","neve_meta_disable_header":"","neve_meta_disable_footer":"","neve_meta_disable_title":"","neve_meta_reading_time":"","_surfaces":[],"_ver_product_tabs":[],"footnotes":""},"product_brand":[],"product_cat":[2380],"product_tag":[],"class_list":{"0":"post-23276","1":"product","2":"type-product","3":"status-publish","4":"has-post-thumbnail","6":"product_cat-selo-de-metal-plastico","8":"first","9":"instock","10":"taxable","11":"shipping-taxable","12":"purchasable","13":"product-type-simple"},"acf":[],"yoast_head":"<!-- This site is optimized with the Yoast SEO Premium plugin v22.8 (Yoast SEO v27.4) - https:\/\/yoast.com\/product\/yoast-seo-premium-wordpress\/ -->\n<title>Veda\u00e7\u00e3o pl\u00e1stica + met\u00e1lica em qualidade profissional - versiegelung24.com<\/title>\n<meta name=\"robots\" content=\"index, follow, max-snippet:-1, max-image-preview:large, max-video-preview:-1\" \/>\n<link rel=\"canonical\" href=\"https:\/\/www.versiegelung24.com\/pt-pt\/plastico-metal-vedacao-em-profi-qualidade.html\" \/>\n<meta property=\"og:locale\" content=\"pt_PT\" \/>\n<meta property=\"og:type\" content=\"article\" \/>\n<meta property=\"og:title\" content=\"Veda\u00e7\u00e3o pl\u00e1stica + met\u00e1lica em qualidade profissional\" \/>\n<meta property=\"og:description\" content=\"Selante protector profissional altamente eficaz para pl\u00e1stico e metal (por exemplo, a\u00e7o inoxid\u00e1vel): Com efeito l\u00f3tus (repel\u00eancia \u00e0 \u00e1gua) Para interiores e exteriores. NOVO\" \/>\n<meta property=\"og:url\" content=\"https:\/\/www.versiegelung24.com\/pt-pt\/plastico-metal-vedacao-em-profi-qualidade.html\" \/>\n<meta property=\"og:site_name\" content=\"versiegelung24.com\" \/>\n<meta property=\"article:modified_time\" content=\"2025-01-03T22:28:31+00:00\" \/>\n<meta property=\"og:image\" content=\"https:\/\/www.versiegelung24.com\/wp-content\/uploads\/2020\/06\/produkt-5000-7656-1000-Kunststoff-Metallversiegelung-scaled.jpg\" \/>\n\t<meta property=\"og:image:width\" content=\"2560\" \/>\n\t<meta property=\"og:image:height\" content=\"2560\" \/>\n\t<meta property=\"og:image:type\" content=\"image\/jpeg\" \/>\n<meta name=\"twitter:card\" content=\"summary_large_image\" \/>\n<meta name=\"twitter:label1\" content=\"pre\u00e7o\" \/>\n\t<meta name=\"twitter:data1\" content=\"149,00&euro;\" \/>\n\t<meta name=\"twitter:label2\" content=\"Disponibilidade\" \/>\n\t<meta name=\"twitter:data2\" content=\"Em stock\" \/>\n<script type=\"application\/ld+json\" class=\"yoast-schema-graph\">{\"@context\":\"https:\\\/\\\/schema.org\",\"@graph\":[{\"@type\":\"WebPage\",\"@id\":\"https:\\\/\\\/www.versiegelung24.com\\\/pt-pt\\\/plastico-metal-vedacao-em-profi-qualidade.html\",\"url\":\"https:\\\/\\\/www.versiegelung24.com\\\/pt-pt\\\/plastico-metal-vedacao-em-profi-qualidade.html\",\"name\":\"Veda\u00e7\u00e3o pl\u00e1stica + met\u00e1lica em qualidade profissional - versiegelung24.com\",\"isPartOf\":{\"@id\":\"https:\\\/\\\/www.versiegelung24.com\\\/pt-pt\\\/#website\"},\"primaryImageOfPage\":{\"@id\":\"https:\\\/\\\/www.versiegelung24.com\\\/pt-pt\\\/plastico-metal-vedacao-em-profi-qualidade.html#primaryimage\"},\"image\":{\"@id\":\"https:\\\/\\\/www.versiegelung24.com\\\/pt-pt\\\/plastico-metal-vedacao-em-profi-qualidade.html#primaryimage\"},\"thumbnailUrl\":\"https:\\\/\\\/www.versiegelung24.com\\\/wp-content\\\/uploads\\\/2020\\\/06\\\/produkt-5000-7656-1000-Kunststoff-Metallversiegelung-scaled.jpg\",\"datePublished\":\"2021-08-02T19:30:15+00:00\",\"dateModified\":\"2025-01-03T22:28:31+00:00\",\"breadcrumb\":{\"@id\":\"https:\\\/\\\/www.versiegelung24.com\\\/pt-pt\\\/plastico-metal-vedacao-em-profi-qualidade.html#breadcrumb\"},\"inLanguage\":\"pt-PT\",\"potentialAction\":[{\"@type\":\"ReadAction\",\"target\":[\"https:\\\/\\\/www.versiegelung24.com\\\/pt-pt\\\/plastico-metal-vedacao-em-profi-qualidade.html\"]}]},{\"@type\":\"ImageObject\",\"inLanguage\":\"pt-PT\",\"@id\":\"https:\\\/\\\/www.versiegelung24.com\\\/pt-pt\\\/plastico-metal-vedacao-em-profi-qualidade.html#primaryimage\",\"url\":\"https:\\\/\\\/www.versiegelung24.com\\\/wp-content\\\/uploads\\\/2020\\\/06\\\/produkt-5000-7656-1000-Kunststoff-Metallversiegelung-scaled.jpg\",\"contentUrl\":\"https:\\\/\\\/www.versiegelung24.com\\\/wp-content\\\/uploads\\\/2020\\\/06\\\/produkt-5000-7656-1000-Kunststoff-Metallversiegelung-scaled.jpg\",\"width\":2560,\"height\":2560},{\"@type\":\"BreadcrumbList\",\"@id\":\"https:\\\/\\\/www.versiegelung24.com\\\/pt-pt\\\/plastico-metal-vedacao-em-profi-qualidade.html#breadcrumb\",\"itemListElement\":[{\"@type\":\"ListItem\",\"position\":1,\"name\":\"P\u00e1gina inicial\",\"item\":\"https:\\\/\\\/www.versiegelung24.com\\\/pt-pt\\\/frente\\\/\"},{\"@type\":\"ListItem\",\"position\":2,\"name\":\"Loja\",\"item\":\"https:\\\/\\\/www.versiegelung24.com\\\/pt-pt\\\/loja\\\/\"},{\"@type\":\"ListItem\",\"position\":3,\"name\":\"Veda\u00e7\u00e3o pl\u00e1stica + met\u00e1lica em qualidade profissional\"}]},{\"@type\":\"WebSite\",\"@id\":\"https:\\\/\\\/www.versiegelung24.com\\\/pt-pt\\\/#website\",\"url\":\"https:\\\/\\\/www.versiegelung24.com\\\/pt-pt\\\/\",\"name\":\"versiegelung24.com\",\"description\":\"Fl\u00fcssigglas-Versiegelung - Made in Germany\",\"publisher\":{\"@id\":\"https:\\\/\\\/www.versiegelung24.com\\\/pt-pt\\\/#organization\"},\"potentialAction\":[{\"@type\":\"SearchAction\",\"target\":{\"@type\":\"EntryPoint\",\"urlTemplate\":\"https:\\\/\\\/www.versiegelung24.com\\\/pt-pt\\\/?s={search_term_string}\"},\"query-input\":{\"@type\":\"PropertyValueSpecification\",\"valueRequired\":true,\"valueName\":\"search_term_string\"}}],\"inLanguage\":\"pt-PT\"},{\"@type\":\"Organization\",\"@id\":\"https:\\\/\\\/www.versiegelung24.com\\\/pt-pt\\\/#organization\",\"name\":\"versiegelung24\",\"url\":\"https:\\\/\\\/www.versiegelung24.com\\\/pt-pt\\\/\",\"logo\":{\"@type\":\"ImageObject\",\"inLanguage\":\"pt-PT\",\"@id\":\"https:\\\/\\\/www.versiegelung24.com\\\/pt-pt\\\/#\\\/schema\\\/logo\\\/image\\\/\",\"url\":\"https:\\\/\\\/www.versiegelung24.com\\\/wp-content\\\/uploads\\\/2020\\\/04\\\/versiegelung24.png\",\"contentUrl\":\"https:\\\/\\\/www.versiegelung24.com\\\/wp-content\\\/uploads\\\/2020\\\/04\\\/versiegelung24.png\",\"width\":470,\"height\":102,\"caption\":\"versiegelung24\"},\"image\":{\"@id\":\"https:\\\/\\\/www.versiegelung24.com\\\/pt-pt\\\/#\\\/schema\\\/logo\\\/image\\\/\"}}]}<\/script>\n<meta property=\"product:price:amount\" content=\"149.00\" \/>\n<meta property=\"product:price:currency\" content=\"EUR\" \/>\n<meta property=\"og:availability\" content=\"instock\" \/>\n<meta property=\"product:availability\" content=\"instock\" \/>\n<meta property=\"product:retailer_item_id\" content=\"5000-7656-1000\" \/>\n<meta property=\"product:condition\" content=\"new\" \/>\n<!-- \/ Yoast SEO Premium plugin. -->","yoast_head_json":{"title":"Veda\u00e7\u00e3o pl\u00e1stica + met\u00e1lica em qualidade profissional - versiegelung24.com","robots":{"index":"index","follow":"follow","max-snippet":"max-snippet:-1","max-image-preview":"max-image-preview:large","max-video-preview":"max-video-preview:-1"},"canonical":"https:\/\/www.versiegelung24.com\/pt-pt\/plastico-metal-vedacao-em-profi-qualidade.html","og_locale":"pt_PT","og_type":"article","og_title":"Veda\u00e7\u00e3o pl\u00e1stica + met\u00e1lica em qualidade profissional","og_description":"Selante protector profissional altamente eficaz para pl\u00e1stico e metal (por exemplo, a\u00e7o inoxid\u00e1vel): Com efeito l\u00f3tus (repel\u00eancia \u00e0 \u00e1gua) Para interiores e exteriores. NOVO","og_url":"https:\/\/www.versiegelung24.com\/pt-pt\/plastico-metal-vedacao-em-profi-qualidade.html","og_site_name":"versiegelung24.com","article_modified_time":"2025-01-03T22:28:31+00:00","og_image":[{"width":2560,"height":2560,"url":"https:\/\/www.versiegelung24.com\/wp-content\/uploads\/2020\/06\/produkt-5000-7656-1000-Kunststoff-Metallversiegelung-scaled.jpg","type":"image\/jpeg"}],"twitter_card":"summary_large_image","twitter_misc":{"pre\u00e7o":"149,00&euro;","Disponibilidade":"Em stock"},"schema":{"@context":"https:\/\/schema.org","@graph":[{"@type":"WebPage","@id":"https:\/\/www.versiegelung24.com\/pt-pt\/plastico-metal-vedacao-em-profi-qualidade.html","url":"https:\/\/www.versiegelung24.com\/pt-pt\/plastico-metal-vedacao-em-profi-qualidade.html","name":"Veda\u00e7\u00e3o pl\u00e1stica + met\u00e1lica em qualidade profissional - versiegelung24.com","isPartOf":{"@id":"https:\/\/www.versiegelung24.com\/pt-pt\/#website"},"primaryImageOfPage":{"@id":"https:\/\/www.versiegelung24.com\/pt-pt\/plastico-metal-vedacao-em-profi-qualidade.html#primaryimage"},"image":{"@id":"https:\/\/www.versiegelung24.com\/pt-pt\/plastico-metal-vedacao-em-profi-qualidade.html#primaryimage"},"thumbnailUrl":"https:\/\/www.versiegelung24.com\/wp-content\/uploads\/2020\/06\/produkt-5000-7656-1000-Kunststoff-Metallversiegelung-scaled.jpg","datePublished":"2021-08-02T19:30:15+00:00","dateModified":"2025-01-03T22:28:31+00:00","breadcrumb":{"@id":"https:\/\/www.versiegelung24.com\/pt-pt\/plastico-metal-vedacao-em-profi-qualidade.html#breadcrumb"},"inLanguage":"pt-PT","potentialAction":[{"@type":"ReadAction","target":["https:\/\/www.versiegelung24.com\/pt-pt\/plastico-metal-vedacao-em-profi-qualidade.html"]}]},{"@type":"ImageObject","inLanguage":"pt-PT","@id":"https:\/\/www.versiegelung24.com\/pt-pt\/plastico-metal-vedacao-em-profi-qualidade.html#primaryimage","url":"https:\/\/www.versiegelung24.com\/wp-content\/uploads\/2020\/06\/produkt-5000-7656-1000-Kunststoff-Metallversiegelung-scaled.jpg","contentUrl":"https:\/\/www.versiegelung24.com\/wp-content\/uploads\/2020\/06\/produkt-5000-7656-1000-Kunststoff-Metallversiegelung-scaled.jpg","width":2560,"height":2560},{"@type":"BreadcrumbList","@id":"https:\/\/www.versiegelung24.com\/pt-pt\/plastico-metal-vedacao-em-profi-qualidade.html#breadcrumb","itemListElement":[{"@type":"ListItem","position":1,"name":"P\u00e1gina inicial","item":"https:\/\/www.versiegelung24.com\/pt-pt\/frente\/"},{"@type":"ListItem","position":2,"name":"Loja","item":"https:\/\/www.versiegelung24.com\/pt-pt\/loja\/"},{"@type":"ListItem","position":3,"name":"Veda\u00e7\u00e3o pl\u00e1stica + met\u00e1lica em qualidade profissional"}]},{"@type":"WebSite","@id":"https:\/\/www.versiegelung24.com\/pt-pt\/#website","url":"https:\/\/www.versiegelung24.com\/pt-pt\/","name":"versiegelung24.com","description":"Fl\u00fcssigglas-Versiegelung - Made in Germany","publisher":{"@id":"https:\/\/www.versiegelung24.com\/pt-pt\/#organization"},"potentialAction":[{"@type":"SearchAction","target":{"@type":"EntryPoint","urlTemplate":"https:\/\/www.versiegelung24.com\/pt-pt\/?s={search_term_string}"},"query-input":{"@type":"PropertyValueSpecification","valueRequired":true,"valueName":"search_term_string"}}],"inLanguage":"pt-PT"},{"@type":"Organization","@id":"https:\/\/www.versiegelung24.com\/pt-pt\/#organization","name":"versiegelung24","url":"https:\/\/www.versiegelung24.com\/pt-pt\/","logo":{"@type":"ImageObject","inLanguage":"pt-PT","@id":"https:\/\/www.versiegelung24.com\/pt-pt\/#\/schema\/logo\/image\/","url":"https:\/\/www.versiegelung24.com\/wp-content\/uploads\/2020\/04\/versiegelung24.png","contentUrl":"https:\/\/www.versiegelung24.com\/wp-content\/uploads\/2020\/04\/versiegelung24.png","width":470,"height":102,"caption":"versiegelung24"},"image":{"@id":"https:\/\/www.versiegelung24.com\/pt-pt\/#\/schema\/logo\/image\/"}}]},"product_price_amount":"149.00","product_price_currency":"EUR","og_availability":"instock","product_availability":"instock","product_retailer_item_id":"5000-7656-1000","product_condition":"new"},"_links":{"self":[{"href":"https:\/\/www.versiegelung24.com\/pt-pt\/wp-json\/wp\/v2\/product\/23276","targetHints":{"allow":["GET"]}}],"collection":[{"href":"https:\/\/www.versiegelung24.com\/pt-pt\/wp-json\/wp\/v2\/product"}],"about":[{"href":"https:\/\/www.versiegelung24.com\/pt-pt\/wp-json\/wp\/v2\/types\/product"}],"version-history":[{"count":19,"href":"https:\/\/www.versiegelung24.com\/pt-pt\/wp-json\/wp\/v2\/product\/23276\/revisions"}],"predecessor-version":[{"id":177392,"href":"https:\/\/www.versiegelung24.com\/pt-pt\/wp-json\/wp\/v2\/product\/23276\/revisions\/177392"}],"wp:featuredmedia":[{"embeddable":true,"href":"https:\/\/www.versiegelung24.com\/pt-pt\/wp-json\/wp\/v2\/media\/18363"}],"wp:attachment":[{"href":"https:\/\/www.versiegelung24.com\/pt-pt\/wp-json\/wp\/v2\/media?parent=23276"}],"wp:term":[{"taxonomy":"product_brand","embeddable":true,"href":"https:\/\/www.versiegelung24.com\/pt-pt\/wp-json\/wp\/v2\/product_brand?post=23276"},{"taxonomy":"product_cat","embeddable":true,"href":"https:\/\/www.versiegelung24.com\/pt-pt\/wp-json\/wp\/v2\/product_cat?post=23276"},{"taxonomy":"product_tag","embeddable":true,"href":"https:\/\/www.versiegelung24.com\/pt-pt\/wp-json\/wp\/v2\/product_tag?post=23276"}],"curies":[{"name":"wp","href":"https:\/\/api.w.org\/{rel}","templated":true}]}}